{"id":22833,"date":"2020-04-04T18:53:11","date_gmt":"2021-08-02T19:03:53","guid":{"rendered":"https:\/\/www.versiegelung24.com\/produkt\/brtvljenje-tekstila-u-profesionalnoj-kvaliteti"},"modified":"2025-01-03T23:27:17","modified_gmt":"2025-01-03T22:27:17","slug":"brtvljenje-tekstila-u-profesionalnoj-kvaliteti","status":"publish","type":"product","link":"https:\/\/www.versiegelung24.com\/hr\/brtvljenje-tekstila-u-profesionalnoj-kvaliteti.html","title":{"rendered":"Rapid Tex &#8211; tekstilno brtvljenje u profesionalnoj kvaliteti"},"content":{"rendered":"\n<p><strong>Profesionalna tekstilna brtva s efektom lotosa (vodoodbojnost) za unutarnju i vanjsku upotrebu<\/strong><\/p>\n\n<p>Visoka kvaliteta Made in Germany.<\/p>\n\n<hr\/>\n\n<h4 class=\"wp-block-heading\" id=\"properties\">Zna\u010dajke proizvoda<\/h4>\n\n<div class=\"wp-block-columns is-layout-flex wp-container-core-columns-is-layout-9d6595d7 wp-block-columns-is-layout-flex\">\n<div class=\"wp-block-column is-layout-flow wp-block-column-is-layout-flow\">\n<ul class=\"wp-block-list\">\n<li>Sna\u017ean hidrofobni i oleofobni u\u010dinak (odbojnost vode i ulja)<\/li>\n\n\n\n<li>Izvrstan u\u010dinak koji se lako \u010disti<\/li>\n\n\n\n<li>Ne\u010disto\u0107e se lako mogu ukloniti vla\u017enom krpom<\/li>\n\n\n\n<li>Prozra\u010dna<\/li>\n\n\n\n<li>Nevidljiv (bez promjene izgleda i osje\u0107aja)<\/li>\n\n\n\n<li>Jaka svojstva neljepljiva<\/li>\n\n\n\n<li>Za\u0161tita od mrlja<\/li>\n\n\n\n<li>Smanjuje uporabu kemijskih sredstava za \u010di\u0161\u0107enje<\/li>\n<\/ul>\n<\/div>\n\n\n\n<div class=\"wp-block-column is-layout-flow wp-block-column-is-layout-flow\">\n<ul id=\"block-f0be9b0c-a029-4c3c-a6e1-740fba50b471\" class=\"wp-block-list\">\n<li>Pove\u0107ava otpornost na habanje<\/li>\n\n\n\n<li>Nema naru\u0161avanja izgleda<\/li>\n\n\n\n<li>SiO\u00b2 nano tehnologija<\/li>\n\n\n\n<li>Za\u0161tita vlakana od prodora \u010destica prljav\u0161tine<\/li>\n\n\n\n<li>Jednostavna primjena<\/li>\n\n\n\n<li>Dug rok trajanja ovisno o mehani\u010dkom naprezanju<\/li>\n<\/ul>\n\n\n\n<p>Opseg isporuke:<br\/> 1 x boca od litre<br\/> 1 x glava za prskanje s pumpicom<br\/><\/p>\n<\/div>\n<\/div>\n\n<hr\/>\n\n<h4 class=\"wp-block-heading\" id=\"application\">Primjena<\/h4>\n\n<div class=\"wp-block-columns is-layout-flex wp-container-core-columns-is-layout-9d6595d7 wp-block-columns-is-layout-flex\">\n<div class=\"wp-block-column is-layout-flow wp-block-column-is-layout-flow\">\n<ul class=\"wp-block-list\">\n<li>odje\u0107a<\/li>\n\n\n\n<li>Ku\u0107ni tekstil (presvlake, namje\u0161taj, tepisi)<\/li>\n\n\n\n<li>Antilop \/ ko\u017ea<\/li>\n\n\n\n<li>Papirna kutija<\/li>\n<\/ul>\n\n\n\n<p>Potro\u0161nja uvelike ovisi o strukturi, upijanju i debljini materijala koji se premazuje, pribli\u017eno 10-50 m\u00b2 \/ litri (pribli\u017eno 10 ml \/ m\u00b2 po mm debljine, ovisno o upijaju\u0107oj sposobnosti).<\/p>\n<\/div>\n\n\n\n<div class=\"wp-block-column is-layout-flow wp-block-column-is-layout-flow\">\n<p><em>Pa\u017enja: Brtva je razvijena za tekstil koji se nikad ili rijetko pere. Trajnost brtve na odje\u0107i koja se redovito pere je do 5 pranja, pri max. 30 \u00b0 C i pranje samo vodom, bez deterd\u017eenta.<\/em><\/p>\n\n\n\n<p>Lako se nanosi:<br\/> 1. Poprskajte na \u010distu povr\u0161inu.<br\/> 3. Osu\u0161ite i ostavite da djeluje 12 sati \u2013 gotovo<\/p>\n\n\n\n<p>Trajnost: do 1-5 godina (ovisno o tekstilu)<\/p>\n<\/div>\n<\/div>\n\n<p><strong>Pogodno za:<\/strong><br\/> Tapecirani namje\u0161taj, madraci, presvlake od tkanine, autosjedalice, \u0161atori, odje\u0107a za slobodno vrijeme i rad, odijela, ko\u0161ulje\/bluze, kravate, tende, ku\u0107ni tekstil, jakne, antilop (samo ako nije prethodno presvu\u010den), avanturisti\u010dka odje\u0107a, aktovke, anoraci, odijela, auto topovi, pamuk, zavjese, tkanine rukavice, tekstilne rolete, dje\u010dje sjedalice, kolica, jastuci, kostimi od tkanine, letvice od tkanine, nappa ko\u017ea, kaput, kapa, pli\u0161ane igra\u010dke, ruksak, jakna, svila, suncobran, tkanina &#8211; Igra\u010dke, stolnjaci itd.<\/p>\n","protected":false},"excerpt":{"rendered":"<p><strong>Profesionalno brtvljenje tekstila:<\/strong><\/p>\n<p>\u2713 S efektom lotosa (vodoodbojnost)<\/p>\n<p>\u2713 Za unutarnju i vanjsku upotrebu<\/p>\n","protected":false},"featured_media":125343,"template":"","meta":{"_acf_changed":false,"neve_meta_sidebar":"","neve_meta_container":"","neve_meta_enable_content_width":"","neve_meta_content_width":0,"neve_meta_title_alignment":"","neve_meta_author_avatar":"","neve_post_elements_order":"","neve_meta_disable_header":"","neve_meta_disable_footer":"","neve_meta_disable_title":"","neve_meta_reading_time":"","_surfaces":[],"_ver_product_tabs":[],"footnotes":""},"product_brand":[],"product_cat":[2270],"product_tag":[],"class_list":{"0":"post-22833","1":"product","2":"type-product","3":"status-publish","4":"has-post-thumbnail","6":"product_cat-zaptivanje-koze-i-tekstila","8":"first","9":"instock","10":"taxable","11":"shipping-taxable","12":"purchasable","13":"product-type-simple"},"acf":[],"yoast_head":"<!-- This site is optimized with the Yoast SEO Premium plugin v22.8 (Yoast SEO v27.5) - https:\/\/yoast.com\/product\/yoast-seo-premium-wordpress\/ -->\n<title>Rapid Tex - tekstilno brtvljenje u profesionalnoj kvaliteti - versiegelung24.com<\/title>\n<meta name=\"robots\" content=\"index, follow, max-snippet:-1, max-image-preview:large, max-video-preview:-1\" \/>\n<link rel=\"canonical\" href=\"https:\/\/www.versiegelung24.com\/hr\/brtvljenje-tekstila-u-profesionalnoj-kvaliteti.html\" \/>\n<meta property=\"og:locale\" content=\"hr_HR\" \/>\n<meta property=\"og:type\" content=\"article\" \/>\n<meta property=\"og:title\" content=\"Rapid Tex - tekstilno brtvljenje u profesionalnoj kvaliteti\" \/>\n<meta property=\"og:description\" content=\"Profesionalno brtvljenje tekstila: \u2713 S efektom lotosa (vodoodbojnost) \u2713 Za unutarnju i vanjsku upotrebu\" \/>\n<meta property=\"og:url\" content=\"https:\/\/www.versiegelung24.com\/hr\/brtvljenje-tekstila-u-profesionalnoj-kvaliteti.html\" \/>\n<meta property=\"og:site_name\" content=\"versiegelung24.com\" \/>\n<meta property=\"article:modified_time\" content=\"2025-01-03T22:27:17+00:00\" \/>\n<meta property=\"og:image\" content=\"https:\/\/www.versiegelung24.com\/wp-content\/uploads\/2020\/04\/produkt-6000-689-1000-rapid-tex-Textilversiegelung-scaled.webp\" \/>\n\t<meta property=\"og:image:width\" content=\"2560\" \/>\n\t<meta property=\"og:image:height\" content=\"2560\" \/>\n\t<meta property=\"og:image:type\" content=\"image\/webp\" \/>\n<meta name=\"twitter:card\" content=\"summary_large_image\" \/>\n<meta name=\"twitter:label1\" content=\"Price\" \/>\n\t<meta name=\"twitter:data1\" content=\"49,00&euro;\" \/>\n\t<meta name=\"twitter:label2\" content=\"Availability\" \/>\n\t<meta name=\"twitter:data2\" content=\"In stock\" \/>\n<script type=\"application\/ld+json\" class=\"yoast-schema-graph\">{\"@context\":\"https:\\\/\\\/schema.org\",\"@graph\":[{\"@type\":\"WebPage\",\"@id\":\"https:\\\/\\\/www.versiegelung24.com\\\/hr\\\/brtvljenje-tekstila-u-profesionalnoj-kvaliteti.html\",\"url\":\"https:\\\/\\\/www.versiegelung24.com\\\/hr\\\/brtvljenje-tekstila-u-profesionalnoj-kvaliteti.html\",\"name\":\"Rapid Tex - tekstilno brtvljenje u profesionalnoj kvaliteti - versiegelung24.com\",\"isPartOf\":{\"@id\":\"https:\\\/\\\/www.versiegelung24.com\\\/hr\\\/#website\"},\"primaryImageOfPage\":{\"@id\":\"https:\\\/\\\/www.versiegelung24.com\\\/hr\\\/brtvljenje-tekstila-u-profesionalnoj-kvaliteti.html#primaryimage\"},\"image\":{\"@id\":\"https:\\\/\\\/www.versiegelung24.com\\\/hr\\\/brtvljenje-tekstila-u-profesionalnoj-kvaliteti.html#primaryimage\"},\"thumbnailUrl\":\"https:\\\/\\\/www.versiegelung24.com\\\/wp-content\\\/uploads\\\/2020\\\/04\\\/produkt-6000-689-1000-rapid-tex-Textilversiegelung-scaled.webp\",\"datePublished\":\"2021-08-02T19:03:53+00:00\",\"dateModified\":\"2025-01-03T22:27:17+00:00\",\"breadcrumb\":{\"@id\":\"https:\\\/\\\/www.versiegelung24.com\\\/hr\\\/brtvljenje-tekstila-u-profesionalnoj-kvaliteti.html#breadcrumb\"},\"inLanguage\":\"hr\",\"potentialAction\":[{\"@type\":\"ReadAction\",\"target\":[\"https:\\\/\\\/www.versiegelung24.com\\\/hr\\\/brtvljenje-tekstila-u-profesionalnoj-kvaliteti.html\"]}]},{\"@type\":\"ImageObject\",\"inLanguage\":\"hr\",\"@id\":\"https:\\\/\\\/www.versiegelung24.com\\\/hr\\\/brtvljenje-tekstila-u-profesionalnoj-kvaliteti.html#primaryimage\",\"url\":\"https:\\\/\\\/www.versiegelung24.com\\\/wp-content\\\/uploads\\\/2020\\\/04\\\/produkt-6000-689-1000-rapid-tex-Textilversiegelung-scaled.webp\",\"contentUrl\":\"https:\\\/\\\/www.versiegelung24.com\\\/wp-content\\\/uploads\\\/2020\\\/04\\\/produkt-6000-689-1000-rapid-tex-Textilversiegelung-scaled.webp\",\"width\":2560,\"height\":2560},{\"@type\":\"BreadcrumbList\",\"@id\":\"https:\\\/\\\/www.versiegelung24.com\\\/hr\\\/brtvljenje-tekstila-u-profesionalnoj-kvaliteti.html#breadcrumb\",\"itemListElement\":[{\"@type\":\"ListItem\",\"position\":1,\"name\":\"Po\u010detna stranica\",\"item\":\"https:\\\/\\\/www.versiegelung24.com\\\/hr\\\/ispred\\\/\"},{\"@type\":\"ListItem\",\"position\":2,\"name\":\"Du\u0107an\",\"item\":\"https:\\\/\\\/www.versiegelung24.com\\\/hr\\\/ducan\\\/\"},{\"@type\":\"ListItem\",\"position\":3,\"name\":\"Rapid Tex &#8211; tekstilno brtvljenje u profesionalnoj kvaliteti\"}]},{\"@type\":\"WebSite\",\"@id\":\"https:\\\/\\\/www.versiegelung24.com\\\/hr\\\/#website\",\"url\":\"https:\\\/\\\/www.versiegelung24.com\\\/hr\\\/\",\"name\":\"versiegelung24.com\",\"description\":\"Fl\u00fcssigglas-Versiegelung - Made in Germany\",\"publisher\":{\"@id\":\"https:\\\/\\\/www.versiegelung24.com\\\/hr\\\/#organization\"},\"potentialAction\":[{\"@type\":\"SearchAction\",\"target\":{\"@type\":\"EntryPoint\",\"urlTemplate\":\"https:\\\/\\\/www.versiegelung24.com\\\/hr\\\/?s={search_term_string}\"},\"query-input\":{\"@type\":\"PropertyValueSpecification\",\"valueRequired\":true,\"valueName\":\"search_term_string\"}}],\"inLanguage\":\"hr\"},{\"@type\":\"Organization\",\"@id\":\"https:\\\/\\\/www.versiegelung24.com\\\/hr\\\/#organization\",\"name\":\"versiegelung24\",\"url\":\"https:\\\/\\\/www.versiegelung24.com\\\/hr\\\/\",\"logo\":{\"@type\":\"ImageObject\",\"inLanguage\":\"hr\",\"@id\":\"https:\\\/\\\/www.versiegelung24.com\\\/hr\\\/#\\\/schema\\\/logo\\\/image\\\/\",\"url\":\"https:\\\/\\\/www.versiegelung24.com\\\/wp-content\\\/uploads\\\/2020\\\/04\\\/versiegelung24.png\",\"contentUrl\":\"https:\\\/\\\/www.versiegelung24.com\\\/wp-content\\\/uploads\\\/2020\\\/04\\\/versiegelung24.png\",\"width\":470,\"height\":102,\"caption\":\"versiegelung24\"},\"image\":{\"@id\":\"https:\\\/\\\/www.versiegelung24.com\\\/hr\\\/#\\\/schema\\\/logo\\\/image\\\/\"}}]}<\/script>\n<meta property=\"product:price:amount\" content=\"49.00\" \/>\n<meta property=\"product:price:currency\" content=\"EUR\" \/>\n<meta property=\"og:availability\" content=\"instock\" \/>\n<meta property=\"product:availability\" content=\"instock\" \/>\n<meta property=\"product:retailer_item_id\" content=\"6000-689-1000\" \/>\n<meta property=\"product:condition\" content=\"new\" \/>\n<!-- \/ Yoast SEO Premium plugin. -->","yoast_head_json":{"title":"Rapid Tex - tekstilno brtvljenje u profesionalnoj kvaliteti - versiegelung24.com","robots":{"index":"index","follow":"follow","max-snippet":"max-snippet:-1","max-image-preview":"max-image-preview:large","max-video-preview":"max-video-preview:-1"},"canonical":"https:\/\/www.versiegelung24.com\/hr\/brtvljenje-tekstila-u-profesionalnoj-kvaliteti.html","og_locale":"hr_HR","og_type":"article","og_title":"Rapid Tex - tekstilno brtvljenje u profesionalnoj kvaliteti","og_description":"Profesionalno brtvljenje tekstila: \u2713 S efektom lotosa (vodoodbojnost) \u2713 Za unutarnju i vanjsku upotrebu","og_url":"https:\/\/www.versiegelung24.com\/hr\/brtvljenje-tekstila-u-profesionalnoj-kvaliteti.html","og_site_name":"versiegelung24.com","article_modified_time":"2025-01-03T22:27:17+00:00","og_image":[{"width":2560,"height":2560,"url":"https:\/\/www.versiegelung24.com\/wp-content\/uploads\/2020\/04\/produkt-6000-689-1000-rapid-tex-Textilversiegelung-scaled.webp","type":"image\/webp"}],"twitter_card":"summary_large_image","twitter_misc":{"Price":"49,00&euro;","Availability":"In stock"},"schema":{"@context":"https:\/\/schema.org","@graph":[{"@type":"WebPage","@id":"https:\/\/www.versiegelung24.com\/hr\/brtvljenje-tekstila-u-profesionalnoj-kvaliteti.html","url":"https:\/\/www.versiegelung24.com\/hr\/brtvljenje-tekstila-u-profesionalnoj-kvaliteti.html","name":"Rapid Tex - tekstilno brtvljenje u profesionalnoj kvaliteti - versiegelung24.com","isPartOf":{"@id":"https:\/\/www.versiegelung24.com\/hr\/#website"},"primaryImageOfPage":{"@id":"https:\/\/www.versiegelung24.com\/hr\/brtvljenje-tekstila-u-profesionalnoj-kvaliteti.html#primaryimage"},"image":{"@id":"https:\/\/www.versiegelung24.com\/hr\/brtvljenje-tekstila-u-profesionalnoj-kvaliteti.html#primaryimage"},"thumbnailUrl":"https:\/\/www.versiegelung24.com\/wp-content\/uploads\/2020\/04\/produkt-6000-689-1000-rapid-tex-Textilversiegelung-scaled.webp","datePublished":"2021-08-02T19:03:53+00:00","dateModified":"2025-01-03T22:27:17+00:00","breadcrumb":{"@id":"https:\/\/www.versiegelung24.com\/hr\/brtvljenje-tekstila-u-profesionalnoj-kvaliteti.html#breadcrumb"},"inLanguage":"hr","potentialAction":[{"@type":"ReadAction","target":["https:\/\/www.versiegelung24.com\/hr\/brtvljenje-tekstila-u-profesionalnoj-kvaliteti.html"]}]},{"@type":"ImageObject","inLanguage":"hr","@id":"https:\/\/www.versiegelung24.com\/hr\/brtvljenje-tekstila-u-profesionalnoj-kvaliteti.html#primaryimage","url":"https:\/\/www.versiegelung24.com\/wp-content\/uploads\/2020\/04\/produkt-6000-689-1000-rapid-tex-Textilversiegelung-scaled.webp","contentUrl":"https:\/\/www.versiegelung24.com\/wp-content\/uploads\/2020\/04\/produkt-6000-689-1000-rapid-tex-Textilversiegelung-scaled.webp","width":2560,"height":2560},{"@type":"BreadcrumbList","@id":"https:\/\/www.versiegelung24.com\/hr\/brtvljenje-tekstila-u-profesionalnoj-kvaliteti.html#breadcrumb","itemListElement":[{"@type":"ListItem","position":1,"name":"Po\u010detna stranica","item":"https:\/\/www.versiegelung24.com\/hr\/ispred\/"},{"@type":"ListItem","position":2,"name":"Du\u0107an","item":"https:\/\/www.versiegelung24.com\/hr\/ducan\/"},{"@type":"ListItem","position":3,"name":"Rapid Tex &#8211; tekstilno brtvljenje u profesionalnoj kvaliteti"}]},{"@type":"WebSite","@id":"https:\/\/www.versiegelung24.com\/hr\/#website","url":"https:\/\/www.versiegelung24.com\/hr\/","name":"versiegelung24.com","description":"Fl\u00fcssigglas-Versiegelung - Made in Germany","publisher":{"@id":"https:\/\/www.versiegelung24.com\/hr\/#organization"},"potentialAction":[{"@type":"SearchAction","target":{"@type":"EntryPoint","urlTemplate":"https:\/\/www.versiegelung24.com\/hr\/?s={search_term_string}"},"query-input":{"@type":"PropertyValueSpecification","valueRequired":true,"valueName":"search_term_string"}}],"inLanguage":"hr"},{"@type":"Organization","@id":"https:\/\/www.versiegelung24.com\/hr\/#organization","name":"versiegelung24","url":"https:\/\/www.versiegelung24.com\/hr\/","logo":{"@type":"ImageObject","inLanguage":"hr","@id":"https:\/\/www.versiegelung24.com\/hr\/#\/schema\/logo\/image\/","url":"https:\/\/www.versiegelung24.com\/wp-content\/uploads\/2020\/04\/versiegelung24.png","contentUrl":"https:\/\/www.versiegelung24.com\/wp-content\/uploads\/2020\/04\/versiegelung24.png","width":470,"height":102,"caption":"versiegelung24"},"image":{"@id":"https:\/\/www.versiegelung24.com\/hr\/#\/schema\/logo\/image\/"}}]},"product_price_amount":"49.00","product_price_currency":"EUR","og_availability":"instock","product_availability":"instock","product_retailer_item_id":"6000-689-1000","product_condition":"new"},"_links":{"self":[{"href":"https:\/\/www.versiegelung24.com\/hr\/wp-json\/wp\/v2\/product\/22833","targetHints":{"allow":["GET"]}}],"collection":[{"href":"https:\/\/www.versiegelung24.com\/hr\/wp-json\/wp\/v2\/product"}],"about":[{"href":"https:\/\/www.versiegelung24.com\/hr\/wp-json\/wp\/v2\/types\/product"}],"version-history":[{"count":13,"href":"https:\/\/www.versiegelung24.com\/hr\/wp-json\/wp\/v2\/product\/22833\/revisions"}],"predecessor-version":[{"id":174346,"href":"https:\/\/www.versiegelung24.com\/hr\/wp-json\/wp\/v2\/product\/22833\/revisions\/174346"}],"wp:featuredmedia":[{"embeddable":true,"href":"https:\/\/www.versiegelung24.com\/hr\/wp-json\/wp\/v2\/media\/125343"}],"wp:attachment":[{"href":"https:\/\/www.versiegelung24.com\/hr\/wp-json\/wp\/v2\/media?parent=22833"}],"wp:term":[{"taxonomy":"product_brand","embeddable":true,"href":"https:\/\/www.versiegelung24.com\/hr\/wp-json\/wp\/v2\/product_brand?post=22833"},{"taxonomy":"product_cat","embeddable":true,"href":"https:\/\/www.versiegelung24.com\/hr\/wp-json\/wp\/v2\/product_cat?post=22833"},{"taxonomy":"product_tag","embeddable":true,"href":"https:\/\/www.versiegelung24.com\/hr\/wp-json\/wp\/v2\/product_tag?post=22833"}],"curies":[{"name":"wp","href":"https:\/\/api.w.org\/{rel}","templated":true}]}}