{"id":22846,"date":"2020-04-04T18:53:16","date_gmt":"2021-08-02T19:04:35","guid":{"rendered":"https:\/\/www.versiegelung24.com\/produkt\/1-litra-koncentrata-bacoban-za-100-litara-dugotrajne-dezinfekcije-povrsina"},"modified":"2025-01-13T16:35:57","modified_gmt":"2025-01-13T15:35:57","slug":"bacoban-koncentrat-za-dugotrajnu-povrsinsku-dezinfekciju","status":"publish","type":"product","link":"https:\/\/www.versiegelung24.com\/hr\/bacoban-koncentrat-za-dugotrajnu-povrsinsku-dezinfekciju.html","title":{"rendered":"1 litra koncentrata BACOBAN\u00ae za 100 litara dugotrajne dezinfekcije povr\u0161ina"},"content":{"rendered":"\n<h2 class=\"wp-block-heading\" id=\"1-liter-flasche-bacoban-langzeit-flachendesinfektion-konzentrat\">Boca od 1 litre BACOBAN\u00ae koncentrata za dugotrajnu dezinfekciju povr\u0161ine<\/h2>\n\n<p><strong>Dovoljno za 100 litara dezinficijensa (razrije\u0111en 1: 100 s vodom)<\/strong><\/p>\n\n<p><strong>Pa\u017eljivo koristite dezinficijense. Prije uporabe uvijek pro\u010ditajte naljepnicu i podatke o proizvodu.<\/strong><\/p>\n\n<hr \/>\n\n<h4 class=\"wp-block-heading\" id=\"properties\">Zna\u010dajke proizvoda<\/h4>\n\n<ul class=\"wp-block-list\"><li>trajni antimikrobni u\u010dinak (efekt remanence)<br \/> do 10 dana<\/li><li>VAH na popisu<\/li><li>u\u010dinkovit protiv koronavirusa<\/li><li>vrlo dobra podno\u0161ljivost ko\u017ee<\/li><li>visok u\u010dinak \u010di\u0161\u0107enja<\/li><li>Prakti\u010dna primjena testirana u testu na 4 polja<\/li><\/ul>\n\n<p><strong>Bacoban<\/strong><sup> \u00ae<\/sup><strong> WB<\/strong> je koncentrat na vodenoj bazi za kombiniranu dezinfekciju i \u010di\u0161\u0107enje inventara i podova s trajnim, antimikrobnim u\u010dinkom (u\u010dinak zaostajanja).<\/p>\n\n<hr \/>\n\n<h4 class=\"wp-block-heading\" id=\"application\">Primjena<\/h4>\n\n<h3 class=\"wp-block-heading\" id=\"gebrauch\">koristiti<\/h3>\n\n<p>Van<strong> Bacoban<\/strong><sup> \u00ae<\/sup><strong> WB<\/strong> Pripremite otopinu spremnu za uporabu prema tablici mije\u0161anja i dovoljno navla\u017eite povr\u0161ine. Nemojte ispirati ili su\u0161iti. Vrijeme mirovanja svje\u017ee pripremljene radne otopine: 8 sati<\/p>\n\n<figure class=\"wp-block-table\"><table><tbody><tr><td>Tablica za mije\u0161anje<\/td><\/tr><tr><td>Zavr\u0161ni volumen<\/td><td>0,5 %<\/td><td>1 %<\/td><td>2 %<\/td><td>3 %<\/td><\/tr><tr><td>1 litra<\/td><td>5 ml<\/td><td>10 ml<\/td><td>20 ml<\/td><td>30 ml<\/td><\/tr><tr><td>2 litre<\/td><td>10 ml<\/td><td>20 ml<\/td><td>40 ml<\/td><td>60 ml<\/td><\/tr><tr><td>4 litre<\/td><td>20 ml<\/td><td>40 ml<\/td><td>80 ml<\/td><td>120 ml<\/td><\/tr><tr><td>8 litara<\/td><td>40 ml<\/td><td>80 ml<\/td><td>160 ml<\/td><td>240 ml<\/td><\/tr><tr><td>10 litara<\/td><td>50 ml<\/td><td>100 ml<\/td><td>200 ml<\/td><td>300 ml<\/td><\/tr><\/tbody><\/table><\/figure>\n\n<p>Odr\u017eivi antimikrobni u\u010dinak <strong>(remanentni u\u010dinak)<\/strong> do <strong>10 dana<\/strong> (testirano na temelju ASTM E 2180).<br \/> Dermatolo\u0161ki ispitano (*na 1%): vrlo dobra kompatibilnost s ko\u017eom.<\/p>\n\n<h3 class=\"wp-block-heading\" id=\"lagerung\">skladi\u0161tenje<\/h3>\n\n<p><strong>Bacoban<\/strong><sup> \u00ae<\/sup><strong> WB<\/strong> \u010duvati na +5 do + 25 \u00b0 C. Za\u0161tititi od mraza i izravne sun\u010deve svjetlosti.<\/p>\n\n<hr \/>\n\n<h4 class=\"wp-block-heading\" id=\"advisor\">savjetnik<\/h4>\n\n<h3 class=\"wp-block-heading\" id=\"gutachten\">Procjena<\/h3>\n\n<p>Na\u0161i su proizvodi opse\u017eno testirani. Rado \u0107emo vam na zahtjev dostaviti na\u0161a mikrobiolo\u0161ka i dermatolo\u0161ka izvje\u0161\u0107a.<\/p>\n\n<h3 class=\"wp-block-heading\" id=\"sicherheitshinweis\">Obavijest o sigurnosti<\/h3>\n\n<p>Sigurnosno -tehni\u010dki list dostupan na zahtjev.<\/p>\n\n<p><strong>Va\u017eno<\/strong> ! Antimikrobni preostali u\u010dinak<strong> Bacoban<\/strong><sup> \u00ae<\/sup><strong> WB<\/strong> ne smije dovesti do propu\u0161tanja potrebnih mjera dezinfekcije u slu\u010daju vidljive i \/ ili upitne kontaminacije!<\/p>\n\n<p>Trgova\u010dko udru\u017eenje zahtijeva no\u0161enje rukavica pri rukovanju dezinficijensima. \u0160tetno ako se proguta. Uzrokuje ozbiljnu iritaciju ko\u017ee i ozbiljno o\u0161te\u0107enje o\u010diju. Vrlo otrovno za vodene organizme. Otrovno za vodene organizme s dugotrajnim u\u010dincima. Nemojte jesti, piti ili pu\u0161iti tijekom uporabe. AKO SE PROGUTA: Isprati usta. NEMOJTE izazivati \u200b\u200bpovra\u0107anje. U SLU\u010cAJU DODIRA S KO\u017dOM (ili kosom): Odmah skinuti svu kontaminiranu odje\u0107u. Isprati ko\u017eu vodom\/tu\u0161irati se. AKO DOSPE U O\u010cI: Oprezno ispirati vodom nekoliko minuta. Uklonite kontaktne le\u0107e, ako je mogu\u0107e. Nastavite s ispiranjem. Odmah nazovite CENTAR ZA KONTROLU OTROVANJA ili lije\u010dnika. Ako je potreban lije\u010dni\u010dki savjet, pripremite spremnik ili naljepnicu. \u010cuvati izvan dohvata djece.<br \/> Koristiti samo s vodom i prema tablici mije\u0161anja. Ne koristiti s drugim sredstvima za \u010di\u0161\u0107enje ili dezinfekciju.<\/p>\n\n<p>Mo\u017ee se koristiti na svim povr\u0161inama. Za sumnjivo osjetljive povr\u0161ine preporu\u010dujemo testiranje otpornosti na neupadljivom podru\u010dju. \u010cuvati samo u zatvorenoj posudi. \u010cuvati na hladnom i suhom mjestu.<\/p>\n\n<p>Spremnik se mo\u017ee reciklirati tek kada je potpuno ispra\u017enjen. Ne koristiti nakon isteka roka valjanosti. Odlo\u017eite na odgovaraju\u0107i na\u010din u skladu s lokalnim i slu\u017ebenim propisima.<\/p>\n\n<p>Biocid Reg.No: N-28795 (D). 263\/17\/L (Lu)<\/p>\n\n<p>Otopina <strong>spremna<\/strong> za uporabu prema tablici mije\u0161anja ne zahtijeva simbol opasnosti.<\/p>\n\n<h3 class=\"wp-block-heading\" id=\"zusammensetzung\">sastav<\/h3>\n\n<p>100 g otopine sadr\u017ei: benzalkonijev klorid 26 g, natrijev pirition 2,5 g, polikondenzate, mirise, pro\u010di\u0161\u0107enu vodu. Sastojci prema Uredbi (EZ) br. 648\/2004: 15% i vi\u0161e, ali manje od 30% kationskih tenzida, dezinficijensa, mirisa (linalool, limonen, citral, geraniol, citronelol).<br \/>Bez formaldehida, bez fenola.<\/p>\n\n<figure class=\"wp-block-table\"><table><tbody><tr><td>djelotvornost<\/td><\/tr><tr><td>Testiranje prema smjernicama DVV \/ RKI<\/td><td>razrje\u0111ivanje<\/td><td>Trajanje izlaganja<\/td><\/tr><tr><td>Ograni\u010deni virucidni (virusi s ovojnicom uklju\u010duju\u0107i <strong>koronavirus<\/strong> ,<br \/> HIV, HBV, HCV, gripa, herpes, virus ebole&#8230;)<\/td><td>1,00 %<\/td><td>5 minuta<\/td><\/tr><tr><td>Adenovirus<\/td><td>2,00 %<\/td><td>240 min<\/td><\/tr><tr><td>Humani papiloma virus (HPV)<\/td><td>1,00 %<\/td><td>60 min<\/td><\/tr><tr><td>Norovirus<\/td><td>1,00 %<\/td><td>30 min<\/td><\/tr><tr><td>Testiranje prema smjernicama DGHM (s mehanikom, veliko optere\u0107enje)<\/td><\/tr><tr><td>baktericidno i kvasno<\/td><td>1,00 %<\/td><td>5 minuta<\/td><\/tr><tr><td>EN standardima<\/td><\/tr><tr><td>EN 1040 (baktericidno)<\/td><td>0,25 %<\/td><td>5 minuta<\/td><\/tr><tr><td>EN 1275 (kvasni)<\/td><td>0,25 %<\/td><td>5 minuta<\/td><\/tr><tr><td>EN 1276 (baktericidno)<\/td><td>0,75 %<\/td><td>5 minuta<\/td><\/tr><tr><td>\u00a0<\/td><td>0,50 %<\/td><td>15 minuta<\/td><\/tr><tr><td>EN 13727 (baktericidno)<\/td><td>1,00 %<\/td><td>5 minuta<\/td><\/tr><tr><td>EN 13624 (kvasac, fungicid)<\/td><td>1,00 %<\/td><td>5 minuta<\/td><\/tr><tr><td>EN 1650 (kvasni)<\/td><td>0,50 %<\/td><td>5 minuta<\/td><\/tr><tr><td>\u00a0<\/td><td>0,25 %<\/td><td>15 minuta<\/td><\/tr><tr><td>EN 13697 (baktericidno)<\/td><td>0,50 %<\/td><td>15 minuta<\/td><\/tr><tr><td>EN 14561 (baktericidno)<\/td><td>0,50 %<\/td><td>15 minuta<\/td><\/tr><tr><td>\u00a0<\/td><td>0,50 %<\/td><td>60 min<\/td><\/tr><tr><td>EN 14562 (kvasni)<\/td><td>0,50 %<\/td><td>60 min<\/td><\/tr><tr><td>EN 16615 (baktericidno, kvasno) (ispitivanje u 4 polja)<\/td><td>1,00 %<\/td><td>5 minuta<\/td><\/tr><\/tbody><\/table><\/figure>\n\n<p><strong>Pa\u017eljivo koristite dezinficijense. Prije uporabe uvijek pro\u010ditajte naljepnicu i podatke o proizvodu.<\/strong><\/p>\n","protected":false},"excerpt":{"rendered":"<p style=\"color: #545454;font-family: Verdana, sans-serif;font-size: 11px;line-height: 15.666666984558105px\"><strong>Dezinfekcija i \u010di\u0161\u0107enje povr\u0161ina bez alkohola<\/strong><\/p>\n","protected":false},"featured_media":21947,"template":"","meta":{"_acf_changed":false,"neve_meta_sidebar":"","neve_meta_container":"","neve_meta_enable_content_width":"","neve_meta_content_width":0,"neve_meta_title_alignment":"","neve_meta_author_avatar":"","neve_post_elements_order":"","neve_meta_disable_header":"","neve_meta_disable_footer":"","neve_meta_disable_title":"","neve_meta_reading_time":"","_surfaces":[],"_ver_product_tabs":[],"footnotes":""},"product_brand":[],"product_cat":[2285,2286,2284],"product_tag":[],"class_list":{"0":"post-22846","1":"product","2":"type-product","3":"status-publish","4":"has-post-thumbnail","6":"product_cat-sredstva-za-dezinfekciju-povrsine","7":"product_cat-koncentri-dezinficijensa","8":"product_cat-dezinficijensi","10":"first","11":"instock","12":"taxable","13":"shipping-taxable","14":"purchasable","15":"product-type-simple"},"acf":[],"yoast_head":"<!-- This site is optimized with the Yoast SEO Premium plugin v22.8 (Yoast SEO v27.5) - https:\/\/yoast.com\/product\/yoast-seo-premium-wordpress\/ -->\n<title>1 litra koncentrata BACOBAN\u00ae za 100 litara dugotrajne dezinfekcije povr\u0161ina - versiegelung24.com<\/title>\n<meta name=\"robots\" content=\"index, follow, max-snippet:-1, max-image-preview:large, max-video-preview:-1\" \/>\n<link rel=\"canonical\" href=\"https:\/\/www.versiegelung24.com\/hr\/bacoban-koncentrat-za-dugotrajnu-povrsinsku-dezinfekciju.html\" \/>\n<meta property=\"og:locale\" content=\"hr_HR\" \/>\n<meta property=\"og:type\" content=\"article\" \/>\n<meta property=\"og:title\" content=\"1 litra koncentrata BACOBAN\u00ae za 100 litara dugotrajne dezinfekcije povr\u0161ina\" \/>\n<meta property=\"og:description\" content=\"Dezinfekcija i \u010di\u0161\u0107enje povr\u0161ina bez alkohola\" \/>\n<meta property=\"og:url\" content=\"https:\/\/www.versiegelung24.com\/hr\/bacoban-koncentrat-za-dugotrajnu-povrsinsku-dezinfekciju.html\" \/>\n<meta property=\"og:site_name\" content=\"versiegelung24.com\" \/>\n<meta property=\"article:modified_time\" content=\"2025-01-13T15:35:57+00:00\" \/>\n<meta property=\"og:image\" content=\"https:\/\/www.versiegelung24.com\/wp-content\/uploads\/2020\/04\/bacwb1-bacoban-langzeitdesinfektion-konzentrat-1-liter.png\" \/>\n\t<meta property=\"og:image:width\" content=\"1000\" \/>\n\t<meta property=\"og:image:height\" content=\"1000\" \/>\n\t<meta property=\"og:image:type\" content=\"image\/png\" \/>\n<meta name=\"twitter:card\" content=\"summary_large_image\" \/>\n<meta name=\"twitter:label1\" content=\"Price\" \/>\n\t<meta name=\"twitter:data1\" content=\"89,90&euro;\" \/>\n\t<meta name=\"twitter:label2\" content=\"Availability\" \/>\n\t<meta name=\"twitter:data2\" content=\"In stock\" \/>\n<script type=\"application\/ld+json\" class=\"yoast-schema-graph\">{\"@context\":\"https:\\\/\\\/schema.org\",\"@graph\":[{\"@type\":\"WebPage\",\"@id\":\"https:\\\/\\\/www.versiegelung24.com\\\/hr\\\/bacoban-koncentrat-za-dugotrajnu-povrsinsku-dezinfekciju.html\",\"url\":\"https:\\\/\\\/www.versiegelung24.com\\\/hr\\\/bacoban-koncentrat-za-dugotrajnu-povrsinsku-dezinfekciju.html\",\"name\":\"1 litra koncentrata BACOBAN\u00ae za 100 litara dugotrajne dezinfekcije povr\u0161ina - versiegelung24.com\",\"isPartOf\":{\"@id\":\"https:\\\/\\\/www.versiegelung24.com\\\/hr\\\/#website\"},\"primaryImageOfPage\":{\"@id\":\"https:\\\/\\\/www.versiegelung24.com\\\/hr\\\/bacoban-koncentrat-za-dugotrajnu-povrsinsku-dezinfekciju.html#primaryimage\"},\"image\":{\"@id\":\"https:\\\/\\\/www.versiegelung24.com\\\/hr\\\/bacoban-koncentrat-za-dugotrajnu-povrsinsku-dezinfekciju.html#primaryimage\"},\"thumbnailUrl\":\"https:\\\/\\\/www.versiegelung24.com\\\/wp-content\\\/uploads\\\/2020\\\/04\\\/bacwb1-bacoban-langzeitdesinfektion-konzentrat-1-liter.png\",\"datePublished\":\"2021-08-02T19:04:35+00:00\",\"dateModified\":\"2025-01-13T15:35:57+00:00\",\"breadcrumb\":{\"@id\":\"https:\\\/\\\/www.versiegelung24.com\\\/hr\\\/bacoban-koncentrat-za-dugotrajnu-povrsinsku-dezinfekciju.html#breadcrumb\"},\"inLanguage\":\"hr\",\"potentialAction\":[{\"@type\":\"ReadAction\",\"target\":[\"https:\\\/\\\/www.versiegelung24.com\\\/hr\\\/bacoban-koncentrat-za-dugotrajnu-povrsinsku-dezinfekciju.html\"]}]},{\"@type\":\"ImageObject\",\"inLanguage\":\"hr\",\"@id\":\"https:\\\/\\\/www.versiegelung24.com\\\/hr\\\/bacoban-koncentrat-za-dugotrajnu-povrsinsku-dezinfekciju.html#primaryimage\",\"url\":\"https:\\\/\\\/www.versiegelung24.com\\\/wp-content\\\/uploads\\\/2020\\\/04\\\/bacwb1-bacoban-langzeitdesinfektion-konzentrat-1-liter.png\",\"contentUrl\":\"https:\\\/\\\/www.versiegelung24.com\\\/wp-content\\\/uploads\\\/2020\\\/04\\\/bacwb1-bacoban-langzeitdesinfektion-konzentrat-1-liter.png\",\"width\":1000,\"height\":1000},{\"@type\":\"BreadcrumbList\",\"@id\":\"https:\\\/\\\/www.versiegelung24.com\\\/hr\\\/bacoban-koncentrat-za-dugotrajnu-povrsinsku-dezinfekciju.html#breadcrumb\",\"itemListElement\":[{\"@type\":\"ListItem\",\"position\":1,\"name\":\"Po\u010detna stranica\",\"item\":\"https:\\\/\\\/www.versiegelung24.com\\\/hr\\\/ispred\\\/\"},{\"@type\":\"ListItem\",\"position\":2,\"name\":\"Du\u0107an\",\"item\":\"https:\\\/\\\/www.versiegelung24.com\\\/hr\\\/ducan\\\/\"},{\"@type\":\"ListItem\",\"position\":3,\"name\":\"1 litra koncentrata BACOBAN\u00ae za 100 litara dugotrajne dezinfekcije povr\u0161ina\"}]},{\"@type\":\"WebSite\",\"@id\":\"https:\\\/\\\/www.versiegelung24.com\\\/hr\\\/#website\",\"url\":\"https:\\\/\\\/www.versiegelung24.com\\\/hr\\\/\",\"name\":\"versiegelung24.com\",\"description\":\"Fl\u00fcssigglas-Versiegelung - Made in Germany\",\"publisher\":{\"@id\":\"https:\\\/\\\/www.versiegelung24.com\\\/hr\\\/#organization\"},\"potentialAction\":[{\"@type\":\"SearchAction\",\"target\":{\"@type\":\"EntryPoint\",\"urlTemplate\":\"https:\\\/\\\/www.versiegelung24.com\\\/hr\\\/?s={search_term_string}\"},\"query-input\":{\"@type\":\"PropertyValueSpecification\",\"valueRequired\":true,\"valueName\":\"search_term_string\"}}],\"inLanguage\":\"hr\"},{\"@type\":\"Organization\",\"@id\":\"https:\\\/\\\/www.versiegelung24.com\\\/hr\\\/#organization\",\"name\":\"versiegelung24\",\"url\":\"https:\\\/\\\/www.versiegelung24.com\\\/hr\\\/\",\"logo\":{\"@type\":\"ImageObject\",\"inLanguage\":\"hr\",\"@id\":\"https:\\\/\\\/www.versiegelung24.com\\\/hr\\\/#\\\/schema\\\/logo\\\/image\\\/\",\"url\":\"https:\\\/\\\/www.versiegelung24.com\\\/wp-content\\\/uploads\\\/2020\\\/04\\\/versiegelung24.png\",\"contentUrl\":\"https:\\\/\\\/www.versiegelung24.com\\\/wp-content\\\/uploads\\\/2020\\\/04\\\/versiegelung24.png\",\"width\":470,\"height\":102,\"caption\":\"versiegelung24\"},\"image\":{\"@id\":\"https:\\\/\\\/www.versiegelung24.com\\\/hr\\\/#\\\/schema\\\/logo\\\/image\\\/\"}}]}<\/script>\n<meta property=\"product:price:amount\" content=\"89.90\" \/>\n<meta property=\"product:price:currency\" content=\"EUR\" \/>\n<meta property=\"og:availability\" content=\"instock\" \/>\n<meta property=\"product:availability\" content=\"instock\" \/>\n<meta property=\"product:retailer_item_id\" content=\"BACWB1D\" \/>\n<meta property=\"product:condition\" content=\"new\" \/>\n<!-- \/ Yoast SEO Premium plugin. -->","yoast_head_json":{"title":"1 litra koncentrata BACOBAN\u00ae za 100 litara dugotrajne dezinfekcije povr\u0161ina - versiegelung24.com","robots":{"index":"index","follow":"follow","max-snippet":"max-snippet:-1","max-image-preview":"max-image-preview:large","max-video-preview":"max-video-preview:-1"},"canonical":"https:\/\/www.versiegelung24.com\/hr\/bacoban-koncentrat-za-dugotrajnu-povrsinsku-dezinfekciju.html","og_locale":"hr_HR","og_type":"article","og_title":"1 litra koncentrata BACOBAN\u00ae za 100 litara dugotrajne dezinfekcije povr\u0161ina","og_description":"Dezinfekcija i \u010di\u0161\u0107enje povr\u0161ina bez alkohola","og_url":"https:\/\/www.versiegelung24.com\/hr\/bacoban-koncentrat-za-dugotrajnu-povrsinsku-dezinfekciju.html","og_site_name":"versiegelung24.com","article_modified_time":"2025-01-13T15:35:57+00:00","og_image":[{"width":1000,"height":1000,"url":"https:\/\/www.versiegelung24.com\/wp-content\/uploads\/2020\/04\/bacwb1-bacoban-langzeitdesinfektion-konzentrat-1-liter.png","type":"image\/png"}],"twitter_card":"summary_large_image","twitter_misc":{"Price":"89,90&euro;","Availability":"In stock"},"schema":{"@context":"https:\/\/schema.org","@graph":[{"@type":"WebPage","@id":"https:\/\/www.versiegelung24.com\/hr\/bacoban-koncentrat-za-dugotrajnu-povrsinsku-dezinfekciju.html","url":"https:\/\/www.versiegelung24.com\/hr\/bacoban-koncentrat-za-dugotrajnu-povrsinsku-dezinfekciju.html","name":"1 litra koncentrata BACOBAN\u00ae za 100 litara dugotrajne dezinfekcije povr\u0161ina - versiegelung24.com","isPartOf":{"@id":"https:\/\/www.versiegelung24.com\/hr\/#website"},"primaryImageOfPage":{"@id":"https:\/\/www.versiegelung24.com\/hr\/bacoban-koncentrat-za-dugotrajnu-povrsinsku-dezinfekciju.html#primaryimage"},"image":{"@id":"https:\/\/www.versiegelung24.com\/hr\/bacoban-koncentrat-za-dugotrajnu-povrsinsku-dezinfekciju.html#primaryimage"},"thumbnailUrl":"https:\/\/www.versiegelung24.com\/wp-content\/uploads\/2020\/04\/bacwb1-bacoban-langzeitdesinfektion-konzentrat-1-liter.png","datePublished":"2021-08-02T19:04:35+00:00","dateModified":"2025-01-13T15:35:57+00:00","breadcrumb":{"@id":"https:\/\/www.versiegelung24.com\/hr\/bacoban-koncentrat-za-dugotrajnu-povrsinsku-dezinfekciju.html#breadcrumb"},"inLanguage":"hr","potentialAction":[{"@type":"ReadAction","target":["https:\/\/www.versiegelung24.com\/hr\/bacoban-koncentrat-za-dugotrajnu-povrsinsku-dezinfekciju.html"]}]},{"@type":"ImageObject","inLanguage":"hr","@id":"https:\/\/www.versiegelung24.com\/hr\/bacoban-koncentrat-za-dugotrajnu-povrsinsku-dezinfekciju.html#primaryimage","url":"https:\/\/www.versiegelung24.com\/wp-content\/uploads\/2020\/04\/bacwb1-bacoban-langzeitdesinfektion-konzentrat-1-liter.png","contentUrl":"https:\/\/www.versiegelung24.com\/wp-content\/uploads\/2020\/04\/bacwb1-bacoban-langzeitdesinfektion-konzentrat-1-liter.png","width":1000,"height":1000},{"@type":"BreadcrumbList","@id":"https:\/\/www.versiegelung24.com\/hr\/bacoban-koncentrat-za-dugotrajnu-povrsinsku-dezinfekciju.html#breadcrumb","itemListElement":[{"@type":"ListItem","position":1,"name":"Po\u010detna stranica","item":"https:\/\/www.versiegelung24.com\/hr\/ispred\/"},{"@type":"ListItem","position":2,"name":"Du\u0107an","item":"https:\/\/www.versiegelung24.com\/hr\/ducan\/"},{"@type":"ListItem","position":3,"name":"1 litra koncentrata BACOBAN\u00ae za 100 litara dugotrajne dezinfekcije povr\u0161ina"}]},{"@type":"WebSite","@id":"https:\/\/www.versiegelung24.com\/hr\/#website","url":"https:\/\/www.versiegelung24.com\/hr\/","name":"versiegelung24.com","description":"Fl\u00fcssigglas-Versiegelung - Made in Germany","publisher":{"@id":"https:\/\/www.versiegelung24.com\/hr\/#organization"},"potentialAction":[{"@type":"SearchAction","target":{"@type":"EntryPoint","urlTemplate":"https:\/\/www.versiegelung24.com\/hr\/?s={search_term_string}"},"query-input":{"@type":"PropertyValueSpecification","valueRequired":true,"valueName":"search_term_string"}}],"inLanguage":"hr"},{"@type":"Organization","@id":"https:\/\/www.versiegelung24.com\/hr\/#organization","name":"versiegelung24","url":"https:\/\/www.versiegelung24.com\/hr\/","logo":{"@type":"ImageObject","inLanguage":"hr","@id":"https:\/\/www.versiegelung24.com\/hr\/#\/schema\/logo\/image\/","url":"https:\/\/www.versiegelung24.com\/wp-content\/uploads\/2020\/04\/versiegelung24.png","contentUrl":"https:\/\/www.versiegelung24.com\/wp-content\/uploads\/2020\/04\/versiegelung24.png","width":470,"height":102,"caption":"versiegelung24"},"image":{"@id":"https:\/\/www.versiegelung24.com\/hr\/#\/schema\/logo\/image\/"}}]},"product_price_amount":"89.90","product_price_currency":"EUR","og_availability":"instock","product_availability":"instock","product_retailer_item_id":"BACWB1D","product_condition":"new"},"_links":{"self":[{"href":"https:\/\/www.versiegelung24.com\/hr\/wp-json\/wp\/v2\/product\/22846","targetHints":{"allow":["GET"]}}],"collection":[{"href":"https:\/\/www.versiegelung24.com\/hr\/wp-json\/wp\/v2\/product"}],"about":[{"href":"https:\/\/www.versiegelung24.com\/hr\/wp-json\/wp\/v2\/types\/product"}],"version-history":[{"count":17,"href":"https:\/\/www.versiegelung24.com\/hr\/wp-json\/wp\/v2\/product\/22846\/revisions"}],"predecessor-version":[{"id":180479,"href":"https:\/\/www.versiegelung24.com\/hr\/wp-json\/wp\/v2\/product\/22846\/revisions\/180479"}],"wp:featuredmedia":[{"embeddable":true,"href":"https:\/\/www.versiegelung24.com\/hr\/wp-json\/wp\/v2\/media\/21947"}],"wp:attachment":[{"href":"https:\/\/www.versiegelung24.com\/hr\/wp-json\/wp\/v2\/media?parent=22846"}],"wp:term":[{"taxonomy":"product_brand","embeddable":true,"href":"https:\/\/www.versiegelung24.com\/hr\/wp-json\/wp\/v2\/product_brand?post=22846"},{"taxonomy":"product_cat","embeddable":true,"href":"https:\/\/www.versiegelung24.com\/hr\/wp-json\/wp\/v2\/product_cat?post=22846"},{"taxonomy":"product_tag","embeddable":true,"href":"https:\/\/www.versiegelung24.com\/hr\/wp-json\/wp\/v2\/product_tag?post=22846"}],"curies":[{"name":"wp","href":"https:\/\/api.w.org\/{rel}","templated":true}]}}