{"id":22853,"date":"2020-04-04T18:53:13","date_gmt":"2021-08-02T19:04:53","guid":{"rendered":"https:\/\/www.versiegelung24.com\/produkt\/brtvljenje-stakla-profesionalne-kvalitete"},"modified":"2025-01-03T23:38:15","modified_gmt":"2025-01-03T22:38:15","slug":"brtvljenje-stakla-profesionalne-kvalitete","status":"publish","type":"product","link":"https:\/\/www.versiegelung24.com\/hr\/brtvljenje-stakla-profesionalne-kvalitete.html","title":{"rendered":"Brtvljenje stakla profesionalne kvalitete &#8211; Jednostavna njega"},"content":{"rendered":"\n<p><strong>Vrlo u\u010dinkovito brtvljenje stakla za prozorska stakla, staklene fasade, ulazna vrata itd., S efektom lotosa (vodoodbojno), za unutarnju i vanjsku stranu, NOVO<\/strong><\/p>\n\n<p>Visoka kvaliteta Made in Germany.<\/p>\n\n<div class=\"wp-block-columns is-layout-flex wp-container-core-columns-is-layout-9d6595d7 wp-block-columns-is-layout-flex\">\n<div class=\"wp-block-column is-layout-flow wp-block-column-is-layout-flow\">\n<figure class=\"wp-block-embed is-type-video is-provider-youtube wp-block-embed-youtube wp-embed-aspect-16-9 wp-has-aspect-ratio\"><div class=\"wp-block-embed__wrapper\"> \n<div class=\"nv-iframe-embed\"><iframe title=\"(Nano-)Versiegelungen f\u00fcrs Badezimmer, die wirklich halten! Versiegelung24.com\" width=\"1200\" height=\"675\" src=\"https:\/\/www.youtube.com\/embed\/l6YldCwuye0?feature=oembed\" frameborder=\"0\" allow=\"accelerometer; autoplay; clipboard-write; encrypted-media; gyroscope; picture-in-picture; web-share\" referrerpolicy=\"strict-origin-when-cross-origin\" allowfullscreen><\/iframe><\/div>\n <\/div><\/figure>\n<\/div>\n\n\n\n<div class=\"wp-block-column is-layout-flow wp-block-column-is-layout-flow\">\n<figure class=\"wp-block-embed is-type-video is-provider-youtube wp-block-embed-youtube wp-embed-aspect-16-9 wp-has-aspect-ratio\"><div class=\"wp-block-embed__wrapper\"> \n<div class=\"nv-iframe-embed\"><iframe title=\"Kalk in der Dusche entfernen und mit einer Glasversiegelung vorbeugen!\" width=\"1200\" height=\"675\" src=\"https:\/\/www.youtube.com\/embed\/vnJHIGeb_7I?feature=oembed\" frameborder=\"0\" allow=\"accelerometer; autoplay; clipboard-write; encrypted-media; gyroscope; picture-in-picture; web-share\" referrerpolicy=\"strict-origin-when-cross-origin\" allowfullscreen><\/iframe><\/div>\n <\/div><\/figure>\n<\/div>\n<\/div>\n\n<h3 class=\"wp-block-heading\" id=\"eine-versiegelung-ihrer-fenster-spart-frust-und-zeit-wer-putzt-schon-gerne-fenster\">Brtvljenje prozora \u0161tedi vrijeme i frustracije &#8211; tko voli \u010distiti prozore?<\/h3>\n\n<p>Nakon ki\u0161ne i prljave zime, prve intenzivne zrake sunca u prolje\u0107e \u010desto su bajke. Gledate kroz prozor i odjednom shvatite da ga hitno morate o\u010distiti jer je pun mrlja vode, prljav\u0161tine i pruga. Ali tko zaista voli \u010distiti prozore? Posao je dugotrajan i \u010desto vrlo frustriraju\u0107i, jer se staklo bez tragova doista \u010dini kao podvig.<br\/> \u0160to ve\u0107 niste probali? Trljaju\u0107i novinama, \u010dista\u010dem na paru, skupim sredstvima za \u010di\u0161\u0107enje prozora &#8211; nakon toga staklo \u010desto nije tako jasno kako biste \u017eeljeli.<\/p>\n<div class=\"wp-block-image\">\n<figure class=\"aligncenter size-large is-resized\"><img fetchpriority=\"high\" decoding=\"async\" width=\"1300\" height=\"260\" src=\"https:\/\/www.versiegelung24.com\/wp-content\/uploads\/2022\/01\/Glas_Himmel-1300x260.jpg\" alt=\"\" class=\"wp-image-59446\" style=\"width:1500px\" srcset=\"https:\/\/www.versiegelung24.com\/wp-content\/uploads\/2022\/01\/Glas_Himmel-1300x260.jpg 1300w, https:\/\/www.versiegelung24.com\/wp-content\/uploads\/2022\/01\/Glas_Himmel-300x60.jpg 300w, https:\/\/www.versiegelung24.com\/wp-content\/uploads\/2022\/01\/Glas_Himmel-768x154.jpg 768w, https:\/\/www.versiegelung24.com\/wp-content\/uploads\/2022\/01\/Glas_Himmel-600x120.jpg 600w, https:\/\/www.versiegelung24.com\/wp-content\/uploads\/2022\/01\/Glas_Himmel.jpg 1500w\" sizes=\"(max-width: 1300px) 100vw, 1300px\" \/><\/figure>\n<\/div>\n<hr\/>\n\n<h4 class=\"wp-block-heading\" id=\"properties\">Zna\u010dajke proizvoda<\/h4>\n\n<div class=\"wp-block-columns is-layout-flex wp-container-core-columns-is-layout-9d6595d7 wp-block-columns-is-layout-flex\">\n<div class=\"wp-block-column is-layout-flow wp-block-column-is-layout-flow\">\n<ul class=\"wp-block-list\" id=\"block-1ae73cec-dd86-455b-95e1-db08f69d1f05\">\n<li>U\u010dinak koji se lako \u010disti za uklanjanje prljav\u0161tine i kamenca<\/li>\n\n\n\n<li>Visoka otpornost na habanje zahvaljuju\u0107i nano tehnologiji SiO\u00b2<\/li>\n\n\n\n<li>Kemijski otporan na sredstva za \u010di\u0161\u0107enje (do pH vrijednosti 12)<\/li>\n\n\n\n<li>Sna\u017ean hidrofobni i oleofobni u\u010dinak (odbojnost vode i ulja)<\/li>\n\n\n\n<li>U\u0161teda tro\u0161kova, vremena i energije kroz produ\u017eene cikluse \u010di\u0161\u0107enja<\/li>\n<\/ul>\n<\/div>\n\n\n\n<div class=\"wp-block-column is-layout-flow wp-block-column-is-layout-flow\">\n<ul class=\"wp-block-list\" id=\"block-1ae73cec-dd86-455b-95e1-db08f69d1f05\">\n<li>Smanjuje rast mikroorganizama i bakterija te na taj na\u010din pobolj\u0161ava higijenu<\/li>\n\n\n\n<li>UV-stabilan \/ otporan na mraz \/ otporan na slanu vodu \/ nevidljiv<\/li>\n\n\n\n<li>U\u010dinak samo\u010di\u0161\u0107enja na okomitim staklenim povr\u0161inama po ki\u0161i<\/li>\n\n\n\n<li>Jednostavna primjena (ponovno premazivanje mogu\u0107e u bilo kojem trenutku)<\/li>\n\n\n\n<li>Rok trajanja: do 3 &#8211; 5 godina (ovisno o upotrebi)<\/li>\n<\/ul>\n<\/div>\n<\/div>\n\n<p>Opseg isporuke:<br\/> 1 x boca od litre, 1 x glava za prskanje s pumpicom, 1 x opis proizvoda<\/p>\n<div class=\"wp-block-image\">\n<figure class=\"aligncenter size-large is-resized\"><img decoding=\"async\" width=\"1300\" height=\"260\" src=\"https:\/\/www.versiegelung24.com\/wp-content\/uploads\/2022\/01\/bad_glas-1300x260.jpg\" alt=\"\" class=\"wp-image-59538\" style=\"width:1500px\" srcset=\"https:\/\/www.versiegelung24.com\/wp-content\/uploads\/2022\/01\/bad_glas-1300x260.jpg 1300w, https:\/\/www.versiegelung24.com\/wp-content\/uploads\/2022\/01\/bad_glas-300x60.jpg 300w, https:\/\/www.versiegelung24.com\/wp-content\/uploads\/2022\/01\/bad_glas-768x154.jpg 768w, https:\/\/www.versiegelung24.com\/wp-content\/uploads\/2022\/01\/bad_glas-600x120.jpg 600w, https:\/\/www.versiegelung24.com\/wp-content\/uploads\/2022\/01\/bad_glas.jpg 1500w\" sizes=\"(max-width: 1300px) 100vw, 1300px\" \/><figcaption class=\"wp-element-caption\">Primjer primjene kupaonice<\/figcaption><\/figure>\n<\/div>\n<h4 class=\"wp-block-heading\" id=\"application\">Primjena<\/h4>\n\n<div class=\"wp-block-columns is-layout-flex wp-container-core-columns-is-layout-9d6595d7 wp-block-columns-is-layout-flex\">\n<div class=\"wp-block-column is-layout-flow wp-block-column-is-layout-flow\">\n<ul class=\"wp-block-list\" id=\"block-d9c56046-ec66-4f80-bc70-c000e96a1e51\">\n<li>Prozorsko staklo (izvana i iznutra)<\/li>\n\n\n\n<li>Staklene povr\u0161ine u sanitarnim prostorijama (ogledala, tu\u0161 kabine)<\/li>\n\n\n\n<li>Gra\u0111evinsko staklo (zimski vrtovi, staklenici, nadstre\u0161nice, zidno ostakljenje)<\/li>\n\n\n\n<li><a href=\"https:\/\/www.versiegelung24.com\/hr\/brtvljenje-stakla-automobila-u-profesionalnoj-kvaliteti.html\">Auto stakla<\/a> (bo\u010dni i unutarnji prozori &#8211; prednji prozor vidi poseban proizvod)<\/li>\n<\/ul>\n<\/div>\n\n\n\n<div class=\"wp-block-column is-layout-flow wp-block-column-is-layout-flow\">\n<p>Potro\u0161nja ovisi o strukturi povr\u0161ine: pribli\u017eno 50-200m\u00b2 \/ litri.<\/p>\n\n\n\n<p>Lako se nanosi:<br\/> 1. Prethodno vrlo dobro o\u010distite povr\u0161inu (\u0161to je \u010di\u0161\u0107e, to dulje traje brtva)<br\/> 2. Poprskajte brtvilo i utrljajte<br\/> 3. Pustite da se stvrdne 12 sati \u2013 gotovo<\/p>\n<\/div>\n<\/div>\n\n<h4 class=\"wp-block-heading\" id=\"advisor\">savjetnik<\/h4>\n\n<div class=\"wp-block-columns is-layout-flex wp-container-core-columns-is-layout-9d6595d7 wp-block-columns-is-layout-flex\">\n<div class=\"wp-block-column is-layout-flow wp-block-column-is-layout-flow\">\n<figure class=\"wp-block-image size-full\"><img decoding=\"async\" width=\"500\" height=\"500\" src=\"https:\/\/www.versiegelung24.com\/wp-content\/uploads\/2022\/01\/dachfenster_content_500-1.jpg\" alt=\"\" class=\"wp-image-59686\" srcset=\"https:\/\/www.versiegelung24.com\/wp-content\/uploads\/2022\/01\/dachfenster_content_500-1.jpg 500w, https:\/\/www.versiegelung24.com\/wp-content\/uploads\/2022\/01\/dachfenster_content_500-1-300x300.jpg 300w, https:\/\/www.versiegelung24.com\/wp-content\/uploads\/2022\/01\/dachfenster_content_500-1-80x80.jpg 80w, https:\/\/www.versiegelung24.com\/wp-content\/uploads\/2022\/01\/dachfenster_content_500-1-400x400.jpg 400w, https:\/\/www.versiegelung24.com\/wp-content\/uploads\/2022\/01\/dachfenster_content_500-1-100x100.jpg 100w\" sizes=\"(max-width: 500px) 100vw, 500px\" \/><\/figure>\n<\/div>\n\n\n\n<div class=\"wp-block-column is-layout-flow wp-block-column-is-layout-flow\">\n<h3 class=\"wp-block-heading\" id=\"h-welche-vorteile-bringt-ihnen-die-fensterversiegelung\">Koje su prednosti brtvljenja prozora?<\/h3>\n\n\n\n<p>Re\u0107i \u0107emo vam kako mo\u017eete preuzeti kontrolu nad svojim prozorima sljede\u0107e 2-3 godine i smanjiti napor koji se odnosi na \u010di\u0161\u0107enje na minimum:<\/p>\n\n\n\n<p>Na\u0161 gornji proizvod je takozvano nano-brtvljenje. Sadr\u017eane \u010destice silicijevog dioksida (teku\u0107e staklo) spajaju se prilikom nano\u0161enja i tvore otprilike 100-150 nanometara tanak sloj na staklu, koji je potpuno proziran i ne uzrokuje nikakvo zamu\u0107enje.<br\/> Ovaj nevidljivi film na povr\u0161ini \u0161titi va\u0161e prozore dobro poznatim efektom lotosa. Voda potpuno istje\u010de, dosadne mrlje od vode &#8211; osobito nakon ki\u0161nog pljuska &#8211; stvar su pro\u0161losti. Prljav\u0161tina, pra\u0161ina, pti\u010dji izmet itd. vi\u0161e se ne lijepe i mogu se lako ukloniti.<\/p>\n\n\n\n<p>Zbog toga morate prozore u ku\u0107i \u010distiti mnogo rje\u0111e nego prije nego \u0161to su zape\u010da\u0107eni. To je posebno uo\u010dljivo u slu\u010daju krovnih prozora, jer ih njihov nagnuti polo\u017eaj \u010dini jo\u0161 osjetljivijima na prljav\u0161tinu od vertikalno postavljenih prozora.<\/p>\n<\/div>\n<\/div>\n\n<h3 class=\"wp-block-heading\" id=\"h-wie-gross-ist-der-arbeitsaufwand-fur-das-versiegeln-der-fensterscheiben\">Koliko je potrebno za brtvljenje prozorskih stakala?<\/h3>\n\n<p>Vrijeme potrebno za nano\u0161enje brtvila je vrlo kratko i vjerojatno je \u010dak i br\u017ee od \u010di\u0161\u0107enja samih prozora.<\/p>\n\n<p>Prije svega, prozorsko staklo mora se intenzivno prethodno o\u010distiti. S na\u0161im<a href=\"https:\/\/www.versiegelung24.com\/biosativa-biologischer-vorreiniger\/\"> BIOSATIVA pred\u010dista\u010d<\/a> i<a href=\"https:\/\/www.versiegelung24.com\/bioethanol\/\"> Bioetanol 96,6%<\/a> ovo je proces bez muke. Ovi proizvodi iz na\u0161e trgovine u\u010dinkovito i brzo uklanjaju sve ostatke na staklu. To je klju\u010dno za kasniju kvalitetu i trajnost brtve.<br\/> Nakon \u0161to su pripremni radovi zavr\u0161eni, po\u010dinje stvarno brtvljenje. Teku\u0107e staklo se raspr\u0161uje na krpu i zatim nanosi na staklo. Nakon otprilike 5 min. polirajte mekom krpom od mikrovlakana.<\/p>\n\n<p>Nakon vremena stvrdnjavanja od 12 sati, povr\u0161ina je potpuno zabrtvljena. Dan bez ki\u0161e stoga je idealan za vanjski prostor, tako da se premaz mo\u017ee neometano osu\u0161iti, a nano\u010destice teku\u0107eg stakla potpuno spojiti.<\/p>\n\n<h3 class=\"wp-block-heading\" id=\"h-ist-eine-versiegelung-der-fenster-aussen-und-innen-sinnvoll\">Ima li smisla brtvljenje prozora izvana i iznutra?<\/h3>\n\n<p>U svakom slu\u010daju, preporu\u010dujemo brtvljenje obje strane prozora. Svakako je optere\u0107enje prljav\u0161tinom iznutra znatno manje nego izvana. No i ovdje pra\u0161ina i masno\u0107a stvaraju film na staklu koji bi s vremena na vrijeme trebalo ukloniti. Na primjer, svatko tko ima djecu upoznat je sa slatkim otiscima nosa i ruku na vjetrobranskom staklu, koji nastaju kad su mladi otkrili ne\u0161to uzbudljivo vani. Uz na\u0161e brtvljenje prozora, ti se ostaci mogu ukloniti brzo i jednostavno. \u0160tedite vrijeme i \u017eivce za va\u017enije stvari.<\/p>\n\n<div class=\"wp-block-columns is-layout-flex wp-container-core-columns-is-layout-9d6595d7 wp-block-columns-is-layout-flex\">\n<div class=\"wp-block-column is-layout-flow wp-block-column-is-layout-flow\">\n<h3 class=\"wp-block-heading\" id=\"h-schutzen-sie-ihre-fenster-vor-kratzern\">Za\u0161titite svoje prozore od ogrebotina<\/h3>\n\n\n\n<p>Tijekom godina, prljav\u0161tina koja se istrlja prilikom \u010di\u0161\u0107enja prozora mo\u017ee uzrokovati najfinije ogrebotine na staklu. I ovdje brtvljenje stakla ima iznimno pozitivan utjecaj. Na povr\u0161ini tvori za\u0161titni sloj koji s jedne strane zbog svoje \u010dvrsto\u0107e izbjegava ogrebotine, a s druge strane sprje\u010dava prljanje pra\u0161ine od samog po\u010detka.<\/p>\n\n\n\n<h3 class=\"wp-block-heading\" id=\"h-nutzen-sie-die-zeit-fur-die-wirklich-wichtigen-dinge-im-leben\">Iskoristite vrijeme za zaista va\u017ene stvari u \u017eivotu<\/h3>\n\n\n\n<p>U\u017eivajte u prolje\u0107u umjesto da provodite vrijeme uz maraton za \u010di\u0161\u0107enje prozora. Zahvaljuju\u0107i na\u0161em profesionalnom brtvljenju stakla, bit \u0107ete po\u0161te\u0111eni puno posla do 3 godine. Trebali biste biti vrijedni toga!<\/p>\n<\/div>\n\n\n\n<div class=\"wp-block-column is-layout-flow wp-block-column-is-layout-flow\"><div class=\"wp-block-image\">\n<figure class=\"alignright size-full\"><img loading=\"lazy\" decoding=\"async\" width=\"500\" height=\"500\" src=\"https:\/\/www.versiegelung24.com\/wp-content\/uploads\/2022\/01\/fenster_content_500.jpg\" alt=\"\" class=\"wp-image-59505\" srcset=\"https:\/\/www.versiegelung24.com\/wp-content\/uploads\/2022\/01\/fenster_content_500.jpg 500w, https:\/\/www.versiegelung24.com\/wp-content\/uploads\/2022\/01\/fenster_content_500-300x300.jpg 300w, https:\/\/www.versiegelung24.com\/wp-content\/uploads\/2022\/01\/fenster_content_500-80x80.jpg 80w, https:\/\/www.versiegelung24.com\/wp-content\/uploads\/2022\/01\/fenster_content_500-400x400.jpg 400w, https:\/\/www.versiegelung24.com\/wp-content\/uploads\/2022\/01\/fenster_content_500-100x100.jpg 100w\" sizes=\"(max-width: 500px) 100vw, 500px\" \/><\/figure>\n<\/div><\/div>\n<\/div>\n","protected":false},"excerpt":{"rendered":"<p><strong>**NOVO** Vrlo u\u010dinkovito brtvilo za staklo za:<\/strong><\/p>\n<p>\u2713 Prozorska okna<\/p>\n<p>\u2713 Staklene fasade<\/p>\n<p>\u2713 ulazna vrata itd.,<\/p>\n<p>\u2713 S efektom lotosa (vodoodbojnost)<\/p>\n<p>\u2713 Za iznutra i izvana<\/p>\n<p>&nbsp;<\/p>\n","protected":false},"featured_media":17711,"template":"","meta":{"_acf_changed":false,"neve_meta_sidebar":"","neve_meta_container":"","neve_meta_enable_content_width":"","neve_meta_content_width":0,"neve_meta_title_alignment":"","neve_meta_author_avatar":"","neve_post_elements_order":"","neve_meta_disable_header":"","neve_meta_disable_footer":"","neve_meta_disable_title":"","neve_meta_reading_time":"","_surfaces":[],"_ver_product_tabs":[],"footnotes":""},"product_brand":[],"product_cat":[2303],"product_tag":[],"class_list":{"0":"post-22853","1":"product","2":"type-product","3":"status-publish","4":"has-post-thumbnail","6":"product_cat-brtve-za-staklo-i-keramiku","7":"pa_gebinde-kanister-od-20l","8":"pa_gebinde-bocica-od-1000-ml","10":"first","11":"instock","12":"taxable","13":"shipping-taxable","14":"purchasable","15":"product-type-variable","16":"has-default-attributes"},"acf":[],"yoast_head":"<!-- This site is optimized with the Yoast SEO Premium plugin v22.8 (Yoast SEO v27.5) - https:\/\/yoast.com\/product\/yoast-seo-premium-wordpress\/ -->\n<title>Brtvljenje stakla profesionalne kvalitete - Jednostavna njega - versiegelung24.com<\/title>\n<meta name=\"robots\" content=\"index, follow, max-snippet:-1, max-image-preview:large, max-video-preview:-1\" \/>\n<link rel=\"canonical\" href=\"https:\/\/www.versiegelung24.com\/hr\/brtvljenje-stakla-profesionalne-kvalitete.html\" \/>\n<meta property=\"og:locale\" content=\"hr_HR\" \/>\n<meta property=\"og:type\" content=\"article\" \/>\n<meta property=\"og:title\" content=\"Brtvljenje stakla profesionalne kvalitete - Jednostavna njega\" \/>\n<meta property=\"og:description\" content=\"**NOVO** Vrlo u\u010dinkovito brtvilo za staklo za: \u2713 Prozorska okna \u2713 Staklene fasade \u2713 ulazna vrata itd., \u2713 S efektom lotosa (vodoodbojnost) \u2713 Za iznutra i izvana &nbsp;\" \/>\n<meta property=\"og:url\" content=\"https:\/\/www.versiegelung24.com\/hr\/brtvljenje-stakla-profesionalne-kvalitete.html\" \/>\n<meta property=\"og:site_name\" content=\"versiegelung24.com\" \/>\n<meta property=\"article:modified_time\" content=\"2025-01-03T22:38:15+00:00\" \/>\n<meta property=\"og:image\" content=\"https:\/\/www.versiegelung24.com\/wp-content\/uploads\/2020\/06\/produkt-1000-601-1000-Glasversiegelung-scaled.jpg\" \/>\n\t<meta property=\"og:image:width\" content=\"2560\" \/>\n\t<meta property=\"og:image:height\" content=\"2560\" \/>\n\t<meta property=\"og:image:type\" content=\"image\/jpeg\" \/>\n<meta name=\"twitter:card\" content=\"summary_large_image\" \/>\n<meta name=\"twitter:label1\" content=\"Availability\" \/>\n\t<meta name=\"twitter:data1\" content=\"In stock\" \/>\n<script type=\"application\/ld+json\" class=\"yoast-schema-graph\">{\"@context\":\"https:\\\/\\\/schema.org\",\"@graph\":[{\"@type\":\"WebPage\",\"@id\":\"https:\\\/\\\/www.versiegelung24.com\\\/hr\\\/brtvljenje-stakla-profesionalne-kvalitete.html\",\"url\":\"https:\\\/\\\/www.versiegelung24.com\\\/hr\\\/brtvljenje-stakla-profesionalne-kvalitete.html\",\"name\":\"Brtvljenje stakla profesionalne kvalitete - Jednostavna njega - versiegelung24.com\",\"isPartOf\":{\"@id\":\"https:\\\/\\\/www.versiegelung24.com\\\/hr\\\/#website\"},\"primaryImageOfPage\":{\"@id\":\"https:\\\/\\\/www.versiegelung24.com\\\/hr\\\/brtvljenje-stakla-profesionalne-kvalitete.html#primaryimage\"},\"image\":{\"@id\":\"https:\\\/\\\/www.versiegelung24.com\\\/hr\\\/brtvljenje-stakla-profesionalne-kvalitete.html#primaryimage\"},\"thumbnailUrl\":\"https:\\\/\\\/www.versiegelung24.com\\\/wp-content\\\/uploads\\\/2020\\\/06\\\/produkt-1000-601-1000-Glasversiegelung-scaled.jpg\",\"datePublished\":\"2021-08-02T19:04:53+00:00\",\"dateModified\":\"2025-01-03T22:38:15+00:00\",\"breadcrumb\":{\"@id\":\"https:\\\/\\\/www.versiegelung24.com\\\/hr\\\/brtvljenje-stakla-profesionalne-kvalitete.html#breadcrumb\"},\"inLanguage\":\"hr\",\"potentialAction\":[{\"@type\":\"ReadAction\",\"target\":[\"https:\\\/\\\/www.versiegelung24.com\\\/hr\\\/brtvljenje-stakla-profesionalne-kvalitete.html\"]}]},{\"@type\":\"ImageObject\",\"inLanguage\":\"hr\",\"@id\":\"https:\\\/\\\/www.versiegelung24.com\\\/hr\\\/brtvljenje-stakla-profesionalne-kvalitete.html#primaryimage\",\"url\":\"https:\\\/\\\/www.versiegelung24.com\\\/wp-content\\\/uploads\\\/2020\\\/06\\\/produkt-1000-601-1000-Glasversiegelung-scaled.jpg\",\"contentUrl\":\"https:\\\/\\\/www.versiegelung24.com\\\/wp-content\\\/uploads\\\/2020\\\/06\\\/produkt-1000-601-1000-Glasversiegelung-scaled.jpg\",\"width\":2560,\"height\":2560},{\"@type\":\"BreadcrumbList\",\"@id\":\"https:\\\/\\\/www.versiegelung24.com\\\/hr\\\/brtvljenje-stakla-profesionalne-kvalitete.html#breadcrumb\",\"itemListElement\":[{\"@type\":\"ListItem\",\"position\":1,\"name\":\"Po\u010detna stranica\",\"item\":\"https:\\\/\\\/www.versiegelung24.com\\\/hr\\\/ispred\\\/\"},{\"@type\":\"ListItem\",\"position\":2,\"name\":\"Du\u0107an\",\"item\":\"https:\\\/\\\/www.versiegelung24.com\\\/hr\\\/ducan\\\/\"},{\"@type\":\"ListItem\",\"position\":3,\"name\":\"Brtvljenje stakla profesionalne kvalitete &#8211; Jednostavna njega\"}]},{\"@type\":\"WebSite\",\"@id\":\"https:\\\/\\\/www.versiegelung24.com\\\/hr\\\/#website\",\"url\":\"https:\\\/\\\/www.versiegelung24.com\\\/hr\\\/\",\"name\":\"versiegelung24.com\",\"description\":\"Fl\u00fcssigglas-Versiegelung - Made in Germany\",\"publisher\":{\"@id\":\"https:\\\/\\\/www.versiegelung24.com\\\/hr\\\/#organization\"},\"potentialAction\":[{\"@type\":\"SearchAction\",\"target\":{\"@type\":\"EntryPoint\",\"urlTemplate\":\"https:\\\/\\\/www.versiegelung24.com\\\/hr\\\/?s={search_term_string}\"},\"query-input\":{\"@type\":\"PropertyValueSpecification\",\"valueRequired\":true,\"valueName\":\"search_term_string\"}}],\"inLanguage\":\"hr\"},{\"@type\":\"Organization\",\"@id\":\"https:\\\/\\\/www.versiegelung24.com\\\/hr\\\/#organization\",\"name\":\"versiegelung24\",\"url\":\"https:\\\/\\\/www.versiegelung24.com\\\/hr\\\/\",\"logo\":{\"@type\":\"ImageObject\",\"inLanguage\":\"hr\",\"@id\":\"https:\\\/\\\/www.versiegelung24.com\\\/hr\\\/#\\\/schema\\\/logo\\\/image\\\/\",\"url\":\"https:\\\/\\\/www.versiegelung24.com\\\/wp-content\\\/uploads\\\/2020\\\/04\\\/versiegelung24.png\",\"contentUrl\":\"https:\\\/\\\/www.versiegelung24.com\\\/wp-content\\\/uploads\\\/2020\\\/04\\\/versiegelung24.png\",\"width\":470,\"height\":102,\"caption\":\"versiegelung24\"},\"image\":{\"@id\":\"https:\\\/\\\/www.versiegelung24.com\\\/hr\\\/#\\\/schema\\\/logo\\\/image\\\/\"}}]}<\/script>\n<meta property=\"og:availability\" content=\"instock\" \/>\n<meta property=\"product:availability\" content=\"instock\" \/>\n<meta property=\"product:retailer_item_id\" content=\"1000-6601\" \/>\n<meta property=\"product:condition\" content=\"new\" \/>\n<!-- \/ Yoast SEO Premium plugin. -->","yoast_head_json":{"title":"Brtvljenje stakla profesionalne kvalitete - Jednostavna njega - versiegelung24.com","robots":{"index":"index","follow":"follow","max-snippet":"max-snippet:-1","max-image-preview":"max-image-preview:large","max-video-preview":"max-video-preview:-1"},"canonical":"https:\/\/www.versiegelung24.com\/hr\/brtvljenje-stakla-profesionalne-kvalitete.html","og_locale":"hr_HR","og_type":"article","og_title":"Brtvljenje stakla profesionalne kvalitete - Jednostavna njega","og_description":"**NOVO** Vrlo u\u010dinkovito brtvilo za staklo za: \u2713 Prozorska okna \u2713 Staklene fasade \u2713 ulazna vrata itd., \u2713 S efektom lotosa (vodoodbojnost) \u2713 Za iznutra i izvana &nbsp;","og_url":"https:\/\/www.versiegelung24.com\/hr\/brtvljenje-stakla-profesionalne-kvalitete.html","og_site_name":"versiegelung24.com","article_modified_time":"2025-01-03T22:38:15+00:00","og_image":[{"width":2560,"height":2560,"url":"https:\/\/www.versiegelung24.com\/wp-content\/uploads\/2020\/06\/produkt-1000-601-1000-Glasversiegelung-scaled.jpg","type":"image\/jpeg"}],"twitter_card":"summary_large_image","twitter_misc":{"Availability":"In stock"},"schema":{"@context":"https:\/\/schema.org","@graph":[{"@type":"WebPage","@id":"https:\/\/www.versiegelung24.com\/hr\/brtvljenje-stakla-profesionalne-kvalitete.html","url":"https:\/\/www.versiegelung24.com\/hr\/brtvljenje-stakla-profesionalne-kvalitete.html","name":"Brtvljenje stakla profesionalne kvalitete - Jednostavna njega - versiegelung24.com","isPartOf":{"@id":"https:\/\/www.versiegelung24.com\/hr\/#website"},"primaryImageOfPage":{"@id":"https:\/\/www.versiegelung24.com\/hr\/brtvljenje-stakla-profesionalne-kvalitete.html#primaryimage"},"image":{"@id":"https:\/\/www.versiegelung24.com\/hr\/brtvljenje-stakla-profesionalne-kvalitete.html#primaryimage"},"thumbnailUrl":"https:\/\/www.versiegelung24.com\/wp-content\/uploads\/2020\/06\/produkt-1000-601-1000-Glasversiegelung-scaled.jpg","datePublished":"2021-08-02T19:04:53+00:00","dateModified":"2025-01-03T22:38:15+00:00","breadcrumb":{"@id":"https:\/\/www.versiegelung24.com\/hr\/brtvljenje-stakla-profesionalne-kvalitete.html#breadcrumb"},"inLanguage":"hr","potentialAction":[{"@type":"ReadAction","target":["https:\/\/www.versiegelung24.com\/hr\/brtvljenje-stakla-profesionalne-kvalitete.html"]}]},{"@type":"ImageObject","inLanguage":"hr","@id":"https:\/\/www.versiegelung24.com\/hr\/brtvljenje-stakla-profesionalne-kvalitete.html#primaryimage","url":"https:\/\/www.versiegelung24.com\/wp-content\/uploads\/2020\/06\/produkt-1000-601-1000-Glasversiegelung-scaled.jpg","contentUrl":"https:\/\/www.versiegelung24.com\/wp-content\/uploads\/2020\/06\/produkt-1000-601-1000-Glasversiegelung-scaled.jpg","width":2560,"height":2560},{"@type":"BreadcrumbList","@id":"https:\/\/www.versiegelung24.com\/hr\/brtvljenje-stakla-profesionalne-kvalitete.html#breadcrumb","itemListElement":[{"@type":"ListItem","position":1,"name":"Po\u010detna stranica","item":"https:\/\/www.versiegelung24.com\/hr\/ispred\/"},{"@type":"ListItem","position":2,"name":"Du\u0107an","item":"https:\/\/www.versiegelung24.com\/hr\/ducan\/"},{"@type":"ListItem","position":3,"name":"Brtvljenje stakla profesionalne kvalitete &#8211; Jednostavna njega"}]},{"@type":"WebSite","@id":"https:\/\/www.versiegelung24.com\/hr\/#website","url":"https:\/\/www.versiegelung24.com\/hr\/","name":"versiegelung24.com","description":"Fl\u00fcssigglas-Versiegelung - Made in Germany","publisher":{"@id":"https:\/\/www.versiegelung24.com\/hr\/#organization"},"potentialAction":[{"@type":"SearchAction","target":{"@type":"EntryPoint","urlTemplate":"https:\/\/www.versiegelung24.com\/hr\/?s={search_term_string}"},"query-input":{"@type":"PropertyValueSpecification","valueRequired":true,"valueName":"search_term_string"}}],"inLanguage":"hr"},{"@type":"Organization","@id":"https:\/\/www.versiegelung24.com\/hr\/#organization","name":"versiegelung24","url":"https:\/\/www.versiegelung24.com\/hr\/","logo":{"@type":"ImageObject","inLanguage":"hr","@id":"https:\/\/www.versiegelung24.com\/hr\/#\/schema\/logo\/image\/","url":"https:\/\/www.versiegelung24.com\/wp-content\/uploads\/2020\/04\/versiegelung24.png","contentUrl":"https:\/\/www.versiegelung24.com\/wp-content\/uploads\/2020\/04\/versiegelung24.png","width":470,"height":102,"caption":"versiegelung24"},"image":{"@id":"https:\/\/www.versiegelung24.com\/hr\/#\/schema\/logo\/image\/"}}]},"og_availability":"instock","product_availability":"instock","product_retailer_item_id":"1000-6601","product_condition":"new"},"_links":{"self":[{"href":"https:\/\/www.versiegelung24.com\/hr\/wp-json\/wp\/v2\/product\/22853","targetHints":{"allow":["GET"]}}],"collection":[{"href":"https:\/\/www.versiegelung24.com\/hr\/wp-json\/wp\/v2\/product"}],"about":[{"href":"https:\/\/www.versiegelung24.com\/hr\/wp-json\/wp\/v2\/types\/product"}],"version-history":[{"count":33,"href":"https:\/\/www.versiegelung24.com\/hr\/wp-json\/wp\/v2\/product\/22853\/revisions"}],"predecessor-version":[{"id":177509,"href":"https:\/\/www.versiegelung24.com\/hr\/wp-json\/wp\/v2\/product\/22853\/revisions\/177509"}],"wp:featuredmedia":[{"embeddable":true,"href":"https:\/\/www.versiegelung24.com\/hr\/wp-json\/wp\/v2\/media\/17711"}],"wp:attachment":[{"href":"https:\/\/www.versiegelung24.com\/hr\/wp-json\/wp\/v2\/media?parent=22853"}],"wp:term":[{"taxonomy":"product_brand","embeddable":true,"href":"https:\/\/www.versiegelung24.com\/hr\/wp-json\/wp\/v2\/product_brand?post=22853"},{"taxonomy":"product_cat","embeddable":true,"href":"https:\/\/www.versiegelung24.com\/hr\/wp-json\/wp\/v2\/product_cat?post=22853"},{"taxonomy":"product_tag","embeddable":true,"href":"https:\/\/www.versiegelung24.com\/hr\/wp-json\/wp\/v2\/product_tag?post=22853"}],"curies":[{"name":"wp","href":"https:\/\/api.w.org\/{rel}","templated":true}]}}