{"id":22918,"date":"2020-04-04T18:53:18","date_gmt":"2021-08-02T19:07:46","guid":{"rendered":"https:\/\/www.versiegelung24.com\/produkt\/bacoban-dugotrajne-maramice-za-dezinfekciju-povrsina-50-komada-u-ravnom-pakiranju"},"modified":"2025-01-13T16:37:54","modified_gmt":"2025-01-13T15:37:54","slug":"bacoban-dugotrajna-platnena-dezinfekcijska-krpa-50-komada-u-ravnom-pakiranju-krpa-format-180-x-200-mm","status":"publish","type":"product","link":"https:\/\/www.versiegelung24.com\/hr\/bacoban-dugotrajna-platnena-dezinfekcijska-krpa-50-komada-u-ravnom-pakiranju-krpa-format-180-x-200-mm.html","title":{"rendered":"BACOBAN\u00ae dugotrajne maramice za dezinfekciju povr\u0161ina, 50 komada u ravnom pakiranju"},"content":{"rendered":"\n<p>Vla\u017ene maramice spremne za dezinfekciju povr\u0161ina otpornih na alkohol<\/p>\n\n<hr \/>\n\n<h4 class=\"wp-block-heading\" id=\"properties\">Zna\u010dajke proizvoda<\/h4>\n\n<div class=\"wp-block-columns is-layout-flex wp-container-core-columns-is-layout-9d6595d7 wp-block-columns-is-layout-flex\">\n<div class=\"wp-block-column is-layout-flow wp-block-column-is-layout-flow\">\n<ul class=\"wp-block-list\">\n<li>trajni antimikrobni u\u010dinak (efekt remanence)<br \/> do 10 dana<\/li>\n\n\n\n<li>u\u010dinkovit protiv koronavirusa<\/li>\n\n\n\n<li>vrlo dobra podno\u0161ljivost ko\u017ee<\/li>\n\n\n\n<li>visok u\u010dinak \u010di\u0161\u0107enja<\/li>\n\n\n\n<li>Prakti\u010dna primjena testirana u testu na 4 polja<\/li>\n<\/ul>\n<\/div>\n\n\n\n<div class=\"wp-block-column is-layout-flow wp-block-column-is-layout-flow\">\n<h3 class=\"wp-block-heading\" id=\"zusammensetzung\">sastav<\/h3>\n\n\n\n<p>100 g otopine sadr\u017ei: benzalkonijev klorid 0,26 g, natrijev pirition 0,025 g, polikondenzate, mirise, pro\u010di\u0161\u0107enu vodu.<br \/> Sastojci prema VO (EC) br. 648\/2004: manje od 5% kationskih povr\u0161inski aktivnih tvari, dezinficijensi, mirisi.<br \/> Bez formaldehida, bez fenola.<\/p>\n<\/div>\n<\/div>\n\n<hr \/>\n\n<h4 class=\"wp-block-heading\" id=\"application\">Primjena<\/h4>\n\n<p><strong>Bacoban<\/strong><sup> \u00ae<\/sup><strong> DL<\/strong> je spremna za uporabu otopina na bazi vode za povr\u0161insku dezinfekciju i \u010di\u0161\u0107enje s dugotrajnim, antimikrobnim u\u010dinkom (u\u010dinak zaostajanja).<\/p>\n\n<h3 class=\"wp-block-heading\" id=\"gebrauch\">koristiti<\/h3>\n\n<p><strong>Bacoban<\/strong><sup> \u00ae<\/sup><strong> DL<\/strong> Uklonite gotovu krpu i ravnomjerno rasporedite teku\u0107inu po povr\u0161ini. Zatim ostavite da se osu\u0161i. Nemojte ispirati ili su\u0161iti.<\/p>\n\n<figure class=\"wp-block-table\"><table><tbody><tr><td>djelotvornost<\/td><\/tr><tr><td>Testiranje prema smjernicama DVV \/ RKI<\/td><td>Trajanje izlaganja<\/td><\/tr><tr><td>Ograni\u010deni virucidni (virusi s ovojnicom uklju\u010duju\u0107i <strong>koronavirus<\/strong> ,<br \/> HIV, HBV, HCV, gripa, herpes, virus ebole&#8230;)<\/td><td>5 minuta<\/td><\/tr><tr><td>Rotavirus<\/td><td>5 minuta<\/td><\/tr><tr><td>Norovirus<\/td><td>30 min<\/td><\/tr><tr><td>Papiloma virus (HPV)<\/td><td>60 min<\/td><\/tr><tr><td>Testiranje prema smjernicama DGHM (s mehanikom, veliko optere\u0107enje)<\/td><\/tr><tr><td>baktericidno i kvasno<\/td><td>5 minuta<\/td><\/tr><tr><td>EN standardima<\/td><\/tr><tr><td>EN 1040 (baktericidno)<\/td><td>5 minuta<\/td><\/tr><tr><td>EN 1275 (kvasni)<\/td><td>5 minuta<\/td><\/tr><tr><td>EN 1276 (baktericidno)<\/td><td>5 minuta<\/td><\/tr><tr><td>EN 13727 (baktericidno)<\/td><td>5 minuta<\/td><\/tr><tr><td>EN 13624 (kvasac, fungicid)<\/td><td>5 minuta<\/td><\/tr><tr><td>EN 1650 (kvasni)<\/td><td>5 minuta<\/td><\/tr><tr><td>EN 13697 (baktericidno)<\/td><td>5 minuta<\/td><\/tr><tr><td>EN 14561 (baktericidno)<\/td><td>60 min<\/td><\/tr><tr><td>EN 14562 (kvasni)<\/td><td>60 min<\/td><\/tr><tr><td>EN 16615 (baktericidno, kvasno) (ispitivanje u 4 polja)<\/td><td>5 minuta<\/td><\/tr><\/tbody><\/table><\/figure>\n\n<hr \/>\n\n<h4 class=\"wp-block-heading\" id=\"advisor\">savjetnik<\/h4>\n\n<h3 class=\"wp-block-heading\" id=\"lagerung\">skladi\u0161tenje<\/h3>\n\n<p><strong>Bacoban<\/strong><sup> \u00ae<\/sup><strong> DL<\/strong> \u010duvati na +5 do + 25 \u00b0 C. Za\u0161tititi od mraza i izravne sun\u010deve svjetlosti.<\/p>\n\n<h3 class=\"wp-block-heading\" id=\"gutachten\">Procjena<\/h3>\n\n<p>Na\u0161i su proizvodi opse\u017eno testirani. Rado \u0107emo vam na zahtjev dostaviti na\u0161a mikrobiolo\u0161ka i dermatolo\u0161ka izvje\u0161\u0107a.<\/p>\n\n<h3 class=\"wp-block-heading\" id=\"sicherheitshinweis\">Obavijest o sigurnosti<\/h3>\n\n<p>Sigurnosno -tehni\u010dki list dostupan na zahtjev.<\/p>\n\n<p>Odr\u017eivi antimikrobni u\u010dinak <strong>(remanentni u\u010dinak)<\/strong> do <strong>10 dana<\/strong> (testirano na temelju ASTM E 2180).<br \/> Dermatolo\u0161ki ispitano (patch test s 30 ispitanika): vrlo dobra kompatibilnost s ko\u017eom.<\/p>\n\n<p><strong>Va\u017eno<\/strong> ! Antimikrobni preostali u\u010dinak<strong> Bacoban<\/strong><sup> \u00ae<\/sup><strong> DL<\/strong> ne smije dovesti do propu\u0161tanja potrebnih mjera dezinfekcije u slu\u010daju vidljive i \/ ili upitne kontaminacije!<\/p>\n\n<p><strong>Pa\u017eljivo koristite dezinficijense. Prije uporabe uvijek pro\u010ditajte naljepnicu i podatke o proizvodu.<\/strong><\/p>\n\n<p>Broj biocida: N-34071 (D), 262\/17 \/ L (Lu), PT2<\/p>\n","protected":false},"excerpt":{"rendered":"<p><strong>Vla\u017ene maramice spremne za uporabu za dezinfekciju povr\u0161ina<\/strong><\/p>\n","protected":false},"featured_media":176456,"template":"","meta":{"_acf_changed":false,"neve_meta_sidebar":"","neve_meta_container":"","neve_meta_enable_content_width":"","neve_meta_content_width":0,"neve_meta_title_alignment":"","neve_meta_author_avatar":"","neve_post_elements_order":"","neve_meta_disable_header":"","neve_meta_disable_footer":"","neve_meta_disable_title":"","neve_meta_reading_time":"","_surfaces":[],"_ver_product_tabs":[],"footnotes":""},"product_brand":[],"product_cat":[2284,2285],"product_tag":[],"class_list":{"0":"post-22918","1":"product","2":"type-product","3":"status-publish","4":"has-post-thumbnail","6":"product_cat-dezinficijensi","7":"product_cat-sredstva-za-dezinfekciju-povrsine","9":"first","10":"onbackorder","11":"taxable","12":"shipping-taxable","13":"purchasable","14":"product-type-simple"},"acf":[],"yoast_head":"<!-- This site is optimized with the Yoast SEO Premium plugin v22.8 (Yoast SEO v27.5) - https:\/\/yoast.com\/product\/yoast-seo-premium-wordpress\/ -->\n<title>BACOBAN\u00ae dugotrajne maramice za dezinfekciju povr\u0161ina, 50 komada u ravnom pakiranju - versiegelung24.com<\/title>\n<meta name=\"robots\" content=\"index, follow, max-snippet:-1, max-image-preview:large, max-video-preview:-1\" \/>\n<link rel=\"canonical\" href=\"https:\/\/www.versiegelung24.com\/hr\/bacoban-dugotrajna-platnena-dezinfekcijska-krpa-50-komada-u-ravnom-pakiranju-krpa-format-180-x-200-mm.html\" \/>\n<meta property=\"og:locale\" content=\"hr_HR\" \/>\n<meta property=\"og:type\" content=\"article\" \/>\n<meta property=\"og:title\" content=\"BACOBAN\u00ae dugotrajne maramice za dezinfekciju povr\u0161ina, 50 komada u ravnom pakiranju\" \/>\n<meta property=\"og:description\" content=\"Vla\u017ene maramice spremne za uporabu za dezinfekciju povr\u0161ina\" \/>\n<meta property=\"og:url\" content=\"https:\/\/www.versiegelung24.com\/hr\/bacoban-dugotrajna-platnena-dezinfekcijska-krpa-50-komada-u-ravnom-pakiranju-krpa-format-180-x-200-mm.html\" \/>\n<meta property=\"og:site_name\" content=\"versiegelung24.com\" \/>\n<meta property=\"article:modified_time\" content=\"2025-01-13T15:37:54+00:00\" \/>\n<meta property=\"og:image\" content=\"https:\/\/www.versiegelung24.com\/wp-content\/uploads\/2020\/04\/bacotue-produktbild-schraeg.webp\" \/>\n\t<meta property=\"og:image:width\" content=\"2000\" \/>\n\t<meta property=\"og:image:height\" content=\"2000\" \/>\n\t<meta property=\"og:image:type\" content=\"image\/webp\" \/>\n<meta name=\"twitter:card\" content=\"summary_large_image\" \/>\n<meta name=\"twitter:label1\" content=\"Price\" \/>\n\t<meta name=\"twitter:data1\" content=\"7,79&euro;\" \/>\n\t<meta name=\"twitter:label2\" content=\"Availability\" \/>\n\t<meta name=\"twitter:data2\" content=\"On backorder\" \/>\n<script type=\"application\/ld+json\" class=\"yoast-schema-graph\">{\"@context\":\"https:\\\/\\\/schema.org\",\"@graph\":[{\"@type\":\"WebPage\",\"@id\":\"https:\\\/\\\/www.versiegelung24.com\\\/hr\\\/bacoban-dugotrajna-platnena-dezinfekcijska-krpa-50-komada-u-ravnom-pakiranju-krpa-format-180-x-200-mm.html\",\"url\":\"https:\\\/\\\/www.versiegelung24.com\\\/hr\\\/bacoban-dugotrajna-platnena-dezinfekcijska-krpa-50-komada-u-ravnom-pakiranju-krpa-format-180-x-200-mm.html\",\"name\":\"BACOBAN\u00ae dugotrajne maramice za dezinfekciju povr\u0161ina, 50 komada u ravnom pakiranju - versiegelung24.com\",\"isPartOf\":{\"@id\":\"https:\\\/\\\/www.versiegelung24.com\\\/hr\\\/#website\"},\"primaryImageOfPage\":{\"@id\":\"https:\\\/\\\/www.versiegelung24.com\\\/hr\\\/bacoban-dugotrajna-platnena-dezinfekcijska-krpa-50-komada-u-ravnom-pakiranju-krpa-format-180-x-200-mm.html#primaryimage\"},\"image\":{\"@id\":\"https:\\\/\\\/www.versiegelung24.com\\\/hr\\\/bacoban-dugotrajna-platnena-dezinfekcijska-krpa-50-komada-u-ravnom-pakiranju-krpa-format-180-x-200-mm.html#primaryimage\"},\"thumbnailUrl\":\"https:\\\/\\\/www.versiegelung24.com\\\/wp-content\\\/uploads\\\/2020\\\/04\\\/bacotue-produktbild-schraeg.webp\",\"datePublished\":\"2021-08-02T19:07:46+00:00\",\"dateModified\":\"2025-01-13T15:37:54+00:00\",\"breadcrumb\":{\"@id\":\"https:\\\/\\\/www.versiegelung24.com\\\/hr\\\/bacoban-dugotrajna-platnena-dezinfekcijska-krpa-50-komada-u-ravnom-pakiranju-krpa-format-180-x-200-mm.html#breadcrumb\"},\"inLanguage\":\"hr\",\"potentialAction\":[{\"@type\":\"ReadAction\",\"target\":[\"https:\\\/\\\/www.versiegelung24.com\\\/hr\\\/bacoban-dugotrajna-platnena-dezinfekcijska-krpa-50-komada-u-ravnom-pakiranju-krpa-format-180-x-200-mm.html\"]}]},{\"@type\":\"ImageObject\",\"inLanguage\":\"hr\",\"@id\":\"https:\\\/\\\/www.versiegelung24.com\\\/hr\\\/bacoban-dugotrajna-platnena-dezinfekcijska-krpa-50-komada-u-ravnom-pakiranju-krpa-format-180-x-200-mm.html#primaryimage\",\"url\":\"https:\\\/\\\/www.versiegelung24.com\\\/wp-content\\\/uploads\\\/2020\\\/04\\\/bacotue-produktbild-schraeg.webp\",\"contentUrl\":\"https:\\\/\\\/www.versiegelung24.com\\\/wp-content\\\/uploads\\\/2020\\\/04\\\/bacotue-produktbild-schraeg.webp\",\"width\":2000,\"height\":2000},{\"@type\":\"BreadcrumbList\",\"@id\":\"https:\\\/\\\/www.versiegelung24.com\\\/hr\\\/bacoban-dugotrajna-platnena-dezinfekcijska-krpa-50-komada-u-ravnom-pakiranju-krpa-format-180-x-200-mm.html#breadcrumb\",\"itemListElement\":[{\"@type\":\"ListItem\",\"position\":1,\"name\":\"Po\u010detna stranica\",\"item\":\"https:\\\/\\\/www.versiegelung24.com\\\/hr\\\/ispred\\\/\"},{\"@type\":\"ListItem\",\"position\":2,\"name\":\"Du\u0107an\",\"item\":\"https:\\\/\\\/www.versiegelung24.com\\\/hr\\\/ducan\\\/\"},{\"@type\":\"ListItem\",\"position\":3,\"name\":\"BACOBAN\u00ae dugotrajne maramice za dezinfekciju povr\u0161ina, 50 komada u ravnom pakiranju\"}]},{\"@type\":\"WebSite\",\"@id\":\"https:\\\/\\\/www.versiegelung24.com\\\/hr\\\/#website\",\"url\":\"https:\\\/\\\/www.versiegelung24.com\\\/hr\\\/\",\"name\":\"versiegelung24.com\",\"description\":\"Fl\u00fcssigglas-Versiegelung - Made in Germany\",\"publisher\":{\"@id\":\"https:\\\/\\\/www.versiegelung24.com\\\/hr\\\/#organization\"},\"potentialAction\":[{\"@type\":\"SearchAction\",\"target\":{\"@type\":\"EntryPoint\",\"urlTemplate\":\"https:\\\/\\\/www.versiegelung24.com\\\/hr\\\/?s={search_term_string}\"},\"query-input\":{\"@type\":\"PropertyValueSpecification\",\"valueRequired\":true,\"valueName\":\"search_term_string\"}}],\"inLanguage\":\"hr\"},{\"@type\":\"Organization\",\"@id\":\"https:\\\/\\\/www.versiegelung24.com\\\/hr\\\/#organization\",\"name\":\"versiegelung24\",\"url\":\"https:\\\/\\\/www.versiegelung24.com\\\/hr\\\/\",\"logo\":{\"@type\":\"ImageObject\",\"inLanguage\":\"hr\",\"@id\":\"https:\\\/\\\/www.versiegelung24.com\\\/hr\\\/#\\\/schema\\\/logo\\\/image\\\/\",\"url\":\"https:\\\/\\\/www.versiegelung24.com\\\/wp-content\\\/uploads\\\/2020\\\/04\\\/versiegelung24.png\",\"contentUrl\":\"https:\\\/\\\/www.versiegelung24.com\\\/wp-content\\\/uploads\\\/2020\\\/04\\\/versiegelung24.png\",\"width\":470,\"height\":102,\"caption\":\"versiegelung24\"},\"image\":{\"@id\":\"https:\\\/\\\/www.versiegelung24.com\\\/hr\\\/#\\\/schema\\\/logo\\\/image\\\/\"}}]}<\/script>\n<meta property=\"product:price:amount\" content=\"7.79\" \/>\n<meta property=\"product:price:currency\" content=\"EUR\" \/>\n<meta property=\"og:availability\" content=\"backorder\" \/>\n<meta property=\"product:availability\" content=\"available for order\" \/>\n<meta property=\"product:retailer_item_id\" content=\"BACTUE\" \/>\n<meta property=\"product:condition\" content=\"new\" \/>\n<!-- \/ Yoast SEO Premium plugin. -->","yoast_head_json":{"title":"BACOBAN\u00ae dugotrajne maramice za dezinfekciju povr\u0161ina, 50 komada u ravnom pakiranju - versiegelung24.com","robots":{"index":"index","follow":"follow","max-snippet":"max-snippet:-1","max-image-preview":"max-image-preview:large","max-video-preview":"max-video-preview:-1"},"canonical":"https:\/\/www.versiegelung24.com\/hr\/bacoban-dugotrajna-platnena-dezinfekcijska-krpa-50-komada-u-ravnom-pakiranju-krpa-format-180-x-200-mm.html","og_locale":"hr_HR","og_type":"article","og_title":"BACOBAN\u00ae dugotrajne maramice za dezinfekciju povr\u0161ina, 50 komada u ravnom pakiranju","og_description":"Vla\u017ene maramice spremne za uporabu za dezinfekciju povr\u0161ina","og_url":"https:\/\/www.versiegelung24.com\/hr\/bacoban-dugotrajna-platnena-dezinfekcijska-krpa-50-komada-u-ravnom-pakiranju-krpa-format-180-x-200-mm.html","og_site_name":"versiegelung24.com","article_modified_time":"2025-01-13T15:37:54+00:00","og_image":[{"width":2000,"height":2000,"url":"https:\/\/www.versiegelung24.com\/wp-content\/uploads\/2020\/04\/bacotue-produktbild-schraeg.webp","type":"image\/webp"}],"twitter_card":"summary_large_image","twitter_misc":{"Price":"7,79&euro;","Availability":"On backorder"},"schema":{"@context":"https:\/\/schema.org","@graph":[{"@type":"WebPage","@id":"https:\/\/www.versiegelung24.com\/hr\/bacoban-dugotrajna-platnena-dezinfekcijska-krpa-50-komada-u-ravnom-pakiranju-krpa-format-180-x-200-mm.html","url":"https:\/\/www.versiegelung24.com\/hr\/bacoban-dugotrajna-platnena-dezinfekcijska-krpa-50-komada-u-ravnom-pakiranju-krpa-format-180-x-200-mm.html","name":"BACOBAN\u00ae dugotrajne maramice za dezinfekciju povr\u0161ina, 50 komada u ravnom pakiranju - versiegelung24.com","isPartOf":{"@id":"https:\/\/www.versiegelung24.com\/hr\/#website"},"primaryImageOfPage":{"@id":"https:\/\/www.versiegelung24.com\/hr\/bacoban-dugotrajna-platnena-dezinfekcijska-krpa-50-komada-u-ravnom-pakiranju-krpa-format-180-x-200-mm.html#primaryimage"},"image":{"@id":"https:\/\/www.versiegelung24.com\/hr\/bacoban-dugotrajna-platnena-dezinfekcijska-krpa-50-komada-u-ravnom-pakiranju-krpa-format-180-x-200-mm.html#primaryimage"},"thumbnailUrl":"https:\/\/www.versiegelung24.com\/wp-content\/uploads\/2020\/04\/bacotue-produktbild-schraeg.webp","datePublished":"2021-08-02T19:07:46+00:00","dateModified":"2025-01-13T15:37:54+00:00","breadcrumb":{"@id":"https:\/\/www.versiegelung24.com\/hr\/bacoban-dugotrajna-platnena-dezinfekcijska-krpa-50-komada-u-ravnom-pakiranju-krpa-format-180-x-200-mm.html#breadcrumb"},"inLanguage":"hr","potentialAction":[{"@type":"ReadAction","target":["https:\/\/www.versiegelung24.com\/hr\/bacoban-dugotrajna-platnena-dezinfekcijska-krpa-50-komada-u-ravnom-pakiranju-krpa-format-180-x-200-mm.html"]}]},{"@type":"ImageObject","inLanguage":"hr","@id":"https:\/\/www.versiegelung24.com\/hr\/bacoban-dugotrajna-platnena-dezinfekcijska-krpa-50-komada-u-ravnom-pakiranju-krpa-format-180-x-200-mm.html#primaryimage","url":"https:\/\/www.versiegelung24.com\/wp-content\/uploads\/2020\/04\/bacotue-produktbild-schraeg.webp","contentUrl":"https:\/\/www.versiegelung24.com\/wp-content\/uploads\/2020\/04\/bacotue-produktbild-schraeg.webp","width":2000,"height":2000},{"@type":"BreadcrumbList","@id":"https:\/\/www.versiegelung24.com\/hr\/bacoban-dugotrajna-platnena-dezinfekcijska-krpa-50-komada-u-ravnom-pakiranju-krpa-format-180-x-200-mm.html#breadcrumb","itemListElement":[{"@type":"ListItem","position":1,"name":"Po\u010detna stranica","item":"https:\/\/www.versiegelung24.com\/hr\/ispred\/"},{"@type":"ListItem","position":2,"name":"Du\u0107an","item":"https:\/\/www.versiegelung24.com\/hr\/ducan\/"},{"@type":"ListItem","position":3,"name":"BACOBAN\u00ae dugotrajne maramice za dezinfekciju povr\u0161ina, 50 komada u ravnom pakiranju"}]},{"@type":"WebSite","@id":"https:\/\/www.versiegelung24.com\/hr\/#website","url":"https:\/\/www.versiegelung24.com\/hr\/","name":"versiegelung24.com","description":"Fl\u00fcssigglas-Versiegelung - Made in Germany","publisher":{"@id":"https:\/\/www.versiegelung24.com\/hr\/#organization"},"potentialAction":[{"@type":"SearchAction","target":{"@type":"EntryPoint","urlTemplate":"https:\/\/www.versiegelung24.com\/hr\/?s={search_term_string}"},"query-input":{"@type":"PropertyValueSpecification","valueRequired":true,"valueName":"search_term_string"}}],"inLanguage":"hr"},{"@type":"Organization","@id":"https:\/\/www.versiegelung24.com\/hr\/#organization","name":"versiegelung24","url":"https:\/\/www.versiegelung24.com\/hr\/","logo":{"@type":"ImageObject","inLanguage":"hr","@id":"https:\/\/www.versiegelung24.com\/hr\/#\/schema\/logo\/image\/","url":"https:\/\/www.versiegelung24.com\/wp-content\/uploads\/2020\/04\/versiegelung24.png","contentUrl":"https:\/\/www.versiegelung24.com\/wp-content\/uploads\/2020\/04\/versiegelung24.png","width":470,"height":102,"caption":"versiegelung24"},"image":{"@id":"https:\/\/www.versiegelung24.com\/hr\/#\/schema\/logo\/image\/"}}]},"product_price_amount":"7.79","product_price_currency":"EUR","og_availability":"backorder","product_availability":"available for order","product_retailer_item_id":"BACTUE","product_condition":"new"},"_links":{"self":[{"href":"https:\/\/www.versiegelung24.com\/hr\/wp-json\/wp\/v2\/product\/22918","targetHints":{"allow":["GET"]}}],"collection":[{"href":"https:\/\/www.versiegelung24.com\/hr\/wp-json\/wp\/v2\/product"}],"about":[{"href":"https:\/\/www.versiegelung24.com\/hr\/wp-json\/wp\/v2\/types\/product"}],"version-history":[{"count":15,"href":"https:\/\/www.versiegelung24.com\/hr\/wp-json\/wp\/v2\/product\/22918\/revisions"}],"predecessor-version":[{"id":180560,"href":"https:\/\/www.versiegelung24.com\/hr\/wp-json\/wp\/v2\/product\/22918\/revisions\/180560"}],"wp:featuredmedia":[{"embeddable":true,"href":"https:\/\/www.versiegelung24.com\/hr\/wp-json\/wp\/v2\/media\/176456"}],"wp:attachment":[{"href":"https:\/\/www.versiegelung24.com\/hr\/wp-json\/wp\/v2\/media?parent=22918"}],"wp:term":[{"taxonomy":"product_brand","embeddable":true,"href":"https:\/\/www.versiegelung24.com\/hr\/wp-json\/wp\/v2\/product_brand?post=22918"},{"taxonomy":"product_cat","embeddable":true,"href":"https:\/\/www.versiegelung24.com\/hr\/wp-json\/wp\/v2\/product_cat?post=22918"},{"taxonomy":"product_tag","embeddable":true,"href":"https:\/\/www.versiegelung24.com\/hr\/wp-json\/wp\/v2\/product_tag?post=22918"}],"curies":[{"name":"wp","href":"https:\/\/api.w.org\/{rel}","templated":true}]}}