{"id":23147,"date":"2020-04-04T18:53:14","date_gmt":"2021-08-02T19:23:51","guid":{"rendered":"https:\/\/www.versiegelung24.com\/produkt\/brtvljenje-drva-u-profesionalnoj-kvaliteti"},"modified":"2025-01-03T23:39:22","modified_gmt":"2025-01-03T22:39:22","slug":"brtvljenje-drva-profesionalne-kvalitete","status":"publish","type":"product","link":"https:\/\/www.versiegelung24.com\/hr\/brtvljenje-drva-u-profesionalnoj-kvaliteti.html","title":{"rendered":"Brtvljenje drva u profesionalnoj kvaliteti"},"content":{"rendered":"\n<p><strong>Visoko u\u010dinkovito profesionalno brtvilo za drvo s efektom dubine i lotosa (vodoodbojno), za unutarnju i vanjsku upotrebu, NOVO<\/strong><\/p>\n\n<p>Visoka kvaliteta Made in Germany.<\/p>\n\n<hr\/>\n\n<h4 class=\"wp-block-heading\" id=\"properties\">Zna\u010dajke proizvoda<\/h4>\n\n<div class=\"wp-block-columns is-layout-flex wp-container-core-columns-is-layout-9d6595d7 wp-block-columns-is-layout-flex\">\n<div class=\"wp-block-column is-layout-flow wp-block-column-is-layout-flow\">\n<ul class=\"wp-block-list\">\n<li>sna\u017ean hidrofobni i oleofobni u\u010dinak (odbojnost vode i ulja)<\/li>\n\n\n\n<li>Dubinski u\u010dinak &#8211; prodire do 10 mm u drvo (ovisno o strukturi)<\/li>\n\n\n\n<li>\u0160titi od plijesni, algi i vremenskih utjecaja<\/li>\n\n\n\n<li>U\u0161teda tro\u0161kova, vremena i energije kroz produ\u017eene cikluse \u010di\u0161\u0107enja<\/li>\n\n\n\n<li>Smanjenje brzine prodiranja vlage pri izlaganju vodi<\/li>\n\n\n\n<li>U\u010dinak koji se lako \u010disti<\/li>\n<\/ul>\n<\/div>\n\n\n\n<div class=\"wp-block-column is-layout-flow wp-block-column-is-layout-flow\">\n<ul class=\"wp-block-list\">\n<li>zape\u010da\u0107ene povr\u0161ine ostaju prozra\u010dne<\/li>\n\n\n\n<li>Smanjenje promjene boje zbog vremenskih utjecaja<\/li>\n\n\n\n<li>UV-stabilan, otporan na mraz i gotovo nevidljiv<\/li>\n\n\n\n<li>Jednostavno nano\u0161enje (mo\u017ee se raspr\u0161iti po velikoj povr\u0161ini)<\/li>\n\n\n\n<li>Rok trajanja: do 3-10 godina<\/li>\n<\/ul>\n\n\n\n<p>Opseg isporuke:<br\/> 1 x boca od litre<br\/> 1 x glava za prskanje s pumpicom<br\/><\/p>\n<\/div>\n<\/div>\n\n<hr\/>\n\n<h4 class=\"wp-block-heading\" id=\"application\">Primjena<\/h4>\n\n<div class=\"wp-block-columns is-layout-flex wp-container-core-columns-is-layout-9d6595d7 wp-block-columns-is-layout-flex\">\n<div class=\"wp-block-column is-layout-flow wp-block-column-is-layout-flow\">\n<ul class=\"wp-block-list\">\n<li>Sve tvrdo i meko drvo<\/li>\n\n\n\n<li>Drvene obloge u zatvorenom i na otvorenom<\/li>\n\n\n\n<li>Staje<\/li>\n\n\n\n<li>Drveni stropovi \/ drveni podovi<\/li>\n\n\n\n<li>Gra\u0111evinsko drvo<\/li>\n\n\n\n<li>Drveni okviri za prozore i vrata<\/li>\n<\/ul>\n<\/div>\n\n\n\n<div class=\"wp-block-column is-layout-flow wp-block-column-is-layout-flow\">\n<ul class=\"wp-block-list\" id=\"block-bd0826c4-8c3a-4f56-9878-ce5fe93599ff\">\n<li>Grede, podupira\u010di i podne daske<\/li>\n\n\n\n<li>Starinsko drvo<\/li>\n\n\n\n<li>Drvene obloge u sanitarnom prostoru<\/li>\n<\/ul>\n\n\n\n<p><strong>Potro\u0161nja ovisi o upijaju\u0107oj povr\u0161ini cca 10-40m\u00b2 \/ litri.<\/strong><\/p>\n<\/div>\n<\/div>\n","protected":false},"excerpt":{"rendered":"<p><strong>**NOVO** Vrlo u\u010dinkovito brtvljenje za upijaju\u0107e drvene povr\u0161ine:<\/strong><\/p>\n<p>\u2713 S efektom dubine<\/p>\n<p>\u2713 S efektom lotosa (vodoodbojnost)<\/p>\n<p>\u2713 Za iznutra i izvana<\/p>\n","protected":false},"featured_media":18164,"template":"","meta":{"_acf_changed":false,"neve_meta_sidebar":"","neve_meta_container":"","neve_meta_enable_content_width":"","neve_meta_content_width":0,"neve_meta_title_alignment":"","neve_meta_author_avatar":"","neve_post_elements_order":"","neve_meta_disable_header":"","neve_meta_disable_footer":"","neve_meta_disable_title":"","neve_meta_reading_time":"","_surfaces":[],"_ver_product_tabs":[],"footnotes":""},"product_brand":[],"product_cat":[2429],"product_tag":[],"class_list":{"0":"post-23147","1":"product","2":"type-product","3":"status-publish","4":"has-post-thumbnail","6":"product_cat-brtvljenje-drva","7":"pa_gebinde-punjiva-boca-od-1000-ml","8":"pa_gebinde-kanister-od-20l","9":"pa_gebinde-kanister-od-10l","10":"pa_gebinde-akcijski-set-s-bocom-od-100-ml","11":"pa_gebinde-bocica-od-50-ml","12":"pa_gebinde-akcijski-set-s-bocicom-od-50-ml","13":"pa_gebinde-bocica-od-100-ml","14":"pa_gebinde-bocica-od-150-ml","15":"pa_gebinde-bocica-od-500-ml","16":"pa_gebinde-bocica-od-200-ml","17":"pa_gebinde-bocica-od-1000-ml","18":"pa_gebinde-bocica-od-10-ml","19":"pa_gebinde-bocica-od-5-ml","20":"pa_gebinde-bocica-s-rasprsivacem-od-125-ml","22":"first","23":"instock","24":"taxable","25":"shipping-taxable","26":"purchasable","27":"product-type-variable","28":"has-default-attributes"},"acf":[],"yoast_head":"<!-- This site is optimized with the Yoast SEO Premium plugin v22.8 (Yoast SEO v27.5) - https:\/\/yoast.com\/product\/yoast-seo-premium-wordpress\/ -->\n<title>Brtvljenje drva u profesionalnoj kvaliteti - versiegelung24.com<\/title>\n<meta name=\"robots\" content=\"index, follow, max-snippet:-1, max-image-preview:large, max-video-preview:-1\" \/>\n<link rel=\"canonical\" href=\"https:\/\/www.versiegelung24.com\/hr\/brtvljenje-drva-u-profesionalnoj-kvaliteti.html\" \/>\n<meta property=\"og:locale\" content=\"hr_HR\" \/>\n<meta property=\"og:type\" content=\"article\" \/>\n<meta property=\"og:title\" content=\"Brtvljenje drva u profesionalnoj kvaliteti\" \/>\n<meta property=\"og:description\" content=\"**NOVO** Vrlo u\u010dinkovito brtvljenje za upijaju\u0107e drvene povr\u0161ine: \u2713 S efektom dubine \u2713 S efektom lotosa (vodoodbojnost) \u2713 Za iznutra i izvana\" \/>\n<meta property=\"og:url\" content=\"https:\/\/www.versiegelung24.com\/hr\/brtvljenje-drva-u-profesionalnoj-kvaliteti.html\" \/>\n<meta property=\"og:site_name\" content=\"versiegelung24.com\" \/>\n<meta property=\"article:modified_time\" content=\"2025-01-03T22:39:22+00:00\" \/>\n<meta property=\"og:image\" content=\"https:\/\/www.versiegelung24.com\/wp-content\/uploads\/2020\/06\/produkt-4000-695-1000-Holzversiegelung-scaled.jpg\" \/>\n\t<meta property=\"og:image:width\" content=\"2560\" \/>\n\t<meta property=\"og:image:height\" content=\"2560\" \/>\n\t<meta property=\"og:image:type\" content=\"image\/jpeg\" \/>\n<meta name=\"twitter:card\" content=\"summary_large_image\" \/>\n<meta name=\"twitter:label1\" content=\"Availability\" \/>\n\t<meta name=\"twitter:data1\" content=\"In stock\" \/>\n<script type=\"application\/ld+json\" class=\"yoast-schema-graph\">{\"@context\":\"https:\\\/\\\/schema.org\",\"@graph\":[{\"@type\":\"WebPage\",\"@id\":\"https:\\\/\\\/www.versiegelung24.com\\\/hr\\\/brtvljenje-drva-u-profesionalnoj-kvaliteti.html\",\"url\":\"https:\\\/\\\/www.versiegelung24.com\\\/hr\\\/brtvljenje-drva-u-profesionalnoj-kvaliteti.html\",\"name\":\"Brtvljenje drva u profesionalnoj kvaliteti - versiegelung24.com\",\"isPartOf\":{\"@id\":\"https:\\\/\\\/www.versiegelung24.com\\\/hr\\\/#website\"},\"primaryImageOfPage\":{\"@id\":\"https:\\\/\\\/www.versiegelung24.com\\\/hr\\\/brtvljenje-drva-u-profesionalnoj-kvaliteti.html#primaryimage\"},\"image\":{\"@id\":\"https:\\\/\\\/www.versiegelung24.com\\\/hr\\\/brtvljenje-drva-u-profesionalnoj-kvaliteti.html#primaryimage\"},\"thumbnailUrl\":\"https:\\\/\\\/www.versiegelung24.com\\\/wp-content\\\/uploads\\\/2020\\\/06\\\/produkt-4000-695-1000-Holzversiegelung-scaled.jpg\",\"datePublished\":\"2021-08-02T19:23:51+00:00\",\"dateModified\":\"2025-01-03T22:39:22+00:00\",\"breadcrumb\":{\"@id\":\"https:\\\/\\\/www.versiegelung24.com\\\/hr\\\/brtvljenje-drva-u-profesionalnoj-kvaliteti.html#breadcrumb\"},\"inLanguage\":\"hr\",\"potentialAction\":[{\"@type\":\"ReadAction\",\"target\":[\"https:\\\/\\\/www.versiegelung24.com\\\/hr\\\/brtvljenje-drva-u-profesionalnoj-kvaliteti.html\"]}]},{\"@type\":\"ImageObject\",\"inLanguage\":\"hr\",\"@id\":\"https:\\\/\\\/www.versiegelung24.com\\\/hr\\\/brtvljenje-drva-u-profesionalnoj-kvaliteti.html#primaryimage\",\"url\":\"https:\\\/\\\/www.versiegelung24.com\\\/wp-content\\\/uploads\\\/2020\\\/06\\\/produkt-4000-695-1000-Holzversiegelung-scaled.jpg\",\"contentUrl\":\"https:\\\/\\\/www.versiegelung24.com\\\/wp-content\\\/uploads\\\/2020\\\/06\\\/produkt-4000-695-1000-Holzversiegelung-scaled.jpg\",\"width\":2560,\"height\":2560},{\"@type\":\"BreadcrumbList\",\"@id\":\"https:\\\/\\\/www.versiegelung24.com\\\/hr\\\/brtvljenje-drva-u-profesionalnoj-kvaliteti.html#breadcrumb\",\"itemListElement\":[{\"@type\":\"ListItem\",\"position\":1,\"name\":\"Po\u010detna stranica\",\"item\":\"https:\\\/\\\/www.versiegelung24.com\\\/hr\\\/ispred\\\/\"},{\"@type\":\"ListItem\",\"position\":2,\"name\":\"Du\u0107an\",\"item\":\"https:\\\/\\\/www.versiegelung24.com\\\/hr\\\/ducan\\\/\"},{\"@type\":\"ListItem\",\"position\":3,\"name\":\"Brtvljenje drva u profesionalnoj kvaliteti\"}]},{\"@type\":\"WebSite\",\"@id\":\"https:\\\/\\\/www.versiegelung24.com\\\/hr\\\/#website\",\"url\":\"https:\\\/\\\/www.versiegelung24.com\\\/hr\\\/\",\"name\":\"versiegelung24.com\",\"description\":\"Fl\u00fcssigglas-Versiegelung - Made in Germany\",\"publisher\":{\"@id\":\"https:\\\/\\\/www.versiegelung24.com\\\/hr\\\/#organization\"},\"potentialAction\":[{\"@type\":\"SearchAction\",\"target\":{\"@type\":\"EntryPoint\",\"urlTemplate\":\"https:\\\/\\\/www.versiegelung24.com\\\/hr\\\/?s={search_term_string}\"},\"query-input\":{\"@type\":\"PropertyValueSpecification\",\"valueRequired\":true,\"valueName\":\"search_term_string\"}}],\"inLanguage\":\"hr\"},{\"@type\":\"Organization\",\"@id\":\"https:\\\/\\\/www.versiegelung24.com\\\/hr\\\/#organization\",\"name\":\"versiegelung24\",\"url\":\"https:\\\/\\\/www.versiegelung24.com\\\/hr\\\/\",\"logo\":{\"@type\":\"ImageObject\",\"inLanguage\":\"hr\",\"@id\":\"https:\\\/\\\/www.versiegelung24.com\\\/hr\\\/#\\\/schema\\\/logo\\\/image\\\/\",\"url\":\"https:\\\/\\\/www.versiegelung24.com\\\/wp-content\\\/uploads\\\/2020\\\/04\\\/versiegelung24.png\",\"contentUrl\":\"https:\\\/\\\/www.versiegelung24.com\\\/wp-content\\\/uploads\\\/2020\\\/04\\\/versiegelung24.png\",\"width\":470,\"height\":102,\"caption\":\"versiegelung24\"},\"image\":{\"@id\":\"https:\\\/\\\/www.versiegelung24.com\\\/hr\\\/#\\\/schema\\\/logo\\\/image\\\/\"}}]}<\/script>\n<meta property=\"og:availability\" content=\"instock\" \/>\n<meta property=\"product:availability\" content=\"instock\" \/>\n<meta property=\"product:retailer_item_id\" content=\"4000-695\" \/>\n<meta property=\"product:condition\" content=\"new\" \/>\n<!-- \/ Yoast SEO Premium plugin. -->","yoast_head_json":{"title":"Brtvljenje drva u profesionalnoj kvaliteti - versiegelung24.com","robots":{"index":"index","follow":"follow","max-snippet":"max-snippet:-1","max-image-preview":"max-image-preview:large","max-video-preview":"max-video-preview:-1"},"canonical":"https:\/\/www.versiegelung24.com\/hr\/brtvljenje-drva-u-profesionalnoj-kvaliteti.html","og_locale":"hr_HR","og_type":"article","og_title":"Brtvljenje drva u profesionalnoj kvaliteti","og_description":"**NOVO** Vrlo u\u010dinkovito brtvljenje za upijaju\u0107e drvene povr\u0161ine: \u2713 S efektom dubine \u2713 S efektom lotosa (vodoodbojnost) \u2713 Za iznutra i izvana","og_url":"https:\/\/www.versiegelung24.com\/hr\/brtvljenje-drva-u-profesionalnoj-kvaliteti.html","og_site_name":"versiegelung24.com","article_modified_time":"2025-01-03T22:39:22+00:00","og_image":[{"width":2560,"height":2560,"url":"https:\/\/www.versiegelung24.com\/wp-content\/uploads\/2020\/06\/produkt-4000-695-1000-Holzversiegelung-scaled.jpg","type":"image\/jpeg"}],"twitter_card":"summary_large_image","twitter_misc":{"Availability":"In stock"},"schema":{"@context":"https:\/\/schema.org","@graph":[{"@type":"WebPage","@id":"https:\/\/www.versiegelung24.com\/hr\/brtvljenje-drva-u-profesionalnoj-kvaliteti.html","url":"https:\/\/www.versiegelung24.com\/hr\/brtvljenje-drva-u-profesionalnoj-kvaliteti.html","name":"Brtvljenje drva u profesionalnoj kvaliteti - versiegelung24.com","isPartOf":{"@id":"https:\/\/www.versiegelung24.com\/hr\/#website"},"primaryImageOfPage":{"@id":"https:\/\/www.versiegelung24.com\/hr\/brtvljenje-drva-u-profesionalnoj-kvaliteti.html#primaryimage"},"image":{"@id":"https:\/\/www.versiegelung24.com\/hr\/brtvljenje-drva-u-profesionalnoj-kvaliteti.html#primaryimage"},"thumbnailUrl":"https:\/\/www.versiegelung24.com\/wp-content\/uploads\/2020\/06\/produkt-4000-695-1000-Holzversiegelung-scaled.jpg","datePublished":"2021-08-02T19:23:51+00:00","dateModified":"2025-01-03T22:39:22+00:00","breadcrumb":{"@id":"https:\/\/www.versiegelung24.com\/hr\/brtvljenje-drva-u-profesionalnoj-kvaliteti.html#breadcrumb"},"inLanguage":"hr","potentialAction":[{"@type":"ReadAction","target":["https:\/\/www.versiegelung24.com\/hr\/brtvljenje-drva-u-profesionalnoj-kvaliteti.html"]}]},{"@type":"ImageObject","inLanguage":"hr","@id":"https:\/\/www.versiegelung24.com\/hr\/brtvljenje-drva-u-profesionalnoj-kvaliteti.html#primaryimage","url":"https:\/\/www.versiegelung24.com\/wp-content\/uploads\/2020\/06\/produkt-4000-695-1000-Holzversiegelung-scaled.jpg","contentUrl":"https:\/\/www.versiegelung24.com\/wp-content\/uploads\/2020\/06\/produkt-4000-695-1000-Holzversiegelung-scaled.jpg","width":2560,"height":2560},{"@type":"BreadcrumbList","@id":"https:\/\/www.versiegelung24.com\/hr\/brtvljenje-drva-u-profesionalnoj-kvaliteti.html#breadcrumb","itemListElement":[{"@type":"ListItem","position":1,"name":"Po\u010detna stranica","item":"https:\/\/www.versiegelung24.com\/hr\/ispred\/"},{"@type":"ListItem","position":2,"name":"Du\u0107an","item":"https:\/\/www.versiegelung24.com\/hr\/ducan\/"},{"@type":"ListItem","position":3,"name":"Brtvljenje drva u profesionalnoj kvaliteti"}]},{"@type":"WebSite","@id":"https:\/\/www.versiegelung24.com\/hr\/#website","url":"https:\/\/www.versiegelung24.com\/hr\/","name":"versiegelung24.com","description":"Fl\u00fcssigglas-Versiegelung - Made in Germany","publisher":{"@id":"https:\/\/www.versiegelung24.com\/hr\/#organization"},"potentialAction":[{"@type":"SearchAction","target":{"@type":"EntryPoint","urlTemplate":"https:\/\/www.versiegelung24.com\/hr\/?s={search_term_string}"},"query-input":{"@type":"PropertyValueSpecification","valueRequired":true,"valueName":"search_term_string"}}],"inLanguage":"hr"},{"@type":"Organization","@id":"https:\/\/www.versiegelung24.com\/hr\/#organization","name":"versiegelung24","url":"https:\/\/www.versiegelung24.com\/hr\/","logo":{"@type":"ImageObject","inLanguage":"hr","@id":"https:\/\/www.versiegelung24.com\/hr\/#\/schema\/logo\/image\/","url":"https:\/\/www.versiegelung24.com\/wp-content\/uploads\/2020\/04\/versiegelung24.png","contentUrl":"https:\/\/www.versiegelung24.com\/wp-content\/uploads\/2020\/04\/versiegelung24.png","width":470,"height":102,"caption":"versiegelung24"},"image":{"@id":"https:\/\/www.versiegelung24.com\/hr\/#\/schema\/logo\/image\/"}}]},"og_availability":"instock","product_availability":"instock","product_retailer_item_id":"4000-695","product_condition":"new"},"_links":{"self":[{"href":"https:\/\/www.versiegelung24.com\/hr\/wp-json\/wp\/v2\/product\/23147","targetHints":{"allow":["GET"]}}],"collection":[{"href":"https:\/\/www.versiegelung24.com\/hr\/wp-json\/wp\/v2\/product"}],"about":[{"href":"https:\/\/www.versiegelung24.com\/hr\/wp-json\/wp\/v2\/types\/product"}],"version-history":[{"count":17,"href":"https:\/\/www.versiegelung24.com\/hr\/wp-json\/wp\/v2\/product\/23147\/revisions"}],"predecessor-version":[{"id":177527,"href":"https:\/\/www.versiegelung24.com\/hr\/wp-json\/wp\/v2\/product\/23147\/revisions\/177527"}],"wp:featuredmedia":[{"embeddable":true,"href":"https:\/\/www.versiegelung24.com\/hr\/wp-json\/wp\/v2\/media\/18164"}],"wp:attachment":[{"href":"https:\/\/www.versiegelung24.com\/hr\/wp-json\/wp\/v2\/media?parent=23147"}],"wp:term":[{"taxonomy":"product_brand","embeddable":true,"href":"https:\/\/www.versiegelung24.com\/hr\/wp-json\/wp\/v2\/product_brand?post=23147"},{"taxonomy":"product_cat","embeddable":true,"href":"https:\/\/www.versiegelung24.com\/hr\/wp-json\/wp\/v2\/product_cat?post=23147"},{"taxonomy":"product_tag","embeddable":true,"href":"https:\/\/www.versiegelung24.com\/hr\/wp-json\/wp\/v2\/product_tag?post=23147"}],"curies":[{"name":"wp","href":"https:\/\/api.w.org\/{rel}","templated":true}]}}