{"id":23224,"date":"2020-04-04T18:53:42","date_gmt":"2021-08-02T19:28:07","guid":{"rendered":"https:\/\/www.versiegelung24.com\/produkt\/univerzalno-brtvljenje-7675-za-tvrde-neupijajuce-povrsine-staklo-keramika-nehrdajuci-celik-plastika-metal"},"modified":"2025-03-20T10:10:16","modified_gmt":"2025-03-20T09:10:16","slug":"univerzalno-brtvljenje-7675-za-tvrde-neupijajuce-povrsine-staklo-keramika-nehrdajuci-celik-plastika-metal","status":"publish","type":"product","link":"https:\/\/www.versiegelung24.com\/hr\/univerzalno-brtvljenje-7675-za-tvrde-neupijajuce-povrsine-staklo-keramika-nehrdajuci-celik-plastika-metal.html","title":{"rendered":"Univerzalno brtvljenje 7675 za &#8220;tvrde&#8221; \/ neupijaju\u0107e povr\u0161ine (staklo \/ keramika +++, nehr\u0111aju\u0107i \u010delik +++, plastika \/ metal ++)"},"content":{"rendered":"\n<p><strong>Visoko u\u010dinkovito profesionalno univerzalno brtvljenje za &#8220;tvrde&#8221;\/neupijaju\u0107e povr\u0161ine kao \u0161to su staklene, kerami\u010dke, plasti\u010dne i metalne povr\u0161ine s efektom lakog \u010di\u0161\u0107enja NOVO, za unutarnje i vanjske prostore<\/strong><\/p>\n\n<p>Idealno za staklo \/ keramiku i nehr\u0111aju\u0107i \u010delik, tako\u0111er primjenjivo na plastiku i metal<\/p>\n\n<p>Visoka kvaliteta Made in Germany.<\/p>\n\n<p><strong>V24 univerzalno brtvilo 4005-7675<\/strong> je premazni materijal na bazi alkohola (IPA) koji stvara u\u010dinak lakog \u010di\u0161\u0107enja na staklenim, plasti\u010dnim, kerami\u010dkim i metalnim povr\u0161inama (krom, nehr\u0111aju\u0107i \u010delik, aluminij). Materijal stvara tanki film na povr\u0161ini, \u0161to smanjuje prianjanje prljav\u0161tine i stranih tvari i omogu\u0107uje bolje otpu\u0161tanje vode. Premazana povr\u0161ina posebno se lako \u010disti<\/p>\n\n<hr \/>\n\n<h4 class=\"wp-block-heading\" id=\"properties\">Zna\u010dajke proizvoda<\/h4>\n\n<div class=\"wp-block-columns is-layout-flex wp-container-core-columns-is-layout-9d6595d7 wp-block-columns-is-layout-flex\">\n<div class=\"wp-block-column is-layout-flow wp-block-column-is-layout-flow\">\n<ul class=\"wp-block-list\">\n<li>Isporu\u010duje se spremno za upotrebu<\/li>\n\n\n\n<li>omogu\u0107uje da se voda bolje otkotrlja<\/li>\n\n\n\n<li>U\u010dinak koji se lako \u010disti s obzirom na prljav\u0161tinu i kamenac<\/li>\n\n\n\n<li>bistra, bezbojna teku\u0107ina, nevidljiva i neprimjetna<\/li>\n\n\n\n<li>Povr\u0161ine ostaju dulje \u010diste, \u0161to produljuje cikluse \u010di\u0161\u0107enja i zna\u010dajno smanjuje tro\u0161kove, vrijeme i energiju za \u010di\u0161\u0107enje i odr\u017eavanje<\/li>\n\n\n\n<li>smanjuje rast mikroorganizama i bakterija te na taj na\u010din pobolj\u0161ava higijenu<\/li>\n<\/ul>\n<\/div>\n\n\n\n<div class=\"wp-block-column is-layout-flow wp-block-column-is-layout-flow\">\n<ul class=\"wp-block-list\">\n<li>Otporan na mraz, ekstremne vru\u0107ine, UV zra\u010denje, slanu vodu i slani zrak, minerale iz tvrde vode i lu\u017eina<\/li>\n\n\n\n<li>Alge i pti\u010dji izmet vi\u0161e se ne mogu \u010dvrsto dr\u017eati<\/li>\n\n\n\n<li>bez fluora<\/li>\n<\/ul>\n\n\n\n<p>Opseg isporuke:<br \/> 1 x boca od litre<br \/> 1 x glava za prskanje s pumpicom<\/p>\n<\/div>\n<\/div>\n\n<hr \/>\n\n<h4 class=\"wp-block-heading\" id=\"application\">Primjena<\/h4>\n\n<div class=\"wp-block-columns is-layout-flex wp-container-core-columns-is-layout-9d6595d7 wp-block-columns-is-layout-flex\">\n<div class=\"wp-block-column is-layout-flow wp-block-column-is-layout-flow\">\n<ul class=\"wp-block-list\">\n<li>Sanitarije (toaleti, bidei, kerami\u010dke kade, tu\u0161evi, umivaonici, ogledala)<\/li>\n\n\n\n<li>Bazeni (vanjski kerami\u010dki, nije prikladno za podvodno)<\/li>\n\n\n\n<li>Sve vrste kerami\u010dkih plo\u010dica, npr. U kuhinjama<\/li>\n\n\n\n<li>Prozorsko i gra\u0111evinsko staklo (zimski vrtovi, visoke zgrade, nadstre\u0161nice)<\/li>\n\n\n\n<li>Plasti\u010dne i metalne povr\u0161ine<\/li>\n\n\n\n<li>Za stakla za automobile preporu\u010dujemo na\u0161e<a href=\"https:\/\/www.versiegelung24.com\/autoglas-versiegelung\/\"> Vrhunsko brtvljenje auto stakla<\/a><\/li>\n<\/ul>\n<\/div>\n\n\n\n<div class=\"wp-block-column is-layout-flow wp-block-column-is-layout-flow\">\n<p>Lako se nanosi:<br \/> 1. Prethodno vrlo dobro o\u010distite povr\u0161inu (\u0161to je \u010di\u0161\u0107e, to dulje traje brtva)<br \/> 2. Prije upotrebe ponovno prethodno o\u010distite alkoholom (npr. izopropil)<br \/> 3. Poprskajte brtvilo na tkaninu i nanesite na povr\u0161inu<br \/> 4. Nakon 5 minuta pa\u017eljivo ispolirajte krpom od mikrofibre bez pritiskanja<br \/> 5. Ostavite da se stvrdne 12 sati \u2013 gotovo<\/p>\n\n\n\n<p>Rok trajanja: do 3-10 godina<\/p>\n\n\n\n<p>Do 1 200 m\u00b2 mo\u017ee se zape\u010datiti s 1 litrom.<\/p>\n<\/div>\n<\/div>\n\n<hr \/>\n\n<h4 class=\"wp-block-heading\" id=\"h-ratgeber\">savjetnik<\/h4>\n\n<p>Na\u0161e univerzalne brtve posebno su prikladne za sektor uradi sam.<\/p>\n\n<p>Kombiniraju profesionalni na\u010din djelovanja na razli\u010ditim povr\u0161inama s jednostavnim rukovanjem tijekom nano\u0161enja. I sve to bez velikih kompromisa u pogledu kvalitete.<\/p>\n\n<p>Na taj se na\u010din nanosi na vi\u0161e materijala sa samo jednim univerzalnim brtvilom, a posti\u017ee se i visokokvalitetan u\u010dinak i dugotrajnost.<\/p>\n\n<p>Me\u0111utim, za komercijalne i industrijske primjene gdje se na odre\u0111enoj povr\u0161ini \u017eeli posti\u0107i najvi\u0161a mogu\u0107a razina performansi, preporu\u010damo kori\u0161tenje na\u0161ih posebnih zavr\u0161nih obrada za tu povr\u0161inu.<\/p>\n","protected":false},"excerpt":{"rendered":"<p><strong>**NOVO** Visoko u\u010dinkovita profesionalna univerzalna brtva za &#8220;tvrde&#8221;\/neupijaju\u0107e povr\u0161ine kao \u0161to su:<\/strong><\/p>\n<p>\u2713 Staklo<\/p>\n<p>\u2713 Kerami\u010dke povr\u0161ine<\/p>\n<p>\u2713 Plasti\u010dne povr\u0161ine<\/p>\n<p>\u2713 Metalne povr\u0161ine<\/p>\n<p>\u2713 S u\u010dinkom koji se lako \u010disti<\/p>\n","protected":false},"featured_media":18236,"template":"","meta":{"_acf_changed":false,"neve_meta_sidebar":"","neve_meta_container":"","neve_meta_enable_content_width":"","neve_meta_content_width":0,"neve_meta_title_alignment":"","neve_meta_author_avatar":"","neve_post_elements_order":"","neve_meta_disable_header":"","neve_meta_disable_footer":"","neve_meta_disable_title":"","neve_meta_reading_time":"","_surfaces":[],"_ver_product_tabs":[],"footnotes":""},"product_brand":[],"product_cat":[2479],"product_tag":[],"class_list":{"0":"post-23224","1":"product","2":"type-product","3":"status-publish","4":"has-post-thumbnail","6":"product_cat-univerzalna-brtva","8":"first","9":"instock","10":"taxable","11":"shipping-taxable","12":"purchasable","13":"product-type-simple"},"acf":[],"yoast_head":"<!-- This site is optimized with the Yoast SEO Premium plugin v22.8 (Yoast SEO v27.5) - https:\/\/yoast.com\/product\/yoast-seo-premium-wordpress\/ -->\n<title>Univerzalno brtvljenje 7675 za &quot;tvrde&quot; \/ neupijaju\u0107e povr\u0161ine (staklo \/ keramika +++, nehr\u0111aju\u0107i \u010delik +++, plastika \/ metal ++) - versiegelung24.com<\/title>\n<meta name=\"robots\" content=\"index, follow, max-snippet:-1, max-image-preview:large, max-video-preview:-1\" \/>\n<link rel=\"canonical\" href=\"https:\/\/www.versiegelung24.com\/hr\/univerzalno-brtvljenje-7675-za-tvrde-neupijajuce-povrsine-staklo-keramika-nehrdajuci-celik-plastika-metal.html\" \/>\n<meta property=\"og:locale\" content=\"hr_HR\" \/>\n<meta property=\"og:type\" content=\"article\" \/>\n<meta property=\"og:title\" content=\"Univerzalno brtvljenje 7675 za &quot;tvrde&quot; \/ neupijaju\u0107e povr\u0161ine (staklo \/ keramika +++, nehr\u0111aju\u0107i \u010delik +++, plastika \/ metal ++)\" \/>\n<meta property=\"og:description\" content=\"**NOVO** Visoko u\u010dinkovita profesionalna univerzalna brtva za &quot;tvrde&quot;\/neupijaju\u0107e povr\u0161ine kao \u0161to su: \u2713 Staklo \u2713 Kerami\u010dke povr\u0161ine \u2713 Plasti\u010dne povr\u0161ine \u2713 Metalne povr\u0161ine \u2713 S u\u010dinkom koji se lako \u010disti\" \/>\n<meta property=\"og:url\" content=\"https:\/\/www.versiegelung24.com\/hr\/univerzalno-brtvljenje-7675-za-tvrde-neupijajuce-povrsine-staklo-keramika-nehrdajuci-celik-plastika-metal.html\" \/>\n<meta property=\"og:site_name\" content=\"versiegelung24.com\" \/>\n<meta property=\"article:modified_time\" content=\"2025-03-20T09:10:16+00:00\" \/>\n<meta property=\"og:image\" content=\"https:\/\/www.versiegelung24.com\/wp-content\/uploads\/2020\/06\/produkt-4005-7675-1000-Universalversiegelung-7675-scaled.jpg\" \/>\n\t<meta property=\"og:image:width\" content=\"2560\" \/>\n\t<meta property=\"og:image:height\" content=\"2560\" \/>\n\t<meta property=\"og:image:type\" content=\"image\/jpeg\" \/>\n<meta name=\"twitter:card\" content=\"summary_large_image\" \/>\n<meta name=\"twitter:label1\" content=\"Price\" \/>\n\t<meta name=\"twitter:data1\" content=\"89,99&euro;\" \/>\n\t<meta name=\"twitter:label2\" content=\"Availability\" \/>\n\t<meta name=\"twitter:data2\" content=\"In stock\" \/>\n<script type=\"application\/ld+json\" class=\"yoast-schema-graph\">{\"@context\":\"https:\\\/\\\/schema.org\",\"@graph\":[{\"@type\":\"WebPage\",\"@id\":\"https:\\\/\\\/www.versiegelung24.com\\\/hr\\\/univerzalno-brtvljenje-7675-za-tvrde-neupijajuce-povrsine-staklo-keramika-nehrdajuci-celik-plastika-metal.html\",\"url\":\"https:\\\/\\\/www.versiegelung24.com\\\/hr\\\/univerzalno-brtvljenje-7675-za-tvrde-neupijajuce-povrsine-staklo-keramika-nehrdajuci-celik-plastika-metal.html\",\"name\":\"Univerzalno brtvljenje 7675 za \\\"tvrde\\\" \\\/ neupijaju\u0107e povr\u0161ine (staklo \\\/ keramika +++, nehr\u0111aju\u0107i \u010delik +++, plastika \\\/ metal ++) - versiegelung24.com\",\"isPartOf\":{\"@id\":\"https:\\\/\\\/www.versiegelung24.com\\\/hr\\\/#website\"},\"primaryImageOfPage\":{\"@id\":\"https:\\\/\\\/www.versiegelung24.com\\\/hr\\\/univerzalno-brtvljenje-7675-za-tvrde-neupijajuce-povrsine-staklo-keramika-nehrdajuci-celik-plastika-metal.html#primaryimage\"},\"image\":{\"@id\":\"https:\\\/\\\/www.versiegelung24.com\\\/hr\\\/univerzalno-brtvljenje-7675-za-tvrde-neupijajuce-povrsine-staklo-keramika-nehrdajuci-celik-plastika-metal.html#primaryimage\"},\"thumbnailUrl\":\"https:\\\/\\\/www.versiegelung24.com\\\/wp-content\\\/uploads\\\/2020\\\/06\\\/produkt-4005-7675-1000-Universalversiegelung-7675-scaled.jpg\",\"datePublished\":\"2021-08-02T19:28:07+00:00\",\"dateModified\":\"2025-03-20T09:10:16+00:00\",\"breadcrumb\":{\"@id\":\"https:\\\/\\\/www.versiegelung24.com\\\/hr\\\/univerzalno-brtvljenje-7675-za-tvrde-neupijajuce-povrsine-staklo-keramika-nehrdajuci-celik-plastika-metal.html#breadcrumb\"},\"inLanguage\":\"hr\",\"potentialAction\":[{\"@type\":\"ReadAction\",\"target\":[\"https:\\\/\\\/www.versiegelung24.com\\\/hr\\\/univerzalno-brtvljenje-7675-za-tvrde-neupijajuce-povrsine-staklo-keramika-nehrdajuci-celik-plastika-metal.html\"]}]},{\"@type\":\"ImageObject\",\"inLanguage\":\"hr\",\"@id\":\"https:\\\/\\\/www.versiegelung24.com\\\/hr\\\/univerzalno-brtvljenje-7675-za-tvrde-neupijajuce-povrsine-staklo-keramika-nehrdajuci-celik-plastika-metal.html#primaryimage\",\"url\":\"https:\\\/\\\/www.versiegelung24.com\\\/wp-content\\\/uploads\\\/2020\\\/06\\\/produkt-4005-7675-1000-Universalversiegelung-7675-scaled.jpg\",\"contentUrl\":\"https:\\\/\\\/www.versiegelung24.com\\\/wp-content\\\/uploads\\\/2020\\\/06\\\/produkt-4005-7675-1000-Universalversiegelung-7675-scaled.jpg\",\"width\":2560,\"height\":2560},{\"@type\":\"BreadcrumbList\",\"@id\":\"https:\\\/\\\/www.versiegelung24.com\\\/hr\\\/univerzalno-brtvljenje-7675-za-tvrde-neupijajuce-povrsine-staklo-keramika-nehrdajuci-celik-plastika-metal.html#breadcrumb\",\"itemListElement\":[{\"@type\":\"ListItem\",\"position\":1,\"name\":\"Po\u010detna stranica\",\"item\":\"https:\\\/\\\/www.versiegelung24.com\\\/hr\\\/ispred\\\/\"},{\"@type\":\"ListItem\",\"position\":2,\"name\":\"Du\u0107an\",\"item\":\"https:\\\/\\\/www.versiegelung24.com\\\/hr\\\/ducan\\\/\"},{\"@type\":\"ListItem\",\"position\":3,\"name\":\"Univerzalno brtvljenje 7675 za &#8220;tvrde&#8221; \\\/ neupijaju\u0107e povr\u0161ine (staklo \\\/ keramika +++, nehr\u0111aju\u0107i \u010delik +++, plastika \\\/ metal ++)\"}]},{\"@type\":\"WebSite\",\"@id\":\"https:\\\/\\\/www.versiegelung24.com\\\/hr\\\/#website\",\"url\":\"https:\\\/\\\/www.versiegelung24.com\\\/hr\\\/\",\"name\":\"versiegelung24.com\",\"description\":\"Fl\u00fcssigglas-Versiegelung - Made in Germany\",\"publisher\":{\"@id\":\"https:\\\/\\\/www.versiegelung24.com\\\/hr\\\/#organization\"},\"potentialAction\":[{\"@type\":\"SearchAction\",\"target\":{\"@type\":\"EntryPoint\",\"urlTemplate\":\"https:\\\/\\\/www.versiegelung24.com\\\/hr\\\/?s={search_term_string}\"},\"query-input\":{\"@type\":\"PropertyValueSpecification\",\"valueRequired\":true,\"valueName\":\"search_term_string\"}}],\"inLanguage\":\"hr\"},{\"@type\":\"Organization\",\"@id\":\"https:\\\/\\\/www.versiegelung24.com\\\/hr\\\/#organization\",\"name\":\"versiegelung24\",\"url\":\"https:\\\/\\\/www.versiegelung24.com\\\/hr\\\/\",\"logo\":{\"@type\":\"ImageObject\",\"inLanguage\":\"hr\",\"@id\":\"https:\\\/\\\/www.versiegelung24.com\\\/hr\\\/#\\\/schema\\\/logo\\\/image\\\/\",\"url\":\"https:\\\/\\\/www.versiegelung24.com\\\/wp-content\\\/uploads\\\/2020\\\/04\\\/versiegelung24.png\",\"contentUrl\":\"https:\\\/\\\/www.versiegelung24.com\\\/wp-content\\\/uploads\\\/2020\\\/04\\\/versiegelung24.png\",\"width\":470,\"height\":102,\"caption\":\"versiegelung24\"},\"image\":{\"@id\":\"https:\\\/\\\/www.versiegelung24.com\\\/hr\\\/#\\\/schema\\\/logo\\\/image\\\/\"}}]}<\/script>\n<meta property=\"product:price:amount\" content=\"89.99\" \/>\n<meta property=\"product:price:currency\" content=\"EUR\" \/>\n<meta property=\"og:availability\" content=\"instock\" \/>\n<meta property=\"product:availability\" content=\"instock\" \/>\n<meta property=\"product:retailer_item_id\" content=\"4005-7675\" \/>\n<meta property=\"product:condition\" content=\"new\" \/>\n<!-- \/ Yoast SEO Premium plugin. -->","yoast_head_json":{"title":"Univerzalno brtvljenje 7675 za \"tvrde\" \/ neupijaju\u0107e povr\u0161ine (staklo \/ keramika +++, nehr\u0111aju\u0107i \u010delik +++, plastika \/ metal ++) - versiegelung24.com","robots":{"index":"index","follow":"follow","max-snippet":"max-snippet:-1","max-image-preview":"max-image-preview:large","max-video-preview":"max-video-preview:-1"},"canonical":"https:\/\/www.versiegelung24.com\/hr\/univerzalno-brtvljenje-7675-za-tvrde-neupijajuce-povrsine-staklo-keramika-nehrdajuci-celik-plastika-metal.html","og_locale":"hr_HR","og_type":"article","og_title":"Univerzalno brtvljenje 7675 za \"tvrde\" \/ neupijaju\u0107e povr\u0161ine (staklo \/ keramika +++, nehr\u0111aju\u0107i \u010delik +++, plastika \/ metal ++)","og_description":"**NOVO** Visoko u\u010dinkovita profesionalna univerzalna brtva za \"tvrde\"\/neupijaju\u0107e povr\u0161ine kao \u0161to su: \u2713 Staklo \u2713 Kerami\u010dke povr\u0161ine \u2713 Plasti\u010dne povr\u0161ine \u2713 Metalne povr\u0161ine \u2713 S u\u010dinkom koji se lako \u010disti","og_url":"https:\/\/www.versiegelung24.com\/hr\/univerzalno-brtvljenje-7675-za-tvrde-neupijajuce-povrsine-staklo-keramika-nehrdajuci-celik-plastika-metal.html","og_site_name":"versiegelung24.com","article_modified_time":"2025-03-20T09:10:16+00:00","og_image":[{"width":2560,"height":2560,"url":"https:\/\/www.versiegelung24.com\/wp-content\/uploads\/2020\/06\/produkt-4005-7675-1000-Universalversiegelung-7675-scaled.jpg","type":"image\/jpeg"}],"twitter_card":"summary_large_image","twitter_misc":{"Price":"89,99&euro;","Availability":"In stock"},"schema":{"@context":"https:\/\/schema.org","@graph":[{"@type":"WebPage","@id":"https:\/\/www.versiegelung24.com\/hr\/univerzalno-brtvljenje-7675-za-tvrde-neupijajuce-povrsine-staklo-keramika-nehrdajuci-celik-plastika-metal.html","url":"https:\/\/www.versiegelung24.com\/hr\/univerzalno-brtvljenje-7675-za-tvrde-neupijajuce-povrsine-staklo-keramika-nehrdajuci-celik-plastika-metal.html","name":"Univerzalno brtvljenje 7675 za \"tvrde\" \/ neupijaju\u0107e povr\u0161ine (staklo \/ keramika +++, nehr\u0111aju\u0107i \u010delik +++, plastika \/ metal ++) - versiegelung24.com","isPartOf":{"@id":"https:\/\/www.versiegelung24.com\/hr\/#website"},"primaryImageOfPage":{"@id":"https:\/\/www.versiegelung24.com\/hr\/univerzalno-brtvljenje-7675-za-tvrde-neupijajuce-povrsine-staklo-keramika-nehrdajuci-celik-plastika-metal.html#primaryimage"},"image":{"@id":"https:\/\/www.versiegelung24.com\/hr\/univerzalno-brtvljenje-7675-za-tvrde-neupijajuce-povrsine-staklo-keramika-nehrdajuci-celik-plastika-metal.html#primaryimage"},"thumbnailUrl":"https:\/\/www.versiegelung24.com\/wp-content\/uploads\/2020\/06\/produkt-4005-7675-1000-Universalversiegelung-7675-scaled.jpg","datePublished":"2021-08-02T19:28:07+00:00","dateModified":"2025-03-20T09:10:16+00:00","breadcrumb":{"@id":"https:\/\/www.versiegelung24.com\/hr\/univerzalno-brtvljenje-7675-za-tvrde-neupijajuce-povrsine-staklo-keramika-nehrdajuci-celik-plastika-metal.html#breadcrumb"},"inLanguage":"hr","potentialAction":[{"@type":"ReadAction","target":["https:\/\/www.versiegelung24.com\/hr\/univerzalno-brtvljenje-7675-za-tvrde-neupijajuce-povrsine-staklo-keramika-nehrdajuci-celik-plastika-metal.html"]}]},{"@type":"ImageObject","inLanguage":"hr","@id":"https:\/\/www.versiegelung24.com\/hr\/univerzalno-brtvljenje-7675-za-tvrde-neupijajuce-povrsine-staklo-keramika-nehrdajuci-celik-plastika-metal.html#primaryimage","url":"https:\/\/www.versiegelung24.com\/wp-content\/uploads\/2020\/06\/produkt-4005-7675-1000-Universalversiegelung-7675-scaled.jpg","contentUrl":"https:\/\/www.versiegelung24.com\/wp-content\/uploads\/2020\/06\/produkt-4005-7675-1000-Universalversiegelung-7675-scaled.jpg","width":2560,"height":2560},{"@type":"BreadcrumbList","@id":"https:\/\/www.versiegelung24.com\/hr\/univerzalno-brtvljenje-7675-za-tvrde-neupijajuce-povrsine-staklo-keramika-nehrdajuci-celik-plastika-metal.html#breadcrumb","itemListElement":[{"@type":"ListItem","position":1,"name":"Po\u010detna stranica","item":"https:\/\/www.versiegelung24.com\/hr\/ispred\/"},{"@type":"ListItem","position":2,"name":"Du\u0107an","item":"https:\/\/www.versiegelung24.com\/hr\/ducan\/"},{"@type":"ListItem","position":3,"name":"Univerzalno brtvljenje 7675 za &#8220;tvrde&#8221; \/ neupijaju\u0107e povr\u0161ine (staklo \/ keramika +++, nehr\u0111aju\u0107i \u010delik +++, plastika \/ metal ++)"}]},{"@type":"WebSite","@id":"https:\/\/www.versiegelung24.com\/hr\/#website","url":"https:\/\/www.versiegelung24.com\/hr\/","name":"versiegelung24.com","description":"Fl\u00fcssigglas-Versiegelung - Made in Germany","publisher":{"@id":"https:\/\/www.versiegelung24.com\/hr\/#organization"},"potentialAction":[{"@type":"SearchAction","target":{"@type":"EntryPoint","urlTemplate":"https:\/\/www.versiegelung24.com\/hr\/?s={search_term_string}"},"query-input":{"@type":"PropertyValueSpecification","valueRequired":true,"valueName":"search_term_string"}}],"inLanguage":"hr"},{"@type":"Organization","@id":"https:\/\/www.versiegelung24.com\/hr\/#organization","name":"versiegelung24","url":"https:\/\/www.versiegelung24.com\/hr\/","logo":{"@type":"ImageObject","inLanguage":"hr","@id":"https:\/\/www.versiegelung24.com\/hr\/#\/schema\/logo\/image\/","url":"https:\/\/www.versiegelung24.com\/wp-content\/uploads\/2020\/04\/versiegelung24.png","contentUrl":"https:\/\/www.versiegelung24.com\/wp-content\/uploads\/2020\/04\/versiegelung24.png","width":470,"height":102,"caption":"versiegelung24"},"image":{"@id":"https:\/\/www.versiegelung24.com\/hr\/#\/schema\/logo\/image\/"}}]},"product_price_amount":"89.99","product_price_currency":"EUR","og_availability":"instock","product_availability":"instock","product_retailer_item_id":"4005-7675","product_condition":"new"},"_links":{"self":[{"href":"https:\/\/www.versiegelung24.com\/hr\/wp-json\/wp\/v2\/product\/23224","targetHints":{"allow":["GET"]}}],"collection":[{"href":"https:\/\/www.versiegelung24.com\/hr\/wp-json\/wp\/v2\/product"}],"about":[{"href":"https:\/\/www.versiegelung24.com\/hr\/wp-json\/wp\/v2\/types\/product"}],"version-history":[{"count":16,"href":"https:\/\/www.versiegelung24.com\/hr\/wp-json\/wp\/v2\/product\/23224\/revisions"}],"predecessor-version":[{"id":181095,"href":"https:\/\/www.versiegelung24.com\/hr\/wp-json\/wp\/v2\/product\/23224\/revisions\/181095"}],"wp:featuredmedia":[{"embeddable":true,"href":"https:\/\/www.versiegelung24.com\/hr\/wp-json\/wp\/v2\/media\/18236"}],"wp:attachment":[{"href":"https:\/\/www.versiegelung24.com\/hr\/wp-json\/wp\/v2\/media?parent=23224"}],"wp:term":[{"taxonomy":"product_brand","embeddable":true,"href":"https:\/\/www.versiegelung24.com\/hr\/wp-json\/wp\/v2\/product_brand?post=23224"},{"taxonomy":"product_cat","embeddable":true,"href":"https:\/\/www.versiegelung24.com\/hr\/wp-json\/wp\/v2\/product_cat?post=23224"},{"taxonomy":"product_tag","embeddable":true,"href":"https:\/\/www.versiegelung24.com\/hr\/wp-json\/wp\/v2\/product_tag?post=23224"}],"curies":[{"name":"wp","href":"https:\/\/api.w.org\/{rel}","templated":true}]}}