{"id":23252,"date":"2020-04-04T18:53:43","date_gmt":"2021-08-02T19:29:07","guid":{"rendered":"https:\/\/www.versiegelung24.com\/produkt\/univerzalno-brtvljenje-695-za-meke-upijajuce-povrsine-kamen-drvo-tekstil"},"modified":"2025-04-12T11:47:51","modified_gmt":"2025-04-12T09:47:51","slug":"univerzalna-brtva-695-za-meko-upijajuce-povrsine-kamen-drvo-tekstil","status":"publish","type":"product","link":"https:\/\/www.versiegelung24.com\/hr\/univerzalno-brtvljenje-695-za-meke-upijajuce-povrsine-kamen-drvo-tekstil.html","title":{"rendered":"Univerzalno brtvljenje 695 za &#8220;meke&#8221; \/ upijaju\u0107e povr\u0161ine (kamen +++, drvo +++, tekstil ++)"},"content":{"rendered":"\n<p><strong>Visoko u\u010dinkovita profesionalna univerzalna brtva za &#8220;meke&#8221;\/upijaju\u0107e povr\u0161ine kao \u0161to su tekstil, kamen, drvo s u\u010dinkom koji se lako \u010disti<\/strong><\/p>\n\n<p>Idealno za kamen i drvo, primjenjivo i na tekstil<\/p>\n\n<p>Visoka kvaliteta &#8211; proizvedeno u Njema\u010dkoj<\/p>\n\n<p><strong>V24 univerzalno brtvljenje 4007-695<\/strong> je vodena impregnacija za upijaju\u0107e \/ &#8220;meke&#8221; povr\u0161ine s vrlo dobrom hidrofobno\u0161\u0107u (vodoodbojnost) i oleofobno\u0161\u0107u (odbojnost ulja) povr\u0161ina. Proizvod tvori gotovo nevidljiv, tanki povr\u0161inski film. Vodootporni u\u010dinak zna\u010dajno smanjuje brzinu prodiranja vlage na obra\u0111ene povr\u0161ine i ponovno zaprljanje. Prodor ulja i tvari bez boje na povr\u0161inu je smanjen i mo\u017ee se lako ukloniti \/ o\u010distiti.<\/p>\n\n<hr \/>\n\n<h4 class=\"wp-block-heading\" id=\"properties\">Zna\u010dajke proizvoda<\/h4>\n\n<div class=\"wp-block-columns is-layout-flex wp-container-core-columns-is-layout-9d6595d7 wp-block-columns-is-layout-flex\">\n<div class=\"wp-block-column is-layout-flow wp-block-column-is-layout-flow\">\n<p>Napomena: Jeftini bijeli tekstil mo\u017ee imati \u017eutu nijansu<\/p>\n\n\n\n<p>Ovisno o upijaju\u0107oj povr\u0161ini koja se brtvi, 1 litra dovoljna je za do 40 m\u00b2.<\/p>\n<\/div>\n\n\n\n<div class=\"wp-block-column is-layout-flow wp-block-column-is-layout-flow\">\n<p><strong>Opseg isporuke:<\/strong><br \/> 1 x boca od litre<br \/> 1 x glava za prskanje s pumpicom<\/p>\n<\/div>\n<\/div>\n\n<hr \/>\n\n<h4 class=\"wp-block-heading\" id=\"h-ratgeber\">savjetnik<\/h4>\n\n<p>Na\u0161e univerzalne brtve posebno su prikladne za sektor uradi sam.<\/p>\n\n<p>Kombiniraju profesionalni na\u010din djelovanja na razli\u010ditim povr\u0161inama s jednostavnim rukovanjem tijekom nano\u0161enja. I sve to bez velikih kompromisa u pogledu kvalitete.<\/p>\n\n<p>Na taj se na\u010din nanosi na vi\u0161e materijala sa samo jednim univerzalnim brtvilom, a posti\u017ee se i visokokvalitetan u\u010dinak i dugotrajnost.<\/p>\n\n<p>Me\u0111utim, za komercijalne i industrijske primjene gdje se na odre\u0111enoj povr\u0161ini \u017eeli posti\u0107i najvi\u0161a mogu\u0107a razina performansi, preporu\u010damo kori\u0161tenje na\u0161ih posebnih zavr\u0161nih obrada za tu povr\u0161inu.<\/p>\n","protected":false},"excerpt":{"rendered":"<p><strong>Visoko u\u010dinkovita profesionalna univerzalna brtva za upijaju\u0107e \/ &#8220;meke&#8221; povr\u0161ine:<\/strong><\/p>\n<p>\u2713 Tekstil<\/p>\n<p>\u2713 Kamen<\/p>\n<p>\u2713 drvo<\/p>\n<p>\u2713 S u\u010dinkom koji se lako \u010disti<\/p>\n","protected":false},"featured_media":18305,"template":"","meta":{"_acf_changed":false,"neve_meta_sidebar":"","neve_meta_container":"","neve_meta_enable_content_width":"","neve_meta_content_width":0,"neve_meta_title_alignment":"","neve_meta_author_avatar":"","neve_post_elements_order":"","neve_meta_disable_header":"","neve_meta_disable_footer":"","neve_meta_disable_title":"","neve_meta_reading_time":"","_surfaces":[],"_ver_product_tabs":[],"footnotes":""},"product_brand":[],"product_cat":[2479],"product_tag":[],"class_list":{"0":"post-23252","1":"product","2":"type-product","3":"status-publish","4":"has-post-thumbnail","6":"product_cat-univerzalna-brtva","7":"pa_gebinde-bocica-od-1000-ml","8":"pa_gebinde-kanister-od-20l","10":"first","11":"instock","12":"taxable","13":"shipping-taxable","14":"purchasable","15":"product-type-variable","16":"has-default-attributes"},"acf":[],"yoast_head":"<!-- This site is optimized with the Yoast SEO Premium plugin v22.8 (Yoast SEO v27.4) - https:\/\/yoast.com\/product\/yoast-seo-premium-wordpress\/ -->\n<title>Univerzalno brtvljenje 695 za &quot;meke&quot; \/ upijaju\u0107e povr\u0161ine (kamen +++, drvo +++, tekstil ++) - versiegelung24.com<\/title>\n<meta name=\"robots\" content=\"index, follow, max-snippet:-1, max-image-preview:large, max-video-preview:-1\" \/>\n<link rel=\"canonical\" href=\"https:\/\/www.versiegelung24.com\/hr\/univerzalno-brtvljenje-695-za-meke-upijajuce-povrsine-kamen-drvo-tekstil.html\" \/>\n<meta property=\"og:locale\" content=\"hr_HR\" \/>\n<meta property=\"og:type\" content=\"article\" \/>\n<meta property=\"og:title\" content=\"Univerzalno brtvljenje 695 za &quot;meke&quot; \/ upijaju\u0107e povr\u0161ine (kamen +++, drvo +++, tekstil ++)\" \/>\n<meta property=\"og:description\" content=\"Visoko u\u010dinkovita profesionalna univerzalna brtva za upijaju\u0107e \/ &quot;meke&quot; povr\u0161ine: \u2713 Tekstil \u2713 Kamen \u2713 drvo \u2713 S u\u010dinkom koji se lako \u010disti\" \/>\n<meta property=\"og:url\" content=\"https:\/\/www.versiegelung24.com\/hr\/univerzalno-brtvljenje-695-za-meke-upijajuce-povrsine-kamen-drvo-tekstil.html\" \/>\n<meta property=\"og:site_name\" content=\"versiegelung24.com\" \/>\n<meta property=\"article:modified_time\" content=\"2025-04-12T09:47:51+00:00\" \/>\n<meta property=\"og:image\" content=\"https:\/\/www.versiegelung24.com\/wp-content\/uploads\/2020\/06\/produkt-4007-695-1000-Universalversiegelung-695-scaled.jpg\" \/>\n\t<meta property=\"og:image:width\" content=\"2560\" \/>\n\t<meta property=\"og:image:height\" content=\"2560\" \/>\n\t<meta property=\"og:image:type\" content=\"image\/jpeg\" \/>\n<meta name=\"twitter:card\" content=\"summary_large_image\" \/>\n<meta name=\"twitter:label1\" content=\"Availability\" \/>\n\t<meta name=\"twitter:data1\" content=\"In stock\" \/>\n<script type=\"application\/ld+json\" class=\"yoast-schema-graph\">{\"@context\":\"https:\\\/\\\/schema.org\",\"@graph\":[{\"@type\":\"WebPage\",\"@id\":\"https:\\\/\\\/www.versiegelung24.com\\\/hr\\\/univerzalno-brtvljenje-695-za-meke-upijajuce-povrsine-kamen-drvo-tekstil.html\",\"url\":\"https:\\\/\\\/www.versiegelung24.com\\\/hr\\\/univerzalno-brtvljenje-695-za-meke-upijajuce-povrsine-kamen-drvo-tekstil.html\",\"name\":\"Univerzalno brtvljenje 695 za \\\"meke\\\" \\\/ upijaju\u0107e povr\u0161ine (kamen +++, drvo +++, tekstil ++) - versiegelung24.com\",\"isPartOf\":{\"@id\":\"https:\\\/\\\/www.versiegelung24.com\\\/hr\\\/#website\"},\"primaryImageOfPage\":{\"@id\":\"https:\\\/\\\/www.versiegelung24.com\\\/hr\\\/univerzalno-brtvljenje-695-za-meke-upijajuce-povrsine-kamen-drvo-tekstil.html#primaryimage\"},\"image\":{\"@id\":\"https:\\\/\\\/www.versiegelung24.com\\\/hr\\\/univerzalno-brtvljenje-695-za-meke-upijajuce-povrsine-kamen-drvo-tekstil.html#primaryimage\"},\"thumbnailUrl\":\"https:\\\/\\\/www.versiegelung24.com\\\/wp-content\\\/uploads\\\/2020\\\/06\\\/produkt-4007-695-1000-Universalversiegelung-695-scaled.jpg\",\"datePublished\":\"2021-08-02T19:29:07+00:00\",\"dateModified\":\"2025-04-12T09:47:51+00:00\",\"breadcrumb\":{\"@id\":\"https:\\\/\\\/www.versiegelung24.com\\\/hr\\\/univerzalno-brtvljenje-695-za-meke-upijajuce-povrsine-kamen-drvo-tekstil.html#breadcrumb\"},\"inLanguage\":\"hr\",\"potentialAction\":[{\"@type\":\"ReadAction\",\"target\":[\"https:\\\/\\\/www.versiegelung24.com\\\/hr\\\/univerzalno-brtvljenje-695-za-meke-upijajuce-povrsine-kamen-drvo-tekstil.html\"]}]},{\"@type\":\"ImageObject\",\"inLanguage\":\"hr\",\"@id\":\"https:\\\/\\\/www.versiegelung24.com\\\/hr\\\/univerzalno-brtvljenje-695-za-meke-upijajuce-povrsine-kamen-drvo-tekstil.html#primaryimage\",\"url\":\"https:\\\/\\\/www.versiegelung24.com\\\/wp-content\\\/uploads\\\/2020\\\/06\\\/produkt-4007-695-1000-Universalversiegelung-695-scaled.jpg\",\"contentUrl\":\"https:\\\/\\\/www.versiegelung24.com\\\/wp-content\\\/uploads\\\/2020\\\/06\\\/produkt-4007-695-1000-Universalversiegelung-695-scaled.jpg\",\"width\":2560,\"height\":2560},{\"@type\":\"BreadcrumbList\",\"@id\":\"https:\\\/\\\/www.versiegelung24.com\\\/hr\\\/univerzalno-brtvljenje-695-za-meke-upijajuce-povrsine-kamen-drvo-tekstil.html#breadcrumb\",\"itemListElement\":[{\"@type\":\"ListItem\",\"position\":1,\"name\":\"Po\u010detna stranica\",\"item\":\"https:\\\/\\\/www.versiegelung24.com\\\/hr\\\/ispred\\\/\"},{\"@type\":\"ListItem\",\"position\":2,\"name\":\"Du\u0107an\",\"item\":\"https:\\\/\\\/www.versiegelung24.com\\\/hr\\\/ducan\\\/\"},{\"@type\":\"ListItem\",\"position\":3,\"name\":\"Univerzalno brtvljenje 695 za &#8220;meke&#8221; \\\/ upijaju\u0107e povr\u0161ine (kamen +++, drvo +++, tekstil ++)\"}]},{\"@type\":\"WebSite\",\"@id\":\"https:\\\/\\\/www.versiegelung24.com\\\/hr\\\/#website\",\"url\":\"https:\\\/\\\/www.versiegelung24.com\\\/hr\\\/\",\"name\":\"versiegelung24.com\",\"description\":\"Fl\u00fcssigglas-Versiegelung - Made in Germany\",\"publisher\":{\"@id\":\"https:\\\/\\\/www.versiegelung24.com\\\/hr\\\/#organization\"},\"potentialAction\":[{\"@type\":\"SearchAction\",\"target\":{\"@type\":\"EntryPoint\",\"urlTemplate\":\"https:\\\/\\\/www.versiegelung24.com\\\/hr\\\/?s={search_term_string}\"},\"query-input\":{\"@type\":\"PropertyValueSpecification\",\"valueRequired\":true,\"valueName\":\"search_term_string\"}}],\"inLanguage\":\"hr\"},{\"@type\":\"Organization\",\"@id\":\"https:\\\/\\\/www.versiegelung24.com\\\/hr\\\/#organization\",\"name\":\"versiegelung24\",\"url\":\"https:\\\/\\\/www.versiegelung24.com\\\/hr\\\/\",\"logo\":{\"@type\":\"ImageObject\",\"inLanguage\":\"hr\",\"@id\":\"https:\\\/\\\/www.versiegelung24.com\\\/hr\\\/#\\\/schema\\\/logo\\\/image\\\/\",\"url\":\"https:\\\/\\\/www.versiegelung24.com\\\/wp-content\\\/uploads\\\/2020\\\/04\\\/versiegelung24.png\",\"contentUrl\":\"https:\\\/\\\/www.versiegelung24.com\\\/wp-content\\\/uploads\\\/2020\\\/04\\\/versiegelung24.png\",\"width\":470,\"height\":102,\"caption\":\"versiegelung24\"},\"image\":{\"@id\":\"https:\\\/\\\/www.versiegelung24.com\\\/hr\\\/#\\\/schema\\\/logo\\\/image\\\/\"}}]}<\/script>\n<meta property=\"og:availability\" content=\"instock\" \/>\n<meta property=\"product:availability\" content=\"instock\" \/>\n<meta property=\"product:retailer_item_id\" content=\"4007-695\" \/>\n<meta property=\"product:condition\" content=\"new\" \/>\n<!-- \/ Yoast SEO Premium plugin. -->","yoast_head_json":{"title":"Univerzalno brtvljenje 695 za \"meke\" \/ upijaju\u0107e povr\u0161ine (kamen +++, drvo +++, tekstil ++) - versiegelung24.com","robots":{"index":"index","follow":"follow","max-snippet":"max-snippet:-1","max-image-preview":"max-image-preview:large","max-video-preview":"max-video-preview:-1"},"canonical":"https:\/\/www.versiegelung24.com\/hr\/univerzalno-brtvljenje-695-za-meke-upijajuce-povrsine-kamen-drvo-tekstil.html","og_locale":"hr_HR","og_type":"article","og_title":"Univerzalno brtvljenje 695 za \"meke\" \/ upijaju\u0107e povr\u0161ine (kamen +++, drvo +++, tekstil ++)","og_description":"Visoko u\u010dinkovita profesionalna univerzalna brtva za upijaju\u0107e \/ \"meke\" povr\u0161ine: \u2713 Tekstil \u2713 Kamen \u2713 drvo \u2713 S u\u010dinkom koji se lako \u010disti","og_url":"https:\/\/www.versiegelung24.com\/hr\/univerzalno-brtvljenje-695-za-meke-upijajuce-povrsine-kamen-drvo-tekstil.html","og_site_name":"versiegelung24.com","article_modified_time":"2025-04-12T09:47:51+00:00","og_image":[{"width":2560,"height":2560,"url":"https:\/\/www.versiegelung24.com\/wp-content\/uploads\/2020\/06\/produkt-4007-695-1000-Universalversiegelung-695-scaled.jpg","type":"image\/jpeg"}],"twitter_card":"summary_large_image","twitter_misc":{"Availability":"In stock"},"schema":{"@context":"https:\/\/schema.org","@graph":[{"@type":"WebPage","@id":"https:\/\/www.versiegelung24.com\/hr\/univerzalno-brtvljenje-695-za-meke-upijajuce-povrsine-kamen-drvo-tekstil.html","url":"https:\/\/www.versiegelung24.com\/hr\/univerzalno-brtvljenje-695-za-meke-upijajuce-povrsine-kamen-drvo-tekstil.html","name":"Univerzalno brtvljenje 695 za \"meke\" \/ upijaju\u0107e povr\u0161ine (kamen +++, drvo +++, tekstil ++) - versiegelung24.com","isPartOf":{"@id":"https:\/\/www.versiegelung24.com\/hr\/#website"},"primaryImageOfPage":{"@id":"https:\/\/www.versiegelung24.com\/hr\/univerzalno-brtvljenje-695-za-meke-upijajuce-povrsine-kamen-drvo-tekstil.html#primaryimage"},"image":{"@id":"https:\/\/www.versiegelung24.com\/hr\/univerzalno-brtvljenje-695-za-meke-upijajuce-povrsine-kamen-drvo-tekstil.html#primaryimage"},"thumbnailUrl":"https:\/\/www.versiegelung24.com\/wp-content\/uploads\/2020\/06\/produkt-4007-695-1000-Universalversiegelung-695-scaled.jpg","datePublished":"2021-08-02T19:29:07+00:00","dateModified":"2025-04-12T09:47:51+00:00","breadcrumb":{"@id":"https:\/\/www.versiegelung24.com\/hr\/univerzalno-brtvljenje-695-za-meke-upijajuce-povrsine-kamen-drvo-tekstil.html#breadcrumb"},"inLanguage":"hr","potentialAction":[{"@type":"ReadAction","target":["https:\/\/www.versiegelung24.com\/hr\/univerzalno-brtvljenje-695-za-meke-upijajuce-povrsine-kamen-drvo-tekstil.html"]}]},{"@type":"ImageObject","inLanguage":"hr","@id":"https:\/\/www.versiegelung24.com\/hr\/univerzalno-brtvljenje-695-za-meke-upijajuce-povrsine-kamen-drvo-tekstil.html#primaryimage","url":"https:\/\/www.versiegelung24.com\/wp-content\/uploads\/2020\/06\/produkt-4007-695-1000-Universalversiegelung-695-scaled.jpg","contentUrl":"https:\/\/www.versiegelung24.com\/wp-content\/uploads\/2020\/06\/produkt-4007-695-1000-Universalversiegelung-695-scaled.jpg","width":2560,"height":2560},{"@type":"BreadcrumbList","@id":"https:\/\/www.versiegelung24.com\/hr\/univerzalno-brtvljenje-695-za-meke-upijajuce-povrsine-kamen-drvo-tekstil.html#breadcrumb","itemListElement":[{"@type":"ListItem","position":1,"name":"Po\u010detna stranica","item":"https:\/\/www.versiegelung24.com\/hr\/ispred\/"},{"@type":"ListItem","position":2,"name":"Du\u0107an","item":"https:\/\/www.versiegelung24.com\/hr\/ducan\/"},{"@type":"ListItem","position":3,"name":"Univerzalno brtvljenje 695 za &#8220;meke&#8221; \/ upijaju\u0107e povr\u0161ine (kamen +++, drvo +++, tekstil ++)"}]},{"@type":"WebSite","@id":"https:\/\/www.versiegelung24.com\/hr\/#website","url":"https:\/\/www.versiegelung24.com\/hr\/","name":"versiegelung24.com","description":"Fl\u00fcssigglas-Versiegelung - Made in Germany","publisher":{"@id":"https:\/\/www.versiegelung24.com\/hr\/#organization"},"potentialAction":[{"@type":"SearchAction","target":{"@type":"EntryPoint","urlTemplate":"https:\/\/www.versiegelung24.com\/hr\/?s={search_term_string}"},"query-input":{"@type":"PropertyValueSpecification","valueRequired":true,"valueName":"search_term_string"}}],"inLanguage":"hr"},{"@type":"Organization","@id":"https:\/\/www.versiegelung24.com\/hr\/#organization","name":"versiegelung24","url":"https:\/\/www.versiegelung24.com\/hr\/","logo":{"@type":"ImageObject","inLanguage":"hr","@id":"https:\/\/www.versiegelung24.com\/hr\/#\/schema\/logo\/image\/","url":"https:\/\/www.versiegelung24.com\/wp-content\/uploads\/2020\/04\/versiegelung24.png","contentUrl":"https:\/\/www.versiegelung24.com\/wp-content\/uploads\/2020\/04\/versiegelung24.png","width":470,"height":102,"caption":"versiegelung24"},"image":{"@id":"https:\/\/www.versiegelung24.com\/hr\/#\/schema\/logo\/image\/"}}]},"og_availability":"instock","product_availability":"instock","product_retailer_item_id":"4007-695","product_condition":"new"},"_links":{"self":[{"href":"https:\/\/www.versiegelung24.com\/hr\/wp-json\/wp\/v2\/product\/23252","targetHints":{"allow":["GET"]}}],"collection":[{"href":"https:\/\/www.versiegelung24.com\/hr\/wp-json\/wp\/v2\/product"}],"about":[{"href":"https:\/\/www.versiegelung24.com\/hr\/wp-json\/wp\/v2\/types\/product"}],"version-history":[{"count":25,"href":"https:\/\/www.versiegelung24.com\/hr\/wp-json\/wp\/v2\/product\/23252\/revisions"}],"predecessor-version":[{"id":181433,"href":"https:\/\/www.versiegelung24.com\/hr\/wp-json\/wp\/v2\/product\/23252\/revisions\/181433"}],"wp:featuredmedia":[{"embeddable":true,"href":"https:\/\/www.versiegelung24.com\/hr\/wp-json\/wp\/v2\/media\/18305"}],"wp:attachment":[{"href":"https:\/\/www.versiegelung24.com\/hr\/wp-json\/wp\/v2\/media?parent=23252"}],"wp:term":[{"taxonomy":"product_brand","embeddable":true,"href":"https:\/\/www.versiegelung24.com\/hr\/wp-json\/wp\/v2\/product_brand?post=23252"},{"taxonomy":"product_cat","embeddable":true,"href":"https:\/\/www.versiegelung24.com\/hr\/wp-json\/wp\/v2\/product_cat?post=23252"},{"taxonomy":"product_tag","embeddable":true,"href":"https:\/\/www.versiegelung24.com\/hr\/wp-json\/wp\/v2\/product_tag?post=23252"}],"curies":[{"name":"wp","href":"https:\/\/api.w.org\/{rel}","templated":true}]}}