{"id":23447,"date":"2020-04-04T18:53:17","date_gmt":"2021-08-02T19:37:11","guid":{"rendered":"https:\/\/www.versiegelung24.com\/produkt\/5-litara-koncentrata-bacoban-za-500-litara-dugotrajne-dezinfekcije-povrsina"},"modified":"2025-01-13T16:36:36","modified_gmt":"2025-01-13T15:36:36","slug":"bacoban-dugotrajna-povrsinska-dezinfekcija-5-000ml-koncentrat-na-bazi-vode","status":"publish","type":"product","link":"https:\/\/www.versiegelung24.com\/hr\/bacoban-dugotrajna-povrsinska-dezinfekcija-5-000ml-koncentrat-na-bazi-vode.html","title":{"rendered":"5 litara koncentrata BACOBAN\u00ae za 500 litara dugotrajne dezinfekcije povr\u0161ina"},"content":{"rendered":"\n<h2 class=\"wp-block-heading\" id=\"h-5-liter-kanister-bacoban-langzeit-flachendesinfektion-konzentrat\">BACOBAN\u00ae koncentrat za dugotrajnu dezinfekciju povr\u0161ine od 5 litara<\/h2>\n\n<p><strong>Dovoljno za 500 litara dezinficijensa (razrije\u0111en 1: 100 s vodom)<\/strong><\/p>\n\n<p><strong>Pa\u017eljivo koristite dezinficijense. Prije uporabe uvijek pro\u010ditajte naljepnicu i podatke o proizvodu.<\/strong><\/p>\n\n<hr \/>\n\n<h4 class=\"wp-block-heading\" id=\"properties\">Zna\u010dajke proizvoda<\/h4>\n\n<p><strong>Sastav:<\/strong><br \/> 100 g otopine sadr\u017ei: benzalkonijev klorid 26 g, natrijev pirition 2,5 g, polikondenzate, mirise, pro\u010di\u0161\u0107enu vodu, bez formaldehida, bez fenola.<br \/> Sastojci prema Uredbi (EC) br. 648\/2004: 15% i vi\u0161e, ali manje od 30% kationskih tenzida, dezinficijensi, mirisi (linalol, limeta, citral, geraniol, citronelol)<\/p>\n<div class=\"wp-block-image\">\n<figure class=\"aligncenter size-large is-resized\"><img decoding=\"async\" src=\"https:\/\/www.versiegelung24.com\/wp-content\/uploads\/2022\/01\/desinfektion_tisch-1300x260.jpg\" alt=\"\" class=\"wp-image-59386\" width=\"1500\" srcset=\"https:\/\/www.versiegelung24.com\/wp-content\/uploads\/2022\/01\/desinfektion_tisch-1300x260.jpg 1300w, https:\/\/www.versiegelung24.com\/wp-content\/uploads\/2022\/01\/desinfektion_tisch-300x60.jpg 300w, https:\/\/www.versiegelung24.com\/wp-content\/uploads\/2022\/01\/desinfektion_tisch-768x154.jpg 768w, https:\/\/www.versiegelung24.com\/wp-content\/uploads\/2022\/01\/desinfektion_tisch-600x120.jpg 600w, https:\/\/www.versiegelung24.com\/wp-content\/uploads\/2022\/01\/desinfektion_tisch.jpg 1500w\" sizes=\"(max-width: 1300px) 100vw, 1300px\" \/><\/figure>\n<\/div>\n<hr \/>\n\n<h4 class=\"wp-block-heading\" id=\"application\">Primjena<\/h4>\n\n<p>Van<strong> Bacoban<\/strong><sup> \u00ae<\/sup><strong> WB<\/strong> Pripremite otopinu spremnu za uporabu prema tablici mije\u0161anja i dovoljno navla\u017eite povr\u0161ine. Nemojte ispirati ili su\u0161iti. Vrijeme mirovanja svje\u017ee pripremljene radne otopine: 8 sati<\/p>\n\n<figure class=\"wp-block-table\"><table><tbody><tr><td>Tablica za mije\u0161anje<\/td><\/tr><tr><td>Zavr\u0161ni volumen<\/td><td>0,5 %<\/td><td>1 %<\/td><td>2 %<\/td><td>3 %<\/td><\/tr><tr><td>1 litra<\/td><td>5 ml<\/td><td>10 ml<\/td><td>20 ml<\/td><td>30 ml<\/td><\/tr><tr><td>2 litre<\/td><td>10 ml<\/td><td>20 ml<\/td><td>40 ml<\/td><td>60 ml<\/td><\/tr><tr><td>4 litre<\/td><td>20 ml<\/td><td>40 ml<\/td><td>80 ml<\/td><td>120 ml<\/td><\/tr><tr><td>8 litara<\/td><td>40 ml<\/td><td>80 ml<\/td><td>160 ml<\/td><td>240 ml<\/td><\/tr><tr><td>10 litara<\/td><td>50 ml<\/td><td>100 ml<\/td><td>200 ml<\/td><td>300 ml<\/td><\/tr><\/tbody><\/table><figcaption>stol za mije\u0161anje<\/figcaption><\/figure>\n\n<p>Odr\u017eivi antimikrobni u\u010dinak <strong>(remanentni u\u010dinak)<\/strong> do <strong>10 dana<\/strong> (testirano na temelju ASTM E 2180).<br \/> Dermatolo\u0161ki ispitano (*na 1%): vrlo dobra kompatibilnost s ko\u017eom.<\/p>\n\n<p><strong>U\u010dinkovitost i doziranje:<\/strong><\/p>\n\n<div class=\"wp-block-columns is-layout-flex wp-container-core-columns-is-layout-9d6595d7 wp-block-columns-is-layout-flex\">\n<div class=\"wp-block-column is-layout-flow wp-block-column-is-layout-flow\">\n<p>Testiranje prema DGHM smjernicama (visoko optere\u0107enje organa):<br \/> 1,5%, 15 min.; 2,0%, 5 min.<br \/> Ispitivanje prema EN smjernicama:<br \/> DIN EN 1040: 0,25%, 5 min.<br \/> DIN EN 1275: 0,25%, 5 min.<br \/> DIN EN 1276: 0,75%, 5 min.\/0,50%, 15 min.<\/p>\n<\/div>\n\n\n\n<div class=\"wp-block-column is-layout-flow wp-block-column-is-layout-flow\">\n<p>DIN EN 1650: 0,50%, 5 min.\/0,25%, 15 min.<br \/> DIN EN 13697: 0,50%, 15 min.<br \/> EN 13727: 1%, 5 min.<br \/> EN 13624: 1%, 5 min.<br \/> DIN EN 14561: 3% 5 min, 0,5% 60 min<br \/> DIN EN 14562: 0,5% 60 min<br \/> Ispitivanje prema DVV smjernicama: *ograni\u010dena virucidna u\u010dinkovitost; 1,0%; 5 min. (HIV, HBV, HCV, herpes, gripa, tako\u0111er pti\u010dja gripa, BVDV, vakcinija), rotavirus: 0,1%, 5 min., adenovirus: 2,0%, 240 min.<\/p>\n<\/div>\n<\/div>\n\n<p><strong>Trajni antimikrobni u\u010dinak do 10 dana<\/strong> (testirano na temelju ASTM E 2180)<\/p>\n\n<p><strong>Va\u017eno!<\/strong><br \/> Dugotrajni antimikrobni u\u010dinak Bacoban <sup>\u00ae<\/sup> WB ne smije dovesti do izostavljanja potrebnih mjera dezinfekcije u slu\u010daju vidljive i\/ili upitne kontaminacije!<\/p>\n<div class=\"wp-block-image\">\n<figure class=\"aligncenter size-large is-resized\"><img decoding=\"async\" src=\"https:\/\/www.versiegelung24.com\/wp-content\/uploads\/2022\/01\/tuere_viren-1300x260.jpg\" alt=\"\" class=\"wp-image-59414\" width=\"1500\" srcset=\"https:\/\/www.versiegelung24.com\/wp-content\/uploads\/2022\/01\/tuere_viren-1300x260.jpg 1300w, https:\/\/www.versiegelung24.com\/wp-content\/uploads\/2022\/01\/tuere_viren-300x60.jpg 300w, https:\/\/www.versiegelung24.com\/wp-content\/uploads\/2022\/01\/tuere_viren-768x154.jpg 768w, https:\/\/www.versiegelung24.com\/wp-content\/uploads\/2022\/01\/tuere_viren-600x120.jpg 600w, https:\/\/www.versiegelung24.com\/wp-content\/uploads\/2022\/01\/tuere_viren.jpg 1500w\" sizes=\"(max-width: 1300px) 100vw, 1300px\" \/><\/figure>\n<\/div>\n<hr \/>\n\n<h4 class=\"wp-block-heading\" id=\"advisor\">savjetnik<\/h4>\n\n<p><strong>Obavijest o sigurnosti:<\/strong><br \/> Trgova\u010dko udru\u017eenje zahtijeva no\u0161enje rukavica pri rukovanju dezinficijensima. \u0160tetno ako se proguta. Uzrokuje ozbiljnu iritaciju ko\u017ee i ozbiljno o\u0161te\u0107enje o\u010diju. Vrlo otrovno za vodene organizme. Otrovno za vodene organizme s dugotrajnim u\u010dincima. Nemojte jesti, piti ili pu\u0161iti tijekom uporabe. AKO SE PROGUTA: Isprati usta. NEMOJTE izazivati \u200b\u200bpovra\u0107anje. U SLU\u010cAJU DODIRA S KO\u017dOM (ili kosom): Odmah skinuti svu kontaminiranu odje\u0107u. Isprati ko\u017eu vodom\/tu\u0161irati se. AKO DOSPE U O\u010cI: Oprezno ispirati vodom nekoliko minuta. Uklonite kontaktne le\u0107e, ako je mogu\u0107e. Nastavite s ispiranjem. Odmah nazovite CENTAR ZA KONTROLU OTROVANJA ili lije\u010dnika. Ako je potreban lije\u010dni\u010dki savjet, pripremite spremnik ili naljepnicu. \u010cuvati izvan dohvata djece.<br \/> Koristiti samo s vodom i prema tablici mije\u0161anja. Ne koristiti s drugim sredstvima za \u010di\u0161\u0107enje ili dezinfekciju.<\/p>\n\n<div class=\"wp-block-columns is-layout-flex wp-container-core-columns-is-layout-9d6595d7 wp-block-columns-is-layout-flex\">\n<div class=\"wp-block-column is-layout-flow wp-block-column-is-layout-flow\">\n<p>Mo\u017ee se koristiti na svim povr\u0161inama. U slu\u010daju upitno <strong>osjetljivih povr\u0161ina, preporu\u010damo test otpornosti<\/strong> na neupadljivom podru\u010dju. \u010cuvati samo u zatvorenoj posudi. \u010cuvati na hladnom i suhom mjestu.<\/p>\n<\/div>\n\n\n\n<div class=\"wp-block-column is-layout-flow wp-block-column-is-layout-flow\">\n<p><strong>Spremnik se mo\u017ee reciklirati tek kada je potpuno ispra\u017enjen.<\/strong> Nemojte koristiti nakon isteka roka valjanosti. Odlo\u017eite na odgovaraju\u0107i na\u010din u skladu s lokalnim i slu\u017ebenim propisima.<\/p>\n<\/div>\n<\/div>\n\n<p>Biocid Reg.No: N-28795 (D). 263\/17\/L (Lu)<\/p>\n\n<p>Otopina <strong>spremna<\/strong> za uporabu prema tablici mije\u0161anja ne zahtijeva simbol opasnosti.<\/p>\n","protected":false},"excerpt":{"rendered":"<p><strong>Koncentrat za 500 litara dezinficijensa na vodenoj bazi.<\/strong><\/p>\n","protected":false},"featured_media":15378,"template":"","meta":{"_acf_changed":false,"neve_meta_sidebar":"","neve_meta_container":"","neve_meta_enable_content_width":"","neve_meta_content_width":0,"neve_meta_title_alignment":"","neve_meta_author_avatar":"","neve_post_elements_order":"","neve_meta_disable_header":"","neve_meta_disable_footer":"","neve_meta_disable_title":"","neve_meta_reading_time":"","_surfaces":[],"_ver_product_tabs":[],"footnotes":""},"product_brand":[],"product_cat":[2284,2285,2286],"product_tag":[],"class_list":{"0":"post-23447","1":"product","2":"type-product","3":"status-publish","4":"has-post-thumbnail","6":"product_cat-dezinficijensi","7":"product_cat-sredstva-za-dezinfekciju-povrsine","8":"product_cat-koncentri-dezinficijensa","10":"first","11":"instock","12":"taxable","13":"shipping-taxable","14":"purchasable","15":"product-type-simple"},"acf":[],"yoast_head":"<!-- This site is optimized with the Yoast SEO Premium plugin v22.8 (Yoast SEO v27.5) - https:\/\/yoast.com\/product\/yoast-seo-premium-wordpress\/ -->\n<title>5 litara koncentrata BACOBAN\u00ae za 500 litara dugotrajne dezinfekcije povr\u0161ina - versiegelung24.com<\/title>\n<meta name=\"robots\" content=\"index, follow, max-snippet:-1, max-image-preview:large, max-video-preview:-1\" \/>\n<link rel=\"canonical\" href=\"https:\/\/www.versiegelung24.com\/hr\/bacoban-dugotrajna-povrsinska-dezinfekcija-5-000ml-koncentrat-na-bazi-vode.html\" \/>\n<meta property=\"og:locale\" content=\"hr_HR\" \/>\n<meta property=\"og:type\" content=\"article\" \/>\n<meta property=\"og:title\" content=\"5 litara koncentrata BACOBAN\u00ae za 500 litara dugotrajne dezinfekcije povr\u0161ina\" \/>\n<meta property=\"og:description\" content=\"Koncentrat za 500 litara dezinficijensa na vodenoj bazi.\" \/>\n<meta property=\"og:url\" content=\"https:\/\/www.versiegelung24.com\/hr\/bacoban-dugotrajna-povrsinska-dezinfekcija-5-000ml-koncentrat-na-bazi-vode.html\" \/>\n<meta property=\"og:site_name\" content=\"versiegelung24.com\" \/>\n<meta property=\"article:modified_time\" content=\"2025-01-13T15:36:36+00:00\" \/>\n<meta property=\"og:image\" content=\"https:\/\/www.versiegelung24.com\/wp-content\/uploads\/2020\/05\/bacoban-bacwb5-1.png\" \/>\n\t<meta property=\"og:image:width\" content=\"2000\" \/>\n\t<meta property=\"og:image:height\" content=\"2000\" \/>\n\t<meta property=\"og:image:type\" content=\"image\/png\" \/>\n<meta name=\"twitter:card\" content=\"summary_large_image\" \/>\n<meta name=\"twitter:label1\" content=\"Price\" \/>\n\t<meta name=\"twitter:data1\" content=\"399,00&euro;\" \/>\n\t<meta name=\"twitter:label2\" content=\"Availability\" \/>\n\t<meta name=\"twitter:data2\" content=\"In stock\" \/>\n<script type=\"application\/ld+json\" class=\"yoast-schema-graph\">{\"@context\":\"https:\\\/\\\/schema.org\",\"@graph\":[{\"@type\":\"WebPage\",\"@id\":\"https:\\\/\\\/www.versiegelung24.com\\\/hr\\\/bacoban-dugotrajna-povrsinska-dezinfekcija-5-000ml-koncentrat-na-bazi-vode.html\",\"url\":\"https:\\\/\\\/www.versiegelung24.com\\\/hr\\\/bacoban-dugotrajna-povrsinska-dezinfekcija-5-000ml-koncentrat-na-bazi-vode.html\",\"name\":\"5 litara koncentrata BACOBAN\u00ae za 500 litara dugotrajne dezinfekcije povr\u0161ina - versiegelung24.com\",\"isPartOf\":{\"@id\":\"https:\\\/\\\/www.versiegelung24.com\\\/hr\\\/#website\"},\"primaryImageOfPage\":{\"@id\":\"https:\\\/\\\/www.versiegelung24.com\\\/hr\\\/bacoban-dugotrajna-povrsinska-dezinfekcija-5-000ml-koncentrat-na-bazi-vode.html#primaryimage\"},\"image\":{\"@id\":\"https:\\\/\\\/www.versiegelung24.com\\\/hr\\\/bacoban-dugotrajna-povrsinska-dezinfekcija-5-000ml-koncentrat-na-bazi-vode.html#primaryimage\"},\"thumbnailUrl\":\"https:\\\/\\\/www.versiegelung24.com\\\/wp-content\\\/uploads\\\/2020\\\/05\\\/bacoban-bacwb5-1.png\",\"datePublished\":\"2021-08-02T19:37:11+00:00\",\"dateModified\":\"2025-01-13T15:36:36+00:00\",\"breadcrumb\":{\"@id\":\"https:\\\/\\\/www.versiegelung24.com\\\/hr\\\/bacoban-dugotrajna-povrsinska-dezinfekcija-5-000ml-koncentrat-na-bazi-vode.html#breadcrumb\"},\"inLanguage\":\"hr\",\"potentialAction\":[{\"@type\":\"ReadAction\",\"target\":[\"https:\\\/\\\/www.versiegelung24.com\\\/hr\\\/bacoban-dugotrajna-povrsinska-dezinfekcija-5-000ml-koncentrat-na-bazi-vode.html\"]}]},{\"@type\":\"ImageObject\",\"inLanguage\":\"hr\",\"@id\":\"https:\\\/\\\/www.versiegelung24.com\\\/hr\\\/bacoban-dugotrajna-povrsinska-dezinfekcija-5-000ml-koncentrat-na-bazi-vode.html#primaryimage\",\"url\":\"https:\\\/\\\/www.versiegelung24.com\\\/wp-content\\\/uploads\\\/2020\\\/05\\\/bacoban-bacwb5-1.png\",\"contentUrl\":\"https:\\\/\\\/www.versiegelung24.com\\\/wp-content\\\/uploads\\\/2020\\\/05\\\/bacoban-bacwb5-1.png\",\"width\":2000,\"height\":2000},{\"@type\":\"BreadcrumbList\",\"@id\":\"https:\\\/\\\/www.versiegelung24.com\\\/hr\\\/bacoban-dugotrajna-povrsinska-dezinfekcija-5-000ml-koncentrat-na-bazi-vode.html#breadcrumb\",\"itemListElement\":[{\"@type\":\"ListItem\",\"position\":1,\"name\":\"Po\u010detna stranica\",\"item\":\"https:\\\/\\\/www.versiegelung24.com\\\/hr\\\/ispred\\\/\"},{\"@type\":\"ListItem\",\"position\":2,\"name\":\"Du\u0107an\",\"item\":\"https:\\\/\\\/www.versiegelung24.com\\\/hr\\\/ducan\\\/\"},{\"@type\":\"ListItem\",\"position\":3,\"name\":\"5 litara koncentrata BACOBAN\u00ae za 500 litara dugotrajne dezinfekcije povr\u0161ina\"}]},{\"@type\":\"WebSite\",\"@id\":\"https:\\\/\\\/www.versiegelung24.com\\\/hr\\\/#website\",\"url\":\"https:\\\/\\\/www.versiegelung24.com\\\/hr\\\/\",\"name\":\"versiegelung24.com\",\"description\":\"Fl\u00fcssigglas-Versiegelung - Made in Germany\",\"publisher\":{\"@id\":\"https:\\\/\\\/www.versiegelung24.com\\\/hr\\\/#organization\"},\"potentialAction\":[{\"@type\":\"SearchAction\",\"target\":{\"@type\":\"EntryPoint\",\"urlTemplate\":\"https:\\\/\\\/www.versiegelung24.com\\\/hr\\\/?s={search_term_string}\"},\"query-input\":{\"@type\":\"PropertyValueSpecification\",\"valueRequired\":true,\"valueName\":\"search_term_string\"}}],\"inLanguage\":\"hr\"},{\"@type\":\"Organization\",\"@id\":\"https:\\\/\\\/www.versiegelung24.com\\\/hr\\\/#organization\",\"name\":\"versiegelung24\",\"url\":\"https:\\\/\\\/www.versiegelung24.com\\\/hr\\\/\",\"logo\":{\"@type\":\"ImageObject\",\"inLanguage\":\"hr\",\"@id\":\"https:\\\/\\\/www.versiegelung24.com\\\/hr\\\/#\\\/schema\\\/logo\\\/image\\\/\",\"url\":\"https:\\\/\\\/www.versiegelung24.com\\\/wp-content\\\/uploads\\\/2020\\\/04\\\/versiegelung24.png\",\"contentUrl\":\"https:\\\/\\\/www.versiegelung24.com\\\/wp-content\\\/uploads\\\/2020\\\/04\\\/versiegelung24.png\",\"width\":470,\"height\":102,\"caption\":\"versiegelung24\"},\"image\":{\"@id\":\"https:\\\/\\\/www.versiegelung24.com\\\/hr\\\/#\\\/schema\\\/logo\\\/image\\\/\"}}]}<\/script>\n<meta property=\"product:price:amount\" content=\"399.00\" \/>\n<meta property=\"product:price:currency\" content=\"EUR\" \/>\n<meta property=\"og:availability\" content=\"instock\" \/>\n<meta property=\"product:availability\" content=\"instock\" \/>\n<meta property=\"product:retailer_item_id\" content=\"BACWB5\" \/>\n<meta property=\"product:condition\" content=\"new\" \/>\n<!-- \/ Yoast SEO Premium plugin. -->","yoast_head_json":{"title":"5 litara koncentrata BACOBAN\u00ae za 500 litara dugotrajne dezinfekcije povr\u0161ina - versiegelung24.com","robots":{"index":"index","follow":"follow","max-snippet":"max-snippet:-1","max-image-preview":"max-image-preview:large","max-video-preview":"max-video-preview:-1"},"canonical":"https:\/\/www.versiegelung24.com\/hr\/bacoban-dugotrajna-povrsinska-dezinfekcija-5-000ml-koncentrat-na-bazi-vode.html","og_locale":"hr_HR","og_type":"article","og_title":"5 litara koncentrata BACOBAN\u00ae za 500 litara dugotrajne dezinfekcije povr\u0161ina","og_description":"Koncentrat za 500 litara dezinficijensa na vodenoj bazi.","og_url":"https:\/\/www.versiegelung24.com\/hr\/bacoban-dugotrajna-povrsinska-dezinfekcija-5-000ml-koncentrat-na-bazi-vode.html","og_site_name":"versiegelung24.com","article_modified_time":"2025-01-13T15:36:36+00:00","og_image":[{"width":2000,"height":2000,"url":"https:\/\/www.versiegelung24.com\/wp-content\/uploads\/2020\/05\/bacoban-bacwb5-1.png","type":"image\/png"}],"twitter_card":"summary_large_image","twitter_misc":{"Price":"399,00&euro;","Availability":"In stock"},"schema":{"@context":"https:\/\/schema.org","@graph":[{"@type":"WebPage","@id":"https:\/\/www.versiegelung24.com\/hr\/bacoban-dugotrajna-povrsinska-dezinfekcija-5-000ml-koncentrat-na-bazi-vode.html","url":"https:\/\/www.versiegelung24.com\/hr\/bacoban-dugotrajna-povrsinska-dezinfekcija-5-000ml-koncentrat-na-bazi-vode.html","name":"5 litara koncentrata BACOBAN\u00ae za 500 litara dugotrajne dezinfekcije povr\u0161ina - versiegelung24.com","isPartOf":{"@id":"https:\/\/www.versiegelung24.com\/hr\/#website"},"primaryImageOfPage":{"@id":"https:\/\/www.versiegelung24.com\/hr\/bacoban-dugotrajna-povrsinska-dezinfekcija-5-000ml-koncentrat-na-bazi-vode.html#primaryimage"},"image":{"@id":"https:\/\/www.versiegelung24.com\/hr\/bacoban-dugotrajna-povrsinska-dezinfekcija-5-000ml-koncentrat-na-bazi-vode.html#primaryimage"},"thumbnailUrl":"https:\/\/www.versiegelung24.com\/wp-content\/uploads\/2020\/05\/bacoban-bacwb5-1.png","datePublished":"2021-08-02T19:37:11+00:00","dateModified":"2025-01-13T15:36:36+00:00","breadcrumb":{"@id":"https:\/\/www.versiegelung24.com\/hr\/bacoban-dugotrajna-povrsinska-dezinfekcija-5-000ml-koncentrat-na-bazi-vode.html#breadcrumb"},"inLanguage":"hr","potentialAction":[{"@type":"ReadAction","target":["https:\/\/www.versiegelung24.com\/hr\/bacoban-dugotrajna-povrsinska-dezinfekcija-5-000ml-koncentrat-na-bazi-vode.html"]}]},{"@type":"ImageObject","inLanguage":"hr","@id":"https:\/\/www.versiegelung24.com\/hr\/bacoban-dugotrajna-povrsinska-dezinfekcija-5-000ml-koncentrat-na-bazi-vode.html#primaryimage","url":"https:\/\/www.versiegelung24.com\/wp-content\/uploads\/2020\/05\/bacoban-bacwb5-1.png","contentUrl":"https:\/\/www.versiegelung24.com\/wp-content\/uploads\/2020\/05\/bacoban-bacwb5-1.png","width":2000,"height":2000},{"@type":"BreadcrumbList","@id":"https:\/\/www.versiegelung24.com\/hr\/bacoban-dugotrajna-povrsinska-dezinfekcija-5-000ml-koncentrat-na-bazi-vode.html#breadcrumb","itemListElement":[{"@type":"ListItem","position":1,"name":"Po\u010detna stranica","item":"https:\/\/www.versiegelung24.com\/hr\/ispred\/"},{"@type":"ListItem","position":2,"name":"Du\u0107an","item":"https:\/\/www.versiegelung24.com\/hr\/ducan\/"},{"@type":"ListItem","position":3,"name":"5 litara koncentrata BACOBAN\u00ae za 500 litara dugotrajne dezinfekcije povr\u0161ina"}]},{"@type":"WebSite","@id":"https:\/\/www.versiegelung24.com\/hr\/#website","url":"https:\/\/www.versiegelung24.com\/hr\/","name":"versiegelung24.com","description":"Fl\u00fcssigglas-Versiegelung - Made in Germany","publisher":{"@id":"https:\/\/www.versiegelung24.com\/hr\/#organization"},"potentialAction":[{"@type":"SearchAction","target":{"@type":"EntryPoint","urlTemplate":"https:\/\/www.versiegelung24.com\/hr\/?s={search_term_string}"},"query-input":{"@type":"PropertyValueSpecification","valueRequired":true,"valueName":"search_term_string"}}],"inLanguage":"hr"},{"@type":"Organization","@id":"https:\/\/www.versiegelung24.com\/hr\/#organization","name":"versiegelung24","url":"https:\/\/www.versiegelung24.com\/hr\/","logo":{"@type":"ImageObject","inLanguage":"hr","@id":"https:\/\/www.versiegelung24.com\/hr\/#\/schema\/logo\/image\/","url":"https:\/\/www.versiegelung24.com\/wp-content\/uploads\/2020\/04\/versiegelung24.png","contentUrl":"https:\/\/www.versiegelung24.com\/wp-content\/uploads\/2020\/04\/versiegelung24.png","width":470,"height":102,"caption":"versiegelung24"},"image":{"@id":"https:\/\/www.versiegelung24.com\/hr\/#\/schema\/logo\/image\/"}}]},"product_price_amount":"399.00","product_price_currency":"EUR","og_availability":"instock","product_availability":"instock","product_retailer_item_id":"BACWB5","product_condition":"new"},"_links":{"self":[{"href":"https:\/\/www.versiegelung24.com\/hr\/wp-json\/wp\/v2\/product\/23447","targetHints":{"allow":["GET"]}}],"collection":[{"href":"https:\/\/www.versiegelung24.com\/hr\/wp-json\/wp\/v2\/product"}],"about":[{"href":"https:\/\/www.versiegelung24.com\/hr\/wp-json\/wp\/v2\/types\/product"}],"version-history":[{"count":25,"href":"https:\/\/www.versiegelung24.com\/hr\/wp-json\/wp\/v2\/product\/23447\/revisions"}],"predecessor-version":[{"id":180506,"href":"https:\/\/www.versiegelung24.com\/hr\/wp-json\/wp\/v2\/product\/23447\/revisions\/180506"}],"wp:featuredmedia":[{"embeddable":true,"href":"https:\/\/www.versiegelung24.com\/hr\/wp-json\/wp\/v2\/media\/15378"}],"wp:attachment":[{"href":"https:\/\/www.versiegelung24.com\/hr\/wp-json\/wp\/v2\/media?parent=23447"}],"wp:term":[{"taxonomy":"product_brand","embeddable":true,"href":"https:\/\/www.versiegelung24.com\/hr\/wp-json\/wp\/v2\/product_brand?post=23447"},{"taxonomy":"product_cat","embeddable":true,"href":"https:\/\/www.versiegelung24.com\/hr\/wp-json\/wp\/v2\/product_cat?post=23447"},{"taxonomy":"product_tag","embeddable":true,"href":"https:\/\/www.versiegelung24.com\/hr\/wp-json\/wp\/v2\/product_tag?post=23447"}],"curies":[{"name":"wp","href":"https:\/\/api.w.org\/{rel}","templated":true}]}}