{"id":23451,"date":"2020-04-04T18:53:44","date_gmt":"2021-08-02T19:37:17","guid":{"rendered":"https:\/\/www.versiegelung24.com\/produkt\/boja-automobila-i-brtvljenje-naplataka"},"modified":"2025-01-03T23:48:33","modified_gmt":"2025-01-03T22:48:33","slug":"lakiranje-automobila-i-brtvljenje-felgi","status":"publish","type":"product","link":"https:\/\/www.versiegelung24.com\/hr\/boja-automobila-i-brtvljenje-naplataka.html","title":{"rendered":"Lakiranje automobila i brtvljenje felgi"},"content":{"rendered":"\n<p><strong>*** Nova verzija proizvoda s pobolj\u0161anim u\u010dinkom *** <\/strong><\/p>\n\n<p><strong>Visoko u\u010dinkovita profesionalna za\u0161titna brtva za farbu automobila i aluminijske felge s efektom lotosa (vodoodbojnost)<\/strong><\/p>\n\n<p>Broj artikla: 2003-7656<\/p>\n\n<p>Visoka kvaliteta Made in Germany.<\/p>\n\n<p>Glatke povr\u0161ine od plastike, obojene povr\u0161ine, nehr\u0111aju\u0107eg \u010delika i metala imaju hidrofobni i oleofobni u\u010dinak, a \u010destice prljav\u0161tine poput masno\u0107a, masnih tvari, kamenca i tvari iz okoli\u0161a manje prianjaju ili se lako uklanjaju s premaza, tj. bez upotrebe. abrazivna sredstva (&#8220;Lako se \u010diste&#8221;)<\/p>\n\n<hr\/>\n\n<h4 class=\"wp-block-heading\" id=\"properties\">Zna\u010dajke proizvoda<\/h4>\n\n<div class=\"wp-block-columns is-layout-flex wp-container-core-columns-is-layout-9d6595d7 wp-block-columns-is-layout-flex\">\n<div class=\"wp-block-column is-layout-flow wp-block-column-is-layout-flow\">\n<ul class=\"wp-block-list\">\n<li>Izvanredan u\u010dinak lakog \u010di\u0161\u0107enja za prianjanje prljav\u0161tine<\/li>\n\n\n\n<li>Kemijski otporan na sredstva za \u010di\u0161\u0107enje automobila (do pH 12)<\/li>\n\n\n\n<li>Hidrofobni i oleofobni u\u010dinak (odbijanje vode i ulja)<\/li>\n\n\n\n<li>Vrlo visoka otpornost na abraziju zahvaljuju\u0107i SiO\u00b2 nano tehnologiji<\/li>\n\n\n\n<li>Pti\u010diji izmet, insekte i drugu prljav\u0161tinu lak\u0161e je ukloniti<\/li>\n\n\n\n<li>UV postojan \/ otporan na mraz \/ otporan na slanu vodu \/ nevidljiv (debljina sloja: 100-150 nm)<\/li>\n\n\n\n<li>U\u0161teda tro\u0161kova, vremena i energije kroz produ\u017eene cikluse \u010di\u0161\u0107enja<\/li>\n<\/ul>\n<\/div>\n\n\n\n<div class=\"wp-block-column is-layout-flow wp-block-column-is-layout-flow\">\n<ul class=\"wp-block-list\">\n<li>Jednostavna primjena<\/li>\n\n\n\n<li>Prozra\u010dna<\/li>\n\n\n\n<li>Jaka svojstva neljepljiva<\/li>\n\n\n\n<li>Trajnost: do 1 godine (ovisno o uporabi)<\/li>\n<\/ul>\n\n\n\n<p>Potro\u0161nja:<br\/> S 1 litrom mo\u017eete zatvoriti do 200 m\u00b2<br\/> Ru\u010dno: 5-10 ml\/m\u00b2<br\/> Industrijski: 10-15 ml\/m\u00b2<\/p>\n\n\n\n<p>Opseg isporuke:<br\/> 1 x boca od litre<br\/> 1 x Opis proizvoda<\/p>\n<\/div>\n<\/div>\n\n<hr\/>\n\n<h4 class=\"wp-block-heading\" id=\"application\">Primjena<\/h4>\n\n<div class=\"wp-block-columns is-layout-flex wp-container-core-columns-is-layout-9d6595d7 wp-block-columns-is-layout-flex\">\n<div class=\"wp-block-column is-layout-flow wp-block-column-is-layout-flow\">\n<ul class=\"wp-block-list\">\n<li>auto farba<\/li>\n\n\n\n<li>aluminijske felge<\/li>\n\n\n\n<li>Oslikane felge<\/li>\n\n\n\n<li>Obojeni plasti\u010dni priklju\u010dci (branici, pragovi, spojleri)<\/li>\n\n\n\n<li>Glatke plasti\u010dne povr\u0161ine<\/li>\n\n\n\n<li>ne hr\u0111aju\u0107i \u010celik<\/li>\n\n\n\n<li>pleksiglas<\/li>\n\n\n\n<li>metalne povr\u0161ine<\/li>\n<\/ul>\n\n\n\n<p>Potro\u0161nja ovisi o strukturi povr\u0161ine cca 100-200m\u00b2\/l.<\/p>\n<\/div>\n\n\n\n<div class=\"wp-block-column is-layout-flow wp-block-column-is-layout-flow\">\n<p>Lako se nanosi: <\/p>\n\n\n\n<p>1.Ru\u010dno: Nanesite kru\u017enim pokretima \u010distom papirnom, lanenom ili krpom od mikrovlakana.<br\/> 2. Industrijski: Primjenjivo u sustavima za poliranje i nano\u0161enje premaza raspr\u0161ivanjem.<\/p>\n\n\n\n<p>Ovaj SiO2 premaz je potpuno umre\u017een i stvrdnut nakon 24 sata. U\u010dinak koji se lako \u010disti mo\u017ee se testirati po prvi put nakon ove faze stvrdnjavanja.<\/p>\n<\/div>\n<\/div>\n","protected":false},"excerpt":{"rendered":"<p><strong>Visoko u\u010dinkovita profesionalna za\u0161titna brtva za farbu automobila i aluminijske felge:<\/strong><\/p>\n<p>\u2713 s efektom lotosa (vodoodbojnost)<\/p>\n","protected":false},"featured_media":17855,"template":"","meta":{"_acf_changed":false,"neve_meta_sidebar":"","neve_meta_container":"","neve_meta_enable_content_width":"","neve_meta_content_width":0,"neve_meta_title_alignment":"","neve_meta_author_avatar":"","neve_post_elements_order":"","neve_meta_disable_header":"","neve_meta_disable_footer":"","neve_meta_disable_title":"","neve_meta_reading_time":"","_surfaces":[],"_ver_product_tabs":[],"footnotes":""},"product_brand":[],"product_cat":[2188],"product_tag":[],"class_list":{"0":"post-23451","1":"product","2":"type-product","3":"status-publish","4":"has-post-thumbnail","6":"product_cat-brtvljenje-automobila","8":"first","9":"instock","10":"taxable","11":"shipping-taxable","12":"purchasable","13":"product-type-simple"},"acf":[],"yoast_head":"<!-- This site is optimized with the Yoast SEO Premium plugin v22.8 (Yoast SEO v27.5) - https:\/\/yoast.com\/product\/yoast-seo-premium-wordpress\/ -->\n<title>Lakiranje automobila i brtvljenje felgi - versiegelung24.com<\/title>\n<meta name=\"robots\" content=\"index, follow, max-snippet:-1, max-image-preview:large, max-video-preview:-1\" \/>\n<link rel=\"canonical\" href=\"https:\/\/www.versiegelung24.com\/hr\/boja-automobila-i-brtvljenje-naplataka.html\" \/>\n<meta property=\"og:locale\" content=\"hr_HR\" \/>\n<meta property=\"og:type\" content=\"article\" \/>\n<meta property=\"og:title\" content=\"Lakiranje automobila i brtvljenje felgi\" \/>\n<meta property=\"og:description\" content=\"Visoko u\u010dinkovita profesionalna za\u0161titna brtva za farbu automobila i aluminijske felge: \u2713 s efektom lotosa (vodoodbojnost)\" \/>\n<meta property=\"og:url\" content=\"https:\/\/www.versiegelung24.com\/hr\/boja-automobila-i-brtvljenje-naplataka.html\" \/>\n<meta property=\"og:site_name\" content=\"versiegelung24.com\" \/>\n<meta property=\"article:modified_time\" content=\"2025-01-03T22:48:33+00:00\" \/>\n<meta property=\"og:image\" content=\"https:\/\/www.versiegelung24.com\/wp-content\/uploads\/2020\/06\/produkt-2003-7656-1000-Autolack-Felgenversiegelung-scaled.jpg\" \/>\n\t<meta property=\"og:image:width\" content=\"2560\" \/>\n\t<meta property=\"og:image:height\" content=\"2560\" \/>\n\t<meta property=\"og:image:type\" content=\"image\/jpeg\" \/>\n<meta name=\"twitter:card\" content=\"summary_large_image\" \/>\n<meta name=\"twitter:label1\" content=\"Price\" \/>\n\t<meta name=\"twitter:data1\" content=\"149,00&euro;\" \/>\n\t<meta name=\"twitter:label2\" content=\"Availability\" \/>\n\t<meta name=\"twitter:data2\" content=\"In stock\" \/>\n<script type=\"application\/ld+json\" class=\"yoast-schema-graph\">{\"@context\":\"https:\\\/\\\/schema.org\",\"@graph\":[{\"@type\":\"WebPage\",\"@id\":\"https:\\\/\\\/www.versiegelung24.com\\\/hr\\\/boja-automobila-i-brtvljenje-naplataka.html\",\"url\":\"https:\\\/\\\/www.versiegelung24.com\\\/hr\\\/boja-automobila-i-brtvljenje-naplataka.html\",\"name\":\"Lakiranje automobila i brtvljenje felgi - versiegelung24.com\",\"isPartOf\":{\"@id\":\"https:\\\/\\\/www.versiegelung24.com\\\/hr\\\/#website\"},\"primaryImageOfPage\":{\"@id\":\"https:\\\/\\\/www.versiegelung24.com\\\/hr\\\/boja-automobila-i-brtvljenje-naplataka.html#primaryimage\"},\"image\":{\"@id\":\"https:\\\/\\\/www.versiegelung24.com\\\/hr\\\/boja-automobila-i-brtvljenje-naplataka.html#primaryimage\"},\"thumbnailUrl\":\"https:\\\/\\\/www.versiegelung24.com\\\/wp-content\\\/uploads\\\/2020\\\/06\\\/produkt-2003-7656-1000-Autolack-Felgenversiegelung-scaled.jpg\",\"datePublished\":\"2021-08-02T19:37:17+00:00\",\"dateModified\":\"2025-01-03T22:48:33+00:00\",\"breadcrumb\":{\"@id\":\"https:\\\/\\\/www.versiegelung24.com\\\/hr\\\/boja-automobila-i-brtvljenje-naplataka.html#breadcrumb\"},\"inLanguage\":\"hr\",\"potentialAction\":[{\"@type\":\"ReadAction\",\"target\":[\"https:\\\/\\\/www.versiegelung24.com\\\/hr\\\/boja-automobila-i-brtvljenje-naplataka.html\"]}]},{\"@type\":\"ImageObject\",\"inLanguage\":\"hr\",\"@id\":\"https:\\\/\\\/www.versiegelung24.com\\\/hr\\\/boja-automobila-i-brtvljenje-naplataka.html#primaryimage\",\"url\":\"https:\\\/\\\/www.versiegelung24.com\\\/wp-content\\\/uploads\\\/2020\\\/06\\\/produkt-2003-7656-1000-Autolack-Felgenversiegelung-scaled.jpg\",\"contentUrl\":\"https:\\\/\\\/www.versiegelung24.com\\\/wp-content\\\/uploads\\\/2020\\\/06\\\/produkt-2003-7656-1000-Autolack-Felgenversiegelung-scaled.jpg\",\"width\":2560,\"height\":2560},{\"@type\":\"BreadcrumbList\",\"@id\":\"https:\\\/\\\/www.versiegelung24.com\\\/hr\\\/boja-automobila-i-brtvljenje-naplataka.html#breadcrumb\",\"itemListElement\":[{\"@type\":\"ListItem\",\"position\":1,\"name\":\"Po\u010detna stranica\",\"item\":\"https:\\\/\\\/www.versiegelung24.com\\\/hr\\\/ispred\\\/\"},{\"@type\":\"ListItem\",\"position\":2,\"name\":\"Du\u0107an\",\"item\":\"https:\\\/\\\/www.versiegelung24.com\\\/hr\\\/ducan\\\/\"},{\"@type\":\"ListItem\",\"position\":3,\"name\":\"Lakiranje automobila i brtvljenje felgi\"}]},{\"@type\":\"WebSite\",\"@id\":\"https:\\\/\\\/www.versiegelung24.com\\\/hr\\\/#website\",\"url\":\"https:\\\/\\\/www.versiegelung24.com\\\/hr\\\/\",\"name\":\"versiegelung24.com\",\"description\":\"Fl\u00fcssigglas-Versiegelung - Made in Germany\",\"publisher\":{\"@id\":\"https:\\\/\\\/www.versiegelung24.com\\\/hr\\\/#organization\"},\"potentialAction\":[{\"@type\":\"SearchAction\",\"target\":{\"@type\":\"EntryPoint\",\"urlTemplate\":\"https:\\\/\\\/www.versiegelung24.com\\\/hr\\\/?s={search_term_string}\"},\"query-input\":{\"@type\":\"PropertyValueSpecification\",\"valueRequired\":true,\"valueName\":\"search_term_string\"}}],\"inLanguage\":\"hr\"},{\"@type\":\"Organization\",\"@id\":\"https:\\\/\\\/www.versiegelung24.com\\\/hr\\\/#organization\",\"name\":\"versiegelung24\",\"url\":\"https:\\\/\\\/www.versiegelung24.com\\\/hr\\\/\",\"logo\":{\"@type\":\"ImageObject\",\"inLanguage\":\"hr\",\"@id\":\"https:\\\/\\\/www.versiegelung24.com\\\/hr\\\/#\\\/schema\\\/logo\\\/image\\\/\",\"url\":\"https:\\\/\\\/www.versiegelung24.com\\\/wp-content\\\/uploads\\\/2020\\\/04\\\/versiegelung24.png\",\"contentUrl\":\"https:\\\/\\\/www.versiegelung24.com\\\/wp-content\\\/uploads\\\/2020\\\/04\\\/versiegelung24.png\",\"width\":470,\"height\":102,\"caption\":\"versiegelung24\"},\"image\":{\"@id\":\"https:\\\/\\\/www.versiegelung24.com\\\/hr\\\/#\\\/schema\\\/logo\\\/image\\\/\"}}]}<\/script>\n<meta property=\"product:price:amount\" content=\"149.00\" \/>\n<meta property=\"product:price:currency\" content=\"EUR\" \/>\n<meta property=\"og:availability\" content=\"instock\" \/>\n<meta property=\"product:availability\" content=\"instock\" \/>\n<meta property=\"product:retailer_item_id\" content=\"2003-7656-1000\" \/>\n<meta property=\"product:condition\" content=\"new\" \/>\n<!-- \/ Yoast SEO Premium plugin. -->","yoast_head_json":{"title":"Lakiranje automobila i brtvljenje felgi - versiegelung24.com","robots":{"index":"index","follow":"follow","max-snippet":"max-snippet:-1","max-image-preview":"max-image-preview:large","max-video-preview":"max-video-preview:-1"},"canonical":"https:\/\/www.versiegelung24.com\/hr\/boja-automobila-i-brtvljenje-naplataka.html","og_locale":"hr_HR","og_type":"article","og_title":"Lakiranje automobila i brtvljenje felgi","og_description":"Visoko u\u010dinkovita profesionalna za\u0161titna brtva za farbu automobila i aluminijske felge: \u2713 s efektom lotosa (vodoodbojnost)","og_url":"https:\/\/www.versiegelung24.com\/hr\/boja-automobila-i-brtvljenje-naplataka.html","og_site_name":"versiegelung24.com","article_modified_time":"2025-01-03T22:48:33+00:00","og_image":[{"width":2560,"height":2560,"url":"https:\/\/www.versiegelung24.com\/wp-content\/uploads\/2020\/06\/produkt-2003-7656-1000-Autolack-Felgenversiegelung-scaled.jpg","type":"image\/jpeg"}],"twitter_card":"summary_large_image","twitter_misc":{"Price":"149,00&euro;","Availability":"In stock"},"schema":{"@context":"https:\/\/schema.org","@graph":[{"@type":"WebPage","@id":"https:\/\/www.versiegelung24.com\/hr\/boja-automobila-i-brtvljenje-naplataka.html","url":"https:\/\/www.versiegelung24.com\/hr\/boja-automobila-i-brtvljenje-naplataka.html","name":"Lakiranje automobila i brtvljenje felgi - versiegelung24.com","isPartOf":{"@id":"https:\/\/www.versiegelung24.com\/hr\/#website"},"primaryImageOfPage":{"@id":"https:\/\/www.versiegelung24.com\/hr\/boja-automobila-i-brtvljenje-naplataka.html#primaryimage"},"image":{"@id":"https:\/\/www.versiegelung24.com\/hr\/boja-automobila-i-brtvljenje-naplataka.html#primaryimage"},"thumbnailUrl":"https:\/\/www.versiegelung24.com\/wp-content\/uploads\/2020\/06\/produkt-2003-7656-1000-Autolack-Felgenversiegelung-scaled.jpg","datePublished":"2021-08-02T19:37:17+00:00","dateModified":"2025-01-03T22:48:33+00:00","breadcrumb":{"@id":"https:\/\/www.versiegelung24.com\/hr\/boja-automobila-i-brtvljenje-naplataka.html#breadcrumb"},"inLanguage":"hr","potentialAction":[{"@type":"ReadAction","target":["https:\/\/www.versiegelung24.com\/hr\/boja-automobila-i-brtvljenje-naplataka.html"]}]},{"@type":"ImageObject","inLanguage":"hr","@id":"https:\/\/www.versiegelung24.com\/hr\/boja-automobila-i-brtvljenje-naplataka.html#primaryimage","url":"https:\/\/www.versiegelung24.com\/wp-content\/uploads\/2020\/06\/produkt-2003-7656-1000-Autolack-Felgenversiegelung-scaled.jpg","contentUrl":"https:\/\/www.versiegelung24.com\/wp-content\/uploads\/2020\/06\/produkt-2003-7656-1000-Autolack-Felgenversiegelung-scaled.jpg","width":2560,"height":2560},{"@type":"BreadcrumbList","@id":"https:\/\/www.versiegelung24.com\/hr\/boja-automobila-i-brtvljenje-naplataka.html#breadcrumb","itemListElement":[{"@type":"ListItem","position":1,"name":"Po\u010detna stranica","item":"https:\/\/www.versiegelung24.com\/hr\/ispred\/"},{"@type":"ListItem","position":2,"name":"Du\u0107an","item":"https:\/\/www.versiegelung24.com\/hr\/ducan\/"},{"@type":"ListItem","position":3,"name":"Lakiranje automobila i brtvljenje felgi"}]},{"@type":"WebSite","@id":"https:\/\/www.versiegelung24.com\/hr\/#website","url":"https:\/\/www.versiegelung24.com\/hr\/","name":"versiegelung24.com","description":"Fl\u00fcssigglas-Versiegelung - Made in Germany","publisher":{"@id":"https:\/\/www.versiegelung24.com\/hr\/#organization"},"potentialAction":[{"@type":"SearchAction","target":{"@type":"EntryPoint","urlTemplate":"https:\/\/www.versiegelung24.com\/hr\/?s={search_term_string}"},"query-input":{"@type":"PropertyValueSpecification","valueRequired":true,"valueName":"search_term_string"}}],"inLanguage":"hr"},{"@type":"Organization","@id":"https:\/\/www.versiegelung24.com\/hr\/#organization","name":"versiegelung24","url":"https:\/\/www.versiegelung24.com\/hr\/","logo":{"@type":"ImageObject","inLanguage":"hr","@id":"https:\/\/www.versiegelung24.com\/hr\/#\/schema\/logo\/image\/","url":"https:\/\/www.versiegelung24.com\/wp-content\/uploads\/2020\/04\/versiegelung24.png","contentUrl":"https:\/\/www.versiegelung24.com\/wp-content\/uploads\/2020\/04\/versiegelung24.png","width":470,"height":102,"caption":"versiegelung24"},"image":{"@id":"https:\/\/www.versiegelung24.com\/hr\/#\/schema\/logo\/image\/"}}]},"product_price_amount":"149.00","product_price_currency":"EUR","og_availability":"instock","product_availability":"instock","product_retailer_item_id":"2003-7656-1000","product_condition":"new"},"_links":{"self":[{"href":"https:\/\/www.versiegelung24.com\/hr\/wp-json\/wp\/v2\/product\/23451","targetHints":{"allow":["GET"]}}],"collection":[{"href":"https:\/\/www.versiegelung24.com\/hr\/wp-json\/wp\/v2\/product"}],"about":[{"href":"https:\/\/www.versiegelung24.com\/hr\/wp-json\/wp\/v2\/types\/product"}],"version-history":[{"count":15,"href":"https:\/\/www.versiegelung24.com\/hr\/wp-json\/wp\/v2\/product\/23451\/revisions"}],"predecessor-version":[{"id":177653,"href":"https:\/\/www.versiegelung24.com\/hr\/wp-json\/wp\/v2\/product\/23451\/revisions\/177653"}],"wp:featuredmedia":[{"embeddable":true,"href":"https:\/\/www.versiegelung24.com\/hr\/wp-json\/wp\/v2\/media\/17855"}],"wp:attachment":[{"href":"https:\/\/www.versiegelung24.com\/hr\/wp-json\/wp\/v2\/media?parent=23451"}],"wp:term":[{"taxonomy":"product_brand","embeddable":true,"href":"https:\/\/www.versiegelung24.com\/hr\/wp-json\/wp\/v2\/product_brand?post=23451"},{"taxonomy":"product_cat","embeddable":true,"href":"https:\/\/www.versiegelung24.com\/hr\/wp-json\/wp\/v2\/product_cat?post=23451"},{"taxonomy":"product_tag","embeddable":true,"href":"https:\/\/www.versiegelung24.com\/hr\/wp-json\/wp\/v2\/product_tag?post=23451"}],"curies":[{"name":"wp","href":"https:\/\/api.w.org\/{rel}","templated":true}]}}