{"id":23501,"date":"2020-04-04T18:53:42","date_gmt":"2020-04-04T16:53:42","guid":{"rendered":"https:\/\/www.versiegelung24.com\/produkt\/vrhunsko-brtvljenje-za-staklo-i-keramiku-s-iznimnom-izdrzljivoscu"},"modified":"2025-01-03T23:50:32","modified_gmt":"2025-01-03T22:50:32","slug":"vrhunsko-brtvljenje-za-staklo-i-keramiku-s-iznimnom-izdrzljivoscu","status":"publish","type":"product","link":"https:\/\/www.versiegelung24.com\/hr\/vrhunsko-brtvljenje-za-staklo-i-keramiku-s-iznimnom-izdrzljivoscu.html","title":{"rendered":"Vrhunsko brtvljenje za staklo i keramiku s ekstremnom izdr\u017eljivo\u0161\u0107u"},"content":{"rendered":"\n<p><strong>Visoko u\u010dinkovito staklo i kerami\u010dko brtvljenje za sve povr\u0161ine na kojima \u017eelite posti\u0107i najdu\u017eu mogu\u0107u postojanost, npr. prozorska stakla, staklena fasada, ulazna vrata (do 3 godine) itd., s efektom lotosa (vodoodbojnost), za unutarnje i vani<\/strong> .<\/p>\n\n<p>Broj artikla: 1003-7601 &#8211; Visoka kvaliteta Made in Germany.<\/p>\n\n<div class=\"wp-block-columns is-layout-flex wp-container-core-columns-is-layout-9d6595d7 wp-block-columns-is-layout-flex\">\n<div class=\"wp-block-column is-layout-flow wp-block-column-is-layout-flow\">\n<figure class=\"wp-block-embed is-type-video is-provider-youtube wp-block-embed-youtube wp-embed-aspect-16-9 wp-has-aspect-ratio\"><div class=\"wp-block-embed__wrapper\"> \n<div class=\"nv-iframe-embed\"><iframe title=\"(Nano-)Versiegelungen f\u00fcrs Badezimmer, die wirklich halten! Versiegelung24.com\" width=\"1200\" height=\"675\" src=\"https:\/\/www.youtube.com\/embed\/l6YldCwuye0?feature=oembed\" frameborder=\"0\" allow=\"accelerometer; autoplay; clipboard-write; encrypted-media; gyroscope; picture-in-picture; web-share\" referrerpolicy=\"strict-origin-when-cross-origin\" allowfullscreen><\/iframe><\/div>\n <\/div><\/figure>\n<\/div>\n\n\n\n<div class=\"wp-block-column is-layout-flow wp-block-column-is-layout-flow\">\n<figure class=\"wp-block-embed is-type-video is-provider-youtube wp-block-embed-youtube wp-embed-aspect-16-9 wp-has-aspect-ratio\"><div class=\"wp-block-embed__wrapper\"> \n<div class=\"nv-iframe-embed\"><iframe title=\"Kalk in der Dusche entfernen und mit einer Glasversiegelung vorbeugen!\" width=\"1200\" height=\"675\" src=\"https:\/\/www.youtube.com\/embed\/vnJHIGeb_7I?feature=oembed\" frameborder=\"0\" allow=\"accelerometer; autoplay; clipboard-write; encrypted-media; gyroscope; picture-in-picture; web-share\" referrerpolicy=\"strict-origin-when-cross-origin\" allowfullscreen><\/iframe><\/div>\n <\/div><\/figure>\n<\/div>\n<\/div>\n\n<hr\/>\n\n<h4 class=\"wp-block-heading\" id=\"properties\">Zna\u010dajke proizvoda<\/h4>\n\n<div class=\"wp-block-columns is-layout-flex wp-container-core-columns-is-layout-9d6595d7 wp-block-columns-is-layout-flex\">\n<div class=\"wp-block-column is-layout-flow wp-block-column-is-layout-flow\">\n<ul class=\"wp-block-list\" id=\"block-fbfff1f6-f7fb-4162-9feb-4a71c2f1f5b7\">\n<li>Izvrstan u\u010dinak lakog \u010di\u0161\u0107enja za prljav\u0161tinu i kamenac<\/li>\n\n\n\n<li>Vrlo jak hidrofobni i oleofobni u\u010dinak (odbojnost vode i ulja)<\/li>\n\n\n\n<li>Vrlo visoka otpornost na abraziju zahvaljuju\u0107i SiO\u00b2 nano tehnologiji<\/li>\n\n\n\n<li>Kemijski otporan na sredstva za \u010di\u0161\u0107enje (do pH vrijednosti 12)<\/li>\n\n\n\n<li>Trajnost: do 3-5 godina (ovisno o kori\u0161tenju)<\/li>\n<\/ul>\n<\/div>\n\n\n\n<div class=\"wp-block-column is-layout-flow wp-block-column-is-layout-flow\">\n<ul class=\"wp-block-list\" id=\"block-da198c4e-3517-4612-b9e4-86eb030d8594\">\n<li>Smanjuje rast mikroorganizama i bakterija te na taj na\u010din pobolj\u0161ava higijenu<\/li>\n\n\n\n<li>UV postojan \/ otporan na mraz \/ otporan na slanu vodu \/ nevidljiv (debljina sloja: 100-150 nm)<\/li>\n\n\n\n<li>U\u010dinak samo\u010di\u0161\u0107enja na okomitim staklenim povr\u0161inama po ki\u0161i<\/li>\n\n\n\n<li>U\u0161teda tro\u0161kova, vremena i energije kroz produ\u017eene cikluse \u010di\u0161\u0107enja<\/li>\n<\/ul>\n\n\n\n<p>Opseg isporuke:<br\/> 1 x boca od litre<br\/> 1 x glava za prskanje s pumpicom<br\/> 1 x Opis proizvoda<\/p>\n<\/div>\n<\/div>\n\n<figure class=\"wp-block-image size-large is-resized\"><img fetchpriority=\"high\" decoding=\"async\" width=\"1300\" height=\"260\" src=\"https:\/\/www.versiegelung24.com\/wp-content\/uploads\/2022\/01\/bad_glas-1300x260.jpg\" alt=\"\" class=\"wp-image-59538\" style=\"width:1500px\" srcset=\"https:\/\/www.versiegelung24.com\/wp-content\/uploads\/2022\/01\/bad_glas-1300x260.jpg 1300w, https:\/\/www.versiegelung24.com\/wp-content\/uploads\/2022\/01\/bad_glas-300x60.jpg 300w, https:\/\/www.versiegelung24.com\/wp-content\/uploads\/2022\/01\/bad_glas-768x154.jpg 768w, https:\/\/www.versiegelung24.com\/wp-content\/uploads\/2022\/01\/bad_glas-600x120.jpg 600w, https:\/\/www.versiegelung24.com\/wp-content\/uploads\/2022\/01\/bad_glas.jpg 1500w\" sizes=\"(max-width: 1300px) 100vw, 1300px\" \/><\/figure>\n\n<h4 class=\"wp-block-heading\" id=\"application\">Primjena<\/h4>\n\n<div class=\"wp-block-columns is-layout-flex wp-container-core-columns-is-layout-9d6595d7 wp-block-columns-is-layout-flex\">\n<div class=\"wp-block-column is-layout-flow wp-block-column-is-layout-flow\">\n<ul class=\"wp-block-list\">\n<li>Prozorsko staklo (izvana i iznutra)<\/li>\n\n\n\n<li>Staklene povr\u0161ine u sanitarnim prostorijama (ogledala, tu\u0161 kabine)<\/li>\n\n\n\n<li>Gra\u0111evinsko staklo (zimski vrtovi, staklenici, nadstre\u0161nice, zidno ostakljenje)<\/li>\n<\/ul>\n<\/div>\n\n\n\n<div class=\"wp-block-column is-layout-flow wp-block-column-is-layout-flow\">\n<ul class=\"wp-block-list\">\n<li>Zastakljene podne i zidne plo\u010dice<\/li>\n\n\n\n<li>Zastakljene kerami\u010dke povr\u0161ine (toaleti, umivaonici, sudoperi, kade)<\/li>\n<\/ul>\n\n\n\n<p>Potro\u0161nja ovisi o strukturi povr\u0161ine cca 100-200m\u00b2\/l.<\/p>\n<\/div>\n<\/div>\n\n<p><\/p>\n","protected":false},"excerpt":{"rendered":"<p><strong>Vrhunsko brtvljenje od stakla i keramike u profesionalnoj kvaliteti:<\/strong><\/p>\n<p>\u2713 s dodatnom izdr\u017eljivo\u0161\u0107u<\/p>\n<p>\u2713Proizvedeno u Njema\u010dkoj<\/p>\n","protected":false},"featured_media":17736,"template":"","meta":{"_acf_changed":false,"neve_meta_sidebar":"","neve_meta_container":"","neve_meta_enable_content_width":"","neve_meta_content_width":0,"neve_meta_title_alignment":"","neve_meta_author_avatar":"","neve_post_elements_order":"","neve_meta_disable_header":"","neve_meta_disable_footer":"","neve_meta_disable_title":"","neve_meta_reading_time":"","_surfaces":[],"_ver_product_tabs":[],"footnotes":""},"product_brand":[],"product_cat":[2303],"product_tag":[],"class_list":{"0":"post-23501","1":"product","2":"type-product","3":"status-publish","4":"has-post-thumbnail","6":"product_cat-brtve-za-staklo-i-keramiku","7":"pa_gebinde-bocica-od-1000-ml","8":"pa_gebinde-kanister-od-20l","10":"first","11":"instock","12":"taxable","13":"shipping-taxable","14":"purchasable","15":"product-type-variable","16":"has-default-attributes"},"acf":[],"yoast_head":"<!-- This site is optimized with the Yoast SEO Premium plugin v22.8 (Yoast SEO v27.5) - https:\/\/yoast.com\/product\/yoast-seo-premium-wordpress\/ -->\n<title>Vrhunsko brtvljenje za staklo i keramiku s ekstremnom izdr\u017eljivo\u0161\u0107u - versiegelung24.com<\/title>\n<meta name=\"robots\" content=\"index, follow, max-snippet:-1, max-image-preview:large, max-video-preview:-1\" \/>\n<link rel=\"canonical\" href=\"https:\/\/www.versiegelung24.com\/hr\/vrhunsko-brtvljenje-za-staklo-i-keramiku-s-iznimnom-izdrzljivoscu.html\" \/>\n<meta property=\"og:locale\" content=\"hr_HR\" \/>\n<meta property=\"og:type\" content=\"article\" \/>\n<meta property=\"og:title\" content=\"Vrhunsko brtvljenje za staklo i keramiku s ekstremnom izdr\u017eljivo\u0161\u0107u\" \/>\n<meta property=\"og:description\" content=\"Vrhunsko brtvljenje od stakla i keramike u profesionalnoj kvaliteti: \u2713 s dodatnom izdr\u017eljivo\u0161\u0107u \u2713Proizvedeno u Njema\u010dkoj\" \/>\n<meta property=\"og:url\" content=\"https:\/\/www.versiegelung24.com\/hr\/vrhunsko-brtvljenje-za-staklo-i-keramiku-s-iznimnom-izdrzljivoscu.html\" \/>\n<meta property=\"og:site_name\" content=\"versiegelung24.com\" \/>\n<meta property=\"article:modified_time\" content=\"2025-01-03T22:50:32+00:00\" \/>\n<meta property=\"og:image\" content=\"https:\/\/www.versiegelung24.com\/wp-content\/uploads\/2020\/06\/produkt-1003-7601-1000-Premium-Versiegelung-Glas-Keramik-scaled.jpg\" \/>\n\t<meta property=\"og:image:width\" content=\"2560\" \/>\n\t<meta property=\"og:image:height\" content=\"2560\" \/>\n\t<meta property=\"og:image:type\" content=\"image\/jpeg\" \/>\n<meta name=\"twitter:card\" content=\"summary_large_image\" \/>\n<meta name=\"twitter:label1\" content=\"Availability\" \/>\n\t<meta name=\"twitter:data1\" content=\"In stock\" \/>\n<script type=\"application\/ld+json\" class=\"yoast-schema-graph\">{\"@context\":\"https:\\\/\\\/schema.org\",\"@graph\":[{\"@type\":\"WebPage\",\"@id\":\"https:\\\/\\\/www.versiegelung24.com\\\/hr\\\/vrhunsko-brtvljenje-za-staklo-i-keramiku-s-iznimnom-izdrzljivoscu.html\",\"url\":\"https:\\\/\\\/www.versiegelung24.com\\\/hr\\\/vrhunsko-brtvljenje-za-staklo-i-keramiku-s-iznimnom-izdrzljivoscu.html\",\"name\":\"Vrhunsko brtvljenje za staklo i keramiku s ekstremnom izdr\u017eljivo\u0161\u0107u - versiegelung24.com\",\"isPartOf\":{\"@id\":\"https:\\\/\\\/www.versiegelung24.com\\\/hr\\\/#website\"},\"primaryImageOfPage\":{\"@id\":\"https:\\\/\\\/www.versiegelung24.com\\\/hr\\\/vrhunsko-brtvljenje-za-staklo-i-keramiku-s-iznimnom-izdrzljivoscu.html#primaryimage\"},\"image\":{\"@id\":\"https:\\\/\\\/www.versiegelung24.com\\\/hr\\\/vrhunsko-brtvljenje-za-staklo-i-keramiku-s-iznimnom-izdrzljivoscu.html#primaryimage\"},\"thumbnailUrl\":\"https:\\\/\\\/www.versiegelung24.com\\\/wp-content\\\/uploads\\\/2020\\\/06\\\/produkt-1003-7601-1000-Premium-Versiegelung-Glas-Keramik-scaled.jpg\",\"datePublished\":\"2020-04-04T16:53:42+00:00\",\"dateModified\":\"2025-01-03T22:50:32+00:00\",\"breadcrumb\":{\"@id\":\"https:\\\/\\\/www.versiegelung24.com\\\/hr\\\/vrhunsko-brtvljenje-za-staklo-i-keramiku-s-iznimnom-izdrzljivoscu.html#breadcrumb\"},\"inLanguage\":\"hr\",\"potentialAction\":[{\"@type\":\"ReadAction\",\"target\":[\"https:\\\/\\\/www.versiegelung24.com\\\/hr\\\/vrhunsko-brtvljenje-za-staklo-i-keramiku-s-iznimnom-izdrzljivoscu.html\"]}]},{\"@type\":\"ImageObject\",\"inLanguage\":\"hr\",\"@id\":\"https:\\\/\\\/www.versiegelung24.com\\\/hr\\\/vrhunsko-brtvljenje-za-staklo-i-keramiku-s-iznimnom-izdrzljivoscu.html#primaryimage\",\"url\":\"https:\\\/\\\/www.versiegelung24.com\\\/wp-content\\\/uploads\\\/2020\\\/06\\\/produkt-1003-7601-1000-Premium-Versiegelung-Glas-Keramik-scaled.jpg\",\"contentUrl\":\"https:\\\/\\\/www.versiegelung24.com\\\/wp-content\\\/uploads\\\/2020\\\/06\\\/produkt-1003-7601-1000-Premium-Versiegelung-Glas-Keramik-scaled.jpg\",\"width\":2560,\"height\":2560},{\"@type\":\"BreadcrumbList\",\"@id\":\"https:\\\/\\\/www.versiegelung24.com\\\/hr\\\/vrhunsko-brtvljenje-za-staklo-i-keramiku-s-iznimnom-izdrzljivoscu.html#breadcrumb\",\"itemListElement\":[{\"@type\":\"ListItem\",\"position\":1,\"name\":\"Po\u010detna stranica\",\"item\":\"https:\\\/\\\/www.versiegelung24.com\\\/hr\\\/ispred\\\/\"},{\"@type\":\"ListItem\",\"position\":2,\"name\":\"Du\u0107an\",\"item\":\"https:\\\/\\\/www.versiegelung24.com\\\/hr\\\/ducan\\\/\"},{\"@type\":\"ListItem\",\"position\":3,\"name\":\"Vrhunsko brtvljenje za staklo i keramiku s ekstremnom izdr\u017eljivo\u0161\u0107u\"}]},{\"@type\":\"WebSite\",\"@id\":\"https:\\\/\\\/www.versiegelung24.com\\\/hr\\\/#website\",\"url\":\"https:\\\/\\\/www.versiegelung24.com\\\/hr\\\/\",\"name\":\"versiegelung24.com\",\"description\":\"Fl\u00fcssigglas-Versiegelung - Made in Germany\",\"publisher\":{\"@id\":\"https:\\\/\\\/www.versiegelung24.com\\\/hr\\\/#organization\"},\"potentialAction\":[{\"@type\":\"SearchAction\",\"target\":{\"@type\":\"EntryPoint\",\"urlTemplate\":\"https:\\\/\\\/www.versiegelung24.com\\\/hr\\\/?s={search_term_string}\"},\"query-input\":{\"@type\":\"PropertyValueSpecification\",\"valueRequired\":true,\"valueName\":\"search_term_string\"}}],\"inLanguage\":\"hr\"},{\"@type\":\"Organization\",\"@id\":\"https:\\\/\\\/www.versiegelung24.com\\\/hr\\\/#organization\",\"name\":\"versiegelung24\",\"url\":\"https:\\\/\\\/www.versiegelung24.com\\\/hr\\\/\",\"logo\":{\"@type\":\"ImageObject\",\"inLanguage\":\"hr\",\"@id\":\"https:\\\/\\\/www.versiegelung24.com\\\/hr\\\/#\\\/schema\\\/logo\\\/image\\\/\",\"url\":\"https:\\\/\\\/www.versiegelung24.com\\\/wp-content\\\/uploads\\\/2020\\\/04\\\/versiegelung24.png\",\"contentUrl\":\"https:\\\/\\\/www.versiegelung24.com\\\/wp-content\\\/uploads\\\/2020\\\/04\\\/versiegelung24.png\",\"width\":470,\"height\":102,\"caption\":\"versiegelung24\"},\"image\":{\"@id\":\"https:\\\/\\\/www.versiegelung24.com\\\/hr\\\/#\\\/schema\\\/logo\\\/image\\\/\"}}]}<\/script>\n<meta property=\"og:availability\" content=\"instock\" \/>\n<meta property=\"product:availability\" content=\"instock\" \/>\n<meta property=\"product:retailer_item_id\" content=\"1003-7601\" \/>\n<meta property=\"product:condition\" content=\"new\" \/>\n<!-- \/ Yoast SEO Premium plugin. -->","yoast_head_json":{"title":"Vrhunsko brtvljenje za staklo i keramiku s ekstremnom izdr\u017eljivo\u0161\u0107u - versiegelung24.com","robots":{"index":"index","follow":"follow","max-snippet":"max-snippet:-1","max-image-preview":"max-image-preview:large","max-video-preview":"max-video-preview:-1"},"canonical":"https:\/\/www.versiegelung24.com\/hr\/vrhunsko-brtvljenje-za-staklo-i-keramiku-s-iznimnom-izdrzljivoscu.html","og_locale":"hr_HR","og_type":"article","og_title":"Vrhunsko brtvljenje za staklo i keramiku s ekstremnom izdr\u017eljivo\u0161\u0107u","og_description":"Vrhunsko brtvljenje od stakla i keramike u profesionalnoj kvaliteti: \u2713 s dodatnom izdr\u017eljivo\u0161\u0107u \u2713Proizvedeno u Njema\u010dkoj","og_url":"https:\/\/www.versiegelung24.com\/hr\/vrhunsko-brtvljenje-za-staklo-i-keramiku-s-iznimnom-izdrzljivoscu.html","og_site_name":"versiegelung24.com","article_modified_time":"2025-01-03T22:50:32+00:00","og_image":[{"width":2560,"height":2560,"url":"https:\/\/www.versiegelung24.com\/wp-content\/uploads\/2020\/06\/produkt-1003-7601-1000-Premium-Versiegelung-Glas-Keramik-scaled.jpg","type":"image\/jpeg"}],"twitter_card":"summary_large_image","twitter_misc":{"Availability":"In stock"},"schema":{"@context":"https:\/\/schema.org","@graph":[{"@type":"WebPage","@id":"https:\/\/www.versiegelung24.com\/hr\/vrhunsko-brtvljenje-za-staklo-i-keramiku-s-iznimnom-izdrzljivoscu.html","url":"https:\/\/www.versiegelung24.com\/hr\/vrhunsko-brtvljenje-za-staklo-i-keramiku-s-iznimnom-izdrzljivoscu.html","name":"Vrhunsko brtvljenje za staklo i keramiku s ekstremnom izdr\u017eljivo\u0161\u0107u - versiegelung24.com","isPartOf":{"@id":"https:\/\/www.versiegelung24.com\/hr\/#website"},"primaryImageOfPage":{"@id":"https:\/\/www.versiegelung24.com\/hr\/vrhunsko-brtvljenje-za-staklo-i-keramiku-s-iznimnom-izdrzljivoscu.html#primaryimage"},"image":{"@id":"https:\/\/www.versiegelung24.com\/hr\/vrhunsko-brtvljenje-za-staklo-i-keramiku-s-iznimnom-izdrzljivoscu.html#primaryimage"},"thumbnailUrl":"https:\/\/www.versiegelung24.com\/wp-content\/uploads\/2020\/06\/produkt-1003-7601-1000-Premium-Versiegelung-Glas-Keramik-scaled.jpg","datePublished":"2020-04-04T16:53:42+00:00","dateModified":"2025-01-03T22:50:32+00:00","breadcrumb":{"@id":"https:\/\/www.versiegelung24.com\/hr\/vrhunsko-brtvljenje-za-staklo-i-keramiku-s-iznimnom-izdrzljivoscu.html#breadcrumb"},"inLanguage":"hr","potentialAction":[{"@type":"ReadAction","target":["https:\/\/www.versiegelung24.com\/hr\/vrhunsko-brtvljenje-za-staklo-i-keramiku-s-iznimnom-izdrzljivoscu.html"]}]},{"@type":"ImageObject","inLanguage":"hr","@id":"https:\/\/www.versiegelung24.com\/hr\/vrhunsko-brtvljenje-za-staklo-i-keramiku-s-iznimnom-izdrzljivoscu.html#primaryimage","url":"https:\/\/www.versiegelung24.com\/wp-content\/uploads\/2020\/06\/produkt-1003-7601-1000-Premium-Versiegelung-Glas-Keramik-scaled.jpg","contentUrl":"https:\/\/www.versiegelung24.com\/wp-content\/uploads\/2020\/06\/produkt-1003-7601-1000-Premium-Versiegelung-Glas-Keramik-scaled.jpg","width":2560,"height":2560},{"@type":"BreadcrumbList","@id":"https:\/\/www.versiegelung24.com\/hr\/vrhunsko-brtvljenje-za-staklo-i-keramiku-s-iznimnom-izdrzljivoscu.html#breadcrumb","itemListElement":[{"@type":"ListItem","position":1,"name":"Po\u010detna stranica","item":"https:\/\/www.versiegelung24.com\/hr\/ispred\/"},{"@type":"ListItem","position":2,"name":"Du\u0107an","item":"https:\/\/www.versiegelung24.com\/hr\/ducan\/"},{"@type":"ListItem","position":3,"name":"Vrhunsko brtvljenje za staklo i keramiku s ekstremnom izdr\u017eljivo\u0161\u0107u"}]},{"@type":"WebSite","@id":"https:\/\/www.versiegelung24.com\/hr\/#website","url":"https:\/\/www.versiegelung24.com\/hr\/","name":"versiegelung24.com","description":"Fl\u00fcssigglas-Versiegelung - Made in Germany","publisher":{"@id":"https:\/\/www.versiegelung24.com\/hr\/#organization"},"potentialAction":[{"@type":"SearchAction","target":{"@type":"EntryPoint","urlTemplate":"https:\/\/www.versiegelung24.com\/hr\/?s={search_term_string}"},"query-input":{"@type":"PropertyValueSpecification","valueRequired":true,"valueName":"search_term_string"}}],"inLanguage":"hr"},{"@type":"Organization","@id":"https:\/\/www.versiegelung24.com\/hr\/#organization","name":"versiegelung24","url":"https:\/\/www.versiegelung24.com\/hr\/","logo":{"@type":"ImageObject","inLanguage":"hr","@id":"https:\/\/www.versiegelung24.com\/hr\/#\/schema\/logo\/image\/","url":"https:\/\/www.versiegelung24.com\/wp-content\/uploads\/2020\/04\/versiegelung24.png","contentUrl":"https:\/\/www.versiegelung24.com\/wp-content\/uploads\/2020\/04\/versiegelung24.png","width":470,"height":102,"caption":"versiegelung24"},"image":{"@id":"https:\/\/www.versiegelung24.com\/hr\/#\/schema\/logo\/image\/"}}]},"og_availability":"instock","product_availability":"instock","product_retailer_item_id":"1003-7601","product_condition":"new"},"_links":{"self":[{"href":"https:\/\/www.versiegelung24.com\/hr\/wp-json\/wp\/v2\/product\/23501","targetHints":{"allow":["GET"]}}],"collection":[{"href":"https:\/\/www.versiegelung24.com\/hr\/wp-json\/wp\/v2\/product"}],"about":[{"href":"https:\/\/www.versiegelung24.com\/hr\/wp-json\/wp\/v2\/types\/product"}],"version-history":[{"count":26,"href":"https:\/\/www.versiegelung24.com\/hr\/wp-json\/wp\/v2\/product\/23501\/revisions"}],"predecessor-version":[{"id":177691,"href":"https:\/\/www.versiegelung24.com\/hr\/wp-json\/wp\/v2\/product\/23501\/revisions\/177691"}],"wp:featuredmedia":[{"embeddable":true,"href":"https:\/\/www.versiegelung24.com\/hr\/wp-json\/wp\/v2\/media\/17736"}],"wp:attachment":[{"href":"https:\/\/www.versiegelung24.com\/hr\/wp-json\/wp\/v2\/media?parent=23501"}],"wp:term":[{"taxonomy":"product_brand","embeddable":true,"href":"https:\/\/www.versiegelung24.com\/hr\/wp-json\/wp\/v2\/product_brand?post=23501"},{"taxonomy":"product_cat","embeddable":true,"href":"https:\/\/www.versiegelung24.com\/hr\/wp-json\/wp\/v2\/product_cat?post=23501"},{"taxonomy":"product_tag","embeddable":true,"href":"https:\/\/www.versiegelung24.com\/hr\/wp-json\/wp\/v2\/product_tag?post=23501"}],"curies":[{"name":"wp","href":"https:\/\/api.w.org\/{rel}","templated":true}]}}