{"id":23569,"date":"2020-04-04T18:53:44","date_gmt":"2021-08-02T19:45:15","guid":{"rendered":"https:\/\/www.versiegelung24.com\/produkt\/univerzalna-brtva-673-za-tvrde-neupijajuce-povrsine-boja-plastika-staklo-keramika-metal-nehrdajuci-celik"},"modified":"2025-01-03T23:49:01","modified_gmt":"2025-01-03T22:49:01","slug":"univerzalno-brtvljenje-673-za-tvrde-neupijajuce-povrsine-lakove-plastika-staklo-keramika-metal-nehrdajuci-celik","status":"publish","type":"product","link":"https:\/\/www.versiegelung24.com\/hr\/univerzalna-brtva-673-za-tvrde-neupijajuce-povrsine-boja-plastika-staklo-keramika-metal-nehrdajuci-celik.html","title":{"rendered":"Univerzalna brtva 673 za &#8220;tvrde&#8221; \/ neupijaju\u0107e povr\u0161ine (boja \/ plastika +++, staklo \/ keramika ++, metal \/ nehr\u0111aju\u0107i \u010delik ++)"},"content":{"rendered":"\n<p><strong>Univerzalno brtvljenje za &#8220;tvrde&#8221; \/ neupijaju\u0107e povr\u0161ine u profesionalnoj kvaliteti &#8211; proizvedeno u Njema\u010dkoj<\/strong><\/p>\n\n<p>Idealno za plastiku i obojene povr\u0161ine (slojevito), mo\u017ee se koristiti i na staklu \/ keramici; Metal i nehr\u0111aju\u0107i \u010delik<\/p>\n\n<p>Broj stavke: 4004-673<\/p>\n\n<p>Visoka kvaliteta Made in Germany<\/p>\n\n<p><strong>V24 univerzalna brtva 4004-673<\/strong> je sustav na bazi alkohola koji stvara privremeni u\u010dinak koji se lako \u010disti na staklenim i kerami\u010dkim povr\u0161inama, kao i na odre\u0111enim metalnim povr\u0161inama (krom, nehr\u0111aju\u0107i \u010delik, aluminij). Otrljani materijal tvori tanki film na povr\u0161ini koji smanjuje prianjanje prljav\u0161tine i stranih tvari i omogu\u0107uje jednostavno istjecanje vode. Premazane povr\u0161ine posebno se lako \u010diste i manje se prljaju.<\/p>\n\n<hr\/>\n\n<h4 class=\"wp-block-heading\" id=\"properties\">Zna\u010dajke proizvoda<\/h4>\n\n<div class=\"wp-block-columns is-layout-flex wp-container-core-columns-is-layout-9d6595d7 wp-block-columns-is-layout-flex\">\n<div class=\"wp-block-column is-layout-flow wp-block-column-is-layout-flow\">\n<figure class=\"wp-block-table is-style-stripes\"><table><tbody><tr><td class=\"has-text-align-center\" data-align=\"center\">Kemija:<\/td><td class=\"has-text-align-center\" data-align=\"center\">Anorgansko-organski polimer, bez halogena, bez fluora<\/td><\/tr><tr><td class=\"has-text-align-center\" data-align=\"center\">Opis:<\/td><td class=\"has-text-align-center\" data-align=\"center\">Univerzalno brtvljenje<\/td><\/tr><tr><td class=\"has-text-align-center\" data-align=\"center\">Izgled:<\/td><td class=\"has-text-align-center\" data-align=\"center\">Teku\u0107ina, bezbojna &#8211; ru\u017ei\u010dasta<\/td><\/tr><tr><td class=\"has-text-align-center\" data-align=\"center\">Razrje\u0111ivanje: <\/td><td class=\"has-text-align-center\" data-align=\"center\">Razrije\u0111en spreman za upotrebu<\/td><\/tr><tr><td class=\"has-text-align-center\" data-align=\"center\">Koncentracija: <\/td><td class=\"has-text-align-center\" data-align=\"center\">0,5-1,5% po masi<\/td><\/tr><tr><td class=\"has-text-align-center\" data-align=\"center\">Rukovanje:<\/td><td class=\"has-text-align-center\" data-align=\"center\">Va\u017ene informacije o rukovanju i sigurnosti nalaze se u trenutnom sigurnosnom listu. Tijekom obrade potrebno je koristiti odgovaraju\u0107u osobnu za\u0161titnu opremu.<\/td><\/tr><\/tbody><\/table><\/figure>\n<\/div>\n\n\n\n<div class=\"wp-block-column is-layout-flow wp-block-column-is-layout-flow\">\n<p>Opseg isporuke:<br\/> 1 x boca od litre<br\/> 1 x glava za prskanje s pumpicom<\/p>\n<\/div>\n<\/div>\n\n<hr\/>\n\n<h4 class=\"wp-block-heading\" id=\"h-ratgeber\">savjetnik<\/h4>\n\n<p>Na\u0161e univerzalne brtve posebno su prikladne za sektor uradi sam.<\/p>\n\n<p>Kombiniraju profesionalni na\u010din djelovanja na razli\u010ditim povr\u0161inama s jednostavnim rukovanjem tijekom nano\u0161enja. I sve to bez velikih kompromisa u pogledu kvalitete.<\/p>\n\n<p>Na taj se na\u010din nanosi na vi\u0161e materijala sa samo jednim univerzalnim brtvilom, a posti\u017ee se i visokokvalitetan u\u010dinak i dugotrajnost.<\/p>\n\n<p>Me\u0111utim, za komercijalne i industrijske primjene gdje se na odre\u0111enoj povr\u0161ini \u017eeli posti\u0107i najvi\u0161a mogu\u0107a razina performansi, preporu\u010damo kori\u0161tenje na\u0161ih posebnih zavr\u0161nih obrada za tu povr\u0161inu.<\/p>\n","protected":false},"excerpt":{"rendered":"<p><strong>Visoko u\u010dinkovito profesionalno univerzalno brtvilo za \u201ctvrde\u201d\/neupijaju\u0107e povr\u0161ine kao \u0161to su:<\/strong><\/p>\n<p>\u2713 Staklo<\/p>\n<p>\u2713 Kerami\u010dke povr\u0161ine<\/p>\n<p>\u2713 Plasti\u010dne povr\u0161ine<\/p>\n<p>\u2713 Metalne povr\u0161ine<\/p>\n<p>\u2713 S u\u010dinkom koji se lako \u010disti<\/p>\n","protected":false},"featured_media":18211,"template":"","meta":{"_acf_changed":false,"neve_meta_sidebar":"","neve_meta_container":"","neve_meta_enable_content_width":"","neve_meta_content_width":0,"neve_meta_title_alignment":"","neve_meta_author_avatar":"","neve_post_elements_order":"","neve_meta_disable_header":"","neve_meta_disable_footer":"","neve_meta_disable_title":"","neve_meta_reading_time":"","_surfaces":[],"_ver_product_tabs":[],"footnotes":""},"product_brand":[],"product_cat":[2479],"product_tag":[],"class_list":{"0":"post-23569","1":"product","2":"type-product","3":"status-publish","4":"has-post-thumbnail","6":"product_cat-univerzalna-brtva","8":"first","9":"instock","10":"taxable","11":"shipping-taxable","12":"purchasable","13":"product-type-simple"},"acf":[],"yoast_head":"<!-- This site is optimized with the Yoast SEO Premium plugin v22.8 (Yoast SEO v27.3) - https:\/\/yoast.com\/product\/yoast-seo-premium-wordpress\/ -->\n<title>Univerzalna brtva 673 za &quot;tvrde&quot; \/ neupijaju\u0107e povr\u0161ine (boja \/ plastika +++, staklo \/ keramika ++, metal \/ nehr\u0111aju\u0107i \u010delik ++) - versiegelung24.com<\/title>\n<meta name=\"robots\" content=\"index, follow, max-snippet:-1, max-image-preview:large, max-video-preview:-1\" \/>\n<link rel=\"canonical\" href=\"https:\/\/www.versiegelung24.com\/hr\/univerzalna-brtva-673-za-tvrde-neupijajuce-povrsine-boja-plastika-staklo-keramika-metal-nehrdajuci-celik.html\" \/>\n<meta property=\"og:locale\" content=\"hr_HR\" \/>\n<meta property=\"og:type\" content=\"article\" \/>\n<meta property=\"og:title\" content=\"Univerzalna brtva 673 za &quot;tvrde&quot; \/ neupijaju\u0107e povr\u0161ine (boja \/ plastika +++, staklo \/ keramika ++, metal \/ nehr\u0111aju\u0107i \u010delik ++)\" \/>\n<meta property=\"og:description\" content=\"Visoko u\u010dinkovito profesionalno univerzalno brtvilo za \u201ctvrde\u201d\/neupijaju\u0107e povr\u0161ine kao \u0161to su: \u2713 Staklo \u2713 Kerami\u010dke povr\u0161ine \u2713 Plasti\u010dne povr\u0161ine \u2713 Metalne povr\u0161ine \u2713 S u\u010dinkom koji se lako \u010disti\" \/>\n<meta property=\"og:url\" content=\"https:\/\/www.versiegelung24.com\/hr\/univerzalna-brtva-673-za-tvrde-neupijajuce-povrsine-boja-plastika-staklo-keramika-metal-nehrdajuci-celik.html\" \/>\n<meta property=\"og:site_name\" content=\"versiegelung24.com\" \/>\n<meta property=\"article:modified_time\" content=\"2025-01-03T22:49:01+00:00\" \/>\n<meta property=\"og:image\" content=\"https:\/\/www.versiegelung24.com\/wp-content\/uploads\/2020\/06\/produkt-4004-673-1000-Universalversiegelung-673-scaled.jpg\" \/>\n\t<meta property=\"og:image:width\" content=\"2560\" \/>\n\t<meta property=\"og:image:height\" content=\"2560\" \/>\n\t<meta property=\"og:image:type\" content=\"image\/jpeg\" \/>\n<meta name=\"twitter:card\" content=\"summary_large_image\" \/>\n<meta name=\"twitter:label1\" content=\"Price\" \/>\n\t<meta name=\"twitter:data1\" content=\"99,00&euro;\" \/>\n\t<meta name=\"twitter:label2\" content=\"Availability\" \/>\n\t<meta name=\"twitter:data2\" content=\"In stock\" \/>\n<script type=\"application\/ld+json\" class=\"yoast-schema-graph\">{\"@context\":\"https:\\\/\\\/schema.org\",\"@graph\":[{\"@type\":\"WebPage\",\"@id\":\"https:\\\/\\\/www.versiegelung24.com\\\/hr\\\/univerzalna-brtva-673-za-tvrde-neupijajuce-povrsine-boja-plastika-staklo-keramika-metal-nehrdajuci-celik.html\",\"url\":\"https:\\\/\\\/www.versiegelung24.com\\\/hr\\\/univerzalna-brtva-673-za-tvrde-neupijajuce-povrsine-boja-plastika-staklo-keramika-metal-nehrdajuci-celik.html\",\"name\":\"Univerzalna brtva 673 za \\\"tvrde\\\" \\\/ neupijaju\u0107e povr\u0161ine (boja \\\/ plastika +++, staklo \\\/ keramika ++, metal \\\/ nehr\u0111aju\u0107i \u010delik ++) - versiegelung24.com\",\"isPartOf\":{\"@id\":\"https:\\\/\\\/www.versiegelung24.com\\\/hr\\\/#website\"},\"primaryImageOfPage\":{\"@id\":\"https:\\\/\\\/www.versiegelung24.com\\\/hr\\\/univerzalna-brtva-673-za-tvrde-neupijajuce-povrsine-boja-plastika-staklo-keramika-metal-nehrdajuci-celik.html#primaryimage\"},\"image\":{\"@id\":\"https:\\\/\\\/www.versiegelung24.com\\\/hr\\\/univerzalna-brtva-673-za-tvrde-neupijajuce-povrsine-boja-plastika-staklo-keramika-metal-nehrdajuci-celik.html#primaryimage\"},\"thumbnailUrl\":\"https:\\\/\\\/www.versiegelung24.com\\\/wp-content\\\/uploads\\\/2020\\\/06\\\/produkt-4004-673-1000-Universalversiegelung-673-scaled.jpg\",\"datePublished\":\"2021-08-02T19:45:15+00:00\",\"dateModified\":\"2025-01-03T22:49:01+00:00\",\"breadcrumb\":{\"@id\":\"https:\\\/\\\/www.versiegelung24.com\\\/hr\\\/univerzalna-brtva-673-za-tvrde-neupijajuce-povrsine-boja-plastika-staklo-keramika-metal-nehrdajuci-celik.html#breadcrumb\"},\"inLanguage\":\"hr\",\"potentialAction\":[{\"@type\":\"ReadAction\",\"target\":[\"https:\\\/\\\/www.versiegelung24.com\\\/hr\\\/univerzalna-brtva-673-za-tvrde-neupijajuce-povrsine-boja-plastika-staklo-keramika-metal-nehrdajuci-celik.html\"]}]},{\"@type\":\"ImageObject\",\"inLanguage\":\"hr\",\"@id\":\"https:\\\/\\\/www.versiegelung24.com\\\/hr\\\/univerzalna-brtva-673-za-tvrde-neupijajuce-povrsine-boja-plastika-staklo-keramika-metal-nehrdajuci-celik.html#primaryimage\",\"url\":\"https:\\\/\\\/www.versiegelung24.com\\\/wp-content\\\/uploads\\\/2020\\\/06\\\/produkt-4004-673-1000-Universalversiegelung-673-scaled.jpg\",\"contentUrl\":\"https:\\\/\\\/www.versiegelung24.com\\\/wp-content\\\/uploads\\\/2020\\\/06\\\/produkt-4004-673-1000-Universalversiegelung-673-scaled.jpg\",\"width\":2560,\"height\":2560},{\"@type\":\"BreadcrumbList\",\"@id\":\"https:\\\/\\\/www.versiegelung24.com\\\/hr\\\/univerzalna-brtva-673-za-tvrde-neupijajuce-povrsine-boja-plastika-staklo-keramika-metal-nehrdajuci-celik.html#breadcrumb\",\"itemListElement\":[{\"@type\":\"ListItem\",\"position\":1,\"name\":\"Po\u010detna stranica\",\"item\":\"https:\\\/\\\/www.versiegelung24.com\\\/hr\\\/ispred\\\/\"},{\"@type\":\"ListItem\",\"position\":2,\"name\":\"Du\u0107an\",\"item\":\"https:\\\/\\\/www.versiegelung24.com\\\/hr\\\/ducan\\\/\"},{\"@type\":\"ListItem\",\"position\":3,\"name\":\"Univerzalna brtva 673 za &#8220;tvrde&#8221; \\\/ neupijaju\u0107e povr\u0161ine (boja \\\/ plastika +++, staklo \\\/ keramika ++, metal \\\/ nehr\u0111aju\u0107i \u010delik ++)\"}]},{\"@type\":\"WebSite\",\"@id\":\"https:\\\/\\\/www.versiegelung24.com\\\/hr\\\/#website\",\"url\":\"https:\\\/\\\/www.versiegelung24.com\\\/hr\\\/\",\"name\":\"versiegelung24.com\",\"description\":\"Fl\u00fcssigglas-Versiegelung - Made in Germany\",\"publisher\":{\"@id\":\"https:\\\/\\\/www.versiegelung24.com\\\/hr\\\/#organization\"},\"potentialAction\":[{\"@type\":\"SearchAction\",\"target\":{\"@type\":\"EntryPoint\",\"urlTemplate\":\"https:\\\/\\\/www.versiegelung24.com\\\/hr\\\/?s={search_term_string}\"},\"query-input\":{\"@type\":\"PropertyValueSpecification\",\"valueRequired\":true,\"valueName\":\"search_term_string\"}}],\"inLanguage\":\"hr\"},{\"@type\":\"Organization\",\"@id\":\"https:\\\/\\\/www.versiegelung24.com\\\/hr\\\/#organization\",\"name\":\"versiegelung24\",\"url\":\"https:\\\/\\\/www.versiegelung24.com\\\/hr\\\/\",\"logo\":{\"@type\":\"ImageObject\",\"inLanguage\":\"hr\",\"@id\":\"https:\\\/\\\/www.versiegelung24.com\\\/hr\\\/#\\\/schema\\\/logo\\\/image\\\/\",\"url\":\"https:\\\/\\\/www.versiegelung24.com\\\/wp-content\\\/uploads\\\/2020\\\/04\\\/versiegelung24.png\",\"contentUrl\":\"https:\\\/\\\/www.versiegelung24.com\\\/wp-content\\\/uploads\\\/2020\\\/04\\\/versiegelung24.png\",\"width\":470,\"height\":102,\"caption\":\"versiegelung24\"},\"image\":{\"@id\":\"https:\\\/\\\/www.versiegelung24.com\\\/hr\\\/#\\\/schema\\\/logo\\\/image\\\/\"}}]}<\/script>\n<meta property=\"product:price:amount\" content=\"99.00\" \/>\n<meta property=\"product:price:currency\" content=\"EUR\" \/>\n<meta property=\"og:availability\" content=\"instock\" \/>\n<meta property=\"product:availability\" content=\"instock\" \/>\n<meta property=\"product:retailer_item_id\" content=\"4004-673-1000\" \/>\n<meta property=\"product:condition\" content=\"new\" \/>\n<!-- \/ Yoast SEO Premium plugin. -->","yoast_head_json":{"title":"Univerzalna brtva 673 za \"tvrde\" \/ neupijaju\u0107e povr\u0161ine (boja \/ plastika +++, staklo \/ keramika ++, metal \/ nehr\u0111aju\u0107i \u010delik ++) - versiegelung24.com","robots":{"index":"index","follow":"follow","max-snippet":"max-snippet:-1","max-image-preview":"max-image-preview:large","max-video-preview":"max-video-preview:-1"},"canonical":"https:\/\/www.versiegelung24.com\/hr\/univerzalna-brtva-673-za-tvrde-neupijajuce-povrsine-boja-plastika-staklo-keramika-metal-nehrdajuci-celik.html","og_locale":"hr_HR","og_type":"article","og_title":"Univerzalna brtva 673 za \"tvrde\" \/ neupijaju\u0107e povr\u0161ine (boja \/ plastika +++, staklo \/ keramika ++, metal \/ nehr\u0111aju\u0107i \u010delik ++)","og_description":"Visoko u\u010dinkovito profesionalno univerzalno brtvilo za \u201ctvrde\u201d\/neupijaju\u0107e povr\u0161ine kao \u0161to su: \u2713 Staklo \u2713 Kerami\u010dke povr\u0161ine \u2713 Plasti\u010dne povr\u0161ine \u2713 Metalne povr\u0161ine \u2713 S u\u010dinkom koji se lako \u010disti","og_url":"https:\/\/www.versiegelung24.com\/hr\/univerzalna-brtva-673-za-tvrde-neupijajuce-povrsine-boja-plastika-staklo-keramika-metal-nehrdajuci-celik.html","og_site_name":"versiegelung24.com","article_modified_time":"2025-01-03T22:49:01+00:00","og_image":[{"width":2560,"height":2560,"url":"https:\/\/www.versiegelung24.com\/wp-content\/uploads\/2020\/06\/produkt-4004-673-1000-Universalversiegelung-673-scaled.jpg","type":"image\/jpeg"}],"twitter_card":"summary_large_image","twitter_misc":{"Price":"99,00&euro;","Availability":"In stock"},"schema":{"@context":"https:\/\/schema.org","@graph":[{"@type":"WebPage","@id":"https:\/\/www.versiegelung24.com\/hr\/univerzalna-brtva-673-za-tvrde-neupijajuce-povrsine-boja-plastika-staklo-keramika-metal-nehrdajuci-celik.html","url":"https:\/\/www.versiegelung24.com\/hr\/univerzalna-brtva-673-za-tvrde-neupijajuce-povrsine-boja-plastika-staklo-keramika-metal-nehrdajuci-celik.html","name":"Univerzalna brtva 673 za \"tvrde\" \/ neupijaju\u0107e povr\u0161ine (boja \/ plastika +++, staklo \/ keramika ++, metal \/ nehr\u0111aju\u0107i \u010delik ++) - versiegelung24.com","isPartOf":{"@id":"https:\/\/www.versiegelung24.com\/hr\/#website"},"primaryImageOfPage":{"@id":"https:\/\/www.versiegelung24.com\/hr\/univerzalna-brtva-673-za-tvrde-neupijajuce-povrsine-boja-plastika-staklo-keramika-metal-nehrdajuci-celik.html#primaryimage"},"image":{"@id":"https:\/\/www.versiegelung24.com\/hr\/univerzalna-brtva-673-za-tvrde-neupijajuce-povrsine-boja-plastika-staklo-keramika-metal-nehrdajuci-celik.html#primaryimage"},"thumbnailUrl":"https:\/\/www.versiegelung24.com\/wp-content\/uploads\/2020\/06\/produkt-4004-673-1000-Universalversiegelung-673-scaled.jpg","datePublished":"2021-08-02T19:45:15+00:00","dateModified":"2025-01-03T22:49:01+00:00","breadcrumb":{"@id":"https:\/\/www.versiegelung24.com\/hr\/univerzalna-brtva-673-za-tvrde-neupijajuce-povrsine-boja-plastika-staklo-keramika-metal-nehrdajuci-celik.html#breadcrumb"},"inLanguage":"hr","potentialAction":[{"@type":"ReadAction","target":["https:\/\/www.versiegelung24.com\/hr\/univerzalna-brtva-673-za-tvrde-neupijajuce-povrsine-boja-plastika-staklo-keramika-metal-nehrdajuci-celik.html"]}]},{"@type":"ImageObject","inLanguage":"hr","@id":"https:\/\/www.versiegelung24.com\/hr\/univerzalna-brtva-673-za-tvrde-neupijajuce-povrsine-boja-plastika-staklo-keramika-metal-nehrdajuci-celik.html#primaryimage","url":"https:\/\/www.versiegelung24.com\/wp-content\/uploads\/2020\/06\/produkt-4004-673-1000-Universalversiegelung-673-scaled.jpg","contentUrl":"https:\/\/www.versiegelung24.com\/wp-content\/uploads\/2020\/06\/produkt-4004-673-1000-Universalversiegelung-673-scaled.jpg","width":2560,"height":2560},{"@type":"BreadcrumbList","@id":"https:\/\/www.versiegelung24.com\/hr\/univerzalna-brtva-673-za-tvrde-neupijajuce-povrsine-boja-plastika-staklo-keramika-metal-nehrdajuci-celik.html#breadcrumb","itemListElement":[{"@type":"ListItem","position":1,"name":"Po\u010detna stranica","item":"https:\/\/www.versiegelung24.com\/hr\/ispred\/"},{"@type":"ListItem","position":2,"name":"Du\u0107an","item":"https:\/\/www.versiegelung24.com\/hr\/ducan\/"},{"@type":"ListItem","position":3,"name":"Univerzalna brtva 673 za &#8220;tvrde&#8221; \/ neupijaju\u0107e povr\u0161ine (boja \/ plastika +++, staklo \/ keramika ++, metal \/ nehr\u0111aju\u0107i \u010delik ++)"}]},{"@type":"WebSite","@id":"https:\/\/www.versiegelung24.com\/hr\/#website","url":"https:\/\/www.versiegelung24.com\/hr\/","name":"versiegelung24.com","description":"Fl\u00fcssigglas-Versiegelung - Made in Germany","publisher":{"@id":"https:\/\/www.versiegelung24.com\/hr\/#organization"},"potentialAction":[{"@type":"SearchAction","target":{"@type":"EntryPoint","urlTemplate":"https:\/\/www.versiegelung24.com\/hr\/?s={search_term_string}"},"query-input":{"@type":"PropertyValueSpecification","valueRequired":true,"valueName":"search_term_string"}}],"inLanguage":"hr"},{"@type":"Organization","@id":"https:\/\/www.versiegelung24.com\/hr\/#organization","name":"versiegelung24","url":"https:\/\/www.versiegelung24.com\/hr\/","logo":{"@type":"ImageObject","inLanguage":"hr","@id":"https:\/\/www.versiegelung24.com\/hr\/#\/schema\/logo\/image\/","url":"https:\/\/www.versiegelung24.com\/wp-content\/uploads\/2020\/04\/versiegelung24.png","contentUrl":"https:\/\/www.versiegelung24.com\/wp-content\/uploads\/2020\/04\/versiegelung24.png","width":470,"height":102,"caption":"versiegelung24"},"image":{"@id":"https:\/\/www.versiegelung24.com\/hr\/#\/schema\/logo\/image\/"}}]},"product_price_amount":"99.00","product_price_currency":"EUR","og_availability":"instock","product_availability":"instock","product_retailer_item_id":"4004-673-1000","product_condition":"new"},"_links":{"self":[{"href":"https:\/\/www.versiegelung24.com\/hr\/wp-json\/wp\/v2\/product\/23569","targetHints":{"allow":["GET"]}}],"collection":[{"href":"https:\/\/www.versiegelung24.com\/hr\/wp-json\/wp\/v2\/product"}],"about":[{"href":"https:\/\/www.versiegelung24.com\/hr\/wp-json\/wp\/v2\/types\/product"}],"version-history":[{"count":17,"href":"https:\/\/www.versiegelung24.com\/hr\/wp-json\/wp\/v2\/product\/23569\/revisions"}],"predecessor-version":[{"id":177656,"href":"https:\/\/www.versiegelung24.com\/hr\/wp-json\/wp\/v2\/product\/23569\/revisions\/177656"}],"wp:featuredmedia":[{"embeddable":true,"href":"https:\/\/www.versiegelung24.com\/hr\/wp-json\/wp\/v2\/media\/18211"}],"wp:attachment":[{"href":"https:\/\/www.versiegelung24.com\/hr\/wp-json\/wp\/v2\/media?parent=23569"}],"wp:term":[{"taxonomy":"product_brand","embeddable":true,"href":"https:\/\/www.versiegelung24.com\/hr\/wp-json\/wp\/v2\/product_brand?post=23569"},{"taxonomy":"product_cat","embeddable":true,"href":"https:\/\/www.versiegelung24.com\/hr\/wp-json\/wp\/v2\/product_cat?post=23569"},{"taxonomy":"product_tag","embeddable":true,"href":"https:\/\/www.versiegelung24.com\/hr\/wp-json\/wp\/v2\/product_tag?post=23569"}],"curies":[{"name":"wp","href":"https:\/\/api.w.org\/{rel}","templated":true}]}}