{"id":23617,"date":"2020-04-04T18:53:41","date_gmt":"2020-04-04T16:53:41","guid":{"rendered":"https:\/\/www.versiegelung24.com\/produkt\/bioetanol-966-za-profesionalno-prethodno-ciscenje"},"modified":"2025-01-13T17:00:02","modified_gmt":"2025-01-13T16:00:02","slug":"bioetanol-966-za-profesionalno-predciscenje","status":"publish","type":"product","link":"https:\/\/www.versiegelung24.com\/hr\/bioetanol-966-za-profesionalno-predciscenje.html","title":{"rendered":"Bioetanol 96,6% za profesionalno prethodno \u010di\u0161\u0107enje"},"content":{"rendered":"\n<h4 class=\"wp-block-heading\" id=\"h-beschreibung\">Opis<\/h4>\n\n<p>Bioetanol tehni\u010dke kvalitete 96,6% pogodan za temeljito prethodno \u010di\u0161\u0107enje i odma\u0161\u0107ivanje neupijaju\u0107ih povr\u0161ina. <\/p>\n\n<p>Mo\u017ee se vrlo dobro koristiti u kombinaciji s na\u0161im biolo\u0161kim <a href=\"https:\/\/www.versiegelung24.com\/hr\/biosativa-bioloski-predcistac.html\">pred\u010dista\u010dem BIOSATIVA<\/a> \u00ae bez ostataka za pripremu npr. stakla, keramike, obojenih povr\u0161ina za nano\u0161enje na\u0161ih povr\u0161inskih brtvila.<\/p>\n\n<hr \/>\n\n<h4 class=\"wp-block-heading\" id=\"properties\">Zna\u010dajke proizvoda<\/h4>\n\n<p>\u2713 Bioetanol napravljen od 100% kukuruza i \u0161e\u0107erne repe<\/p>\n\n<p>\u2713 Regionalna proizvodnja sa sastojcima iz Europe<\/p>\n\n<p>\u2713 Proizvodnja prema visokim europskim smjernicama<\/p>\n\n<p>\u2713 Sigurnost i kvaliteta kroz visoke standarde<\/p>\n\n<p>Visoka \u010disto\u0107a, s 1% MEK, 1% izopropanola i Bitrex potpuno denaturiranim bioetanolom 96,6% (etilen alkohol) iz odr\u017eive proizvodnje (biomasa).<\/p>\n\n<hr \/>\n\n<h4 class=\"wp-block-heading\" id=\"application\">Primjena<\/h4>\n\n<p>Za \u010di\u0161\u0107enje glatkih, neupijaju\u0107ih povr\u0161ina, preporu\u010dujemo \u010di\u0161\u0107enje u dva koraka:<\/p>\n\n<p>1. Intenzivno prethodno \u010di\u0161\u0107enje povr\u0161ine uobi\u010dajenim sredstvom za \u010di\u0161\u0107enje bez ostataka ili na\u0161im biolo\u0161kim <a href=\"https:\/\/www.versiegelung24.com\/hr\/biosativa-bioloski-predcistac.html\">koncentratom za \u010di\u0161\u0107enje BIOSATIVA<\/a> <a href=\"https:\/\/www.versiegelung24.com\/biosativa-biologischer-vorreiniger.html\">\u00ae<\/a><\/p>\n\n<p>2. Nakon zavr\u0161etka postupka \u010di\u0161\u0107enja, povr\u0161inu ponovno o\u010distite bioetanolom 96,6% kako bi se uklonila sva prljav\u0161tina i povr\u0161ina potpuno bez masno\u0107e. Ponavljajte ovaj postupak dok na krpi od mikrovlakana vi\u0161e ne bude ostataka prljav\u0161tine.<\/p>\n\n<p>Nakon kratkog vremena isparavanja svih ostataka alkohola na povr\u0161ini, mo\u017ee po\u010deti nano\u0161enje na\u0161ih nano-premaza i impregnacija.<\/p>\n\n<p><em>U osnovi, uz svako \u010di\u0161\u0107enje povr\u0161ine i brtvljenje, uvijek treba provesti test na neupadljivom podru\u010dju kako bi se utvrdila kompatibilnost povr\u0161ine s kori\u0161tenim sredstvima.<\/em><\/p>\n\n<hr \/>\n\n<h4 class=\"wp-block-heading\" id=\"advisor\">savjetnik<\/h4>\n\n<p><strong>Bio-etanol 96,6% &#8211; savr\u0161eno za stolne kamine<\/strong><\/p>\n\n<p>Koliko god razli\u010diti bili na\u0161i ukusi, kamini na etanol postali su nezamjenjivi u mnogim ku\u0107anstvima. Boce od 1 litre savr\u0161ene su za povremene ili prve korisnike koji se \u017eele upoznati sa svojim kaminom na etanol ili na\u0161im teku\u0107im bioetanolnim gorivom.<\/p>\n\n<p><strong>Koliko traje 1 litra bioetanola?<\/strong><\/p>\n\n<p>Prosje\u010dno vrijeme gorenja za 1 litru 96,6% bioetanola je oko 2 do 3 sata. No, to se ne mo\u017ee to\u010dno re\u0107i, jer vrijeme gorenja ovisi o povr\u0161ini na kojoj teku\u0107ina gori. \u0160to je ve\u0107a povr\u0161ina, premium bioetanol br\u017ee sagorijeva.<\/p>\n\n<hr \/>\n\n<h4 class=\"wp-block-heading\" id=\"faq\">Pitanja<\/h4>\n\n<div class=\"schema-faq wp-block-yoast-faq-block\"><div class=\"schema-faq-section\" id=\"faq-question-1645793617330\"><strong class=\"schema-faq-question\">Je li bioetanol odobren za medicinski sektor?<\/strong> <p class=\"schema-faq-answer\">Ne! Ako tra\u017eite sredstvo za dezinfekciju povr\u0161ina, vi\u0161e informacija mo\u017eete prona\u0107i ovdje: <a href=\"https:\/\/www.versiegelung24.com\/desinfektionsmittel\/\">Pregled dezinficijensa<\/a><\/p> <\/div> <div class=\"schema-faq-section\" id=\"faq-question-1645793819353\"><strong class=\"schema-faq-question\">Koliko je bioetanol opasan?<\/strong> <p class=\"schema-faq-answer\">Izgaranje proizvodi vodenu paru (H2O) i uglji\u010dni dioksid (CO2) ba\u0161 kao \u0161to to radimo kada di\u0161emo. Bioetanol 96,6% gori bez mirisa i ostataka. Pri kori\u0161tenju u kaminima uvijek se moraju po\u0161tivati precizna upozorenja!<br>Bioetanol 96,6% je vrlo zapaljiv. Kada se koristi kao \u010dista\u010d, nastaju lako zapaljivi plinovi. <br><\/p> <\/div> <div class=\"schema-faq-section\" id=\"faq-question-1645794918526\"><strong class=\"schema-faq-question\">Mo\u017ee li bioetanol (koji se koristi kao sredstvo za \u010di\u0161\u0107enje) napadati povr\u0161ine?<\/strong> <p class=\"schema-faq-answer\">Posebno u slu\u010daju plastike, ovdje se mora paziti. Meka plastika kao \u0161to su brtve i crijeva mogu reagirati s plastifikatorima i o\u0161tetiti povr\u0161ine ili materijale.<br><br>Uglavnom, pri \u010di\u0161\u0107enju povr\u0161ine uvijek prvo treba provesti test na neupadljivom podru\u010dju.<\/p> <\/div> <\/div>\n","protected":false},"excerpt":{"rendered":"<p>\u2713 Bioetanol napravljen od 100% kukuruza i \u0161e\u0107erne repe<\/p>\n<p>\u2713 Regionalna proizvodnja sa sastojcima iz Europe<\/p>\n<p>\u2713 Proizvodnja prema visokim europskim smjernicama<\/p>\n<p>\u2713 Sigurnost i kvaliteta kroz visoke standarde<\/p>\n","protected":false},"featured_media":65145,"template":"","meta":{"_acf_changed":false,"neve_meta_sidebar":"","neve_meta_container":"","neve_meta_enable_content_width":"","neve_meta_content_width":0,"neve_meta_title_alignment":"","neve_meta_author_avatar":"","neve_post_elements_order":"","neve_meta_disable_header":"","neve_meta_disable_footer":"","neve_meta_disable_title":"","neve_meta_reading_time":"","_surfaces":[],"_ver_product_tabs":[],"footnotes":""},"product_brand":[],"product_cat":[2188,2303,2428,2433,2606],"product_tag":[],"class_list":{"0":"post-23617","1":"product","2":"type-product","3":"status-publish","4":"has-post-thumbnail","6":"product_cat-brtvljenje-automobila","7":"product_cat-brtve-za-staklo-i-keramiku","8":"product_cat-brtvljenje-metala-i-plastike","9":"product_cat-sredstva-za-ciscenje","10":"product_cat-bioetanol","12":"first","13":"instock","14":"taxable","15":"shipping-taxable","16":"purchasable","17":"product-type-simple"},"acf":[],"yoast_head":"<!-- This site is optimized with the Yoast SEO Premium plugin v22.8 (Yoast SEO v27.5) - https:\/\/yoast.com\/product\/yoast-seo-premium-wordpress\/ -->\n<title>Bioetanol 96,6% za profesionalno prethodno \u010di\u0161\u0107enje - versiegelung24.com<\/title>\n<meta name=\"robots\" content=\"index, follow, max-snippet:-1, max-image-preview:large, max-video-preview:-1\" \/>\n<link rel=\"canonical\" href=\"https:\/\/www.versiegelung24.com\/hr\/bioetanol-966-za-profesionalno-predciscenje.html\" \/>\n<meta property=\"og:locale\" content=\"hr_HR\" \/>\n<meta property=\"og:type\" content=\"article\" \/>\n<meta property=\"og:title\" content=\"Bioetanol 96,6% za profesionalno prethodno \u010di\u0161\u0107enje\" \/>\n<meta property=\"og:description\" content=\"\u2713 Bioetanol napravljen od 100% kukuruza i \u0161e\u0107erne repe \u2713 Regionalna proizvodnja sa sastojcima iz Europe \u2713 Proizvodnja prema visokim europskim smjernicama \u2713 Sigurnost i kvaliteta kroz visoke standarde\" \/>\n<meta property=\"og:url\" content=\"https:\/\/www.versiegelung24.com\/hr\/bioetanol-966-za-profesionalno-predciscenje.html\" \/>\n<meta property=\"og:site_name\" content=\"versiegelung24.com\" \/>\n<meta property=\"article:modified_time\" content=\"2025-01-13T16:00:02+00:00\" \/>\n<meta property=\"og:image\" content=\"https:\/\/www.versiegelung24.com\/wp-content\/uploads\/2020\/04\/produkt_9100-950-1000-bioethanol-flasche.jpeg\" \/>\n\t<meta property=\"og:image:width\" content=\"2560\" \/>\n\t<meta property=\"og:image:height\" content=\"2560\" \/>\n\t<meta property=\"og:image:type\" content=\"image\/jpeg\" \/>\n<meta name=\"twitter:card\" content=\"summary_large_image\" \/>\n<meta name=\"twitter:label1\" content=\"Price\" \/>\n\t<meta name=\"twitter:data1\" content=\"9,99&euro;\" \/>\n\t<meta name=\"twitter:label2\" content=\"Availability\" \/>\n\t<meta name=\"twitter:data2\" content=\"In stock\" \/>\n<script type=\"application\/ld+json\" class=\"yoast-schema-graph\">{\"@context\":\"https:\\\/\\\/schema.org\",\"@graph\":[{\"@type\":[\"WebPage\",\"FAQPage\"],\"@id\":\"https:\\\/\\\/www.versiegelung24.com\\\/hr\\\/bioetanol-966-za-profesionalno-predciscenje.html\",\"url\":\"https:\\\/\\\/www.versiegelung24.com\\\/hr\\\/bioetanol-966-za-profesionalno-predciscenje.html\",\"name\":\"Bioetanol 96,6% za profesionalno prethodno \u010di\u0161\u0107enje - versiegelung24.com\",\"isPartOf\":{\"@id\":\"https:\\\/\\\/www.versiegelung24.com\\\/hr\\\/#website\"},\"primaryImageOfPage\":{\"@id\":\"https:\\\/\\\/www.versiegelung24.com\\\/hr\\\/bioetanol-966-za-profesionalno-predciscenje.html#primaryimage\"},\"image\":{\"@id\":\"https:\\\/\\\/www.versiegelung24.com\\\/hr\\\/bioetanol-966-za-profesionalno-predciscenje.html#primaryimage\"},\"thumbnailUrl\":\"https:\\\/\\\/www.versiegelung24.com\\\/wp-content\\\/uploads\\\/2020\\\/04\\\/produkt_9100-950-1000-bioethanol-flasche.jpeg\",\"datePublished\":\"2020-04-04T16:53:41+00:00\",\"dateModified\":\"2025-01-13T16:00:02+00:00\",\"breadcrumb\":{\"@id\":\"https:\\\/\\\/www.versiegelung24.com\\\/hr\\\/bioetanol-966-za-profesionalno-predciscenje.html#breadcrumb\"},\"mainEntity\":[{\"@id\":\"https:\\\/\\\/www.versiegelung24.com\\\/hr\\\/bioetanol-966-za-profesionalno-predciscenje.html#faq-question-1645793617330\"},{\"@id\":\"https:\\\/\\\/www.versiegelung24.com\\\/hr\\\/bioetanol-966-za-profesionalno-predciscenje.html#faq-question-1645793819353\"},{\"@id\":\"https:\\\/\\\/www.versiegelung24.com\\\/hr\\\/bioetanol-966-za-profesionalno-predciscenje.html#faq-question-1645794918526\"}],\"inLanguage\":\"hr\",\"potentialAction\":[{\"@type\":\"ReadAction\",\"target\":[\"https:\\\/\\\/www.versiegelung24.com\\\/hr\\\/bioetanol-966-za-profesionalno-predciscenje.html\"]}]},{\"@type\":\"ImageObject\",\"inLanguage\":\"hr\",\"@id\":\"https:\\\/\\\/www.versiegelung24.com\\\/hr\\\/bioetanol-966-za-profesionalno-predciscenje.html#primaryimage\",\"url\":\"https:\\\/\\\/www.versiegelung24.com\\\/wp-content\\\/uploads\\\/2020\\\/04\\\/produkt_9100-950-1000-bioethanol-flasche.jpeg\",\"contentUrl\":\"https:\\\/\\\/www.versiegelung24.com\\\/wp-content\\\/uploads\\\/2020\\\/04\\\/produkt_9100-950-1000-bioethanol-flasche.jpeg\",\"width\":2560,\"height\":2560},{\"@type\":\"BreadcrumbList\",\"@id\":\"https:\\\/\\\/www.versiegelung24.com\\\/hr\\\/bioetanol-966-za-profesionalno-predciscenje.html#breadcrumb\",\"itemListElement\":[{\"@type\":\"ListItem\",\"position\":1,\"name\":\"Po\u010detna stranica\",\"item\":\"https:\\\/\\\/www.versiegelung24.com\\\/hr\\\/ispred\\\/\"},{\"@type\":\"ListItem\",\"position\":2,\"name\":\"Du\u0107an\",\"item\":\"https:\\\/\\\/www.versiegelung24.com\\\/hr\\\/ducan\\\/\"},{\"@type\":\"ListItem\",\"position\":3,\"name\":\"Bioetanol 96,6% za profesionalno prethodno \u010di\u0161\u0107enje\"}]},{\"@type\":\"WebSite\",\"@id\":\"https:\\\/\\\/www.versiegelung24.com\\\/hr\\\/#website\",\"url\":\"https:\\\/\\\/www.versiegelung24.com\\\/hr\\\/\",\"name\":\"versiegelung24.com\",\"description\":\"Fl\u00fcssigglas-Versiegelung - Made in Germany\",\"publisher\":{\"@id\":\"https:\\\/\\\/www.versiegelung24.com\\\/hr\\\/#organization\"},\"potentialAction\":[{\"@type\":\"SearchAction\",\"target\":{\"@type\":\"EntryPoint\",\"urlTemplate\":\"https:\\\/\\\/www.versiegelung24.com\\\/hr\\\/?s={search_term_string}\"},\"query-input\":{\"@type\":\"PropertyValueSpecification\",\"valueRequired\":true,\"valueName\":\"search_term_string\"}}],\"inLanguage\":\"hr\"},{\"@type\":\"Organization\",\"@id\":\"https:\\\/\\\/www.versiegelung24.com\\\/hr\\\/#organization\",\"name\":\"versiegelung24\",\"url\":\"https:\\\/\\\/www.versiegelung24.com\\\/hr\\\/\",\"logo\":{\"@type\":\"ImageObject\",\"inLanguage\":\"hr\",\"@id\":\"https:\\\/\\\/www.versiegelung24.com\\\/hr\\\/#\\\/schema\\\/logo\\\/image\\\/\",\"url\":\"https:\\\/\\\/www.versiegelung24.com\\\/wp-content\\\/uploads\\\/2020\\\/04\\\/versiegelung24.png\",\"contentUrl\":\"https:\\\/\\\/www.versiegelung24.com\\\/wp-content\\\/uploads\\\/2020\\\/04\\\/versiegelung24.png\",\"width\":470,\"height\":102,\"caption\":\"versiegelung24\"},\"image\":{\"@id\":\"https:\\\/\\\/www.versiegelung24.com\\\/hr\\\/#\\\/schema\\\/logo\\\/image\\\/\"}},{\"@type\":\"Question\",\"@id\":\"https:\\\/\\\/www.versiegelung24.com\\\/hr\\\/bioetanol-966-za-profesionalno-predciscenje.html#faq-question-1645793617330\",\"position\":1,\"url\":\"https:\\\/\\\/www.versiegelung24.com\\\/hr\\\/bioetanol-966-za-profesionalno-predciscenje.html#faq-question-1645793617330\",\"name\":\"Ist Bioethanol f\u00fcr den medizinischen Bereich zugelassen?\",\"answerCount\":1,\"acceptedAnswer\":{\"@type\":\"Answer\",\"text\":\"Nein! Wenn Sie ein Fl\u00e4chendesinfektionsmittel suchen, finden Sie weitere Informationen hier: <a href=\\\"https:\\\/\\\/www.versiegelung24.com\\\/desinfektionsmittel\\\/\\\">\u00dcbersicht Desinfektionsmittel<\\\/a>\",\"inLanguage\":\"hr\"},\"inLanguage\":\"hr\"},{\"@type\":\"Question\",\"@id\":\"https:\\\/\\\/www.versiegelung24.com\\\/hr\\\/bioetanol-966-za-profesionalno-predciscenje.html#faq-question-1645793819353\",\"position\":2,\"url\":\"https:\\\/\\\/www.versiegelung24.com\\\/hr\\\/bioetanol-966-za-profesionalno-predciscenje.html#faq-question-1645793819353\",\"name\":\"Wie gef\u00e4hrlich ist Bioethanol?\",\"answerCount\":1,\"acceptedAnswer\":{\"@type\":\"Answer\",\"text\":\"Bei der Verbrennung entstehen genau wie bei unserer Atmung Wasserdampf (H2O) und Kohlendioxid (CO2). Bioethanol 96,6% verbrennt geruchs- und r\u00fcckstandsfrei. Bei Nutzung in Feuerstellen sind stets die genauen Gefahrenhinweise zu beachten!<br \\\/>Bioethanol 96,6% ist leicht entz\u00fcndlich. Bei der Nutzung als Reiniger entstehen leicht brennbare Gase. <br \\\/>\",\"inLanguage\":\"hr\"},\"inLanguage\":\"hr\"},{\"@type\":\"Question\",\"@id\":\"https:\\\/\\\/www.versiegelung24.com\\\/hr\\\/bioetanol-966-za-profesionalno-predciscenje.html#faq-question-1645794918526\",\"position\":3,\"url\":\"https:\\\/\\\/www.versiegelung24.com\\\/hr\\\/bioetanol-966-za-profesionalno-predciscenje.html#faq-question-1645794918526\",\"name\":\"Kann Bioethanol (als Reiniger eingesetzt) Oberfl\u00e4chen angreifen?\",\"answerCount\":1,\"acceptedAnswer\":{\"@type\":\"Answer\",\"text\":\"Besonders bei Kunststoffen ist hier mit Achtsamkeit vor zu gehen. Weiche Kunststoffe wie z.B. bei Dichtungen und Schl\u00e4uchen kann dieser mit den Weichmachern reagieren und Oberfl\u00e4chen bzw. Materialien sch\u00e4digen.<br \\\/><br \\\/>Grunds\u00e4tzlich sollte bei der Oberfl\u00e4chenreinigung immer erst ein Test an unauff\u00e4lliger Stelle durchgef\u00fchrt werden.\",\"inLanguage\":\"hr\"},\"inLanguage\":\"hr\"}]}<\/script>\n<meta property=\"product:price:amount\" content=\"9.99\" \/>\n<meta property=\"product:price:currency\" content=\"EUR\" \/>\n<meta property=\"og:availability\" content=\"instock\" \/>\n<meta property=\"product:availability\" content=\"instock\" \/>\n<meta property=\"product:retailer_item_id\" content=\"9100-BE96-1\" \/>\n<meta property=\"product:condition\" content=\"new\" \/>\n<!-- \/ Yoast SEO Premium plugin. -->","yoast_head_json":{"title":"Bioetanol 96,6% za profesionalno prethodno \u010di\u0161\u0107enje - versiegelung24.com","robots":{"index":"index","follow":"follow","max-snippet":"max-snippet:-1","max-image-preview":"max-image-preview:large","max-video-preview":"max-video-preview:-1"},"canonical":"https:\/\/www.versiegelung24.com\/hr\/bioetanol-966-za-profesionalno-predciscenje.html","og_locale":"hr_HR","og_type":"article","og_title":"Bioetanol 96,6% za profesionalno prethodno \u010di\u0161\u0107enje","og_description":"\u2713 Bioetanol napravljen od 100% kukuruza i \u0161e\u0107erne repe \u2713 Regionalna proizvodnja sa sastojcima iz Europe \u2713 Proizvodnja prema visokim europskim smjernicama \u2713 Sigurnost i kvaliteta kroz visoke standarde","og_url":"https:\/\/www.versiegelung24.com\/hr\/bioetanol-966-za-profesionalno-predciscenje.html","og_site_name":"versiegelung24.com","article_modified_time":"2025-01-13T16:00:02+00:00","og_image":[{"width":2560,"height":2560,"url":"https:\/\/www.versiegelung24.com\/wp-content\/uploads\/2020\/04\/produkt_9100-950-1000-bioethanol-flasche.jpeg","type":"image\/jpeg"}],"twitter_card":"summary_large_image","twitter_misc":{"Price":"9,99&euro;","Availability":"In stock"},"schema":{"@context":"https:\/\/schema.org","@graph":[{"@type":["WebPage","FAQPage"],"@id":"https:\/\/www.versiegelung24.com\/hr\/bioetanol-966-za-profesionalno-predciscenje.html","url":"https:\/\/www.versiegelung24.com\/hr\/bioetanol-966-za-profesionalno-predciscenje.html","name":"Bioetanol 96,6% za profesionalno prethodno \u010di\u0161\u0107enje - versiegelung24.com","isPartOf":{"@id":"https:\/\/www.versiegelung24.com\/hr\/#website"},"primaryImageOfPage":{"@id":"https:\/\/www.versiegelung24.com\/hr\/bioetanol-966-za-profesionalno-predciscenje.html#primaryimage"},"image":{"@id":"https:\/\/www.versiegelung24.com\/hr\/bioetanol-966-za-profesionalno-predciscenje.html#primaryimage"},"thumbnailUrl":"https:\/\/www.versiegelung24.com\/wp-content\/uploads\/2020\/04\/produkt_9100-950-1000-bioethanol-flasche.jpeg","datePublished":"2020-04-04T16:53:41+00:00","dateModified":"2025-01-13T16:00:02+00:00","breadcrumb":{"@id":"https:\/\/www.versiegelung24.com\/hr\/bioetanol-966-za-profesionalno-predciscenje.html#breadcrumb"},"mainEntity":[{"@id":"https:\/\/www.versiegelung24.com\/hr\/bioetanol-966-za-profesionalno-predciscenje.html#faq-question-1645793617330"},{"@id":"https:\/\/www.versiegelung24.com\/hr\/bioetanol-966-za-profesionalno-predciscenje.html#faq-question-1645793819353"},{"@id":"https:\/\/www.versiegelung24.com\/hr\/bioetanol-966-za-profesionalno-predciscenje.html#faq-question-1645794918526"}],"inLanguage":"hr","potentialAction":[{"@type":"ReadAction","target":["https:\/\/www.versiegelung24.com\/hr\/bioetanol-966-za-profesionalno-predciscenje.html"]}]},{"@type":"ImageObject","inLanguage":"hr","@id":"https:\/\/www.versiegelung24.com\/hr\/bioetanol-966-za-profesionalno-predciscenje.html#primaryimage","url":"https:\/\/www.versiegelung24.com\/wp-content\/uploads\/2020\/04\/produkt_9100-950-1000-bioethanol-flasche.jpeg","contentUrl":"https:\/\/www.versiegelung24.com\/wp-content\/uploads\/2020\/04\/produkt_9100-950-1000-bioethanol-flasche.jpeg","width":2560,"height":2560},{"@type":"BreadcrumbList","@id":"https:\/\/www.versiegelung24.com\/hr\/bioetanol-966-za-profesionalno-predciscenje.html#breadcrumb","itemListElement":[{"@type":"ListItem","position":1,"name":"Po\u010detna stranica","item":"https:\/\/www.versiegelung24.com\/hr\/ispred\/"},{"@type":"ListItem","position":2,"name":"Du\u0107an","item":"https:\/\/www.versiegelung24.com\/hr\/ducan\/"},{"@type":"ListItem","position":3,"name":"Bioetanol 96,6% za profesionalno prethodno \u010di\u0161\u0107enje"}]},{"@type":"WebSite","@id":"https:\/\/www.versiegelung24.com\/hr\/#website","url":"https:\/\/www.versiegelung24.com\/hr\/","name":"versiegelung24.com","description":"Fl\u00fcssigglas-Versiegelung - Made in Germany","publisher":{"@id":"https:\/\/www.versiegelung24.com\/hr\/#organization"},"potentialAction":[{"@type":"SearchAction","target":{"@type":"EntryPoint","urlTemplate":"https:\/\/www.versiegelung24.com\/hr\/?s={search_term_string}"},"query-input":{"@type":"PropertyValueSpecification","valueRequired":true,"valueName":"search_term_string"}}],"inLanguage":"hr"},{"@type":"Organization","@id":"https:\/\/www.versiegelung24.com\/hr\/#organization","name":"versiegelung24","url":"https:\/\/www.versiegelung24.com\/hr\/","logo":{"@type":"ImageObject","inLanguage":"hr","@id":"https:\/\/www.versiegelung24.com\/hr\/#\/schema\/logo\/image\/","url":"https:\/\/www.versiegelung24.com\/wp-content\/uploads\/2020\/04\/versiegelung24.png","contentUrl":"https:\/\/www.versiegelung24.com\/wp-content\/uploads\/2020\/04\/versiegelung24.png","width":470,"height":102,"caption":"versiegelung24"},"image":{"@id":"https:\/\/www.versiegelung24.com\/hr\/#\/schema\/logo\/image\/"}},{"@type":"Question","@id":"https:\/\/www.versiegelung24.com\/hr\/bioetanol-966-za-profesionalno-predciscenje.html#faq-question-1645793617330","position":1,"url":"https:\/\/www.versiegelung24.com\/hr\/bioetanol-966-za-profesionalno-predciscenje.html#faq-question-1645793617330","name":"Ist Bioethanol f\u00fcr den medizinischen Bereich zugelassen?","answerCount":1,"acceptedAnswer":{"@type":"Answer","text":"Nein! Wenn Sie ein Fl\u00e4chendesinfektionsmittel suchen, finden Sie weitere Informationen hier: <a href=\"https:\/\/www.versiegelung24.com\/desinfektionsmittel\/\">\u00dcbersicht Desinfektionsmittel<\/a>","inLanguage":"hr"},"inLanguage":"hr"},{"@type":"Question","@id":"https:\/\/www.versiegelung24.com\/hr\/bioetanol-966-za-profesionalno-predciscenje.html#faq-question-1645793819353","position":2,"url":"https:\/\/www.versiegelung24.com\/hr\/bioetanol-966-za-profesionalno-predciscenje.html#faq-question-1645793819353","name":"Wie gef\u00e4hrlich ist Bioethanol?","answerCount":1,"acceptedAnswer":{"@type":"Answer","text":"Bei der Verbrennung entstehen genau wie bei unserer Atmung Wasserdampf (H2O) und Kohlendioxid (CO2). Bioethanol 96,6% verbrennt geruchs- und r\u00fcckstandsfrei. Bei Nutzung in Feuerstellen sind stets die genauen Gefahrenhinweise zu beachten!<br \/>Bioethanol 96,6% ist leicht entz\u00fcndlich. Bei der Nutzung als Reiniger entstehen leicht brennbare Gase. <br \/>","inLanguage":"hr"},"inLanguage":"hr"},{"@type":"Question","@id":"https:\/\/www.versiegelung24.com\/hr\/bioetanol-966-za-profesionalno-predciscenje.html#faq-question-1645794918526","position":3,"url":"https:\/\/www.versiegelung24.com\/hr\/bioetanol-966-za-profesionalno-predciscenje.html#faq-question-1645794918526","name":"Kann Bioethanol (als Reiniger eingesetzt) Oberfl\u00e4chen angreifen?","answerCount":1,"acceptedAnswer":{"@type":"Answer","text":"Besonders bei Kunststoffen ist hier mit Achtsamkeit vor zu gehen. Weiche Kunststoffe wie z.B. bei Dichtungen und Schl\u00e4uchen kann dieser mit den Weichmachern reagieren und Oberfl\u00e4chen bzw. Materialien sch\u00e4digen.<br \/><br \/>Grunds\u00e4tzlich sollte bei der Oberfl\u00e4chenreinigung immer erst ein Test an unauff\u00e4lliger Stelle durchgef\u00fchrt werden.","inLanguage":"hr"},"inLanguage":"hr"}]},"product_price_amount":"9.99","product_price_currency":"EUR","og_availability":"instock","product_availability":"instock","product_retailer_item_id":"9100-BE96-1","product_condition":"new"},"_links":{"self":[{"href":"https:\/\/www.versiegelung24.com\/hr\/wp-json\/wp\/v2\/product\/23617","targetHints":{"allow":["GET"]}}],"collection":[{"href":"https:\/\/www.versiegelung24.com\/hr\/wp-json\/wp\/v2\/product"}],"about":[{"href":"https:\/\/www.versiegelung24.com\/hr\/wp-json\/wp\/v2\/types\/product"}],"version-history":[{"count":47,"href":"https:\/\/www.versiegelung24.com\/hr\/wp-json\/wp\/v2\/product\/23617\/revisions"}],"predecessor-version":[{"id":180696,"href":"https:\/\/www.versiegelung24.com\/hr\/wp-json\/wp\/v2\/product\/23617\/revisions\/180696"}],"wp:featuredmedia":[{"embeddable":true,"href":"https:\/\/www.versiegelung24.com\/hr\/wp-json\/wp\/v2\/media\/65145"}],"wp:attachment":[{"href":"https:\/\/www.versiegelung24.com\/hr\/wp-json\/wp\/v2\/media?parent=23617"}],"wp:term":[{"taxonomy":"product_brand","embeddable":true,"href":"https:\/\/www.versiegelung24.com\/hr\/wp-json\/wp\/v2\/product_brand?post=23617"},{"taxonomy":"product_cat","embeddable":true,"href":"https:\/\/www.versiegelung24.com\/hr\/wp-json\/wp\/v2\/product_cat?post=23617"},{"taxonomy":"product_tag","embeddable":true,"href":"https:\/\/www.versiegelung24.com\/hr\/wp-json\/wp\/v2\/product_tag?post=23617"}],"curies":[{"name":"wp","href":"https:\/\/api.w.org\/{rel}","templated":true}]}}