{"id":23743,"date":"2020-04-04T18:53:45","date_gmt":"2021-08-02T19:59:46","guid":{"rendered":"https:\/\/www.versiegelung24.com\/produkt\/cistac-od-nehrdajuceg-celika-blu1000-za-profesionalno-ciscenje-i-pripremu-povrsina-od-nehrdajuceg-celika"},"modified":"2025-03-20T10:01:16","modified_gmt":"2025-03-20T09:01:16","slug":"sredstvo-za-ciscenje-od-nehrdajuceg-celika-blu1000-za-profesionalno-ciscenje-i-pripremu-povrsina-od-nehrdajuceg-celika","status":"publish","type":"product","link":"https:\/\/www.versiegelung24.com\/hr\/sredstvo-za-ciscenje-od-nehrdajuceg-celika-blu1000-za-profesionalno-ciscenje-i-pripremu-povrsina-od-nehrdajuceg-celika.html","title":{"rendered":"\u010cista\u010d od nehr\u0111aju\u0107eg \u010delika BLU1000 &#8211; za profesionalno \u010di\u0161\u0107enje i pripremu povr\u0161ina od nehr\u0111aju\u0107eg \u010delika"},"content":{"rendered":"\n<p><strong>Posebno sredstvo za \u010di\u0161\u0107enje od nehr\u0111aju\u0107eg \u010delika BLU1000<\/strong><\/p>\n\n<hr \/>\n\n<h4 class=\"wp-block-heading\" id=\"properties\">Zna\u010dajke proizvoda<\/h4>\n\n<p>Proizvod sadr\u017ei visoko aktivne dodatke za \u010di\u0161\u0107enje i aditive za obnovu najja\u010dih prljav\u0161tina, o\u0161te\u0107enih, korodiranih i neuglednih povr\u0161ina od nehr\u0111aju\u0107eg \u010delika. Rezultat je dobra opti\u010dka do sjajna povr\u0161ina.<\/p>\n\n<p>Opseg isporuke:<br \/> 1 x boca od litre<br \/> 1 x Opis proizvoda<\/p>\n\n<hr \/>\n\n<h4 class=\"wp-block-heading\" id=\"application\">Primjena<\/h4>\n\n<p>Unutarnje i vanjske povr\u0161ine od nehr\u0111aju\u0107eg \u010delika, premazi (metalni, organski, anorganski) u industriji, obrtu, luksuznoj i prehrambenoj industriji, zajedni\u010dkim prostorijama (npr. Bazeni, klinike) i u ku\u0107anstvu.<\/p>\n\n<p>Posebno sredstvo za \u010di\u0161\u0107enje od nehr\u0111aju\u0107eg \u010delika BLU1000 koristi se kao posebno sredstvo za \u010di\u0161\u0107enje za najja\u010da zaprljanja, naslage i koroziju na kontejnerima, sustavima pivovare, stepenicama, rukohvatima, ogradama, bazenima, \u010deli\u010dnim fasadama, \u010deli\u010dnim namje\u0161tajem i jo\u0161 mnogo toga. rabljeno.<\/p>\n\n<p>BLU1000 je posebno sredstvo za \u010di\u0161\u0107enje od nehr\u0111aju\u0107eg \u010delika, ali se mo\u017ee koristiti i na drugim povr\u0161inama. Ovdje, me\u0111utim, prvo testirajte na neuglednom mjestu.<\/p>\n\n<p><strong>Potro\u0161nja<\/strong> :<br \/> 0,5 &#8211; 1 kg za 10 m\u00b2.<\/p>\n\n<p>Sve informacije nisu obvezuju\u0107e. Prije uporabe potrebno je provjeriti prikladnost proizvoda.<br \/> Zadr\u017eavamo pravo na tehni\u010dke izmjene.<\/p>\n","protected":false},"excerpt":{"rendered":"<p><strong>Proizvod sadr\u017ei:<\/strong><\/p>\n<p>\u2713 Visoko aktivna sredstva za \u010di\u0161\u0107enje i aditivi za obradu najte\u017eih kontaminacija, o\u0161te\u0107enih, korodiranih i ru\u017enih povr\u0161ina od nehr\u0111aju\u0107eg \u010delika.<\/p>\n<p>\u2713 Stvara se dobra opti\u010dka povr\u0161ina do visokog sjaja.<\/p>\n","protected":false},"featured_media":13203,"template":"","meta":{"_acf_changed":false,"neve_meta_sidebar":"","neve_meta_container":"","neve_meta_enable_content_width":"","neve_meta_content_width":0,"neve_meta_title_alignment":"","neve_meta_author_avatar":"","neve_post_elements_order":"","neve_meta_disable_header":"","neve_meta_disable_footer":"","neve_meta_disable_title":"","neve_meta_reading_time":"","_surfaces":[],"_ver_product_tabs":[],"footnotes":""},"product_brand":[],"product_cat":[2188,2428,2433,2684],"product_tag":[],"class_list":{"0":"post-23743","1":"product","2":"type-product","3":"status-publish","4":"has-post-thumbnail","6":"product_cat-brtvljenje-automobila","7":"product_cat-brtvljenje-metala-i-plastike","8":"product_cat-sredstva-za-ciscenje","9":"product_cat-sredstvo-za-ciscenje-od-nehrdajuceg-celika","11":"first","12":"instock","13":"taxable","14":"shipping-taxable","15":"purchasable","16":"product-type-simple"},"acf":[],"yoast_head":"<!-- This site is optimized with the Yoast SEO Premium plugin v22.8 (Yoast SEO v27.5) - https:\/\/yoast.com\/product\/yoast-seo-premium-wordpress\/ -->\n<title>\u010cista\u010d od nehr\u0111aju\u0107eg \u010delika BLU1000 - za profesionalno \u010di\u0161\u0107enje i pripremu povr\u0161ina od nehr\u0111aju\u0107eg \u010delika - versiegelung24.com<\/title>\n<meta name=\"robots\" content=\"index, follow, max-snippet:-1, max-image-preview:large, max-video-preview:-1\" \/>\n<link rel=\"canonical\" href=\"https:\/\/www.versiegelung24.com\/hr\/sredstvo-za-ciscenje-od-nehrdajuceg-celika-blu1000-za-profesionalno-ciscenje-i-pripremu-povrsina-od-nehrdajuceg-celika.html\" \/>\n<meta property=\"og:locale\" content=\"hr_HR\" \/>\n<meta property=\"og:type\" content=\"article\" \/>\n<meta property=\"og:title\" content=\"\u010cista\u010d od nehr\u0111aju\u0107eg \u010delika BLU1000 - za profesionalno \u010di\u0161\u0107enje i pripremu povr\u0161ina od nehr\u0111aju\u0107eg \u010delika\" \/>\n<meta property=\"og:description\" content=\"Proizvod sadr\u017ei: \u2713 Visoko aktivna sredstva za \u010di\u0161\u0107enje i aditivi za obradu najte\u017eih kontaminacija, o\u0161te\u0107enih, korodiranih i ru\u017enih povr\u0161ina od nehr\u0111aju\u0107eg \u010delika. \u2713 Stvara se dobra opti\u010dka povr\u0161ina do visokog sjaja.\" \/>\n<meta property=\"og:url\" content=\"https:\/\/www.versiegelung24.com\/hr\/sredstvo-za-ciscenje-od-nehrdajuceg-celika-blu1000-za-profesionalno-ciscenje-i-pripremu-povrsina-od-nehrdajuceg-celika.html\" \/>\n<meta property=\"og:site_name\" content=\"versiegelung24.com\" \/>\n<meta property=\"article:modified_time\" content=\"2025-03-20T09:01:16+00:00\" \/>\n<meta property=\"og:image\" content=\"https:\/\/www.versiegelung24.com\/wp-content\/uploads\/2020\/04\/produktfoto_edelstahlreiniger.jpg\" \/>\n\t<meta property=\"og:image:width\" content=\"1000\" \/>\n\t<meta property=\"og:image:height\" content=\"1000\" \/>\n\t<meta property=\"og:image:type\" content=\"image\/jpeg\" \/>\n<meta name=\"twitter:card\" content=\"summary_large_image\" \/>\n<meta name=\"twitter:label1\" content=\"Price\" \/>\n\t<meta name=\"twitter:data1\" content=\"49,99&euro;\" \/>\n\t<meta name=\"twitter:label2\" content=\"Availability\" \/>\n\t<meta name=\"twitter:data2\" content=\"In stock\" \/>\n<script type=\"application\/ld+json\" class=\"yoast-schema-graph\">{\"@context\":\"https:\\\/\\\/schema.org\",\"@graph\":[{\"@type\":\"WebPage\",\"@id\":\"https:\\\/\\\/www.versiegelung24.com\\\/hr\\\/sredstvo-za-ciscenje-od-nehrdajuceg-celika-blu1000-za-profesionalno-ciscenje-i-pripremu-povrsina-od-nehrdajuceg-celika.html\",\"url\":\"https:\\\/\\\/www.versiegelung24.com\\\/hr\\\/sredstvo-za-ciscenje-od-nehrdajuceg-celika-blu1000-za-profesionalno-ciscenje-i-pripremu-povrsina-od-nehrdajuceg-celika.html\",\"name\":\"\u010cista\u010d od nehr\u0111aju\u0107eg \u010delika BLU1000 - za profesionalno \u010di\u0161\u0107enje i pripremu povr\u0161ina od nehr\u0111aju\u0107eg \u010delika - versiegelung24.com\",\"isPartOf\":{\"@id\":\"https:\\\/\\\/www.versiegelung24.com\\\/hr\\\/#website\"},\"primaryImageOfPage\":{\"@id\":\"https:\\\/\\\/www.versiegelung24.com\\\/hr\\\/sredstvo-za-ciscenje-od-nehrdajuceg-celika-blu1000-za-profesionalno-ciscenje-i-pripremu-povrsina-od-nehrdajuceg-celika.html#primaryimage\"},\"image\":{\"@id\":\"https:\\\/\\\/www.versiegelung24.com\\\/hr\\\/sredstvo-za-ciscenje-od-nehrdajuceg-celika-blu1000-za-profesionalno-ciscenje-i-pripremu-povrsina-od-nehrdajuceg-celika.html#primaryimage\"},\"thumbnailUrl\":\"https:\\\/\\\/www.versiegelung24.com\\\/wp-content\\\/uploads\\\/2020\\\/04\\\/produktfoto_edelstahlreiniger.jpg\",\"datePublished\":\"2021-08-02T19:59:46+00:00\",\"dateModified\":\"2025-03-20T09:01:16+00:00\",\"breadcrumb\":{\"@id\":\"https:\\\/\\\/www.versiegelung24.com\\\/hr\\\/sredstvo-za-ciscenje-od-nehrdajuceg-celika-blu1000-za-profesionalno-ciscenje-i-pripremu-povrsina-od-nehrdajuceg-celika.html#breadcrumb\"},\"inLanguage\":\"hr\",\"potentialAction\":[{\"@type\":\"ReadAction\",\"target\":[\"https:\\\/\\\/www.versiegelung24.com\\\/hr\\\/sredstvo-za-ciscenje-od-nehrdajuceg-celika-blu1000-za-profesionalno-ciscenje-i-pripremu-povrsina-od-nehrdajuceg-celika.html\"]}]},{\"@type\":\"ImageObject\",\"inLanguage\":\"hr\",\"@id\":\"https:\\\/\\\/www.versiegelung24.com\\\/hr\\\/sredstvo-za-ciscenje-od-nehrdajuceg-celika-blu1000-za-profesionalno-ciscenje-i-pripremu-povrsina-od-nehrdajuceg-celika.html#primaryimage\",\"url\":\"https:\\\/\\\/www.versiegelung24.com\\\/wp-content\\\/uploads\\\/2020\\\/04\\\/produktfoto_edelstahlreiniger.jpg\",\"contentUrl\":\"https:\\\/\\\/www.versiegelung24.com\\\/wp-content\\\/uploads\\\/2020\\\/04\\\/produktfoto_edelstahlreiniger.jpg\",\"width\":1000,\"height\":1000},{\"@type\":\"BreadcrumbList\",\"@id\":\"https:\\\/\\\/www.versiegelung24.com\\\/hr\\\/sredstvo-za-ciscenje-od-nehrdajuceg-celika-blu1000-za-profesionalno-ciscenje-i-pripremu-povrsina-od-nehrdajuceg-celika.html#breadcrumb\",\"itemListElement\":[{\"@type\":\"ListItem\",\"position\":1,\"name\":\"Po\u010detna stranica\",\"item\":\"https:\\\/\\\/www.versiegelung24.com\\\/hr\\\/ispred\\\/\"},{\"@type\":\"ListItem\",\"position\":2,\"name\":\"Du\u0107an\",\"item\":\"https:\\\/\\\/www.versiegelung24.com\\\/hr\\\/ducan\\\/\"},{\"@type\":\"ListItem\",\"position\":3,\"name\":\"\u010cista\u010d od nehr\u0111aju\u0107eg \u010delika BLU1000 &#8211; za profesionalno \u010di\u0161\u0107enje i pripremu povr\u0161ina od nehr\u0111aju\u0107eg \u010delika\"}]},{\"@type\":\"WebSite\",\"@id\":\"https:\\\/\\\/www.versiegelung24.com\\\/hr\\\/#website\",\"url\":\"https:\\\/\\\/www.versiegelung24.com\\\/hr\\\/\",\"name\":\"versiegelung24.com\",\"description\":\"Fl\u00fcssigglas-Versiegelung - Made in Germany\",\"publisher\":{\"@id\":\"https:\\\/\\\/www.versiegelung24.com\\\/hr\\\/#organization\"},\"potentialAction\":[{\"@type\":\"SearchAction\",\"target\":{\"@type\":\"EntryPoint\",\"urlTemplate\":\"https:\\\/\\\/www.versiegelung24.com\\\/hr\\\/?s={search_term_string}\"},\"query-input\":{\"@type\":\"PropertyValueSpecification\",\"valueRequired\":true,\"valueName\":\"search_term_string\"}}],\"inLanguage\":\"hr\"},{\"@type\":\"Organization\",\"@id\":\"https:\\\/\\\/www.versiegelung24.com\\\/hr\\\/#organization\",\"name\":\"versiegelung24\",\"url\":\"https:\\\/\\\/www.versiegelung24.com\\\/hr\\\/\",\"logo\":{\"@type\":\"ImageObject\",\"inLanguage\":\"hr\",\"@id\":\"https:\\\/\\\/www.versiegelung24.com\\\/hr\\\/#\\\/schema\\\/logo\\\/image\\\/\",\"url\":\"https:\\\/\\\/www.versiegelung24.com\\\/wp-content\\\/uploads\\\/2020\\\/04\\\/versiegelung24.png\",\"contentUrl\":\"https:\\\/\\\/www.versiegelung24.com\\\/wp-content\\\/uploads\\\/2020\\\/04\\\/versiegelung24.png\",\"width\":470,\"height\":102,\"caption\":\"versiegelung24\"},\"image\":{\"@id\":\"https:\\\/\\\/www.versiegelung24.com\\\/hr\\\/#\\\/schema\\\/logo\\\/image\\\/\"}}]}<\/script>\n<meta property=\"product:price:amount\" content=\"49.99\" \/>\n<meta property=\"product:price:currency\" content=\"EUR\" \/>\n<meta property=\"og:availability\" content=\"instock\" \/>\n<meta property=\"product:availability\" content=\"instock\" \/>\n<meta property=\"product:retailer_item_id\" content=\"9001-BLU1000\" \/>\n<meta property=\"product:condition\" content=\"new\" \/>\n<!-- \/ Yoast SEO Premium plugin. -->","yoast_head_json":{"title":"\u010cista\u010d od nehr\u0111aju\u0107eg \u010delika BLU1000 - za profesionalno \u010di\u0161\u0107enje i pripremu povr\u0161ina od nehr\u0111aju\u0107eg \u010delika - versiegelung24.com","robots":{"index":"index","follow":"follow","max-snippet":"max-snippet:-1","max-image-preview":"max-image-preview:large","max-video-preview":"max-video-preview:-1"},"canonical":"https:\/\/www.versiegelung24.com\/hr\/sredstvo-za-ciscenje-od-nehrdajuceg-celika-blu1000-za-profesionalno-ciscenje-i-pripremu-povrsina-od-nehrdajuceg-celika.html","og_locale":"hr_HR","og_type":"article","og_title":"\u010cista\u010d od nehr\u0111aju\u0107eg \u010delika BLU1000 - za profesionalno \u010di\u0161\u0107enje i pripremu povr\u0161ina od nehr\u0111aju\u0107eg \u010delika","og_description":"Proizvod sadr\u017ei: \u2713 Visoko aktivna sredstva za \u010di\u0161\u0107enje i aditivi za obradu najte\u017eih kontaminacija, o\u0161te\u0107enih, korodiranih i ru\u017enih povr\u0161ina od nehr\u0111aju\u0107eg \u010delika. \u2713 Stvara se dobra opti\u010dka povr\u0161ina do visokog sjaja.","og_url":"https:\/\/www.versiegelung24.com\/hr\/sredstvo-za-ciscenje-od-nehrdajuceg-celika-blu1000-za-profesionalno-ciscenje-i-pripremu-povrsina-od-nehrdajuceg-celika.html","og_site_name":"versiegelung24.com","article_modified_time":"2025-03-20T09:01:16+00:00","og_image":[{"width":1000,"height":1000,"url":"https:\/\/www.versiegelung24.com\/wp-content\/uploads\/2020\/04\/produktfoto_edelstahlreiniger.jpg","type":"image\/jpeg"}],"twitter_card":"summary_large_image","twitter_misc":{"Price":"49,99&euro;","Availability":"In stock"},"schema":{"@context":"https:\/\/schema.org","@graph":[{"@type":"WebPage","@id":"https:\/\/www.versiegelung24.com\/hr\/sredstvo-za-ciscenje-od-nehrdajuceg-celika-blu1000-za-profesionalno-ciscenje-i-pripremu-povrsina-od-nehrdajuceg-celika.html","url":"https:\/\/www.versiegelung24.com\/hr\/sredstvo-za-ciscenje-od-nehrdajuceg-celika-blu1000-za-profesionalno-ciscenje-i-pripremu-povrsina-od-nehrdajuceg-celika.html","name":"\u010cista\u010d od nehr\u0111aju\u0107eg \u010delika BLU1000 - za profesionalno \u010di\u0161\u0107enje i pripremu povr\u0161ina od nehr\u0111aju\u0107eg \u010delika - versiegelung24.com","isPartOf":{"@id":"https:\/\/www.versiegelung24.com\/hr\/#website"},"primaryImageOfPage":{"@id":"https:\/\/www.versiegelung24.com\/hr\/sredstvo-za-ciscenje-od-nehrdajuceg-celika-blu1000-za-profesionalno-ciscenje-i-pripremu-povrsina-od-nehrdajuceg-celika.html#primaryimage"},"image":{"@id":"https:\/\/www.versiegelung24.com\/hr\/sredstvo-za-ciscenje-od-nehrdajuceg-celika-blu1000-za-profesionalno-ciscenje-i-pripremu-povrsina-od-nehrdajuceg-celika.html#primaryimage"},"thumbnailUrl":"https:\/\/www.versiegelung24.com\/wp-content\/uploads\/2020\/04\/produktfoto_edelstahlreiniger.jpg","datePublished":"2021-08-02T19:59:46+00:00","dateModified":"2025-03-20T09:01:16+00:00","breadcrumb":{"@id":"https:\/\/www.versiegelung24.com\/hr\/sredstvo-za-ciscenje-od-nehrdajuceg-celika-blu1000-za-profesionalno-ciscenje-i-pripremu-povrsina-od-nehrdajuceg-celika.html#breadcrumb"},"inLanguage":"hr","potentialAction":[{"@type":"ReadAction","target":["https:\/\/www.versiegelung24.com\/hr\/sredstvo-za-ciscenje-od-nehrdajuceg-celika-blu1000-za-profesionalno-ciscenje-i-pripremu-povrsina-od-nehrdajuceg-celika.html"]}]},{"@type":"ImageObject","inLanguage":"hr","@id":"https:\/\/www.versiegelung24.com\/hr\/sredstvo-za-ciscenje-od-nehrdajuceg-celika-blu1000-za-profesionalno-ciscenje-i-pripremu-povrsina-od-nehrdajuceg-celika.html#primaryimage","url":"https:\/\/www.versiegelung24.com\/wp-content\/uploads\/2020\/04\/produktfoto_edelstahlreiniger.jpg","contentUrl":"https:\/\/www.versiegelung24.com\/wp-content\/uploads\/2020\/04\/produktfoto_edelstahlreiniger.jpg","width":1000,"height":1000},{"@type":"BreadcrumbList","@id":"https:\/\/www.versiegelung24.com\/hr\/sredstvo-za-ciscenje-od-nehrdajuceg-celika-blu1000-za-profesionalno-ciscenje-i-pripremu-povrsina-od-nehrdajuceg-celika.html#breadcrumb","itemListElement":[{"@type":"ListItem","position":1,"name":"Po\u010detna stranica","item":"https:\/\/www.versiegelung24.com\/hr\/ispred\/"},{"@type":"ListItem","position":2,"name":"Du\u0107an","item":"https:\/\/www.versiegelung24.com\/hr\/ducan\/"},{"@type":"ListItem","position":3,"name":"\u010cista\u010d od nehr\u0111aju\u0107eg \u010delika BLU1000 &#8211; za profesionalno \u010di\u0161\u0107enje i pripremu povr\u0161ina od nehr\u0111aju\u0107eg \u010delika"}]},{"@type":"WebSite","@id":"https:\/\/www.versiegelung24.com\/hr\/#website","url":"https:\/\/www.versiegelung24.com\/hr\/","name":"versiegelung24.com","description":"Fl\u00fcssigglas-Versiegelung - Made in Germany","publisher":{"@id":"https:\/\/www.versiegelung24.com\/hr\/#organization"},"potentialAction":[{"@type":"SearchAction","target":{"@type":"EntryPoint","urlTemplate":"https:\/\/www.versiegelung24.com\/hr\/?s={search_term_string}"},"query-input":{"@type":"PropertyValueSpecification","valueRequired":true,"valueName":"search_term_string"}}],"inLanguage":"hr"},{"@type":"Organization","@id":"https:\/\/www.versiegelung24.com\/hr\/#organization","name":"versiegelung24","url":"https:\/\/www.versiegelung24.com\/hr\/","logo":{"@type":"ImageObject","inLanguage":"hr","@id":"https:\/\/www.versiegelung24.com\/hr\/#\/schema\/logo\/image\/","url":"https:\/\/www.versiegelung24.com\/wp-content\/uploads\/2020\/04\/versiegelung24.png","contentUrl":"https:\/\/www.versiegelung24.com\/wp-content\/uploads\/2020\/04\/versiegelung24.png","width":470,"height":102,"caption":"versiegelung24"},"image":{"@id":"https:\/\/www.versiegelung24.com\/hr\/#\/schema\/logo\/image\/"}}]},"product_price_amount":"49.99","product_price_currency":"EUR","og_availability":"instock","product_availability":"instock","product_retailer_item_id":"9001-BLU1000","product_condition":"new"},"_links":{"self":[{"href":"https:\/\/www.versiegelung24.com\/hr\/wp-json\/wp\/v2\/product\/23743","targetHints":{"allow":["GET"]}}],"collection":[{"href":"https:\/\/www.versiegelung24.com\/hr\/wp-json\/wp\/v2\/product"}],"about":[{"href":"https:\/\/www.versiegelung24.com\/hr\/wp-json\/wp\/v2\/types\/product"}],"version-history":[{"count":14,"href":"https:\/\/www.versiegelung24.com\/hr\/wp-json\/wp\/v2\/product\/23743\/revisions"}],"predecessor-version":[{"id":181068,"href":"https:\/\/www.versiegelung24.com\/hr\/wp-json\/wp\/v2\/product\/23743\/revisions\/181068"}],"wp:featuredmedia":[{"embeddable":true,"href":"https:\/\/www.versiegelung24.com\/hr\/wp-json\/wp\/v2\/media\/13203"}],"wp:attachment":[{"href":"https:\/\/www.versiegelung24.com\/hr\/wp-json\/wp\/v2\/media?parent=23743"}],"wp:term":[{"taxonomy":"product_brand","embeddable":true,"href":"https:\/\/www.versiegelung24.com\/hr\/wp-json\/wp\/v2\/product_brand?post=23743"},{"taxonomy":"product_cat","embeddable":true,"href":"https:\/\/www.versiegelung24.com\/hr\/wp-json\/wp\/v2\/product_cat?post=23743"},{"taxonomy":"product_tag","embeddable":true,"href":"https:\/\/www.versiegelung24.com\/hr\/wp-json\/wp\/v2\/product_tag?post=23743"}],"curies":[{"name":"wp","href":"https:\/\/api.w.org\/{rel}","templated":true}]}}