{"id":23823,"date":"2020-04-04T18:53:46","date_gmt":"2021-08-02T20:06:24","guid":{"rendered":"https:\/\/www.versiegelung24.com\/produkt\/tkanina-od-mikrovlakana-30x30-cm-za-prethodno-ciscenje-ili-poliranje"},"modified":"2025-01-04T00:10:39","modified_gmt":"2025-01-03T23:10:39","slug":"krpa-od-mikrovlakana-30x30cm-za-pred-ciscenje-ili-poliranje","status":"publish","type":"product","link":"https:\/\/www.versiegelung24.com\/hr\/krpa-od-mikrovlakana-30x30cm-za-pred-ciscenje-ili-poliranje.html","title":{"rendered":"Krpa od mikrovlakana 30x30cm za pred\u010di\u0161\u0107enje ili poliranje"},"content":{"rendered":"\n<p>Krpa od mikrovlakana za prethodno \u010di\u0161\u0107enje ili zavr\u0161no poliranje.<\/p>\n\n<p>Zbog visoke sposobnosti upijanja, tako\u0111er preporu\u010dujemo <a href=\"https:\/\/www.versiegelung24.com\/applikationstuch-20x20cm.html\">krpu od mikrovlakana za nano\u0161enje na\u0161ih brtvila za teku\u0107e staklo<\/a><\/p>\n\n<p>Preporu\u010damo kori\u0161tenje zasebne krpe od mikrovlakana za svaki korak nano\u0161enja na\u0161ih povr\u0161inskih brtvila i impregnacija.<\/p>\n\n<p>Materijal je vi\u0161ekratan i stoga vrlo ekolo\u0161ki prihvatljiv. Lako se pere u perilici rublja bez deterd\u017eenta.<\/p>\n\n<hr\/>\n\n<h4 class=\"wp-block-heading\" id=\"properties\">Zna\u010dajke proizvoda<\/h4>\n\n<div class=\"wp-block-columns is-layout-flex wp-container-core-columns-is-layout-9d6595d7 wp-block-columns-is-layout-flex\">\n<div class=\"wp-block-column is-layout-flow wp-block-column-is-layout-flow\">\n<p>Sastav: 80% poliester, 20% poliamid<br\/> Veli\u010dina: 30x30cm<br\/> Boja: plava ili bijela (molimo odaberite)<\/p>\n<\/div>\n\n\n\n<div class=\"wp-block-column is-layout-flow wp-block-column-is-layout-flow\">\n<p>Visoka kvaliteta sa suhom te\u017einom od 280g\/m2.<\/p>\n<\/div>\n<\/div>\n\n<hr\/>\n\n<h4 class=\"wp-block-heading\" id=\"application\">Primjena<\/h4>\n\n<p>Univerzalno upotrebljiv u zatvorenom i na otvorenom. Optimalna veli\u010dina za \u010di\u0161\u0107enje stakla, keramike, \u010damaca, automobila i kamp vozila.<\/p>\n\n<p>\u010ci\u0161\u0107enje bez dla\u010dica, bez ogrebotina i brzo su\u0161enje. \u010cestice prljav\u0161tine i pra\u0161ine apsorbiraju se gotovo bez ikakvih ostataka.<\/p>\n\n<hr\/>\n\n<h4 class=\"wp-block-heading\" id=\"advisor\">savjetnik<\/h4>\n\n<p><strong>Mnogi na\u0161i kupci preferiraju na\u0161e bijele krpe od mikrovlakana<\/strong> &#8211; ako nakon \u010di\u0161\u0107enja na krpi ostane prljav\u0161tina, povr\u0161ina jo\u0161 nije potpuno i optimalno o\u010di\u0161\u0107ena. Dobar u\u010dinak brtvljenja mo\u017ee se posti\u0107i samo ako na povr\u0161ini vi\u0161e nema prljav\u0161tine.<\/p>\n","protected":false},"excerpt":{"rendered":"<p><strong>Krpa od mikrovlakana za prethodno \u010di\u0161\u0107enje ili zavr\u0161no poliranje:<\/strong><\/p>\n<p>\u2713 Vi\u0161ekratno kori\u0161tenje<\/p>\n<p>\u2713 Ekolo\u0161ki prihvatljiv<\/p>\n<p>\u2713 Izuzetno upija<\/p>\n<p>\u2713 Brzo su\u0161enje<\/p>\n<p>\u2713 Ne ostavlja dla\u010dice<\/p>\n<p>\u2713 Bez ogrebotina<\/p>\n<p>\u2713 80% poliester \/ 20% poliamid  <\/p>\n<p>\u2713 Suha te\u017eina 280g\/m\u00b2<\/p>\n","protected":false},"featured_media":16593,"template":"","meta":{"_acf_changed":false,"neve_meta_sidebar":"","neve_meta_container":"","neve_meta_enable_content_width":"","neve_meta_content_width":0,"neve_meta_title_alignment":"","neve_meta_author_avatar":"","neve_post_elements_order":"","neve_meta_disable_header":"","neve_meta_disable_footer":"","neve_meta_disable_title":"","neve_meta_reading_time":"","_surfaces":[],"_ver_product_tabs":[],"footnotes":""},"product_brand":[],"product_cat":[2286,2303,2428,2433,2479,2750,2188,3070,2284,2285],"product_tag":[],"class_list":{"0":"post-23823","1":"product","2":"type-product","3":"status-publish","4":"has-post-thumbnail","6":"product_cat-koncentri-dezinficijensa","7":"product_cat-brtve-za-staklo-i-keramiku","8":"product_cat-brtvljenje-metala-i-plastike","9":"product_cat-sredstva-za-ciscenje","10":"product_cat-univerzalna-brtva","11":"product_cat-dezinfekcijsko-sredstvo-za-ruke","12":"product_cat-brtvljenje-automobila","13":"product_cat-oprema","14":"product_cat-dezinficijensi","15":"product_cat-sredstva-za-dezinfekciju-povrsine","16":"pa_farbe-plava","17":"pa_farbe-bijela","19":"first","20":"instock","21":"taxable","22":"shipping-taxable","23":"purchasable","24":"product-type-variable","25":"has-default-attributes"},"acf":[],"yoast_head":"<!-- This site is optimized with the Yoast SEO Premium plugin v22.8 (Yoast SEO v27.5) - https:\/\/yoast.com\/product\/yoast-seo-premium-wordpress\/ -->\n<title>Krpa od mikrovlakana 30x30cm za pred\u010di\u0161\u0107enje ili poliranje - versiegelung24.com<\/title>\n<meta name=\"robots\" content=\"index, follow, max-snippet:-1, max-image-preview:large, max-video-preview:-1\" \/>\n<link rel=\"canonical\" href=\"https:\/\/www.versiegelung24.com\/hr\/krpa-od-mikrovlakana-30x30cm-za-pred-ciscenje-ili-poliranje.html\" \/>\n<meta property=\"og:locale\" content=\"hr_HR\" \/>\n<meta property=\"og:type\" content=\"article\" \/>\n<meta property=\"og:title\" content=\"Krpa od mikrovlakana 30x30cm za pred\u010di\u0161\u0107enje ili poliranje\" \/>\n<meta property=\"og:description\" content=\"Krpa od mikrovlakana za prethodno \u010di\u0161\u0107enje ili zavr\u0161no poliranje: \u2713 Vi\u0161ekratno kori\u0161tenje \u2713 Ekolo\u0161ki prihvatljiv \u2713 Izuzetno upija \u2713 Brzo su\u0161enje \u2713 Ne ostavlja dla\u010dice \u2713 Bez ogrebotina \u2713 80% poliester \/ 20% poliamid  \u2713 Suha te\u017eina 280g\/m\u00b2\" \/>\n<meta property=\"og:url\" content=\"https:\/\/www.versiegelung24.com\/hr\/krpa-od-mikrovlakana-30x30cm-za-pred-ciscenje-ili-poliranje.html\" \/>\n<meta property=\"og:site_name\" content=\"versiegelung24.com\" \/>\n<meta property=\"article:modified_time\" content=\"2025-01-03T23:10:39+00:00\" \/>\n<meta property=\"og:image\" content=\"https:\/\/www.versiegelung24.com\/wp-content\/uploads\/2020\/06\/mikrofasertuch-weiss_2.png\" \/>\n\t<meta property=\"og:image:width\" content=\"650\" \/>\n\t<meta property=\"og:image:height\" content=\"650\" \/>\n\t<meta property=\"og:image:type\" content=\"image\/png\" \/>\n<meta name=\"twitter:card\" content=\"summary_large_image\" \/>\n<meta name=\"twitter:label1\" content=\"Availability\" \/>\n\t<meta name=\"twitter:data1\" content=\"In stock\" \/>\n<script type=\"application\/ld+json\" class=\"yoast-schema-graph\">{\"@context\":\"https:\\\/\\\/schema.org\",\"@graph\":[{\"@type\":\"WebPage\",\"@id\":\"https:\\\/\\\/www.versiegelung24.com\\\/hr\\\/krpa-od-mikrovlakana-30x30cm-za-pred-ciscenje-ili-poliranje.html\",\"url\":\"https:\\\/\\\/www.versiegelung24.com\\\/hr\\\/krpa-od-mikrovlakana-30x30cm-za-pred-ciscenje-ili-poliranje.html\",\"name\":\"Krpa od mikrovlakana 30x30cm za pred\u010di\u0161\u0107enje ili poliranje - versiegelung24.com\",\"isPartOf\":{\"@id\":\"https:\\\/\\\/www.versiegelung24.com\\\/hr\\\/#website\"},\"primaryImageOfPage\":{\"@id\":\"https:\\\/\\\/www.versiegelung24.com\\\/hr\\\/krpa-od-mikrovlakana-30x30cm-za-pred-ciscenje-ili-poliranje.html#primaryimage\"},\"image\":{\"@id\":\"https:\\\/\\\/www.versiegelung24.com\\\/hr\\\/krpa-od-mikrovlakana-30x30cm-za-pred-ciscenje-ili-poliranje.html#primaryimage\"},\"thumbnailUrl\":\"https:\\\/\\\/www.versiegelung24.com\\\/wp-content\\\/uploads\\\/2020\\\/06\\\/mikrofasertuch-weiss_2.png\",\"datePublished\":\"2021-08-02T20:06:24+00:00\",\"dateModified\":\"2025-01-03T23:10:39+00:00\",\"breadcrumb\":{\"@id\":\"https:\\\/\\\/www.versiegelung24.com\\\/hr\\\/krpa-od-mikrovlakana-30x30cm-za-pred-ciscenje-ili-poliranje.html#breadcrumb\"},\"inLanguage\":\"hr\",\"potentialAction\":[{\"@type\":\"ReadAction\",\"target\":[\"https:\\\/\\\/www.versiegelung24.com\\\/hr\\\/krpa-od-mikrovlakana-30x30cm-za-pred-ciscenje-ili-poliranje.html\"]}]},{\"@type\":\"ImageObject\",\"inLanguage\":\"hr\",\"@id\":\"https:\\\/\\\/www.versiegelung24.com\\\/hr\\\/krpa-od-mikrovlakana-30x30cm-za-pred-ciscenje-ili-poliranje.html#primaryimage\",\"url\":\"https:\\\/\\\/www.versiegelung24.com\\\/wp-content\\\/uploads\\\/2020\\\/06\\\/mikrofasertuch-weiss_2.png\",\"contentUrl\":\"https:\\\/\\\/www.versiegelung24.com\\\/wp-content\\\/uploads\\\/2020\\\/06\\\/mikrofasertuch-weiss_2.png\",\"width\":650,\"height\":650},{\"@type\":\"BreadcrumbList\",\"@id\":\"https:\\\/\\\/www.versiegelung24.com\\\/hr\\\/krpa-od-mikrovlakana-30x30cm-za-pred-ciscenje-ili-poliranje.html#breadcrumb\",\"itemListElement\":[{\"@type\":\"ListItem\",\"position\":1,\"name\":\"Po\u010detna stranica\",\"item\":\"https:\\\/\\\/www.versiegelung24.com\\\/hr\\\/ispred\\\/\"},{\"@type\":\"ListItem\",\"position\":2,\"name\":\"Du\u0107an\",\"item\":\"https:\\\/\\\/www.versiegelung24.com\\\/hr\\\/ducan\\\/\"},{\"@type\":\"ListItem\",\"position\":3,\"name\":\"Krpa od mikrovlakana 30x30cm za pred\u010di\u0161\u0107enje ili poliranje\"}]},{\"@type\":\"WebSite\",\"@id\":\"https:\\\/\\\/www.versiegelung24.com\\\/hr\\\/#website\",\"url\":\"https:\\\/\\\/www.versiegelung24.com\\\/hr\\\/\",\"name\":\"versiegelung24.com\",\"description\":\"Fl\u00fcssigglas-Versiegelung - Made in Germany\",\"publisher\":{\"@id\":\"https:\\\/\\\/www.versiegelung24.com\\\/hr\\\/#organization\"},\"potentialAction\":[{\"@type\":\"SearchAction\",\"target\":{\"@type\":\"EntryPoint\",\"urlTemplate\":\"https:\\\/\\\/www.versiegelung24.com\\\/hr\\\/?s={search_term_string}\"},\"query-input\":{\"@type\":\"PropertyValueSpecification\",\"valueRequired\":true,\"valueName\":\"search_term_string\"}}],\"inLanguage\":\"hr\"},{\"@type\":\"Organization\",\"@id\":\"https:\\\/\\\/www.versiegelung24.com\\\/hr\\\/#organization\",\"name\":\"versiegelung24\",\"url\":\"https:\\\/\\\/www.versiegelung24.com\\\/hr\\\/\",\"logo\":{\"@type\":\"ImageObject\",\"inLanguage\":\"hr\",\"@id\":\"https:\\\/\\\/www.versiegelung24.com\\\/hr\\\/#\\\/schema\\\/logo\\\/image\\\/\",\"url\":\"https:\\\/\\\/www.versiegelung24.com\\\/wp-content\\\/uploads\\\/2020\\\/04\\\/versiegelung24.png\",\"contentUrl\":\"https:\\\/\\\/www.versiegelung24.com\\\/wp-content\\\/uploads\\\/2020\\\/04\\\/versiegelung24.png\",\"width\":470,\"height\":102,\"caption\":\"versiegelung24\"},\"image\":{\"@id\":\"https:\\\/\\\/www.versiegelung24.com\\\/hr\\\/#\\\/schema\\\/logo\\\/image\\\/\"}}]}<\/script>\n<meta property=\"og:availability\" content=\"instock\" \/>\n<meta property=\"product:availability\" content=\"instock\" \/>\n<meta property=\"product:retailer_item_id\" content=\"9002-1\" \/>\n<meta property=\"product:condition\" content=\"new\" \/>\n<!-- \/ Yoast SEO Premium plugin. -->","yoast_head_json":{"title":"Krpa od mikrovlakana 30x30cm za pred\u010di\u0161\u0107enje ili poliranje - versiegelung24.com","robots":{"index":"index","follow":"follow","max-snippet":"max-snippet:-1","max-image-preview":"max-image-preview:large","max-video-preview":"max-video-preview:-1"},"canonical":"https:\/\/www.versiegelung24.com\/hr\/krpa-od-mikrovlakana-30x30cm-za-pred-ciscenje-ili-poliranje.html","og_locale":"hr_HR","og_type":"article","og_title":"Krpa od mikrovlakana 30x30cm za pred\u010di\u0161\u0107enje ili poliranje","og_description":"Krpa od mikrovlakana za prethodno \u010di\u0161\u0107enje ili zavr\u0161no poliranje: \u2713 Vi\u0161ekratno kori\u0161tenje \u2713 Ekolo\u0161ki prihvatljiv \u2713 Izuzetno upija \u2713 Brzo su\u0161enje \u2713 Ne ostavlja dla\u010dice \u2713 Bez ogrebotina \u2713 80% poliester \/ 20% poliamid  \u2713 Suha te\u017eina 280g\/m\u00b2","og_url":"https:\/\/www.versiegelung24.com\/hr\/krpa-od-mikrovlakana-30x30cm-za-pred-ciscenje-ili-poliranje.html","og_site_name":"versiegelung24.com","article_modified_time":"2025-01-03T23:10:39+00:00","og_image":[{"width":650,"height":650,"url":"https:\/\/www.versiegelung24.com\/wp-content\/uploads\/2020\/06\/mikrofasertuch-weiss_2.png","type":"image\/png"}],"twitter_card":"summary_large_image","twitter_misc":{"Availability":"In stock"},"schema":{"@context":"https:\/\/schema.org","@graph":[{"@type":"WebPage","@id":"https:\/\/www.versiegelung24.com\/hr\/krpa-od-mikrovlakana-30x30cm-za-pred-ciscenje-ili-poliranje.html","url":"https:\/\/www.versiegelung24.com\/hr\/krpa-od-mikrovlakana-30x30cm-za-pred-ciscenje-ili-poliranje.html","name":"Krpa od mikrovlakana 30x30cm za pred\u010di\u0161\u0107enje ili poliranje - versiegelung24.com","isPartOf":{"@id":"https:\/\/www.versiegelung24.com\/hr\/#website"},"primaryImageOfPage":{"@id":"https:\/\/www.versiegelung24.com\/hr\/krpa-od-mikrovlakana-30x30cm-za-pred-ciscenje-ili-poliranje.html#primaryimage"},"image":{"@id":"https:\/\/www.versiegelung24.com\/hr\/krpa-od-mikrovlakana-30x30cm-za-pred-ciscenje-ili-poliranje.html#primaryimage"},"thumbnailUrl":"https:\/\/www.versiegelung24.com\/wp-content\/uploads\/2020\/06\/mikrofasertuch-weiss_2.png","datePublished":"2021-08-02T20:06:24+00:00","dateModified":"2025-01-03T23:10:39+00:00","breadcrumb":{"@id":"https:\/\/www.versiegelung24.com\/hr\/krpa-od-mikrovlakana-30x30cm-za-pred-ciscenje-ili-poliranje.html#breadcrumb"},"inLanguage":"hr","potentialAction":[{"@type":"ReadAction","target":["https:\/\/www.versiegelung24.com\/hr\/krpa-od-mikrovlakana-30x30cm-za-pred-ciscenje-ili-poliranje.html"]}]},{"@type":"ImageObject","inLanguage":"hr","@id":"https:\/\/www.versiegelung24.com\/hr\/krpa-od-mikrovlakana-30x30cm-za-pred-ciscenje-ili-poliranje.html#primaryimage","url":"https:\/\/www.versiegelung24.com\/wp-content\/uploads\/2020\/06\/mikrofasertuch-weiss_2.png","contentUrl":"https:\/\/www.versiegelung24.com\/wp-content\/uploads\/2020\/06\/mikrofasertuch-weiss_2.png","width":650,"height":650},{"@type":"BreadcrumbList","@id":"https:\/\/www.versiegelung24.com\/hr\/krpa-od-mikrovlakana-30x30cm-za-pred-ciscenje-ili-poliranje.html#breadcrumb","itemListElement":[{"@type":"ListItem","position":1,"name":"Po\u010detna stranica","item":"https:\/\/www.versiegelung24.com\/hr\/ispred\/"},{"@type":"ListItem","position":2,"name":"Du\u0107an","item":"https:\/\/www.versiegelung24.com\/hr\/ducan\/"},{"@type":"ListItem","position":3,"name":"Krpa od mikrovlakana 30x30cm za pred\u010di\u0161\u0107enje ili poliranje"}]},{"@type":"WebSite","@id":"https:\/\/www.versiegelung24.com\/hr\/#website","url":"https:\/\/www.versiegelung24.com\/hr\/","name":"versiegelung24.com","description":"Fl\u00fcssigglas-Versiegelung - Made in Germany","publisher":{"@id":"https:\/\/www.versiegelung24.com\/hr\/#organization"},"potentialAction":[{"@type":"SearchAction","target":{"@type":"EntryPoint","urlTemplate":"https:\/\/www.versiegelung24.com\/hr\/?s={search_term_string}"},"query-input":{"@type":"PropertyValueSpecification","valueRequired":true,"valueName":"search_term_string"}}],"inLanguage":"hr"},{"@type":"Organization","@id":"https:\/\/www.versiegelung24.com\/hr\/#organization","name":"versiegelung24","url":"https:\/\/www.versiegelung24.com\/hr\/","logo":{"@type":"ImageObject","inLanguage":"hr","@id":"https:\/\/www.versiegelung24.com\/hr\/#\/schema\/logo\/image\/","url":"https:\/\/www.versiegelung24.com\/wp-content\/uploads\/2020\/04\/versiegelung24.png","contentUrl":"https:\/\/www.versiegelung24.com\/wp-content\/uploads\/2020\/04\/versiegelung24.png","width":470,"height":102,"caption":"versiegelung24"},"image":{"@id":"https:\/\/www.versiegelung24.com\/hr\/#\/schema\/logo\/image\/"}}]},"og_availability":"instock","product_availability":"instock","product_retailer_item_id":"9002-1","product_condition":"new"},"_links":{"self":[{"href":"https:\/\/www.versiegelung24.com\/hr\/wp-json\/wp\/v2\/product\/23823","targetHints":{"allow":["GET"]}}],"collection":[{"href":"https:\/\/www.versiegelung24.com\/hr\/wp-json\/wp\/v2\/product"}],"about":[{"href":"https:\/\/www.versiegelung24.com\/hr\/wp-json\/wp\/v2\/types\/product"}],"version-history":[{"count":18,"href":"https:\/\/www.versiegelung24.com\/hr\/wp-json\/wp\/v2\/product\/23823\/revisions"}],"predecessor-version":[{"id":177843,"href":"https:\/\/www.versiegelung24.com\/hr\/wp-json\/wp\/v2\/product\/23823\/revisions\/177843"}],"wp:featuredmedia":[{"embeddable":true,"href":"https:\/\/www.versiegelung24.com\/hr\/wp-json\/wp\/v2\/media\/16593"}],"wp:attachment":[{"href":"https:\/\/www.versiegelung24.com\/hr\/wp-json\/wp\/v2\/media?parent=23823"}],"wp:term":[{"taxonomy":"product_brand","embeddable":true,"href":"https:\/\/www.versiegelung24.com\/hr\/wp-json\/wp\/v2\/product_brand?post=23823"},{"taxonomy":"product_cat","embeddable":true,"href":"https:\/\/www.versiegelung24.com\/hr\/wp-json\/wp\/v2\/product_cat?post=23823"},{"taxonomy":"product_tag","embeddable":true,"href":"https:\/\/www.versiegelung24.com\/hr\/wp-json\/wp\/v2\/product_tag?post=23823"}],"curies":[{"name":"wp","href":"https:\/\/api.w.org\/{rel}","templated":true}]}}