{"id":23937,"date":"2020-04-27T21:45:35","date_gmt":"2021-08-02T20:12:20","guid":{"rendered":"https:\/\/www.versiegelung24.com\/produkt\/zastitni-premaz-protiv-grafita-vrlo-ucinkovito-brtvljenje-fasada"},"modified":"2025-01-04T00:00:20","modified_gmt":"2025-01-03T23:00:20","slug":"anti-grafiti-zastitni-premaz-vrlo-ucinkovit-brtvljenje-fasada","status":"publish","type":"product","link":"https:\/\/www.versiegelung24.com\/hr\/anti-grafiti-zastitni-premaz-vrlo-ucinkovit-brtvljenje-fasada.html","title":{"rendered":"Za\u0161titni premaz protiv grafita &#8211; premaz protiv grafita"},"content":{"rendered":"\n<p>7626 Anti Graffiti premaz nudi izuzetno izdr\u017eljivo i transparentno rje\u0161enje za kontaminaciju grafitima bez potrebe za \u017ertvenim slojem. Ovaj sustav trajne za\u0161tite, koji uz pravilnu upotrebu mo\u017ee trajati i do 20 godina i ukloniti grafite najmanje 20 puta, omogu\u0107uje jednostavno uklanjanje grafita hladnom vodom i bez upotrebe kemikalija. Idealan je za gotovo sve povr\u0161ine.<\/p>\n\n<h4 class=\"wp-block-heading\" id=\"h-video-der-anti-graffiti-schutzanstrich-im-praxistest\">Video &#8211; Za\u0161titni premaz protiv grafita u prakti\u010dnom testu:<\/h4>\n\n<div class=\"wp-block-columns is-layout-flex wp-container-core-columns-is-layout-9d6595d7 wp-block-columns-is-layout-flex\">\n<div class=\"wp-block-column is-layout-flow wp-block-column-is-layout-flow\">\n<figure class=\"wp-block-embed is-type-video is-provider-youtube wp-block-embed-youtube wp-embed-aspect-16-9 wp-has-aspect-ratio\"><div class=\"wp-block-embed__wrapper\"> \n<div class=\"nv-iframe-embed\"><iframe title=\"Graffiti Entfernung an einem Bahnhof - Graffiti Schutzanstrich - Versiegelung24.com\" width=\"1200\" height=\"675\" src=\"https:\/\/www.youtube.com\/embed\/O7C47GU6pd8?feature=oembed\" frameborder=\"0\" allow=\"accelerometer; autoplay; clipboard-write; encrypted-media; gyroscope; picture-in-picture; web-share\" referrerpolicy=\"strict-origin-when-cross-origin\" allowfullscreen><\/iframe><\/div>\n <\/div><\/figure>\n<\/div>\n\n\n\n<div class=\"wp-block-column is-layout-flow wp-block-column-is-layout-flow\">\n<figure class=\"wp-block-embed is-type-video is-provider-youtube wp-block-embed-youtube wp-embed-aspect-16-9 wp-has-aspect-ratio\"><div class=\"wp-block-embed__wrapper\"> \n<div class=\"nv-iframe-embed\"><iframe title=\"Erkla\u0308rung Grafffiti-Schutzanstrich - versiegelung24.com\" width=\"1200\" height=\"675\" src=\"https:\/\/www.youtube.com\/embed\/zy_puhXRc4s?feature=oembed\" frameborder=\"0\" allow=\"accelerometer; autoplay; clipboard-write; encrypted-media; gyroscope; picture-in-picture; web-share\" referrerpolicy=\"strict-origin-when-cross-origin\" allowfullscreen><\/iframe><\/div>\n <\/div><\/figure>\n<\/div>\n<\/div>\n\n<h4 class=\"wp-block-heading\" id=\"properties\">Zna\u010dajke proizvoda<\/h4>\n\n<div class=\"wp-block-columns is-layout-flex wp-container-core-columns-is-layout-9d6595d7 wp-block-columns-is-layout-flex\">\n<div class=\"wp-block-column is-layout-flow wp-block-column-is-layout-flow\">\n<p><strong>Vrlo u\u010dinkovito brtvljenje protiv grafita s dugotrajnom za\u0161titom i bez stvaranja sjene dugi niz godina<\/strong><\/p>\n\n\n\n<p>Broj artikla: 9201-7626<br\/> Visoka kvaliteta made in Germany<\/p>\n\n\n\n<p>Samo jedna primjena ovog proizvoda mo\u017ee biti dovoljna za stvaranje u\u010dinkovite za\u0161titne barijere. Posebno upijaju\u0107i materijali, poput pje\u0161\u010denjaka, mogu zahtijevati po\u010detnu otopinu temeljnog premaza ili drugi sloj 7626 Anti-Graffiti Film. To treba u\u010diniti nakon otprilike pola sata na temperaturama iznad 20 stupnjeva Celzijevih ili nakon tri do \u010detiri sata u hladnijim uvjetima kako bi se povr\u0161ina za\u0161titila godinama.<\/p>\n\n\n\n<p><strong>sigurnost proizvoda<\/strong><\/p>\n\n\n\n<p>Podaci o razvrstavanju proizvoda u okviru Pravilnika o opasnim tvarima, podaci o sigurnosti te podaci o toksikologiji i skladi\u0161tenju nalaze se u na\u0161em sigurnosno-tehni\u010dkom listu.<\/p>\n\n\n\n<p><strong>skladi\u0161tenje<\/strong><\/p>\n\n\n\n<p>V24 brtvilo protiv grafita ne smije do\u0107i u dodir s vlagom. Mora se \u010duvati u originalnom, zatvorenom spremniku na temperaturama skladi\u0161tenja. Za\u0161titite od izravne sun\u010deve svjetlosti.<\/p>\n<\/div>\n\n\n\n<div class=\"wp-block-column is-layout-flow wp-block-column-is-layout-flow\">\n<p><strong>Brzo stvrdnjavanje<\/strong><\/p>\n\n\n\n<p>Ubrzo nakon nano\u0161enja, brtvilo je ve\u0107 suho i posti\u017ee punu u\u010dinkovitost unutar nekoliko sati. To \u010dini uklanjanje grafita brzim i lakim. Za \u010di\u0161\u0107enje premazanih povr\u0161ina dovoljan je visokotla\u010dni \u010dista\u010d (do maksimalno 80 bara) ili nje\u017ena \u010detka, bez dodavanja kemijskih sredstava za \u010di\u0161\u0107enje.<\/p>\n\n\n\n<p>\u2713 Vrlo sna\u017eno prianjanje<\/p>\n\n\n\n<p>\u2713 Nema stvaranja sjene<\/p>\n\n\n\n<p>\u2713 Jednokomponentni sustav: (u ve\u0107ini slu\u010dajeva) dovoljan je samo jedan sloj<\/p>\n\n\n\n<p>\u2713 Lako se nanosi slikanjem. Nije potrebno mije\u0161anje itd.<\/p>\n\n\n\n<p>\u2713 Dugotrajna za\u0161tita<\/p>\n\n\n\n<p>\u2713 Grafiti se obi\u010dno mogu brzo i jednostavno ukloniti vodom. U ve\u0107ini slu\u010dajeva uklanjanje grafita nije potrebno.<\/p>\n\n\n\n<p>\u2713 Mo\u017ee se koristiti i kao za\u0161tita od neovla\u0161tenog objavljivanja (plakati se ne mogu lijepiti) <\/p>\n\n\n\n<p>\u2713 Teku\u0107ina nije opasno dobro<\/p>\n\n\n\n<p>\u2713 dostupno iu RAL bojama (minimalna koli\u010dina 100 litara &#8211; nadoplata +20%)<\/p>\n<\/div>\n<\/div>\n\n<hr\/>\n\n<h4 class=\"wp-block-heading\" id=\"application\">Primjena<\/h4>\n\n<p>Nano\u0161enje je iznimno jednostavno: jednostavno otvorite spremnik i nanesite proizvod valjkom za bojanje &#8211; nije potrebno prethodno mije\u0161anje, \u0161to \u0161tedi vrijeme i pojednostavljuje postupak. Kod upotrebe antigrafit folije u odre\u0111enoj RAL boji postoje\u0107i grafiti se mogu jednostavno prebojati. Jasna verzija tako\u0111er \u0161titi &#8220;po\u017eeljne&#8221; grafite.<\/p>\n\n<div class=\"wp-block-columns is-layout-flex wp-container-core-columns-is-layout-9d6595d7 wp-block-columns-is-layout-flex\">\n<div class=\"wp-block-column is-layout-flow wp-block-column-is-layout-flow\">\n<ul class=\"wp-block-list\">\n<li>the<strong> V24 brtvljenje protiv grafita<\/strong> nanosi se nerazrije\u0111en na prethodno o\u010di\u0161\u0107enu i osu\u0161enu povr\u0161inu.<\/li>\n<\/ul>\n\n\n\n<ul class=\"wp-block-list\">\n<li>Sve povr\u0161ine koje se tretiraju moraju biti suhe i dobro o\u010di\u0161\u0107ene. Na pje\u0161\u010denjake i opeku treba nanijeti dodatni temeljni premaz.<\/li>\n<\/ul>\n\n\n\n<ul class=\"wp-block-list\">\n<li><strong>V24 brtvilo protiv grafita<\/strong> ne smije do\u0107i u dodir s vodom prije ili tijekom prerade i ne smije se nanositi dok pada ki\u0161a.<\/li>\n<\/ul>\n\n\n\n<ul class=\"wp-block-list\">\n<li>Brtvilo se mo\u017ee nanositi \u010detkom, valjkom ili raspr\u0161iva\u010dem bez zraka.<\/li>\n<\/ul>\n\n\n\n<ul class=\"wp-block-list\">\n<li>Povr\u0161ina je suha na dodir nakon pribli\u017eno 3-4 sata.<\/li>\n<\/ul>\n\n\n\n<ul class=\"wp-block-list\">\n<li>Premaz je potpuno umre\u017een i stvrdnut nakon 24 sata.<\/li>\n<\/ul>\n\n\n\n<p>Detaljan opis primjene mo\u017eete prona\u0107i u na\u0161em podatkovnom listu<\/p>\n<\/div>\n\n\n\n<div class=\"wp-block-column is-layout-flow wp-block-column-is-layout-flow\">\n<p>Potrebna koli\u010dina ovisi o upijanju povr\u0161ine koja se premazuje. Prinos je pribli\u017eno 8-10 m\u00b2\/litra za glatke, neupijaju\u0107e povr\u0161ine i 6-8 m\u00b2\/litra za upijaju\u0107e povr\u0161ine.<\/p>\n\n\n\n<p>\u2713 Aluminijska obloga*<\/p>\n\n\n\n<p>\u2713 Beton (tuneli, trase, zvu\u010dni i potporni zidovi, upornjaci stupova mostovskih konstrukcija, zidanje itd.)<\/p>\n\n\n\n<p>\u2713 Stakloplastika<\/p>\n\n\n\n<p>\u2713 Staklo*<\/p>\n\n\n\n<p>\u2713 drvo<\/p>\n\n\n\n<p>\u2713 Plastika*<\/p>\n\n\n\n<p>\u2713 Zidanje (uklju\u010duju\u0107i ciglu, prirodni kamen, klinker, mramor, kamen, plo\u010dice, granit)<\/p>\n\n\n\n<p>\u2713 Vi\u0161enamjenske kutije (razvodne kutije)<\/p>\n\n\n\n<p>\u2713 Metal*<\/p>\n\n\n\n<p>\u2713 \u010celik*<\/p>\n\n\n\n<p>\u2713 Uli\u010dni znakovi<\/p>\n\n\n\n<p>\u2713 \u0160tukatura<\/p>\n\n\n\n<p>\u2713 Vinilni sporedni kolosijek<\/p>\n\n\n\n<p>*U osnovi, treba napomenuti da prianjanje na polirane i glatke povr\u0161ine nije tako sna\u017eno kao prianjanje na grube ili porozne povr\u0161ine.<\/p>\n<\/div>\n<\/div>\n\n<div style=\"height:18px\" aria-hidden=\"true\" class=\"wp-block-spacer\"><\/div>\n\n<hr\/>\n\n<h4 class=\"wp-block-heading\" id=\"advisor\">savjetnik<\/h4>\n\n<h2 class=\"wp-block-heading\" id=\"h-was-ist-graffitischutz-und-warum-ist-er-wichtig\">\u0160to je za\u0161tita od grafita i za\u0161to je va\u017ena?<\/h2>\n\n<p>Za\u0161tita od grafita odnosi se na mjere namijenjene sprje\u010davanju lijepljenja boje za grafite na povr\u0161ine i nano\u0161enja \u0161tete. Bez odgovaraju\u0107e za\u0161tite, grafiti mogu o\u0161tetiti fasadu, dovesti do visokih tro\u0161kova \u010di\u0161\u0107enja i smanjiti vrijednost nekretnine. Kori\u0161tenje za\u0161tite od grafita stoga je klju\u010dno kako iz estetskih tako i iz ekonomskih razloga.<\/p>\n\n<h2 class=\"wp-block-heading\" id=\"h-welche-arten-von-schutz-gibt-es\">Koje vrste za\u0161tite postoje?<\/h2>\n\n<p>Postoje razli\u010dite vrste za\u0161tite od grafita koje mo\u017eete odabrati ovisno o va\u0161im potrebama i povr\u0161ini:<\/p>\n\n<p><strong>Trajna<\/strong> <strong>za\u0161tita od grafita<\/strong> : Ova vrsta za\u0161tite stvara trajni za\u0161titni sloj na povr\u0161ini i omogu\u0107uje jednostavno uklanjanje grafita bez ponovnog nano\u0161enja za\u0161titnog sredstva.<br\/> <strong>Polutrajna<\/strong> <strong>za\u0161tita od grafita<\/strong> : Ova za\u0161tita mora se obnoviti nakon uklanjanja grafita, ali tako\u0111er pru\u017ea u\u010dinkovitu barijeru protiv grafita.<br\/> Kako impregnacija djeluje na za\u0161titu od grafita?<\/p>\n\n<p><strong>Impregnacije<\/strong> prodiru duboko u podlogu i stvaraju nevidljivi za\u0161titni sloj koji sprje\u010dava prodiranje boje za grafite u materijal. To olak\u0161ava \u010di\u0161\u0107enje i trajno \u0161titi povr\u0161inu. Koja je razlika izme\u0111u trajnog i polutrajnog brtvljenja protiv grafita?<\/p>\n\n<p><strong>Trajna za\u0161tita od grafita<\/strong> ostaje na povr\u0161ini i nije ju potrebno obnavljati, dok se polutrajna za\u0161tita mora obnavljati nakon svakog uklanjanja grafita. Trajna rje\u0161enja stoga nude dugoro\u010dniju opciju koja zahtijeva manje odr\u017eavanja.<\/p>\n\n<h2 class=\"wp-block-heading\" id=\"h-welche-produkte-eignen-sich-fur-den-graffiti-schutz-auf-beton-und-naturstein\">Koji su proizvodi prikladni za za\u0161titu od grafita na betonu i prirodnom kamenu?<\/h2>\n\n<p>Na\u0161a impregnacija se lako mo\u017ee koristiti na betonu ili prirodnom kamenu.<\/p>\n\n<h2 class=\"wp-block-heading\" id=\"h-wie-wird-der-graffitischutz-auf-unterschiedlichen-untergrunden-angewendet\">Kako se nanosi za\u0161tita od grafita na razli\u010dite povr\u0161ine?<\/h2>\n\n<p>Primjena za\u0161tite od grafita razlikuje se ovisno o povr\u0161ini. Za razliku od (npr.) stakla ili plastike, beton, prirodni kamen i klinker zahtijevaju razli\u010dite pristupe kako bi se osigurala optimalna za\u0161tita.  <\/p>\n\n<h2 class=\"wp-block-heading\" id=\"h-welche-rolle-spielt-die-reinigung-bei-der-graffitientfernung\">Koju ulogu igra \u010di\u0161\u0107enje u uklanjanju grafita?<\/h2>\n\n<p>\u010ci\u0161\u0107enje igra klju\u010dnu ulogu u uklanjanju grafita. S pravim proizvodima i metodama za \u010di\u0161\u0107enje, grafiti se mogu ukloniti brzo i u\u010dinkovito bez o\u0161te\u0107enja za\u0161titnog sloja ispod.<\/p>\n\n<h2 class=\"wp-block-heading\" id=\"h-tipps-zur-auswahl-des-richtigen-graffitischutz-produkts\">Savjeti za odabir pravog proizvoda za za\u0161titu od grafita<\/h2>\n\n<p><strong>Analizirajte povr\u0161inu<\/strong> : Provjerite od kakvog je materijala va\u0161a fasada i odaberite odgovaraju\u0107i za\u0161titni proizvod.<br\/> <strong>Pro\u010ditajte informacije o proizvodu<\/strong> : temeljito se informirajte o svojstvima proizvoda, poput toga da ne sadr\u017ei otapala i da je otporan na UV zra\u010denje.<br\/> <strong>Koristite tehni\u010dke savjete<\/strong> : Koristite tehni\u010dku podr\u0161ku Versiegelung24.com kako biste bili sigurni da se proizvod koristi ispravno.<br\/><\/p>\n\n<h2 class=\"wp-block-heading\" id=\"h-zusammenfassung-der-wichtigsten-punkte\">Sa\u017eetak klju\u010dnih to\u010daka<\/h2>\n\n<p>Za\u0161tita od grafita va\u017ena je za za\u0161titu fasada od o\u0161te\u0107enja i gubitka vrijednosti.<br\/> Postoje trajna i polutrajna rje\u0161enja za za\u0161titu od grafita koja se mogu odabrati ovisno o va\u0161im potrebama.<br\/> <strong>Impregnacija nudi u\u010dinkovitu metodu<\/strong> za uklanjanje grafita od betona, prirodnog kamena i klinkera.<br\/> Ispravno nano\u0161enje i \u010di\u0161\u0107enje klju\u010dni su za dugoro\u010dni uspjeh za\u0161tite od grafita.<\/p>\n","protected":false},"excerpt":{"rendered":"<p><strong>Vrlo u\u010dinkovito brtvljenje fasada s dugotrajnom za\u0161titom i bez stvaranja sjene<\/strong>  <\/p>\n<p>\u2713 Jednostavan za kori\u0161tenje: nije potrebno mije\u0161anje itd<\/p>\n<p>\u2713 Dugotrajna za\u0161tita i saten zavr\u0161ni sloj<\/p>\n<p>\u2713 Potpuna pokrivenost: nema sjen\u010danja<\/p>\n<p>\u2713 Nakon slikanja, grafiti se lako mogu ukloniti vodom<\/p>\n<p>\u2713 Suh na dodir nakon 3-4 sata<\/p>\n","protected":false},"featured_media":169215,"template":"","meta":{"_acf_changed":false,"neve_meta_sidebar":"","neve_meta_container":"","neve_meta_enable_content_width":"","neve_meta_content_width":0,"neve_meta_title_alignment":"","neve_meta_author_avatar":"","neve_post_elements_order":"","neve_meta_disable_header":"","neve_meta_disable_footer":"","neve_meta_disable_title":"","neve_meta_reading_time":"","_surfaces":[],"_ver_product_tabs":[],"footnotes":""},"product_brand":[],"product_cat":[2430],"product_tag":[],"class_list":{"0":"post-23937","1":"product","2":"type-product","3":"status-publish","4":"has-post-thumbnail","6":"product_cat-brtvljenje-kamena-i-betona","7":"pa_gebinde-kanister-od-5l","8":"pa_gebinde-kanistar-5l-u-ral-boji","10":"first","11":"instock","12":"taxable","13":"shipping-taxable","14":"purchasable","15":"product-type-variable","16":"has-default-attributes"},"acf":[],"yoast_head":"<!-- This site is optimized with the Yoast SEO Premium plugin v22.8 (Yoast SEO v27.5) - https:\/\/yoast.com\/product\/yoast-seo-premium-wordpress\/ -->\n<title>Za\u0161titni premaz protiv grafita - premaz protiv grafita - versiegelung24.com<\/title>\n<meta name=\"description\" content=\"Premaz protiv grafita - Za\u0161titite svoju fasadu od ne\u017eeljenih grafita i grafita - sada na Versiegelung24.com\" \/>\n<meta name=\"robots\" content=\"index, follow, max-snippet:-1, max-image-preview:large, max-video-preview:-1\" \/>\n<link rel=\"canonical\" href=\"https:\/\/www.versiegelung24.com\/hr\/anti-grafiti-zastitni-premaz-vrlo-ucinkovit-brtvljenje-fasada.html\" \/>\n<meta property=\"og:locale\" content=\"hr_HR\" \/>\n<meta property=\"og:type\" content=\"article\" \/>\n<meta property=\"og:title\" content=\"Za\u0161titni premaz protiv grafita - premaz protiv grafita\" \/>\n<meta property=\"og:description\" content=\"Premaz protiv grafita - Za\u0161titite svoju fasadu od ne\u017eeljenih grafita i grafita - sada na Versiegelung24.com\" \/>\n<meta property=\"og:url\" content=\"https:\/\/www.versiegelung24.com\/hr\/anti-grafiti-zastitni-premaz-vrlo-ucinkovit-brtvljenje-fasada.html\" \/>\n<meta property=\"og:site_name\" content=\"versiegelung24.com\" \/>\n<meta property=\"article:modified_time\" content=\"2025-01-03T23:00:20+00:00\" \/>\n<meta property=\"og:image\" content=\"https:\/\/www.versiegelung24.com\/wp-content\/uploads\/2020\/04\/7626-anti-graffiti.webp\" \/>\n\t<meta property=\"og:image:width\" content=\"2560\" \/>\n\t<meta property=\"og:image:height\" content=\"2560\" \/>\n\t<meta property=\"og:image:type\" content=\"image\/webp\" \/>\n<meta name=\"twitter:card\" content=\"summary_large_image\" \/>\n<meta name=\"twitter:label1\" content=\"Availability\" \/>\n\t<meta name=\"twitter:data1\" content=\"In stock\" \/>\n<script type=\"application\/ld+json\" class=\"yoast-schema-graph\">{\"@context\":\"https:\\\/\\\/schema.org\",\"@graph\":[{\"@type\":\"WebPage\",\"@id\":\"https:\\\/\\\/www.versiegelung24.com\\\/hr\\\/anti-grafiti-zastitni-premaz-vrlo-ucinkovit-brtvljenje-fasada.html\",\"url\":\"https:\\\/\\\/www.versiegelung24.com\\\/hr\\\/anti-grafiti-zastitni-premaz-vrlo-ucinkovit-brtvljenje-fasada.html\",\"name\":\"Za\u0161titni premaz protiv grafita - premaz protiv grafita - versiegelung24.com\",\"isPartOf\":{\"@id\":\"https:\\\/\\\/www.versiegelung24.com\\\/hr\\\/#website\"},\"primaryImageOfPage\":{\"@id\":\"https:\\\/\\\/www.versiegelung24.com\\\/hr\\\/anti-grafiti-zastitni-premaz-vrlo-ucinkovit-brtvljenje-fasada.html#primaryimage\"},\"image\":{\"@id\":\"https:\\\/\\\/www.versiegelung24.com\\\/hr\\\/anti-grafiti-zastitni-premaz-vrlo-ucinkovit-brtvljenje-fasada.html#primaryimage\"},\"thumbnailUrl\":\"https:\\\/\\\/www.versiegelung24.com\\\/wp-content\\\/uploads\\\/2020\\\/04\\\/7626-anti-graffiti.webp\",\"datePublished\":\"2021-08-02T20:12:20+00:00\",\"dateModified\":\"2025-01-03T23:00:20+00:00\",\"description\":\"Premaz protiv grafita - Za\u0161titite svoju fasadu od ne\u017eeljenih grafita i grafita - sada na Versiegelung24.com\",\"breadcrumb\":{\"@id\":\"https:\\\/\\\/www.versiegelung24.com\\\/hr\\\/anti-grafiti-zastitni-premaz-vrlo-ucinkovit-brtvljenje-fasada.html#breadcrumb\"},\"inLanguage\":\"hr\",\"potentialAction\":[{\"@type\":\"ReadAction\",\"target\":[\"https:\\\/\\\/www.versiegelung24.com\\\/hr\\\/anti-grafiti-zastitni-premaz-vrlo-ucinkovit-brtvljenje-fasada.html\"]}]},{\"@type\":\"ImageObject\",\"inLanguage\":\"hr\",\"@id\":\"https:\\\/\\\/www.versiegelung24.com\\\/hr\\\/anti-grafiti-zastitni-premaz-vrlo-ucinkovit-brtvljenje-fasada.html#primaryimage\",\"url\":\"https:\\\/\\\/www.versiegelung24.com\\\/wp-content\\\/uploads\\\/2020\\\/04\\\/7626-anti-graffiti.webp\",\"contentUrl\":\"https:\\\/\\\/www.versiegelung24.com\\\/wp-content\\\/uploads\\\/2020\\\/04\\\/7626-anti-graffiti.webp\",\"width\":2560,\"height\":2560},{\"@type\":\"BreadcrumbList\",\"@id\":\"https:\\\/\\\/www.versiegelung24.com\\\/hr\\\/anti-grafiti-zastitni-premaz-vrlo-ucinkovit-brtvljenje-fasada.html#breadcrumb\",\"itemListElement\":[{\"@type\":\"ListItem\",\"position\":1,\"name\":\"Po\u010detna stranica\",\"item\":\"https:\\\/\\\/www.versiegelung24.com\\\/hr\\\/ispred\\\/\"},{\"@type\":\"ListItem\",\"position\":2,\"name\":\"Du\u0107an\",\"item\":\"https:\\\/\\\/www.versiegelung24.com\\\/hr\\\/ducan\\\/\"},{\"@type\":\"ListItem\",\"position\":3,\"name\":\"Za\u0161titni premaz protiv grafita &#8211; premaz protiv grafita\"}]},{\"@type\":\"WebSite\",\"@id\":\"https:\\\/\\\/www.versiegelung24.com\\\/hr\\\/#website\",\"url\":\"https:\\\/\\\/www.versiegelung24.com\\\/hr\\\/\",\"name\":\"versiegelung24.com\",\"description\":\"Fl\u00fcssigglas-Versiegelung - Made in Germany\",\"publisher\":{\"@id\":\"https:\\\/\\\/www.versiegelung24.com\\\/hr\\\/#organization\"},\"potentialAction\":[{\"@type\":\"SearchAction\",\"target\":{\"@type\":\"EntryPoint\",\"urlTemplate\":\"https:\\\/\\\/www.versiegelung24.com\\\/hr\\\/?s={search_term_string}\"},\"query-input\":{\"@type\":\"PropertyValueSpecification\",\"valueRequired\":true,\"valueName\":\"search_term_string\"}}],\"inLanguage\":\"hr\"},{\"@type\":\"Organization\",\"@id\":\"https:\\\/\\\/www.versiegelung24.com\\\/hr\\\/#organization\",\"name\":\"versiegelung24\",\"url\":\"https:\\\/\\\/www.versiegelung24.com\\\/hr\\\/\",\"logo\":{\"@type\":\"ImageObject\",\"inLanguage\":\"hr\",\"@id\":\"https:\\\/\\\/www.versiegelung24.com\\\/hr\\\/#\\\/schema\\\/logo\\\/image\\\/\",\"url\":\"https:\\\/\\\/www.versiegelung24.com\\\/wp-content\\\/uploads\\\/2020\\\/04\\\/versiegelung24.png\",\"contentUrl\":\"https:\\\/\\\/www.versiegelung24.com\\\/wp-content\\\/uploads\\\/2020\\\/04\\\/versiegelung24.png\",\"width\":470,\"height\":102,\"caption\":\"versiegelung24\"},\"image\":{\"@id\":\"https:\\\/\\\/www.versiegelung24.com\\\/hr\\\/#\\\/schema\\\/logo\\\/image\\\/\"}}]}<\/script>\n<meta property=\"og:availability\" content=\"instock\" \/>\n<meta property=\"product:availability\" content=\"instock\" \/>\n<meta property=\"product:retailer_item_id\" content=\"9201-7626-5000\" \/>\n<meta property=\"product:condition\" content=\"new\" \/>\n<!-- \/ Yoast SEO Premium plugin. -->","yoast_head_json":{"title":"Za\u0161titni premaz protiv grafita - premaz protiv grafita - versiegelung24.com","description":"Premaz protiv grafita - Za\u0161titite svoju fasadu od ne\u017eeljenih grafita i grafita - sada na Versiegelung24.com","robots":{"index":"index","follow":"follow","max-snippet":"max-snippet:-1","max-image-preview":"max-image-preview:large","max-video-preview":"max-video-preview:-1"},"canonical":"https:\/\/www.versiegelung24.com\/hr\/anti-grafiti-zastitni-premaz-vrlo-ucinkovit-brtvljenje-fasada.html","og_locale":"hr_HR","og_type":"article","og_title":"Za\u0161titni premaz protiv grafita - premaz protiv grafita","og_description":"Premaz protiv grafita - Za\u0161titite svoju fasadu od ne\u017eeljenih grafita i grafita - sada na Versiegelung24.com","og_url":"https:\/\/www.versiegelung24.com\/hr\/anti-grafiti-zastitni-premaz-vrlo-ucinkovit-brtvljenje-fasada.html","og_site_name":"versiegelung24.com","article_modified_time":"2025-01-03T23:00:20+00:00","og_image":[{"width":2560,"height":2560,"url":"https:\/\/www.versiegelung24.com\/wp-content\/uploads\/2020\/04\/7626-anti-graffiti.webp","type":"image\/webp"}],"twitter_card":"summary_large_image","twitter_misc":{"Availability":"In stock"},"schema":{"@context":"https:\/\/schema.org","@graph":[{"@type":"WebPage","@id":"https:\/\/www.versiegelung24.com\/hr\/anti-grafiti-zastitni-premaz-vrlo-ucinkovit-brtvljenje-fasada.html","url":"https:\/\/www.versiegelung24.com\/hr\/anti-grafiti-zastitni-premaz-vrlo-ucinkovit-brtvljenje-fasada.html","name":"Za\u0161titni premaz protiv grafita - premaz protiv grafita - versiegelung24.com","isPartOf":{"@id":"https:\/\/www.versiegelung24.com\/hr\/#website"},"primaryImageOfPage":{"@id":"https:\/\/www.versiegelung24.com\/hr\/anti-grafiti-zastitni-premaz-vrlo-ucinkovit-brtvljenje-fasada.html#primaryimage"},"image":{"@id":"https:\/\/www.versiegelung24.com\/hr\/anti-grafiti-zastitni-premaz-vrlo-ucinkovit-brtvljenje-fasada.html#primaryimage"},"thumbnailUrl":"https:\/\/www.versiegelung24.com\/wp-content\/uploads\/2020\/04\/7626-anti-graffiti.webp","datePublished":"2021-08-02T20:12:20+00:00","dateModified":"2025-01-03T23:00:20+00:00","description":"Premaz protiv grafita - Za\u0161titite svoju fasadu od ne\u017eeljenih grafita i grafita - sada na Versiegelung24.com","breadcrumb":{"@id":"https:\/\/www.versiegelung24.com\/hr\/anti-grafiti-zastitni-premaz-vrlo-ucinkovit-brtvljenje-fasada.html#breadcrumb"},"inLanguage":"hr","potentialAction":[{"@type":"ReadAction","target":["https:\/\/www.versiegelung24.com\/hr\/anti-grafiti-zastitni-premaz-vrlo-ucinkovit-brtvljenje-fasada.html"]}]},{"@type":"ImageObject","inLanguage":"hr","@id":"https:\/\/www.versiegelung24.com\/hr\/anti-grafiti-zastitni-premaz-vrlo-ucinkovit-brtvljenje-fasada.html#primaryimage","url":"https:\/\/www.versiegelung24.com\/wp-content\/uploads\/2020\/04\/7626-anti-graffiti.webp","contentUrl":"https:\/\/www.versiegelung24.com\/wp-content\/uploads\/2020\/04\/7626-anti-graffiti.webp","width":2560,"height":2560},{"@type":"BreadcrumbList","@id":"https:\/\/www.versiegelung24.com\/hr\/anti-grafiti-zastitni-premaz-vrlo-ucinkovit-brtvljenje-fasada.html#breadcrumb","itemListElement":[{"@type":"ListItem","position":1,"name":"Po\u010detna stranica","item":"https:\/\/www.versiegelung24.com\/hr\/ispred\/"},{"@type":"ListItem","position":2,"name":"Du\u0107an","item":"https:\/\/www.versiegelung24.com\/hr\/ducan\/"},{"@type":"ListItem","position":3,"name":"Za\u0161titni premaz protiv grafita &#8211; premaz protiv grafita"}]},{"@type":"WebSite","@id":"https:\/\/www.versiegelung24.com\/hr\/#website","url":"https:\/\/www.versiegelung24.com\/hr\/","name":"versiegelung24.com","description":"Fl\u00fcssigglas-Versiegelung - Made in Germany","publisher":{"@id":"https:\/\/www.versiegelung24.com\/hr\/#organization"},"potentialAction":[{"@type":"SearchAction","target":{"@type":"EntryPoint","urlTemplate":"https:\/\/www.versiegelung24.com\/hr\/?s={search_term_string}"},"query-input":{"@type":"PropertyValueSpecification","valueRequired":true,"valueName":"search_term_string"}}],"inLanguage":"hr"},{"@type":"Organization","@id":"https:\/\/www.versiegelung24.com\/hr\/#organization","name":"versiegelung24","url":"https:\/\/www.versiegelung24.com\/hr\/","logo":{"@type":"ImageObject","inLanguage":"hr","@id":"https:\/\/www.versiegelung24.com\/hr\/#\/schema\/logo\/image\/","url":"https:\/\/www.versiegelung24.com\/wp-content\/uploads\/2020\/04\/versiegelung24.png","contentUrl":"https:\/\/www.versiegelung24.com\/wp-content\/uploads\/2020\/04\/versiegelung24.png","width":470,"height":102,"caption":"versiegelung24"},"image":{"@id":"https:\/\/www.versiegelung24.com\/hr\/#\/schema\/logo\/image\/"}}]},"og_availability":"instock","product_availability":"instock","product_retailer_item_id":"9201-7626-5000","product_condition":"new"},"_links":{"self":[{"href":"https:\/\/www.versiegelung24.com\/hr\/wp-json\/wp\/v2\/product\/23937","targetHints":{"allow":["GET"]}}],"collection":[{"href":"https:\/\/www.versiegelung24.com\/hr\/wp-json\/wp\/v2\/product"}],"about":[{"href":"https:\/\/www.versiegelung24.com\/hr\/wp-json\/wp\/v2\/types\/product"}],"version-history":[{"count":46,"href":"https:\/\/www.versiegelung24.com\/hr\/wp-json\/wp\/v2\/product\/23937\/revisions"}],"predecessor-version":[{"id":174057,"href":"https:\/\/www.versiegelung24.com\/hr\/wp-json\/wp\/v2\/product\/23937\/revisions\/174057"}],"wp:featuredmedia":[{"embeddable":true,"href":"https:\/\/www.versiegelung24.com\/hr\/wp-json\/wp\/v2\/media\/169215"}],"wp:attachment":[{"href":"https:\/\/www.versiegelung24.com\/hr\/wp-json\/wp\/v2\/media?parent=23937"}],"wp:term":[{"taxonomy":"product_brand","embeddable":true,"href":"https:\/\/www.versiegelung24.com\/hr\/wp-json\/wp\/v2\/product_brand?post=23937"},{"taxonomy":"product_cat","embeddable":true,"href":"https:\/\/www.versiegelung24.com\/hr\/wp-json\/wp\/v2\/product_cat?post=23937"},{"taxonomy":"product_tag","embeddable":true,"href":"https:\/\/www.versiegelung24.com\/hr\/wp-json\/wp\/v2\/product_tag?post=23937"}],"curies":[{"name":"wp","href":"https:\/\/api.w.org\/{rel}","templated":true}]}}