{"id":24086,"date":"2020-04-27T21:49:59","date_gmt":"2021-08-02T20:23:32","guid":{"rendered":"https:\/\/www.versiegelung24.com\/produkt\/monument-stone-brtvljenje-visokih-performansi-od-kamena-i-betona"},"modified":"2025-03-20T09:53:53","modified_gmt":"2025-03-20T08:53:53","slug":"spomenik-kamen-kamen-i-beton-brtvljenje-visokih-performansi","status":"publish","type":"product","link":"https:\/\/www.versiegelung24.com\/hr\/brtvljenje-spomenika-kamena-kamena-i-betona-visokih-performansi.html","title":{"rendered":"Spomeni\u010dki kamen &#8211; brtvilo za kamen i beton za teku\u0107e staklo"},"content":{"rendered":"\n<p>Na\u0161a visokou\u010dinkovita brtva Monument Stone u\u010dinkovito i trajno \u0161titi visokokvalitetne proizvode od betonskog kamena od op\u0107e kontaminacije vodom, hranom i uljima.<\/p>\n\n<hr \/>\n\n<h4 class=\"wp-block-heading\" id=\"properties\">Zna\u010dajke proizvoda<\/h4>\n\n<div class=\"wp-block-columns is-layout-flex wp-container-core-columns-is-layout-9d6595d7 wp-block-columns-is-layout-flex\">\n<div class=\"wp-block-column is-layout-flow wp-block-column-is-layout-flow\">\n<p><strong>Visokou\u010dinkovito brtvljenje za proizvode od kamena i betonskih blokova za smanjenje op\u0107e sklonosti prljanju vodom, hranom i uljima<\/strong><\/p>\n\n\n\n<p>Broj artikla: 3009-8637<\/p>\n\n\n\n<p>Visoka kvaliteta Made in Germany<\/p>\n\n\n\n<p><strong>sigurnost proizvoda<\/strong><\/p>\n\n\n\n<p>Podaci o razvrstavanju proizvoda u okviru Pravilnika o opasnim tvarima, podaci o sigurnosti te podaci o toksikologiji i skladi\u0161tenju nalaze se u na\u0161em sigurnosno-tehni\u010dkom listu.<\/p>\n\n\n\n<p><strong>skladi\u0161tenje<\/strong><\/p>\n\n\n\n<p>Morate se pridr\u017eavati informacija u pridru\u017eenom sigurnosnom listu (MSDS).<\/p>\n\n\n\n<p>V24 Monument Stone treba \u010duvati na suhom, dobro prozra\u010denom i hladnom (20\u00b0C) mjestu. \u010cuvati\/\u010duvati samo u dobro zatvorenoj originalnoj ambala\u017ei. Za\u0161titite od izravne sun\u010deve svjetlosti. Ako se pravilno skladi\u0161ti, minimalni rok trajanja je 12 mjeseci od datuma proizvodnje.<\/p>\n\n\n\n<p>Dulji rok skladi\u0161tenja ne zna\u010di nu\u017eno da je proizvod neupotrebljiv, me\u0111utim, u smislu osiguranja kvalitete, potrebno je provjeriti svojstva \u017eeljena za namjeravanu uporabu.<\/p>\n<\/div>\n\n\n\n<div class=\"wp-block-column is-layout-flow wp-block-column-is-layout-flow\">\n<p>\u2713 Impregnacija visokih performansi na bazi vode<\/p>\n\n\n\n<p>\u2713 U\u010dinkovit do 10 godina (pod uvjetom da se pravilno koristi)<\/p>\n\n\n\n<p>\u2713 Posebno pogodan za dugotrajnu za\u0161titu spomenika<\/p>\n\n\n\n<p>\u2713 visoko koncentriran<\/p>\n\n\n\n<p>\u2713 Dugotrajna za\u0161tita kroz vezivanje kemijskog supstrata<\/p>\n\n\n\n<p>\u2713 Otporan na alkalije do pH 10-11*<\/p>\n\n\n\n<p>\u2713 Neljepljivi u\u010dinak<\/p>\n\n\n\n<p>\u2713 Izrazito odbija ulje, vodu i prljav\u0161tinu<\/p>\n\n\n\n<p>\u2713 Otporan na alkalije<\/p>\n\n\n\n<p>\u2713 Smanjena eflorescencija<\/p>\n\n\n\n<p>\u2713 Minimiziranje prianjanja prljav\u0161tine<\/p>\n\n\n\n<p>\u2713 Smanjenje rasta algi i mahovine<\/p>\n\n\n\n<p>\u2713 smanjuje ponovno zaprljanje<\/p>\n\n\n\n<p>\u2713 Otvoren za difuziju pare<\/p>\n\n\n\n<p>\u2713 su\u0161i se brzo i neljepljivo<\/p>\n\n\n\n<p>\u2713 Visoka UV stabilnost<\/p>\n\n\n\n<p>\u2713 Rje\u0161enje spremno za kori\u0161tenje<\/p>\n\n\n\n<p>\u2713 nevidljiv<\/p>\n<\/div>\n<\/div>\n\n<hr \/>\n\n<h4 class=\"wp-block-heading\" id=\"application\">Primjena<\/h4>\n\n<div class=\"wp-block-columns is-layout-flex wp-container-core-columns-is-layout-9d6595d7 wp-block-columns-is-layout-flex\">\n<div class=\"wp-block-column is-layout-flow wp-block-column-is-layout-flow\">\n<ul class=\"wp-block-list\">\n<li><strong>V24 Monument Stone &#8211; brtvljenje teku\u0107eg<\/strong> stakla nanosi se nerazrije\u0111eno na prethodno o\u010di\u0161\u0107enu i osu\u0161enu povr\u0161inu, jer se jedino tako osigurava duboko prodiranje brtve, \u010dime se posti\u017ee optimalan dugotrajan i dubinski u\u010dinak.<\/li>\n<\/ul>\n\n\n\n<ul class=\"wp-block-list\">\n<li>Brtvljenje se ravnomjerno i tanko nanosi na podlogu dok povr\u0161ina ne postane mat vla\u017ena.<\/li>\n<\/ul>\n\n\n\n<ul class=\"wp-block-list\">\n<li>Nanosi se \u010detkom, pjenastim valjkom, krpom od mikrovlakana ili prskanjem.<\/li>\n<\/ul>\n\n\n\n<ul class=\"wp-block-list\">\n<li>Treba izbjegavati stvaranje lokvi. Vi\u0161ak hidroizolacijskog sredstva mora se ukloniti s podloge.<\/li>\n<\/ul>\n<\/div>\n\n\n\n<div class=\"wp-block-column is-layout-flow wp-block-column-is-layout-flow\">\n<ul class=\"wp-block-list\">\n<li>Nakon nano\u0161enja, <strong>V24 Monument Stone<\/strong> mora ostati u kontaktu s povr\u0161inom kao teku\u0107i film nekoliko sekundi.<\/li>\n<\/ul>\n\n\n\n<ul class=\"wp-block-list\">\n<li>Puna funkcionalnost dolazi nakon 48 sati su\u0161enja na sobnoj temperaturi. Dubinsko su\u0161enje tako\u0111er mo\u017ee varirati ovisno o podlozi.<\/li>\n<\/ul>\n\n\n\n<p>Detaljan opis primjene mo\u017eete prona\u0107i u na\u0161em podatkovnom listu<\/p>\n\n\n\n<p>Visoko u\u010dinkovito brtvljenje teku\u0107eg stakla za spomenike &#8211; kamene i betonske blokove.<\/p>\n\n\n\n<p>\u2713 Beton (proizvodi)<\/p>\n\n\n\n<p>\u2713 Kamen (\u010dlanci)<\/p>\n\n\n\n<p>\u2713 Sustavi plo\u010da i poplo\u010davanja<\/p>\n\n\n\n<p>\u2713 Kamenje za spomenike<\/p>\n<\/div>\n<\/div>\n","protected":false},"excerpt":{"rendered":"<p><strong>Teku\u0107e staklo za brtvljenje kamenih i betonskih povr\u0161ina koje odbija ulje, vodu i prljav\u0161tinu<\/strong><\/p>\n<p>\u2713 Dugotrajna za\u0161tita kroz vezivanje kemijskog supstrata<\/p>\n<p>\u2713 Izrazito odbija ulje, vodu i prljav\u0161tinu<\/p>\n<p>\u2713 Dugotrajna za\u0161tita na spomeni\u010dkom kamenu<\/p>\n<p>\u2713 Smanjenje rasta algi i mahovine<\/p>\n<p>\u2713 Neljepljivi u\u010dinak<\/p>\n","protected":false},"featured_media":18136,"template":"","meta":{"_acf_changed":false,"neve_meta_sidebar":"","neve_meta_container":"","neve_meta_enable_content_width":"","neve_meta_content_width":0,"neve_meta_title_alignment":"","neve_meta_author_avatar":"","neve_post_elements_order":"","neve_meta_disable_header":"","neve_meta_disable_footer":"","neve_meta_disable_title":"","neve_meta_reading_time":"","_surfaces":[],"_ver_product_tabs":[],"footnotes":""},"product_brand":[],"product_cat":[2430],"product_tag":[],"class_list":{"0":"post-24086","1":"product","2":"type-product","3":"status-publish","4":"has-post-thumbnail","6":"product_cat-brtvljenje-kamena-i-betona","8":"first","9":"onbackorder","10":"taxable","11":"shipping-taxable","12":"purchasable","13":"product-type-simple"},"acf":[],"yoast_head":"<!-- This site is optimized with the Yoast SEO Premium plugin v22.8 (Yoast SEO v27.5) - https:\/\/yoast.com\/product\/yoast-seo-premium-wordpress\/ -->\n<title>Spomeni\u010dki kamen - brtvilo za kamen i beton za teku\u0107e staklo - versiegelung24.com<\/title>\n<meta name=\"robots\" content=\"index, follow, max-snippet:-1, max-image-preview:large, max-video-preview:-1\" \/>\n<link rel=\"canonical\" href=\"https:\/\/www.versiegelung24.com\/hr\/brtvljenje-spomenika-kamena-kamena-i-betona-visokih-performansi.html\" \/>\n<meta property=\"og:locale\" content=\"hr_HR\" \/>\n<meta property=\"og:type\" content=\"article\" \/>\n<meta property=\"og:title\" content=\"Spomeni\u010dki kamen - brtvilo za kamen i beton za teku\u0107e staklo\" \/>\n<meta property=\"og:description\" content=\"Teku\u0107e staklo za brtvljenje kamenih i betonskih povr\u0161ina koje odbija ulje, vodu i prljav\u0161tinu \u2713 Dugotrajna za\u0161tita kroz vezivanje kemijskog supstrata \u2713 Izrazito odbija ulje, vodu i prljav\u0161tinu \u2713 Dugotrajna za\u0161tita na spomeni\u010dkom kamenu \u2713 Smanjenje rasta algi i mahovine \u2713 Neljepljivi u\u010dinak\" \/>\n<meta property=\"og:url\" content=\"https:\/\/www.versiegelung24.com\/hr\/brtvljenje-spomenika-kamena-kamena-i-betona-visokih-performansi.html\" \/>\n<meta property=\"og:site_name\" content=\"versiegelung24.com\" \/>\n<meta property=\"article:modified_time\" content=\"2025-03-20T08:53:53+00:00\" \/>\n<meta property=\"og:image\" content=\"https:\/\/www.versiegelung24.com\/wp-content\/uploads\/2020\/06\/produkt-3009-7637-1000-Monument-Stone-scaled.jpg\" \/>\n\t<meta property=\"og:image:width\" content=\"2560\" \/>\n\t<meta property=\"og:image:height\" content=\"2560\" \/>\n\t<meta property=\"og:image:type\" content=\"image\/jpeg\" \/>\n<meta name=\"twitter:card\" content=\"summary_large_image\" \/>\n<meta name=\"twitter:label1\" content=\"Price\" \/>\n\t<meta name=\"twitter:data1\" content=\"89,99&euro;\" \/>\n\t<meta name=\"twitter:label2\" content=\"Availability\" \/>\n\t<meta name=\"twitter:data2\" content=\"On backorder\" \/>\n<script type=\"application\/ld+json\" class=\"yoast-schema-graph\">{\"@context\":\"https:\\\/\\\/schema.org\",\"@graph\":[{\"@type\":\"WebPage\",\"@id\":\"https:\\\/\\\/www.versiegelung24.com\\\/hr\\\/brtvljenje-spomenika-kamena-kamena-i-betona-visokih-performansi.html\",\"url\":\"https:\\\/\\\/www.versiegelung24.com\\\/hr\\\/brtvljenje-spomenika-kamena-kamena-i-betona-visokih-performansi.html\",\"name\":\"Spomeni\u010dki kamen - brtvilo za kamen i beton za teku\u0107e staklo - versiegelung24.com\",\"isPartOf\":{\"@id\":\"https:\\\/\\\/www.versiegelung24.com\\\/hr\\\/#website\"},\"primaryImageOfPage\":{\"@id\":\"https:\\\/\\\/www.versiegelung24.com\\\/hr\\\/brtvljenje-spomenika-kamena-kamena-i-betona-visokih-performansi.html#primaryimage\"},\"image\":{\"@id\":\"https:\\\/\\\/www.versiegelung24.com\\\/hr\\\/brtvljenje-spomenika-kamena-kamena-i-betona-visokih-performansi.html#primaryimage\"},\"thumbnailUrl\":\"https:\\\/\\\/www.versiegelung24.com\\\/wp-content\\\/uploads\\\/2020\\\/06\\\/produkt-3009-7637-1000-Monument-Stone-scaled.jpg\",\"datePublished\":\"2021-08-02T20:23:32+00:00\",\"dateModified\":\"2025-03-20T08:53:53+00:00\",\"breadcrumb\":{\"@id\":\"https:\\\/\\\/www.versiegelung24.com\\\/hr\\\/brtvljenje-spomenika-kamena-kamena-i-betona-visokih-performansi.html#breadcrumb\"},\"inLanguage\":\"hr\",\"potentialAction\":[{\"@type\":\"ReadAction\",\"target\":[\"https:\\\/\\\/www.versiegelung24.com\\\/hr\\\/brtvljenje-spomenika-kamena-kamena-i-betona-visokih-performansi.html\"]}]},{\"@type\":\"ImageObject\",\"inLanguage\":\"hr\",\"@id\":\"https:\\\/\\\/www.versiegelung24.com\\\/hr\\\/brtvljenje-spomenika-kamena-kamena-i-betona-visokih-performansi.html#primaryimage\",\"url\":\"https:\\\/\\\/www.versiegelung24.com\\\/wp-content\\\/uploads\\\/2020\\\/06\\\/produkt-3009-7637-1000-Monument-Stone-scaled.jpg\",\"contentUrl\":\"https:\\\/\\\/www.versiegelung24.com\\\/wp-content\\\/uploads\\\/2020\\\/06\\\/produkt-3009-7637-1000-Monument-Stone-scaled.jpg\",\"width\":2560,\"height\":2560},{\"@type\":\"BreadcrumbList\",\"@id\":\"https:\\\/\\\/www.versiegelung24.com\\\/hr\\\/brtvljenje-spomenika-kamena-kamena-i-betona-visokih-performansi.html#breadcrumb\",\"itemListElement\":[{\"@type\":\"ListItem\",\"position\":1,\"name\":\"Po\u010detna stranica\",\"item\":\"https:\\\/\\\/www.versiegelung24.com\\\/hr\\\/ispred\\\/\"},{\"@type\":\"ListItem\",\"position\":2,\"name\":\"Du\u0107an\",\"item\":\"https:\\\/\\\/www.versiegelung24.com\\\/hr\\\/ducan\\\/\"},{\"@type\":\"ListItem\",\"position\":3,\"name\":\"Spomeni\u010dki kamen &#8211; brtvilo za kamen i beton za teku\u0107e staklo\"}]},{\"@type\":\"WebSite\",\"@id\":\"https:\\\/\\\/www.versiegelung24.com\\\/hr\\\/#website\",\"url\":\"https:\\\/\\\/www.versiegelung24.com\\\/hr\\\/\",\"name\":\"versiegelung24.com\",\"description\":\"Fl\u00fcssigglas-Versiegelung - Made in Germany\",\"publisher\":{\"@id\":\"https:\\\/\\\/www.versiegelung24.com\\\/hr\\\/#organization\"},\"potentialAction\":[{\"@type\":\"SearchAction\",\"target\":{\"@type\":\"EntryPoint\",\"urlTemplate\":\"https:\\\/\\\/www.versiegelung24.com\\\/hr\\\/?s={search_term_string}\"},\"query-input\":{\"@type\":\"PropertyValueSpecification\",\"valueRequired\":true,\"valueName\":\"search_term_string\"}}],\"inLanguage\":\"hr\"},{\"@type\":\"Organization\",\"@id\":\"https:\\\/\\\/www.versiegelung24.com\\\/hr\\\/#organization\",\"name\":\"versiegelung24\",\"url\":\"https:\\\/\\\/www.versiegelung24.com\\\/hr\\\/\",\"logo\":{\"@type\":\"ImageObject\",\"inLanguage\":\"hr\",\"@id\":\"https:\\\/\\\/www.versiegelung24.com\\\/hr\\\/#\\\/schema\\\/logo\\\/image\\\/\",\"url\":\"https:\\\/\\\/www.versiegelung24.com\\\/wp-content\\\/uploads\\\/2020\\\/04\\\/versiegelung24.png\",\"contentUrl\":\"https:\\\/\\\/www.versiegelung24.com\\\/wp-content\\\/uploads\\\/2020\\\/04\\\/versiegelung24.png\",\"width\":470,\"height\":102,\"caption\":\"versiegelung24\"},\"image\":{\"@id\":\"https:\\\/\\\/www.versiegelung24.com\\\/hr\\\/#\\\/schema\\\/logo\\\/image\\\/\"}}]}<\/script>\n<meta property=\"product:price:amount\" content=\"89.99\" \/>\n<meta property=\"product:price:currency\" content=\"EUR\" \/>\n<meta property=\"og:availability\" content=\"backorder\" \/>\n<meta property=\"product:availability\" content=\"available for order\" \/>\n<meta property=\"product:retailer_item_id\" content=\"3009-8637-1\" \/>\n<meta property=\"product:condition\" content=\"new\" \/>\n<!-- \/ Yoast SEO Premium plugin. -->","yoast_head_json":{"title":"Spomeni\u010dki kamen - brtvilo za kamen i beton za teku\u0107e staklo - versiegelung24.com","robots":{"index":"index","follow":"follow","max-snippet":"max-snippet:-1","max-image-preview":"max-image-preview:large","max-video-preview":"max-video-preview:-1"},"canonical":"https:\/\/www.versiegelung24.com\/hr\/brtvljenje-spomenika-kamena-kamena-i-betona-visokih-performansi.html","og_locale":"hr_HR","og_type":"article","og_title":"Spomeni\u010dki kamen - brtvilo za kamen i beton za teku\u0107e staklo","og_description":"Teku\u0107e staklo za brtvljenje kamenih i betonskih povr\u0161ina koje odbija ulje, vodu i prljav\u0161tinu \u2713 Dugotrajna za\u0161tita kroz vezivanje kemijskog supstrata \u2713 Izrazito odbija ulje, vodu i prljav\u0161tinu \u2713 Dugotrajna za\u0161tita na spomeni\u010dkom kamenu \u2713 Smanjenje rasta algi i mahovine \u2713 Neljepljivi u\u010dinak","og_url":"https:\/\/www.versiegelung24.com\/hr\/brtvljenje-spomenika-kamena-kamena-i-betona-visokih-performansi.html","og_site_name":"versiegelung24.com","article_modified_time":"2025-03-20T08:53:53+00:00","og_image":[{"width":2560,"height":2560,"url":"https:\/\/www.versiegelung24.com\/wp-content\/uploads\/2020\/06\/produkt-3009-7637-1000-Monument-Stone-scaled.jpg","type":"image\/jpeg"}],"twitter_card":"summary_large_image","twitter_misc":{"Price":"89,99&euro;","Availability":"On backorder"},"schema":{"@context":"https:\/\/schema.org","@graph":[{"@type":"WebPage","@id":"https:\/\/www.versiegelung24.com\/hr\/brtvljenje-spomenika-kamena-kamena-i-betona-visokih-performansi.html","url":"https:\/\/www.versiegelung24.com\/hr\/brtvljenje-spomenika-kamena-kamena-i-betona-visokih-performansi.html","name":"Spomeni\u010dki kamen - brtvilo za kamen i beton za teku\u0107e staklo - versiegelung24.com","isPartOf":{"@id":"https:\/\/www.versiegelung24.com\/hr\/#website"},"primaryImageOfPage":{"@id":"https:\/\/www.versiegelung24.com\/hr\/brtvljenje-spomenika-kamena-kamena-i-betona-visokih-performansi.html#primaryimage"},"image":{"@id":"https:\/\/www.versiegelung24.com\/hr\/brtvljenje-spomenika-kamena-kamena-i-betona-visokih-performansi.html#primaryimage"},"thumbnailUrl":"https:\/\/www.versiegelung24.com\/wp-content\/uploads\/2020\/06\/produkt-3009-7637-1000-Monument-Stone-scaled.jpg","datePublished":"2021-08-02T20:23:32+00:00","dateModified":"2025-03-20T08:53:53+00:00","breadcrumb":{"@id":"https:\/\/www.versiegelung24.com\/hr\/brtvljenje-spomenika-kamena-kamena-i-betona-visokih-performansi.html#breadcrumb"},"inLanguage":"hr","potentialAction":[{"@type":"ReadAction","target":["https:\/\/www.versiegelung24.com\/hr\/brtvljenje-spomenika-kamena-kamena-i-betona-visokih-performansi.html"]}]},{"@type":"ImageObject","inLanguage":"hr","@id":"https:\/\/www.versiegelung24.com\/hr\/brtvljenje-spomenika-kamena-kamena-i-betona-visokih-performansi.html#primaryimage","url":"https:\/\/www.versiegelung24.com\/wp-content\/uploads\/2020\/06\/produkt-3009-7637-1000-Monument-Stone-scaled.jpg","contentUrl":"https:\/\/www.versiegelung24.com\/wp-content\/uploads\/2020\/06\/produkt-3009-7637-1000-Monument-Stone-scaled.jpg","width":2560,"height":2560},{"@type":"BreadcrumbList","@id":"https:\/\/www.versiegelung24.com\/hr\/brtvljenje-spomenika-kamena-kamena-i-betona-visokih-performansi.html#breadcrumb","itemListElement":[{"@type":"ListItem","position":1,"name":"Po\u010detna stranica","item":"https:\/\/www.versiegelung24.com\/hr\/ispred\/"},{"@type":"ListItem","position":2,"name":"Du\u0107an","item":"https:\/\/www.versiegelung24.com\/hr\/ducan\/"},{"@type":"ListItem","position":3,"name":"Spomeni\u010dki kamen &#8211; brtvilo za kamen i beton za teku\u0107e staklo"}]},{"@type":"WebSite","@id":"https:\/\/www.versiegelung24.com\/hr\/#website","url":"https:\/\/www.versiegelung24.com\/hr\/","name":"versiegelung24.com","description":"Fl\u00fcssigglas-Versiegelung - Made in Germany","publisher":{"@id":"https:\/\/www.versiegelung24.com\/hr\/#organization"},"potentialAction":[{"@type":"SearchAction","target":{"@type":"EntryPoint","urlTemplate":"https:\/\/www.versiegelung24.com\/hr\/?s={search_term_string}"},"query-input":{"@type":"PropertyValueSpecification","valueRequired":true,"valueName":"search_term_string"}}],"inLanguage":"hr"},{"@type":"Organization","@id":"https:\/\/www.versiegelung24.com\/hr\/#organization","name":"versiegelung24","url":"https:\/\/www.versiegelung24.com\/hr\/","logo":{"@type":"ImageObject","inLanguage":"hr","@id":"https:\/\/www.versiegelung24.com\/hr\/#\/schema\/logo\/image\/","url":"https:\/\/www.versiegelung24.com\/wp-content\/uploads\/2020\/04\/versiegelung24.png","contentUrl":"https:\/\/www.versiegelung24.com\/wp-content\/uploads\/2020\/04\/versiegelung24.png","width":470,"height":102,"caption":"versiegelung24"},"image":{"@id":"https:\/\/www.versiegelung24.com\/hr\/#\/schema\/logo\/image\/"}}]},"product_price_amount":"89.99","product_price_currency":"EUR","og_availability":"backorder","product_availability":"available for order","product_retailer_item_id":"3009-8637-1","product_condition":"new"},"_links":{"self":[{"href":"https:\/\/www.versiegelung24.com\/hr\/wp-json\/wp\/v2\/product\/24086","targetHints":{"allow":["GET"]}}],"collection":[{"href":"https:\/\/www.versiegelung24.com\/hr\/wp-json\/wp\/v2\/product"}],"about":[{"href":"https:\/\/www.versiegelung24.com\/hr\/wp-json\/wp\/v2\/types\/product"}],"version-history":[{"count":29,"href":"https:\/\/www.versiegelung24.com\/hr\/wp-json\/wp\/v2\/product\/24086\/revisions"}],"predecessor-version":[{"id":181041,"href":"https:\/\/www.versiegelung24.com\/hr\/wp-json\/wp\/v2\/product\/24086\/revisions\/181041"}],"wp:featuredmedia":[{"embeddable":true,"href":"https:\/\/www.versiegelung24.com\/hr\/wp-json\/wp\/v2\/media\/18136"}],"wp:attachment":[{"href":"https:\/\/www.versiegelung24.com\/hr\/wp-json\/wp\/v2\/media?parent=24086"}],"wp:term":[{"taxonomy":"product_brand","embeddable":true,"href":"https:\/\/www.versiegelung24.com\/hr\/wp-json\/wp\/v2\/product_brand?post=24086"},{"taxonomy":"product_cat","embeddable":true,"href":"https:\/\/www.versiegelung24.com\/hr\/wp-json\/wp\/v2\/product_cat?post=24086"},{"taxonomy":"product_tag","embeddable":true,"href":"https:\/\/www.versiegelung24.com\/hr\/wp-json\/wp\/v2\/product_tag?post=24086"}],"curies":[{"name":"wp","href":"https:\/\/api.w.org\/{rel}","templated":true}]}}