{"id":24140,"date":"2020-04-04T18:53:46","date_gmt":"2021-08-02T20:28:21","guid":{"rendered":"https:\/\/www.versiegelung24.com\/produkt\/brtvljenje-mobitela-od-tekuceg-stakla-tekuci-zastitnik-zaslona"},"modified":"2025-01-06T15:11:00","modified_gmt":"2025-01-06T14:11:00","slug":"tekucina-staklo-mobitel-brtvljenje-tekucina-zastita-zaslona","status":"publish","type":"product","link":"https:\/\/www.versiegelung24.com\/hr\/tekucina-staklo-mobitel-brtvljenje-tekucina-zastita-zaslona.html","title":{"rendered":"Brtvljenje mobitela od teku\u0107eg stakla &#8211; teku\u0107i za\u0161titnik zaslona"},"content":{"rendered":"\n<p><strong>Vrlo u\u010dinkovit premaz od teku\u0107eg stakla za zaslone mobilnih telefona &#8211; nano -za\u0161tita od ogrebotina, bakterija, zra\u010denja, prljav\u0161tine i vlage<\/strong><\/p>\n\n<p>Visoka kvaliteta &#8211; proizvedeno u Njema\u010dkoj<\/p>\n\n<hr\/>\n\n<h4 class=\"wp-block-heading\" id=\"properties\">Zna\u010dajke proizvoda<\/h4>\n\n<div class=\"wp-block-columns is-layout-flex wp-container-core-columns-is-layout-9d6595d7 wp-block-columns-is-layout-flex\">\n<div class=\"wp-block-column is-layout-flow wp-block-column-is-layout-flow\">\n<ul class=\"wp-block-list\"><li>Vrlo jednostavno za nano\u0161enje<\/li><li>Pogodno za sve modele mobitela, tablete, pametne telefone. Uklju\u010duju\u0107i &#8220;Edge&#8221;<\/li><li>Potpuno bez mjehuri\u0107a i nevidljiv<\/li><li>Za\u0161tita od ogrebotina od mikro ogrebotina<\/li><li>Potpuno bez mjehuri\u0107a i nevidljiv<\/li><li>Inhibira rast bakterija<\/li><\/ul>\n<\/div>\n\n\n\n<div class=\"wp-block-column is-layout-flow wp-block-column-is-layout-flow\">\n<ul class=\"wp-block-list\" id=\"block-f0da57e8-d3f5-402c-8f3a-1888e700b7ff\"><li>Smanjuje otiske prstiju<\/li><li>Smanjuje gama zra\u010denje<\/li><li>Povr\u0161ina postaje vrlo laka za \u010di\u0161\u0107enje<\/li><li>Bez o\u0161te\u0107enja funkcija Touch &amp; Button, pomicanje postaje ugodnije<\/li><li>Mo\u017ee se \u010duvati mnogo mjeseci<\/li><\/ul>\n<\/div>\n<\/div>\n\n<p>Opseg isporuke:<\/p>\n\n<p>2 krpe za prethodno \u010di\u0161\u0107enje alkoholom i 2 brtvene krpe od teku\u0107eg stakla za zaslone osjetljive na dodir (staklo i plastika, svaki za pribli\u017eno 0,5 m\u00b2) 1 krpa od mikrovlakana, 2 za\u0161titne rukavice<\/p>\n","protected":false},"excerpt":{"rendered":"<p><strong>Dovoljno za 2 ure\u0111aja:<\/strong><\/p>\n<p>\u2713 Za\u0161tita za zaslon za brtvljenje mobitela od teku\u0107eg stakla<\/p>\n<p>\u2713 Nano premaz<\/p>\n<p>\u2713 100% bez mjehuri\u0107a.<\/p>\n","protected":false},"featured_media":13228,"template":"","meta":{"_acf_changed":false,"neve_meta_sidebar":"","neve_meta_container":"","neve_meta_enable_content_width":"","neve_meta_content_width":0,"neve_meta_title_alignment":"","neve_meta_author_avatar":"","neve_post_elements_order":"","neve_meta_disable_header":"","neve_meta_disable_footer":"","neve_meta_disable_title":"","neve_meta_reading_time":"","_surfaces":[],"_ver_product_tabs":[],"footnotes":""},"product_brand":[],"product_cat":[2303,2428],"product_tag":[],"class_list":{"0":"post-24140","1":"product","2":"type-product","3":"status-publish","4":"has-post-thumbnail","6":"product_cat-brtve-za-staklo-i-keramiku","7":"product_cat-brtvljenje-metala-i-plastike","9":"first","10":"instock","11":"taxable","12":"shipping-taxable","13":"purchasable","14":"product-type-simple"},"acf":[],"yoast_head":"<!-- This site is optimized with the Yoast SEO Premium plugin v22.8 (Yoast SEO v27.5) - https:\/\/yoast.com\/product\/yoast-seo-premium-wordpress\/ -->\n<title>Brtvljenje mobitela od teku\u0107eg stakla - teku\u0107i za\u0161titnik zaslona - versiegelung24.com<\/title>\n<meta name=\"robots\" content=\"index, follow, max-snippet:-1, max-image-preview:large, max-video-preview:-1\" \/>\n<link rel=\"canonical\" href=\"https:\/\/www.versiegelung24.com\/hr\/tekucina-staklo-mobitel-brtvljenje-tekucina-zastita-zaslona.html\" \/>\n<meta property=\"og:locale\" content=\"hr_HR\" \/>\n<meta property=\"og:type\" content=\"article\" \/>\n<meta property=\"og:title\" content=\"Brtvljenje mobitela od teku\u0107eg stakla - teku\u0107i za\u0161titnik zaslona\" \/>\n<meta property=\"og:description\" content=\"Dovoljno za 2 ure\u0111aja: \u2713 Za\u0161tita za zaslon za brtvljenje mobitela od teku\u0107eg stakla \u2713 Nano premaz \u2713 100% bez mjehuri\u0107a.\" \/>\n<meta property=\"og:url\" content=\"https:\/\/www.versiegelung24.com\/hr\/tekucina-staklo-mobitel-brtvljenje-tekucina-zastita-zaslona.html\" \/>\n<meta property=\"og:site_name\" content=\"versiegelung24.com\" \/>\n<meta property=\"article:modified_time\" content=\"2025-01-06T14:11:00+00:00\" \/>\n<meta property=\"og:image\" content=\"https:\/\/www.versiegelung24.com\/wp-content\/uploads\/2020\/04\/handy-versiegelung-web.jpg\" \/>\n\t<meta property=\"og:image:width\" content=\"1500\" \/>\n\t<meta property=\"og:image:height\" content=\"1500\" \/>\n\t<meta property=\"og:image:type\" content=\"image\/jpeg\" \/>\n<meta name=\"twitter:card\" content=\"summary_large_image\" \/>\n<meta name=\"twitter:label1\" content=\"Price\" \/>\n\t<meta name=\"twitter:data1\" content=\"9,99&euro;\" \/>\n\t<meta name=\"twitter:label2\" content=\"Availability\" \/>\n\t<meta name=\"twitter:data2\" content=\"In stock\" \/>\n<script type=\"application\/ld+json\" class=\"yoast-schema-graph\">{\"@context\":\"https:\\\/\\\/schema.org\",\"@graph\":[{\"@type\":\"WebPage\",\"@id\":\"https:\\\/\\\/www.versiegelung24.com\\\/hr\\\/tekucina-staklo-mobitel-brtvljenje-tekucina-zastita-zaslona.html\",\"url\":\"https:\\\/\\\/www.versiegelung24.com\\\/hr\\\/tekucina-staklo-mobitel-brtvljenje-tekucina-zastita-zaslona.html\",\"name\":\"Brtvljenje mobitela od teku\u0107eg stakla - teku\u0107i za\u0161titnik zaslona - versiegelung24.com\",\"isPartOf\":{\"@id\":\"https:\\\/\\\/www.versiegelung24.com\\\/hr\\\/#website\"},\"primaryImageOfPage\":{\"@id\":\"https:\\\/\\\/www.versiegelung24.com\\\/hr\\\/tekucina-staklo-mobitel-brtvljenje-tekucina-zastita-zaslona.html#primaryimage\"},\"image\":{\"@id\":\"https:\\\/\\\/www.versiegelung24.com\\\/hr\\\/tekucina-staklo-mobitel-brtvljenje-tekucina-zastita-zaslona.html#primaryimage\"},\"thumbnailUrl\":\"https:\\\/\\\/www.versiegelung24.com\\\/wp-content\\\/uploads\\\/2020\\\/04\\\/handy-versiegelung-web.jpg\",\"datePublished\":\"2021-08-02T20:28:21+00:00\",\"dateModified\":\"2025-01-06T14:11:00+00:00\",\"breadcrumb\":{\"@id\":\"https:\\\/\\\/www.versiegelung24.com\\\/hr\\\/tekucina-staklo-mobitel-brtvljenje-tekucina-zastita-zaslona.html#breadcrumb\"},\"inLanguage\":\"hr\",\"potentialAction\":[{\"@type\":\"ReadAction\",\"target\":[\"https:\\\/\\\/www.versiegelung24.com\\\/hr\\\/tekucina-staklo-mobitel-brtvljenje-tekucina-zastita-zaslona.html\"]}]},{\"@type\":\"ImageObject\",\"inLanguage\":\"hr\",\"@id\":\"https:\\\/\\\/www.versiegelung24.com\\\/hr\\\/tekucina-staklo-mobitel-brtvljenje-tekucina-zastita-zaslona.html#primaryimage\",\"url\":\"https:\\\/\\\/www.versiegelung24.com\\\/wp-content\\\/uploads\\\/2020\\\/04\\\/handy-versiegelung-web.jpg\",\"contentUrl\":\"https:\\\/\\\/www.versiegelung24.com\\\/wp-content\\\/uploads\\\/2020\\\/04\\\/handy-versiegelung-web.jpg\",\"width\":1500,\"height\":1500},{\"@type\":\"BreadcrumbList\",\"@id\":\"https:\\\/\\\/www.versiegelung24.com\\\/hr\\\/tekucina-staklo-mobitel-brtvljenje-tekucina-zastita-zaslona.html#breadcrumb\",\"itemListElement\":[{\"@type\":\"ListItem\",\"position\":1,\"name\":\"Po\u010detna stranica\",\"item\":\"https:\\\/\\\/www.versiegelung24.com\\\/hr\\\/ispred\\\/\"},{\"@type\":\"ListItem\",\"position\":2,\"name\":\"Du\u0107an\",\"item\":\"https:\\\/\\\/www.versiegelung24.com\\\/hr\\\/ducan\\\/\"},{\"@type\":\"ListItem\",\"position\":3,\"name\":\"Brtvljenje mobitela od teku\u0107eg stakla &#8211; teku\u0107i za\u0161titnik zaslona\"}]},{\"@type\":\"WebSite\",\"@id\":\"https:\\\/\\\/www.versiegelung24.com\\\/hr\\\/#website\",\"url\":\"https:\\\/\\\/www.versiegelung24.com\\\/hr\\\/\",\"name\":\"versiegelung24.com\",\"description\":\"Fl\u00fcssigglas-Versiegelung - Made in Germany\",\"publisher\":{\"@id\":\"https:\\\/\\\/www.versiegelung24.com\\\/hr\\\/#organization\"},\"potentialAction\":[{\"@type\":\"SearchAction\",\"target\":{\"@type\":\"EntryPoint\",\"urlTemplate\":\"https:\\\/\\\/www.versiegelung24.com\\\/hr\\\/?s={search_term_string}\"},\"query-input\":{\"@type\":\"PropertyValueSpecification\",\"valueRequired\":true,\"valueName\":\"search_term_string\"}}],\"inLanguage\":\"hr\"},{\"@type\":\"Organization\",\"@id\":\"https:\\\/\\\/www.versiegelung24.com\\\/hr\\\/#organization\",\"name\":\"versiegelung24\",\"url\":\"https:\\\/\\\/www.versiegelung24.com\\\/hr\\\/\",\"logo\":{\"@type\":\"ImageObject\",\"inLanguage\":\"hr\",\"@id\":\"https:\\\/\\\/www.versiegelung24.com\\\/hr\\\/#\\\/schema\\\/logo\\\/image\\\/\",\"url\":\"https:\\\/\\\/www.versiegelung24.com\\\/wp-content\\\/uploads\\\/2020\\\/04\\\/versiegelung24.png\",\"contentUrl\":\"https:\\\/\\\/www.versiegelung24.com\\\/wp-content\\\/uploads\\\/2020\\\/04\\\/versiegelung24.png\",\"width\":470,\"height\":102,\"caption\":\"versiegelung24\"},\"image\":{\"@id\":\"https:\\\/\\\/www.versiegelung24.com\\\/hr\\\/#\\\/schema\\\/logo\\\/image\\\/\"}}]}<\/script>\n<meta property=\"product:price:amount\" content=\"9.99\" \/>\n<meta property=\"product:price:currency\" content=\"EUR\" \/>\n<meta property=\"og:availability\" content=\"instock\" \/>\n<meta property=\"product:availability\" content=\"instock\" \/>\n<meta property=\"product:retailer_item_id\" content=\"4008-901\" \/>\n<meta property=\"product:condition\" content=\"new\" \/>\n<!-- \/ Yoast SEO Premium plugin. -->","yoast_head_json":{"title":"Brtvljenje mobitela od teku\u0107eg stakla - teku\u0107i za\u0161titnik zaslona - versiegelung24.com","robots":{"index":"index","follow":"follow","max-snippet":"max-snippet:-1","max-image-preview":"max-image-preview:large","max-video-preview":"max-video-preview:-1"},"canonical":"https:\/\/www.versiegelung24.com\/hr\/tekucina-staklo-mobitel-brtvljenje-tekucina-zastita-zaslona.html","og_locale":"hr_HR","og_type":"article","og_title":"Brtvljenje mobitela od teku\u0107eg stakla - teku\u0107i za\u0161titnik zaslona","og_description":"Dovoljno za 2 ure\u0111aja: \u2713 Za\u0161tita za zaslon za brtvljenje mobitela od teku\u0107eg stakla \u2713 Nano premaz \u2713 100% bez mjehuri\u0107a.","og_url":"https:\/\/www.versiegelung24.com\/hr\/tekucina-staklo-mobitel-brtvljenje-tekucina-zastita-zaslona.html","og_site_name":"versiegelung24.com","article_modified_time":"2025-01-06T14:11:00+00:00","og_image":[{"width":1500,"height":1500,"url":"https:\/\/www.versiegelung24.com\/wp-content\/uploads\/2020\/04\/handy-versiegelung-web.jpg","type":"image\/jpeg"}],"twitter_card":"summary_large_image","twitter_misc":{"Price":"9,99&euro;","Availability":"In stock"},"schema":{"@context":"https:\/\/schema.org","@graph":[{"@type":"WebPage","@id":"https:\/\/www.versiegelung24.com\/hr\/tekucina-staklo-mobitel-brtvljenje-tekucina-zastita-zaslona.html","url":"https:\/\/www.versiegelung24.com\/hr\/tekucina-staklo-mobitel-brtvljenje-tekucina-zastita-zaslona.html","name":"Brtvljenje mobitela od teku\u0107eg stakla - teku\u0107i za\u0161titnik zaslona - versiegelung24.com","isPartOf":{"@id":"https:\/\/www.versiegelung24.com\/hr\/#website"},"primaryImageOfPage":{"@id":"https:\/\/www.versiegelung24.com\/hr\/tekucina-staklo-mobitel-brtvljenje-tekucina-zastita-zaslona.html#primaryimage"},"image":{"@id":"https:\/\/www.versiegelung24.com\/hr\/tekucina-staklo-mobitel-brtvljenje-tekucina-zastita-zaslona.html#primaryimage"},"thumbnailUrl":"https:\/\/www.versiegelung24.com\/wp-content\/uploads\/2020\/04\/handy-versiegelung-web.jpg","datePublished":"2021-08-02T20:28:21+00:00","dateModified":"2025-01-06T14:11:00+00:00","breadcrumb":{"@id":"https:\/\/www.versiegelung24.com\/hr\/tekucina-staklo-mobitel-brtvljenje-tekucina-zastita-zaslona.html#breadcrumb"},"inLanguage":"hr","potentialAction":[{"@type":"ReadAction","target":["https:\/\/www.versiegelung24.com\/hr\/tekucina-staklo-mobitel-brtvljenje-tekucina-zastita-zaslona.html"]}]},{"@type":"ImageObject","inLanguage":"hr","@id":"https:\/\/www.versiegelung24.com\/hr\/tekucina-staklo-mobitel-brtvljenje-tekucina-zastita-zaslona.html#primaryimage","url":"https:\/\/www.versiegelung24.com\/wp-content\/uploads\/2020\/04\/handy-versiegelung-web.jpg","contentUrl":"https:\/\/www.versiegelung24.com\/wp-content\/uploads\/2020\/04\/handy-versiegelung-web.jpg","width":1500,"height":1500},{"@type":"BreadcrumbList","@id":"https:\/\/www.versiegelung24.com\/hr\/tekucina-staklo-mobitel-brtvljenje-tekucina-zastita-zaslona.html#breadcrumb","itemListElement":[{"@type":"ListItem","position":1,"name":"Po\u010detna stranica","item":"https:\/\/www.versiegelung24.com\/hr\/ispred\/"},{"@type":"ListItem","position":2,"name":"Du\u0107an","item":"https:\/\/www.versiegelung24.com\/hr\/ducan\/"},{"@type":"ListItem","position":3,"name":"Brtvljenje mobitela od teku\u0107eg stakla &#8211; teku\u0107i za\u0161titnik zaslona"}]},{"@type":"WebSite","@id":"https:\/\/www.versiegelung24.com\/hr\/#website","url":"https:\/\/www.versiegelung24.com\/hr\/","name":"versiegelung24.com","description":"Fl\u00fcssigglas-Versiegelung - Made in Germany","publisher":{"@id":"https:\/\/www.versiegelung24.com\/hr\/#organization"},"potentialAction":[{"@type":"SearchAction","target":{"@type":"EntryPoint","urlTemplate":"https:\/\/www.versiegelung24.com\/hr\/?s={search_term_string}"},"query-input":{"@type":"PropertyValueSpecification","valueRequired":true,"valueName":"search_term_string"}}],"inLanguage":"hr"},{"@type":"Organization","@id":"https:\/\/www.versiegelung24.com\/hr\/#organization","name":"versiegelung24","url":"https:\/\/www.versiegelung24.com\/hr\/","logo":{"@type":"ImageObject","inLanguage":"hr","@id":"https:\/\/www.versiegelung24.com\/hr\/#\/schema\/logo\/image\/","url":"https:\/\/www.versiegelung24.com\/wp-content\/uploads\/2020\/04\/versiegelung24.png","contentUrl":"https:\/\/www.versiegelung24.com\/wp-content\/uploads\/2020\/04\/versiegelung24.png","width":470,"height":102,"caption":"versiegelung24"},"image":{"@id":"https:\/\/www.versiegelung24.com\/hr\/#\/schema\/logo\/image\/"}}]},"product_price_amount":"9.99","product_price_currency":"EUR","og_availability":"instock","product_availability":"instock","product_retailer_item_id":"4008-901","product_condition":"new"},"_links":{"self":[{"href":"https:\/\/www.versiegelung24.com\/hr\/wp-json\/wp\/v2\/product\/24140","targetHints":{"allow":["GET"]}}],"collection":[{"href":"https:\/\/www.versiegelung24.com\/hr\/wp-json\/wp\/v2\/product"}],"about":[{"href":"https:\/\/www.versiegelung24.com\/hr\/wp-json\/wp\/v2\/types\/product"}],"version-history":[{"count":9,"href":"https:\/\/www.versiegelung24.com\/hr\/wp-json\/wp\/v2\/product\/24140\/revisions"}],"predecessor-version":[{"id":180179,"href":"https:\/\/www.versiegelung24.com\/hr\/wp-json\/wp\/v2\/product\/24140\/revisions\/180179"}],"wp:featuredmedia":[{"embeddable":true,"href":"https:\/\/www.versiegelung24.com\/hr\/wp-json\/wp\/v2\/media\/13228"}],"wp:attachment":[{"href":"https:\/\/www.versiegelung24.com\/hr\/wp-json\/wp\/v2\/media?parent=24140"}],"wp:term":[{"taxonomy":"product_brand","embeddable":true,"href":"https:\/\/www.versiegelung24.com\/hr\/wp-json\/wp\/v2\/product_brand?post=24140"},{"taxonomy":"product_cat","embeddable":true,"href":"https:\/\/www.versiegelung24.com\/hr\/wp-json\/wp\/v2\/product_cat?post=24140"},{"taxonomy":"product_tag","embeddable":true,"href":"https:\/\/www.versiegelung24.com\/hr\/wp-json\/wp\/v2\/product_tag?post=24140"}],"curies":[{"name":"wp","href":"https:\/\/api.w.org\/{rel}","templated":true}]}}