{"id":24360,"date":"2020-05-23T17:02:37","date_gmt":"2021-08-02T20:40:37","guid":{"rendered":"https:\/\/www.versiegelung24.com\/produkt\/dezinfekcijsko-sredstvo-za-ruke-dexan-kanister-od-5-litara"},"modified":"2025-01-13T16:40:56","modified_gmt":"2025-01-13T15:40:56","slug":"sredstvo-za-dezinfekciju-ruku-deksan-5-litarski-kanister","status":"publish","type":"product","link":"https:\/\/www.versiegelung24.com\/hr\/sredstvo-za-dezinfekciju-ruku-deksan-5-litarski-kanister.html","title":{"rendered":"Sredstvo za dezinfekciju ruku Dexan kanister od 5 litara"},"content":{"rendered":"\n<h2 class=\"wp-block-heading\" id=\"gebrauchsfertige-alkoholbasierte-handedesinfektion-mit-pflegekomponente-aloe-vera\">Dezinfekcija ruku na bazi alkohola s komponentama za njegu (aloe vera)<\/h2>\n\n<p>Ograni\u010deni virucidni (virusi s ovojnicom <strong>Uklju\u010duju\u0107i Koronavirus<\/strong>, HIV, HBV, HCV, gripa, herpes, virus ebole itd.)<\/p>\n\n<hr \/>\n\n<h4 class=\"wp-block-heading\" id=\"properties\">Zna\u010dajke proizvoda<\/h4>\n\n<div class=\"wp-block-columns is-layout-flex wp-container-core-columns-is-layout-9d6595d7 wp-block-columns-is-layout-flex\">\n<div class=\"wp-block-column is-layout-flow wp-block-column-is-layout-flow\">\n<p><strong>U\u010dinkovitost:<\/strong><br \/> Testirano prema europskim bolni\u010dkim standardima: EN 1040, EN 1275, EN 1276, EN 1500: 1 min; prEN 12054: 30s. Ograni\u010deni virucidni (virusi s ovojnicom uklju\u010duju\u0107i koronavirus, HIV, HBV, HCV, gripu, herpes, virus ebole itd.) Prema smjernicama DVV \/ RKI: 15 s.<\/p>\n<\/div>\n\n\n\n<div class=\"wp-block-column is-layout-flow wp-block-column-is-layout-flow\">\n<p><strong>Namjena kori\u0161tenja:<\/strong><br \/> Za higijensku dezinfekciju ruku.<\/p>\n\n\n\n<p>100g sadr\u017ei:<br \/> 50,0 g etanola, 10,0 g izopropanola, 0,10 g benzalkonijevog klorida, pro\u010di\u0161\u0107ena voda, ekstrakt aloe vere.<\/p>\n<\/div>\n<\/div>\n\n<hr \/>\n\n<h4 class=\"wp-block-heading\" id=\"application\">Primjena<\/h4>\n\n<p>Stavite dovoljno Dexana u suhu ruku s \u010da\u0161om tako da sva podru\u010dja ruku budu potpuno prekrivena pripravkom. Temeljito utrljajte u ruke, odr\u017eavajte ruke vla\u017enim tijekom trljanja.<\/p>\n\n<hr \/>\n\n<h4 class=\"wp-block-heading\" id=\"advisor\">savjetnik<\/h4>\n\n<p><strong>Obavijest o sigurnosti:<\/strong><br \/> Lako zapaljiva teku\u0107ina i para. Uzrokuje ozbiljnu iritaciju o\u010diju. Dr\u017eati podalje od topline, vru\u0107ih povr\u0161ina, iskri, otvorenog plamena i drugih vrsta izvora paljenja. Nemojte pu\u0161iti. Dr\u017eati spremnik dobro zatvoren. AKO DOSPE U O\u010cI: Oprezno ispirati vodom nekoliko minuta. Ako je mogu\u0107e, uklonite sve kontaktne le\u0107e. Nastavite s ispiranjem. \u010cuvati izvan dohvata djece. Biocid Reg No.: 75940. Pa\u017eljivo koristite sredstva za dezinfekciju. Prije uporabe uvijek pro\u010ditajte etiketu i informacije o proizvodu.<\/p>\n","protected":false},"excerpt":{"rendered":"<p><strong>Dezinfekcija ruku na bazi alkohola spremna za upotrebu:<\/strong><\/p>\n<p>\u2713 Sa komponentom za njegu (aloe vera)<\/p>\n<p>\u2713 Ograni\u010deno virucidno (virusi s omota\u010dem uklju\u010duju\u0107i koronavirus, HIV, HBV, HCV, gripu, herpes, virus ebole itd.)<\/p>\n","protected":false},"featured_media":15778,"template":"","meta":{"_acf_changed":false,"neve_meta_sidebar":"","neve_meta_container":"","neve_meta_enable_content_width":"","neve_meta_content_width":0,"neve_meta_title_alignment":"","neve_meta_author_avatar":"","neve_post_elements_order":"","neve_meta_disable_header":"","neve_meta_disable_footer":"","neve_meta_disable_title":"","neve_meta_reading_time":"","_surfaces":[],"_ver_product_tabs":[],"footnotes":""},"product_brand":[],"product_cat":[2284,2750],"product_tag":[],"class_list":{"0":"post-24360","1":"product","2":"type-product","3":"status-publish","4":"has-post-thumbnail","6":"product_cat-dezinficijensi","7":"product_cat-dezinfekcijsko-sredstvo-za-ruke","9":"first","10":"onbackorder","11":"taxable","12":"shipping-taxable","13":"purchasable","14":"product-type-simple"},"acf":[],"yoast_head":"<!-- This site is optimized with the Yoast SEO Premium plugin v22.8 (Yoast SEO v27.5) - https:\/\/yoast.com\/product\/yoast-seo-premium-wordpress\/ -->\n<title>Sredstvo za dezinfekciju ruku Dexan kanister od 5 litara - versiegelung24.com<\/title>\n<meta name=\"robots\" content=\"index, follow, max-snippet:-1, max-image-preview:large, max-video-preview:-1\" \/>\n<link rel=\"canonical\" href=\"https:\/\/www.versiegelung24.com\/hr\/sredstvo-za-dezinfekciju-ruku-deksan-5-litarski-kanister.html\" \/>\n<meta property=\"og:locale\" content=\"hr_HR\" \/>\n<meta property=\"og:type\" content=\"article\" \/>\n<meta property=\"og:title\" content=\"Sredstvo za dezinfekciju ruku Dexan kanister od 5 litara\" \/>\n<meta property=\"og:description\" content=\"Dezinfekcija ruku na bazi alkohola spremna za upotrebu: \u2713 Sa komponentom za njegu (aloe vera) \u2713 Ograni\u010deno virucidno (virusi s omota\u010dem uklju\u010duju\u0107i koronavirus, HIV, HBV, HCV, gripu, herpes, virus ebole itd.)\" \/>\n<meta property=\"og:url\" content=\"https:\/\/www.versiegelung24.com\/hr\/sredstvo-za-dezinfekciju-ruku-deksan-5-litarski-kanister.html\" \/>\n<meta property=\"og:site_name\" content=\"versiegelung24.com\" \/>\n<meta property=\"article:modified_time\" content=\"2025-01-13T15:40:56+00:00\" \/>\n<meta property=\"og:image\" content=\"https:\/\/www.versiegelung24.com\/wp-content\/uploads\/2020\/05\/dexan-5000ml-1.png\" \/>\n\t<meta property=\"og:image:width\" content=\"2000\" \/>\n\t<meta property=\"og:image:height\" content=\"2000\" \/>\n\t<meta property=\"og:image:type\" content=\"image\/png\" \/>\n<meta name=\"twitter:card\" content=\"summary_large_image\" \/>\n<meta name=\"twitter:label1\" content=\"Price\" \/>\n\t<meta name=\"twitter:data1\" content=\"99,00&euro;\" \/>\n\t<meta name=\"twitter:label2\" content=\"Availability\" \/>\n\t<meta name=\"twitter:data2\" content=\"On backorder\" \/>\n<script type=\"application\/ld+json\" class=\"yoast-schema-graph\">{\"@context\":\"https:\\\/\\\/schema.org\",\"@graph\":[{\"@type\":\"WebPage\",\"@id\":\"https:\\\/\\\/www.versiegelung24.com\\\/hr\\\/sredstvo-za-dezinfekciju-ruku-deksan-5-litarski-kanister.html\",\"url\":\"https:\\\/\\\/www.versiegelung24.com\\\/hr\\\/sredstvo-za-dezinfekciju-ruku-deksan-5-litarski-kanister.html\",\"name\":\"Sredstvo za dezinfekciju ruku Dexan kanister od 5 litara - versiegelung24.com\",\"isPartOf\":{\"@id\":\"https:\\\/\\\/www.versiegelung24.com\\\/hr\\\/#website\"},\"primaryImageOfPage\":{\"@id\":\"https:\\\/\\\/www.versiegelung24.com\\\/hr\\\/sredstvo-za-dezinfekciju-ruku-deksan-5-litarski-kanister.html#primaryimage\"},\"image\":{\"@id\":\"https:\\\/\\\/www.versiegelung24.com\\\/hr\\\/sredstvo-za-dezinfekciju-ruku-deksan-5-litarski-kanister.html#primaryimage\"},\"thumbnailUrl\":\"https:\\\/\\\/www.versiegelung24.com\\\/wp-content\\\/uploads\\\/2020\\\/05\\\/dexan-5000ml-1.png\",\"datePublished\":\"2021-08-02T20:40:37+00:00\",\"dateModified\":\"2025-01-13T15:40:56+00:00\",\"breadcrumb\":{\"@id\":\"https:\\\/\\\/www.versiegelung24.com\\\/hr\\\/sredstvo-za-dezinfekciju-ruku-deksan-5-litarski-kanister.html#breadcrumb\"},\"inLanguage\":\"hr\",\"potentialAction\":[{\"@type\":\"ReadAction\",\"target\":[\"https:\\\/\\\/www.versiegelung24.com\\\/hr\\\/sredstvo-za-dezinfekciju-ruku-deksan-5-litarski-kanister.html\"]}]},{\"@type\":\"ImageObject\",\"inLanguage\":\"hr\",\"@id\":\"https:\\\/\\\/www.versiegelung24.com\\\/hr\\\/sredstvo-za-dezinfekciju-ruku-deksan-5-litarski-kanister.html#primaryimage\",\"url\":\"https:\\\/\\\/www.versiegelung24.com\\\/wp-content\\\/uploads\\\/2020\\\/05\\\/dexan-5000ml-1.png\",\"contentUrl\":\"https:\\\/\\\/www.versiegelung24.com\\\/wp-content\\\/uploads\\\/2020\\\/05\\\/dexan-5000ml-1.png\",\"width\":2000,\"height\":2000},{\"@type\":\"BreadcrumbList\",\"@id\":\"https:\\\/\\\/www.versiegelung24.com\\\/hr\\\/sredstvo-za-dezinfekciju-ruku-deksan-5-litarski-kanister.html#breadcrumb\",\"itemListElement\":[{\"@type\":\"ListItem\",\"position\":1,\"name\":\"Po\u010detna stranica\",\"item\":\"https:\\\/\\\/www.versiegelung24.com\\\/hr\\\/ispred\\\/\"},{\"@type\":\"ListItem\",\"position\":2,\"name\":\"Du\u0107an\",\"item\":\"https:\\\/\\\/www.versiegelung24.com\\\/hr\\\/ducan\\\/\"},{\"@type\":\"ListItem\",\"position\":3,\"name\":\"Sredstvo za dezinfekciju ruku Dexan kanister od 5 litara\"}]},{\"@type\":\"WebSite\",\"@id\":\"https:\\\/\\\/www.versiegelung24.com\\\/hr\\\/#website\",\"url\":\"https:\\\/\\\/www.versiegelung24.com\\\/hr\\\/\",\"name\":\"versiegelung24.com\",\"description\":\"Fl\u00fcssigglas-Versiegelung - Made in Germany\",\"publisher\":{\"@id\":\"https:\\\/\\\/www.versiegelung24.com\\\/hr\\\/#organization\"},\"potentialAction\":[{\"@type\":\"SearchAction\",\"target\":{\"@type\":\"EntryPoint\",\"urlTemplate\":\"https:\\\/\\\/www.versiegelung24.com\\\/hr\\\/?s={search_term_string}\"},\"query-input\":{\"@type\":\"PropertyValueSpecification\",\"valueRequired\":true,\"valueName\":\"search_term_string\"}}],\"inLanguage\":\"hr\"},{\"@type\":\"Organization\",\"@id\":\"https:\\\/\\\/www.versiegelung24.com\\\/hr\\\/#organization\",\"name\":\"versiegelung24\",\"url\":\"https:\\\/\\\/www.versiegelung24.com\\\/hr\\\/\",\"logo\":{\"@type\":\"ImageObject\",\"inLanguage\":\"hr\",\"@id\":\"https:\\\/\\\/www.versiegelung24.com\\\/hr\\\/#\\\/schema\\\/logo\\\/image\\\/\",\"url\":\"https:\\\/\\\/www.versiegelung24.com\\\/wp-content\\\/uploads\\\/2020\\\/04\\\/versiegelung24.png\",\"contentUrl\":\"https:\\\/\\\/www.versiegelung24.com\\\/wp-content\\\/uploads\\\/2020\\\/04\\\/versiegelung24.png\",\"width\":470,\"height\":102,\"caption\":\"versiegelung24\"},\"image\":{\"@id\":\"https:\\\/\\\/www.versiegelung24.com\\\/hr\\\/#\\\/schema\\\/logo\\\/image\\\/\"}}]}<\/script>\n<meta property=\"product:price:amount\" content=\"99.00\" \/>\n<meta property=\"product:price:currency\" content=\"EUR\" \/>\n<meta property=\"og:availability\" content=\"backorder\" \/>\n<meta property=\"product:availability\" content=\"available for order\" \/>\n<meta property=\"product:retailer_item_id\" content=\"dexan-5000\" \/>\n<meta property=\"product:condition\" content=\"new\" \/>\n<!-- \/ Yoast SEO Premium plugin. -->","yoast_head_json":{"title":"Sredstvo za dezinfekciju ruku Dexan kanister od 5 litara - versiegelung24.com","robots":{"index":"index","follow":"follow","max-snippet":"max-snippet:-1","max-image-preview":"max-image-preview:large","max-video-preview":"max-video-preview:-1"},"canonical":"https:\/\/www.versiegelung24.com\/hr\/sredstvo-za-dezinfekciju-ruku-deksan-5-litarski-kanister.html","og_locale":"hr_HR","og_type":"article","og_title":"Sredstvo za dezinfekciju ruku Dexan kanister od 5 litara","og_description":"Dezinfekcija ruku na bazi alkohola spremna za upotrebu: \u2713 Sa komponentom za njegu (aloe vera) \u2713 Ograni\u010deno virucidno (virusi s omota\u010dem uklju\u010duju\u0107i koronavirus, HIV, HBV, HCV, gripu, herpes, virus ebole itd.)","og_url":"https:\/\/www.versiegelung24.com\/hr\/sredstvo-za-dezinfekciju-ruku-deksan-5-litarski-kanister.html","og_site_name":"versiegelung24.com","article_modified_time":"2025-01-13T15:40:56+00:00","og_image":[{"width":2000,"height":2000,"url":"https:\/\/www.versiegelung24.com\/wp-content\/uploads\/2020\/05\/dexan-5000ml-1.png","type":"image\/png"}],"twitter_card":"summary_large_image","twitter_misc":{"Price":"99,00&euro;","Availability":"On backorder"},"schema":{"@context":"https:\/\/schema.org","@graph":[{"@type":"WebPage","@id":"https:\/\/www.versiegelung24.com\/hr\/sredstvo-za-dezinfekciju-ruku-deksan-5-litarski-kanister.html","url":"https:\/\/www.versiegelung24.com\/hr\/sredstvo-za-dezinfekciju-ruku-deksan-5-litarski-kanister.html","name":"Sredstvo za dezinfekciju ruku Dexan kanister od 5 litara - versiegelung24.com","isPartOf":{"@id":"https:\/\/www.versiegelung24.com\/hr\/#website"},"primaryImageOfPage":{"@id":"https:\/\/www.versiegelung24.com\/hr\/sredstvo-za-dezinfekciju-ruku-deksan-5-litarski-kanister.html#primaryimage"},"image":{"@id":"https:\/\/www.versiegelung24.com\/hr\/sredstvo-za-dezinfekciju-ruku-deksan-5-litarski-kanister.html#primaryimage"},"thumbnailUrl":"https:\/\/www.versiegelung24.com\/wp-content\/uploads\/2020\/05\/dexan-5000ml-1.png","datePublished":"2021-08-02T20:40:37+00:00","dateModified":"2025-01-13T15:40:56+00:00","breadcrumb":{"@id":"https:\/\/www.versiegelung24.com\/hr\/sredstvo-za-dezinfekciju-ruku-deksan-5-litarski-kanister.html#breadcrumb"},"inLanguage":"hr","potentialAction":[{"@type":"ReadAction","target":["https:\/\/www.versiegelung24.com\/hr\/sredstvo-za-dezinfekciju-ruku-deksan-5-litarski-kanister.html"]}]},{"@type":"ImageObject","inLanguage":"hr","@id":"https:\/\/www.versiegelung24.com\/hr\/sredstvo-za-dezinfekciju-ruku-deksan-5-litarski-kanister.html#primaryimage","url":"https:\/\/www.versiegelung24.com\/wp-content\/uploads\/2020\/05\/dexan-5000ml-1.png","contentUrl":"https:\/\/www.versiegelung24.com\/wp-content\/uploads\/2020\/05\/dexan-5000ml-1.png","width":2000,"height":2000},{"@type":"BreadcrumbList","@id":"https:\/\/www.versiegelung24.com\/hr\/sredstvo-za-dezinfekciju-ruku-deksan-5-litarski-kanister.html#breadcrumb","itemListElement":[{"@type":"ListItem","position":1,"name":"Po\u010detna stranica","item":"https:\/\/www.versiegelung24.com\/hr\/ispred\/"},{"@type":"ListItem","position":2,"name":"Du\u0107an","item":"https:\/\/www.versiegelung24.com\/hr\/ducan\/"},{"@type":"ListItem","position":3,"name":"Sredstvo za dezinfekciju ruku Dexan kanister od 5 litara"}]},{"@type":"WebSite","@id":"https:\/\/www.versiegelung24.com\/hr\/#website","url":"https:\/\/www.versiegelung24.com\/hr\/","name":"versiegelung24.com","description":"Fl\u00fcssigglas-Versiegelung - Made in Germany","publisher":{"@id":"https:\/\/www.versiegelung24.com\/hr\/#organization"},"potentialAction":[{"@type":"SearchAction","target":{"@type":"EntryPoint","urlTemplate":"https:\/\/www.versiegelung24.com\/hr\/?s={search_term_string}"},"query-input":{"@type":"PropertyValueSpecification","valueRequired":true,"valueName":"search_term_string"}}],"inLanguage":"hr"},{"@type":"Organization","@id":"https:\/\/www.versiegelung24.com\/hr\/#organization","name":"versiegelung24","url":"https:\/\/www.versiegelung24.com\/hr\/","logo":{"@type":"ImageObject","inLanguage":"hr","@id":"https:\/\/www.versiegelung24.com\/hr\/#\/schema\/logo\/image\/","url":"https:\/\/www.versiegelung24.com\/wp-content\/uploads\/2020\/04\/versiegelung24.png","contentUrl":"https:\/\/www.versiegelung24.com\/wp-content\/uploads\/2020\/04\/versiegelung24.png","width":470,"height":102,"caption":"versiegelung24"},"image":{"@id":"https:\/\/www.versiegelung24.com\/hr\/#\/schema\/logo\/image\/"}}]},"product_price_amount":"99.00","product_price_currency":"EUR","og_availability":"backorder","product_availability":"available for order","product_retailer_item_id":"dexan-5000","product_condition":"new"},"_links":{"self":[{"href":"https:\/\/www.versiegelung24.com\/hr\/wp-json\/wp\/v2\/product\/24360","targetHints":{"allow":["GET"]}}],"collection":[{"href":"https:\/\/www.versiegelung24.com\/hr\/wp-json\/wp\/v2\/product"}],"about":[{"href":"https:\/\/www.versiegelung24.com\/hr\/wp-json\/wp\/v2\/types\/product"}],"version-history":[{"count":11,"href":"https:\/\/www.versiegelung24.com\/hr\/wp-json\/wp\/v2\/product\/24360\/revisions"}],"predecessor-version":[{"id":180615,"href":"https:\/\/www.versiegelung24.com\/hr\/wp-json\/wp\/v2\/product\/24360\/revisions\/180615"}],"wp:featuredmedia":[{"embeddable":true,"href":"https:\/\/www.versiegelung24.com\/hr\/wp-json\/wp\/v2\/media\/15778"}],"wp:attachment":[{"href":"https:\/\/www.versiegelung24.com\/hr\/wp-json\/wp\/v2\/media?parent=24360"}],"wp:term":[{"taxonomy":"product_brand","embeddable":true,"href":"https:\/\/www.versiegelung24.com\/hr\/wp-json\/wp\/v2\/product_brand?post=24360"},{"taxonomy":"product_cat","embeddable":true,"href":"https:\/\/www.versiegelung24.com\/hr\/wp-json\/wp\/v2\/product_cat?post=24360"},{"taxonomy":"product_tag","embeddable":true,"href":"https:\/\/www.versiegelung24.com\/hr\/wp-json\/wp\/v2\/product_tag?post=24360"}],"curies":[{"name":"wp","href":"https:\/\/api.w.org\/{rel}","templated":true}]}}