{"id":24616,"date":"2020-04-27T22:20:08","date_gmt":"2021-08-02T20:50:39","guid":{"rendered":"https:\/\/www.versiegelung24.com\/produkt\/wb-rapid-on-brtvilo-i-finiser-za-automobilske-boje-u-dubokom-sjaju"},"modified":"2025-01-04T00:02:48","modified_gmt":"2025-01-03T23:02:48","slug":"wb-rapid-on-deep-gloss-autolack-brtve-finisher","status":"publish","type":"product","link":"https:\/\/www.versiegelung24.com\/hr\/wb-rapid-on-deep-gloss-autolack-brtve-finisher.html","title":{"rendered":"WB Rapid On &#8211; brtvilo i fini\u0161er za automobilske boje u dubokom sjaju"},"content":{"rendered":"\n<p><strong>WB Rapid On: vrhunsko sredstvo za brtvljenje i zavr\u0161nu obradu dubokog sjaja, idealno za automobilske boje &#8211;<\/strong> <strong><em>na bazi vode &#8211; brzo nano\u0161enje<\/em><\/strong><\/p>\n\n<p>Primjenjivo kao \u201ezavr\u0161etak\u201c za<a href=\"https:\/\/www.versiegelung24.com\/muster-permanent-protector\/\"> Permanent Protector vrhunski kerami\u010dki premaz<\/a> ili<a href=\"https:\/\/www.versiegelung24.com\/autolack-spezial-politur-versiegelung-2in1\/\"> Boja za automobile specijalno poliranje i brtvljenje 2u1<\/a> .<\/p>\n\n<p>Broj stavke: 5002-7654<\/p>\n\n<p>Visoka kvaliteta Made in Germany<\/p>\n\n<p><strong>V24 WB Rapid On &#8211; brtvilo i fini\u0161er za automobilske boje u dubokom sjaju<\/strong> stvara ultra tanki sloj na povr\u0161ini elektrostati\u010dkim povezivanjem milijardi si\u0107u\u0161nih molekula silicija, usporedivo s u\u010dinkom si\u0107u\u0161nih magneta koji se me\u0111usobno vezuju i za podlogu. Kao rezultat toga, mikroskopske pore i kapilare su zape\u010da\u0107ene, a \u010destice prljav\u0161tine i druge ne\u010disto\u0107e vi\u0161e se ne mogu lijepiti za sada mnogo glatkiji sloj. To \u010dini povr\u0161ine mnogo lak\u0161im za \u010di\u0161\u0107enje (\u201elako se \u010disti\u201c), vodoodbojnim (hidrofobnim) i u\u010dinkom visokog sjaja.<\/p>\n\n<hr\/>\n\n<h4 class=\"wp-block-heading\" id=\"properties\">Zna\u010dajke proizvoda<\/h4>\n\n<div class=\"wp-block-columns is-layout-flex wp-container-core-columns-is-layout-9d6595d7 wp-block-columns-is-layout-flex\">\n<div class=\"wp-block-column is-layout-flow wp-block-column-is-layout-flow\">\n<ul class=\"wp-block-list\">\n<li>U\u010dinak visokog sjaja<\/li>\n\n\n\n<li>Mo\u017ee se kombinirati kao fini\u0161er dubokog sjaja za na\u0161e dugotrajne brtve<\/li>\n\n\n\n<li>Izvrstan u\u010dinak lakog \u010di\u0161\u0107enja za prljav\u0161tinu, npr. Od pti\u010djeg izmeta, insekata i drugih agresivnih mrlja, povr\u0161ine se prljaju mnogo sporije<\/li>\n\n\n\n<li>Sna\u017ean hidrofobni u\u010dinak (vodootpornost)<\/li>\n\n\n\n<li>SiO\u00b2 nano tehnologija<\/li>\n\n\n\n<li>Na bazi vode, bez otapala i bez mirisa<\/li>\n\n\n\n<li>Kemijski otporan na sredstva za \u010di\u0161\u0107enje (do pH 10)<\/li>\n\n\n\n<li>Jednostavna primjena<\/li>\n\n\n\n<li>Stabilnija veza od pripravaka na bazi voska ili silikonskog ulja<\/li>\n\n\n\n<li>UV-stabilan \/ otporan na mraz \/ otporan na slanu vodu \/ nevidljiv (debljina sloja: 40-50nm)<\/li>\n\n\n\n<li>U\u0161teda tro\u0161kova, vremena i energije kroz produ\u017eene cikluse \u010di\u0161\u0107enja<\/li>\n<\/ul>\n<\/div>\n\n\n\n<div class=\"wp-block-column is-layout-flow wp-block-column-is-layout-flow\">\n<ul id=\"block-cb512caf-6c3b-4dfc-8f82-809b2295b24e\" class=\"wp-block-list\">\n<li>Netoksi\u010dan i nezapaljiv<\/li>\n\n\n\n<li>Rok trajanja: 3 &#8211; 6 mjeseci (ovisno o upotrebi)<\/li>\n\n\n\n<li>Svilenkasto glatka povr\u0161ina, vrlo dobar osje\u0107aj<\/li>\n\n\n\n<li>Otporan na gotovo sve kiseline, otapala i alkalna sredstva za \u010di\u0161\u0107enje u ku\u0107anstvu<\/li>\n\n\n\n<li>Mnogo stabilniji od voskova ili proizvoda na bazi silikonskog ulja<\/li>\n\n\n\n<li>Lako biorazgradiv (prema kriterijima OECD -a)<\/li>\n\n\n\n<li>Visoka otpornost na habanje protiv \u010destica koje se prenose vjetrom<\/li>\n\n\n\n<li>Otporno na temperature od -40 do + 200 \u00b0 C<\/li>\n\n\n\n<li>ph otporan od 1-10<\/li>\n\n\n\n<li>Nije citotoksi\u010dno prema ISO 10993-5 + 12<\/li>\n\n\n\n<li>Gusto\u0107a cca 1,00 g \/ cm\u00b3<\/li>\n\n\n\n<li>Debljina sloja: pribli\u017eno 40-50nm<\/li>\n\n\n\n<li>Bez VOC -a (bez opasnih tvari)<\/li>\n\n\n\n<li>Jaka svojstva protiv ljepljenja (povr\u0161ine se prljaju mnogo sporije)<\/li>\n<\/ul>\n<\/div>\n<\/div>\n\n<div class=\"wp-block-columns is-layout-flex wp-container-core-columns-is-layout-9d6595d7 wp-block-columns-is-layout-flex\">\n<div class=\"wp-block-column is-layout-flow wp-block-column-is-layout-flow\">\n<p><strong>Kratke karakteristike<\/strong><br\/> Temperatura primjene: 0 \u2013 45\u00b0C<br\/> m\u00b2 po litri: 100 m\u00b2<br\/> Rok trajanja pe\u010data: 3-6 mjeseci<br\/> Rok trajanja teku\u0107ine: do 1 godine<br\/> Temperatura skladi\u0161tenja: 0 \u2013 30\u00b0C (za\u0161ti\u0107eno od sunca)<br\/> Vrijeme su\u0161enja: 5 minuta, povr\u0161ina se mo\u017ee koristiti odmah<\/p>\n\n\n\n<p><strong>Opseg isporuke<\/strong> :<br\/> 1 x boca od litre<br\/> 1 x Opis proizvoda<\/p>\n<\/div>\n\n\n\n<div class=\"wp-block-column is-layout-flow wp-block-column-is-layout-flow\">\n<p><strong>Testovi<\/strong><br\/> SMI test sendvi\u010d test korozije, prema ASTM F 1110<br\/> Test pucanja akrila, prema ASTM F 484<br\/> Test omek\u0161avanja boje tipa C, prema ASTM F 502<br\/> Test vodikove krtosti, prema ASTM F 519-93<\/p>\n\n\n\n<p>Boeing certificiran<br\/> DuPont\u2122 Marine Finishes: <strong>WB Rapid On \u2013 Deep Gloss Sealant &amp; Finisher<\/strong> testiran je u sektoru jahti na DuPont\u2122 Marine Finishes Topgloss SF i DP6940 Imron\u00ae Super Flow HS Clear Coat. Nije uo\u010den negativan u\u010dinak na premaze.<\/p>\n\n\n\n<p>Broj carinske tarife: 3402 9090, nema opasnih tvari (NDG)<\/p>\n<\/div>\n<\/div>\n\n<hr\/>\n\n<h4 class=\"wp-block-heading\" id=\"application\">Primjena<\/h4>\n\n<p><strong>V24 WB Rapid On &#8211; brtvilo i fini\u0161er za automobilske boje u dubokom sjaju<\/strong> mo\u017ee se optimalno primijeniti na<strong> :<\/strong><\/p>\n\n<p>\u2022 Boja za automobile (kao samo brtvilo ili kao &#8220;fini\u0161&#8221; na na\u0161im brtvilima 640 i 660, s jednom litrom mo\u017eete zabrtviti cca. 8-10 automobila)<br\/> \u2022 Dizanje<br\/> \u2022 u ku\u0107anstvu, npr. za tu\u0161 kabine, prozore i okvire vrata<br\/> \u2022 Povr\u0161ine od nehr\u0111aju\u0107eg \u010delika<br\/> \u2022 obojene i metalne povr\u0161ine<br\/> \u2022 Staklo<br\/> \u2022 sinteti\u010dki materijali<br\/> \u2022 Guma<br\/> \u2022 Chrome<br\/> \u2022 Viziri (viziri za skija\u0161e i motocikle, posebno ako treba izbjegavati brtvila na bazi otapala)<\/p>\n","protected":false},"excerpt":{"rendered":"<p><strong>Vrhunsko sredstvo za brtvljenje i zavr\u0161nu obradu dubokog sjaja<\/strong><\/p>\n<p>\u2713 idealan za auto boje<\/p>\n<p><em>\u2713<\/em> <em>na bazi vode &#8211; brzo na<\/em><\/p>\n","protected":false},"featured_media":18376,"template":"","meta":{"_acf_changed":false,"neve_meta_sidebar":"","neve_meta_container":"","neve_meta_enable_content_width":"","neve_meta_content_width":0,"neve_meta_title_alignment":"","neve_meta_author_avatar":"","neve_post_elements_order":"","neve_meta_disable_header":"","neve_meta_disable_footer":"","neve_meta_disable_title":"","neve_meta_reading_time":"","_surfaces":[],"_ver_product_tabs":[],"footnotes":""},"product_brand":[],"product_cat":[2188],"product_tag":[],"class_list":{"0":"post-24616","1":"product","2":"type-product","3":"status-publish","4":"has-post-thumbnail","6":"product_cat-brtvljenje-automobila","8":"first","9":"instock","10":"taxable","11":"shipping-taxable","12":"purchasable","13":"product-type-simple"},"acf":[],"yoast_head":"<!-- This site is optimized with the Yoast SEO Premium plugin v22.8 (Yoast SEO v27.5) - https:\/\/yoast.com\/product\/yoast-seo-premium-wordpress\/ -->\n<title>WB Rapid On - brtvilo i fini\u0161er za automobilske boje u dubokom sjaju - versiegelung24.com<\/title>\n<meta name=\"robots\" content=\"index, follow, max-snippet:-1, max-image-preview:large, max-video-preview:-1\" \/>\n<link rel=\"canonical\" href=\"https:\/\/www.versiegelung24.com\/hr\/wb-rapid-on-deep-gloss-autolack-brtve-finisher.html\" \/>\n<meta property=\"og:locale\" content=\"hr_HR\" \/>\n<meta property=\"og:type\" content=\"article\" \/>\n<meta property=\"og:title\" content=\"WB Rapid On - brtvilo i fini\u0161er za automobilske boje u dubokom sjaju\" \/>\n<meta property=\"og:description\" content=\"Vrhunsko sredstvo za brtvljenje i zavr\u0161nu obradu dubokog sjaja \u2713 idealan za auto boje \u2713 na bazi vode - brzo na\" \/>\n<meta property=\"og:url\" content=\"https:\/\/www.versiegelung24.com\/hr\/wb-rapid-on-deep-gloss-autolack-brtve-finisher.html\" \/>\n<meta property=\"og:site_name\" content=\"versiegelung24.com\" \/>\n<meta property=\"article:modified_time\" content=\"2025-01-03T23:02:48+00:00\" \/>\n<meta property=\"og:image\" content=\"https:\/\/www.versiegelung24.com\/wp-content\/uploads\/2020\/06\/produkt-5002-7654-1000-WB-Rapid-On-scaled.jpg\" \/>\n\t<meta property=\"og:image:width\" content=\"2560\" \/>\n\t<meta property=\"og:image:height\" content=\"2560\" \/>\n\t<meta property=\"og:image:type\" content=\"image\/jpeg\" \/>\n<meta name=\"twitter:card\" content=\"summary_large_image\" \/>\n<meta name=\"twitter:label1\" content=\"Price\" \/>\n\t<meta name=\"twitter:data1\" content=\"69,00&euro;\" \/>\n\t<meta name=\"twitter:label2\" content=\"Availability\" \/>\n\t<meta name=\"twitter:data2\" content=\"In stock\" \/>\n<script type=\"application\/ld+json\" class=\"yoast-schema-graph\">{\"@context\":\"https:\\\/\\\/schema.org\",\"@graph\":[{\"@type\":\"WebPage\",\"@id\":\"https:\\\/\\\/www.versiegelung24.com\\\/hr\\\/wb-rapid-on-deep-gloss-autolack-brtve-finisher.html\",\"url\":\"https:\\\/\\\/www.versiegelung24.com\\\/hr\\\/wb-rapid-on-deep-gloss-autolack-brtve-finisher.html\",\"name\":\"WB Rapid On - brtvilo i fini\u0161er za automobilske boje u dubokom sjaju - versiegelung24.com\",\"isPartOf\":{\"@id\":\"https:\\\/\\\/www.versiegelung24.com\\\/hr\\\/#website\"},\"primaryImageOfPage\":{\"@id\":\"https:\\\/\\\/www.versiegelung24.com\\\/hr\\\/wb-rapid-on-deep-gloss-autolack-brtve-finisher.html#primaryimage\"},\"image\":{\"@id\":\"https:\\\/\\\/www.versiegelung24.com\\\/hr\\\/wb-rapid-on-deep-gloss-autolack-brtve-finisher.html#primaryimage\"},\"thumbnailUrl\":\"https:\\\/\\\/www.versiegelung24.com\\\/wp-content\\\/uploads\\\/2020\\\/06\\\/produkt-5002-7654-1000-WB-Rapid-On-scaled.jpg\",\"datePublished\":\"2021-08-02T20:50:39+00:00\",\"dateModified\":\"2025-01-03T23:02:48+00:00\",\"breadcrumb\":{\"@id\":\"https:\\\/\\\/www.versiegelung24.com\\\/hr\\\/wb-rapid-on-deep-gloss-autolack-brtve-finisher.html#breadcrumb\"},\"inLanguage\":\"hr\",\"potentialAction\":[{\"@type\":\"ReadAction\",\"target\":[\"https:\\\/\\\/www.versiegelung24.com\\\/hr\\\/wb-rapid-on-deep-gloss-autolack-brtve-finisher.html\"]}]},{\"@type\":\"ImageObject\",\"inLanguage\":\"hr\",\"@id\":\"https:\\\/\\\/www.versiegelung24.com\\\/hr\\\/wb-rapid-on-deep-gloss-autolack-brtve-finisher.html#primaryimage\",\"url\":\"https:\\\/\\\/www.versiegelung24.com\\\/wp-content\\\/uploads\\\/2020\\\/06\\\/produkt-5002-7654-1000-WB-Rapid-On-scaled.jpg\",\"contentUrl\":\"https:\\\/\\\/www.versiegelung24.com\\\/wp-content\\\/uploads\\\/2020\\\/06\\\/produkt-5002-7654-1000-WB-Rapid-On-scaled.jpg\",\"width\":2560,\"height\":2560},{\"@type\":\"BreadcrumbList\",\"@id\":\"https:\\\/\\\/www.versiegelung24.com\\\/hr\\\/wb-rapid-on-deep-gloss-autolack-brtve-finisher.html#breadcrumb\",\"itemListElement\":[{\"@type\":\"ListItem\",\"position\":1,\"name\":\"Po\u010detna stranica\",\"item\":\"https:\\\/\\\/www.versiegelung24.com\\\/hr\\\/ispred\\\/\"},{\"@type\":\"ListItem\",\"position\":2,\"name\":\"Du\u0107an\",\"item\":\"https:\\\/\\\/www.versiegelung24.com\\\/hr\\\/ducan\\\/\"},{\"@type\":\"ListItem\",\"position\":3,\"name\":\"WB Rapid On &#8211; brtvilo i fini\u0161er za automobilske boje u dubokom sjaju\"}]},{\"@type\":\"WebSite\",\"@id\":\"https:\\\/\\\/www.versiegelung24.com\\\/hr\\\/#website\",\"url\":\"https:\\\/\\\/www.versiegelung24.com\\\/hr\\\/\",\"name\":\"versiegelung24.com\",\"description\":\"Fl\u00fcssigglas-Versiegelung - Made in Germany\",\"publisher\":{\"@id\":\"https:\\\/\\\/www.versiegelung24.com\\\/hr\\\/#organization\"},\"potentialAction\":[{\"@type\":\"SearchAction\",\"target\":{\"@type\":\"EntryPoint\",\"urlTemplate\":\"https:\\\/\\\/www.versiegelung24.com\\\/hr\\\/?s={search_term_string}\"},\"query-input\":{\"@type\":\"PropertyValueSpecification\",\"valueRequired\":true,\"valueName\":\"search_term_string\"}}],\"inLanguage\":\"hr\"},{\"@type\":\"Organization\",\"@id\":\"https:\\\/\\\/www.versiegelung24.com\\\/hr\\\/#organization\",\"name\":\"versiegelung24\",\"url\":\"https:\\\/\\\/www.versiegelung24.com\\\/hr\\\/\",\"logo\":{\"@type\":\"ImageObject\",\"inLanguage\":\"hr\",\"@id\":\"https:\\\/\\\/www.versiegelung24.com\\\/hr\\\/#\\\/schema\\\/logo\\\/image\\\/\",\"url\":\"https:\\\/\\\/www.versiegelung24.com\\\/wp-content\\\/uploads\\\/2020\\\/04\\\/versiegelung24.png\",\"contentUrl\":\"https:\\\/\\\/www.versiegelung24.com\\\/wp-content\\\/uploads\\\/2020\\\/04\\\/versiegelung24.png\",\"width\":470,\"height\":102,\"caption\":\"versiegelung24\"},\"image\":{\"@id\":\"https:\\\/\\\/www.versiegelung24.com\\\/hr\\\/#\\\/schema\\\/logo\\\/image\\\/\"}}]}<\/script>\n<meta property=\"product:price:amount\" content=\"69.00\" \/>\n<meta property=\"product:price:currency\" content=\"EUR\" \/>\n<meta property=\"og:availability\" content=\"instock\" \/>\n<meta property=\"product:availability\" content=\"instock\" \/>\n<meta property=\"product:retailer_item_id\" content=\"5002-7654-1000\" \/>\n<meta property=\"product:condition\" content=\"new\" \/>\n<!-- \/ Yoast SEO Premium plugin. -->","yoast_head_json":{"title":"WB Rapid On - brtvilo i fini\u0161er za automobilske boje u dubokom sjaju - versiegelung24.com","robots":{"index":"index","follow":"follow","max-snippet":"max-snippet:-1","max-image-preview":"max-image-preview:large","max-video-preview":"max-video-preview:-1"},"canonical":"https:\/\/www.versiegelung24.com\/hr\/wb-rapid-on-deep-gloss-autolack-brtve-finisher.html","og_locale":"hr_HR","og_type":"article","og_title":"WB Rapid On - brtvilo i fini\u0161er za automobilske boje u dubokom sjaju","og_description":"Vrhunsko sredstvo za brtvljenje i zavr\u0161nu obradu dubokog sjaja \u2713 idealan za auto boje \u2713 na bazi vode - brzo na","og_url":"https:\/\/www.versiegelung24.com\/hr\/wb-rapid-on-deep-gloss-autolack-brtve-finisher.html","og_site_name":"versiegelung24.com","article_modified_time":"2025-01-03T23:02:48+00:00","og_image":[{"width":2560,"height":2560,"url":"https:\/\/www.versiegelung24.com\/wp-content\/uploads\/2020\/06\/produkt-5002-7654-1000-WB-Rapid-On-scaled.jpg","type":"image\/jpeg"}],"twitter_card":"summary_large_image","twitter_misc":{"Price":"69,00&euro;","Availability":"In stock"},"schema":{"@context":"https:\/\/schema.org","@graph":[{"@type":"WebPage","@id":"https:\/\/www.versiegelung24.com\/hr\/wb-rapid-on-deep-gloss-autolack-brtve-finisher.html","url":"https:\/\/www.versiegelung24.com\/hr\/wb-rapid-on-deep-gloss-autolack-brtve-finisher.html","name":"WB Rapid On - brtvilo i fini\u0161er za automobilske boje u dubokom sjaju - versiegelung24.com","isPartOf":{"@id":"https:\/\/www.versiegelung24.com\/hr\/#website"},"primaryImageOfPage":{"@id":"https:\/\/www.versiegelung24.com\/hr\/wb-rapid-on-deep-gloss-autolack-brtve-finisher.html#primaryimage"},"image":{"@id":"https:\/\/www.versiegelung24.com\/hr\/wb-rapid-on-deep-gloss-autolack-brtve-finisher.html#primaryimage"},"thumbnailUrl":"https:\/\/www.versiegelung24.com\/wp-content\/uploads\/2020\/06\/produkt-5002-7654-1000-WB-Rapid-On-scaled.jpg","datePublished":"2021-08-02T20:50:39+00:00","dateModified":"2025-01-03T23:02:48+00:00","breadcrumb":{"@id":"https:\/\/www.versiegelung24.com\/hr\/wb-rapid-on-deep-gloss-autolack-brtve-finisher.html#breadcrumb"},"inLanguage":"hr","potentialAction":[{"@type":"ReadAction","target":["https:\/\/www.versiegelung24.com\/hr\/wb-rapid-on-deep-gloss-autolack-brtve-finisher.html"]}]},{"@type":"ImageObject","inLanguage":"hr","@id":"https:\/\/www.versiegelung24.com\/hr\/wb-rapid-on-deep-gloss-autolack-brtve-finisher.html#primaryimage","url":"https:\/\/www.versiegelung24.com\/wp-content\/uploads\/2020\/06\/produkt-5002-7654-1000-WB-Rapid-On-scaled.jpg","contentUrl":"https:\/\/www.versiegelung24.com\/wp-content\/uploads\/2020\/06\/produkt-5002-7654-1000-WB-Rapid-On-scaled.jpg","width":2560,"height":2560},{"@type":"BreadcrumbList","@id":"https:\/\/www.versiegelung24.com\/hr\/wb-rapid-on-deep-gloss-autolack-brtve-finisher.html#breadcrumb","itemListElement":[{"@type":"ListItem","position":1,"name":"Po\u010detna stranica","item":"https:\/\/www.versiegelung24.com\/hr\/ispred\/"},{"@type":"ListItem","position":2,"name":"Du\u0107an","item":"https:\/\/www.versiegelung24.com\/hr\/ducan\/"},{"@type":"ListItem","position":3,"name":"WB Rapid On &#8211; brtvilo i fini\u0161er za automobilske boje u dubokom sjaju"}]},{"@type":"WebSite","@id":"https:\/\/www.versiegelung24.com\/hr\/#website","url":"https:\/\/www.versiegelung24.com\/hr\/","name":"versiegelung24.com","description":"Fl\u00fcssigglas-Versiegelung - Made in Germany","publisher":{"@id":"https:\/\/www.versiegelung24.com\/hr\/#organization"},"potentialAction":[{"@type":"SearchAction","target":{"@type":"EntryPoint","urlTemplate":"https:\/\/www.versiegelung24.com\/hr\/?s={search_term_string}"},"query-input":{"@type":"PropertyValueSpecification","valueRequired":true,"valueName":"search_term_string"}}],"inLanguage":"hr"},{"@type":"Organization","@id":"https:\/\/www.versiegelung24.com\/hr\/#organization","name":"versiegelung24","url":"https:\/\/www.versiegelung24.com\/hr\/","logo":{"@type":"ImageObject","inLanguage":"hr","@id":"https:\/\/www.versiegelung24.com\/hr\/#\/schema\/logo\/image\/","url":"https:\/\/www.versiegelung24.com\/wp-content\/uploads\/2020\/04\/versiegelung24.png","contentUrl":"https:\/\/www.versiegelung24.com\/wp-content\/uploads\/2020\/04\/versiegelung24.png","width":470,"height":102,"caption":"versiegelung24"},"image":{"@id":"https:\/\/www.versiegelung24.com\/hr\/#\/schema\/logo\/image\/"}}]},"product_price_amount":"69.00","product_price_currency":"EUR","og_availability":"instock","product_availability":"instock","product_retailer_item_id":"5002-7654-1000","product_condition":"new"},"_links":{"self":[{"href":"https:\/\/www.versiegelung24.com\/hr\/wp-json\/wp\/v2\/product\/24616","targetHints":{"allow":["GET"]}}],"collection":[{"href":"https:\/\/www.versiegelung24.com\/hr\/wp-json\/wp\/v2\/product"}],"about":[{"href":"https:\/\/www.versiegelung24.com\/hr\/wp-json\/wp\/v2\/types\/product"}],"version-history":[{"count":10,"href":"https:\/\/www.versiegelung24.com\/hr\/wp-json\/wp\/v2\/product\/24616\/revisions"}],"predecessor-version":[{"id":174293,"href":"https:\/\/www.versiegelung24.com\/hr\/wp-json\/wp\/v2\/product\/24616\/revisions\/174293"}],"wp:featuredmedia":[{"embeddable":true,"href":"https:\/\/www.versiegelung24.com\/hr\/wp-json\/wp\/v2\/media\/18376"}],"wp:attachment":[{"href":"https:\/\/www.versiegelung24.com\/hr\/wp-json\/wp\/v2\/media?parent=24616"}],"wp:term":[{"taxonomy":"product_brand","embeddable":true,"href":"https:\/\/www.versiegelung24.com\/hr\/wp-json\/wp\/v2\/product_brand?post=24616"},{"taxonomy":"product_cat","embeddable":true,"href":"https:\/\/www.versiegelung24.com\/hr\/wp-json\/wp\/v2\/product_cat?post=24616"},{"taxonomy":"product_tag","embeddable":true,"href":"https:\/\/www.versiegelung24.com\/hr\/wp-json\/wp\/v2\/product_tag?post=24616"}],"curies":[{"name":"wp","href":"https:\/\/api.w.org\/{rel}","templated":true}]}}