{"id":24682,"date":"2020-04-04T18:53:45","date_gmt":"2021-08-02T20:56:36","guid":{"rendered":"https:\/\/www.versiegelung24.com\/produkt\/vrhunsko-brtvljenje-betona-i-kamena-izuzetno-vodoodbojno-ne-dise"},"modified":"2025-01-04T00:13:30","modified_gmt":"2025-01-03T23:13:30","slug":"premium-beton-kamen-brtvljenje-ekstremno-vodoodbojnost-ne-dise","status":"publish","type":"product","link":"https:\/\/www.versiegelung24.com\/hr\/premium-beton-kamen-brtvljenje-ekstremno-vodoodbojnost-ne-dise.html","title":{"rendered":"Vrhunsko brtvljenje od betona i kamena s produbljivanjem boje &#8211; nije prozra\u010dno"},"content":{"rendered":"\n<p>Na\u0161e vrhunsko brtvljenje betona i kamena u\u010dinkovito i trajno \u0161titi povr\u0161ine od vanjskih utjecaja i jasno sprje\u010dava prodiranje ulja, masti, kave i crnog vina. Osim toga, za\u0161titni premaz od prozirnog laka ostavlja sjajni film koji poja\u010dava boju i vidljivo pobolj\u0161ava tretiranu povr\u0161inu.<\/p>\n\n<hr\/>\n\n<h4 class=\"wp-block-heading\" id=\"video\"><strong>Vje\u017ebajte video &#8211; u\u010dinkovito \u0161tite\u0107i kamene figure i kamene skulpture u vrtu od utjecaja okoli\u0161a<\/strong><\/h4>\n\n<figure class=\"wp-block-embed aligncenter is-type-video is-provider-youtube wp-block-embed-youtube wp-embed-aspect-16-9 wp-has-aspect-ratio\"><div class=\"wp-block-embed__wrapper\"> \n<div class=\"nv-iframe-embed\"><iframe title=\"Steinfiguren &amp; Steinskulpturen wetterfest machen - Versiegelung \/ Impr\u00e4gnierung mit Farbvertiefung\" width=\"1200\" height=\"675\" src=\"https:\/\/www.youtube.com\/embed\/sSjv-OlqOgI?feature=oembed\" frameborder=\"0\" allow=\"accelerometer; autoplay; clipboard-write; encrypted-media; gyroscope; picture-in-picture\" allowfullscreen><\/iframe><\/div>\n <\/div><\/figure>\n\n<hr\/>\n\n<h4 class=\"wp-block-heading\" id=\"properties\">Zna\u010dajke proizvoda<\/h4>\n\n<div class=\"wp-block-columns is-layout-flex wp-container-core-columns-is-layout-9d6595d7 wp-block-columns-is-layout-flex\">\n<div class=\"wp-block-column is-layout-flow wp-block-column-is-layout-flow\">\n<p>\u2713 U\u010dinkovita trajna povr\u0161inska za\u0161tita od vode, prljav\u0161tine i vremenskih utjecaja<\/p>\n\n\n\n<p>\u2713 sprje\u010dava rast mahovine, li\u0161ajeva, gljivica i drugih prirodnih utjecaja<\/p>\n\n\n\n<p>\u2713 100% prozirni lak premaz koji sadr\u017ei krutu tvar<\/p>\n\n\n\n<p>\u2713 visoka otpornost na habanje zahvaljuju\u0107i nano tehnologiji SiO\u00b2<\/p>\n\n\n\n<p>\u2713 obra\u0111ene povr\u0161ine ne di\u0161u<\/p>\n\n\n\n<p>\u2713 U\u010dinak produbljivanja boje sa sjajnim filmom \/ pobolj\u0161anje povr\u0161ine<\/p>\n\n\n\n<p>\u2713 vrlo jaka hidrofobnost<\/p>\n\n\n\n<p>\u2713 Zna\u010dajno smanjenje prodora ulja i masti, kave, crnog vina<\/p>\n\n\n\n<p>\u2713 Otporan na mraz (led i snijeg ga ne o\u0161te\u0107uju)<\/p>\n\n\n\n<p>\u2713 UV postojan<\/p>\n\n\n\n<p>\u2713 U\u010dinak koji se lako \u010disti: prljav\u0161tina<\/p>\n\n\n\n<p>\u2713 Otporan na temperaturu do 1000\u00b0C (uz kratkotrajno izlaganje)<\/p>\n\n\n\n<p><\/p>\n\n\n\n<p>Opseg isporuke:<br\/> 1 x boca od litre<\/p>\n<\/div>\n\n\n\n<div class=\"wp-block-column is-layout-flow wp-block-column-is-layout-flow\">\n<p><strong>Vrlo u\u010dinkovit nano vodootporni nano premaz otporan na habanje za sve upijaju\u0107e mineralne povr\u0161ine.<\/strong><\/p>\n\n\n\n<p>Ne di\u0161e<\/p>\n\n\n\n<p>Broj stavke: 3008-704<\/p>\n\n\n\n<p>Visoka kvaliteta Made in Germany<\/p>\n\n\n\n<p><strong>sigurnost proizvoda<\/strong><\/p>\n\n\n\n<p>Podaci o razvrstavanju proizvoda u okviru Pravilnika o opasnim tvarima, podaci o sigurnosti te podaci o toksikologiji i skladi\u0161tenju nalaze se u na\u0161em sigurnosno-tehni\u010dkom listu.<\/p>\n\n\n\n<p>Prilikom uporabe obratite pozornost na odgovaraju\u0107u za\u0161titnu opremu. Prilikom naru\u010divanja preporu\u010dujemo no\u0161enje prikladnih maski za disanje i gumenih rukavica.<\/p>\n\n\n\n<p>U slu\u010daju dodira s ko\u017eom, podru\u010dja temeljito operite sapunom i vodom.<\/p>\n\n\n\n<p><strong>skladi\u0161tenje<\/strong><\/p>\n\n\n\n<p>V24 Beton and Stone Sealing Extreme mo\u017ee se \u010duvati najmanje 12 mjeseci u originalnom zatvorenom spremniku na temperaturama skladi\u0161tenja od +5 do + 25 \u00b0 C.<\/p>\n\n\n\n<p>Otvorene posude treba koristiti u kratkom roku.<\/p>\n\n\n\n<p>Dulji rok skladi\u0161tenja ne zna\u010di nu\u017eno da je proizvod neupotrebljiv, me\u0111utim, u smislu osiguranja kvalitete, potrebno je provjeriti svojstva \u017eeljena za namjeravanu uporabu.<\/p>\n<\/div>\n<\/div>\n\n<hr\/>\n\n<h4 class=\"wp-block-heading\" id=\"application\">Primjena<\/h4>\n\n<div class=\"wp-block-columns is-layout-flex wp-container-core-columns-is-layout-9d6595d7 wp-block-columns-is-layout-flex\">\n<div class=\"wp-block-column is-layout-flow wp-block-column-is-layout-flow\">\n<ul class=\"wp-block-list\">\n<li><strong>V24 ekstremno brtvljenje betona i kamena<\/strong> isporu\u010duje se spreman za uporabu i nanosi se nerazrije\u0111en na prethodno o\u010di\u0161\u0107enu i osu\u0161enu povr\u0161inu. Ovisno o primjeni mogu\u0107e je razrje\u0111ivanje alkoholom.<\/li>\n<\/ul>\n\n\n\n<ul class=\"wp-block-list\">\n<li>Sve povr\u0161ine koje se tretiraju moraju biti suhe i dobro o\u010di\u0161\u0107ene, jer je to jedini na\u010din da se osigura dubok prodor brtvila, koje ima optimalan dugotrajan i dubok u\u010dinak.<\/li>\n<\/ul>\n\n\n\n<ul class=\"wp-block-list\">\n<li>Nakon nano\u0161enja, <strong><strong>V24 brtvilo za beton i kamen<\/strong><\/strong> mora nekoliko sekundi ostati u kontaktu s povr\u0161inom kao teku\u0107i film.<\/li>\n<\/ul>\n\n\n\n<ul class=\"wp-block-list\">\n<li>Premaz je potpuno umre\u017een i stvrdnut nakon 24 sata.<\/li>\n<\/ul>\n\n\n\n<p>Detaljan opis primjene mo\u017eete prona\u0107i u na\u0161em podatkovnom listu<\/p>\n<\/div>\n\n\n\n<div class=\"wp-block-column is-layout-flow wp-block-column-is-layout-flow\">\n<p>Za\u0161titni prozirni lak premaz za sve mineralne, upijaju\u0107e betonske i kamene povr\u0161ine, u zatvorenom i na otvorenom.<\/p>\n\n\n\n<p>\u2713 Beton (betonski blok, betonski kolnik, stepenice, podovi gara\u017ee i radionice, izlo\u017eene betonske povr\u0161ine &#8230;)<\/p>\n\n\n\n<p>\u2713 Kamen (prirodni kamen, kamen za poplo\u010davanje, granit, cigla od pje\u0161\u010danog vapna, \u0161kriljevac, zidanje, prilazi &#8230;)<\/p>\n\n\n\n<p><strong>Va\u017eno:<\/strong> Upotreba je ograni\u010dena na jako poliranim povr\u0161inama s niskom upijanjem, jer se ovdje ne mo\u017ee posti\u0107i optimalno lijepljenje. Ako je potrebno, povr\u0161inu treba unaprijed ohrapaviti (60-100 brusnog papira ovisno o povr\u0161ini) i nanijeti temeljni sloj (1\/3 alkohola 2\/3 brtvila). Zatim nakon otprilike 30 minuta nerazrije\u0111eno brtvljenje.<\/p>\n\n\n\n<p>Potro\u0161nja ovisi o upijaju\u0107oj povr\u0161ini cca 10-40m\u00b2 \/ litri.<\/p>\n<\/div>\n<\/div>\n","protected":false},"excerpt":{"rendered":"<p><strong>Izuzetno vodoodbojni prozirni premaz za unutarnju i vanjsku upotrebu<\/strong>  <\/p>\n<p>\u2713 za sve upijaju\u0107e mineralne kamene i betonske povr\u0161ine<\/p>\n<p>\u2713 U\u010dinak koji se lako \u010disti: prljav\u0161tina se ne lijepi i mo\u017ee se lako ukloniti<\/p>\n<p>\u2713 obra\u0111ene povr\u0161ine ne di\u0161u<\/p>\n<p>\u2713 Sprje\u010dava rast mahovine, li\u0161ajeva, gljivica i drugih prirodnih utjecaja<\/p>\n<p>\u2713 U\u010dinak produbljivanja boje sa sjajnim filmom \/ pobolj\u0161anje povr\u0161ine<\/p>\n<p>\u2713 Trajnost: do 5+ godina<\/p>\n","protected":false},"featured_media":18090,"template":"","meta":{"_acf_changed":false,"neve_meta_sidebar":"","neve_meta_container":"","neve_meta_enable_content_width":"","neve_meta_content_width":0,"neve_meta_title_alignment":"","neve_meta_author_avatar":"","neve_post_elements_order":"","neve_meta_disable_header":"","neve_meta_disable_footer":"","neve_meta_disable_title":"","neve_meta_reading_time":"","_surfaces":[],"_ver_product_tabs":[],"footnotes":""},"product_brand":[],"product_cat":[2430],"product_tag":[],"class_list":{"0":"post-24682","1":"product","2":"type-product","3":"status-publish","4":"has-post-thumbnail","6":"product_cat-brtvljenje-kamena-i-betona","7":"pa_gebinde-bocica-od-1000-ml","8":"pa_gebinde-kanister-od-20l","10":"first","11":"instock","12":"taxable","13":"shipping-taxable","14":"purchasable","15":"product-type-variable","16":"has-default-attributes"},"acf":[],"yoast_head":"<!-- This site is optimized with the Yoast SEO Premium plugin v22.8 (Yoast SEO v27.3) - https:\/\/yoast.com\/product\/yoast-seo-premium-wordpress\/ -->\n<title>Vrhunsko brtvljenje betona i kamena s produbljivanjem boje - versiegelung24<\/title>\n<meta name=\"description\" content=\"Vrhunsko brtvljenje betona i kamena - saznajte vi\u0161e o na\u0161im vrhunskim brtvljenjem betona i kamena uz nanotehnologiju i produbljivanje boja\" \/>\n<meta name=\"robots\" content=\"index, follow, max-snippet:-1, max-image-preview:large, max-video-preview:-1\" \/>\n<link rel=\"canonical\" href=\"https:\/\/www.versiegelung24.com\/hr\/premium-beton-kamen-brtvljenje-ekstremno-vodoodbojnost-ne-dise.html\" \/>\n<meta property=\"og:locale\" content=\"hr_HR\" \/>\n<meta property=\"og:type\" content=\"article\" \/>\n<meta property=\"og:title\" content=\"Vrhunsko brtvljenje od betona i kamena s produbljivanjem boje - nije prozra\u010dno\" \/>\n<meta property=\"og:description\" content=\"Vrhunsko brtvljenje betona i kamena - saznajte vi\u0161e o na\u0161im vrhunskim brtvljenjem betona i kamena uz nanotehnologiju i produbljivanje boja\" \/>\n<meta property=\"og:url\" content=\"https:\/\/www.versiegelung24.com\/hr\/premium-beton-kamen-brtvljenje-ekstremno-vodoodbojnost-ne-dise.html\" \/>\n<meta property=\"og:site_name\" content=\"versiegelung24.com\" \/>\n<meta property=\"article:modified_time\" content=\"2025-01-03T23:13:30+00:00\" \/>\n<meta property=\"og:image\" content=\"https:\/\/www.versiegelung24.com\/wp-content\/uploads\/2020\/06\/produkt-3008-704-1000-Beton-Stein-Versiegelung-extreme-Wasserabweisung-nicht-atmungsaktiv-scaled.jpg\" \/>\n\t<meta property=\"og:image:width\" content=\"2560\" \/>\n\t<meta property=\"og:image:height\" content=\"2560\" \/>\n\t<meta property=\"og:image:type\" content=\"image\/jpeg\" \/>\n<meta name=\"twitter:card\" content=\"summary_large_image\" \/>\n<meta name=\"twitter:label1\" content=\"Availability\" \/>\n\t<meta name=\"twitter:data1\" content=\"In stock\" \/>\n<script type=\"application\/ld+json\" class=\"yoast-schema-graph\">{\"@context\":\"https:\\\/\\\/schema.org\",\"@graph\":[{\"@type\":\"WebPage\",\"@id\":\"https:\\\/\\\/www.versiegelung24.com\\\/hr\\\/premium-beton-kamen-brtvljenje-ekstremno-vodoodbojnost-ne-dise.html\",\"url\":\"https:\\\/\\\/www.versiegelung24.com\\\/hr\\\/premium-beton-kamen-brtvljenje-ekstremno-vodoodbojnost-ne-dise.html\",\"name\":\"Vrhunsko brtvljenje betona i kamena s produbljivanjem boje - versiegelung24\",\"isPartOf\":{\"@id\":\"https:\\\/\\\/www.versiegelung24.com\\\/hr\\\/#website\"},\"primaryImageOfPage\":{\"@id\":\"https:\\\/\\\/www.versiegelung24.com\\\/hr\\\/premium-beton-kamen-brtvljenje-ekstremno-vodoodbojnost-ne-dise.html#primaryimage\"},\"image\":{\"@id\":\"https:\\\/\\\/www.versiegelung24.com\\\/hr\\\/premium-beton-kamen-brtvljenje-ekstremno-vodoodbojnost-ne-dise.html#primaryimage\"},\"thumbnailUrl\":\"https:\\\/\\\/www.versiegelung24.com\\\/wp-content\\\/uploads\\\/2020\\\/06\\\/produkt-3008-704-1000-Beton-Stein-Versiegelung-extreme-Wasserabweisung-nicht-atmungsaktiv-scaled.jpg\",\"datePublished\":\"2021-08-02T20:56:36+00:00\",\"dateModified\":\"2025-01-03T23:13:30+00:00\",\"description\":\"Vrhunsko brtvljenje betona i kamena - saznajte vi\u0161e o na\u0161im vrhunskim brtvljenjem betona i kamena uz nanotehnologiju i produbljivanje boja\",\"breadcrumb\":{\"@id\":\"https:\\\/\\\/www.versiegelung24.com\\\/hr\\\/premium-beton-kamen-brtvljenje-ekstremno-vodoodbojnost-ne-dise.html#breadcrumb\"},\"inLanguage\":\"hr\",\"potentialAction\":[{\"@type\":\"ReadAction\",\"target\":[\"https:\\\/\\\/www.versiegelung24.com\\\/hr\\\/premium-beton-kamen-brtvljenje-ekstremno-vodoodbojnost-ne-dise.html\"]}]},{\"@type\":\"ImageObject\",\"inLanguage\":\"hr\",\"@id\":\"https:\\\/\\\/www.versiegelung24.com\\\/hr\\\/premium-beton-kamen-brtvljenje-ekstremno-vodoodbojnost-ne-dise.html#primaryimage\",\"url\":\"https:\\\/\\\/www.versiegelung24.com\\\/wp-content\\\/uploads\\\/2020\\\/06\\\/produkt-3008-704-1000-Beton-Stein-Versiegelung-extreme-Wasserabweisung-nicht-atmungsaktiv-scaled.jpg\",\"contentUrl\":\"https:\\\/\\\/www.versiegelung24.com\\\/wp-content\\\/uploads\\\/2020\\\/06\\\/produkt-3008-704-1000-Beton-Stein-Versiegelung-extreme-Wasserabweisung-nicht-atmungsaktiv-scaled.jpg\",\"width\":2560,\"height\":2560},{\"@type\":\"BreadcrumbList\",\"@id\":\"https:\\\/\\\/www.versiegelung24.com\\\/hr\\\/premium-beton-kamen-brtvljenje-ekstremno-vodoodbojnost-ne-dise.html#breadcrumb\",\"itemListElement\":[{\"@type\":\"ListItem\",\"position\":1,\"name\":\"Po\u010detna stranica\",\"item\":\"https:\\\/\\\/www.versiegelung24.com\\\/hr\\\/ispred\\\/\"},{\"@type\":\"ListItem\",\"position\":2,\"name\":\"Du\u0107an\",\"item\":\"https:\\\/\\\/www.versiegelung24.com\\\/hr\\\/ducan\\\/\"},{\"@type\":\"ListItem\",\"position\":3,\"name\":\"Vrhunsko brtvljenje od betona i kamena s produbljivanjem boje &#8211; nije prozra\u010dno\"}]},{\"@type\":\"WebSite\",\"@id\":\"https:\\\/\\\/www.versiegelung24.com\\\/hr\\\/#website\",\"url\":\"https:\\\/\\\/www.versiegelung24.com\\\/hr\\\/\",\"name\":\"versiegelung24.com\",\"description\":\"Fl\u00fcssigglas-Versiegelung - Made in Germany\",\"publisher\":{\"@id\":\"https:\\\/\\\/www.versiegelung24.com\\\/hr\\\/#organization\"},\"potentialAction\":[{\"@type\":\"SearchAction\",\"target\":{\"@type\":\"EntryPoint\",\"urlTemplate\":\"https:\\\/\\\/www.versiegelung24.com\\\/hr\\\/?s={search_term_string}\"},\"query-input\":{\"@type\":\"PropertyValueSpecification\",\"valueRequired\":true,\"valueName\":\"search_term_string\"}}],\"inLanguage\":\"hr\"},{\"@type\":\"Organization\",\"@id\":\"https:\\\/\\\/www.versiegelung24.com\\\/hr\\\/#organization\",\"name\":\"versiegelung24\",\"url\":\"https:\\\/\\\/www.versiegelung24.com\\\/hr\\\/\",\"logo\":{\"@type\":\"ImageObject\",\"inLanguage\":\"hr\",\"@id\":\"https:\\\/\\\/www.versiegelung24.com\\\/hr\\\/#\\\/schema\\\/logo\\\/image\\\/\",\"url\":\"https:\\\/\\\/www.versiegelung24.com\\\/wp-content\\\/uploads\\\/2020\\\/04\\\/versiegelung24.png\",\"contentUrl\":\"https:\\\/\\\/www.versiegelung24.com\\\/wp-content\\\/uploads\\\/2020\\\/04\\\/versiegelung24.png\",\"width\":470,\"height\":102,\"caption\":\"versiegelung24\"},\"image\":{\"@id\":\"https:\\\/\\\/www.versiegelung24.com\\\/hr\\\/#\\\/schema\\\/logo\\\/image\\\/\"}}]}<\/script>\n<meta property=\"og:availability\" content=\"instock\" \/>\n<meta property=\"product:availability\" content=\"instock\" \/>\n<meta property=\"product:retailer_item_id\" content=\"3008-704\" \/>\n<meta property=\"product:condition\" content=\"new\" \/>\n<!-- \/ Yoast SEO Premium plugin. -->","yoast_head_json":{"title":"Vrhunsko brtvljenje betona i kamena s produbljivanjem boje - versiegelung24","description":"Vrhunsko brtvljenje betona i kamena - saznajte vi\u0161e o na\u0161im vrhunskim brtvljenjem betona i kamena uz nanotehnologiju i produbljivanje boja","robots":{"index":"index","follow":"follow","max-snippet":"max-snippet:-1","max-image-preview":"max-image-preview:large","max-video-preview":"max-video-preview:-1"},"canonical":"https:\/\/www.versiegelung24.com\/hr\/premium-beton-kamen-brtvljenje-ekstremno-vodoodbojnost-ne-dise.html","og_locale":"hr_HR","og_type":"article","og_title":"Vrhunsko brtvljenje od betona i kamena s produbljivanjem boje - nije prozra\u010dno","og_description":"Vrhunsko brtvljenje betona i kamena - saznajte vi\u0161e o na\u0161im vrhunskim brtvljenjem betona i kamena uz nanotehnologiju i produbljivanje boja","og_url":"https:\/\/www.versiegelung24.com\/hr\/premium-beton-kamen-brtvljenje-ekstremno-vodoodbojnost-ne-dise.html","og_site_name":"versiegelung24.com","article_modified_time":"2025-01-03T23:13:30+00:00","og_image":[{"width":2560,"height":2560,"url":"https:\/\/www.versiegelung24.com\/wp-content\/uploads\/2020\/06\/produkt-3008-704-1000-Beton-Stein-Versiegelung-extreme-Wasserabweisung-nicht-atmungsaktiv-scaled.jpg","type":"image\/jpeg"}],"twitter_card":"summary_large_image","twitter_misc":{"Availability":"In stock"},"schema":{"@context":"https:\/\/schema.org","@graph":[{"@type":"WebPage","@id":"https:\/\/www.versiegelung24.com\/hr\/premium-beton-kamen-brtvljenje-ekstremno-vodoodbojnost-ne-dise.html","url":"https:\/\/www.versiegelung24.com\/hr\/premium-beton-kamen-brtvljenje-ekstremno-vodoodbojnost-ne-dise.html","name":"Vrhunsko brtvljenje betona i kamena s produbljivanjem boje - versiegelung24","isPartOf":{"@id":"https:\/\/www.versiegelung24.com\/hr\/#website"},"primaryImageOfPage":{"@id":"https:\/\/www.versiegelung24.com\/hr\/premium-beton-kamen-brtvljenje-ekstremno-vodoodbojnost-ne-dise.html#primaryimage"},"image":{"@id":"https:\/\/www.versiegelung24.com\/hr\/premium-beton-kamen-brtvljenje-ekstremno-vodoodbojnost-ne-dise.html#primaryimage"},"thumbnailUrl":"https:\/\/www.versiegelung24.com\/wp-content\/uploads\/2020\/06\/produkt-3008-704-1000-Beton-Stein-Versiegelung-extreme-Wasserabweisung-nicht-atmungsaktiv-scaled.jpg","datePublished":"2021-08-02T20:56:36+00:00","dateModified":"2025-01-03T23:13:30+00:00","description":"Vrhunsko brtvljenje betona i kamena - saznajte vi\u0161e o na\u0161im vrhunskim brtvljenjem betona i kamena uz nanotehnologiju i produbljivanje boja","breadcrumb":{"@id":"https:\/\/www.versiegelung24.com\/hr\/premium-beton-kamen-brtvljenje-ekstremno-vodoodbojnost-ne-dise.html#breadcrumb"},"inLanguage":"hr","potentialAction":[{"@type":"ReadAction","target":["https:\/\/www.versiegelung24.com\/hr\/premium-beton-kamen-brtvljenje-ekstremno-vodoodbojnost-ne-dise.html"]}]},{"@type":"ImageObject","inLanguage":"hr","@id":"https:\/\/www.versiegelung24.com\/hr\/premium-beton-kamen-brtvljenje-ekstremno-vodoodbojnost-ne-dise.html#primaryimage","url":"https:\/\/www.versiegelung24.com\/wp-content\/uploads\/2020\/06\/produkt-3008-704-1000-Beton-Stein-Versiegelung-extreme-Wasserabweisung-nicht-atmungsaktiv-scaled.jpg","contentUrl":"https:\/\/www.versiegelung24.com\/wp-content\/uploads\/2020\/06\/produkt-3008-704-1000-Beton-Stein-Versiegelung-extreme-Wasserabweisung-nicht-atmungsaktiv-scaled.jpg","width":2560,"height":2560},{"@type":"BreadcrumbList","@id":"https:\/\/www.versiegelung24.com\/hr\/premium-beton-kamen-brtvljenje-ekstremno-vodoodbojnost-ne-dise.html#breadcrumb","itemListElement":[{"@type":"ListItem","position":1,"name":"Po\u010detna stranica","item":"https:\/\/www.versiegelung24.com\/hr\/ispred\/"},{"@type":"ListItem","position":2,"name":"Du\u0107an","item":"https:\/\/www.versiegelung24.com\/hr\/ducan\/"},{"@type":"ListItem","position":3,"name":"Vrhunsko brtvljenje od betona i kamena s produbljivanjem boje &#8211; nije prozra\u010dno"}]},{"@type":"WebSite","@id":"https:\/\/www.versiegelung24.com\/hr\/#website","url":"https:\/\/www.versiegelung24.com\/hr\/","name":"versiegelung24.com","description":"Fl\u00fcssigglas-Versiegelung - Made in Germany","publisher":{"@id":"https:\/\/www.versiegelung24.com\/hr\/#organization"},"potentialAction":[{"@type":"SearchAction","target":{"@type":"EntryPoint","urlTemplate":"https:\/\/www.versiegelung24.com\/hr\/?s={search_term_string}"},"query-input":{"@type":"PropertyValueSpecification","valueRequired":true,"valueName":"search_term_string"}}],"inLanguage":"hr"},{"@type":"Organization","@id":"https:\/\/www.versiegelung24.com\/hr\/#organization","name":"versiegelung24","url":"https:\/\/www.versiegelung24.com\/hr\/","logo":{"@type":"ImageObject","inLanguage":"hr","@id":"https:\/\/www.versiegelung24.com\/hr\/#\/schema\/logo\/image\/","url":"https:\/\/www.versiegelung24.com\/wp-content\/uploads\/2020\/04\/versiegelung24.png","contentUrl":"https:\/\/www.versiegelung24.com\/wp-content\/uploads\/2020\/04\/versiegelung24.png","width":470,"height":102,"caption":"versiegelung24"},"image":{"@id":"https:\/\/www.versiegelung24.com\/hr\/#\/schema\/logo\/image\/"}}]},"og_availability":"instock","product_availability":"instock","product_retailer_item_id":"3008-704","product_condition":"new"},"_links":{"self":[{"href":"https:\/\/www.versiegelung24.com\/hr\/wp-json\/wp\/v2\/product\/24682","targetHints":{"allow":["GET"]}}],"collection":[{"href":"https:\/\/www.versiegelung24.com\/hr\/wp-json\/wp\/v2\/product"}],"about":[{"href":"https:\/\/www.versiegelung24.com\/hr\/wp-json\/wp\/v2\/types\/product"}],"version-history":[{"count":33,"href":"https:\/\/www.versiegelung24.com\/hr\/wp-json\/wp\/v2\/product\/24682\/revisions"}],"predecessor-version":[{"id":177061,"href":"https:\/\/www.versiegelung24.com\/hr\/wp-json\/wp\/v2\/product\/24682\/revisions\/177061"}],"wp:featuredmedia":[{"embeddable":true,"href":"https:\/\/www.versiegelung24.com\/hr\/wp-json\/wp\/v2\/media\/18090"}],"wp:attachment":[{"href":"https:\/\/www.versiegelung24.com\/hr\/wp-json\/wp\/v2\/media?parent=24682"}],"wp:term":[{"taxonomy":"product_brand","embeddable":true,"href":"https:\/\/www.versiegelung24.com\/hr\/wp-json\/wp\/v2\/product_brand?post=24682"},{"taxonomy":"product_cat","embeddable":true,"href":"https:\/\/www.versiegelung24.com\/hr\/wp-json\/wp\/v2\/product_cat?post=24682"},{"taxonomy":"product_tag","embeddable":true,"href":"https:\/\/www.versiegelung24.com\/hr\/wp-json\/wp\/v2\/product_tag?post=24682"}],"curies":[{"name":"wp","href":"https:\/\/api.w.org\/{rel}","templated":true}]}}