{"id":24751,"date":"2020-04-29T21:00:08","date_gmt":"2020-04-29T19:00:08","guid":{"rendered":"https:\/\/www.versiegelung24.com\/produkt\/uzorak-univerzalno-brtvilo-7675-za-tvrde-neupijajuce-povrsine"},"modified":"2025-01-05T15:41:02","modified_gmt":"2025-01-05T14:41:02","slug":"uzorak-univerzalno-brtvljenje-7675-za-tvrde-neupijajuce-povrsine","status":"publish","type":"product","link":"https:\/\/www.versiegelung24.com\/hr\/uzorak-univerzalno-brtvljenje-7675-za-tvrde-neupijajuce-povrsine.html","title":{"rendered":"Uzorak: Univerzalno brtvilo 7675 za &#8220;tvrde&#8221;\/neupijaju\u0107e povr\u0161ine &#8211; 4005-7675"},"content":{"rendered":"<p>10 ml uzorka na\u0161eg univerzalnog brtvila za &#8220;tvrde&#8221; \/ neupijaju\u0107e povr\u0161ine za testnu primjenu ili brtvljenje manjih povr\u0161ina.<\/p>\n","protected":false},"excerpt":{"rendered":"<p><strong>**NOVO** Visoko u\u010dinkovita profesionalna univerzalna brtva za &#8220;tvrde&#8221;\/neupijaju\u0107e povr\u0161ine kao \u0161to su:<\/strong><\/p>\n<p>\u2713 Staklo<\/p>\n<p>\u2713 Kerami\u010dke povr\u0161ine<\/p>\n<p>\u2713 Plasti\u010dne povr\u0161ine<\/p>\n<p>\u2713 Metalne povr\u0161ine<\/p>\n<p>\u2713 S u\u010dinkom koji se lako \u010disti<\/p>\n","protected":false},"featured_media":14603,"template":"","meta":{"_acf_changed":false,"neve_meta_sidebar":"","neve_meta_container":"","neve_meta_enable_content_width":"","neve_meta_content_width":0,"neve_meta_title_alignment":"","neve_meta_author_avatar":"","neve_post_elements_order":"","neve_meta_disable_header":"","neve_meta_disable_footer":"","neve_meta_disable_title":"","neve_meta_reading_time":"","_surfaces":[],"_ver_product_tabs":[],"footnotes":""},"product_brand":[],"product_cat":[2630],"product_tag":[],"class_list":{"0":"post-24751","1":"product","2":"type-product","3":"status-publish","4":"has-post-thumbnail","6":"product_cat-predlozak","7":"pa_gebinde-bocica-od-10-ml","9":"first","10":"instock","11":"sold-individually","12":"taxable","13":"shipping-taxable","14":"purchasable","15":"product-type-variable","16":"has-default-attributes"},"acf":[],"yoast_head":"<!-- This site is optimized with the Yoast SEO Premium plugin v22.8 (Yoast SEO v27.3) - https:\/\/yoast.com\/product\/yoast-seo-premium-wordpress\/ -->\n<title>Uzorak: Univerzalno brtvilo 7675 za &quot;tvrde&quot;\/neupijaju\u0107e povr\u0161ine - 4005-7675 - versiegelung24.com<\/title>\n<meta name=\"robots\" content=\"index, follow, max-snippet:-1, max-image-preview:large, max-video-preview:-1\" \/>\n<link rel=\"canonical\" href=\"https:\/\/www.versiegelung24.com\/hr\/uzorak-univerzalno-brtvljenje-7675-za-tvrde-neupijajuce-povrsine.html\" \/>\n<meta property=\"og:locale\" content=\"hr_HR\" \/>\n<meta property=\"og:type\" content=\"article\" \/>\n<meta property=\"og:title\" content=\"Uzorak: Univerzalno brtvilo 7675 za &quot;tvrde&quot;\/neupijaju\u0107e povr\u0161ine - 4005-7675\" \/>\n<meta property=\"og:description\" content=\"**NOVO** Visoko u\u010dinkovita profesionalna univerzalna brtva za &quot;tvrde&quot;\/neupijaju\u0107e povr\u0161ine kao \u0161to su: \u2713 Staklo \u2713 Kerami\u010dke povr\u0161ine \u2713 Plasti\u010dne povr\u0161ine \u2713 Metalne povr\u0161ine \u2713 S u\u010dinkom koji se lako \u010disti\" \/>\n<meta property=\"og:url\" content=\"https:\/\/www.versiegelung24.com\/hr\/uzorak-univerzalno-brtvljenje-7675-za-tvrde-neupijajuce-povrsine.html\" \/>\n<meta property=\"og:site_name\" content=\"versiegelung24.com\" \/>\n<meta property=\"article:modified_time\" content=\"2025-01-05T14:41:02+00:00\" \/>\n<meta property=\"og:image\" content=\"https:\/\/www.versiegelung24.com\/wp-content\/uploads\/2020\/04\/versiegelung-muster.png\" \/>\n\t<meta property=\"og:image:width\" content=\"1000\" \/>\n\t<meta property=\"og:image:height\" content=\"1000\" \/>\n\t<meta property=\"og:image:type\" content=\"image\/png\" \/>\n<meta name=\"twitter:card\" content=\"summary_large_image\" \/>\n<meta name=\"twitter:label1\" content=\"Availability\" \/>\n\t<meta name=\"twitter:data1\" content=\"In stock\" \/>\n<script type=\"application\/ld+json\" class=\"yoast-schema-graph\">{\"@context\":\"https:\\\/\\\/schema.org\",\"@graph\":[{\"@type\":\"WebPage\",\"@id\":\"https:\\\/\\\/www.versiegelung24.com\\\/hr\\\/uzorak-univerzalno-brtvljenje-7675-za-tvrde-neupijajuce-povrsine.html\",\"url\":\"https:\\\/\\\/www.versiegelung24.com\\\/hr\\\/uzorak-univerzalno-brtvljenje-7675-za-tvrde-neupijajuce-povrsine.html\",\"name\":\"Uzorak: Univerzalno brtvilo 7675 za \\\"tvrde\\\"\\\/neupijaju\u0107e povr\u0161ine - 4005-7675 - versiegelung24.com\",\"isPartOf\":{\"@id\":\"https:\\\/\\\/www.versiegelung24.com\\\/hr\\\/#website\"},\"primaryImageOfPage\":{\"@id\":\"https:\\\/\\\/www.versiegelung24.com\\\/hr\\\/uzorak-univerzalno-brtvljenje-7675-za-tvrde-neupijajuce-povrsine.html#primaryimage\"},\"image\":{\"@id\":\"https:\\\/\\\/www.versiegelung24.com\\\/hr\\\/uzorak-univerzalno-brtvljenje-7675-za-tvrde-neupijajuce-povrsine.html#primaryimage\"},\"thumbnailUrl\":\"https:\\\/\\\/www.versiegelung24.com\\\/wp-content\\\/uploads\\\/2020\\\/04\\\/versiegelung-muster.png\",\"datePublished\":\"2020-04-29T19:00:08+00:00\",\"dateModified\":\"2025-01-05T14:41:02+00:00\",\"breadcrumb\":{\"@id\":\"https:\\\/\\\/www.versiegelung24.com\\\/hr\\\/uzorak-univerzalno-brtvljenje-7675-za-tvrde-neupijajuce-povrsine.html#breadcrumb\"},\"inLanguage\":\"hr\",\"potentialAction\":[{\"@type\":\"ReadAction\",\"target\":[\"https:\\\/\\\/www.versiegelung24.com\\\/hr\\\/uzorak-univerzalno-brtvljenje-7675-za-tvrde-neupijajuce-povrsine.html\"]}]},{\"@type\":\"ImageObject\",\"inLanguage\":\"hr\",\"@id\":\"https:\\\/\\\/www.versiegelung24.com\\\/hr\\\/uzorak-univerzalno-brtvljenje-7675-za-tvrde-neupijajuce-povrsine.html#primaryimage\",\"url\":\"https:\\\/\\\/www.versiegelung24.com\\\/wp-content\\\/uploads\\\/2020\\\/04\\\/versiegelung-muster.png\",\"contentUrl\":\"https:\\\/\\\/www.versiegelung24.com\\\/wp-content\\\/uploads\\\/2020\\\/04\\\/versiegelung-muster.png\",\"width\":1000,\"height\":1000},{\"@type\":\"BreadcrumbList\",\"@id\":\"https:\\\/\\\/www.versiegelung24.com\\\/hr\\\/uzorak-univerzalno-brtvljenje-7675-za-tvrde-neupijajuce-povrsine.html#breadcrumb\",\"itemListElement\":[{\"@type\":\"ListItem\",\"position\":1,\"name\":\"Po\u010detna stranica\",\"item\":\"https:\\\/\\\/www.versiegelung24.com\\\/hr\\\/ispred\\\/\"},{\"@type\":\"ListItem\",\"position\":2,\"name\":\"Du\u0107an\",\"item\":\"https:\\\/\\\/www.versiegelung24.com\\\/hr\\\/ducan\\\/\"},{\"@type\":\"ListItem\",\"position\":3,\"name\":\"Uzorak: Univerzalno brtvilo 7675 za &#8220;tvrde&#8221;\\\/neupijaju\u0107e povr\u0161ine &#8211; 4005-7675\"}]},{\"@type\":\"WebSite\",\"@id\":\"https:\\\/\\\/www.versiegelung24.com\\\/hr\\\/#website\",\"url\":\"https:\\\/\\\/www.versiegelung24.com\\\/hr\\\/\",\"name\":\"versiegelung24.com\",\"description\":\"Fl\u00fcssigglas-Versiegelung - Made in Germany\",\"publisher\":{\"@id\":\"https:\\\/\\\/www.versiegelung24.com\\\/hr\\\/#organization\"},\"potentialAction\":[{\"@type\":\"SearchAction\",\"target\":{\"@type\":\"EntryPoint\",\"urlTemplate\":\"https:\\\/\\\/www.versiegelung24.com\\\/hr\\\/?s={search_term_string}\"},\"query-input\":{\"@type\":\"PropertyValueSpecification\",\"valueRequired\":true,\"valueName\":\"search_term_string\"}}],\"inLanguage\":\"hr\"},{\"@type\":\"Organization\",\"@id\":\"https:\\\/\\\/www.versiegelung24.com\\\/hr\\\/#organization\",\"name\":\"versiegelung24\",\"url\":\"https:\\\/\\\/www.versiegelung24.com\\\/hr\\\/\",\"logo\":{\"@type\":\"ImageObject\",\"inLanguage\":\"hr\",\"@id\":\"https:\\\/\\\/www.versiegelung24.com\\\/hr\\\/#\\\/schema\\\/logo\\\/image\\\/\",\"url\":\"https:\\\/\\\/www.versiegelung24.com\\\/wp-content\\\/uploads\\\/2020\\\/04\\\/versiegelung24.png\",\"contentUrl\":\"https:\\\/\\\/www.versiegelung24.com\\\/wp-content\\\/uploads\\\/2020\\\/04\\\/versiegelung24.png\",\"width\":470,\"height\":102,\"caption\":\"versiegelung24\"},\"image\":{\"@id\":\"https:\\\/\\\/www.versiegelung24.com\\\/hr\\\/#\\\/schema\\\/logo\\\/image\\\/\"}}]}<\/script>\n<meta property=\"og:availability\" content=\"instock\" \/>\n<meta property=\"product:availability\" content=\"instock\" \/>\n<meta property=\"product:retailer_item_id\" content=\"4005-7675-muster\" \/>\n<meta property=\"product:condition\" content=\"new\" \/>\n<!-- \/ Yoast SEO Premium plugin. -->","yoast_head_json":{"title":"Uzorak: Univerzalno brtvilo 7675 za \"tvrde\"\/neupijaju\u0107e povr\u0161ine - 4005-7675 - versiegelung24.com","robots":{"index":"index","follow":"follow","max-snippet":"max-snippet:-1","max-image-preview":"max-image-preview:large","max-video-preview":"max-video-preview:-1"},"canonical":"https:\/\/www.versiegelung24.com\/hr\/uzorak-univerzalno-brtvljenje-7675-za-tvrde-neupijajuce-povrsine.html","og_locale":"hr_HR","og_type":"article","og_title":"Uzorak: Univerzalno brtvilo 7675 za \"tvrde\"\/neupijaju\u0107e povr\u0161ine - 4005-7675","og_description":"**NOVO** Visoko u\u010dinkovita profesionalna univerzalna brtva za \"tvrde\"\/neupijaju\u0107e povr\u0161ine kao \u0161to su: \u2713 Staklo \u2713 Kerami\u010dke povr\u0161ine \u2713 Plasti\u010dne povr\u0161ine \u2713 Metalne povr\u0161ine \u2713 S u\u010dinkom koji se lako \u010disti","og_url":"https:\/\/www.versiegelung24.com\/hr\/uzorak-univerzalno-brtvljenje-7675-za-tvrde-neupijajuce-povrsine.html","og_site_name":"versiegelung24.com","article_modified_time":"2025-01-05T14:41:02+00:00","og_image":[{"width":1000,"height":1000,"url":"https:\/\/www.versiegelung24.com\/wp-content\/uploads\/2020\/04\/versiegelung-muster.png","type":"image\/png"}],"twitter_card":"summary_large_image","twitter_misc":{"Availability":"In stock"},"schema":{"@context":"https:\/\/schema.org","@graph":[{"@type":"WebPage","@id":"https:\/\/www.versiegelung24.com\/hr\/uzorak-univerzalno-brtvljenje-7675-za-tvrde-neupijajuce-povrsine.html","url":"https:\/\/www.versiegelung24.com\/hr\/uzorak-univerzalno-brtvljenje-7675-za-tvrde-neupijajuce-povrsine.html","name":"Uzorak: Univerzalno brtvilo 7675 za \"tvrde\"\/neupijaju\u0107e povr\u0161ine - 4005-7675 - versiegelung24.com","isPartOf":{"@id":"https:\/\/www.versiegelung24.com\/hr\/#website"},"primaryImageOfPage":{"@id":"https:\/\/www.versiegelung24.com\/hr\/uzorak-univerzalno-brtvljenje-7675-za-tvrde-neupijajuce-povrsine.html#primaryimage"},"image":{"@id":"https:\/\/www.versiegelung24.com\/hr\/uzorak-univerzalno-brtvljenje-7675-za-tvrde-neupijajuce-povrsine.html#primaryimage"},"thumbnailUrl":"https:\/\/www.versiegelung24.com\/wp-content\/uploads\/2020\/04\/versiegelung-muster.png","datePublished":"2020-04-29T19:00:08+00:00","dateModified":"2025-01-05T14:41:02+00:00","breadcrumb":{"@id":"https:\/\/www.versiegelung24.com\/hr\/uzorak-univerzalno-brtvljenje-7675-za-tvrde-neupijajuce-povrsine.html#breadcrumb"},"inLanguage":"hr","potentialAction":[{"@type":"ReadAction","target":["https:\/\/www.versiegelung24.com\/hr\/uzorak-univerzalno-brtvljenje-7675-za-tvrde-neupijajuce-povrsine.html"]}]},{"@type":"ImageObject","inLanguage":"hr","@id":"https:\/\/www.versiegelung24.com\/hr\/uzorak-univerzalno-brtvljenje-7675-za-tvrde-neupijajuce-povrsine.html#primaryimage","url":"https:\/\/www.versiegelung24.com\/wp-content\/uploads\/2020\/04\/versiegelung-muster.png","contentUrl":"https:\/\/www.versiegelung24.com\/wp-content\/uploads\/2020\/04\/versiegelung-muster.png","width":1000,"height":1000},{"@type":"BreadcrumbList","@id":"https:\/\/www.versiegelung24.com\/hr\/uzorak-univerzalno-brtvljenje-7675-za-tvrde-neupijajuce-povrsine.html#breadcrumb","itemListElement":[{"@type":"ListItem","position":1,"name":"Po\u010detna stranica","item":"https:\/\/www.versiegelung24.com\/hr\/ispred\/"},{"@type":"ListItem","position":2,"name":"Du\u0107an","item":"https:\/\/www.versiegelung24.com\/hr\/ducan\/"},{"@type":"ListItem","position":3,"name":"Uzorak: Univerzalno brtvilo 7675 za &#8220;tvrde&#8221;\/neupijaju\u0107e povr\u0161ine &#8211; 4005-7675"}]},{"@type":"WebSite","@id":"https:\/\/www.versiegelung24.com\/hr\/#website","url":"https:\/\/www.versiegelung24.com\/hr\/","name":"versiegelung24.com","description":"Fl\u00fcssigglas-Versiegelung - Made in Germany","publisher":{"@id":"https:\/\/www.versiegelung24.com\/hr\/#organization"},"potentialAction":[{"@type":"SearchAction","target":{"@type":"EntryPoint","urlTemplate":"https:\/\/www.versiegelung24.com\/hr\/?s={search_term_string}"},"query-input":{"@type":"PropertyValueSpecification","valueRequired":true,"valueName":"search_term_string"}}],"inLanguage":"hr"},{"@type":"Organization","@id":"https:\/\/www.versiegelung24.com\/hr\/#organization","name":"versiegelung24","url":"https:\/\/www.versiegelung24.com\/hr\/","logo":{"@type":"ImageObject","inLanguage":"hr","@id":"https:\/\/www.versiegelung24.com\/hr\/#\/schema\/logo\/image\/","url":"https:\/\/www.versiegelung24.com\/wp-content\/uploads\/2020\/04\/versiegelung24.png","contentUrl":"https:\/\/www.versiegelung24.com\/wp-content\/uploads\/2020\/04\/versiegelung24.png","width":470,"height":102,"caption":"versiegelung24"},"image":{"@id":"https:\/\/www.versiegelung24.com\/hr\/#\/schema\/logo\/image\/"}}]},"og_availability":"instock","product_availability":"instock","product_retailer_item_id":"4005-7675-muster","product_condition":"new"},"_links":{"self":[{"href":"https:\/\/www.versiegelung24.com\/hr\/wp-json\/wp\/v2\/product\/24751","targetHints":{"allow":["GET"]}}],"collection":[{"href":"https:\/\/www.versiegelung24.com\/hr\/wp-json\/wp\/v2\/product"}],"about":[{"href":"https:\/\/www.versiegelung24.com\/hr\/wp-json\/wp\/v2\/types\/product"}],"version-history":[{"count":3,"href":"https:\/\/www.versiegelung24.com\/hr\/wp-json\/wp\/v2\/product\/24751\/revisions"}],"predecessor-version":[{"id":141050,"href":"https:\/\/www.versiegelung24.com\/hr\/wp-json\/wp\/v2\/product\/24751\/revisions\/141050"}],"wp:featuredmedia":[{"embeddable":true,"href":"https:\/\/www.versiegelung24.com\/hr\/wp-json\/wp\/v2\/media\/14603"}],"wp:attachment":[{"href":"https:\/\/www.versiegelung24.com\/hr\/wp-json\/wp\/v2\/media?parent=24751"}],"wp:term":[{"taxonomy":"product_brand","embeddable":true,"href":"https:\/\/www.versiegelung24.com\/hr\/wp-json\/wp\/v2\/product_brand?post=24751"},{"taxonomy":"product_cat","embeddable":true,"href":"https:\/\/www.versiegelung24.com\/hr\/wp-json\/wp\/v2\/product_cat?post=24751"},{"taxonomy":"product_tag","embeddable":true,"href":"https:\/\/www.versiegelung24.com\/hr\/wp-json\/wp\/v2\/product_tag?post=24751"}],"curies":[{"name":"wp","href":"https:\/\/api.w.org\/{rel}","templated":true}]}}