{"id":37423,"date":"2021-09-27T11:17:44","date_gmt":"2021-09-27T09:31:17","guid":{"rendered":"https:\/\/www.versiegelung24.com\/produkt\/zastitni-sloj-mobilnog-telefona-od-tekuceg-stakla-protiv-bakterija-i-virusa"},"modified":"2025-01-04T00:27:04","modified_gmt":"2025-01-03T23:27:04","slug":"mobilni-telefon-tekuce-staklo-zastitna-prevlaka-protiv-bakterijskih-virusa","status":"publish","type":"product","link":"https:\/\/www.versiegelung24.com\/hr\/prakticno-tekuce-staklo-zastitni-sloj-protiv-bakterija-virusa.html","title":{"rendered":"Dugotrajno dezinficijens za pametne telefone i mobitele protiv bakterija i virusa"},"content":{"rendered":"\n<h2 class=\"wp-block-heading\" id=\"h-neuheit-am-markt-smartphones-amp-handys-fur-3-monate-mit-einer-unsichtbaren-flussigglas-schicht-gegen-bakterien-viren-und-pilze-schutzen\">Novost na tr\u017ei\u0161tu: za\u0161titite pametne telefone i mobitele 3 mjeseca s nevidljivim slojem teku\u0107eg stakla od bakterija, virusa i gljivica<\/h2>\n<div class=\"wp-block-image\">\n<figure class=\"aligncenter size-large\"><img fetchpriority=\"high\" decoding=\"async\" width=\"2560\" height=\"1440\" src=\"https:\/\/www.versiegelung24.com\/wp-content\/uploads\/2021\/09\/handy_bakterien-viren-edited-scaled.jpeg\" alt=\"\" class=\"wp-image-38698\" srcset=\"https:\/\/www.versiegelung24.com\/wp-content\/uploads\/2021\/09\/handy_bakterien-viren-edited-scaled.jpeg 2560w, https:\/\/www.versiegelung24.com\/wp-content\/uploads\/2021\/09\/handy_bakterien-viren-edited-scaled-600x338.jpeg 600w, https:\/\/www.versiegelung24.com\/wp-content\/uploads\/2021\/09\/handy_bakterien-viren-edited-300x169.jpeg 300w, https:\/\/www.versiegelung24.com\/wp-content\/uploads\/2021\/09\/handy_bakterien-viren-edited-1300x731.jpeg 1300w, https:\/\/www.versiegelung24.com\/wp-content\/uploads\/2021\/09\/handy_bakterien-viren-edited-768x432.jpeg 768w, https:\/\/www.versiegelung24.com\/wp-content\/uploads\/2021\/09\/handy_bakterien-viren-edited-1536x864.jpeg 1536w, https:\/\/www.versiegelung24.com\/wp-content\/uploads\/2021\/09\/handy_bakterien-viren-edited-2048x1152.jpeg 2048w\" sizes=\"(max-width: 2560px) 100vw, 2560px\" \/><figcaption class=\"wp-element-caption\">Pametni telefon kao prijenosnik bakterija, virusa i gljivica<\/figcaption><\/figure>\n<\/div>\n<p>Danas je pametni telefon stalni pratilac. Pokupe ga stotine puta mnogi ljudi tijekom dana. Mobitel je prisutan posvuda <strong>&#8211;<\/strong> bilo kada spavate i odmarate, bilo na WC-u ili tijekom sporta i razonode. Prava gozba za prijenos virusa i bakterija. <\/p>\n\n<p>Korisnik bi trebao ozbiljno shvatiti opasnost od bakterija, kao i gljivica i virusa na pametnim telefonima. Ne samo da su nehigijenski, ve\u0107 mogu utjecati i na dobrobit i zdravlje. Ina\u010de, puno je ugodnije koristiti sveukupno \u010dist i higijenski odr\u017eavan mobitel ili pametni telefon.<\/p>\n\n<hr\/>\n\n<h4 class=\"wp-block-heading\" id=\"video\">Video<\/h4>\n\n<figure class=\"wp-block-embed aligncenter is-type-rich is-provider-handler-einbetten wp-block-embed-handler-einbetten wp-embed-aspect-16-9 wp-has-aspect-ratio\"><div class=\"wp-block-embed__wrapper\"> \n<div class=\"nv-iframe-embed\"><iframe title=\"Award-winning Mobile Phone Sanitizer by LiquiGlas (904)\" width=\"1200\" height=\"675\" src=\"https:\/\/www.youtube.com\/embed\/OPwnhKcFTvA?feature=oembed\" frameborder=\"0\" allow=\"accelerometer; autoplay; clipboard-write; encrypted-media; gyroscope; picture-in-picture\" allowfullscreen><\/iframe><\/div>\n <\/div><\/figure>\n\n<hr\/>\n\n<h4 class=\"wp-block-heading\" id=\"properties\">Zna\u010dajke proizvoda<\/h4>\n\n<div class=\"wp-block-columns is-layout-flex wp-container-core-columns-is-layout-9d6595d7 wp-block-columns-is-layout-flex\">\n<div class=\"wp-block-column is-layout-flow wp-block-column-is-layout-flow\">\n<h2 class=\"wp-block-heading\" id=\"die-highlights-auf-einen-blick\">Najva\u017enije na prvi pogled<\/h2>\n\n\n\n<p>&#8211; izuzetna do jedinstvene dugoro\u010dne za\u0161tite od bakterija<br\/> &#8211; zajam\u010dena neutralizacija bakterija, gljivica i virusa<br\/> &#8211; jednostavno i bez problema kori\u0161tenje<br\/> &#8211; Medicinska dezinfekcija<br\/> &#8211; dodatna za\u0161tita od koronavirusa<br\/> &#8211; nagra\u0111en MedTech nagradom 2020. &#8211; najbolji dugoro\u010dni u\u010dinak na povr\u0161ine protiv patogena<\/p>\n<\/div>\n\n\n\n<div class=\"wp-block-column is-layout-flow wp-block-column-is-layout-flow\">\n<h2 class=\"wp-block-heading\" id=\"lieferumfang\">opseg isporuke<\/h2>\n\n\n\n<p>12 antibakterijskih maramica, koje se koriste jednom tjedno = 3 mjeseca<\/p>\n<\/div>\n<\/div>\n\n<hr\/>\n\n<h4 class=\"wp-block-heading\" id=\"application\">Primjena<\/h4>\n\n<h2 class=\"wp-block-heading\" id=\"die-anwendung-hygienisch-sauberes-handy\">Aplikacija &#8211; Higijenski \u010dist mobitel<\/h2>\n\n<div class=\"wp-block-getwid-toggle has-icon-left\">\n<div class=\"wp-block-getwid-toggle__row\"><div class=\"wp-block-getwid-toggle__header-wrapper\"><span class=\"wp-block-getwid-toggle__header\"><a href=\"#\"><span class=\"wp-block-getwid-toggle__header-title\">1. Smartphone s\u00e4ubern<\/span><span class=\"wp-block-getwid-toggle__icon is-active\"><i class=\"fas fa-plus\"><\/i><\/span><span class=\"wp-block-getwid-toggle__icon is-passive\"><i class=\"fas fa-minus\"><\/i><\/span><\/a><\/span><\/div><div class=\"wp-block-getwid-toggle__content-wrapper\"><div class=\"wp-block-getwid-toggle__content\">\n<p>Krajnji ure\u0111aj se s prednje i stra\u017enje strane obri\u0161e krpom od mikrovlakana ili suhom krpom koja ne ostavlja dla\u010dice s ciljem uklanjanja otisaka prstiju, prljav\u0161tine i eventualnih ogrebotina.<\/p>\n<\/div><\/div><\/div>\n\n\n\n<div class=\"wp-block-getwid-toggle__row\"><div class=\"wp-block-getwid-toggle__header-wrapper\"><span class=\"wp-block-getwid-toggle__header\"><a href=\"#\"><span class=\"wp-block-getwid-toggle__header-title\">2. Smartphone desinfizieren<\/span><span class=\"wp-block-getwid-toggle__icon is-active\"><i class=\"fas fa-plus\"><\/i><\/span><span class=\"wp-block-getwid-toggle__icon is-passive\"><i class=\"fas fa-minus\"><\/i><\/span><\/a><\/span><\/div><div class=\"wp-block-getwid-toggle__content-wrapper\"><div class=\"wp-block-getwid-toggle__content\">\n<p>Otvara se pakiranje od 12 komada i uklanja se prva skupljaju\u0107a dezinfekcijska maramica. Jednom stranom dezinfekcijske maramice mobitel se ponovno temeljito \u010disti s prednje i stra\u017enje strane, odnosno bri\u0161e. Krajnji ure\u0111aj se zatim dezinficira oko 30 sekundi drugom, jo\u0161 uvijek \u010distom stranom krpe. Kao rezultat toga, na njegovoj povr\u0161ini se razvija lagani veo.<\/p>\n<\/div><\/div><\/div>\n\n\n\n<div class=\"wp-block-getwid-toggle__row\"><div class=\"wp-block-getwid-toggle__header-wrapper\"><span class=\"wp-block-getwid-toggle__header\"><a href=\"#\"><span class=\"wp-block-getwid-toggle__header-title\">3. Trocknungsvorgang<\/span><span class=\"wp-block-getwid-toggle__icon is-active\"><i class=\"fas fa-plus\"><\/i><\/span><span class=\"wp-block-getwid-toggle__icon is-passive\"><i class=\"fas fa-minus\"><\/i><\/span><\/a><\/span><\/div><div class=\"wp-block-getwid-toggle__content-wrapper\"><div class=\"wp-block-getwid-toggle__content\">\n<p>Nakon toga slijedi proces su\u0161enja od dvije do tri minute. Nanesena teku\u0107ina djeluje i stvara dezinfekcijski za\u0161titni sloj.<\/p>\n<\/div><\/div><\/div>\n\n\n\n<div class=\"wp-block-getwid-toggle__row\"><div class=\"wp-block-getwid-toggle__header-wrapper\"><span class=\"wp-block-getwid-toggle__header\"><a href=\"#\"><span class=\"wp-block-getwid-toggle__header-title\">4. Nachpolieren<\/span><span class=\"wp-block-getwid-toggle__icon is-active\"><i class=\"fas fa-plus\"><\/i><\/span><span class=\"wp-block-getwid-toggle__icon is-passive\"><i class=\"fas fa-minus\"><\/i><\/span><\/a><\/span><\/div><div class=\"wp-block-getwid-toggle__content-wrapper\"><div class=\"wp-block-getwid-toggle__content\">\n<p>Nakon zavr\u0161etka procesa su\u0161enja, mobitel se ponovno polira \u010distom krpom za su\u0161enje <strong>&#8211;<\/strong> na primjer od mikrovlakana <strong>&#8211;<\/strong> sve dok na povr\u0161ini ne ostane mrlja. Dugoro\u010dna dezinfekciona za\u0161tita koja je sada razvijena djeluje nesmanjenim intenzitetom sljede\u0107ih sedam do deset dana.<\/p>\n<\/div><\/div><\/div>\n<\/div>\n\n<br\/>\n\n<hr\/>\n\n<h4 class=\"wp-block-heading\" id=\"advisor\">savjetnik<\/h4>\n\n<h2 class=\"wp-block-heading\" id=\"award-gewinner-handy-desinfektion-raumt-ab\">Dobitnik nagrade &#8211; dezinfekcija mobitela ra\u0161\u010di\u0161\u0107ena<\/h2>\n\n<p>Novost na tr\u017ei\u0161tu za za\u0161titu od dezinfekcije mobilnih krajnjih ure\u0111aja kao \u0161to su mobilni telefoni, pametni telefoni ili tableti je pakiranje od 12 maramica za za\u0161titu od bakterija iz CCM\u00ae-a. CCM je skra\u0107enica od Creative Chemical Manufacturer GmbH, sa sjedi\u0161tem u Overathu, Sjeverna Rajna-Vestfalija.<\/p>\n\n<figure class=\"wp-block-image size-full\"><img decoding=\"async\" width=\"700\" height=\"207\" src=\"https:\/\/www.versiegelung24.com\/wp-content\/uploads\/2021\/09\/2020-MedTech-Awards-2.png\" alt=\"\" class=\"wp-image-37295\" srcset=\"https:\/\/www.versiegelung24.com\/wp-content\/uploads\/2021\/09\/2020-MedTech-Awards-2.png 700w, https:\/\/www.versiegelung24.com\/wp-content\/uploads\/2021\/09\/2020-MedTech-Awards-2-600x177.png 600w, https:\/\/www.versiegelung24.com\/wp-content\/uploads\/2021\/09\/2020-MedTech-Awards-2-300x89.png 300w\" sizes=\"(max-width: 700px) 100vw, 700px\" \/><figcaption class=\"wp-element-caption\"><strong>Dobitnik MedTech nagrade &#8211; najbolje rje\u0161enje za dugoro\u010dnu za\u0161titu od patogena<\/strong><\/figcaption><\/figure>\n\n<h2 class=\"wp-block-heading\" id=\"ohne-handy-und-smartphone-desinfizieren-geht-es-einfach-nicht\">Jednostavno ne ide bez dezinfekcije mobitela i pametnog telefona!<\/h2>\n\n<p>Ljudi su sada navikli redovito prati i dezinficirati ruke. Utoliko je va\u017enije ne zaboraviti dezinficirati vlastiti pametni telefon. Ako se pravilno rukuje, za\u0161titna krpa od bakterija razvija stalan u\u010dinak dezinfekcije do deset dana. Uz pakiranje od 12, krajnji ure\u0111aj je uvijek u savr\u0161enom higijenskom stanju \u010detvrt godine.<\/p>\n\n<p><\/p>\n\n<p><strong>Redovita uporaba dvanaest za\u0161titnih krpica stvara ultra tanak sloj teku\u0107eg stakla na povr\u0161ini pametnog telefona.<\/strong> Sprje\u010dava stvaranje i kasnije naseljavanje patogena. Kao pozitivna nuspojava, povr\u0161ina postaje sve glatkija i mo\u017ee se vrlo lako \u010distiti. Ovaj u\u010dinak se pove\u0107ava \u0161to se dulje koriste dezinfekcijske maramice.<\/p>\n","protected":false},"excerpt":{"rendered":"<p>Novost na tr\u017ei\u0161tu za za\u0161titu od dezinfekcije mobilnih krajnjih ure\u0111aja kao \u0161to su mobilni telefoni, pametni telefoni ili tableti je pakiranje od 12 maramica za za\u0161titu od bakterija iz CCM\u00ae-a.<\/p>\n<p>Certificiran s MedTech nagradom &#8221; <strong>Najbolje dugoro\u010dno rje\u0161enje za za\u0161titu od patogena&#8221;<\/p>\n<p><\/strong><\/p>\n<p><img decoding=\"async\" class=\"alignnone size-medium wp-image-37295\" src=\"https:\/\/www.versiegelung24.com\/wp-content\/uploads\/2021\/09\/2020-MedTech-Awards-2-300x89.png\" alt=\"\" width=\"300\" height=\"89\" srcset=\"https:\/\/www.versiegelung24.com\/wp-content\/uploads\/2021\/09\/2020-MedTech-Awards-2-300x89.png 300w, https:\/\/www.versiegelung24.com\/wp-content\/uploads\/2021\/09\/2020-MedTech-Awards-2-600x177.png 600w, https:\/\/www.versiegelung24.com\/wp-content\/uploads\/2021\/09\/2020-MedTech-Awards-2.png 700w\" sizes=\"(max-width: 300px) 100vw, 300px\" \/><\/p>\n","protected":false},"featured_media":63234,"template":"","meta":{"_acf_changed":false,"neve_meta_sidebar":"","neve_meta_container":"","neve_meta_enable_content_width":"","neve_meta_content_width":0,"neve_meta_title_alignment":"","neve_meta_author_avatar":"","neve_post_elements_order":"","neve_meta_disable_header":"","neve_meta_disable_footer":"","neve_meta_disable_title":"","neve_meta_reading_time":"","_surfaces":[],"_ver_product_tabs":[],"footnotes":""},"product_brand":[],"product_cat":[2284,3171],"product_tag":[],"class_list":{"0":"post-37423","1":"product","2":"type-product","3":"status-publish","4":"has-post-thumbnail","6":"product_cat-dezinficijensi","7":"product_cat-sredstvo-za-dezinfekciju-mobitela","9":"first","10":"instock","11":"taxable","12":"shipping-taxable","13":"purchasable","14":"product-type-simple"},"acf":[],"yoast_head":"<!-- This site is optimized with the Yoast SEO Premium plugin v22.8 (Yoast SEO v27.5) - https:\/\/yoast.com\/product\/yoast-seo-premium-wordpress\/ -->\n<title>Dugotrajno dezinficijens za pametne telefone i mobitele protiv bakterija i virusa - versiegelung24.com<\/title>\n<meta name=\"robots\" content=\"index, follow, max-snippet:-1, max-image-preview:large, max-video-preview:-1\" \/>\n<link rel=\"canonical\" href=\"https:\/\/www.versiegelung24.com\/hr\/prakticno-tekuce-staklo-zastitni-sloj-protiv-bakterija-virusa.html\" \/>\n<meta property=\"og:locale\" content=\"hr_HR\" \/>\n<meta property=\"og:type\" content=\"article\" \/>\n<meta property=\"og:title\" content=\"Dugotrajno dezinficijens za pametne telefone i mobitele protiv bakterija i virusa\" \/>\n<meta property=\"og:description\" content=\"Novost na tr\u017ei\u0161tu za za\u0161titu od dezinfekcije mobilnih krajnjih ure\u0111aja kao \u0161to su mobilni telefoni, pametni telefoni ili tableti je pakiranje od 12 maramica za za\u0161titu od bakterija iz CCM\u00ae-a. Certificiran s MedTech nagradom &quot; Najbolje dugoro\u010dno rje\u0161enje za za\u0161titu od patogena&quot;\" \/>\n<meta property=\"og:url\" content=\"https:\/\/www.versiegelung24.com\/hr\/prakticno-tekuce-staklo-zastitni-sloj-protiv-bakterija-virusa.html\" \/>\n<meta property=\"og:site_name\" content=\"versiegelung24.com\" \/>\n<meta property=\"article:modified_time\" content=\"2025-01-03T23:27:04+00:00\" \/>\n<meta property=\"og:image\" content=\"https:\/\/www.versiegelung24.com\/wp-content\/uploads\/2021\/09\/produkt-4009-904-Handy-Bakterienschutz-Verpackung1.jpg\" \/>\n\t<meta property=\"og:image:width\" content=\"2000\" \/>\n\t<meta property=\"og:image:height\" content=\"2000\" \/>\n\t<meta property=\"og:image:type\" content=\"image\/jpeg\" \/>\n<meta name=\"twitter:card\" content=\"summary_large_image\" \/>\n<meta name=\"twitter:label1\" content=\"Price\" \/>\n\t<meta name=\"twitter:data1\" content=\"10,99&euro;\" \/>\n\t<meta name=\"twitter:label2\" content=\"Availability\" \/>\n\t<meta name=\"twitter:data2\" content=\"In stock\" \/>\n<script type=\"application\/ld+json\" class=\"yoast-schema-graph\">{\"@context\":\"https:\\\/\\\/schema.org\",\"@graph\":[{\"@type\":\"WebPage\",\"@id\":\"https:\\\/\\\/www.versiegelung24.com\\\/hr\\\/prakticno-tekuce-staklo-zastitni-sloj-protiv-bakterija-virusa.html\",\"url\":\"https:\\\/\\\/www.versiegelung24.com\\\/hr\\\/prakticno-tekuce-staklo-zastitni-sloj-protiv-bakterija-virusa.html\",\"name\":\"Dugotrajno dezinficijens za pametne telefone i mobitele protiv bakterija i virusa - versiegelung24.com\",\"isPartOf\":{\"@id\":\"https:\\\/\\\/www.versiegelung24.com\\\/hr\\\/#website\"},\"primaryImageOfPage\":{\"@id\":\"https:\\\/\\\/www.versiegelung24.com\\\/hr\\\/prakticno-tekuce-staklo-zastitni-sloj-protiv-bakterija-virusa.html#primaryimage\"},\"image\":{\"@id\":\"https:\\\/\\\/www.versiegelung24.com\\\/hr\\\/prakticno-tekuce-staklo-zastitni-sloj-protiv-bakterija-virusa.html#primaryimage\"},\"thumbnailUrl\":\"https:\\\/\\\/www.versiegelung24.com\\\/wp-content\\\/uploads\\\/2021\\\/09\\\/produkt-4009-904-Handy-Bakterienschutz-Verpackung1.jpg\",\"datePublished\":\"2021-09-27T09:31:17+00:00\",\"dateModified\":\"2025-01-03T23:27:04+00:00\",\"breadcrumb\":{\"@id\":\"https:\\\/\\\/www.versiegelung24.com\\\/hr\\\/prakticno-tekuce-staklo-zastitni-sloj-protiv-bakterija-virusa.html#breadcrumb\"},\"inLanguage\":\"hr\",\"potentialAction\":[{\"@type\":\"ReadAction\",\"target\":[\"https:\\\/\\\/www.versiegelung24.com\\\/hr\\\/prakticno-tekuce-staklo-zastitni-sloj-protiv-bakterija-virusa.html\"]}]},{\"@type\":\"ImageObject\",\"inLanguage\":\"hr\",\"@id\":\"https:\\\/\\\/www.versiegelung24.com\\\/hr\\\/prakticno-tekuce-staklo-zastitni-sloj-protiv-bakterija-virusa.html#primaryimage\",\"url\":\"https:\\\/\\\/www.versiegelung24.com\\\/wp-content\\\/uploads\\\/2021\\\/09\\\/produkt-4009-904-Handy-Bakterienschutz-Verpackung1.jpg\",\"contentUrl\":\"https:\\\/\\\/www.versiegelung24.com\\\/wp-content\\\/uploads\\\/2021\\\/09\\\/produkt-4009-904-Handy-Bakterienschutz-Verpackung1.jpg\",\"width\":2000,\"height\":2000},{\"@type\":\"BreadcrumbList\",\"@id\":\"https:\\\/\\\/www.versiegelung24.com\\\/hr\\\/prakticno-tekuce-staklo-zastitni-sloj-protiv-bakterija-virusa.html#breadcrumb\",\"itemListElement\":[{\"@type\":\"ListItem\",\"position\":1,\"name\":\"Po\u010detna stranica\",\"item\":\"https:\\\/\\\/www.versiegelung24.com\\\/hr\\\/ispred\\\/\"},{\"@type\":\"ListItem\",\"position\":2,\"name\":\"Du\u0107an\",\"item\":\"https:\\\/\\\/www.versiegelung24.com\\\/hr\\\/ducan\\\/\"},{\"@type\":\"ListItem\",\"position\":3,\"name\":\"Dugotrajno dezinficijens za pametne telefone i mobitele protiv bakterija i virusa\"}]},{\"@type\":\"WebSite\",\"@id\":\"https:\\\/\\\/www.versiegelung24.com\\\/hr\\\/#website\",\"url\":\"https:\\\/\\\/www.versiegelung24.com\\\/hr\\\/\",\"name\":\"versiegelung24.com\",\"description\":\"Fl\u00fcssigglas-Versiegelung - Made in Germany\",\"publisher\":{\"@id\":\"https:\\\/\\\/www.versiegelung24.com\\\/hr\\\/#organization\"},\"potentialAction\":[{\"@type\":\"SearchAction\",\"target\":{\"@type\":\"EntryPoint\",\"urlTemplate\":\"https:\\\/\\\/www.versiegelung24.com\\\/hr\\\/?s={search_term_string}\"},\"query-input\":{\"@type\":\"PropertyValueSpecification\",\"valueRequired\":true,\"valueName\":\"search_term_string\"}}],\"inLanguage\":\"hr\"},{\"@type\":\"Organization\",\"@id\":\"https:\\\/\\\/www.versiegelung24.com\\\/hr\\\/#organization\",\"name\":\"versiegelung24\",\"url\":\"https:\\\/\\\/www.versiegelung24.com\\\/hr\\\/\",\"logo\":{\"@type\":\"ImageObject\",\"inLanguage\":\"hr\",\"@id\":\"https:\\\/\\\/www.versiegelung24.com\\\/hr\\\/#\\\/schema\\\/logo\\\/image\\\/\",\"url\":\"https:\\\/\\\/www.versiegelung24.com\\\/wp-content\\\/uploads\\\/2020\\\/04\\\/versiegelung24.png\",\"contentUrl\":\"https:\\\/\\\/www.versiegelung24.com\\\/wp-content\\\/uploads\\\/2020\\\/04\\\/versiegelung24.png\",\"width\":470,\"height\":102,\"caption\":\"versiegelung24\"},\"image\":{\"@id\":\"https:\\\/\\\/www.versiegelung24.com\\\/hr\\\/#\\\/schema\\\/logo\\\/image\\\/\"}}]}<\/script>\n<meta property=\"product:price:amount\" content=\"10.99\" \/>\n<meta property=\"product:price:currency\" content=\"EUR\" \/>\n<meta property=\"og:availability\" content=\"instock\" \/>\n<meta property=\"product:availability\" content=\"instock\" \/>\n<meta property=\"product:retailer_item_id\" content=\"4009-904\" \/>\n<meta property=\"product:condition\" content=\"new\" \/>\n<!-- \/ Yoast SEO Premium plugin. -->","yoast_head_json":{"title":"Dugotrajno dezinficijens za pametne telefone i mobitele protiv bakterija i virusa - versiegelung24.com","robots":{"index":"index","follow":"follow","max-snippet":"max-snippet:-1","max-image-preview":"max-image-preview:large","max-video-preview":"max-video-preview:-1"},"canonical":"https:\/\/www.versiegelung24.com\/hr\/prakticno-tekuce-staklo-zastitni-sloj-protiv-bakterija-virusa.html","og_locale":"hr_HR","og_type":"article","og_title":"Dugotrajno dezinficijens za pametne telefone i mobitele protiv bakterija i virusa","og_description":"Novost na tr\u017ei\u0161tu za za\u0161titu od dezinfekcije mobilnih krajnjih ure\u0111aja kao \u0161to su mobilni telefoni, pametni telefoni ili tableti je pakiranje od 12 maramica za za\u0161titu od bakterija iz CCM\u00ae-a. Certificiran s MedTech nagradom \" Najbolje dugoro\u010dno rje\u0161enje za za\u0161titu od patogena\"","og_url":"https:\/\/www.versiegelung24.com\/hr\/prakticno-tekuce-staklo-zastitni-sloj-protiv-bakterija-virusa.html","og_site_name":"versiegelung24.com","article_modified_time":"2025-01-03T23:27:04+00:00","og_image":[{"width":2000,"height":2000,"url":"https:\/\/www.versiegelung24.com\/wp-content\/uploads\/2021\/09\/produkt-4009-904-Handy-Bakterienschutz-Verpackung1.jpg","type":"image\/jpeg"}],"twitter_card":"summary_large_image","twitter_misc":{"Price":"10,99&euro;","Availability":"In stock"},"schema":{"@context":"https:\/\/schema.org","@graph":[{"@type":"WebPage","@id":"https:\/\/www.versiegelung24.com\/hr\/prakticno-tekuce-staklo-zastitni-sloj-protiv-bakterija-virusa.html","url":"https:\/\/www.versiegelung24.com\/hr\/prakticno-tekuce-staklo-zastitni-sloj-protiv-bakterija-virusa.html","name":"Dugotrajno dezinficijens za pametne telefone i mobitele protiv bakterija i virusa - versiegelung24.com","isPartOf":{"@id":"https:\/\/www.versiegelung24.com\/hr\/#website"},"primaryImageOfPage":{"@id":"https:\/\/www.versiegelung24.com\/hr\/prakticno-tekuce-staklo-zastitni-sloj-protiv-bakterija-virusa.html#primaryimage"},"image":{"@id":"https:\/\/www.versiegelung24.com\/hr\/prakticno-tekuce-staklo-zastitni-sloj-protiv-bakterija-virusa.html#primaryimage"},"thumbnailUrl":"https:\/\/www.versiegelung24.com\/wp-content\/uploads\/2021\/09\/produkt-4009-904-Handy-Bakterienschutz-Verpackung1.jpg","datePublished":"2021-09-27T09:31:17+00:00","dateModified":"2025-01-03T23:27:04+00:00","breadcrumb":{"@id":"https:\/\/www.versiegelung24.com\/hr\/prakticno-tekuce-staklo-zastitni-sloj-protiv-bakterija-virusa.html#breadcrumb"},"inLanguage":"hr","potentialAction":[{"@type":"ReadAction","target":["https:\/\/www.versiegelung24.com\/hr\/prakticno-tekuce-staklo-zastitni-sloj-protiv-bakterija-virusa.html"]}]},{"@type":"ImageObject","inLanguage":"hr","@id":"https:\/\/www.versiegelung24.com\/hr\/prakticno-tekuce-staklo-zastitni-sloj-protiv-bakterija-virusa.html#primaryimage","url":"https:\/\/www.versiegelung24.com\/wp-content\/uploads\/2021\/09\/produkt-4009-904-Handy-Bakterienschutz-Verpackung1.jpg","contentUrl":"https:\/\/www.versiegelung24.com\/wp-content\/uploads\/2021\/09\/produkt-4009-904-Handy-Bakterienschutz-Verpackung1.jpg","width":2000,"height":2000},{"@type":"BreadcrumbList","@id":"https:\/\/www.versiegelung24.com\/hr\/prakticno-tekuce-staklo-zastitni-sloj-protiv-bakterija-virusa.html#breadcrumb","itemListElement":[{"@type":"ListItem","position":1,"name":"Po\u010detna stranica","item":"https:\/\/www.versiegelung24.com\/hr\/ispred\/"},{"@type":"ListItem","position":2,"name":"Du\u0107an","item":"https:\/\/www.versiegelung24.com\/hr\/ducan\/"},{"@type":"ListItem","position":3,"name":"Dugotrajno dezinficijens za pametne telefone i mobitele protiv bakterija i virusa"}]},{"@type":"WebSite","@id":"https:\/\/www.versiegelung24.com\/hr\/#website","url":"https:\/\/www.versiegelung24.com\/hr\/","name":"versiegelung24.com","description":"Fl\u00fcssigglas-Versiegelung - Made in Germany","publisher":{"@id":"https:\/\/www.versiegelung24.com\/hr\/#organization"},"potentialAction":[{"@type":"SearchAction","target":{"@type":"EntryPoint","urlTemplate":"https:\/\/www.versiegelung24.com\/hr\/?s={search_term_string}"},"query-input":{"@type":"PropertyValueSpecification","valueRequired":true,"valueName":"search_term_string"}}],"inLanguage":"hr"},{"@type":"Organization","@id":"https:\/\/www.versiegelung24.com\/hr\/#organization","name":"versiegelung24","url":"https:\/\/www.versiegelung24.com\/hr\/","logo":{"@type":"ImageObject","inLanguage":"hr","@id":"https:\/\/www.versiegelung24.com\/hr\/#\/schema\/logo\/image\/","url":"https:\/\/www.versiegelung24.com\/wp-content\/uploads\/2020\/04\/versiegelung24.png","contentUrl":"https:\/\/www.versiegelung24.com\/wp-content\/uploads\/2020\/04\/versiegelung24.png","width":470,"height":102,"caption":"versiegelung24"},"image":{"@id":"https:\/\/www.versiegelung24.com\/hr\/#\/schema\/logo\/image\/"}}]},"product_price_amount":"10.99","product_price_currency":"EUR","og_availability":"instock","product_availability":"instock","product_retailer_item_id":"4009-904","product_condition":"new"},"_links":{"self":[{"href":"https:\/\/www.versiegelung24.com\/hr\/wp-json\/wp\/v2\/product\/37423","targetHints":{"allow":["GET"]}}],"collection":[{"href":"https:\/\/www.versiegelung24.com\/hr\/wp-json\/wp\/v2\/product"}],"about":[{"href":"https:\/\/www.versiegelung24.com\/hr\/wp-json\/wp\/v2\/types\/product"}],"version-history":[{"count":15,"href":"https:\/\/www.versiegelung24.com\/hr\/wp-json\/wp\/v2\/product\/37423\/revisions"}],"predecessor-version":[{"id":178042,"href":"https:\/\/www.versiegelung24.com\/hr\/wp-json\/wp\/v2\/product\/37423\/revisions\/178042"}],"wp:featuredmedia":[{"embeddable":true,"href":"https:\/\/www.versiegelung24.com\/hr\/wp-json\/wp\/v2\/media\/63234"}],"wp:attachment":[{"href":"https:\/\/www.versiegelung24.com\/hr\/wp-json\/wp\/v2\/media?parent=37423"}],"wp:term":[{"taxonomy":"product_brand","embeddable":true,"href":"https:\/\/www.versiegelung24.com\/hr\/wp-json\/wp\/v2\/product_brand?post=37423"},{"taxonomy":"product_cat","embeddable":true,"href":"https:\/\/www.versiegelung24.com\/hr\/wp-json\/wp\/v2\/product_cat?post=37423"},{"taxonomy":"product_tag","embeddable":true,"href":"https:\/\/www.versiegelung24.com\/hr\/wp-json\/wp\/v2\/product_tag?post=37423"}],"curies":[{"name":"wp","href":"https:\/\/api.w.org\/{rel}","templated":true}]}}