{"id":46440,"date":"2022-01-04T18:16:33","date_gmt":"2022-01-04T17:16:33","guid":{"rendered":"https:\/\/www.versiegelung24.com\/?post_type=product&#038;p=46440"},"modified":"2026-04-30T14:15:45","modified_gmt":"2026-04-30T12:15:45","slug":"pedexan-boca-za-dezinfekciju-cipela","status":"publish","type":"product","link":"https:\/\/www.versiegelung24.com\/hr\/pedexan-boca-za-dezinfekciju-cipela.html","title":{"rendered":"Pedexan dezinfekcija cipela s dugotrajnim u\u010dinkom 1l boca za punjenje"},"content":{"rendered":"\n<h2 class=\"wp-block-heading\" id=\"pedexan-schuhdesinfektion-alaska-frische-fur-die-schuhe\">Dezinfekcija cipela Pedexan &#8211; Aljaska svje\u017eina za cipele<\/h2>\n\n<p><strong>Prakti\u010dna boca za punjenje od 1 litre za <a href=\"https:\/\/www.versiegelung24.com\/hr\/pedexan-dozator-za-dezinfekciju-cipela-pedspend.html\">Pedexan PedSpend dozator za dezinfekciju cipela s mlazom za raspr\u0161ivanje<\/a> ili <a href=\"https:\/\/www.versiegelung24.com\/pedexan-schuhdesinfection.html\">bocu s raspr\u0161iva\u010dem s pumpom Pedexan od 125 ml<\/a> .<\/strong><\/p>\n\n<p>Ako se radna ili le\u017eerna obu\u0107a intenzivno koristi tijekom du\u017eeg vremenskog razdoblja, \u010desto se stvara idealno okru\u017eenje za razmno\u017eavanje bakterija i gljivica i stvaraju se neugodni mirisi.<\/p>\n\n<p>\u010cak i sa svje\u017eim \u010darapama i prozra\u010divanjem cipela, neugodan smrad ostaje i \u010dak mo\u017ee uzrokovati gadne infekcije na stopalima.<\/p>\n\n<p>Ovdje mo\u017ee pomo\u0107i dezinfekcija cipela <strong>Pedexan<\/strong> . Bakterije i gljivice se u\u010dinkovito uklanjaju, a dugotrajnim u\u010dinkom sprje\u010dava nastanak novih.<\/p>\n\n<p>Svojim alja\u0161kim mirisom, Pedexan osigurava ugodnu svje\u017einu i \u010dak je biokompatibilan.<\/p>\n\n<hr \/>\n\n<h4 class=\"wp-block-heading\" id=\"application\">Primjena<\/h4>\n\n<p>Aplikacija je vrlo jednostavna:<\/p>\n\n<p>&#8211; Poprskajte unutra\u0161njost cipela na otvorenom.<br \/> &#8211; Preporu\u010dujemo 5 do 10 poteza za prvu upotrebu.<br \/> &#8211; Pedexan sredstvo za dezinfekciju cipela koristiti 1-2 puta tjedno ili po potrebi.<\/p>\n\n<hr \/>\n\n<h4 class=\"wp-block-heading\" id=\"advisor\">savjetnik<\/h4>\n\n<p><strong>Sigurnosna napomena:<\/strong><\/p>\n\n<p>Obavezno zabilje\u017eite! Omogu\u0107ite odgovaraju\u0107u ventilaciju tijekom lije\u010denja. Lako zapaljiva teku\u0107ina i para. Izaziva ozbiljnu iritaciju oka. \u010cuvati dalje od topline, vru\u0107ih povr\u0161ina, iskri, otvorenog plamena i drugih izvora paljenja. Nemojte pu\u0161iti. \u010cuvati na hladnom i dobro prozra\u010denom mjestu. Ako je potreban lije\u010dni\u010dki savjet, pripremite spremnik ili naljepnicu. \u010cuvati izvan dohvata djece.<\/p>\n\n<p>Mo\u017ee se koristiti za sve unutarnje povr\u0161ine cipela. Ako ste u nedoumici, testirajte Pedexan na nevidljivom mjestu.<\/p>\n\n<p>Skladi\u0161tenje samo u zatvorenom spremniku. Spremnik se mo\u017ee reciklirati samo kad je potpuno prazan. Ne koristiti nakon isteka roka valjanosti.<\/p>\n\n<p>Biocid Reg. Broj: N-25889<\/p>\n\n<p>Va\u017eno: Biocidne proizvode koristite oprezno. Prije uporabe uvijek pro\u010ditajte naljepnicu i podatke o proizvodu.<\/p>\n\n<hr \/>\n","protected":false},"excerpt":{"rendered":"<p>Dezinfekcija cipela Pedexan &#8211; Aljaska svje\u017eina za cipele Prakti\u010dna boca za punjenje od 1 litre za Pedexan PedSpend dozator za dezinfekciju cipela s mlazom za raspr\u0161ivanje ili bocu s raspr\u0161iva\u010dem s pumpom Pedexan od 125 ml . Ako se radna ili le\u017eerna obu\u0107a intenzivno koristi tijekom du\u017eeg vremenskog razdoblja, \u010desto se stvara idealno okru\u017eenje za&hellip;&nbsp;<a href=\"https:\/\/www.versiegelung24.com\/hr\/pedexan-boca-za-dezinfekciju-cipela.html\" rel=\"bookmark\">Read More &raquo;<span class=\"screen-reader-text\">Pedexan dezinfekcija cipela s dugotrajnim u\u010dinkom 1l boca za punjenje<\/span><\/a><\/p>\n","protected":false},"featured_media":21922,"template":"","meta":{"_acf_changed":false,"neve_meta_sidebar":"","neve_meta_container":"","neve_meta_enable_content_width":"","neve_meta_content_width":0,"neve_meta_title_alignment":"","neve_meta_author_avatar":"","neve_post_elements_order":"","neve_meta_disable_header":"","neve_meta_disable_footer":"","neve_meta_disable_title":"","neve_meta_reading_time":"","_surfaces":[],"_ver_product_tabs":[],"footnotes":""},"product_brand":[],"product_cat":[2284,2834],"product_tag":[],"class_list":{"0":"post-46440","1":"product","2":"type-product","3":"status-publish","4":"has-post-thumbnail","6":"product_cat-dezinficijensi","7":"product_cat-sredstva-za-dezinfekciju-cipela","9":"first","10":"instock","11":"taxable","12":"shipping-taxable","13":"purchasable","14":"product-type-simple"},"acf":[],"yoast_head":"<!-- This site is optimized with the Yoast SEO Premium plugin v22.8 (Yoast SEO v27.5) - https:\/\/yoast.com\/product\/yoast-seo-premium-wordpress\/ -->\n<title>Pedexan dezinfekcija cipela s dugotrajnim u\u010dinkom 1l boca za punjenje - versiegelung24.com<\/title>\n<meta name=\"description\" content=\"Pedexan dezinfekcija cipela - rje\u0161enje protiv neugodnih mirisa i bakterija i gljivica.\" \/>\n<meta name=\"robots\" content=\"index, follow, max-snippet:-1, max-image-preview:large, max-video-preview:-1\" \/>\n<link rel=\"canonical\" href=\"https:\/\/www.versiegelung24.com\/hr\/pedexan-boca-za-dezinfekciju-cipela.html\" \/>\n<meta property=\"og:locale\" content=\"hr_HR\" \/>\n<meta property=\"og:type\" content=\"article\" \/>\n<meta property=\"og:title\" content=\"Pedexan dezinfekcija cipela s dugotrajnim u\u010dinkom 1l boca za punjenje\" \/>\n<meta property=\"og:description\" content=\"Pedexan dezinfekcija cipela - rje\u0161enje protiv neugodnih mirisa i bakterija i gljivica.\" \/>\n<meta property=\"og:url\" content=\"https:\/\/www.versiegelung24.com\/hr\/pedexan-boca-za-dezinfekciju-cipela.html\" \/>\n<meta property=\"og:site_name\" content=\"versiegelung24.com\" \/>\n<meta property=\"article:modified_time\" content=\"2026-04-30T12:15:45+00:00\" \/>\n<meta property=\"og:image\" content=\"https:\/\/www.versiegelung24.com\/wp-content\/uploads\/2021\/03\/pedexan-schuhdesinfektion-1-liter.png\" \/>\n\t<meta property=\"og:image:width\" content=\"2000\" \/>\n\t<meta property=\"og:image:height\" content=\"2000\" \/>\n\t<meta property=\"og:image:type\" content=\"image\/png\" \/>\n<meta name=\"twitter:card\" content=\"summary_large_image\" \/>\n<meta name=\"twitter:label1\" content=\"Price\" \/>\n\t<meta name=\"twitter:data1\" content=\"42,49&euro;\" \/>\n\t<meta name=\"twitter:label2\" content=\"Availability\" \/>\n\t<meta name=\"twitter:data2\" content=\"In stock\" \/>\n<script type=\"application\/ld+json\" class=\"yoast-schema-graph\">{\"@context\":\"https:\\\/\\\/schema.org\",\"@graph\":[{\"@type\":\"WebPage\",\"@id\":\"https:\\\/\\\/www.versiegelung24.com\\\/hr\\\/pedexan-boca-za-dezinfekciju-cipela.html\",\"url\":\"https:\\\/\\\/www.versiegelung24.com\\\/hr\\\/pedexan-boca-za-dezinfekciju-cipela.html\",\"name\":\"Pedexan dezinfekcija cipela s dugotrajnim u\u010dinkom 1l boca za punjenje - versiegelung24.com\",\"isPartOf\":{\"@id\":\"https:\\\/\\\/www.versiegelung24.com\\\/hr\\\/#website\"},\"primaryImageOfPage\":{\"@id\":\"https:\\\/\\\/www.versiegelung24.com\\\/hr\\\/pedexan-boca-za-dezinfekciju-cipela.html#primaryimage\"},\"image\":{\"@id\":\"https:\\\/\\\/www.versiegelung24.com\\\/hr\\\/pedexan-boca-za-dezinfekciju-cipela.html#primaryimage\"},\"thumbnailUrl\":\"https:\\\/\\\/www.versiegelung24.com\\\/wp-content\\\/uploads\\\/2021\\\/03\\\/pedexan-schuhdesinfektion-1-liter.png\",\"datePublished\":\"2022-01-04T17:16:33+00:00\",\"dateModified\":\"2026-04-30T12:15:45+00:00\",\"description\":\"Pedexan dezinfekcija cipela - rje\u0161enje protiv neugodnih mirisa i bakterija i gljivica.\",\"breadcrumb\":{\"@id\":\"https:\\\/\\\/www.versiegelung24.com\\\/hr\\\/pedexan-boca-za-dezinfekciju-cipela.html#breadcrumb\"},\"inLanguage\":\"hr\",\"potentialAction\":[{\"@type\":\"ReadAction\",\"target\":[\"https:\\\/\\\/www.versiegelung24.com\\\/hr\\\/pedexan-boca-za-dezinfekciju-cipela.html\"]}]},{\"@type\":\"ImageObject\",\"inLanguage\":\"hr\",\"@id\":\"https:\\\/\\\/www.versiegelung24.com\\\/hr\\\/pedexan-boca-za-dezinfekciju-cipela.html#primaryimage\",\"url\":\"https:\\\/\\\/www.versiegelung24.com\\\/wp-content\\\/uploads\\\/2021\\\/03\\\/pedexan-schuhdesinfektion-1-liter.png\",\"contentUrl\":\"https:\\\/\\\/www.versiegelung24.com\\\/wp-content\\\/uploads\\\/2021\\\/03\\\/pedexan-schuhdesinfektion-1-liter.png\",\"width\":2000,\"height\":2000},{\"@type\":\"BreadcrumbList\",\"@id\":\"https:\\\/\\\/www.versiegelung24.com\\\/hr\\\/pedexan-boca-za-dezinfekciju-cipela.html#breadcrumb\",\"itemListElement\":[{\"@type\":\"ListItem\",\"position\":1,\"name\":\"Po\u010detna stranica\",\"item\":\"https:\\\/\\\/www.versiegelung24.com\\\/hr\\\/ispred\\\/\"},{\"@type\":\"ListItem\",\"position\":2,\"name\":\"Du\u0107an\",\"item\":\"https:\\\/\\\/www.versiegelung24.com\\\/hr\\\/ducan\\\/\"},{\"@type\":\"ListItem\",\"position\":3,\"name\":\"Pedexan dezinfekcija cipela s dugotrajnim u\u010dinkom 1l boca za punjenje\"}]},{\"@type\":\"WebSite\",\"@id\":\"https:\\\/\\\/www.versiegelung24.com\\\/hr\\\/#website\",\"url\":\"https:\\\/\\\/www.versiegelung24.com\\\/hr\\\/\",\"name\":\"versiegelung24.com\",\"description\":\"Fl\u00fcssigglas-Versiegelung - Made in Germany\",\"publisher\":{\"@id\":\"https:\\\/\\\/www.versiegelung24.com\\\/hr\\\/#organization\"},\"potentialAction\":[{\"@type\":\"SearchAction\",\"target\":{\"@type\":\"EntryPoint\",\"urlTemplate\":\"https:\\\/\\\/www.versiegelung24.com\\\/hr\\\/?s={search_term_string}\"},\"query-input\":{\"@type\":\"PropertyValueSpecification\",\"valueRequired\":true,\"valueName\":\"search_term_string\"}}],\"inLanguage\":\"hr\"},{\"@type\":\"Organization\",\"@id\":\"https:\\\/\\\/www.versiegelung24.com\\\/hr\\\/#organization\",\"name\":\"versiegelung24\",\"url\":\"https:\\\/\\\/www.versiegelung24.com\\\/hr\\\/\",\"logo\":{\"@type\":\"ImageObject\",\"inLanguage\":\"hr\",\"@id\":\"https:\\\/\\\/www.versiegelung24.com\\\/hr\\\/#\\\/schema\\\/logo\\\/image\\\/\",\"url\":\"https:\\\/\\\/www.versiegelung24.com\\\/wp-content\\\/uploads\\\/2020\\\/04\\\/versiegelung24.png\",\"contentUrl\":\"https:\\\/\\\/www.versiegelung24.com\\\/wp-content\\\/uploads\\\/2020\\\/04\\\/versiegelung24.png\",\"width\":470,\"height\":102,\"caption\":\"versiegelung24\"},\"image\":{\"@id\":\"https:\\\/\\\/www.versiegelung24.com\\\/hr\\\/#\\\/schema\\\/logo\\\/image\\\/\"}}]}<\/script>\n<meta property=\"product:price:amount\" content=\"42.49\" \/>\n<meta property=\"product:price:currency\" content=\"EUR\" \/>\n<meta property=\"og:availability\" content=\"instock\" \/>\n<meta property=\"product:availability\" content=\"instock\" \/>\n<meta property=\"product:retailer_item_id\" content=\"PED-1A\" \/>\n<meta property=\"product:condition\" content=\"new\" \/>\n<!-- \/ Yoast SEO Premium plugin. -->","yoast_head_json":{"title":"Pedexan dezinfekcija cipela s dugotrajnim u\u010dinkom 1l boca za punjenje - versiegelung24.com","description":"Pedexan dezinfekcija cipela - rje\u0161enje protiv neugodnih mirisa i bakterija i gljivica.","robots":{"index":"index","follow":"follow","max-snippet":"max-snippet:-1","max-image-preview":"max-image-preview:large","max-video-preview":"max-video-preview:-1"},"canonical":"https:\/\/www.versiegelung24.com\/hr\/pedexan-boca-za-dezinfekciju-cipela.html","og_locale":"hr_HR","og_type":"article","og_title":"Pedexan dezinfekcija cipela s dugotrajnim u\u010dinkom 1l boca za punjenje","og_description":"Pedexan dezinfekcija cipela - rje\u0161enje protiv neugodnih mirisa i bakterija i gljivica.","og_url":"https:\/\/www.versiegelung24.com\/hr\/pedexan-boca-za-dezinfekciju-cipela.html","og_site_name":"versiegelung24.com","article_modified_time":"2026-04-30T12:15:45+00:00","og_image":[{"width":2000,"height":2000,"url":"https:\/\/www.versiegelung24.com\/wp-content\/uploads\/2021\/03\/pedexan-schuhdesinfektion-1-liter.png","type":"image\/png"}],"twitter_card":"summary_large_image","twitter_misc":{"Price":"42,49&euro;","Availability":"In stock"},"schema":{"@context":"https:\/\/schema.org","@graph":[{"@type":"WebPage","@id":"https:\/\/www.versiegelung24.com\/hr\/pedexan-boca-za-dezinfekciju-cipela.html","url":"https:\/\/www.versiegelung24.com\/hr\/pedexan-boca-za-dezinfekciju-cipela.html","name":"Pedexan dezinfekcija cipela s dugotrajnim u\u010dinkom 1l boca za punjenje - versiegelung24.com","isPartOf":{"@id":"https:\/\/www.versiegelung24.com\/hr\/#website"},"primaryImageOfPage":{"@id":"https:\/\/www.versiegelung24.com\/hr\/pedexan-boca-za-dezinfekciju-cipela.html#primaryimage"},"image":{"@id":"https:\/\/www.versiegelung24.com\/hr\/pedexan-boca-za-dezinfekciju-cipela.html#primaryimage"},"thumbnailUrl":"https:\/\/www.versiegelung24.com\/wp-content\/uploads\/2021\/03\/pedexan-schuhdesinfektion-1-liter.png","datePublished":"2022-01-04T17:16:33+00:00","dateModified":"2026-04-30T12:15:45+00:00","description":"Pedexan dezinfekcija cipela - rje\u0161enje protiv neugodnih mirisa i bakterija i gljivica.","breadcrumb":{"@id":"https:\/\/www.versiegelung24.com\/hr\/pedexan-boca-za-dezinfekciju-cipela.html#breadcrumb"},"inLanguage":"hr","potentialAction":[{"@type":"ReadAction","target":["https:\/\/www.versiegelung24.com\/hr\/pedexan-boca-za-dezinfekciju-cipela.html"]}]},{"@type":"ImageObject","inLanguage":"hr","@id":"https:\/\/www.versiegelung24.com\/hr\/pedexan-boca-za-dezinfekciju-cipela.html#primaryimage","url":"https:\/\/www.versiegelung24.com\/wp-content\/uploads\/2021\/03\/pedexan-schuhdesinfektion-1-liter.png","contentUrl":"https:\/\/www.versiegelung24.com\/wp-content\/uploads\/2021\/03\/pedexan-schuhdesinfektion-1-liter.png","width":2000,"height":2000},{"@type":"BreadcrumbList","@id":"https:\/\/www.versiegelung24.com\/hr\/pedexan-boca-za-dezinfekciju-cipela.html#breadcrumb","itemListElement":[{"@type":"ListItem","position":1,"name":"Po\u010detna stranica","item":"https:\/\/www.versiegelung24.com\/hr\/ispred\/"},{"@type":"ListItem","position":2,"name":"Du\u0107an","item":"https:\/\/www.versiegelung24.com\/hr\/ducan\/"},{"@type":"ListItem","position":3,"name":"Pedexan dezinfekcija cipela s dugotrajnim u\u010dinkom 1l boca za punjenje"}]},{"@type":"WebSite","@id":"https:\/\/www.versiegelung24.com\/hr\/#website","url":"https:\/\/www.versiegelung24.com\/hr\/","name":"versiegelung24.com","description":"Fl\u00fcssigglas-Versiegelung - Made in Germany","publisher":{"@id":"https:\/\/www.versiegelung24.com\/hr\/#organization"},"potentialAction":[{"@type":"SearchAction","target":{"@type":"EntryPoint","urlTemplate":"https:\/\/www.versiegelung24.com\/hr\/?s={search_term_string}"},"query-input":{"@type":"PropertyValueSpecification","valueRequired":true,"valueName":"search_term_string"}}],"inLanguage":"hr"},{"@type":"Organization","@id":"https:\/\/www.versiegelung24.com\/hr\/#organization","name":"versiegelung24","url":"https:\/\/www.versiegelung24.com\/hr\/","logo":{"@type":"ImageObject","inLanguage":"hr","@id":"https:\/\/www.versiegelung24.com\/hr\/#\/schema\/logo\/image\/","url":"https:\/\/www.versiegelung24.com\/wp-content\/uploads\/2020\/04\/versiegelung24.png","contentUrl":"https:\/\/www.versiegelung24.com\/wp-content\/uploads\/2020\/04\/versiegelung24.png","width":470,"height":102,"caption":"versiegelung24"},"image":{"@id":"https:\/\/www.versiegelung24.com\/hr\/#\/schema\/logo\/image\/"}}]},"product_price_amount":"42.49","product_price_currency":"EUR","og_availability":"instock","product_availability":"instock","product_retailer_item_id":"PED-1A","product_condition":"new"},"_links":{"self":[{"href":"https:\/\/www.versiegelung24.com\/hr\/wp-json\/wp\/v2\/product\/46440","targetHints":{"allow":["GET"]}}],"collection":[{"href":"https:\/\/www.versiegelung24.com\/hr\/wp-json\/wp\/v2\/product"}],"about":[{"href":"https:\/\/www.versiegelung24.com\/hr\/wp-json\/wp\/v2\/types\/product"}],"version-history":[{"count":21,"href":"https:\/\/www.versiegelung24.com\/hr\/wp-json\/wp\/v2\/product\/46440\/revisions"}],"predecessor-version":[{"id":180425,"href":"https:\/\/www.versiegelung24.com\/hr\/wp-json\/wp\/v2\/product\/46440\/revisions\/180425"}],"wp:featuredmedia":[{"embeddable":true,"href":"https:\/\/www.versiegelung24.com\/hr\/wp-json\/wp\/v2\/media\/21922"}],"wp:attachment":[{"href":"https:\/\/www.versiegelung24.com\/hr\/wp-json\/wp\/v2\/media?parent=46440"}],"wp:term":[{"taxonomy":"product_brand","embeddable":true,"href":"https:\/\/www.versiegelung24.com\/hr\/wp-json\/wp\/v2\/product_brand?post=46440"},{"taxonomy":"product_cat","embeddable":true,"href":"https:\/\/www.versiegelung24.com\/hr\/wp-json\/wp\/v2\/product_cat?post=46440"},{"taxonomy":"product_tag","embeddable":true,"href":"https:\/\/www.versiegelung24.com\/hr\/wp-json\/wp\/v2\/product_tag?post=46440"}],"curies":[{"name":"wp","href":"https:\/\/api.w.org\/{rel}","templated":true}]}}