{"id":62242,"date":"2022-02-06T23:03:40","date_gmt":"2022-02-06T22:03:54","guid":{"rendered":"https:\/\/www.versiegelung24.com\/?post_type=product&#038;p=62242"},"modified":"2025-01-05T17:34:07","modified_gmt":"2025-01-05T16:34:07","slug":"kompletan-premium-solarni-sustav-fotonaponski-brtvljenje-s-ekstremnom-trajnoscu-i-povecanjem-ucinkovitosti","status":"publish","type":"product","link":"https:\/\/www.versiegelung24.com\/hr\/product\/kompletan-premium-solarni-sustav-fotonaponski-brtvljenje-s-ekstremnom-trajnoscu-i-povecanjem-ucinkovitosti\/","title":{"rendered":"Kompletan set za brtvljenje solarnih sustava \/ fotonaponskih sustava"},"content":{"rendered":"\n<p><strong>Kompletan set koji se sastoji od biolo\u0161kog pred\u010dista\u010da, bioetanola za uklanjanje masno\u0107e i visokou\u010dinkovitog nano-brtvljenja na bazi teku\u0107eg stakla<\/strong><\/p>\n\n<p><strong>Vrlo u\u010dinkovit nano premaz za solarne sustave, s efektom lotosa (vodoodbojan)<\/strong><\/p>\n\n<p>Visoka kvaliteta Made in Germany<\/p>\n\n<h4 class=\"wp-block-heading\" id=\"properties\">Svojstva<\/h4>\n\n<div class=\"wp-block-columns is-layout-flex wp-container-core-columns-is-layout-9d6595d7 wp-block-columns-is-layout-flex\">\n<div class=\"wp-block-column is-layout-flow wp-block-column-is-layout-flow\">\n<ul class=\"wp-block-list\">\n<li>Tehnologija budu\u0107nosti s nevidljivim za\u0161titnim slojem, otprilike 100 nm (nanometara) &#8220;debele&#8221;<\/li>\n\n\n\n<li>\u0160titi povr\u0161inu<\/li>\n\n\n\n<li>Otporan na toplinu i mraz<\/li>\n\n\n\n<li>Otporan na morsku vodu i sol (kiselina\/alkalna 1,5 do 12,5 ph)<\/li>\n\n\n\n<li>Odbija vodu i prljav\u0161tinu<\/li>\n\n\n\n<li>Jednostavna i brza primjena<\/li>\n\n\n\n<li>Primjenjivo na +10\u00b0 do +30\u00b0C<\/li>\n\n\n\n<li>UV stabilan<\/li>\n\n\n\n<li>Efekt &#8220;jednostavnog \u010di\u0161\u0107enja&#8221; (povr\u0161ine se lako \u010diste = \u0161tedi vrijeme i novac, a ne\u0161to prljav\u0161tine je ve\u0107 isprano ki\u0161om)<\/li>\n\n\n\n<li>Potro\u0161nja: cca 150 m\u00b2 s jednom litrom<\/li>\n\n\n\n<li>Smanjuje ekolo\u0161ki (CO2) otisak pri \u010di\u0161\u0107enju:\n<ul class=\"wp-block-list\">\n<li>Potrebno je manje vode<\/li>\n\n\n\n<li>Potrebno je manje kemijskih sredstava za \u010di\u0161\u0107enje<\/li>\n<\/ul>\n<\/li>\n<\/ul>\n<\/div>\n\n\n\n<div class=\"wp-block-column is-layout-flow wp-block-column-is-layout-flow\">\n<p><strong>Opseg isporuke:<\/strong><\/p>\n\n\n\n<ul class=\"wp-block-list\">\n<li>500 ml Biosativa\u00ae koncentrat organskog sredstva za \u010di\u0161\u0107enje 1:10 za prethodno \u010di\u0161\u0107enje<\/li>\n\n\n\n<li>1000 ml izopropanol alkohola 99,9% za odma\u0161\u0107ivanje<\/li>\n\n\n\n<li>500 ml brtvljenje teku\u0107eg stakla 7601 (za cca. 75-100 m\u00b2)<\/li>\n\n\n\n<li>100 ru\u010dnika za su\u0161enje 25 x 16 cm za prethodno \u010di\u0161\u0107enje<\/li>\n\n\n\n<li>10 krpica od mikrovlakana 10 x 10 cm za nano\u0161enje<\/li>\n\n\n\n<li>5 krpica od mikrovlakana 30 x 30 cm za poliranje<\/li>\n\n\n\n<li>10 jednokratnih za\u0161titnih rukavica<\/li>\n<\/ul>\n<\/div>\n<\/div>\n\n<hr\/>\n\n<h4 class=\"wp-block-heading\" id=\"application\">Primjena<\/h4>\n\n<p>Jednostavna primjena<\/p>\n\n<ol class=\"wp-block-list\">\n<li>Predo\u010distite modul vrlo dobro Biosativom (\u0161to je bolje prethodno \u010di\u0161\u0107enje, to \u0107e brtva trajati dulje)<\/li>\n\n\n\n<li>Prije zatvaranja ponovno o\u010distite alkoholom<\/li>\n\n\n\n<li>Nanesite brtvljenje krpom, polirajte &#8211; gotovo.<\/li>\n<\/ol>\n\n<p><\/p>\n","protected":false},"excerpt":{"rendered":"<div class=\"column mcb-column mcb-item-mrk8thufa one column_column column-margin-0px\">\n<div class=\"column_attr clearfix\"><b>Fotonaponski moduli daju svoj najbolji prinos u optimalnim uvjetima<\/b> <b>.<\/b> <\/div>\n<div class=\"column_attr clearfix\"><b>S na\u0161im posebnim brtvom produ\u017eujemo ciklus \u010di\u0161\u0107enja i znatno pojednostavljujemo \u010di\u0161\u0107enje. <\/b><\/div>\n<div class=\"column_attr clearfix\"><b>To dovodi do pove\u0107anog povrata va\u0161e investicije.<\/b><\/div>\n<\/div>\n","protected":false},"featured_media":18497,"template":"","meta":{"_acf_changed":false,"neve_meta_sidebar":"","neve_meta_container":"","neve_meta_enable_content_width":"","neve_meta_content_width":0,"neve_meta_title_alignment":"","neve_meta_author_avatar":"","neve_post_elements_order":"","neve_meta_disable_header":"","neve_meta_disable_footer":"","neve_meta_disable_title":"","neve_meta_reading_time":"","_surfaces":[],"_ver_product_tabs":[],"footnotes":""},"product_brand":[],"product_cat":[2303],"product_tag":[],"class_list":{"0":"post-62242","1":"product","2":"type-product","3":"status-publish","4":"has-post-thumbnail","6":"product_cat-brtve-za-staklo-i-keramiku","8":"first","9":"instock","10":"taxable","11":"shipping-taxable","12":"purchasable","13":"product-type-simple"},"acf":[],"yoast_head":"<!-- This site is optimized with the Yoast SEO Premium plugin v22.8 (Yoast SEO v27.5) - https:\/\/yoast.com\/product\/yoast-seo-premium-wordpress\/ -->\n<title>Kompletan set za brtvljenje solarnih sustava \/ fotonaponskih sustava - versiegelung24.com<\/title>\n<meta name=\"robots\" content=\"index, follow, max-snippet:-1, max-image-preview:large, max-video-preview:-1\" \/>\n<link rel=\"canonical\" href=\"https:\/\/www.versiegelung24.com\/hr\/product\/kompletan-premium-solarni-sustav-fotonaponski-brtvljenje-s-ekstremnom-trajnoscu-i-povecanjem-ucinkovitosti\/\" \/>\n<meta property=\"og:locale\" content=\"hr_HR\" \/>\n<meta property=\"og:type\" content=\"article\" \/>\n<meta property=\"og:title\" content=\"Kompletan set za brtvljenje solarnih sustava \/ fotonaponskih sustava\" \/>\n<meta property=\"og:description\" content=\"Fotonaponski moduli daju svoj najbolji prinos u optimalnim uvjetima . S na\u0161im posebnim brtvom produ\u017eujemo ciklus \u010di\u0161\u0107enja i znatno pojednostavljujemo \u010di\u0161\u0107enje. To dovodi do pove\u0107anog povrata va\u0161e investicije.\" \/>\n<meta property=\"og:url\" content=\"https:\/\/www.versiegelung24.com\/hr\/product\/kompletan-premium-solarni-sustav-fotonaponski-brtvljenje-s-ekstremnom-trajnoscu-i-povecanjem-ucinkovitosti\/\" \/>\n<meta property=\"og:site_name\" content=\"versiegelung24.com\" \/>\n<meta property=\"article:modified_time\" content=\"2025-01-05T16:34:07+00:00\" \/>\n<meta property=\"og:image\" content=\"https:\/\/www.versiegelung24.com\/wp-content\/uploads\/2020\/06\/produkt-7000-7601-1000-Solarversiegelung-scaled.jpg\" \/>\n\t<meta property=\"og:image:width\" content=\"2560\" \/>\n\t<meta property=\"og:image:height\" content=\"2560\" \/>\n\t<meta property=\"og:image:type\" content=\"image\/jpeg\" \/>\n<meta name=\"twitter:card\" content=\"summary_large_image\" \/>\n<meta name=\"twitter:label1\" content=\"Price\" \/>\n\t<meta name=\"twitter:data1\" content=\"199,00&euro;\" \/>\n\t<meta name=\"twitter:label2\" content=\"Availability\" \/>\n\t<meta name=\"twitter:data2\" content=\"In stock\" \/>\n<script type=\"application\/ld+json\" class=\"yoast-schema-graph\">{\"@context\":\"https:\\\/\\\/schema.org\",\"@graph\":[{\"@type\":\"WebPage\",\"@id\":\"https:\\\/\\\/www.versiegelung24.com\\\/hr\\\/product\\\/kompletan-premium-solarni-sustav-fotonaponski-brtvljenje-s-ekstremnom-trajnoscu-i-povecanjem-ucinkovitosti\\\/\",\"url\":\"https:\\\/\\\/www.versiegelung24.com\\\/hr\\\/product\\\/kompletan-premium-solarni-sustav-fotonaponski-brtvljenje-s-ekstremnom-trajnoscu-i-povecanjem-ucinkovitosti\\\/\",\"name\":\"Kompletan set za brtvljenje solarnih sustava \\\/ fotonaponskih sustava - versiegelung24.com\",\"isPartOf\":{\"@id\":\"https:\\\/\\\/www.versiegelung24.com\\\/hr\\\/#website\"},\"primaryImageOfPage\":{\"@id\":\"https:\\\/\\\/www.versiegelung24.com\\\/hr\\\/product\\\/kompletan-premium-solarni-sustav-fotonaponski-brtvljenje-s-ekstremnom-trajnoscu-i-povecanjem-ucinkovitosti\\\/#primaryimage\"},\"image\":{\"@id\":\"https:\\\/\\\/www.versiegelung24.com\\\/hr\\\/product\\\/kompletan-premium-solarni-sustav-fotonaponski-brtvljenje-s-ekstremnom-trajnoscu-i-povecanjem-ucinkovitosti\\\/#primaryimage\"},\"thumbnailUrl\":\"https:\\\/\\\/www.versiegelung24.com\\\/wp-content\\\/uploads\\\/2020\\\/06\\\/produkt-7000-7601-1000-Solarversiegelung-scaled.jpg\",\"datePublished\":\"2022-02-06T22:03:54+00:00\",\"dateModified\":\"2025-01-05T16:34:07+00:00\",\"breadcrumb\":{\"@id\":\"https:\\\/\\\/www.versiegelung24.com\\\/hr\\\/product\\\/kompletan-premium-solarni-sustav-fotonaponski-brtvljenje-s-ekstremnom-trajnoscu-i-povecanjem-ucinkovitosti\\\/#breadcrumb\"},\"inLanguage\":\"hr\",\"potentialAction\":[{\"@type\":\"ReadAction\",\"target\":[\"https:\\\/\\\/www.versiegelung24.com\\\/hr\\\/product\\\/kompletan-premium-solarni-sustav-fotonaponski-brtvljenje-s-ekstremnom-trajnoscu-i-povecanjem-ucinkovitosti\\\/\"]}]},{\"@type\":\"ImageObject\",\"inLanguage\":\"hr\",\"@id\":\"https:\\\/\\\/www.versiegelung24.com\\\/hr\\\/product\\\/kompletan-premium-solarni-sustav-fotonaponski-brtvljenje-s-ekstremnom-trajnoscu-i-povecanjem-ucinkovitosti\\\/#primaryimage\",\"url\":\"https:\\\/\\\/www.versiegelung24.com\\\/wp-content\\\/uploads\\\/2020\\\/06\\\/produkt-7000-7601-1000-Solarversiegelung-scaled.jpg\",\"contentUrl\":\"https:\\\/\\\/www.versiegelung24.com\\\/wp-content\\\/uploads\\\/2020\\\/06\\\/produkt-7000-7601-1000-Solarversiegelung-scaled.jpg\",\"width\":2560,\"height\":2560},{\"@type\":\"BreadcrumbList\",\"@id\":\"https:\\\/\\\/www.versiegelung24.com\\\/hr\\\/product\\\/kompletan-premium-solarni-sustav-fotonaponski-brtvljenje-s-ekstremnom-trajnoscu-i-povecanjem-ucinkovitosti\\\/#breadcrumb\",\"itemListElement\":[{\"@type\":\"ListItem\",\"position\":1,\"name\":\"Po\u010detna stranica\",\"item\":\"https:\\\/\\\/www.versiegelung24.com\\\/hr\\\/ispred\\\/\"},{\"@type\":\"ListItem\",\"position\":2,\"name\":\"Du\u0107an\",\"item\":\"https:\\\/\\\/www.versiegelung24.com\\\/hr\\\/ducan\\\/\"},{\"@type\":\"ListItem\",\"position\":3,\"name\":\"Kompletan set za brtvljenje solarnih sustava \\\/ fotonaponskih sustava\"}]},{\"@type\":\"WebSite\",\"@id\":\"https:\\\/\\\/www.versiegelung24.com\\\/hr\\\/#website\",\"url\":\"https:\\\/\\\/www.versiegelung24.com\\\/hr\\\/\",\"name\":\"versiegelung24.com\",\"description\":\"Fl\u00fcssigglas-Versiegelung - Made in Germany\",\"publisher\":{\"@id\":\"https:\\\/\\\/www.versiegelung24.com\\\/hr\\\/#organization\"},\"potentialAction\":[{\"@type\":\"SearchAction\",\"target\":{\"@type\":\"EntryPoint\",\"urlTemplate\":\"https:\\\/\\\/www.versiegelung24.com\\\/hr\\\/?s={search_term_string}\"},\"query-input\":{\"@type\":\"PropertyValueSpecification\",\"valueRequired\":true,\"valueName\":\"search_term_string\"}}],\"inLanguage\":\"hr\"},{\"@type\":\"Organization\",\"@id\":\"https:\\\/\\\/www.versiegelung24.com\\\/hr\\\/#organization\",\"name\":\"versiegelung24\",\"url\":\"https:\\\/\\\/www.versiegelung24.com\\\/hr\\\/\",\"logo\":{\"@type\":\"ImageObject\",\"inLanguage\":\"hr\",\"@id\":\"https:\\\/\\\/www.versiegelung24.com\\\/hr\\\/#\\\/schema\\\/logo\\\/image\\\/\",\"url\":\"https:\\\/\\\/www.versiegelung24.com\\\/wp-content\\\/uploads\\\/2020\\\/04\\\/versiegelung24.png\",\"contentUrl\":\"https:\\\/\\\/www.versiegelung24.com\\\/wp-content\\\/uploads\\\/2020\\\/04\\\/versiegelung24.png\",\"width\":470,\"height\":102,\"caption\":\"versiegelung24\"},\"image\":{\"@id\":\"https:\\\/\\\/www.versiegelung24.com\\\/hr\\\/#\\\/schema\\\/logo\\\/image\\\/\"}}]}<\/script>\n<meta property=\"product:price:amount\" content=\"199.00\" \/>\n<meta property=\"product:price:currency\" content=\"EUR\" \/>\n<meta property=\"og:availability\" content=\"instock\" \/>\n<meta property=\"product:availability\" content=\"instock\" \/>\n<meta property=\"product:retailer_item_id\" content=\"7005-5575-komplettset\" \/>\n<meta property=\"product:condition\" content=\"new\" \/>\n<!-- \/ Yoast SEO Premium plugin. -->","yoast_head_json":{"title":"Kompletan set za brtvljenje solarnih sustava \/ fotonaponskih sustava - versiegelung24.com","robots":{"index":"index","follow":"follow","max-snippet":"max-snippet:-1","max-image-preview":"max-image-preview:large","max-video-preview":"max-video-preview:-1"},"canonical":"https:\/\/www.versiegelung24.com\/hr\/product\/kompletan-premium-solarni-sustav-fotonaponski-brtvljenje-s-ekstremnom-trajnoscu-i-povecanjem-ucinkovitosti\/","og_locale":"hr_HR","og_type":"article","og_title":"Kompletan set za brtvljenje solarnih sustava \/ fotonaponskih sustava","og_description":"Fotonaponski moduli daju svoj najbolji prinos u optimalnim uvjetima . S na\u0161im posebnim brtvom produ\u017eujemo ciklus \u010di\u0161\u0107enja i znatno pojednostavljujemo \u010di\u0161\u0107enje. To dovodi do pove\u0107anog povrata va\u0161e investicije.","og_url":"https:\/\/www.versiegelung24.com\/hr\/product\/kompletan-premium-solarni-sustav-fotonaponski-brtvljenje-s-ekstremnom-trajnoscu-i-povecanjem-ucinkovitosti\/","og_site_name":"versiegelung24.com","article_modified_time":"2025-01-05T16:34:07+00:00","og_image":[{"width":2560,"height":2560,"url":"https:\/\/www.versiegelung24.com\/wp-content\/uploads\/2020\/06\/produkt-7000-7601-1000-Solarversiegelung-scaled.jpg","type":"image\/jpeg"}],"twitter_card":"summary_large_image","twitter_misc":{"Price":"199,00&euro;","Availability":"In stock"},"schema":{"@context":"https:\/\/schema.org","@graph":[{"@type":"WebPage","@id":"https:\/\/www.versiegelung24.com\/hr\/product\/kompletan-premium-solarni-sustav-fotonaponski-brtvljenje-s-ekstremnom-trajnoscu-i-povecanjem-ucinkovitosti\/","url":"https:\/\/www.versiegelung24.com\/hr\/product\/kompletan-premium-solarni-sustav-fotonaponski-brtvljenje-s-ekstremnom-trajnoscu-i-povecanjem-ucinkovitosti\/","name":"Kompletan set za brtvljenje solarnih sustava \/ fotonaponskih sustava - versiegelung24.com","isPartOf":{"@id":"https:\/\/www.versiegelung24.com\/hr\/#website"},"primaryImageOfPage":{"@id":"https:\/\/www.versiegelung24.com\/hr\/product\/kompletan-premium-solarni-sustav-fotonaponski-brtvljenje-s-ekstremnom-trajnoscu-i-povecanjem-ucinkovitosti\/#primaryimage"},"image":{"@id":"https:\/\/www.versiegelung24.com\/hr\/product\/kompletan-premium-solarni-sustav-fotonaponski-brtvljenje-s-ekstremnom-trajnoscu-i-povecanjem-ucinkovitosti\/#primaryimage"},"thumbnailUrl":"https:\/\/www.versiegelung24.com\/wp-content\/uploads\/2020\/06\/produkt-7000-7601-1000-Solarversiegelung-scaled.jpg","datePublished":"2022-02-06T22:03:54+00:00","dateModified":"2025-01-05T16:34:07+00:00","breadcrumb":{"@id":"https:\/\/www.versiegelung24.com\/hr\/product\/kompletan-premium-solarni-sustav-fotonaponski-brtvljenje-s-ekstremnom-trajnoscu-i-povecanjem-ucinkovitosti\/#breadcrumb"},"inLanguage":"hr","potentialAction":[{"@type":"ReadAction","target":["https:\/\/www.versiegelung24.com\/hr\/product\/kompletan-premium-solarni-sustav-fotonaponski-brtvljenje-s-ekstremnom-trajnoscu-i-povecanjem-ucinkovitosti\/"]}]},{"@type":"ImageObject","inLanguage":"hr","@id":"https:\/\/www.versiegelung24.com\/hr\/product\/kompletan-premium-solarni-sustav-fotonaponski-brtvljenje-s-ekstremnom-trajnoscu-i-povecanjem-ucinkovitosti\/#primaryimage","url":"https:\/\/www.versiegelung24.com\/wp-content\/uploads\/2020\/06\/produkt-7000-7601-1000-Solarversiegelung-scaled.jpg","contentUrl":"https:\/\/www.versiegelung24.com\/wp-content\/uploads\/2020\/06\/produkt-7000-7601-1000-Solarversiegelung-scaled.jpg","width":2560,"height":2560},{"@type":"BreadcrumbList","@id":"https:\/\/www.versiegelung24.com\/hr\/product\/kompletan-premium-solarni-sustav-fotonaponski-brtvljenje-s-ekstremnom-trajnoscu-i-povecanjem-ucinkovitosti\/#breadcrumb","itemListElement":[{"@type":"ListItem","position":1,"name":"Po\u010detna stranica","item":"https:\/\/www.versiegelung24.com\/hr\/ispred\/"},{"@type":"ListItem","position":2,"name":"Du\u0107an","item":"https:\/\/www.versiegelung24.com\/hr\/ducan\/"},{"@type":"ListItem","position":3,"name":"Kompletan set za brtvljenje solarnih sustava \/ fotonaponskih sustava"}]},{"@type":"WebSite","@id":"https:\/\/www.versiegelung24.com\/hr\/#website","url":"https:\/\/www.versiegelung24.com\/hr\/","name":"versiegelung24.com","description":"Fl\u00fcssigglas-Versiegelung - Made in Germany","publisher":{"@id":"https:\/\/www.versiegelung24.com\/hr\/#organization"},"potentialAction":[{"@type":"SearchAction","target":{"@type":"EntryPoint","urlTemplate":"https:\/\/www.versiegelung24.com\/hr\/?s={search_term_string}"},"query-input":{"@type":"PropertyValueSpecification","valueRequired":true,"valueName":"search_term_string"}}],"inLanguage":"hr"},{"@type":"Organization","@id":"https:\/\/www.versiegelung24.com\/hr\/#organization","name":"versiegelung24","url":"https:\/\/www.versiegelung24.com\/hr\/","logo":{"@type":"ImageObject","inLanguage":"hr","@id":"https:\/\/www.versiegelung24.com\/hr\/#\/schema\/logo\/image\/","url":"https:\/\/www.versiegelung24.com\/wp-content\/uploads\/2020\/04\/versiegelung24.png","contentUrl":"https:\/\/www.versiegelung24.com\/wp-content\/uploads\/2020\/04\/versiegelung24.png","width":470,"height":102,"caption":"versiegelung24"},"image":{"@id":"https:\/\/www.versiegelung24.com\/hr\/#\/schema\/logo\/image\/"}}]},"product_price_amount":"199.00","product_price_currency":"EUR","og_availability":"instock","product_availability":"instock","product_retailer_item_id":"7005-5575-komplettset","product_condition":"new"},"_links":{"self":[{"href":"https:\/\/www.versiegelung24.com\/hr\/wp-json\/wp\/v2\/product\/62242","targetHints":{"allow":["GET"]}}],"collection":[{"href":"https:\/\/www.versiegelung24.com\/hr\/wp-json\/wp\/v2\/product"}],"about":[{"href":"https:\/\/www.versiegelung24.com\/hr\/wp-json\/wp\/v2\/types\/product"}],"version-history":[{"count":13,"href":"https:\/\/www.versiegelung24.com\/hr\/wp-json\/wp\/v2\/product\/62242\/revisions"}],"predecessor-version":[{"id":141154,"href":"https:\/\/www.versiegelung24.com\/hr\/wp-json\/wp\/v2\/product\/62242\/revisions\/141154"}],"wp:featuredmedia":[{"embeddable":true,"href":"https:\/\/www.versiegelung24.com\/hr\/wp-json\/wp\/v2\/media\/18497"}],"wp:attachment":[{"href":"https:\/\/www.versiegelung24.com\/hr\/wp-json\/wp\/v2\/media?parent=62242"}],"wp:term":[{"taxonomy":"product_brand","embeddable":true,"href":"https:\/\/www.versiegelung24.com\/hr\/wp-json\/wp\/v2\/product_brand?post=62242"},{"taxonomy":"product_cat","embeddable":true,"href":"https:\/\/www.versiegelung24.com\/hr\/wp-json\/wp\/v2\/product_cat?post=62242"},{"taxonomy":"product_tag","embeddable":true,"href":"https:\/\/www.versiegelung24.com\/hr\/wp-json\/wp\/v2\/product_tag?post=62242"}],"curies":[{"name":"wp","href":"https:\/\/api.w.org\/{rel}","templated":true}]}}