{"id":93745,"date":"2022-10-21T16:49:10","date_gmt":"2022-10-21T14:49:10","guid":{"rendered":"https:\/\/www.versiegelung24.com\/?post_type=product&#038;p=93745"},"modified":"2025-03-31T14:58:24","modified_gmt":"2025-03-31T12:58:24","slug":"spuzvica-za-nanosenje-95x40x23mm","status":"publish","type":"product","link":"https:\/\/www.versiegelung24.com\/hr\/krpa-od-mikrovlakana-40x40cm-za-prethodno-ciscenje-ili-poliranje-zuta-kopie.html","title":{"rendered":"Spu\u017evica za nano\u0161enje 95x40x23mm"},"content":{"rendered":"\n<p>Spu\u017evica za nano\u0161enje <\/p>\n\n<p>Idealno za kori\u0161tenje u kombinaciji s na\u0161om <a href=\"https:\/\/www.versiegelung24.com\/applikationstuch-20x20cm.html\">krpom od mikrovlakana za nano\u0161enje na\u0161ih brtvila za teku\u0107e staklo<\/a><\/p>\n\n<p>Preporu\u010damo kori\u0161tenje zasebne krpe od mikrovlakana za svaki korak nano\u0161enja na\u0161ih povr\u0161inskih brtvila i impregnacija.<\/p>\n\n<p>Kori\u0161tenjem spu\u017evice za nano\u0161enje u kombinaciji s na\u0161im krpama od mikrovlakana mogu\u0107e je dozirati i optimizirati nano\u0161enje ili poliranje, ovisno o strani spu\u017evice, stanju povr\u0161ine i pritisku.<\/p>\n\n<hr \/>\n\n<h4 class=\"wp-block-heading\" id=\"properties\">Zna\u010dajke proizvoda<\/h4>\n\n<div class=\"wp-block-columns is-layout-flex wp-container-core-columns-is-layout-9d6595d7 wp-block-columns-is-layout-flex\">\n<div class=\"wp-block-column is-layout-flow wp-block-column-is-layout-flow\">\n<p>Spu\u017evica za nano\u0161enje i poliranje Veli\u010dina: 95 x 40 x 23 mm <\/p>\n<\/div>\n\n\n\n<div class=\"wp-block-column is-layout-flow wp-block-column-is-layout-flow\">\n<p>Gornji tvrdi 5 mm bijeli XPE 3000-33 srednji sloj meki 18 mm S2145 plavi<\/p>\n<\/div>\n<\/div>\n\n<hr \/>\n\n<h4 class=\"wp-block-heading\" id=\"application\">Primjena<\/h4>\n\n<p>Za nano\u0161enje na\u0161ih brtvila na glatke, neupijaju\u0107e povr\u0161ine, preporu\u010dujemo da ih kombinirate s na\u0161om <a href=\"https:\/\/www.versiegelung24.com\/applikationstuch-20x20cm.html\">krpom od mikrovlakana za nano\u0161enje na\u0161ih brtvila od teku\u0107eg<\/a> stakla. Stavite krpu od mikrovlakana na tvrdu bijelu stranu za nano\u0161enje brtve i nanesite brtvu prema odgovaraju\u0107em opisu primjene.<\/p>\n\n<p>Za poliranje s na\u0161om <a href=\"https:\/\/www.versiegelung24.com\/krpa od mikrovlakana-30x30cm-zur-vorreinigung-oder-politur.html\">krpom od mikrovlakana 30&#215;30 cm za prethodno \u010di\u0161\u0107enje ili poliranje<\/a> , tako\u0111er stavite krpu na spu\u017evu i, ovisno o stanju povr\u0161ine i potrebama, koristite tvrdu ili meku stranu spu\u017eve kako biste stvorili ravnomjeran pritisak na pove\u0107anu povr\u0161inu.<\/p>\n","protected":false},"excerpt":{"rendered":"<p><strong>Spu\u017eva za nano\u0161enje pe\u010data<\/strong><\/p>\n<p>\u2713 Vi\u0161ekratno kori\u0161tenje<\/p>\n<p>\u2713 Ekolo\u0161ki prihvatljiv<\/p>\n<p>\u2713 Zgodno<\/p>\n<p>\u2713 Tvrda i meka strana<\/p>\n<p>\u2713 95x40x23 mm<\/p>\n<p>&nbsp;<\/p>\n","protected":false},"featured_media":13253,"template":"","meta":{"_acf_changed":false,"neve_meta_sidebar":"","neve_meta_container":"","neve_meta_enable_content_width":"","neve_meta_content_width":0,"neve_meta_title_alignment":"","neve_meta_author_avatar":"","neve_post_elements_order":"","neve_meta_disable_header":"","neve_meta_disable_footer":"","neve_meta_disable_title":"","neve_meta_reading_time":"","_surfaces":[],"_ver_product_tabs":[],"footnotes":""},"product_brand":[],"product_cat":[3070,2188,2285,2303,2428,2433,2479],"product_tag":[],"class_list":{"0":"post-93745","1":"product","2":"type-product","3":"status-publish","4":"has-post-thumbnail","6":"product_cat-oprema","7":"product_cat-brtvljenje-automobila","8":"product_cat-sredstva-za-dezinfekciju-povrsine","9":"product_cat-brtve-za-staklo-i-keramiku","10":"product_cat-brtvljenje-metala-i-plastike","11":"product_cat-sredstva-za-ciscenje","12":"product_cat-univerzalna-brtva","14":"first","15":"instock","16":"taxable","17":"shipping-taxable","18":"purchasable","19":"product-type-simple"},"acf":[],"yoast_head":"<!-- This site is optimized with the Yoast SEO Premium plugin v22.8 (Yoast SEO v27.5) - https:\/\/yoast.com\/product\/yoast-seo-premium-wordpress\/ -->\n<title>Spu\u017evica za nano\u0161enje 95x40x23mm - versiegelung24.com<\/title>\n<meta name=\"description\" content=\"Spu\u017evica za nano\u0161enje - idealna za nano\u0161enje na\u0161ih brtvila. Svestrani ure\u0111aj u kombinaciji s na\u0161im krpama od mikrovlakana.\" \/>\n<meta name=\"robots\" content=\"index, follow, max-snippet:-1, max-image-preview:large, max-video-preview:-1\" \/>\n<link rel=\"canonical\" href=\"https:\/\/www.versiegelung24.com\/hr\/krpa-od-mikrovlakana-40x40cm-za-prethodno-ciscenje-ili-poliranje-zuta-kopie.html\" \/>\n<meta property=\"og:locale\" content=\"hr_HR\" \/>\n<meta property=\"og:type\" content=\"article\" \/>\n<meta property=\"og:title\" content=\"Spu\u017evica za nano\u0161enje 95x40x23mm\" \/>\n<meta property=\"og:description\" content=\"Spu\u017evica za nano\u0161enje - idealna za nano\u0161enje na\u0161ih brtvila. Svestrani ure\u0111aj u kombinaciji s na\u0161im krpama od mikrovlakana.\" \/>\n<meta property=\"og:url\" content=\"https:\/\/www.versiegelung24.com\/hr\/krpa-od-mikrovlakana-40x40cm-za-prethodno-ciscenje-ili-poliranje-zuta-kopie.html\" \/>\n<meta property=\"og:site_name\" content=\"versiegelung24.com\" \/>\n<meta property=\"article:modified_time\" content=\"2025-03-31T12:58:24+00:00\" \/>\n<meta property=\"og:image\" content=\"https:\/\/www.versiegelung24.com\/wp-content\/uploads\/2020\/04\/mikrofasertuch.png\" \/>\n\t<meta property=\"og:image:width\" content=\"1000\" \/>\n\t<meta property=\"og:image:height\" content=\"1000\" \/>\n\t<meta property=\"og:image:type\" content=\"image\/png\" \/>\n<meta name=\"twitter:card\" content=\"summary_large_image\" \/>\n<meta name=\"twitter:label1\" content=\"Price\" \/>\n\t<meta name=\"twitter:data1\" content=\"1,99&euro;\" \/>\n\t<meta name=\"twitter:label2\" content=\"Availability\" \/>\n\t<meta name=\"twitter:data2\" content=\"In stock\" \/>\n<script type=\"application\/ld+json\" class=\"yoast-schema-graph\">{\"@context\":\"https:\\\/\\\/schema.org\",\"@graph\":[{\"@type\":\"WebPage\",\"@id\":\"https:\\\/\\\/www.versiegelung24.com\\\/hr\\\/krpa-od-mikrovlakana-40x40cm-za-prethodno-ciscenje-ili-poliranje-zuta-kopie.html\",\"url\":\"https:\\\/\\\/www.versiegelung24.com\\\/hr\\\/krpa-od-mikrovlakana-40x40cm-za-prethodno-ciscenje-ili-poliranje-zuta-kopie.html\",\"name\":\"Spu\u017evica za nano\u0161enje 95x40x23mm - versiegelung24.com\",\"isPartOf\":{\"@id\":\"https:\\\/\\\/www.versiegelung24.com\\\/hr\\\/#website\"},\"primaryImageOfPage\":{\"@id\":\"https:\\\/\\\/www.versiegelung24.com\\\/hr\\\/krpa-od-mikrovlakana-40x40cm-za-prethodno-ciscenje-ili-poliranje-zuta-kopie.html#primaryimage\"},\"image\":{\"@id\":\"https:\\\/\\\/www.versiegelung24.com\\\/hr\\\/krpa-od-mikrovlakana-40x40cm-za-prethodno-ciscenje-ili-poliranje-zuta-kopie.html#primaryimage\"},\"thumbnailUrl\":\"https:\\\/\\\/www.versiegelung24.com\\\/wp-content\\\/uploads\\\/2020\\\/04\\\/mikrofasertuch.png\",\"datePublished\":\"2022-10-21T14:49:10+00:00\",\"dateModified\":\"2025-03-31T12:58:24+00:00\",\"description\":\"Spu\u017evica za nano\u0161enje - idealna za nano\u0161enje na\u0161ih brtvila. Svestrani ure\u0111aj u kombinaciji s na\u0161im krpama od mikrovlakana.\",\"breadcrumb\":{\"@id\":\"https:\\\/\\\/www.versiegelung24.com\\\/hr\\\/krpa-od-mikrovlakana-40x40cm-za-prethodno-ciscenje-ili-poliranje-zuta-kopie.html#breadcrumb\"},\"inLanguage\":\"hr\",\"potentialAction\":[{\"@type\":\"ReadAction\",\"target\":[\"https:\\\/\\\/www.versiegelung24.com\\\/hr\\\/krpa-od-mikrovlakana-40x40cm-za-prethodno-ciscenje-ili-poliranje-zuta-kopie.html\"]}]},{\"@type\":\"ImageObject\",\"inLanguage\":\"hr\",\"@id\":\"https:\\\/\\\/www.versiegelung24.com\\\/hr\\\/krpa-od-mikrovlakana-40x40cm-za-prethodno-ciscenje-ili-poliranje-zuta-kopie.html#primaryimage\",\"url\":\"https:\\\/\\\/www.versiegelung24.com\\\/wp-content\\\/uploads\\\/2020\\\/04\\\/mikrofasertuch.png\",\"contentUrl\":\"https:\\\/\\\/www.versiegelung24.com\\\/wp-content\\\/uploads\\\/2020\\\/04\\\/mikrofasertuch.png\",\"width\":1000,\"height\":1000},{\"@type\":\"BreadcrumbList\",\"@id\":\"https:\\\/\\\/www.versiegelung24.com\\\/hr\\\/krpa-od-mikrovlakana-40x40cm-za-prethodno-ciscenje-ili-poliranje-zuta-kopie.html#breadcrumb\",\"itemListElement\":[{\"@type\":\"ListItem\",\"position\":1,\"name\":\"Po\u010detna stranica\",\"item\":\"https:\\\/\\\/www.versiegelung24.com\\\/hr\\\/ispred\\\/\"},{\"@type\":\"ListItem\",\"position\":2,\"name\":\"Du\u0107an\",\"item\":\"https:\\\/\\\/www.versiegelung24.com\\\/hr\\\/ducan\\\/\"},{\"@type\":\"ListItem\",\"position\":3,\"name\":\"Spu\u017evica za nano\u0161enje 95x40x23mm\"}]},{\"@type\":\"WebSite\",\"@id\":\"https:\\\/\\\/www.versiegelung24.com\\\/hr\\\/#website\",\"url\":\"https:\\\/\\\/www.versiegelung24.com\\\/hr\\\/\",\"name\":\"versiegelung24.com\",\"description\":\"Fl\u00fcssigglas-Versiegelung - Made in Germany\",\"publisher\":{\"@id\":\"https:\\\/\\\/www.versiegelung24.com\\\/hr\\\/#organization\"},\"potentialAction\":[{\"@type\":\"SearchAction\",\"target\":{\"@type\":\"EntryPoint\",\"urlTemplate\":\"https:\\\/\\\/www.versiegelung24.com\\\/hr\\\/?s={search_term_string}\"},\"query-input\":{\"@type\":\"PropertyValueSpecification\",\"valueRequired\":true,\"valueName\":\"search_term_string\"}}],\"inLanguage\":\"hr\"},{\"@type\":\"Organization\",\"@id\":\"https:\\\/\\\/www.versiegelung24.com\\\/hr\\\/#organization\",\"name\":\"versiegelung24\",\"url\":\"https:\\\/\\\/www.versiegelung24.com\\\/hr\\\/\",\"logo\":{\"@type\":\"ImageObject\",\"inLanguage\":\"hr\",\"@id\":\"https:\\\/\\\/www.versiegelung24.com\\\/hr\\\/#\\\/schema\\\/logo\\\/image\\\/\",\"url\":\"https:\\\/\\\/www.versiegelung24.com\\\/wp-content\\\/uploads\\\/2020\\\/04\\\/versiegelung24.png\",\"contentUrl\":\"https:\\\/\\\/www.versiegelung24.com\\\/wp-content\\\/uploads\\\/2020\\\/04\\\/versiegelung24.png\",\"width\":470,\"height\":102,\"caption\":\"versiegelung24\"},\"image\":{\"@id\":\"https:\\\/\\\/www.versiegelung24.com\\\/hr\\\/#\\\/schema\\\/logo\\\/image\\\/\"}}]}<\/script>\n<meta property=\"product:price:amount\" content=\"1.99\" \/>\n<meta property=\"product:price:currency\" content=\"EUR\" \/>\n<meta property=\"og:availability\" content=\"instock\" \/>\n<meta property=\"product:availability\" content=\"instock\" \/>\n<meta property=\"product:retailer_item_id\" content=\"V24-9010-1\" \/>\n<meta property=\"product:condition\" content=\"new\" \/>\n<!-- \/ Yoast SEO Premium plugin. -->","yoast_head_json":{"title":"Spu\u017evica za nano\u0161enje 95x40x23mm - versiegelung24.com","description":"Spu\u017evica za nano\u0161enje - idealna za nano\u0161enje na\u0161ih brtvila. Svestrani ure\u0111aj u kombinaciji s na\u0161im krpama od mikrovlakana.","robots":{"index":"index","follow":"follow","max-snippet":"max-snippet:-1","max-image-preview":"max-image-preview:large","max-video-preview":"max-video-preview:-1"},"canonical":"https:\/\/www.versiegelung24.com\/hr\/krpa-od-mikrovlakana-40x40cm-za-prethodno-ciscenje-ili-poliranje-zuta-kopie.html","og_locale":"hr_HR","og_type":"article","og_title":"Spu\u017evica za nano\u0161enje 95x40x23mm","og_description":"Spu\u017evica za nano\u0161enje - idealna za nano\u0161enje na\u0161ih brtvila. Svestrani ure\u0111aj u kombinaciji s na\u0161im krpama od mikrovlakana.","og_url":"https:\/\/www.versiegelung24.com\/hr\/krpa-od-mikrovlakana-40x40cm-za-prethodno-ciscenje-ili-poliranje-zuta-kopie.html","og_site_name":"versiegelung24.com","article_modified_time":"2025-03-31T12:58:24+00:00","og_image":[{"width":1000,"height":1000,"url":"https:\/\/www.versiegelung24.com\/wp-content\/uploads\/2020\/04\/mikrofasertuch.png","type":"image\/png"}],"twitter_card":"summary_large_image","twitter_misc":{"Price":"1,99&euro;","Availability":"In stock"},"schema":{"@context":"https:\/\/schema.org","@graph":[{"@type":"WebPage","@id":"https:\/\/www.versiegelung24.com\/hr\/krpa-od-mikrovlakana-40x40cm-za-prethodno-ciscenje-ili-poliranje-zuta-kopie.html","url":"https:\/\/www.versiegelung24.com\/hr\/krpa-od-mikrovlakana-40x40cm-za-prethodno-ciscenje-ili-poliranje-zuta-kopie.html","name":"Spu\u017evica za nano\u0161enje 95x40x23mm - versiegelung24.com","isPartOf":{"@id":"https:\/\/www.versiegelung24.com\/hr\/#website"},"primaryImageOfPage":{"@id":"https:\/\/www.versiegelung24.com\/hr\/krpa-od-mikrovlakana-40x40cm-za-prethodno-ciscenje-ili-poliranje-zuta-kopie.html#primaryimage"},"image":{"@id":"https:\/\/www.versiegelung24.com\/hr\/krpa-od-mikrovlakana-40x40cm-za-prethodno-ciscenje-ili-poliranje-zuta-kopie.html#primaryimage"},"thumbnailUrl":"https:\/\/www.versiegelung24.com\/wp-content\/uploads\/2020\/04\/mikrofasertuch.png","datePublished":"2022-10-21T14:49:10+00:00","dateModified":"2025-03-31T12:58:24+00:00","description":"Spu\u017evica za nano\u0161enje - idealna za nano\u0161enje na\u0161ih brtvila. Svestrani ure\u0111aj u kombinaciji s na\u0161im krpama od mikrovlakana.","breadcrumb":{"@id":"https:\/\/www.versiegelung24.com\/hr\/krpa-od-mikrovlakana-40x40cm-za-prethodno-ciscenje-ili-poliranje-zuta-kopie.html#breadcrumb"},"inLanguage":"hr","potentialAction":[{"@type":"ReadAction","target":["https:\/\/www.versiegelung24.com\/hr\/krpa-od-mikrovlakana-40x40cm-za-prethodno-ciscenje-ili-poliranje-zuta-kopie.html"]}]},{"@type":"ImageObject","inLanguage":"hr","@id":"https:\/\/www.versiegelung24.com\/hr\/krpa-od-mikrovlakana-40x40cm-za-prethodno-ciscenje-ili-poliranje-zuta-kopie.html#primaryimage","url":"https:\/\/www.versiegelung24.com\/wp-content\/uploads\/2020\/04\/mikrofasertuch.png","contentUrl":"https:\/\/www.versiegelung24.com\/wp-content\/uploads\/2020\/04\/mikrofasertuch.png","width":1000,"height":1000},{"@type":"BreadcrumbList","@id":"https:\/\/www.versiegelung24.com\/hr\/krpa-od-mikrovlakana-40x40cm-za-prethodno-ciscenje-ili-poliranje-zuta-kopie.html#breadcrumb","itemListElement":[{"@type":"ListItem","position":1,"name":"Po\u010detna stranica","item":"https:\/\/www.versiegelung24.com\/hr\/ispred\/"},{"@type":"ListItem","position":2,"name":"Du\u0107an","item":"https:\/\/www.versiegelung24.com\/hr\/ducan\/"},{"@type":"ListItem","position":3,"name":"Spu\u017evica za nano\u0161enje 95x40x23mm"}]},{"@type":"WebSite","@id":"https:\/\/www.versiegelung24.com\/hr\/#website","url":"https:\/\/www.versiegelung24.com\/hr\/","name":"versiegelung24.com","description":"Fl\u00fcssigglas-Versiegelung - Made in Germany","publisher":{"@id":"https:\/\/www.versiegelung24.com\/hr\/#organization"},"potentialAction":[{"@type":"SearchAction","target":{"@type":"EntryPoint","urlTemplate":"https:\/\/www.versiegelung24.com\/hr\/?s={search_term_string}"},"query-input":{"@type":"PropertyValueSpecification","valueRequired":true,"valueName":"search_term_string"}}],"inLanguage":"hr"},{"@type":"Organization","@id":"https:\/\/www.versiegelung24.com\/hr\/#organization","name":"versiegelung24","url":"https:\/\/www.versiegelung24.com\/hr\/","logo":{"@type":"ImageObject","inLanguage":"hr","@id":"https:\/\/www.versiegelung24.com\/hr\/#\/schema\/logo\/image\/","url":"https:\/\/www.versiegelung24.com\/wp-content\/uploads\/2020\/04\/versiegelung24.png","contentUrl":"https:\/\/www.versiegelung24.com\/wp-content\/uploads\/2020\/04\/versiegelung24.png","width":470,"height":102,"caption":"versiegelung24"},"image":{"@id":"https:\/\/www.versiegelung24.com\/hr\/#\/schema\/logo\/image\/"}}]},"product_price_amount":"1.99","product_price_currency":"EUR","og_availability":"instock","product_availability":"instock","product_retailer_item_id":"V24-9010-1","product_condition":"new"},"_links":{"self":[{"href":"https:\/\/www.versiegelung24.com\/hr\/wp-json\/wp\/v2\/product\/93745","targetHints":{"allow":["GET"]}}],"collection":[{"href":"https:\/\/www.versiegelung24.com\/hr\/wp-json\/wp\/v2\/product"}],"about":[{"href":"https:\/\/www.versiegelung24.com\/hr\/wp-json\/wp\/v2\/types\/product"}],"version-history":[{"count":14,"href":"https:\/\/www.versiegelung24.com\/hr\/wp-json\/wp\/v2\/product\/93745\/revisions"}],"predecessor-version":[{"id":180669,"href":"https:\/\/www.versiegelung24.com\/hr\/wp-json\/wp\/v2\/product\/93745\/revisions\/180669"}],"wp:featuredmedia":[{"embeddable":true,"href":"https:\/\/www.versiegelung24.com\/hr\/wp-json\/wp\/v2\/media\/13253"}],"wp:attachment":[{"href":"https:\/\/www.versiegelung24.com\/hr\/wp-json\/wp\/v2\/media?parent=93745"}],"wp:term":[{"taxonomy":"product_brand","embeddable":true,"href":"https:\/\/www.versiegelung24.com\/hr\/wp-json\/wp\/v2\/product_brand?post=93745"},{"taxonomy":"product_cat","embeddable":true,"href":"https:\/\/www.versiegelung24.com\/hr\/wp-json\/wp\/v2\/product_cat?post=93745"},{"taxonomy":"product_tag","embeddable":true,"href":"https:\/\/www.versiegelung24.com\/hr\/wp-json\/wp\/v2\/product_tag?post=93745"}],"curies":[{"name":"wp","href":"https:\/\/api.w.org\/{rel}","templated":true}]}}