{"id":94732,"date":"2022-11-28T18:28:38","date_gmt":"2022-11-28T17:28:41","guid":{"rendered":"https:\/\/www.versiegelung24.com\/?post_type=product&#038;p=94732"},"modified":"2023-06-19T16:40:31","modified_gmt":"2023-06-19T14:40:31","slug":"bacoban-dugotrajna-povrsinska-dezinfekcija-otopina-na-bazi-vode-spremna-za-uporabu-kopie","status":"publish","type":"product","link":"https:\/\/www.versiegelung24.com\/hr\/product\/bacoban-dugotrajna-povrsinska-dezinfekcija-otopina-na-bazi-vode-spremna-za-uporabu-kopie\/","title":{"rendered":"Bacoban\u00ae-dugotrajna povr\u0161inska dezinfekcija, otopina na bazi vode-spremna za uporabu"},"content":{"rendered":"<div class=\"wp-block-image\">\n<figure class=\"alignright\"><img fetchpriority=\"high\" decoding=\"async\" width=\"300\" height=\"180\" src=\"https:\/\/www.versiegelung24.com\/wp-content\/uploads\/2020\/04\/Bacoban-stamp-300x180.png\" alt=\"\" class=\"wp-image-7393\" srcset=\"https:\/\/www.versiegelung24.com\/wp-content\/uploads\/2020\/04\/Bacoban-stamp-300x180.png 300w, https:\/\/www.versiegelung24.com\/wp-content\/uploads\/2020\/04\/Bacoban-stamp-16x10.png 16w, https:\/\/www.versiegelung24.com\/wp-content\/uploads\/2020\/04\/Bacoban-stamp.png 472w\" sizes=\"(max-width: 300px) 100vw, 300px\" \/><\/figure><\/div><p><strong>Povr\u0161ina koja se lako \u010disti. <\/strong>U\u010dinak nano-brtvljenja tako\u0111er dovodi do povr\u0161ine koja se lako \u010disti-napor \u010di\u0161\u0107enja smanjen je za vi\u0161e od 50%!<\/p>\n<p><strong>Osim toga, Bacoban\u00ae tako\u0111er smanjuje mirise uzrokovane bakterijama.<\/strong>&nbsp; Bacoban\u00ae je na popisu VAH i ima CE certifikat i testiran je u poznatim institutima. &nbsp;<\/p>\n<p><strong>Va\u017eno!<\/strong>&nbsp;<strong>Dugotrajni antimikrobni u\u010dinak Bacoban\u00ae ne smije dovesti do izostavljanja potrebnih mjera dezinfekcije u slu\u010daju vidljive i \/ ili upitne kontaminacije.<\/strong><\/p><\/p>\n\n<hr\/>\n<h4 class=\"wp-block-heading\" id=\"properties\">svojstva proizvoda<\/h4>\n\n<div class=\"wp-block-columns is-layout-flex wp-container-core-columns-is-layout-9d6595d7 wp-block-columns-is-layout-flex\">\n<div class=\"wp-block-column is-layout-flow wp-block-column-is-layout-flow\">\n<p><strong>Dezinfekcija i \u010di\u0161\u0107enje medicinskog inventara i drugih povr\u0161ina bez alkohola<br\/><\/strong> (prema Direktivi 93\/42 \/ EEZ; MDD)<\/p>\n\n\n\n<p>100 g otopine sadr\u017ei:<br\/>Benzalkonijev klorid 0,26 g, natrijev pirition 0,025 g, polikondenzati, mirisi, pro\u010di\u0161\u0107ena voda.<br\/>UBA broj: 57040031<br\/>Biocid Reg.Nr: N-34071<\/p>\n\n\n\n<p><\/p>\n\n\n\n<p><strong>Vrsta proizvoda<br\/><\/strong> Otopina spremna za uporabu za dezinfekciju, dugotrajno antimikrobno djelovanje. Bez formaldehida, bez fenola.<\/p>\n\n\n\n<p>Bacoban\u00ae na bazi vode &#8211; spreman za upotrebu &#8211;<br\/>IBC kontejner od 1000l<br\/>Predmet broj. BAC-IBC1000DL<\/p>\n\n\n\n<p>Opseg isporuke:<br\/>IBC kontejner od 1000l<br\/><\/p>\n<\/div>\n\n\n\n<div class=\"wp-block-column is-layout-flow wp-block-column-is-layout-flow\">\n<p><strong>Mikrobiolo\u0161ka u\u010dinkovitost<br\/><\/strong> Bacoban\u00ae je u\u010dinkovit protiv:<\/p>\n\n\n\n<p>\u2713 bakterije<\/p>\n\n\n\n<p>\u2713 gljive<\/p>\n\n\n\n<p>\u2713 posebni virusi<\/p>\n\n\n\n<p>\u2713 Virusi hepatitisa B i C<\/p>\n\n\n\n<p>\u2713 Virus gripe uklju\u010duju\u0107i H5N1 i H1N1<\/p>\n\n\n\n<p>\u2713 Koronavirusi<\/p>\n\n\n\n<p>\u2713 Rotavirus<\/p>\n\n\n\n<p>\u2713 adenovirus<\/p>\n\n\n\n<p><strong>djelotvornost<\/strong><br\/>DIN EN 1040 5 min.<br\/>DIN EN 1275 5 min.<br\/>DIN EN 1276 5 min.<br\/>DIN EN 1650 5 min.<br\/>DIN EN 13697 5 min.<\/p>\n\n\n\n<p>Odr\u017eivi antimikrobni u\u010dinak testiran do 10 dana na temelju ASTM E 2180<\/p>\n<\/div>\n<\/div>\n\n<hr\/>\n<h4 class=\"wp-block-heading\" id=\"application\">koristiti<\/h4>\n\n<div class=\"wp-block-columns is-layout-flex wp-container-core-columns-is-layout-9d6595d7 wp-block-columns-is-layout-flex\">\n<div class=\"wp-block-column is-layout-flow wp-block-column-is-layout-flow\">\n<p>Dezinfekcija i \u010di\u0161\u0107enje medicinskih povr\u0161ina u skladu s Direktivom 93\/42 \/ EEZ (medicinski proizvodi) i povr\u0161ina svih vrsta:<\/p>\n\n\n\n<p> \u2713 u klinikama<\/p>\n\n\n\n<p>\u2713 Lije\u010dni\u010dke ordinacije<\/p>\n\n\n\n<p>\u2713 Rehabilitacijske jedinice i domovi umirovljenika<\/p>\n\n\n\n<p><br\/>Posebno u podru\u010djima gdje je potrebna u\u010dinkovita i dugotrajna higijena.<\/p>\n<\/div>\n\n\n\n<div class=\"wp-block-column is-layout-flow wp-block-column-is-layout-flow\">\n<p>Posebno prikladno za podru\u010dja u kojima neugodni mirisi proizlaze iz mikroorganizama, kao \u0161to su:<\/p>\n\n\n\n<p>\u2713 WC<\/p>\n\n\n\n<p>\u2713 Sanitarni \u010dvorovi<\/p>\n\n\n\n<p>Bacoban\u00ae se mo\u017ee koristiti u kriti\u010dnim i osjetljivim podru\u010djima farmaceutske i kozmeti\u010dke industrije.<\/p>\n<\/div>\n<\/div>\n\n<hr\/>\n<h4 class=\"wp-block-heading\" id=\"advisor\">savjetnik<\/h4>\n\n<p><strong>Konvencionalna dezinfekcijska sredstva stupaju na snagu odmah &#8211; ali samo nakratko<\/strong> &#8211; Tijekom vremena izlaganja ubijaju posebne viruse i bakterije. Nakon toga, me\u0111utim, povr\u0161ina im je ponovno izlo\u017eena bez za\u0161tite. <strong>Do sljede\u0107e dezinfekcije postoji higijenski jaz u kojem mo\u017ee do\u0107i do ponovnog naseljavanja mikroorganizmima.<\/strong><strong> Vi\u0161enamjensko dezinficijens Bacoban\u00ae razvijen nanotehnologijom mo\u017ee u\u010diniti vi\u0161e:<\/strong> kombinira svojstva dezinficijensa i nano-brtvila. <strong>Ovako djeluje Bacoban\u00ae<br class=\"avia-permanent-lb\"\/><\/strong>  <strong>Osim dokazanog izravnog germicidnog i ubijaju\u0107eg u\u010dinka virusa<\/strong> (uklju\u010duju\u0107i koronavirus, HIV, HBV, HCV, herpes, gripu, ebolavirus, &#8230;) ima Bacoban\u00ae <strong>dva druga visoko u\u010dinkovita mehanizma<\/strong> : <\/p>\n\n<p><strong>Antimikrobno i virusno neaktivno djelovanje (odre\u0111eni virusi) do 10 dana<\/strong> Nakon \u0161to je dezinficijens ispario, Bacoban\u00ae formira \u201enano-spu\u017evu\u201c. Sadr\u017ei biocide koji se, u slu\u010daju one\u010di\u0161\u0107enja \/ kolonizacije, \u0161ire na povr\u0161inu i ubijaju bakterije i gljivice &#8211; do 10 dana.<br class=\"avia-permanent-lb\"\/>D.<strong> trajni u\u010dinak Bacoban\u00ae -a zatvara higijenski jaz!<\/strong><strong><br class=\"avia-permanent-lb\"\/><\/strong><\/p>\n<div class=\"wp-block-image\">\n<figure class=\"aligncenter size-full\"><a href=\"https:\/\/www.versiegelung24.com\/wp-content\/uploads\/2021\/08\/bacoban-hygieneluecke-600x275-1.jpeg\"><img decoding=\"async\" width=\"600\" height=\"275\" src=\"https:\/\/www.versiegelung24.com\/wp-content\/uploads\/2021\/08\/bacoban-hygieneluecke-600x275-1.jpeg\" alt=\"\" class=\"wp-image-30433\" srcset=\"https:\/\/www.versiegelung24.com\/wp-content\/uploads\/2021\/08\/bacoban-hygieneluecke-600x275-1.jpeg 600w, https:\/\/www.versiegelung24.com\/wp-content\/uploads\/2021\/08\/bacoban-hygieneluecke-600x275-1-300x138.jpeg 300w\" sizes=\"(max-width: 600px) 100vw, 600px\" \/><\/a><\/figure><\/div>\n<p><strong>Povr\u0161ina koja se lako \u010disti. <\/strong>U\u010dinak nano-brtvljenja tako\u0111er dovodi do povr\u0161ine koja se lako \u010disti-napor \u010di\u0161\u0107enja smanjen je za vi\u0161e od 50%!<\/p>\n\n<p><strong>Bacoban\u00ae tako\u0111er smanjuje mirise uzrokovane bakterijama.<\/strong> Bacoban\u00ae je na popisu VAH i ima CE certifikat i testiran je u poznatim institutima. <\/p>\n\n<p><strong>Va\u017eno!<\/strong> <strong>Dugotrajni antimikrobni u\u010dinak Bacoban\u00ae ne smije dovesti do izostavljanja potrebnih mjera dezinfekcije u slu\u010daju vidljive i \/ ili upitne kontaminacije.<\/strong><\/p>\n\n<p><strong>Sigurnosna napomena:<\/strong><br\/>Obrtni\u010dka udruga propisuje da se prilikom rukovanja dezinficijensima moraju nositi rukavice. \u0160tetno ako se proguta. Uzrokuje ozbiljnu iritaciju ko\u017ee i ozbiljna o\u0161te\u0107enja oka. Vrlo otrovno za vodene organizme. Otrovno za vodeni svijet s dugotrajnim u\u010dincima. Nemojte jesti, piti ili pu\u0161iti prilikom upotrebe. AKO SE PROGUTA: Isprati usta. NEMOJTE izazivati povra\u0107anje. AKO DOSPE NA KO\u017dU (ili kosu): Odmah skinite svu kontaminiranu odje\u0107u. Isprati ko\u017eu vodom\/tu\u0161irati. AKO DOSPE U O\u010cI: Oprezno ispirati vodom nekoliko minuta. Uklonite kontaktne le\u0107e, ako je mogu\u0107e. Nastavite s ispiranjem. Odmah nazovite CENTAR ZA OTROVE ili lije\u010dnika. Ako je potreban lije\u010dni\u010dki savjet, imajte pri ruci spremnik ili etiketu proizvoda. \u010cuvati izvan dohvata djece.<br\/>Koristite samo s vodom i prema tablici mije\u0161anja. Nemojte koristiti s drugim sredstvima za \u010di\u0161\u0107enje ili dezinfekciju.<\/p>\n\n<p>Mo\u017ee se koristiti na svim povr\u0161inama. U slu\u010daju upitno osjetljivih povr\u0161ina, preporu\u010damo test otpornosti na neupadljivom podru\u010dju. \u010cuvanje samo u zatvorenoj posudi. \u010cuvati na hladnom i suhom.<\/p>\n\n<p>Spremnik se mo\u017ee reciklirati samo ako je potpuno prazan. Ne koristiti nakon isteka roka valjanosti. Odlo\u017eite na odgovaraju\u0107i na\u010din u skladu s lokalnim i slu\u017ebenim propisima.<\/p>\n\n<p>Biocid Reg.No: N-28795 (D). 263\/17\/L (Lu)<\/p>\n<div class=\"wp-block-image\">\n<figure class=\"aligncenter size-full\"><a href=\"https:\/\/www.versiegelung24.com\/wp-content\/uploads\/2021\/08\/bacoban-wirkweise-Sol-Gel-Schwamm.jpeg\"><img decoding=\"async\" width=\"592\" height=\"462\" src=\"https:\/\/www.versiegelung24.com\/wp-content\/uploads\/2021\/08\/bacoban-wirkweise-Sol-Gel-Schwamm.jpeg\" alt=\"\" class=\"wp-image-30460\" srcset=\"https:\/\/www.versiegelung24.com\/wp-content\/uploads\/2021\/08\/bacoban-wirkweise-Sol-Gel-Schwamm.jpeg 592w, https:\/\/www.versiegelung24.com\/wp-content\/uploads\/2021\/08\/bacoban-wirkweise-Sol-Gel-Schwamm-300x234.jpeg 300w\" sizes=\"(max-width: 592px) 100vw, 592px\" \/><\/a><\/figure><\/div>\n<h2 class=\"wp-block-heading\" id=\"so-funktioniert-bacoban-1\">Ovako djeluje Bacoban\u00ae<\/h2>\n\n<p><strong>Osim dokazanog izravnog djelovanja na bakterije i viruse<\/strong> (uklju\u010duju\u0107i koronavirus, HIV, HBV, HCV, herpes, gripu, virus ebole,&#8230;), Bacoban\u00ae ima jo\u0161 dva vrlo u\u010dinkovita mehanizma:<\/p>\n\n<p><strong>Antimikrobni u\u010dinak i u\u010dinak inaktivacije virusa (odre\u0111eni virusi) do 10 dana<\/strong> Bacoban\u00ae tvori \u201cnano-spu\u017evu\u201d nakon \u0161to dezinficijens ispari. Sadr\u017ei biocide koji se, u slu\u010daju one\u010di\u0161\u0107enja \/ kolonizacije, \u0161ire na povr\u0161inu i ubijaju bakterije i gljivice &#8211; do 10 dana.<\/p>\n\n<p>D.<strong> trajni u\u010dinak Bacoban\u00ae -a zatvara higijenski jaz!<\/strong><\/p>\n\n<p><strong>Povr\u0161ina koja se lako \u010disti<\/strong> U\u010dinak nano-brtvljenja tako\u0111er dovodi do povr\u0161ine jednostavne za \u010di\u0161\u0107enje &#8211; napor \u010di\u0161\u0107enja je smanjen za vi\u0161e od 50%!<\/p>\n\n<p><strong>Bacoban\u00ae tako\u0111er smanjuje mirise uzrokovane bakterijama.<\/strong> Bacoban\u00ae je na popisu VAH i certificiran je CE i testiran je u poznatim institutima.<\/p>\n\n<p><strong>Va\u017eno!<\/strong><br\/><strong>Dugotrajni antimikrobni u\u010dinak Bacoban\u00ae ne smije dovesti do izostavljanja potrebnih mjera dezinfekcije u slu\u010daju vidljive i \/ ili upitne kontaminacije.<\/strong><\/p>\n\n<h2 class=\"wp-block-heading\" id=\"h-warum-ein-desinfektionsmittel-mit-nachhaltiger-wirkung-warum-bacoban\">Za\u0161to dezinficijens s trajnim u\u010dinkom? Za\u0161to Bacoban\u00ae?<\/h2>\n\n<p>Primarni cilj bio je stvoriti povr\u0161insko dezinficijens s Bacoban\u00ae -om koji ne samo da dezinficira, ve\u0107 i jam\u010di trajan u\u010dinak do sljede\u0107e dezinfekcije. \u010cinjenica da je projekt sada imao trajni u\u010dinak do 10 dana nije nas samo iznenadila, ve\u0107 i neovisne laboratorije za ispitivanje i zdravstvene ustanove koji testiraju Bacoban\u00ae.<br\/>Posljedica ovih jedinstvenih rezultata nije automatska izmjena higijenskih planova i samo dezinfekcija svakih 5 ili 10 dana, ve\u0107 kori\u0161tenje ove velike prednosti u korist pacijenata, osoblja i pobolj\u0161anja kontrole infekcija. Integrirano u utvr\u0111eni plan dezinfekcije, takvo sredstvo za dezinfekciju nudi ve\u0107u sigurnost od \u0161irenja klica i virusa te na taj na\u010din smanjuje nove infekcije. Time se zatvara higijenski jaz!<\/p>\n\n<p>Bacoban\u00ae je upravo za to razvijen: Kako bi se osigurala ve\u0107a sigurnost izme\u0111u koraka dezinfekcije i korisniku dao novi instrument za borbu protiv klica i virusa.<\/p>\n","protected":false},"excerpt":{"rendered":"<p><strong>Bacoban dugotrajna dezinfekcija povr\u0161ina, otopina na bazi vode spremna za upotrebu, IBC spremnik od 1000 l<\/strong> <\/p>\n<p>\u2713 Dokazani u\u010dinak izravnog ubijanja klica i virusa<\/p>\n<p>\u2713 Smanjuje mirise uzrokovane bakterijama<\/p>\n<p>\u2713 Povr\u0161ina koja se lako \u010disti<\/p>\n<p>\u2713 Antimikrobni i virusni inaktiviraju\u0107i u\u010dinak (odre\u0111eni virusi) do 10 dana <!-- \/wp:paragraph --><\/p>\n","protected":false},"featured_media":14453,"template":"","meta":{"_acf_changed":false,"neve_meta_sidebar":"","neve_meta_container":"","neve_meta_enable_content_width":"","neve_meta_content_width":0,"neve_meta_title_alignment":"","neve_meta_author_avatar":"","neve_post_elements_order":"","neve_meta_disable_header":"","neve_meta_disable_footer":"","neve_meta_disable_title":"","neve_meta_reading_time":"","_surfaces":[],"_ver_product_tabs":[],"footnotes":""},"product_brand":[],"product_cat":[2284,2285],"product_tag":[],"class_list":{"0":"post-94732","1":"product","2":"type-product","3":"status-publish","4":"has-post-thumbnail","6":"product_cat-dezinficijensi","7":"product_cat-sredstva-za-dezinfekciju-povrsine","9":"first","10":"instock","11":"taxable","12":"shipping-taxable","13":"purchasable","14":"product-type-simple"},"acf":[],"yoast_head":"<!-- This site is optimized with the Yoast SEO Premium plugin v22.8 (Yoast SEO v27.5) - https:\/\/yoast.com\/product\/yoast-seo-premium-wordpress\/ -->\n<title>Bacoban\u00ae-dugotrajna povr\u0161inska dezinfekcija, otopina na bazi vode-spremna za uporabu - versiegelung24.com<\/title>\n<meta name=\"robots\" content=\"index, follow, max-snippet:-1, max-image-preview:large, max-video-preview:-1\" \/>\n<link rel=\"canonical\" href=\"https:\/\/www.versiegelung24.com\/hr\/product\/bacoban-dugotrajna-povrsinska-dezinfekcija-otopina-na-bazi-vode-spremna-za-uporabu-kopie\/\" \/>\n<meta property=\"og:locale\" content=\"hr_HR\" \/>\n<meta property=\"og:type\" content=\"article\" \/>\n<meta property=\"og:title\" content=\"Bacoban\u00ae-dugotrajna povr\u0161inska dezinfekcija, otopina na bazi vode-spremna za uporabu\" \/>\n<meta property=\"og:description\" content=\"Bacoban dugotrajna dezinfekcija povr\u0161ina, otopina na bazi vode spremna za upotrebu, IBC spremnik od 1000 l \u2713 Dokazani u\u010dinak izravnog ubijanja klica i virusa \u2713 Smanjuje mirise uzrokovane bakterijama \u2713 Povr\u0161ina koja se lako \u010disti \u2713 Antimikrobni i virusni inaktiviraju\u0107i u\u010dinak (odre\u0111eni virusi) do 10 dana\" \/>\n<meta property=\"og:url\" content=\"https:\/\/www.versiegelung24.com\/hr\/product\/bacoban-dugotrajna-povrsinska-dezinfekcija-otopina-na-bazi-vode-spremna-za-uporabu-kopie\/\" \/>\n<meta property=\"og:site_name\" content=\"versiegelung24.com\" \/>\n<meta property=\"article:modified_time\" content=\"2023-06-19T14:40:31+00:00\" \/>\n<meta property=\"og:image\" content=\"https:\/\/www.versiegelung24.com\/wp-content\/uploads\/2020\/04\/bacoban-wasserbasiert-500-ml-scaled.jpg\" \/>\n\t<meta property=\"og:image:width\" content=\"2560\" \/>\n\t<meta property=\"og:image:height\" content=\"2560\" \/>\n\t<meta property=\"og:image:type\" content=\"image\/jpeg\" \/>\n<meta name=\"twitter:card\" content=\"summary_large_image\" \/>\n<meta name=\"twitter:label1\" content=\"Price\" \/>\n\t<meta name=\"twitter:data1\" content=\"3.690,00&euro;\" \/>\n\t<meta name=\"twitter:label2\" content=\"Availability\" \/>\n\t<meta name=\"twitter:data2\" content=\"In stock\" \/>\n<script type=\"application\/ld+json\" class=\"yoast-schema-graph\">{\"@context\":\"https:\\\/\\\/schema.org\",\"@graph\":[{\"@type\":\"WebPage\",\"@id\":\"https:\\\/\\\/www.versiegelung24.com\\\/hr\\\/product\\\/bacoban-dugotrajna-povrsinska-dezinfekcija-otopina-na-bazi-vode-spremna-za-uporabu-kopie\\\/\",\"url\":\"https:\\\/\\\/www.versiegelung24.com\\\/hr\\\/product\\\/bacoban-dugotrajna-povrsinska-dezinfekcija-otopina-na-bazi-vode-spremna-za-uporabu-kopie\\\/\",\"name\":\"Bacoban\u00ae-dugotrajna povr\u0161inska dezinfekcija, otopina na bazi vode-spremna za uporabu - versiegelung24.com\",\"isPartOf\":{\"@id\":\"https:\\\/\\\/www.versiegelung24.com\\\/hr\\\/#website\"},\"primaryImageOfPage\":{\"@id\":\"https:\\\/\\\/www.versiegelung24.com\\\/hr\\\/product\\\/bacoban-dugotrajna-povrsinska-dezinfekcija-otopina-na-bazi-vode-spremna-za-uporabu-kopie\\\/#primaryimage\"},\"image\":{\"@id\":\"https:\\\/\\\/www.versiegelung24.com\\\/hr\\\/product\\\/bacoban-dugotrajna-povrsinska-dezinfekcija-otopina-na-bazi-vode-spremna-za-uporabu-kopie\\\/#primaryimage\"},\"thumbnailUrl\":\"https:\\\/\\\/www.versiegelung24.com\\\/wp-content\\\/uploads\\\/2020\\\/04\\\/bacoban-wasserbasiert-500-ml-scaled.jpg\",\"datePublished\":\"2022-11-28T17:28:41+00:00\",\"dateModified\":\"2023-06-19T14:40:31+00:00\",\"breadcrumb\":{\"@id\":\"https:\\\/\\\/www.versiegelung24.com\\\/hr\\\/product\\\/bacoban-dugotrajna-povrsinska-dezinfekcija-otopina-na-bazi-vode-spremna-za-uporabu-kopie\\\/#breadcrumb\"},\"inLanguage\":\"hr\",\"potentialAction\":[{\"@type\":\"ReadAction\",\"target\":[\"https:\\\/\\\/www.versiegelung24.com\\\/hr\\\/product\\\/bacoban-dugotrajna-povrsinska-dezinfekcija-otopina-na-bazi-vode-spremna-za-uporabu-kopie\\\/\"]}]},{\"@type\":\"ImageObject\",\"inLanguage\":\"hr\",\"@id\":\"https:\\\/\\\/www.versiegelung24.com\\\/hr\\\/product\\\/bacoban-dugotrajna-povrsinska-dezinfekcija-otopina-na-bazi-vode-spremna-za-uporabu-kopie\\\/#primaryimage\",\"url\":\"https:\\\/\\\/www.versiegelung24.com\\\/wp-content\\\/uploads\\\/2020\\\/04\\\/bacoban-wasserbasiert-500-ml-scaled.jpg\",\"contentUrl\":\"https:\\\/\\\/www.versiegelung24.com\\\/wp-content\\\/uploads\\\/2020\\\/04\\\/bacoban-wasserbasiert-500-ml-scaled.jpg\",\"width\":2560,\"height\":2560},{\"@type\":\"BreadcrumbList\",\"@id\":\"https:\\\/\\\/www.versiegelung24.com\\\/hr\\\/product\\\/bacoban-dugotrajna-povrsinska-dezinfekcija-otopina-na-bazi-vode-spremna-za-uporabu-kopie\\\/#breadcrumb\",\"itemListElement\":[{\"@type\":\"ListItem\",\"position\":1,\"name\":\"Po\u010detna stranica\",\"item\":\"https:\\\/\\\/www.versiegelung24.com\\\/hr\\\/ispred\\\/\"},{\"@type\":\"ListItem\",\"position\":2,\"name\":\"Du\u0107an\",\"item\":\"https:\\\/\\\/www.versiegelung24.com\\\/hr\\\/ducan\\\/\"},{\"@type\":\"ListItem\",\"position\":3,\"name\":\"Bacoban\u00ae-dugotrajna povr\u0161inska dezinfekcija, otopina na bazi vode-spremna za uporabu\"}]},{\"@type\":\"WebSite\",\"@id\":\"https:\\\/\\\/www.versiegelung24.com\\\/hr\\\/#website\",\"url\":\"https:\\\/\\\/www.versiegelung24.com\\\/hr\\\/\",\"name\":\"versiegelung24.com\",\"description\":\"Fl\u00fcssigglas-Versiegelung - Made in Germany\",\"publisher\":{\"@id\":\"https:\\\/\\\/www.versiegelung24.com\\\/hr\\\/#organization\"},\"potentialAction\":[{\"@type\":\"SearchAction\",\"target\":{\"@type\":\"EntryPoint\",\"urlTemplate\":\"https:\\\/\\\/www.versiegelung24.com\\\/hr\\\/?s={search_term_string}\"},\"query-input\":{\"@type\":\"PropertyValueSpecification\",\"valueRequired\":true,\"valueName\":\"search_term_string\"}}],\"inLanguage\":\"hr\"},{\"@type\":\"Organization\",\"@id\":\"https:\\\/\\\/www.versiegelung24.com\\\/hr\\\/#organization\",\"name\":\"versiegelung24\",\"url\":\"https:\\\/\\\/www.versiegelung24.com\\\/hr\\\/\",\"logo\":{\"@type\":\"ImageObject\",\"inLanguage\":\"hr\",\"@id\":\"https:\\\/\\\/www.versiegelung24.com\\\/hr\\\/#\\\/schema\\\/logo\\\/image\\\/\",\"url\":\"https:\\\/\\\/www.versiegelung24.com\\\/wp-content\\\/uploads\\\/2020\\\/04\\\/versiegelung24.png\",\"contentUrl\":\"https:\\\/\\\/www.versiegelung24.com\\\/wp-content\\\/uploads\\\/2020\\\/04\\\/versiegelung24.png\",\"width\":470,\"height\":102,\"caption\":\"versiegelung24\"},\"image\":{\"@id\":\"https:\\\/\\\/www.versiegelung24.com\\\/hr\\\/#\\\/schema\\\/logo\\\/image\\\/\"}}]}<\/script>\n<meta property=\"product:price:amount\" content=\"3690.00\" \/>\n<meta property=\"product:price:currency\" content=\"EUR\" \/>\n<meta property=\"og:availability\" content=\"instock\" \/>\n<meta property=\"product:availability\" content=\"instock\" \/>\n<meta property=\"product:retailer_item_id\" content=\"BAC-IBC1000DL\" \/>\n<meta property=\"product:condition\" content=\"new\" \/>\n<!-- \/ Yoast SEO Premium plugin. -->","yoast_head_json":{"title":"Bacoban\u00ae-dugotrajna povr\u0161inska dezinfekcija, otopina na bazi vode-spremna za uporabu - versiegelung24.com","robots":{"index":"index","follow":"follow","max-snippet":"max-snippet:-1","max-image-preview":"max-image-preview:large","max-video-preview":"max-video-preview:-1"},"canonical":"https:\/\/www.versiegelung24.com\/hr\/product\/bacoban-dugotrajna-povrsinska-dezinfekcija-otopina-na-bazi-vode-spremna-za-uporabu-kopie\/","og_locale":"hr_HR","og_type":"article","og_title":"Bacoban\u00ae-dugotrajna povr\u0161inska dezinfekcija, otopina na bazi vode-spremna za uporabu","og_description":"Bacoban dugotrajna dezinfekcija povr\u0161ina, otopina na bazi vode spremna za upotrebu, IBC spremnik od 1000 l \u2713 Dokazani u\u010dinak izravnog ubijanja klica i virusa \u2713 Smanjuje mirise uzrokovane bakterijama \u2713 Povr\u0161ina koja se lako \u010disti \u2713 Antimikrobni i virusni inaktiviraju\u0107i u\u010dinak (odre\u0111eni virusi) do 10 dana","og_url":"https:\/\/www.versiegelung24.com\/hr\/product\/bacoban-dugotrajna-povrsinska-dezinfekcija-otopina-na-bazi-vode-spremna-za-uporabu-kopie\/","og_site_name":"versiegelung24.com","article_modified_time":"2023-06-19T14:40:31+00:00","og_image":[{"width":2560,"height":2560,"url":"https:\/\/www.versiegelung24.com\/wp-content\/uploads\/2020\/04\/bacoban-wasserbasiert-500-ml-scaled.jpg","type":"image\/jpeg"}],"twitter_card":"summary_large_image","twitter_misc":{"Price":"3.690,00&euro;","Availability":"In stock"},"schema":{"@context":"https:\/\/schema.org","@graph":[{"@type":"WebPage","@id":"https:\/\/www.versiegelung24.com\/hr\/product\/bacoban-dugotrajna-povrsinska-dezinfekcija-otopina-na-bazi-vode-spremna-za-uporabu-kopie\/","url":"https:\/\/www.versiegelung24.com\/hr\/product\/bacoban-dugotrajna-povrsinska-dezinfekcija-otopina-na-bazi-vode-spremna-za-uporabu-kopie\/","name":"Bacoban\u00ae-dugotrajna povr\u0161inska dezinfekcija, otopina na bazi vode-spremna za uporabu - versiegelung24.com","isPartOf":{"@id":"https:\/\/www.versiegelung24.com\/hr\/#website"},"primaryImageOfPage":{"@id":"https:\/\/www.versiegelung24.com\/hr\/product\/bacoban-dugotrajna-povrsinska-dezinfekcija-otopina-na-bazi-vode-spremna-za-uporabu-kopie\/#primaryimage"},"image":{"@id":"https:\/\/www.versiegelung24.com\/hr\/product\/bacoban-dugotrajna-povrsinska-dezinfekcija-otopina-na-bazi-vode-spremna-za-uporabu-kopie\/#primaryimage"},"thumbnailUrl":"https:\/\/www.versiegelung24.com\/wp-content\/uploads\/2020\/04\/bacoban-wasserbasiert-500-ml-scaled.jpg","datePublished":"2022-11-28T17:28:41+00:00","dateModified":"2023-06-19T14:40:31+00:00","breadcrumb":{"@id":"https:\/\/www.versiegelung24.com\/hr\/product\/bacoban-dugotrajna-povrsinska-dezinfekcija-otopina-na-bazi-vode-spremna-za-uporabu-kopie\/#breadcrumb"},"inLanguage":"hr","potentialAction":[{"@type":"ReadAction","target":["https:\/\/www.versiegelung24.com\/hr\/product\/bacoban-dugotrajna-povrsinska-dezinfekcija-otopina-na-bazi-vode-spremna-za-uporabu-kopie\/"]}]},{"@type":"ImageObject","inLanguage":"hr","@id":"https:\/\/www.versiegelung24.com\/hr\/product\/bacoban-dugotrajna-povrsinska-dezinfekcija-otopina-na-bazi-vode-spremna-za-uporabu-kopie\/#primaryimage","url":"https:\/\/www.versiegelung24.com\/wp-content\/uploads\/2020\/04\/bacoban-wasserbasiert-500-ml-scaled.jpg","contentUrl":"https:\/\/www.versiegelung24.com\/wp-content\/uploads\/2020\/04\/bacoban-wasserbasiert-500-ml-scaled.jpg","width":2560,"height":2560},{"@type":"BreadcrumbList","@id":"https:\/\/www.versiegelung24.com\/hr\/product\/bacoban-dugotrajna-povrsinska-dezinfekcija-otopina-na-bazi-vode-spremna-za-uporabu-kopie\/#breadcrumb","itemListElement":[{"@type":"ListItem","position":1,"name":"Po\u010detna stranica","item":"https:\/\/www.versiegelung24.com\/hr\/ispred\/"},{"@type":"ListItem","position":2,"name":"Du\u0107an","item":"https:\/\/www.versiegelung24.com\/hr\/ducan\/"},{"@type":"ListItem","position":3,"name":"Bacoban\u00ae-dugotrajna povr\u0161inska dezinfekcija, otopina na bazi vode-spremna za uporabu"}]},{"@type":"WebSite","@id":"https:\/\/www.versiegelung24.com\/hr\/#website","url":"https:\/\/www.versiegelung24.com\/hr\/","name":"versiegelung24.com","description":"Fl\u00fcssigglas-Versiegelung - Made in Germany","publisher":{"@id":"https:\/\/www.versiegelung24.com\/hr\/#organization"},"potentialAction":[{"@type":"SearchAction","target":{"@type":"EntryPoint","urlTemplate":"https:\/\/www.versiegelung24.com\/hr\/?s={search_term_string}"},"query-input":{"@type":"PropertyValueSpecification","valueRequired":true,"valueName":"search_term_string"}}],"inLanguage":"hr"},{"@type":"Organization","@id":"https:\/\/www.versiegelung24.com\/hr\/#organization","name":"versiegelung24","url":"https:\/\/www.versiegelung24.com\/hr\/","logo":{"@type":"ImageObject","inLanguage":"hr","@id":"https:\/\/www.versiegelung24.com\/hr\/#\/schema\/logo\/image\/","url":"https:\/\/www.versiegelung24.com\/wp-content\/uploads\/2020\/04\/versiegelung24.png","contentUrl":"https:\/\/www.versiegelung24.com\/wp-content\/uploads\/2020\/04\/versiegelung24.png","width":470,"height":102,"caption":"versiegelung24"},"image":{"@id":"https:\/\/www.versiegelung24.com\/hr\/#\/schema\/logo\/image\/"}}]},"product_price_amount":"3690.00","product_price_currency":"EUR","og_availability":"instock","product_availability":"instock","product_retailer_item_id":"BAC-IBC1000DL","product_condition":"new"},"_links":{"self":[{"href":"https:\/\/www.versiegelung24.com\/hr\/wp-json\/wp\/v2\/product\/94732","targetHints":{"allow":["GET"]}}],"collection":[{"href":"https:\/\/www.versiegelung24.com\/hr\/wp-json\/wp\/v2\/product"}],"about":[{"href":"https:\/\/www.versiegelung24.com\/hr\/wp-json\/wp\/v2\/types\/product"}],"version-history":[{"count":3,"href":"https:\/\/www.versiegelung24.com\/hr\/wp-json\/wp\/v2\/product\/94732\/revisions"}],"predecessor-version":[{"id":94800,"href":"https:\/\/www.versiegelung24.com\/hr\/wp-json\/wp\/v2\/product\/94732\/revisions\/94800"}],"wp:featuredmedia":[{"embeddable":true,"href":"https:\/\/www.versiegelung24.com\/hr\/wp-json\/wp\/v2\/media\/14453"}],"wp:attachment":[{"href":"https:\/\/www.versiegelung24.com\/hr\/wp-json\/wp\/v2\/media?parent=94732"}],"wp:term":[{"taxonomy":"product_brand","embeddable":true,"href":"https:\/\/www.versiegelung24.com\/hr\/wp-json\/wp\/v2\/product_brand?post=94732"},{"taxonomy":"product_cat","embeddable":true,"href":"https:\/\/www.versiegelung24.com\/hr\/wp-json\/wp\/v2\/product_cat?post=94732"},{"taxonomy":"product_tag","embeddable":true,"href":"https:\/\/www.versiegelung24.com\/hr\/wp-json\/wp\/v2\/product_tag?post=94732"}],"curies":[{"name":"wp","href":"https:\/\/api.w.org\/{rel}","templated":true}]}}