{"id":95191,"date":"2022-12-01T15:45:36","date_gmt":"2022-12-01T14:45:39","guid":{"rendered":"https:\/\/www.versiegelung24.com\/?post_type=product&#038;p=95191"},"modified":"2023-06-19T16:33:09","modified_gmt":"2023-06-19T14:33:09","slug":"tiosept-sg-55-dugotrajna-povrsinska-zastita-20-kompleta-za-1m%c2%b2-svaki-kopie","status":"publish","type":"product","link":"https:\/\/www.versiegelung24.com\/hr\/product\/tiosept-sg-55-dugotrajna-povrsinska-zastita-20-kompleta-za-1m%c2%b2-svaki-kopie\/","title":{"rendered":"TiOSEPT\u00ae SG-55 dugotrajna povr\u0161inska za\u0161tita, 10 kompleta po 2m\u00b2 svaki"},"content":{"rendered":"\n<p><strong>Antimikrobno brtvljenje od teku\u0107eg stakla<\/strong> <strong>u\u010dinkovito do 18 mjeseci<\/strong> &#8211; 10 kompleta spremnih vre\u0107ica za 2 m\u00b2 svaka <\/p>\n\n<p><strong>Dugotrajna povr\u0161inska za\u0161tita prikladna za glatke povr\u0161ine<\/strong> : staklo, nehr\u0111aju\u0107i \u010delik, aluminij i obra\u0111eno drvo<\/p>\n\n<hr\/>\n<h4 class=\"wp-block-heading\" id=\"properties\">svojstva proizvoda<\/h4>\n\n<div class=\"wp-block-columns is-layout-flex wp-container-core-columns-is-layout-9d6595d7 wp-block-columns-is-layout-flex\">\n<div class=\"wp-block-column is-layout-flow wp-block-column-is-layout-flow\">\n<ul class=\"wp-block-list\"><li>Eliminira bakterije (E.coli, S. aureus) i viruse s ovojnicom (corona, ebola, rota virus) do 99,99%<\/li><li>Sprje\u010dava talo\u017eenje kvasca i plijesni<\/li><li>Dermatolo\u0161ki ispitano &#8220;vrlo dobro&#8221;.<\/li><li>Povr\u0161ine se lak\u0161e i br\u017ee \u010diste (&#8220;easy-to-clean&#8221;)<\/li><li>Za unutarnju i vanjsku upotrebu<\/li><li>Otporan na habanje (pove\u0107ana otpornost na ogrebotine)<\/li><li>Jednostavna i brza aplikacija<\/li><li>Tvrdo\u0107a povr\u0161ine na staklu 9H (T\u00dcV test prema MSZ EN ISO 15184:2013)<\/li><li>Tvrdo\u0107a ogrebotina na staklu 10N (T\u00dcV test prema MSZ 9640\/41:1983)<\/li><li>Kontaktni kut 95\u00b0 na staklu i 91\u00b0 na nehr\u0111aju\u0107em \u010deliku, nakon 10.000 ciklusa \u010di\u0161\u0107enja 92\u00b0 + 85\u00b0 (testirano od strane T\u00dcV-a s vodom)<\/li><\/ul><\/div>\n\n\n\n<div class=\"wp-block-column is-layout-flow wp-block-column-is-layout-flow\">\n<ul class=\"wp-block-list\"><li>Debljina sloja cca. 20 nm (nanometara)<\/li><li>Hrapavost: 6 nm na povr\u0161ini<\/li><li>Vre\u0107ice (pojedina\u010dno zamotane vla\u017ene maramice)<\/li><li>Vre\u0107ica 1: Krpa za prethodno \u010di\u0161\u0107enje, natopljena IPA (izopropanolom) 99%<\/li><li>Vre\u0107ica 2: brtvena maramica impregnirana s TiOSEPT\u00ae SG-55<\/li><li>Viskozni flis, bez plastike, 60 g\/m\u00b2<\/li><li>Format platna 150 x 240 mm<\/li><li>Jedna krpa dovoljna je za cca 2 m\u00b2<\/li><li>BAUA reg.br. N-104947<\/li><\/ul><\/div>\n<\/div>\n\n<hr\/>\n<h4 class=\"wp-block-heading\" id=\"application\">koristiti<\/h4>\n\n<p><strong>TiOSEPT\u00ae SG-55<\/strong> set vre\u0107ica spreman za upotrebu za glatke povr\u0161ine staklo, nehr\u0111aju\u0107i \u010delik, \u010delik, aluminij, plastiku i obra\u0111eno drvo<\/p>\n\n<h5 class=\"wp-block-heading\">Prethodno \u010di\u0161\u0107enje<\/h5>\n\n<p>Preporu\u010dljivo je nositi jednokratne za\u0161titne rukavice. Temperatura primjene 5 \u2013 35\u00b0C.<\/p>\n\n<ol class=\"wp-block-list\"><li>O\u010distite povr\u0161inu vrlo pa\u017eljivo komercijalno dostupnim sredstvima za \u010di\u0161\u0107enje. \u0160to je bolje \u010di\u0161\u0107enje, to \u0107e pe\u010dat dulje trajati. Zatim osu\u0161ite povr\u0161inu.<\/li><li>Uklonite alkoholnu krpu za prethodno \u010di\u0161\u0107enje iz vre\u0107ice i njome temeljito odmastite povr\u0161inu.<\/li><li>povr\u0161ina min. Ostavite da se osu\u0161i 1 minutu.<\/li><\/ol>\n<h5 class=\"wp-block-heading\">brtvljenje<\/h5>\n\n<p>Preporu\u010dljivo je nositi jednokratne za\u0161titne rukavice. Temperatura primjene 5 \u2013 35\u00b0C.<\/p>\n\n<ol class=\"wp-block-list\"><li>Skinite krpu za brtvljenje s vre\u0107ice i njome obri\u0161ite povr\u0161inu jednom okomito i vodoravno. Krpa je dovoljna za cca 2m\u00b2. Va\u017eno je da radite brzo jer je krpa suha nakon otprilike 90 sekundi.<\/li><li>Ostavite povr\u0161inu da se osu\u0161i najmanje 2 minute (ispod 15\u00b0C = 10 minuta), ne dirajte 10 minuta. Potpuno stvrdnjavanje nakon 10 sati. Po potrebi ponovite primjenu. Ako postoji malo sivo puzanje, to se mo\u017ee pa\u017eljivo ispolirati krpom od mikrovlakana.<\/li><\/ol>\n<p>Plasti\u010dne povr\u0161ine postaju antimikrobne i hidrofobnije, otpornost na ogrebotine se ne mijenja. Ne preporu\u010duje se kori\u0161tenje na polikarbonatu i pleksiglasu\u00ae.<\/p>\n\n<h5 class=\"wp-block-heading\" id=\"gebrauch\">skladi\u0161tenje<\/h5>\n\n<p>\u010cuvajte TiOSEPT\u00ae SG-55 na +5 do +25\u00b0C. Za\u0161tititi od mraza i izravne sun\u010deve svjetlosti.<\/p>\n","protected":false},"excerpt":{"rendered":"<p><strong>Antimikrobna dugotrajna za\u0161tita do 18 mjeseci<\/strong> <strong>za glatke povr\u0161ine<\/strong><\/p>\n<p>\u2713 Prozirno i nevidljivo<\/p>\n<p>\u2713 Vodootporan<\/p>\n<p>\u2713 Testirano od strane neovisnih instituta za testiranje<\/p>\n<p>\u2713 Kompleti vre\u0107ica spremni za kori\u0161tenje za prethodno \u010di\u0161\u0107enje i brtvljenje<\/p>\n","protected":false},"featured_media":94917,"template":"","meta":{"_acf_changed":false,"neve_meta_sidebar":"","neve_meta_container":"","neve_meta_enable_content_width":"","neve_meta_content_width":0,"neve_meta_title_alignment":"","neve_meta_author_avatar":"","neve_post_elements_order":"","neve_meta_disable_header":"","neve_meta_disable_footer":"","neve_meta_disable_title":"","neve_meta_reading_time":"","_surfaces":[],"_ver_product_tabs":[],"footnotes":""},"product_brand":[],"product_cat":[2284,2285,2303,2428,2479,3171],"product_tag":[],"class_list":{"0":"post-95191","1":"product","2":"type-product","3":"status-publish","4":"has-post-thumbnail","6":"product_cat-dezinficijensi","7":"product_cat-sredstva-za-dezinfekciju-povrsine","8":"product_cat-brtve-za-staklo-i-keramiku","9":"product_cat-brtvljenje-metala-i-plastike","10":"product_cat-univerzalna-brtva","11":"product_cat-sredstvo-za-dezinfekciju-mobitela","13":"first","14":"onbackorder","15":"taxable","16":"shipping-taxable","17":"purchasable","18":"product-type-simple"},"acf":[],"yoast_head":"<!-- This site is optimized with the Yoast SEO Premium plugin v22.8 (Yoast SEO v27.5) - https:\/\/yoast.com\/product\/yoast-seo-premium-wordpress\/ -->\n<title>TiOSEPT\u00ae SG-55 dugotrajna povr\u0161inska za\u0161tita, 10 kompleta po 2m\u00b2 svaki - versiegelung24.com<\/title>\n<meta name=\"robots\" content=\"index, follow, max-snippet:-1, max-image-preview:large, max-video-preview:-1\" \/>\n<link rel=\"canonical\" href=\"https:\/\/www.versiegelung24.com\/hr\/product\/tiosept-sg-55-dugotrajna-povrsinska-zastita-20-kompleta-za-1m%c2%b2-svaki-kopie\/\" \/>\n<meta property=\"og:locale\" content=\"hr_HR\" \/>\n<meta property=\"og:type\" content=\"article\" \/>\n<meta property=\"og:title\" content=\"TiOSEPT\u00ae SG-55 dugotrajna povr\u0161inska za\u0161tita, 10 kompleta po 2m\u00b2 svaki\" \/>\n<meta property=\"og:description\" content=\"Antimikrobna dugotrajna za\u0161tita do 18 mjeseci za glatke povr\u0161ine \u2713 Prozirno i nevidljivo \u2713 Vodootporan \u2713 Testirano od strane neovisnih instituta za testiranje \u2713 Kompleti vre\u0107ica spremni za kori\u0161tenje za prethodno \u010di\u0161\u0107enje i brtvljenje\" \/>\n<meta property=\"og:url\" content=\"https:\/\/www.versiegelung24.com\/hr\/product\/tiosept-sg-55-dugotrajna-povrsinska-zastita-20-kompleta-za-1m%c2%b2-svaki-kopie\/\" \/>\n<meta property=\"og:site_name\" content=\"versiegelung24.com\" \/>\n<meta property=\"article:modified_time\" content=\"2023-06-19T14:33:09+00:00\" \/>\n<meta property=\"og:image\" content=\"https:\/\/www.versiegelung24.com\/wp-content\/uploads\/2020\/04\/produkt-BACTUE-bacoban-front.jpg\" \/>\n\t<meta property=\"og:image:width\" content=\"2000\" \/>\n\t<meta property=\"og:image:height\" content=\"2000\" \/>\n\t<meta property=\"og:image:type\" content=\"image\/jpeg\" \/>\n<meta name=\"twitter:card\" content=\"summary_large_image\" \/>\n<meta name=\"twitter:label1\" content=\"Price\" \/>\n\t<meta name=\"twitter:data1\" content=\"78,99&euro;\" \/>\n\t<meta name=\"twitter:label2\" content=\"Availability\" \/>\n\t<meta name=\"twitter:data2\" content=\"On backorder\" \/>\n<script type=\"application\/ld+json\" class=\"yoast-schema-graph\">{\"@context\":\"https:\\\/\\\/schema.org\",\"@graph\":[{\"@type\":\"WebPage\",\"@id\":\"https:\\\/\\\/www.versiegelung24.com\\\/hr\\\/product\\\/tiosept-sg-55-dugotrajna-povrsinska-zastita-20-kompleta-za-1m%c2%b2-svaki-kopie\\\/\",\"url\":\"https:\\\/\\\/www.versiegelung24.com\\\/hr\\\/product\\\/tiosept-sg-55-dugotrajna-povrsinska-zastita-20-kompleta-za-1m%c2%b2-svaki-kopie\\\/\",\"name\":\"TiOSEPT\u00ae SG-55 dugotrajna povr\u0161inska za\u0161tita, 10 kompleta po 2m\u00b2 svaki - versiegelung24.com\",\"isPartOf\":{\"@id\":\"https:\\\/\\\/www.versiegelung24.com\\\/hr\\\/#website\"},\"primaryImageOfPage\":{\"@id\":\"https:\\\/\\\/www.versiegelung24.com\\\/hr\\\/product\\\/tiosept-sg-55-dugotrajna-povrsinska-zastita-20-kompleta-za-1m%c2%b2-svaki-kopie\\\/#primaryimage\"},\"image\":{\"@id\":\"https:\\\/\\\/www.versiegelung24.com\\\/hr\\\/product\\\/tiosept-sg-55-dugotrajna-povrsinska-zastita-20-kompleta-za-1m%c2%b2-svaki-kopie\\\/#primaryimage\"},\"thumbnailUrl\":\"https:\\\/\\\/www.versiegelung24.com\\\/wp-content\\\/uploads\\\/2022\\\/11\\\/Tiosept-Schachtel-rechts.jpg\",\"datePublished\":\"2022-12-01T14:45:39+00:00\",\"dateModified\":\"2023-06-19T14:33:09+00:00\",\"breadcrumb\":{\"@id\":\"https:\\\/\\\/www.versiegelung24.com\\\/hr\\\/product\\\/tiosept-sg-55-dugotrajna-povrsinska-zastita-20-kompleta-za-1m%c2%b2-svaki-kopie\\\/#breadcrumb\"},\"inLanguage\":\"hr\",\"potentialAction\":[{\"@type\":\"ReadAction\",\"target\":[\"https:\\\/\\\/www.versiegelung24.com\\\/hr\\\/product\\\/tiosept-sg-55-dugotrajna-povrsinska-zastita-20-kompleta-za-1m%c2%b2-svaki-kopie\\\/\"]}]},{\"@type\":\"ImageObject\",\"inLanguage\":\"hr\",\"@id\":\"https:\\\/\\\/www.versiegelung24.com\\\/hr\\\/product\\\/tiosept-sg-55-dugotrajna-povrsinska-zastita-20-kompleta-za-1m%c2%b2-svaki-kopie\\\/#primaryimage\",\"url\":\"https:\\\/\\\/www.versiegelung24.com\\\/wp-content\\\/uploads\\\/2022\\\/11\\\/Tiosept-Schachtel-rechts.jpg\",\"contentUrl\":\"https:\\\/\\\/www.versiegelung24.com\\\/wp-content\\\/uploads\\\/2022\\\/11\\\/Tiosept-Schachtel-rechts.jpg\",\"width\":1668,\"height\":1568},{\"@type\":\"BreadcrumbList\",\"@id\":\"https:\\\/\\\/www.versiegelung24.com\\\/hr\\\/product\\\/tiosept-sg-55-dugotrajna-povrsinska-zastita-20-kompleta-za-1m%c2%b2-svaki-kopie\\\/#breadcrumb\",\"itemListElement\":[{\"@type\":\"ListItem\",\"position\":1,\"name\":\"Po\u010detna stranica\",\"item\":\"https:\\\/\\\/www.versiegelung24.com\\\/hr\\\/ispred\\\/\"},{\"@type\":\"ListItem\",\"position\":2,\"name\":\"Du\u0107an\",\"item\":\"https:\\\/\\\/www.versiegelung24.com\\\/hr\\\/ducan\\\/\"},{\"@type\":\"ListItem\",\"position\":3,\"name\":\"TiOSEPT\u00ae SG-55 dugotrajna povr\u0161inska za\u0161tita, 10 kompleta po 2m\u00b2 svaki\"}]},{\"@type\":\"WebSite\",\"@id\":\"https:\\\/\\\/www.versiegelung24.com\\\/hr\\\/#website\",\"url\":\"https:\\\/\\\/www.versiegelung24.com\\\/hr\\\/\",\"name\":\"versiegelung24.com\",\"description\":\"Fl\u00fcssigglas-Versiegelung - Made in Germany\",\"publisher\":{\"@id\":\"https:\\\/\\\/www.versiegelung24.com\\\/hr\\\/#organization\"},\"potentialAction\":[{\"@type\":\"SearchAction\",\"target\":{\"@type\":\"EntryPoint\",\"urlTemplate\":\"https:\\\/\\\/www.versiegelung24.com\\\/hr\\\/?s={search_term_string}\"},\"query-input\":{\"@type\":\"PropertyValueSpecification\",\"valueRequired\":true,\"valueName\":\"search_term_string\"}}],\"inLanguage\":\"hr\"},{\"@type\":\"Organization\",\"@id\":\"https:\\\/\\\/www.versiegelung24.com\\\/hr\\\/#organization\",\"name\":\"versiegelung24\",\"url\":\"https:\\\/\\\/www.versiegelung24.com\\\/hr\\\/\",\"logo\":{\"@type\":\"ImageObject\",\"inLanguage\":\"hr\",\"@id\":\"https:\\\/\\\/www.versiegelung24.com\\\/hr\\\/#\\\/schema\\\/logo\\\/image\\\/\",\"url\":\"https:\\\/\\\/www.versiegelung24.com\\\/wp-content\\\/uploads\\\/2020\\\/04\\\/versiegelung24.png\",\"contentUrl\":\"https:\\\/\\\/www.versiegelung24.com\\\/wp-content\\\/uploads\\\/2020\\\/04\\\/versiegelung24.png\",\"width\":470,\"height\":102,\"caption\":\"versiegelung24\"},\"image\":{\"@id\":\"https:\\\/\\\/www.versiegelung24.com\\\/hr\\\/#\\\/schema\\\/logo\\\/image\\\/\"}}]}<\/script>\n<meta property=\"product:price:amount\" content=\"78.99\" \/>\n<meta property=\"product:price:currency\" content=\"EUR\" \/>\n<meta property=\"og:availability\" content=\"backorder\" \/>\n<meta property=\"product:availability\" content=\"available for order\" \/>\n<meta property=\"product:retailer_item_id\" content=\"TiOS-SG55-SA2-10\" \/>\n<meta property=\"product:condition\" content=\"new\" \/>\n<!-- \/ Yoast SEO Premium plugin. -->","yoast_head_json":{"title":"TiOSEPT\u00ae SG-55 dugotrajna povr\u0161inska za\u0161tita, 10 kompleta po 2m\u00b2 svaki - versiegelung24.com","robots":{"index":"index","follow":"follow","max-snippet":"max-snippet:-1","max-image-preview":"max-image-preview:large","max-video-preview":"max-video-preview:-1"},"canonical":"https:\/\/www.versiegelung24.com\/hr\/product\/tiosept-sg-55-dugotrajna-povrsinska-zastita-20-kompleta-za-1m%c2%b2-svaki-kopie\/","og_locale":"hr_HR","og_type":"article","og_title":"TiOSEPT\u00ae SG-55 dugotrajna povr\u0161inska za\u0161tita, 10 kompleta po 2m\u00b2 svaki","og_description":"Antimikrobna dugotrajna za\u0161tita do 18 mjeseci za glatke povr\u0161ine \u2713 Prozirno i nevidljivo \u2713 Vodootporan \u2713 Testirano od strane neovisnih instituta za testiranje \u2713 Kompleti vre\u0107ica spremni za kori\u0161tenje za prethodno \u010di\u0161\u0107enje i brtvljenje","og_url":"https:\/\/www.versiegelung24.com\/hr\/product\/tiosept-sg-55-dugotrajna-povrsinska-zastita-20-kompleta-za-1m%c2%b2-svaki-kopie\/","og_site_name":"versiegelung24.com","article_modified_time":"2023-06-19T14:33:09+00:00","og_image":[{"width":2000,"height":2000,"url":"https:\/\/www.versiegelung24.com\/wp-content\/uploads\/2020\/04\/produkt-BACTUE-bacoban-front.jpg","type":"image\/jpeg"}],"twitter_card":"summary_large_image","twitter_misc":{"Price":"78,99&euro;","Availability":"On backorder"},"schema":{"@context":"https:\/\/schema.org","@graph":[{"@type":"WebPage","@id":"https:\/\/www.versiegelung24.com\/hr\/product\/tiosept-sg-55-dugotrajna-povrsinska-zastita-20-kompleta-za-1m%c2%b2-svaki-kopie\/","url":"https:\/\/www.versiegelung24.com\/hr\/product\/tiosept-sg-55-dugotrajna-povrsinska-zastita-20-kompleta-za-1m%c2%b2-svaki-kopie\/","name":"TiOSEPT\u00ae SG-55 dugotrajna povr\u0161inska za\u0161tita, 10 kompleta po 2m\u00b2 svaki - versiegelung24.com","isPartOf":{"@id":"https:\/\/www.versiegelung24.com\/hr\/#website"},"primaryImageOfPage":{"@id":"https:\/\/www.versiegelung24.com\/hr\/product\/tiosept-sg-55-dugotrajna-povrsinska-zastita-20-kompleta-za-1m%c2%b2-svaki-kopie\/#primaryimage"},"image":{"@id":"https:\/\/www.versiegelung24.com\/hr\/product\/tiosept-sg-55-dugotrajna-povrsinska-zastita-20-kompleta-za-1m%c2%b2-svaki-kopie\/#primaryimage"},"thumbnailUrl":"https:\/\/www.versiegelung24.com\/wp-content\/uploads\/2022\/11\/Tiosept-Schachtel-rechts.jpg","datePublished":"2022-12-01T14:45:39+00:00","dateModified":"2023-06-19T14:33:09+00:00","breadcrumb":{"@id":"https:\/\/www.versiegelung24.com\/hr\/product\/tiosept-sg-55-dugotrajna-povrsinska-zastita-20-kompleta-za-1m%c2%b2-svaki-kopie\/#breadcrumb"},"inLanguage":"hr","potentialAction":[{"@type":"ReadAction","target":["https:\/\/www.versiegelung24.com\/hr\/product\/tiosept-sg-55-dugotrajna-povrsinska-zastita-20-kompleta-za-1m%c2%b2-svaki-kopie\/"]}]},{"@type":"ImageObject","inLanguage":"hr","@id":"https:\/\/www.versiegelung24.com\/hr\/product\/tiosept-sg-55-dugotrajna-povrsinska-zastita-20-kompleta-za-1m%c2%b2-svaki-kopie\/#primaryimage","url":"https:\/\/www.versiegelung24.com\/wp-content\/uploads\/2022\/11\/Tiosept-Schachtel-rechts.jpg","contentUrl":"https:\/\/www.versiegelung24.com\/wp-content\/uploads\/2022\/11\/Tiosept-Schachtel-rechts.jpg","width":1668,"height":1568},{"@type":"BreadcrumbList","@id":"https:\/\/www.versiegelung24.com\/hr\/product\/tiosept-sg-55-dugotrajna-povrsinska-zastita-20-kompleta-za-1m%c2%b2-svaki-kopie\/#breadcrumb","itemListElement":[{"@type":"ListItem","position":1,"name":"Po\u010detna stranica","item":"https:\/\/www.versiegelung24.com\/hr\/ispred\/"},{"@type":"ListItem","position":2,"name":"Du\u0107an","item":"https:\/\/www.versiegelung24.com\/hr\/ducan\/"},{"@type":"ListItem","position":3,"name":"TiOSEPT\u00ae SG-55 dugotrajna povr\u0161inska za\u0161tita, 10 kompleta po 2m\u00b2 svaki"}]},{"@type":"WebSite","@id":"https:\/\/www.versiegelung24.com\/hr\/#website","url":"https:\/\/www.versiegelung24.com\/hr\/","name":"versiegelung24.com","description":"Fl\u00fcssigglas-Versiegelung - Made in Germany","publisher":{"@id":"https:\/\/www.versiegelung24.com\/hr\/#organization"},"potentialAction":[{"@type":"SearchAction","target":{"@type":"EntryPoint","urlTemplate":"https:\/\/www.versiegelung24.com\/hr\/?s={search_term_string}"},"query-input":{"@type":"PropertyValueSpecification","valueRequired":true,"valueName":"search_term_string"}}],"inLanguage":"hr"},{"@type":"Organization","@id":"https:\/\/www.versiegelung24.com\/hr\/#organization","name":"versiegelung24","url":"https:\/\/www.versiegelung24.com\/hr\/","logo":{"@type":"ImageObject","inLanguage":"hr","@id":"https:\/\/www.versiegelung24.com\/hr\/#\/schema\/logo\/image\/","url":"https:\/\/www.versiegelung24.com\/wp-content\/uploads\/2020\/04\/versiegelung24.png","contentUrl":"https:\/\/www.versiegelung24.com\/wp-content\/uploads\/2020\/04\/versiegelung24.png","width":470,"height":102,"caption":"versiegelung24"},"image":{"@id":"https:\/\/www.versiegelung24.com\/hr\/#\/schema\/logo\/image\/"}}]},"product_price_amount":"78.99","product_price_currency":"EUR","og_availability":"backorder","product_availability":"available for order","product_retailer_item_id":"TiOS-SG55-SA2-10","product_condition":"new"},"_links":{"self":[{"href":"https:\/\/www.versiegelung24.com\/hr\/wp-json\/wp\/v2\/product\/95191","targetHints":{"allow":["GET"]}}],"collection":[{"href":"https:\/\/www.versiegelung24.com\/hr\/wp-json\/wp\/v2\/product"}],"about":[{"href":"https:\/\/www.versiegelung24.com\/hr\/wp-json\/wp\/v2\/types\/product"}],"version-history":[{"count":7,"href":"https:\/\/www.versiegelung24.com\/hr\/wp-json\/wp\/v2\/product\/95191\/revisions"}],"predecessor-version":[{"id":96482,"href":"https:\/\/www.versiegelung24.com\/hr\/wp-json\/wp\/v2\/product\/95191\/revisions\/96482"}],"wp:featuredmedia":[{"embeddable":true,"href":"https:\/\/www.versiegelung24.com\/hr\/wp-json\/wp\/v2\/media\/94917"}],"wp:attachment":[{"href":"https:\/\/www.versiegelung24.com\/hr\/wp-json\/wp\/v2\/media?parent=95191"}],"wp:term":[{"taxonomy":"product_brand","embeddable":true,"href":"https:\/\/www.versiegelung24.com\/hr\/wp-json\/wp\/v2\/product_brand?post=95191"},{"taxonomy":"product_cat","embeddable":true,"href":"https:\/\/www.versiegelung24.com\/hr\/wp-json\/wp\/v2\/product_cat?post=95191"},{"taxonomy":"product_tag","embeddable":true,"href":"https:\/\/www.versiegelung24.com\/hr\/wp-json\/wp\/v2\/product_tag?post=95191"}],"curies":[{"name":"wp","href":"https:\/\/api.w.org\/{rel}","templated":true}]}}