{"id":22111,"date":"2021-08-02T20:20:54","date_gmt":"2021-08-02T18:20:54","guid":{"rendered":"https:\/\/www.versiegelung24.com\/lenyomat"},"modified":"2024-05-05T11:00:58","modified_gmt":"2024-05-05T09:00:58","slug":"lenyomat","status":"publish","type":"page","link":"https:\/\/www.versiegelung24.com\/hu\/lenyomat\/","title":{"rendered":"lenyomat"},"content":{"rendered":"\n<p><strong>Rendel\u00e9s \u00e9s fizet\u00e9s feldolgoz\u00e1sa<\/strong><\/p>\n\n<p>Holger K\u00e4ding<br\/>Az Ellmen 14<br\/>53773 Hennef<br\/>N\u00e9metorsz\u00e1g<\/p>\n\n<p>Tel.: 02242-9695650<br\/>E -mail: info@versiegelung24.com<br\/>A forgalmi ad\u00f3 azonos\u00edt\u00f3 sz\u00e1ma a 27. \u00a7 \u00e9s a forgalmi ad\u00f3r\u00f3l sz\u00f3l\u00f3 t\u00f6rv\u00e9ny szerint: DE213785156<\/p>\n\n<p><strong>Fi\u00f3k adatai<\/strong><\/p>\n\n<p>C\u00edmzett: Holger K\u00e4ding<br\/>IBAN: DE30370502990011006269<br\/>BIC \/ SWIFT: COKSDE33<br\/>Kreissparkasse K\u00f6ln<\/p>\n\n<p><strong>A tartalom tulajdonosa \u00e9s felel\u0151se az MDStV 6. \u00a7 -a szerint:<\/strong><\/p>\n\n<p>Bastian Walger &#8211; Digit\u00e1lis marketing<br\/>Agrippina haj\u00f3gy\u00e1r 6<br\/>50678 K\u00f6ln<\/p>\n\n<p>A forgalmi ad\u00f3 azonos\u00edt\u00f3 sz\u00e1ma a forgalmi ad\u00f3r\u00f3l sz\u00f3l\u00f3 t\u00f6rv\u00e9ny 27. \u00a7 -a szerint:<br\/>DE241077366<\/p>\n\n<p>Az Eur\u00f3pai Bizotts\u00e1g online vitarendez\u00e9si platformja:<a href=\"https:\/\/ec.europa.eu\/consumers\/odr\" target=\"_blank\" rel=\"noreferrer noopener\"> www.ec.europa.eu\/consumers\/odr<\/a><\/p>\n\n<p>Nem vagyunk k\u00f6telesek \u00e9s nem is vagyunk hajland\u00f3k r\u00e9szt venni a vitarendez\u00e9si elj\u00e1r\u00e1sban a fogyaszt\u00f3i v\u00e1lasztottb\u00edr\u00f3s\u00e1g el\u0151tt.<\/p>\n\n<p><strong>Fot\u00f3hitelek<\/strong><\/p>\n\n<p>Graffiti elt\u00e1vol\u00edt\u00f3 -&gt; istockphoto \/ schfer<br\/>Graffiti elleni v\u00e9d\u0151bevonat -&gt; istockphoto \/ MachineHeadz<\/p>\n\n<p>Bykfa\/Depositphotos.com<br\/>iulal\/Depositphotos.com<br\/>hodim\/Depositphotos.com<br\/>sergiibaibak\/Depositphotos.com<br\/>HunterBliss\/Depositphotos.com<\/p>\n","protected":false},"excerpt":{"rendered":"<p>Rendel\u00e9s \u00e9s fizet\u00e9s feldolgoz\u00e1sa Holger K\u00e4dingAz Ellmen 1453773 HennefN\u00e9metorsz\u00e1g Tel.: 02242-9695650E -mail: info@versiegelung24.comA forgalmi ad\u00f3 azonos\u00edt\u00f3 sz\u00e1ma a 27. \u00a7 \u00e9s a forgalmi ad\u00f3r\u00f3l sz\u00f3l\u00f3 t\u00f6rv\u00e9ny szerint: DE213785156 Fi\u00f3k adatai C\u00edmzett: Holger K\u00e4dingIBAN: DE30370502990011006269BIC \/ SWIFT: COKSDE33Kreissparkasse K\u00f6ln A tartalom tulajdonosa \u00e9s felel\u0151se az MDStV 6. \u00a7 -a szerint: Bastian Walger &#8211; Digit\u00e1lis marketingAgrippina haj\u00f3gy\u00e1r&hellip;&nbsp;<a href=\"https:\/\/www.versiegelung24.com\/hu\/lenyomat\/\" rel=\"bookmark\">Read More &raquo;<span class=\"screen-reader-text\">lenyomat<\/span><\/a><\/p>\n","protected":false},"author":932,"featured_media":70715,"parent":0,"menu_order":0,"comment_status":"closed","ping_status":"closed","template":"","meta":{"_acf_changed":false,"neve_meta_sidebar":"","neve_meta_container":"","neve_meta_enable_content_width":"","neve_meta_content_width":0,"neve_meta_title_alignment":"","neve_meta_author_avatar":"","neve_post_elements_order":"","neve_meta_disable_header":"","neve_meta_disable_footer":"","neve_meta_disable_title":"","neve_meta_reading_time":"","footnotes":""},"categories":[],"seiten_kategorie":[],"class_list":["post-22111","page","type-page","status-publish","has-post-thumbnail","hentry"],"acf":[],"yoast_head":"<!-- This site is optimized with the Yoast SEO Premium plugin v22.8 (Yoast SEO v27.5) - https:\/\/yoast.com\/product\/yoast-seo-premium-wordpress\/ -->\n<title>lenyomat - versiegelung24.com<\/title>\n<meta name=\"robots\" content=\"index, follow, max-snippet:-1, max-image-preview:large, max-video-preview:-1\" \/>\n<link rel=\"canonical\" href=\"https:\/\/www.versiegelung24.com\/hu\/lenyomat\/\" \/>\n<meta property=\"og:locale\" content=\"hu_HU\" \/>\n<meta property=\"og:type\" content=\"article\" \/>\n<meta property=\"og:title\" content=\"lenyomat\" \/>\n<meta property=\"og:description\" content=\"Rendel\u00e9s \u00e9s fizet\u00e9s feldolgoz\u00e1sa Holger K\u00e4dingAz Ellmen 1453773 HennefN\u00e9metorsz\u00e1g Tel.: 02242-9695650E -mail: info@versiegelung24.comA forgalmi ad\u00f3 azonos\u00edt\u00f3 sz\u00e1ma a 27. \u00a7 \u00e9s a forgalmi ad\u00f3r\u00f3l sz\u00f3l\u00f3 t\u00f6rv\u00e9ny szerint: DE213785156 Fi\u00f3k adatai C\u00edmzett: Holger K\u00e4dingIBAN: DE30370502990011006269BIC \/ SWIFT: COKSDE33Kreissparkasse K\u00f6ln A tartalom tulajdonosa \u00e9s felel\u0151se az MDStV 6. \u00a7 -a szerint: Bastian Walger &#8211; Digit\u00e1lis marketingAgrippina haj\u00f3gy\u00e1r&hellip;&nbsp;Read More &raquo;lenyomat\" \/>\n<meta property=\"og:url\" content=\"https:\/\/www.versiegelung24.com\/hu\/lenyomat\/\" \/>\n<meta property=\"og:site_name\" content=\"versiegelung24.com\" \/>\n<meta property=\"article:modified_time\" content=\"2024-05-05T09:00:58+00:00\" \/>\n<meta property=\"og:image\" content=\"https:\/\/www.versiegelung24.com\/wp-content\/uploads\/2022\/02\/Impressum.png\" \/>\n\t<meta property=\"og:image:width\" content=\"2000\" \/>\n\t<meta property=\"og:image:height\" content=\"2000\" \/>\n\t<meta property=\"og:image:type\" content=\"image\/png\" \/>\n<meta name=\"twitter:card\" content=\"summary_large_image\" \/>\n<meta name=\"twitter:label1\" content=\"Becs\u00fclt olvas\u00e1si id\u0151\" \/>\n\t<meta name=\"twitter:data1\" content=\"1 perc\" \/>\n<script type=\"application\/ld+json\" class=\"yoast-schema-graph\">{\"@context\":\"https:\\\/\\\/schema.org\",\"@graph\":[{\"@type\":\"WebPage\",\"@id\":\"https:\\\/\\\/www.versiegelung24.com\\\/hu\\\/lenyomat\\\/\",\"url\":\"https:\\\/\\\/www.versiegelung24.com\\\/hu\\\/lenyomat\\\/\",\"name\":\"lenyomat - versiegelung24.com\",\"isPartOf\":{\"@id\":\"https:\\\/\\\/www.versiegelung24.com\\\/hu\\\/#website\"},\"primaryImageOfPage\":{\"@id\":\"https:\\\/\\\/www.versiegelung24.com\\\/hu\\\/lenyomat\\\/#primaryimage\"},\"image\":{\"@id\":\"https:\\\/\\\/www.versiegelung24.com\\\/hu\\\/lenyomat\\\/#primaryimage\"},\"thumbnailUrl\":\"https:\\\/\\\/www.versiegelung24.com\\\/wp-content\\\/uploads\\\/2022\\\/02\\\/Impressum.png\",\"datePublished\":\"2021-08-02T18:20:54+00:00\",\"dateModified\":\"2024-05-05T09:00:58+00:00\",\"breadcrumb\":{\"@id\":\"https:\\\/\\\/www.versiegelung24.com\\\/hu\\\/lenyomat\\\/#breadcrumb\"},\"inLanguage\":\"hu\",\"potentialAction\":[{\"@type\":\"ReadAction\",\"target\":[\"https:\\\/\\\/www.versiegelung24.com\\\/hu\\\/lenyomat\\\/\"]}]},{\"@type\":\"ImageObject\",\"inLanguage\":\"hu\",\"@id\":\"https:\\\/\\\/www.versiegelung24.com\\\/hu\\\/lenyomat\\\/#primaryimage\",\"url\":\"https:\\\/\\\/www.versiegelung24.com\\\/wp-content\\\/uploads\\\/2022\\\/02\\\/Impressum.png\",\"contentUrl\":\"https:\\\/\\\/www.versiegelung24.com\\\/wp-content\\\/uploads\\\/2022\\\/02\\\/Impressum.png\",\"width\":2000,\"height\":2000},{\"@type\":\"BreadcrumbList\",\"@id\":\"https:\\\/\\\/www.versiegelung24.com\\\/hu\\\/lenyomat\\\/#breadcrumb\",\"itemListElement\":[{\"@type\":\"ListItem\",\"position\":1,\"name\":\"Honlap\",\"item\":\"https:\\\/\\\/www.versiegelung24.com\\\/hu\\\/elol\\\/\"},{\"@type\":\"ListItem\",\"position\":2,\"name\":\"lenyomat\"}]},{\"@type\":\"WebSite\",\"@id\":\"https:\\\/\\\/www.versiegelung24.com\\\/hu\\\/#website\",\"url\":\"https:\\\/\\\/www.versiegelung24.com\\\/hu\\\/\",\"name\":\"versiegelung24.com\",\"description\":\"Fl\u00fcssigglas-Versiegelung - Made in Germany\",\"publisher\":{\"@id\":\"https:\\\/\\\/www.versiegelung24.com\\\/hu\\\/#organization\"},\"potentialAction\":[{\"@type\":\"SearchAction\",\"target\":{\"@type\":\"EntryPoint\",\"urlTemplate\":\"https:\\\/\\\/www.versiegelung24.com\\\/hu\\\/?s={search_term_string}\"},\"query-input\":{\"@type\":\"PropertyValueSpecification\",\"valueRequired\":true,\"valueName\":\"search_term_string\"}}],\"inLanguage\":\"hu\"},{\"@type\":\"Organization\",\"@id\":\"https:\\\/\\\/www.versiegelung24.com\\\/hu\\\/#organization\",\"name\":\"versiegelung24\",\"url\":\"https:\\\/\\\/www.versiegelung24.com\\\/hu\\\/\",\"logo\":{\"@type\":\"ImageObject\",\"inLanguage\":\"hu\",\"@id\":\"https:\\\/\\\/www.versiegelung24.com\\\/hu\\\/#\\\/schema\\\/logo\\\/image\\\/\",\"url\":\"https:\\\/\\\/www.versiegelung24.com\\\/wp-content\\\/uploads\\\/2020\\\/04\\\/versiegelung24.png\",\"contentUrl\":\"https:\\\/\\\/www.versiegelung24.com\\\/wp-content\\\/uploads\\\/2020\\\/04\\\/versiegelung24.png\",\"width\":470,\"height\":102,\"caption\":\"versiegelung24\"},\"image\":{\"@id\":\"https:\\\/\\\/www.versiegelung24.com\\\/hu\\\/#\\\/schema\\\/logo\\\/image\\\/\"}}]}<\/script>\n<!-- \/ Yoast SEO Premium plugin. -->","yoast_head_json":{"title":"lenyomat - versiegelung24.com","robots":{"index":"index","follow":"follow","max-snippet":"max-snippet:-1","max-image-preview":"max-image-preview:large","max-video-preview":"max-video-preview:-1"},"canonical":"https:\/\/www.versiegelung24.com\/hu\/lenyomat\/","og_locale":"hu_HU","og_type":"article","og_title":"lenyomat","og_description":"Rendel\u00e9s \u00e9s fizet\u00e9s feldolgoz\u00e1sa Holger K\u00e4dingAz Ellmen 1453773 HennefN\u00e9metorsz\u00e1g Tel.: 02242-9695650E -mail: info@versiegelung24.comA forgalmi ad\u00f3 azonos\u00edt\u00f3 sz\u00e1ma a 27. \u00a7 \u00e9s a forgalmi ad\u00f3r\u00f3l sz\u00f3l\u00f3 t\u00f6rv\u00e9ny szerint: DE213785156 Fi\u00f3k adatai C\u00edmzett: Holger K\u00e4dingIBAN: DE30370502990011006269BIC \/ SWIFT: COKSDE33Kreissparkasse K\u00f6ln A tartalom tulajdonosa \u00e9s felel\u0151se az MDStV 6. \u00a7 -a szerint: Bastian Walger &#8211; Digit\u00e1lis marketingAgrippina haj\u00f3gy\u00e1r&hellip;&nbsp;Read More &raquo;lenyomat","og_url":"https:\/\/www.versiegelung24.com\/hu\/lenyomat\/","og_site_name":"versiegelung24.com","article_modified_time":"2024-05-05T09:00:58+00:00","og_image":[{"width":2000,"height":2000,"url":"https:\/\/www.versiegelung24.com\/wp-content\/uploads\/2022\/02\/Impressum.png","type":"image\/png"}],"twitter_card":"summary_large_image","twitter_misc":{"Becs\u00fclt olvas\u00e1si id\u0151":"1 perc"},"schema":{"@context":"https:\/\/schema.org","@graph":[{"@type":"WebPage","@id":"https:\/\/www.versiegelung24.com\/hu\/lenyomat\/","url":"https:\/\/www.versiegelung24.com\/hu\/lenyomat\/","name":"lenyomat - versiegelung24.com","isPartOf":{"@id":"https:\/\/www.versiegelung24.com\/hu\/#website"},"primaryImageOfPage":{"@id":"https:\/\/www.versiegelung24.com\/hu\/lenyomat\/#primaryimage"},"image":{"@id":"https:\/\/www.versiegelung24.com\/hu\/lenyomat\/#primaryimage"},"thumbnailUrl":"https:\/\/www.versiegelung24.com\/wp-content\/uploads\/2022\/02\/Impressum.png","datePublished":"2021-08-02T18:20:54+00:00","dateModified":"2024-05-05T09:00:58+00:00","breadcrumb":{"@id":"https:\/\/www.versiegelung24.com\/hu\/lenyomat\/#breadcrumb"},"inLanguage":"hu","potentialAction":[{"@type":"ReadAction","target":["https:\/\/www.versiegelung24.com\/hu\/lenyomat\/"]}]},{"@type":"ImageObject","inLanguage":"hu","@id":"https:\/\/www.versiegelung24.com\/hu\/lenyomat\/#primaryimage","url":"https:\/\/www.versiegelung24.com\/wp-content\/uploads\/2022\/02\/Impressum.png","contentUrl":"https:\/\/www.versiegelung24.com\/wp-content\/uploads\/2022\/02\/Impressum.png","width":2000,"height":2000},{"@type":"BreadcrumbList","@id":"https:\/\/www.versiegelung24.com\/hu\/lenyomat\/#breadcrumb","itemListElement":[{"@type":"ListItem","position":1,"name":"Honlap","item":"https:\/\/www.versiegelung24.com\/hu\/elol\/"},{"@type":"ListItem","position":2,"name":"lenyomat"}]},{"@type":"WebSite","@id":"https:\/\/www.versiegelung24.com\/hu\/#website","url":"https:\/\/www.versiegelung24.com\/hu\/","name":"versiegelung24.com","description":"Fl\u00fcssigglas-Versiegelung - Made in Germany","publisher":{"@id":"https:\/\/www.versiegelung24.com\/hu\/#organization"},"potentialAction":[{"@type":"SearchAction","target":{"@type":"EntryPoint","urlTemplate":"https:\/\/www.versiegelung24.com\/hu\/?s={search_term_string}"},"query-input":{"@type":"PropertyValueSpecification","valueRequired":true,"valueName":"search_term_string"}}],"inLanguage":"hu"},{"@type":"Organization","@id":"https:\/\/www.versiegelung24.com\/hu\/#organization","name":"versiegelung24","url":"https:\/\/www.versiegelung24.com\/hu\/","logo":{"@type":"ImageObject","inLanguage":"hu","@id":"https:\/\/www.versiegelung24.com\/hu\/#\/schema\/logo\/image\/","url":"https:\/\/www.versiegelung24.com\/wp-content\/uploads\/2020\/04\/versiegelung24.png","contentUrl":"https:\/\/www.versiegelung24.com\/wp-content\/uploads\/2020\/04\/versiegelung24.png","width":470,"height":102,"caption":"versiegelung24"},"image":{"@id":"https:\/\/www.versiegelung24.com\/hu\/#\/schema\/logo\/image\/"}}]}},"_links":{"self":[{"href":"https:\/\/www.versiegelung24.com\/hu\/wp-json\/wp\/v2\/pages\/22111","targetHints":{"allow":["GET"]}}],"collection":[{"href":"https:\/\/www.versiegelung24.com\/hu\/wp-json\/wp\/v2\/pages"}],"about":[{"href":"https:\/\/www.versiegelung24.com\/hu\/wp-json\/wp\/v2\/types\/page"}],"author":[{"embeddable":true,"href":"https:\/\/www.versiegelung24.com\/hu\/wp-json\/wp\/v2\/users\/932"}],"replies":[{"embeddable":true,"href":"https:\/\/www.versiegelung24.com\/hu\/wp-json\/wp\/v2\/comments?post=22111"}],"version-history":[{"count":5,"href":"https:\/\/www.versiegelung24.com\/hu\/wp-json\/wp\/v2\/pages\/22111\/revisions"}],"predecessor-version":[{"id":160703,"href":"https:\/\/www.versiegelung24.com\/hu\/wp-json\/wp\/v2\/pages\/22111\/revisions\/160703"}],"wp:featuredmedia":[{"embeddable":true,"href":"https:\/\/www.versiegelung24.com\/hu\/wp-json\/wp\/v2\/media\/70715"}],"wp:attachment":[{"href":"https:\/\/www.versiegelung24.com\/hu\/wp-json\/wp\/v2\/media?parent=22111"}],"wp:term":[{"taxonomy":"category","embeddable":true,"href":"https:\/\/www.versiegelung24.com\/hu\/wp-json\/wp\/v2\/categories?post=22111"},{"taxonomy":"seiten_kategorie","embeddable":true,"href":"https:\/\/www.versiegelung24.com\/hu\/wp-json\/wp\/v2\/seiten_kategorie?post=22111"}],"curies":[{"name":"wp","href":"https:\/\/api.w.org\/{rel}","templated":true}]}}