{"id":22546,"date":"2021-08-02T20:46:49","date_gmt":"2021-08-02T18:46:49","guid":{"rendered":"https:\/\/www.versiegelung24.com\/lemondasi-feltetelek-es-lemondasi-urlap"},"modified":"2024-06-25T20:51:09","modified_gmt":"2024-06-25T18:51:09","slug":"lemondasi-szabalyzat","status":"publish","type":"page","link":"https:\/\/www.versiegelung24.com\/hu\/lemondasi-szabalyzat\/","title":{"rendered":"Lemond\u00e1si felt\u00e9telek \u00e9s lemond\u00e1si \u0171rlap"},"content":{"rendered":"<div class=\"main-container col1-layout\">\n<div class=\"main container\">\n<div class=\"inner-container\">\n<div class=\"col-main\">\n<div class=\"std\">\n<p>A fogyaszt\u00f3kat az al\u00e1bbi rendelkez\u00e9seknek megfelel\u0151en el\u00e1ll\u00e1si jog illeti meg, amelyek \u00e9rtelm\u00e9ben fogyaszt\u00f3 minden term\u00e9szetes szem\u00e9ly, aki jogi \u00fcgyletet k\u00f6t olyan c\u00e9lokb\u00f3l, amelyek t\u00falnyom\u00f3r\u00e9szt nem kereskedelmi vagy \u00f6n\u00e1ll\u00f3 v\u00e1llalkoz\u00f3k:<\/p>\n<p><strong>A. Lemond\u00e1si politika<\/strong><\/p>\n<p><strong>El\u00e1ll\u00e1si jog<br \/>\n<\/strong> \u00d6n jogosult indokl\u00e1s n\u00e9lk\u00fcl el\u00e1llni a szerz\u0151d\u00e9st\u0151l 14 napon bel\u00fcl.<\/p>\n<p>A lemond\u00e1si id\u0151szak 14 nap att\u00f3l a napt\u00f3l sz\u00e1m\u00edtva, amikor \u00d6n vagy az \u00d6n \u00e1ltal megnevezett harmadik f\u00e9l, aki nem a fuvaroz\u00f3, az utols\u00f3 \u00e1rut birtokba vette.<\/p>\n<p>Az el\u00e1ll\u00e1si jog gyakorl\u00e1sa \u00e9rdek\u00e9ben egy\u00e9rtelm\u0171 nyilatkozat (pl. lev\u00e9l vagy postai \u00faton k\u00fcld\u00f6tt e-mail) \u00fatj\u00e1n (Holger K\u00e4ding, An den Ellmen 14, 53773 Hennef, Tel.: 02242-9695650, e-mail: info@versiegelung24.com) t\u00e1j\u00e9koztatnia kell minket arr\u00f3l, hogy el k\u00edv\u00e1n \u00e1llni a szerz\u0151d\u00e9st\u0151l. Erre a c\u00e9lra haszn\u00e1lhatja a mell\u00e9kelt el\u00e1ll\u00e1si mint\u00e1t, de ez nem k\u00f6telez\u0151.<\/p>\n<p>A lemond\u00e1si hat\u00e1rid\u0151 betart\u00e1s\u00e1hoz elegend\u0151, ha az el\u00e1ll\u00e1si id\u0151 lej\u00e1rta el\u0151tt elk\u00fcldi \u00e9rtes\u00edt\u00e9s\u00e9t az el\u00e1ll\u00e1si jog gyakorl\u00e1s\u00e1r\u00f3l.<\/p>\n<p><strong><br \/>\nAz el\u00e1ll\u00e1s k\u00f6vetkezm\u00e9nyei<\/strong>Ha \u00d6n el\u00e1ll a szerz\u0151d\u00e9st\u0151l, akkor az \u00d6nt\u0151l kapott \u00f6sszes kifizet\u00e9st, bele\u00e9rtve a sz\u00e1ll\u00edt\u00e1si k\u00f6lts\u00e9geket is (kiv\u00e9ve az \u00d6n \u00e1ltalunk k\u00edn\u00e1lt legolcs\u00f3bb szabv\u00e1nyos sz\u00e1ll\u00edt\u00e1si m\u00f3dt\u00f3l elt\u00e9r\u0151 sz\u00e1ll\u00edt\u00e1si m\u00f3d v\u00e1laszt\u00e1sa miatt felmer\u00fcl\u0151 t\u00f6bbletk\u00f6lts\u00e9geket), indokolatlan k\u00e9sedelem n\u00e9lk\u00fcl, de legk\u00e9s\u0151bb att\u00f3l a napt\u00f3l sz\u00e1m\u00edtott 14 napon bel\u00fcl, amikor \u00e9rtes\u00fclt\u00fcnk a szerz\u0151d\u00e9s el\u00e1ll\u00e1s\u00e1ra vonatkoz\u00f3 d\u00f6nt\u00e9s\u00e9r\u0151l, visszafizetj\u00fck \u00d6nnek.<strong><\/strong> Ehhez a t\u00f6rleszt\u00e9shez ugyanazt a fizet\u00e9si m\u00f3dot fogjuk haszn\u00e1lni, mint amit az eredeti tranzakci\u00f3hoz haszn\u00e1lt, kiv\u00e9ve, ha m\u00e1sr\u00f3l kifejezetten meg\u00e1llapodtak \u00d6nnel; A t\u00f6rleszt\u00e9s\u00e9rt semmilyen esetben sem kell d\u00edjat felsz\u00e1m\u00edtani. Visszautas\u00edthatjuk a visszafizet\u00e9st mindaddig, am\u00edg vissza nem kaptuk az \u00e1rut, vagy am\u00edg bizony\u00edt\u00e9kot nem szolg\u00e1ltatott arra vonatkoz\u00f3an, hogy visszak\u00fcldte az \u00e1rut, att\u00f3l f\u00fcgg\u0151en, hogy melyik k\u00f6vetkezik be kor\u00e1bban.<\/p>\n<p>Az \u00e1rut halad\u00e9ktalanul vissza kell adnia vagy \u00e1t kell adnia nek\u00fcnk, de legk\u00e9s\u0151bb tizenn\u00e9gy napon bel\u00fcl att\u00f3l a napt\u00f3l sz\u00e1m\u00edtva, amikor \u00e9rtes\u00edtett minket a szerz\u0151d\u00e9s felmond\u00e1s\u00e1r\u00f3l. A hat\u00e1rid\u0151t akkor tartj\u00e1k be, ha az \u00e1rut a tizenn\u00e9gy napos hat\u00e1rid\u0151 lej\u00e1rta el\u0151tt k\u00fcldi el.<\/p>\n<p>\u00d6n viseli az \u00e1ru visszak\u00fcld\u00e9s\u00e9nek k\u00f6zvetlen k\u00f6lts\u00e9geit.<\/p>\n<p>\u00d6nnek csak akkor kell fizetnie az \u00e1ru esetleges \u00e9rt\u00e9kveszt\u00e9s\u00e9\u00e9rt, ha ez az \u00e9rt\u00e9kveszt\u00e9s az \u00e1ruk olyan kezel\u00e9s\u00e9b\u0151l ad\u00f3dik, amely nem sz\u00fcks\u00e9ges az \u00e1ru jelleg\u00e9nek, tulajdons\u00e1gainak \u00e9s m\u0171k\u00f6d\u00e9s\u00e9nek ellen\u0151rz\u00e9s\u00e9hez.<\/p>\n<p>Az el\u00e1ll\u00e1si jog kiz\u00e1r\u00e1sa vagy id\u0151 el\u0151tti lej\u00e1rta<\/p>\n<p>Az el\u00e1ll\u00e1si jog id\u0151 el\u0151tt lej\u00e1r, ha z\u00e1rt csomagol\u00e1sban audio- vagy videofelv\u00e9teleket vagy sz\u00e1m\u00edt\u00f3g\u00e9pes szoftvereket sz\u00e1ll\u00edtanak, ha a pecs\u00e9tet a sz\u00e1ll\u00edt\u00e1s ut\u00e1n elt\u00e1vol\u00edtott\u00e1k.<\/p>\n<p><strong>B. Visszavon\u00e1si nyomtatv\u00e1ny<\/strong><\/p>\n<p>Ha fel akarja mondani a szerz\u0151d\u00e9st, t\u00f6ltse ki ezt az \u0171rlapot, \u00e9s k\u00fcldje vissza.<\/p>\n<p>Tov\u00e1bb<\/p>\n<p>samstore.de<\/p>\n<p>Holger K\u00e4ding<br \/>\nAz Ellmen 14<br \/>\n53773 Hennef<br \/>\nN\u00e9metorsz\u00e1g<br \/>\nE -mail: info@versiegelung24.com<\/p>\n<p>\u00c9n \/ mi (*) ezennel visszavonom az \u00e1ltalam \/ vel\u00fcnk (*) az al\u00e1bbi \u00e1ruk megv\u00e1s\u00e1rl\u00e1s\u00e1ra (*) \/ a k\u00f6vetkez\u0151 szolg\u00e1ltat\u00e1s ny\u00fajt\u00e1s\u00e1ra (*) k\u00f6t\u00f6tt szerz\u0151d\u00e9st<\/p>\n<p>_______________________________________________________<\/p>\n<p>_______________________________________________________<\/p>\n<p>Rendel\u00e9s d\u00e1tuma (*) ____________ \/ \u00e1tv\u00e9tel d\u00e1tuma (*) __________________<\/p>\n<p>________________________________________________________<\/p>\n<p>A fogyaszt\u00f3 (k) neve<\/p>\n<p>________________________________________________________<\/p>\n<p>A fogyaszt\u00f3 (k) c\u00edme<\/p>\n<p>________________________________________________________<\/p>\n<p>A fogyaszt\u00f3 (k) al\u00e1\u00edr\u00e1sa (csak ha ezt pap\u00edron k\u00f6zlik)<\/p>\n<p>_________________________<\/p>\n<p>d\u00e1tum<\/p>\n<p>(*) A nem k\u00edv\u00e1nt r\u00e9sz t\u00f6rlend\u0151<\/p>\n<\/div>\n<\/div>\n<div class=\"postscript\"><\/div>\n<\/div>\n<\/div>\n<div class=\"main-bottom-container\"><\/div>\n<\/div>\n<div class=\"footer-container\">\n<div class=\"footer-container2\">\n<div class=\"footer-container3\">\n<div class=\"footer-primary-container section-container\">\n<div class=\"footer-primary footer container\">\n<div class=\"inner-container\">\n<div class=\"clearer\">\n<div class=\"grid12-3\">\n<div class=\"std\">\n<div class=\"collapsible mobile-collapsible\"><\/div>\n<\/div>\n<\/div>\n<\/div>\n<\/div>\n<\/div>\n<\/div>\n<\/div>\n<\/div>\n<\/div>\n","protected":false},"excerpt":{"rendered":"<p>A fogyaszt\u00f3kat az al\u00e1bbi rendelkez\u00e9seknek megfelel\u0151en el\u00e1ll\u00e1si jog illeti meg, amelyek \u00e9rtelm\u00e9ben fogyaszt\u00f3 minden term\u00e9szetes szem\u00e9ly, aki jogi \u00fcgyletet k\u00f6t olyan c\u00e9lokb\u00f3l, amelyek t\u00falnyom\u00f3r\u00e9szt nem kereskedelmi vagy \u00f6n\u00e1ll\u00f3 v\u00e1llalkoz\u00f3k: A. Lemond\u00e1si politika El\u00e1ll\u00e1si jog \u00d6n jogosult indokl\u00e1s n\u00e9lk\u00fcl el\u00e1llni a szerz\u0151d\u00e9st\u0151l 14 napon bel\u00fcl. A lemond\u00e1si id\u0151szak 14 nap att\u00f3l a napt\u00f3l sz\u00e1m\u00edtva, amikor \u00d6n&hellip;&nbsp;<a href=\"https:\/\/www.versiegelung24.com\/hu\/lemondasi-szabalyzat\/\" rel=\"bookmark\">Read More &raquo;<span class=\"screen-reader-text\">Lemond\u00e1si felt\u00e9telek \u00e9s lemond\u00e1si \u0171rlap<\/span><\/a><\/p>\n","protected":false},"author":932,"featured_media":71025,"parent":0,"menu_order":0,"comment_status":"closed","ping_status":"closed","template":"","meta":{"_acf_changed":false,"neve_meta_sidebar":"","neve_meta_container":"","neve_meta_enable_content_width":"","neve_meta_content_width":0,"neve_meta_title_alignment":"","neve_meta_author_avatar":"","neve_post_elements_order":"","neve_meta_disable_header":"","neve_meta_disable_footer":"","neve_meta_disable_title":"","neve_meta_reading_time":"","footnotes":""},"categories":[],"seiten_kategorie":[],"class_list":["post-22546","page","type-page","status-publish","has-post-thumbnail","hentry"],"acf":[],"yoast_head":"<!-- This site is optimized with the Yoast SEO Premium plugin v22.8 (Yoast SEO v27.5) - https:\/\/yoast.com\/product\/yoast-seo-premium-wordpress\/ -->\n<title>Lemond\u00e1si felt\u00e9telek \u00e9s lemond\u00e1si \u0171rlap - versiegelung24.com<\/title>\n<meta name=\"robots\" content=\"index, follow, max-snippet:-1, max-image-preview:large, max-video-preview:-1\" \/>\n<link rel=\"canonical\" href=\"https:\/\/www.versiegelung24.com\/hu\/lemondasi-szabalyzat\/\" \/>\n<meta property=\"og:locale\" content=\"hu_HU\" \/>\n<meta property=\"og:type\" content=\"article\" \/>\n<meta property=\"og:title\" content=\"Lemond\u00e1si felt\u00e9telek \u00e9s lemond\u00e1si \u0171rlap\" \/>\n<meta property=\"og:description\" content=\"A fogyaszt\u00f3kat az al\u00e1bbi rendelkez\u00e9seknek megfelel\u0151en el\u00e1ll\u00e1si jog illeti meg, amelyek \u00e9rtelm\u00e9ben fogyaszt\u00f3 minden term\u00e9szetes szem\u00e9ly, aki jogi \u00fcgyletet k\u00f6t olyan c\u00e9lokb\u00f3l, amelyek t\u00falnyom\u00f3r\u00e9szt nem kereskedelmi vagy \u00f6n\u00e1ll\u00f3 v\u00e1llalkoz\u00f3k: A. Lemond\u00e1si politika El\u00e1ll\u00e1si jog \u00d6n jogosult indokl\u00e1s n\u00e9lk\u00fcl el\u00e1llni a szerz\u0151d\u00e9st\u0151l 14 napon bel\u00fcl. A lemond\u00e1si id\u0151szak 14 nap att\u00f3l a napt\u00f3l sz\u00e1m\u00edtva, amikor \u00d6n&hellip;&nbsp;Read More &raquo;Lemond\u00e1si felt\u00e9telek \u00e9s lemond\u00e1si \u0171rlap\" \/>\n<meta property=\"og:url\" content=\"https:\/\/www.versiegelung24.com\/hu\/lemondasi-szabalyzat\/\" \/>\n<meta property=\"og:site_name\" content=\"versiegelung24.com\" \/>\n<meta property=\"article:modified_time\" content=\"2024-06-25T18:51:09+00:00\" \/>\n<meta property=\"og:image\" content=\"https:\/\/www.versiegelung24.com\/wp-content\/uploads\/2022\/02\/Widerruf.png\" \/>\n\t<meta property=\"og:image:width\" content=\"2000\" \/>\n\t<meta property=\"og:image:height\" content=\"2000\" \/>\n\t<meta property=\"og:image:type\" content=\"image\/png\" \/>\n<meta name=\"twitter:card\" content=\"summary_large_image\" \/>\n<meta name=\"twitter:label1\" content=\"Becs\u00fclt olvas\u00e1si id\u0151\" \/>\n\t<meta name=\"twitter:data1\" content=\"4 perc\" \/>\n<script type=\"application\/ld+json\" class=\"yoast-schema-graph\">{\"@context\":\"https:\\\/\\\/schema.org\",\"@graph\":[{\"@type\":\"WebPage\",\"@id\":\"https:\\\/\\\/www.versiegelung24.com\\\/hu\\\/lemondasi-szabalyzat\\\/\",\"url\":\"https:\\\/\\\/www.versiegelung24.com\\\/hu\\\/lemondasi-szabalyzat\\\/\",\"name\":\"Lemond\u00e1si felt\u00e9telek \u00e9s lemond\u00e1si \u0171rlap - versiegelung24.com\",\"isPartOf\":{\"@id\":\"https:\\\/\\\/www.versiegelung24.com\\\/hu\\\/#website\"},\"primaryImageOfPage\":{\"@id\":\"https:\\\/\\\/www.versiegelung24.com\\\/hu\\\/lemondasi-szabalyzat\\\/#primaryimage\"},\"image\":{\"@id\":\"https:\\\/\\\/www.versiegelung24.com\\\/hu\\\/lemondasi-szabalyzat\\\/#primaryimage\"},\"thumbnailUrl\":\"https:\\\/\\\/www.versiegelung24.com\\\/wp-content\\\/uploads\\\/2022\\\/02\\\/Widerruf.png\",\"datePublished\":\"2021-08-02T18:46:49+00:00\",\"dateModified\":\"2024-06-25T18:51:09+00:00\",\"breadcrumb\":{\"@id\":\"https:\\\/\\\/www.versiegelung24.com\\\/hu\\\/lemondasi-szabalyzat\\\/#breadcrumb\"},\"inLanguage\":\"hu\",\"potentialAction\":[{\"@type\":\"ReadAction\",\"target\":[\"https:\\\/\\\/www.versiegelung24.com\\\/hu\\\/lemondasi-szabalyzat\\\/\"]}]},{\"@type\":\"ImageObject\",\"inLanguage\":\"hu\",\"@id\":\"https:\\\/\\\/www.versiegelung24.com\\\/hu\\\/lemondasi-szabalyzat\\\/#primaryimage\",\"url\":\"https:\\\/\\\/www.versiegelung24.com\\\/wp-content\\\/uploads\\\/2022\\\/02\\\/Widerruf.png\",\"contentUrl\":\"https:\\\/\\\/www.versiegelung24.com\\\/wp-content\\\/uploads\\\/2022\\\/02\\\/Widerruf.png\",\"width\":2000,\"height\":2000},{\"@type\":\"BreadcrumbList\",\"@id\":\"https:\\\/\\\/www.versiegelung24.com\\\/hu\\\/lemondasi-szabalyzat\\\/#breadcrumb\",\"itemListElement\":[{\"@type\":\"ListItem\",\"position\":1,\"name\":\"Honlap\",\"item\":\"https:\\\/\\\/www.versiegelung24.com\\\/hu\\\/elol\\\/\"},{\"@type\":\"ListItem\",\"position\":2,\"name\":\"Lemond\u00e1si felt\u00e9telek \u00e9s lemond\u00e1si \u0171rlap\"}]},{\"@type\":\"WebSite\",\"@id\":\"https:\\\/\\\/www.versiegelung24.com\\\/hu\\\/#website\",\"url\":\"https:\\\/\\\/www.versiegelung24.com\\\/hu\\\/\",\"name\":\"versiegelung24.com\",\"description\":\"Fl\u00fcssigglas-Versiegelung - Made in Germany\",\"publisher\":{\"@id\":\"https:\\\/\\\/www.versiegelung24.com\\\/hu\\\/#organization\"},\"potentialAction\":[{\"@type\":\"SearchAction\",\"target\":{\"@type\":\"EntryPoint\",\"urlTemplate\":\"https:\\\/\\\/www.versiegelung24.com\\\/hu\\\/?s={search_term_string}\"},\"query-input\":{\"@type\":\"PropertyValueSpecification\",\"valueRequired\":true,\"valueName\":\"search_term_string\"}}],\"inLanguage\":\"hu\"},{\"@type\":\"Organization\",\"@id\":\"https:\\\/\\\/www.versiegelung24.com\\\/hu\\\/#organization\",\"name\":\"versiegelung24\",\"url\":\"https:\\\/\\\/www.versiegelung24.com\\\/hu\\\/\",\"logo\":{\"@type\":\"ImageObject\",\"inLanguage\":\"hu\",\"@id\":\"https:\\\/\\\/www.versiegelung24.com\\\/hu\\\/#\\\/schema\\\/logo\\\/image\\\/\",\"url\":\"https:\\\/\\\/www.versiegelung24.com\\\/wp-content\\\/uploads\\\/2020\\\/04\\\/versiegelung24.png\",\"contentUrl\":\"https:\\\/\\\/www.versiegelung24.com\\\/wp-content\\\/uploads\\\/2020\\\/04\\\/versiegelung24.png\",\"width\":470,\"height\":102,\"caption\":\"versiegelung24\"},\"image\":{\"@id\":\"https:\\\/\\\/www.versiegelung24.com\\\/hu\\\/#\\\/schema\\\/logo\\\/image\\\/\"}}]}<\/script>\n<!-- \/ Yoast SEO Premium plugin. -->","yoast_head_json":{"title":"Lemond\u00e1si felt\u00e9telek \u00e9s lemond\u00e1si \u0171rlap - versiegelung24.com","robots":{"index":"index","follow":"follow","max-snippet":"max-snippet:-1","max-image-preview":"max-image-preview:large","max-video-preview":"max-video-preview:-1"},"canonical":"https:\/\/www.versiegelung24.com\/hu\/lemondasi-szabalyzat\/","og_locale":"hu_HU","og_type":"article","og_title":"Lemond\u00e1si felt\u00e9telek \u00e9s lemond\u00e1si \u0171rlap","og_description":"A fogyaszt\u00f3kat az al\u00e1bbi rendelkez\u00e9seknek megfelel\u0151en el\u00e1ll\u00e1si jog illeti meg, amelyek \u00e9rtelm\u00e9ben fogyaszt\u00f3 minden term\u00e9szetes szem\u00e9ly, aki jogi \u00fcgyletet k\u00f6t olyan c\u00e9lokb\u00f3l, amelyek t\u00falnyom\u00f3r\u00e9szt nem kereskedelmi vagy \u00f6n\u00e1ll\u00f3 v\u00e1llalkoz\u00f3k: A. Lemond\u00e1si politika El\u00e1ll\u00e1si jog \u00d6n jogosult indokl\u00e1s n\u00e9lk\u00fcl el\u00e1llni a szerz\u0151d\u00e9st\u0151l 14 napon bel\u00fcl. A lemond\u00e1si id\u0151szak 14 nap att\u00f3l a napt\u00f3l sz\u00e1m\u00edtva, amikor \u00d6n&hellip;&nbsp;Read More &raquo;Lemond\u00e1si felt\u00e9telek \u00e9s lemond\u00e1si \u0171rlap","og_url":"https:\/\/www.versiegelung24.com\/hu\/lemondasi-szabalyzat\/","og_site_name":"versiegelung24.com","article_modified_time":"2024-06-25T18:51:09+00:00","og_image":[{"width":2000,"height":2000,"url":"https:\/\/www.versiegelung24.com\/wp-content\/uploads\/2022\/02\/Widerruf.png","type":"image\/png"}],"twitter_card":"summary_large_image","twitter_misc":{"Becs\u00fclt olvas\u00e1si id\u0151":"4 perc"},"schema":{"@context":"https:\/\/schema.org","@graph":[{"@type":"WebPage","@id":"https:\/\/www.versiegelung24.com\/hu\/lemondasi-szabalyzat\/","url":"https:\/\/www.versiegelung24.com\/hu\/lemondasi-szabalyzat\/","name":"Lemond\u00e1si felt\u00e9telek \u00e9s lemond\u00e1si \u0171rlap - versiegelung24.com","isPartOf":{"@id":"https:\/\/www.versiegelung24.com\/hu\/#website"},"primaryImageOfPage":{"@id":"https:\/\/www.versiegelung24.com\/hu\/lemondasi-szabalyzat\/#primaryimage"},"image":{"@id":"https:\/\/www.versiegelung24.com\/hu\/lemondasi-szabalyzat\/#primaryimage"},"thumbnailUrl":"https:\/\/www.versiegelung24.com\/wp-content\/uploads\/2022\/02\/Widerruf.png","datePublished":"2021-08-02T18:46:49+00:00","dateModified":"2024-06-25T18:51:09+00:00","breadcrumb":{"@id":"https:\/\/www.versiegelung24.com\/hu\/lemondasi-szabalyzat\/#breadcrumb"},"inLanguage":"hu","potentialAction":[{"@type":"ReadAction","target":["https:\/\/www.versiegelung24.com\/hu\/lemondasi-szabalyzat\/"]}]},{"@type":"ImageObject","inLanguage":"hu","@id":"https:\/\/www.versiegelung24.com\/hu\/lemondasi-szabalyzat\/#primaryimage","url":"https:\/\/www.versiegelung24.com\/wp-content\/uploads\/2022\/02\/Widerruf.png","contentUrl":"https:\/\/www.versiegelung24.com\/wp-content\/uploads\/2022\/02\/Widerruf.png","width":2000,"height":2000},{"@type":"BreadcrumbList","@id":"https:\/\/www.versiegelung24.com\/hu\/lemondasi-szabalyzat\/#breadcrumb","itemListElement":[{"@type":"ListItem","position":1,"name":"Honlap","item":"https:\/\/www.versiegelung24.com\/hu\/elol\/"},{"@type":"ListItem","position":2,"name":"Lemond\u00e1si felt\u00e9telek \u00e9s lemond\u00e1si \u0171rlap"}]},{"@type":"WebSite","@id":"https:\/\/www.versiegelung24.com\/hu\/#website","url":"https:\/\/www.versiegelung24.com\/hu\/","name":"versiegelung24.com","description":"Fl\u00fcssigglas-Versiegelung - Made in Germany","publisher":{"@id":"https:\/\/www.versiegelung24.com\/hu\/#organization"},"potentialAction":[{"@type":"SearchAction","target":{"@type":"EntryPoint","urlTemplate":"https:\/\/www.versiegelung24.com\/hu\/?s={search_term_string}"},"query-input":{"@type":"PropertyValueSpecification","valueRequired":true,"valueName":"search_term_string"}}],"inLanguage":"hu"},{"@type":"Organization","@id":"https:\/\/www.versiegelung24.com\/hu\/#organization","name":"versiegelung24","url":"https:\/\/www.versiegelung24.com\/hu\/","logo":{"@type":"ImageObject","inLanguage":"hu","@id":"https:\/\/www.versiegelung24.com\/hu\/#\/schema\/logo\/image\/","url":"https:\/\/www.versiegelung24.com\/wp-content\/uploads\/2020\/04\/versiegelung24.png","contentUrl":"https:\/\/www.versiegelung24.com\/wp-content\/uploads\/2020\/04\/versiegelung24.png","width":470,"height":102,"caption":"versiegelung24"},"image":{"@id":"https:\/\/www.versiegelung24.com\/hu\/#\/schema\/logo\/image\/"}}]}},"_links":{"self":[{"href":"https:\/\/www.versiegelung24.com\/hu\/wp-json\/wp\/v2\/pages\/22546","targetHints":{"allow":["GET"]}}],"collection":[{"href":"https:\/\/www.versiegelung24.com\/hu\/wp-json\/wp\/v2\/pages"}],"about":[{"href":"https:\/\/www.versiegelung24.com\/hu\/wp-json\/wp\/v2\/types\/page"}],"author":[{"embeddable":true,"href":"https:\/\/www.versiegelung24.com\/hu\/wp-json\/wp\/v2\/users\/932"}],"replies":[{"embeddable":true,"href":"https:\/\/www.versiegelung24.com\/hu\/wp-json\/wp\/v2\/comments?post=22546"}],"version-history":[{"count":3,"href":"https:\/\/www.versiegelung24.com\/hu\/wp-json\/wp\/v2\/pages\/22546\/revisions"}],"predecessor-version":[{"id":167645,"href":"https:\/\/www.versiegelung24.com\/hu\/wp-json\/wp\/v2\/pages\/22546\/revisions\/167645"}],"wp:featuredmedia":[{"embeddable":true,"href":"https:\/\/www.versiegelung24.com\/hu\/wp-json\/wp\/v2\/media\/71025"}],"wp:attachment":[{"href":"https:\/\/www.versiegelung24.com\/hu\/wp-json\/wp\/v2\/media?parent=22546"}],"wp:term":[{"taxonomy":"category","embeddable":true,"href":"https:\/\/www.versiegelung24.com\/hu\/wp-json\/wp\/v2\/categories?post=22546"},{"taxonomy":"seiten_kategorie","embeddable":true,"href":"https:\/\/www.versiegelung24.com\/hu\/wp-json\/wp\/v2\/seiten_kategorie?post=22546"}],"curies":[{"name":"wp","href":"https:\/\/api.w.org\/{rel}","templated":true}]}}