{"id":22635,"date":"2021-08-02T20:50:35","date_gmt":"2021-08-02T18:50:35","guid":{"rendered":"https:\/\/www.versiegelung24.com\/vasaroljon-ccm-gmbh-termekeket-az-online-aruhazban"},"modified":"2024-06-25T20:51:37","modified_gmt":"2024-06-25T18:51:37","slug":"az-ccm-gmbh-rol","status":"publish","type":"page","link":"https:\/\/www.versiegelung24.com\/hu\/vasaroljon-ccm-gmbh-termekeket-az-online-aruhazban\/","title":{"rendered":"V\u00e1s\u00e1roljon CCM GmbH term\u00e9keket az online \u00e1ruh\u00e1zban"},"content":{"rendered":"<h2><span style=\"color: var(--nv-text-color);font-family: Graphik,-apple-system,BlinkMacSystemFont,Segoe UI,var(--nv-fallback-ff);font-size: 2em;font-weight: 600;background-color: var(--nv-site-bg)\">V\u00e1s\u00e1roljon term\u00e9keket az Overath \/ N\u00e9metorsz\u00e1g CCM GmbH -t\u00f3l az online boltban<\/span><\/h2>\n<div class=\"std\">\n<div>\n<figure id=\"attachment_15236\" aria-describedby=\"caption-attachment-15236\" style=\"width: 300px\" class=\"wp-caption alignleft\"><a href=\"https:\/\/www.versiegelung24.com\/wp-content\/uploads\/2020\/05\/CCM_Gebaeude-300x203.jpg\"><img fetchpriority=\"high\" decoding=\"async\" class=\"wp-image-7780 size-medium\" src=\"https:\/\/www.versiegelung24.com\/wp-content\/uploads\/2020\/05\/CCM_Gebaeude-300x203.jpg\" alt=\"CCM Zentrale in Overath\" width=\"300\" height=\"203\" srcset=\"https:\/\/www.versiegelung24.com\/wp-content\/uploads\/2020\/05\/CCM_Gebaeude-300x203.jpg 300w, https:\/\/www.versiegelung24.com\/wp-content\/uploads\/2020\/05\/CCM_Gebaeude-16x12.jpg 16w, https:\/\/www.versiegelung24.com\/wp-content\/uploads\/2020\/05\/CCM_Gebaeude.jpg 400w\" sizes=\"(max-width: 300px) 100vw, 300px\" \/><\/a><figcaption id=\"caption-attachment-15236\" class=\"wp-caption-text\">CCM k\u00f6zpontja Overathban<\/figcaption><\/figure>\n<p>A \u201eMade in Germany\u201d glob\u00e1lis kifejez\u00e9s az innov\u00e1ci\u00f3ra \u00e9s a legmagasabb min\u0151s\u00e9gre, \u00e9s h\u00edres p\u00e9ld\u00e1ul az aut\u00f3k, a g\u00e9pipar \u00e9s a k\u00e9mia ter\u00fclet\u00e9n. N\u00e9metorsz\u00e1g a nagy multinacion\u00e1lis v\u00e1llalatok mellett mindenekel\u0151tt t\u00f6bb sz\u00e1zezer innovat\u00edv kis- \u00e9s k\u00f6z\u00e9pv\u00e1llalkoz\u00e1s kult\u00far\u00e1j\u00e1val rendelkezik, amelyek rendk\u00edv\u00fcl kreat\u00edvak \u00e9s gyakran vil\u00e1gpiaci vezet\u0151 szerepet t\u00f6ltenek be kis r\u00e9seikben (ezeket a v\u00e1llalatokat \u00e1ltal\u00e1ban &#8220;rejtett bajnokoknak&#8221; nevezik) ).<\/p>\n<\/div>\n<div>\n<p>A CCM GmbH n\u00e9met feltal\u00e1l\u00f3k \u00f6tleteit gy\u00e1rtja \u00e9s forgalmazza, egyed\u00fcl\u00e1ll\u00f3, kiv\u00e1l\u00f3 min\u0151s\u00e9g\u0171 probl\u00e9mamegold\u00f3kat. 2007 -ben alap\u00edtotta a k\u00e9t \u00fcgyvezet\u0151 igazgat\u00f3, Heiner Perk \u00e9s Bernd Zimmermann, \u00e9s az innov\u00e1ci\u00f3, a termel\u00e9s \u00e9s a glob\u00e1lis \u00e9rt\u00e9kes\u00edt\u00e9s egyed\u00fcl\u00e1ll\u00f3 h\u00e1l\u00f3zata. N\u00e9metorsz\u00e1gban k\u00e9sz\u00fclt.<\/p>\n<p>A CCM m\u00e9ly meggy\u0151z\u0151d\u00e9se, hogy egyed\u00fcl\u00e1ll\u00f3 term\u00e9keket csak akkor lehet sikeresen forgalmazni vil\u00e1gszerte, ha egyedi emberek \u00e1llnak m\u00f6g\u00f6tt\u00fck partnerk\u00e9nt. A CCM GmbH m\u00e1r dolgozik ilyen emberekkel t\u00f6bb mint 40 orsz\u00e1gban, minden kontinensen.<\/p>\n<p>Minden tev\u00e9kenys\u00e9get a c\u00e9g n\u00e9metorsz\u00e1gi K\u00f6ln melletti Overath -i k\u00f6zpontj\u00e1b\u00f3l ir\u00e1ny\u00edtanak.<\/p>\n<p>A modern technol\u00f3gia \u00e9s a h\u00e1l\u00f3zat\u00e9p\u00edt\u00e9s lehet\u0151v\u00e9 teszi, hogy egys\u00e9gk\u00e9nt jelenjenek meg an\u00e9lk\u00fcl, hogy minden alkalmazottnak egy helyen kellene dolgoznia.<\/p>\n<p>A CCM GmbH \u201efoly\u00e9kony \u00fcveg\u201d t\u00f6m\u00edt\u00e9seit m\u00e1r jel\u00f6lt\u00e9k k\u00fcl\u00f6nb\u00f6z\u0151 d\u00edjakra.<\/p>\n<p>Hagyja mag\u00e1t inspir\u00e1lni a CCM GmbH koncepci\u00f3i, \u00f6tletei \u00e9s tapasztalatai alapj\u00e1n.<\/p>\n<\/div>\n<h2>V\u00e1s\u00e1roljon CCM GmbH term\u00e9keket az online boltban:<\/h2>\n<div class=\"woocommerce columns-4\"><ul class=\"products columns-4\">\n<li class=\"product-category product first\">\n\t<a aria-label=\"K\u0151 \u00e9s beton t\u00f6m\u00edt\u00e9s term\u00e9kkateg\u00f3ria megtekint\u00e9se\" href=\"https:\/\/www.versiegelung24.com\/hu\/folyekony-ueveg-toemites\/ko-es-beton-toemites\/\"><img decoding=\"async\" src=\"https:\/\/www.versiegelung24.com\/wp-content\/uploads\/2023\/06\/V24-steinkategorie-2306-400x400.webp\" alt=\"K\u0151 \u00e9s beton t\u00f6m\u00edt\u00e9s\" width=\"400\" height=\"400\" srcset=\"https:\/\/www.versiegelung24.com\/wp-content\/uploads\/2023\/06\/V24-steinkategorie-2306-400x400.webp 400w, https:\/\/www.versiegelung24.com\/wp-content\/uploads\/2023\/06\/V24-steinkategorie-2306-80x80.webp 80w, https:\/\/www.versiegelung24.com\/wp-content\/uploads\/2023\/06\/V24-steinkategorie-2306-70x70.webp 70w, https:\/\/www.versiegelung24.com\/wp-content\/uploads\/2023\/06\/V24-steinkategorie-2306-100x100.webp 100w\" sizes=\"(max-width: 400px) 100vw, 400px\" \/>\t\t<h2 class=\"woocommerce-loop-category__title\">\n\t\t\tK\u0151 \u00e9s beton t\u00f6m\u00edt\u00e9s <mark class=\"count\">(12)<\/mark>\t\t<\/h2>\n\t\t<\/a><\/li>\n<li class=\"product-category product\">\n\t<a aria-label=\"Aut\u00f3t\u00f6m\u00edt\u00e9s term\u00e9kkateg\u00f3ria megtekint\u00e9se\" href=\"https:\/\/www.versiegelung24.com\/hu\/folyekony-ueveg-toemites\/auto-toemitese\/\"><img decoding=\"async\" src=\"https:\/\/www.versiegelung24.com\/wp-content\/uploads\/2022\/08\/Kategorie_Auto-400x400.jpg\" alt=\"Aut\u00f3t\u00f6m\u00edt\u00e9s\" width=\"400\" height=\"400\" srcset=\"https:\/\/www.versiegelung24.com\/wp-content\/uploads\/2022\/08\/Kategorie_Auto-400x400.jpg 400w, https:\/\/www.versiegelung24.com\/wp-content\/uploads\/2022\/08\/Kategorie_Auto-80x80.jpg 80w, https:\/\/www.versiegelung24.com\/wp-content\/uploads\/2022\/08\/Kategorie_Auto-70x70.jpg 70w, https:\/\/www.versiegelung24.com\/wp-content\/uploads\/2022\/08\/Kategorie_Auto-100x100.jpg 100w\" sizes=\"(max-width: 400px) 100vw, 400px\" \/>\t\t<h2 class=\"woocommerce-loop-category__title\">\n\t\t\tAut\u00f3t\u00f6m\u00edt\u00e9s <mark class=\"count\">(19)<\/mark>\t\t<\/h2>\n\t\t<\/a><\/li>\n<li class=\"product-category product\">\n\t<a aria-label=\"T\u00f6m\u00edt\u00e9s \u00fcveg \u00e9s ker\u00e1mia sz\u00e1m\u00e1ra term\u00e9kkateg\u00f3ria megtekint\u00e9se\" href=\"https:\/\/www.versiegelung24.com\/hu\/folyekony-ueveg-toemites\/toemites-ueveghez-es-keramiahoz\/\"><img loading=\"lazy\" decoding=\"async\" src=\"https:\/\/www.versiegelung24.com\/wp-content\/uploads\/2022\/07\/Startseite_Banner-400x400.jpg\" alt=\"T\u00f6m\u00edt\u00e9s \u00fcveg \u00e9s ker\u00e1mia sz\u00e1m\u00e1ra\" width=\"400\" height=\"400\" srcset=\"https:\/\/www.versiegelung24.com\/wp-content\/uploads\/2022\/07\/Startseite_Banner-400x400.jpg 400w, https:\/\/www.versiegelung24.com\/wp-content\/uploads\/2022\/07\/Startseite_Banner-80x80.jpg 80w, https:\/\/www.versiegelung24.com\/wp-content\/uploads\/2022\/07\/Startseite_Banner-70x70.jpg 70w, https:\/\/www.versiegelung24.com\/wp-content\/uploads\/2022\/07\/Startseite_Banner-100x100.jpg 100w\" sizes=\"(max-width: 400px) 100vw, 400px\" \/>\t\t<h2 class=\"woocommerce-loop-category__title\">\n\t\t\tT\u00f6m\u00edt\u00e9s \u00fcveg \u00e9s ker\u00e1mia sz\u00e1m\u00e1ra <mark class=\"count\">(18)<\/mark>\t\t<\/h2>\n\t\t<\/a><\/li>\n<li class=\"product-category product last\">\n\t<a aria-label=\"F\u00e9m \u00e9s m\u0171anyag t\u00f6m\u00edt\u00e9s term\u00e9kkateg\u00f3ria megtekint\u00e9se\" href=\"https:\/\/www.versiegelung24.com\/hu\/folyekony-ueveg-toemites\/fem-es-muanyag-toemites\/\"><img loading=\"lazy\" decoding=\"async\" src=\"https:\/\/www.versiegelung24.com\/wp-content\/uploads\/2022\/08\/Kategorie_Metall-400x400.jpg\" alt=\"F\u00e9m \u00e9s m\u0171anyag t\u00f6m\u00edt\u00e9s\" width=\"400\" height=\"400\" srcset=\"https:\/\/www.versiegelung24.com\/wp-content\/uploads\/2022\/08\/Kategorie_Metall-400x400.jpg 400w, https:\/\/www.versiegelung24.com\/wp-content\/uploads\/2022\/08\/Kategorie_Metall-80x80.jpg 80w, https:\/\/www.versiegelung24.com\/wp-content\/uploads\/2022\/08\/Kategorie_Metall-70x70.jpg 70w, https:\/\/www.versiegelung24.com\/wp-content\/uploads\/2022\/08\/Kategorie_Metall-100x100.jpg 100w\" sizes=\"(max-width: 400px) 100vw, 400px\" \/>\t\t<h2 class=\"woocommerce-loop-category__title\">\n\t\t\tF\u00e9m \u00e9s m\u0171anyag t\u00f6m\u00edt\u00e9s <mark class=\"count\">(16)<\/mark>\t\t<\/h2>\n\t\t<\/a><\/li>\n<li class=\"product-category product first\">\n\t<a aria-label=\"Tiszt\u00edt\u00f3szerek term\u00e9kkateg\u00f3ria megtekint\u00e9se\" href=\"https:\/\/www.versiegelung24.com\/hu\/tisztito-szerek\/\"><img loading=\"lazy\" decoding=\"async\" src=\"https:\/\/www.versiegelung24.com\/wp-content\/uploads\/2022\/08\/Kategorie_Bioreiniger-400x400.jpg\" alt=\"Tiszt\u00edt\u00f3szerek\" width=\"400\" height=\"400\" srcset=\"https:\/\/www.versiegelung24.com\/wp-content\/uploads\/2022\/08\/Kategorie_Bioreiniger-400x400.jpg 400w, https:\/\/www.versiegelung24.com\/wp-content\/uploads\/2022\/08\/Kategorie_Bioreiniger-80x80.jpg 80w, https:\/\/www.versiegelung24.com\/wp-content\/uploads\/2022\/08\/Kategorie_Bioreiniger-70x70.jpg 70w, https:\/\/www.versiegelung24.com\/wp-content\/uploads\/2022\/08\/Kategorie_Bioreiniger-100x100.jpg 100w\" sizes=\"(max-width: 400px) 100vw, 400px\" \/>\t\t<h2 class=\"woocommerce-loop-category__title\">\n\t\t\tTiszt\u00edt\u00f3szerek <mark class=\"count\">(10)<\/mark>\t\t<\/h2>\n\t\t<\/a><\/li>\n<li class=\"product-category product\">\n\t<a aria-label=\"B\u0151r \u00e9s textil t\u00f6m\u00edt\u00e9s term\u00e9kkateg\u00f3ria megtekint\u00e9se\" href=\"https:\/\/www.versiegelung24.com\/hu\/folyekony-ueveg-toemites\/bor-es-textil-toemites\/\"><img loading=\"lazy\" decoding=\"async\" src=\"https:\/\/www.versiegelung24.com\/wp-content\/uploads\/2023\/06\/waterpoof-jacket-in-detail-400x400.jpg\" alt=\"B\u0151r \u00e9s textil t\u00f6m\u00edt\u00e9s\" width=\"400\" height=\"400\" srcset=\"https:\/\/www.versiegelung24.com\/wp-content\/uploads\/2023\/06\/waterpoof-jacket-in-detail-400x400.jpg 400w, https:\/\/www.versiegelung24.com\/wp-content\/uploads\/2023\/06\/waterpoof-jacket-in-detail-80x80.jpg 80w, https:\/\/www.versiegelung24.com\/wp-content\/uploads\/2023\/06\/waterpoof-jacket-in-detail-70x70.jpg 70w, https:\/\/www.versiegelung24.com\/wp-content\/uploads\/2023\/06\/waterpoof-jacket-in-detail-100x100.jpg 100w\" sizes=\"(max-width: 400px) 100vw, 400px\" \/>\t\t<h2 class=\"woocommerce-loop-category__title\">\n\t\t\tB\u0151r \u00e9s textil t\u00f6m\u00edt\u00e9s <mark class=\"count\">(3)<\/mark>\t\t<\/h2>\n\t\t<\/a><\/li>\n<li class=\"product-category product\">\n\t<a aria-label=\"Univerz\u00e1lis t\u00f6m\u00edt\u0151anyag term\u00e9kkateg\u00f3ria megtekint\u00e9se\" href=\"https:\/\/www.versiegelung24.com\/hu\/folyekony-ueveg-toemites\/univerzalis-toemites\/\"><img loading=\"lazy\" decoding=\"async\" src=\"https:\/\/www.versiegelung24.com\/wp-content\/uploads\/2022\/08\/Kategorie_Universal-400x400.jpg\" alt=\"Univerz\u00e1lis t\u00f6m\u00edt\u0151anyag\" width=\"400\" height=\"400\" srcset=\"https:\/\/www.versiegelung24.com\/wp-content\/uploads\/2022\/08\/Kategorie_Universal-400x400.jpg 400w, https:\/\/www.versiegelung24.com\/wp-content\/uploads\/2022\/08\/Kategorie_Universal-80x80.jpg 80w, https:\/\/www.versiegelung24.com\/wp-content\/uploads\/2022\/08\/Kategorie_Universal-70x70.jpg 70w, https:\/\/www.versiegelung24.com\/wp-content\/uploads\/2022\/08\/Kategorie_Universal-100x100.jpg 100w\" sizes=\"(max-width: 400px) 100vw, 400px\" \/>\t\t<h2 class=\"woocommerce-loop-category__title\">\n\t\t\tUniverz\u00e1lis t\u00f6m\u00edt\u0151anyag <mark class=\"count\">(13)<\/mark>\t\t<\/h2>\n\t\t<\/a><\/li>\n<li class=\"product-category product last\">\n\t<a aria-label=\"Fa t\u00f6m\u00edt\u00e9s term\u00e9kkateg\u00f3ria megtekint\u00e9se\" href=\"https:\/\/www.versiegelung24.com\/hu\/folyekony-ueveg-toemites\/fa-toemites\/\"><img loading=\"lazy\" decoding=\"async\" src=\"https:\/\/www.versiegelung24.com\/wp-content\/uploads\/2022\/08\/Kategorie_Holz-400x400.jpg\" alt=\"Fa t\u00f6m\u00edt\u00e9s\" width=\"400\" height=\"400\" srcset=\"https:\/\/www.versiegelung24.com\/wp-content\/uploads\/2022\/08\/Kategorie_Holz-400x400.jpg 400w, https:\/\/www.versiegelung24.com\/wp-content\/uploads\/2022\/08\/Kategorie_Holz-80x80.jpg 80w, https:\/\/www.versiegelung24.com\/wp-content\/uploads\/2022\/08\/Kategorie_Holz-70x70.jpg 70w, https:\/\/www.versiegelung24.com\/wp-content\/uploads\/2022\/08\/Kategorie_Holz-100x100.jpg 100w\" sizes=\"(max-width: 400px) 100vw, 400px\" \/>\t\t<h2 class=\"woocommerce-loop-category__title\">\n\t\t\tFa t\u00f6m\u00edt\u00e9s <mark class=\"count\">(3)<\/mark>\t\t<\/h2>\n\t\t<\/a><\/li>\n<\/ul>\n<\/div>\n<\/div>\n","protected":false},"excerpt":{"rendered":"<p>V\u00e1s\u00e1roljon term\u00e9keket az Overath \/ N\u00e9metorsz\u00e1g CCM GmbH -t\u00f3l az online boltban A \u201eMade in Germany\u201d glob\u00e1lis kifejez\u00e9s az innov\u00e1ci\u00f3ra \u00e9s a legmagasabb min\u0151s\u00e9gre, \u00e9s h\u00edres p\u00e9ld\u00e1ul az aut\u00f3k, a g\u00e9pipar \u00e9s a k\u00e9mia ter\u00fclet\u00e9n. N\u00e9metorsz\u00e1g a nagy multinacion\u00e1lis v\u00e1llalatok mellett mindenekel\u0151tt t\u00f6bb sz\u00e1zezer innovat\u00edv kis- \u00e9s k\u00f6z\u00e9pv\u00e1llalkoz\u00e1s kult\u00far\u00e1j\u00e1val rendelkezik, amelyek rendk\u00edv\u00fcl kreat\u00edvak \u00e9s gyakran&hellip;&nbsp;<a href=\"https:\/\/www.versiegelung24.com\/hu\/vasaroljon-ccm-gmbh-termekeket-az-online-aruhazban\/\" rel=\"bookmark\">Read More &raquo;<span class=\"screen-reader-text\">V\u00e1s\u00e1roljon CCM GmbH term\u00e9keket az online \u00e1ruh\u00e1zban<\/span><\/a><\/p>\n","protected":false},"author":932,"featured_media":70224,"parent":0,"menu_order":0,"comment_status":"closed","ping_status":"closed","template":"","meta":{"_acf_changed":false,"neve_meta_sidebar":"","neve_meta_container":"","neve_meta_enable_content_width":"","neve_meta_content_width":0,"neve_meta_title_alignment":"","neve_meta_author_avatar":"","neve_post_elements_order":"","neve_meta_disable_header":"","neve_meta_disable_footer":"","neve_meta_disable_title":"","neve_meta_reading_time":"","footnotes":""},"categories":[],"seiten_kategorie":[],"class_list":["post-22635","page","type-page","status-publish","has-post-thumbnail","hentry"],"acf":[],"yoast_head":"<!-- This site is optimized with the Yoast SEO Premium plugin v22.8 (Yoast SEO v27.4) - https:\/\/yoast.com\/product\/yoast-seo-premium-wordpress\/ -->\n<title>V\u00e1s\u00e1roljon CCM GmbH term\u00e9keket az online \u00e1ruh\u00e1zban<\/title>\n<meta name=\"description\" content=\"V\u00e1s\u00e1roljon foly\u00e9kony \u00fcveg nanot\u00f6m\u00edt\u00e9seket, tiszt\u00edt\u00f3szereket, fert\u0151tlen\u00edt\u0151szereket \u00e9s egy\u00e9b term\u00e9keket a CCM GmbH-t\u00f3l az Overath N\u00e9metorsz\u00e1gb\u00f3l online.\" \/>\n<meta name=\"robots\" content=\"index, follow, max-snippet:-1, max-image-preview:large, max-video-preview:-1\" \/>\n<link rel=\"canonical\" href=\"https:\/\/www.versiegelung24.com\/hu\/vasaroljon-ccm-gmbh-termekeket-az-online-aruhazban\/\" \/>\n<meta property=\"og:locale\" content=\"hu_HU\" \/>\n<meta property=\"og:type\" content=\"article\" \/>\n<meta property=\"og:title\" content=\"V\u00e1s\u00e1roljon CCM GmbH term\u00e9keket az online \u00e1ruh\u00e1zban\" \/>\n<meta property=\"og:description\" content=\"V\u00e1s\u00e1roljon foly\u00e9kony \u00fcveg nanot\u00f6m\u00edt\u00e9seket, tiszt\u00edt\u00f3szereket, fert\u0151tlen\u00edt\u0151szereket \u00e9s egy\u00e9b term\u00e9keket a CCM GmbH-t\u00f3l az Overath N\u00e9metorsz\u00e1gb\u00f3l online.\" \/>\n<meta property=\"og:url\" content=\"https:\/\/www.versiegelung24.com\/hu\/vasaroljon-ccm-gmbh-termekeket-az-online-aruhazban\/\" \/>\n<meta property=\"og:site_name\" content=\"versiegelung24.com\" \/>\n<meta property=\"article:modified_time\" content=\"2024-06-25T18:51:37+00:00\" \/>\n<meta property=\"og:image\" content=\"https:\/\/www.versiegelung24.com\/wp-content\/uploads\/2022\/02\/Flasche.png\" \/>\n\t<meta property=\"og:image:width\" content=\"2560\" \/>\n\t<meta property=\"og:image:height\" content=\"2560\" \/>\n\t<meta property=\"og:image:type\" content=\"image\/png\" \/>\n<meta name=\"twitter:card\" content=\"summary_large_image\" \/>\n<meta name=\"twitter:label1\" content=\"Becs\u00fclt olvas\u00e1si id\u0151\" \/>\n\t<meta name=\"twitter:data1\" content=\"2 perc\" \/>\n<script type=\"application\/ld+json\" class=\"yoast-schema-graph\">{\"@context\":\"https:\\\/\\\/schema.org\",\"@graph\":[{\"@type\":\"WebPage\",\"@id\":\"https:\\\/\\\/www.versiegelung24.com\\\/hu\\\/vasaroljon-ccm-gmbh-termekeket-az-online-aruhazban\\\/\",\"url\":\"https:\\\/\\\/www.versiegelung24.com\\\/hu\\\/vasaroljon-ccm-gmbh-termekeket-az-online-aruhazban\\\/\",\"name\":\"V\u00e1s\u00e1roljon CCM GmbH term\u00e9keket az online \u00e1ruh\u00e1zban\",\"isPartOf\":{\"@id\":\"https:\\\/\\\/www.versiegelung24.com\\\/hu\\\/#website\"},\"primaryImageOfPage\":{\"@id\":\"https:\\\/\\\/www.versiegelung24.com\\\/hu\\\/vasaroljon-ccm-gmbh-termekeket-az-online-aruhazban\\\/#primaryimage\"},\"image\":{\"@id\":\"https:\\\/\\\/www.versiegelung24.com\\\/hu\\\/vasaroljon-ccm-gmbh-termekeket-az-online-aruhazban\\\/#primaryimage\"},\"thumbnailUrl\":\"https:\\\/\\\/www.versiegelung24.com\\\/wp-content\\\/uploads\\\/2022\\\/02\\\/Flasche.png\",\"datePublished\":\"2021-08-02T18:50:35+00:00\",\"dateModified\":\"2024-06-25T18:51:37+00:00\",\"description\":\"V\u00e1s\u00e1roljon foly\u00e9kony \u00fcveg nanot\u00f6m\u00edt\u00e9seket, tiszt\u00edt\u00f3szereket, fert\u0151tlen\u00edt\u0151szereket \u00e9s egy\u00e9b term\u00e9keket a CCM GmbH-t\u00f3l az Overath N\u00e9metorsz\u00e1gb\u00f3l online.\",\"breadcrumb\":{\"@id\":\"https:\\\/\\\/www.versiegelung24.com\\\/hu\\\/vasaroljon-ccm-gmbh-termekeket-az-online-aruhazban\\\/#breadcrumb\"},\"inLanguage\":\"hu\",\"potentialAction\":[{\"@type\":\"ReadAction\",\"target\":[\"https:\\\/\\\/www.versiegelung24.com\\\/hu\\\/vasaroljon-ccm-gmbh-termekeket-az-online-aruhazban\\\/\"]}]},{\"@type\":\"ImageObject\",\"inLanguage\":\"hu\",\"@id\":\"https:\\\/\\\/www.versiegelung24.com\\\/hu\\\/vasaroljon-ccm-gmbh-termekeket-az-online-aruhazban\\\/#primaryimage\",\"url\":\"https:\\\/\\\/www.versiegelung24.com\\\/wp-content\\\/uploads\\\/2022\\\/02\\\/Flasche.png\",\"contentUrl\":\"https:\\\/\\\/www.versiegelung24.com\\\/wp-content\\\/uploads\\\/2022\\\/02\\\/Flasche.png\",\"width\":2560,\"height\":2560},{\"@type\":\"BreadcrumbList\",\"@id\":\"https:\\\/\\\/www.versiegelung24.com\\\/hu\\\/vasaroljon-ccm-gmbh-termekeket-az-online-aruhazban\\\/#breadcrumb\",\"itemListElement\":[{\"@type\":\"ListItem\",\"position\":1,\"name\":\"Honlap\",\"item\":\"https:\\\/\\\/www.versiegelung24.com\\\/hu\\\/elol\\\/\"},{\"@type\":\"ListItem\",\"position\":2,\"name\":\"V\u00e1s\u00e1roljon CCM GmbH term\u00e9keket az online \u00e1ruh\u00e1zban\"}]},{\"@type\":\"WebSite\",\"@id\":\"https:\\\/\\\/www.versiegelung24.com\\\/hu\\\/#website\",\"url\":\"https:\\\/\\\/www.versiegelung24.com\\\/hu\\\/\",\"name\":\"versiegelung24.com\",\"description\":\"Fl\u00fcssigglas-Versiegelung - Made in Germany\",\"publisher\":{\"@id\":\"https:\\\/\\\/www.versiegelung24.com\\\/hu\\\/#organization\"},\"potentialAction\":[{\"@type\":\"SearchAction\",\"target\":{\"@type\":\"EntryPoint\",\"urlTemplate\":\"https:\\\/\\\/www.versiegelung24.com\\\/hu\\\/?s={search_term_string}\"},\"query-input\":{\"@type\":\"PropertyValueSpecification\",\"valueRequired\":true,\"valueName\":\"search_term_string\"}}],\"inLanguage\":\"hu\"},{\"@type\":\"Organization\",\"@id\":\"https:\\\/\\\/www.versiegelung24.com\\\/hu\\\/#organization\",\"name\":\"versiegelung24\",\"url\":\"https:\\\/\\\/www.versiegelung24.com\\\/hu\\\/\",\"logo\":{\"@type\":\"ImageObject\",\"inLanguage\":\"hu\",\"@id\":\"https:\\\/\\\/www.versiegelung24.com\\\/hu\\\/#\\\/schema\\\/logo\\\/image\\\/\",\"url\":\"https:\\\/\\\/www.versiegelung24.com\\\/wp-content\\\/uploads\\\/2020\\\/04\\\/versiegelung24.png\",\"contentUrl\":\"https:\\\/\\\/www.versiegelung24.com\\\/wp-content\\\/uploads\\\/2020\\\/04\\\/versiegelung24.png\",\"width\":470,\"height\":102,\"caption\":\"versiegelung24\"},\"image\":{\"@id\":\"https:\\\/\\\/www.versiegelung24.com\\\/hu\\\/#\\\/schema\\\/logo\\\/image\\\/\"}}]}<\/script>\n<!-- \/ Yoast SEO Premium plugin. -->","yoast_head_json":{"title":"V\u00e1s\u00e1roljon CCM GmbH term\u00e9keket az online \u00e1ruh\u00e1zban","description":"V\u00e1s\u00e1roljon foly\u00e9kony \u00fcveg nanot\u00f6m\u00edt\u00e9seket, tiszt\u00edt\u00f3szereket, fert\u0151tlen\u00edt\u0151szereket \u00e9s egy\u00e9b term\u00e9keket a CCM GmbH-t\u00f3l az Overath N\u00e9metorsz\u00e1gb\u00f3l online.","robots":{"index":"index","follow":"follow","max-snippet":"max-snippet:-1","max-image-preview":"max-image-preview:large","max-video-preview":"max-video-preview:-1"},"canonical":"https:\/\/www.versiegelung24.com\/hu\/vasaroljon-ccm-gmbh-termekeket-az-online-aruhazban\/","og_locale":"hu_HU","og_type":"article","og_title":"V\u00e1s\u00e1roljon CCM GmbH term\u00e9keket az online \u00e1ruh\u00e1zban","og_description":"V\u00e1s\u00e1roljon foly\u00e9kony \u00fcveg nanot\u00f6m\u00edt\u00e9seket, tiszt\u00edt\u00f3szereket, fert\u0151tlen\u00edt\u0151szereket \u00e9s egy\u00e9b term\u00e9keket a CCM GmbH-t\u00f3l az Overath N\u00e9metorsz\u00e1gb\u00f3l online.","og_url":"https:\/\/www.versiegelung24.com\/hu\/vasaroljon-ccm-gmbh-termekeket-az-online-aruhazban\/","og_site_name":"versiegelung24.com","article_modified_time":"2024-06-25T18:51:37+00:00","og_image":[{"width":2560,"height":2560,"url":"https:\/\/www.versiegelung24.com\/wp-content\/uploads\/2022\/02\/Flasche.png","type":"image\/png"}],"twitter_card":"summary_large_image","twitter_misc":{"Becs\u00fclt olvas\u00e1si id\u0151":"2 perc"},"schema":{"@context":"https:\/\/schema.org","@graph":[{"@type":"WebPage","@id":"https:\/\/www.versiegelung24.com\/hu\/vasaroljon-ccm-gmbh-termekeket-az-online-aruhazban\/","url":"https:\/\/www.versiegelung24.com\/hu\/vasaroljon-ccm-gmbh-termekeket-az-online-aruhazban\/","name":"V\u00e1s\u00e1roljon CCM GmbH term\u00e9keket az online \u00e1ruh\u00e1zban","isPartOf":{"@id":"https:\/\/www.versiegelung24.com\/hu\/#website"},"primaryImageOfPage":{"@id":"https:\/\/www.versiegelung24.com\/hu\/vasaroljon-ccm-gmbh-termekeket-az-online-aruhazban\/#primaryimage"},"image":{"@id":"https:\/\/www.versiegelung24.com\/hu\/vasaroljon-ccm-gmbh-termekeket-az-online-aruhazban\/#primaryimage"},"thumbnailUrl":"https:\/\/www.versiegelung24.com\/wp-content\/uploads\/2022\/02\/Flasche.png","datePublished":"2021-08-02T18:50:35+00:00","dateModified":"2024-06-25T18:51:37+00:00","description":"V\u00e1s\u00e1roljon foly\u00e9kony \u00fcveg nanot\u00f6m\u00edt\u00e9seket, tiszt\u00edt\u00f3szereket, fert\u0151tlen\u00edt\u0151szereket \u00e9s egy\u00e9b term\u00e9keket a CCM GmbH-t\u00f3l az Overath N\u00e9metorsz\u00e1gb\u00f3l online.","breadcrumb":{"@id":"https:\/\/www.versiegelung24.com\/hu\/vasaroljon-ccm-gmbh-termekeket-az-online-aruhazban\/#breadcrumb"},"inLanguage":"hu","potentialAction":[{"@type":"ReadAction","target":["https:\/\/www.versiegelung24.com\/hu\/vasaroljon-ccm-gmbh-termekeket-az-online-aruhazban\/"]}]},{"@type":"ImageObject","inLanguage":"hu","@id":"https:\/\/www.versiegelung24.com\/hu\/vasaroljon-ccm-gmbh-termekeket-az-online-aruhazban\/#primaryimage","url":"https:\/\/www.versiegelung24.com\/wp-content\/uploads\/2022\/02\/Flasche.png","contentUrl":"https:\/\/www.versiegelung24.com\/wp-content\/uploads\/2022\/02\/Flasche.png","width":2560,"height":2560},{"@type":"BreadcrumbList","@id":"https:\/\/www.versiegelung24.com\/hu\/vasaroljon-ccm-gmbh-termekeket-az-online-aruhazban\/#breadcrumb","itemListElement":[{"@type":"ListItem","position":1,"name":"Honlap","item":"https:\/\/www.versiegelung24.com\/hu\/elol\/"},{"@type":"ListItem","position":2,"name":"V\u00e1s\u00e1roljon CCM GmbH term\u00e9keket az online \u00e1ruh\u00e1zban"}]},{"@type":"WebSite","@id":"https:\/\/www.versiegelung24.com\/hu\/#website","url":"https:\/\/www.versiegelung24.com\/hu\/","name":"versiegelung24.com","description":"Fl\u00fcssigglas-Versiegelung - Made in Germany","publisher":{"@id":"https:\/\/www.versiegelung24.com\/hu\/#organization"},"potentialAction":[{"@type":"SearchAction","target":{"@type":"EntryPoint","urlTemplate":"https:\/\/www.versiegelung24.com\/hu\/?s={search_term_string}"},"query-input":{"@type":"PropertyValueSpecification","valueRequired":true,"valueName":"search_term_string"}}],"inLanguage":"hu"},{"@type":"Organization","@id":"https:\/\/www.versiegelung24.com\/hu\/#organization","name":"versiegelung24","url":"https:\/\/www.versiegelung24.com\/hu\/","logo":{"@type":"ImageObject","inLanguage":"hu","@id":"https:\/\/www.versiegelung24.com\/hu\/#\/schema\/logo\/image\/","url":"https:\/\/www.versiegelung24.com\/wp-content\/uploads\/2020\/04\/versiegelung24.png","contentUrl":"https:\/\/www.versiegelung24.com\/wp-content\/uploads\/2020\/04\/versiegelung24.png","width":470,"height":102,"caption":"versiegelung24"},"image":{"@id":"https:\/\/www.versiegelung24.com\/hu\/#\/schema\/logo\/image\/"}}]}},"_links":{"self":[{"href":"https:\/\/www.versiegelung24.com\/hu\/wp-json\/wp\/v2\/pages\/22635","targetHints":{"allow":["GET"]}}],"collection":[{"href":"https:\/\/www.versiegelung24.com\/hu\/wp-json\/wp\/v2\/pages"}],"about":[{"href":"https:\/\/www.versiegelung24.com\/hu\/wp-json\/wp\/v2\/types\/page"}],"author":[{"embeddable":true,"href":"https:\/\/www.versiegelung24.com\/hu\/wp-json\/wp\/v2\/users\/932"}],"replies":[{"embeddable":true,"href":"https:\/\/www.versiegelung24.com\/hu\/wp-json\/wp\/v2\/comments?post=22635"}],"version-history":[{"count":2,"href":"https:\/\/www.versiegelung24.com\/hu\/wp-json\/wp\/v2\/pages\/22635\/revisions"}],"predecessor-version":[{"id":167677,"href":"https:\/\/www.versiegelung24.com\/hu\/wp-json\/wp\/v2\/pages\/22635\/revisions\/167677"}],"wp:featuredmedia":[{"embeddable":true,"href":"https:\/\/www.versiegelung24.com\/hu\/wp-json\/wp\/v2\/media\/70224"}],"wp:attachment":[{"href":"https:\/\/www.versiegelung24.com\/hu\/wp-json\/wp\/v2\/media?parent=22635"}],"wp:term":[{"taxonomy":"category","embeddable":true,"href":"https:\/\/www.versiegelung24.com\/hu\/wp-json\/wp\/v2\/categories?post=22635"},{"taxonomy":"seiten_kategorie","embeddable":true,"href":"https:\/\/www.versiegelung24.com\/hu\/wp-json\/wp\/v2\/seiten_kategorie?post=22635"}],"curies":[{"name":"wp","href":"https:\/\/api.w.org\/{rel}","templated":true}]}}