{"id":25893,"date":"2021-08-03T12:02:57","date_gmt":"2021-08-03T10:02:57","guid":{"rendered":"https:\/\/www.versiegelung24.com\/szallitas"},"modified":"2024-07-09T09:46:25","modified_gmt":"2024-07-09T07:46:25","slug":"szallitasi-modok","status":"publish","type":"page","link":"https:\/\/www.versiegelung24.com\/hu\/tanacsok-a-versiegelung24-termekeivel-kapcsolatban\/szallitas\/","title":{"rendered":"sz\u00e1ll\u00edt\u00e1s"},"content":{"rendered":"\n<div class=\"wp-block-columns is-layout-flex wp-container-core-columns-is-layout-9d6595d7 wp-block-columns-is-layout-flex\">\n<div class=\"wp-block-column is-layout-flow wp-block-column-is-layout-flow\" style=\"flex-basis:33.33%\">\n<figure class=\"wp-block-gallery has-nested-images columns-default is-cropped wp-block-gallery-1 is-layout-flex wp-block-gallery-is-layout-flex\">\n<figure class=\"wp-block-image size-large\"><img fetchpriority=\"high\" decoding=\"async\" width=\"1000\" height=\"1000\" data-id=\"42869\" src=\"https:\/\/www.versiegelung24.com\/wp-content\/uploads\/2021\/12\/Box-1.png\" alt=\"\" class=\"wp-image-42869\" srcset=\"https:\/\/www.versiegelung24.com\/wp-content\/uploads\/2021\/12\/Box-1.png 1000w, https:\/\/www.versiegelung24.com\/wp-content\/uploads\/2021\/12\/Box-1-400x400.png 400w, https:\/\/www.versiegelung24.com\/wp-content\/uploads\/2021\/12\/Box-1-100x100.png 100w, https:\/\/www.versiegelung24.com\/wp-content\/uploads\/2021\/12\/Box-1-600x600.png 600w, https:\/\/www.versiegelung24.com\/wp-content\/uploads\/2021\/12\/Box-1-300x300.png 300w, https:\/\/www.versiegelung24.com\/wp-content\/uploads\/2021\/12\/Box-1-80x80.png 80w, https:\/\/www.versiegelung24.com\/wp-content\/uploads\/2021\/12\/Box-1-768x768.png 768w\" sizes=\"(max-width: 1000px) 100vw, 1000px\" \/><\/figure>\n<\/figure>\n\n\n\n<div class=\"wp-block-columns is-layout-flex wp-container-core-columns-is-layout-9d6595d7 wp-block-columns-is-layout-flex\">\n<div class=\"wp-block-column is-vertically-aligned-center is-layout-flow wp-block-column-is-layout-flow\" style=\"flex-basis:20%\">\n<figure class=\"wp-block-image is-resized\"><img decoding=\"async\" src=\"https:\/\/www.versiegelung24.com\/wp-content\/uploads\/2023\/11\/flag-of-europe-or-european-union-or-eu-with-leather-texture-background-1300x867.jpg\" alt=\"Eur&#xF3;pa vagy az Eur&#xF3;pai Uni&#xF3; vagy az EU z&#xE1;szlaja b&#x151;r text&#xFA;r&#xE1;j&#xFA; h&#xE1;tt&#xE9;rrel\" style=\"aspect-ratio:1.4994232987312572;object-fit:contain;width:90px;height:auto\"\/><\/figure>\n<\/div>\n\n\n\n<div class=\"wp-block-column is-vertically-aligned-center is-layout-flow wp-block-column-is-layout-flow\">\n<figure class=\"wp-block-image size-full is-resized\"><img decoding=\"async\" width=\"697\" height=\"249\" src=\"https:\/\/www.versiegelung24.com\/wp-content\/uploads\/2023\/11\/zustellung-durch-DHL.webp\" alt=\"\" class=\"wp-image-133154\" style=\"aspect-ratio:2.7991967871485945;width:189px;height:auto\" srcset=\"https:\/\/www.versiegelung24.com\/wp-content\/uploads\/2023\/11\/zustellung-durch-DHL.webp 697w, https:\/\/www.versiegelung24.com\/wp-content\/uploads\/2023\/11\/zustellung-durch-DHL-300x107.webp 300w, https:\/\/www.versiegelung24.com\/wp-content\/uploads\/2023\/11\/zustellung-durch-DHL-600x214.webp 600w\" sizes=\"(max-width: 697px) 100vw, 697px\" \/><\/figure>\n<\/div>\n<\/div>\n<\/div>\n\n\n\n<div class=\"wp-block-column is-layout-flow wp-block-column-is-layout-flow\" style=\"flex-basis:66.66%\">\n<h1 class=\"wp-block-heading\" id=\"h-versandarten-amp-versandkosten\">Sz\u00e1ll\u00edt\u00e1si m\u00f3dok \u00e9s sz\u00e1ll\u00edt\u00e1si k\u00f6lts\u00e9gek<\/h1>\n\n\n\n<p>Term\u00e9keinket \u00e1ltal\u00e1ban biztos\u00edtott csomagk\u00e9nt k\u00fcldj\u00fck.<\/p>\n\n\n\n<h2 class=\"wp-block-heading\" id=\"h-deutschland\">N\u00e9metorsz\u00e1g<\/h2>\n\n\n\n<p>A sz\u00e1ll\u00edt\u00e1si k\u00f6lts\u00e9gek N\u00e9metorsz\u00e1gon bel\u00fcl<strong> 6,99 eur\u00f3 megrendel\u00e9senk\u00e9nt<\/strong> . Rendel\u00e9si \u00e9rt\u00e9kb\u0151l<strong> 250,00 eur\u00f3<\/strong> Nincsenek sz\u00e1ll\u00edt\u00e1si k\u00f6lts\u00e9gek (brutt\u00f3).<\/p>\n\n\n\n<h2 class=\"wp-block-heading\" id=\"h-europaischen-union\">Eur\u00f3pai \u00dani\u00f3<\/h2>\n\n\n\n<p>A sz\u00e1ll\u00edt\u00e1si k\u00f6lts\u00e9g az Eur\u00f3pai Uni\u00f3ba <strong>21,90 eur\u00f3 rendel\u00e9senk\u00e9nt<\/strong>.<\/p>\n\n\n\n<h2 class=\"wp-block-heading\" id=\"h-speditionsversand\">Sz\u00e1ll\u00edtm\u00e1nyoz\u00e1s<\/h2>\n\n\n\n<p>100 litert\u0151l, nagyobb mennyis\u00e9gek \u00e9s raklapok sz\u00e1ll\u00edt\u00e1sa <a href=\"https:\/\/www.versiegelung24.com\/hu\/kapcsolatba-lepni\/\">egyedi k\u00e9r\u00e9sre<\/a><\/p>\n\n\n\n<div class=\"wp-block-columns is-layout-flex wp-container-core-columns-is-layout-9d6595d7 wp-block-columns-is-layout-flex\">\n<div class=\"wp-block-column is-layout-flow wp-block-column-is-layout-flow\" style=\"flex-basis:33.33%\"><div class=\"wp-block-image\">\n<figure class=\"alignleft size-full is-resized\"><img decoding=\"async\" width=\"271\" height=\"272\" src=\"https:\/\/www.versiegelung24.com\/wp-content\/uploads\/2023\/12\/2024-1.png\" alt=\"\" class=\"wp-image-135464\" style=\"aspect-ratio:0.9963235294117647;width:179px;height:auto\" srcset=\"https:\/\/www.versiegelung24.com\/wp-content\/uploads\/2023\/12\/2024-1.png 271w, https:\/\/www.versiegelung24.com\/wp-content\/uploads\/2023\/12\/2024-1-80x80.png 80w, https:\/\/www.versiegelung24.com\/wp-content\/uploads\/2023\/12\/2024-1-70x70.png 70w, https:\/\/www.versiegelung24.com\/wp-content\/uploads\/2023\/12\/2024-1-100x100.png 100w\" sizes=\"(max-width: 271px) 100vw, 271px\" \/><\/figure>\n<\/div><\/div>\n<\/div>\n<\/div>\n<\/div>\n","protected":false},"excerpt":{"rendered":"<p>Sz\u00e1ll\u00edt\u00e1si m\u00f3dok \u00e9s sz\u00e1ll\u00edt\u00e1si k\u00f6lts\u00e9gek Term\u00e9keinket \u00e1ltal\u00e1ban biztos\u00edtott csomagk\u00e9nt k\u00fcldj\u00fck. N\u00e9metorsz\u00e1g A sz\u00e1ll\u00edt\u00e1si k\u00f6lts\u00e9gek N\u00e9metorsz\u00e1gon bel\u00fcl 6,99 eur\u00f3 megrendel\u00e9senk\u00e9nt . Rendel\u00e9si \u00e9rt\u00e9kb\u0151l 250,00 eur\u00f3 Nincsenek sz\u00e1ll\u00edt\u00e1si k\u00f6lts\u00e9gek (brutt\u00f3). Eur\u00f3pai \u00dani\u00f3 A sz\u00e1ll\u00edt\u00e1si k\u00f6lts\u00e9g az Eur\u00f3pai Uni\u00f3ba 21,90 eur\u00f3 rendel\u00e9senk\u00e9nt. Sz\u00e1ll\u00edtm\u00e1nyoz\u00e1s 100 litert\u0151l, nagyobb mennyis\u00e9gek \u00e9s raklapok sz\u00e1ll\u00edt\u00e1sa egyedi k\u00e9r\u00e9sre<\/p>\n","protected":false},"author":932,"featured_media":44169,"parent":31251,"menu_order":8,"comment_status":"closed","ping_status":"closed","template":"","meta":{"_acf_changed":false,"neve_meta_sidebar":"","neve_meta_container":"","neve_meta_enable_content_width":"","neve_meta_content_width":0,"neve_meta_title_alignment":"","neve_meta_author_avatar":"","neve_post_elements_order":"","neve_meta_disable_header":"","neve_meta_disable_footer":"","neve_meta_disable_title":"","neve_meta_reading_time":"","footnotes":""},"categories":[],"seiten_kategorie":[],"class_list":["post-25893","page","type-page","status-publish","has-post-thumbnail","hentry"],"acf":[],"yoast_head":"<!-- This site is optimized with the Yoast SEO Premium plugin v22.8 (Yoast SEO v27.5) - https:\/\/yoast.com\/product\/yoast-seo-premium-wordpress\/ -->\n<title>sz\u00e1ll\u00edt\u00e1s - versiegelung24.com<\/title>\n<meta name=\"robots\" content=\"index, follow, max-snippet:-1, max-image-preview:large, max-video-preview:-1\" \/>\n<link rel=\"canonical\" href=\"https:\/\/www.versiegelung24.com\/hu\/tanacsok-a-versiegelung24-termekeivel-kapcsolatban\/szallitas\/\" \/>\n<meta property=\"og:locale\" content=\"hu_HU\" \/>\n<meta property=\"og:type\" content=\"article\" \/>\n<meta property=\"og:title\" content=\"sz\u00e1ll\u00edt\u00e1s\" \/>\n<meta property=\"og:description\" content=\"Sz\u00e1ll\u00edt\u00e1si m\u00f3dok \u00e9s sz\u00e1ll\u00edt\u00e1si k\u00f6lts\u00e9gek Term\u00e9keinket \u00e1ltal\u00e1ban biztos\u00edtott csomagk\u00e9nt k\u00fcldj\u00fck. N\u00e9metorsz\u00e1g A sz\u00e1ll\u00edt\u00e1si k\u00f6lts\u00e9gek N\u00e9metorsz\u00e1gon bel\u00fcl 6,99 eur\u00f3 megrendel\u00e9senk\u00e9nt . Rendel\u00e9si \u00e9rt\u00e9kb\u0151l 250,00 eur\u00f3 Nincsenek sz\u00e1ll\u00edt\u00e1si k\u00f6lts\u00e9gek (brutt\u00f3). Eur\u00f3pai \u00dani\u00f3 A sz\u00e1ll\u00edt\u00e1si k\u00f6lts\u00e9g az Eur\u00f3pai Uni\u00f3ba 21,90 eur\u00f3 rendel\u00e9senk\u00e9nt. Sz\u00e1ll\u00edtm\u00e1nyoz\u00e1s 100 litert\u0151l, nagyobb mennyis\u00e9gek \u00e9s raklapok sz\u00e1ll\u00edt\u00e1sa egyedi k\u00e9r\u00e9sre\" \/>\n<meta property=\"og:url\" content=\"https:\/\/www.versiegelung24.com\/hu\/tanacsok-a-versiegelung24-termekeivel-kapcsolatban\/szallitas\/\" \/>\n<meta property=\"og:site_name\" content=\"versiegelung24.com\" \/>\n<meta property=\"article:modified_time\" content=\"2024-07-09T07:46:25+00:00\" \/>\n<meta property=\"og:image\" content=\"https:\/\/www.versiegelung24.com\/wp-content\/uploads\/2021\/12\/Paket-1.png\" \/>\n\t<meta property=\"og:image:width\" content=\"1000\" \/>\n\t<meta property=\"og:image:height\" content=\"1000\" \/>\n\t<meta property=\"og:image:type\" content=\"image\/png\" \/>\n<meta name=\"twitter:card\" content=\"summary_large_image\" \/>\n<meta name=\"twitter:label1\" content=\"Becs\u00fclt olvas\u00e1si id\u0151\" \/>\n\t<meta name=\"twitter:data1\" content=\"1 perc\" \/>\n<script type=\"application\/ld+json\" class=\"yoast-schema-graph\">{\"@context\":\"https:\\\/\\\/schema.org\",\"@graph\":[{\"@type\":\"WebPage\",\"@id\":\"https:\\\/\\\/www.versiegelung24.com\\\/hu\\\/tanacsok-a-versiegelung24-termekeivel-kapcsolatban\\\/szallitas\\\/\",\"url\":\"https:\\\/\\\/www.versiegelung24.com\\\/hu\\\/tanacsok-a-versiegelung24-termekeivel-kapcsolatban\\\/szallitas\\\/\",\"name\":\"sz\u00e1ll\u00edt\u00e1s - versiegelung24.com\",\"isPartOf\":{\"@id\":\"https:\\\/\\\/www.versiegelung24.com\\\/hu\\\/#website\"},\"primaryImageOfPage\":{\"@id\":\"https:\\\/\\\/www.versiegelung24.com\\\/hu\\\/tanacsok-a-versiegelung24-termekeivel-kapcsolatban\\\/szallitas\\\/#primaryimage\"},\"image\":{\"@id\":\"https:\\\/\\\/www.versiegelung24.com\\\/hu\\\/tanacsok-a-versiegelung24-termekeivel-kapcsolatban\\\/szallitas\\\/#primaryimage\"},\"thumbnailUrl\":\"https:\\\/\\\/www.versiegelung24.com\\\/wp-content\\\/uploads\\\/2021\\\/12\\\/Paket-1.png\",\"datePublished\":\"2021-08-03T10:02:57+00:00\",\"dateModified\":\"2024-07-09T07:46:25+00:00\",\"breadcrumb\":{\"@id\":\"https:\\\/\\\/www.versiegelung24.com\\\/hu\\\/tanacsok-a-versiegelung24-termekeivel-kapcsolatban\\\/szallitas\\\/#breadcrumb\"},\"inLanguage\":\"hu\",\"potentialAction\":[{\"@type\":\"ReadAction\",\"target\":[\"https:\\\/\\\/www.versiegelung24.com\\\/hu\\\/tanacsok-a-versiegelung24-termekeivel-kapcsolatban\\\/szallitas\\\/\"]}]},{\"@type\":\"ImageObject\",\"inLanguage\":\"hu\",\"@id\":\"https:\\\/\\\/www.versiegelung24.com\\\/hu\\\/tanacsok-a-versiegelung24-termekeivel-kapcsolatban\\\/szallitas\\\/#primaryimage\",\"url\":\"https:\\\/\\\/www.versiegelung24.com\\\/wp-content\\\/uploads\\\/2021\\\/12\\\/Paket-1.png\",\"contentUrl\":\"https:\\\/\\\/www.versiegelung24.com\\\/wp-content\\\/uploads\\\/2021\\\/12\\\/Paket-1.png\",\"width\":1000,\"height\":1000},{\"@type\":\"BreadcrumbList\",\"@id\":\"https:\\\/\\\/www.versiegelung24.com\\\/hu\\\/tanacsok-a-versiegelung24-termekeivel-kapcsolatban\\\/szallitas\\\/#breadcrumb\",\"itemListElement\":[{\"@type\":\"ListItem\",\"position\":1,\"name\":\"Honlap\",\"item\":\"https:\\\/\\\/www.versiegelung24.com\\\/hu\\\/elol\\\/\"},{\"@type\":\"ListItem\",\"position\":2,\"name\":\"Tan\u00e1csad\u00f3\",\"item\":\"https:\\\/\\\/www.versiegelung24.com\\\/hu\\\/ratgeber\\\/\"},{\"@type\":\"ListItem\",\"position\":3,\"name\":\"sz\u00e1ll\u00edt\u00e1s\"}]},{\"@type\":\"WebSite\",\"@id\":\"https:\\\/\\\/www.versiegelung24.com\\\/hu\\\/#website\",\"url\":\"https:\\\/\\\/www.versiegelung24.com\\\/hu\\\/\",\"name\":\"versiegelung24.com\",\"description\":\"Fl\u00fcssigglas-Versiegelung - Made in Germany\",\"publisher\":{\"@id\":\"https:\\\/\\\/www.versiegelung24.com\\\/hu\\\/#organization\"},\"potentialAction\":[{\"@type\":\"SearchAction\",\"target\":{\"@type\":\"EntryPoint\",\"urlTemplate\":\"https:\\\/\\\/www.versiegelung24.com\\\/hu\\\/?s={search_term_string}\"},\"query-input\":{\"@type\":\"PropertyValueSpecification\",\"valueRequired\":true,\"valueName\":\"search_term_string\"}}],\"inLanguage\":\"hu\"},{\"@type\":\"Organization\",\"@id\":\"https:\\\/\\\/www.versiegelung24.com\\\/hu\\\/#organization\",\"name\":\"versiegelung24\",\"url\":\"https:\\\/\\\/www.versiegelung24.com\\\/hu\\\/\",\"logo\":{\"@type\":\"ImageObject\",\"inLanguage\":\"hu\",\"@id\":\"https:\\\/\\\/www.versiegelung24.com\\\/hu\\\/#\\\/schema\\\/logo\\\/image\\\/\",\"url\":\"https:\\\/\\\/www.versiegelung24.com\\\/wp-content\\\/uploads\\\/2020\\\/04\\\/versiegelung24.png\",\"contentUrl\":\"https:\\\/\\\/www.versiegelung24.com\\\/wp-content\\\/uploads\\\/2020\\\/04\\\/versiegelung24.png\",\"width\":470,\"height\":102,\"caption\":\"versiegelung24\"},\"image\":{\"@id\":\"https:\\\/\\\/www.versiegelung24.com\\\/hu\\\/#\\\/schema\\\/logo\\\/image\\\/\"}}]}<\/script>\n<!-- \/ Yoast SEO Premium plugin. -->","yoast_head_json":{"title":"sz\u00e1ll\u00edt\u00e1s - versiegelung24.com","robots":{"index":"index","follow":"follow","max-snippet":"max-snippet:-1","max-image-preview":"max-image-preview:large","max-video-preview":"max-video-preview:-1"},"canonical":"https:\/\/www.versiegelung24.com\/hu\/tanacsok-a-versiegelung24-termekeivel-kapcsolatban\/szallitas\/","og_locale":"hu_HU","og_type":"article","og_title":"sz\u00e1ll\u00edt\u00e1s","og_description":"Sz\u00e1ll\u00edt\u00e1si m\u00f3dok \u00e9s sz\u00e1ll\u00edt\u00e1si k\u00f6lts\u00e9gek Term\u00e9keinket \u00e1ltal\u00e1ban biztos\u00edtott csomagk\u00e9nt k\u00fcldj\u00fck. N\u00e9metorsz\u00e1g A sz\u00e1ll\u00edt\u00e1si k\u00f6lts\u00e9gek N\u00e9metorsz\u00e1gon bel\u00fcl 6,99 eur\u00f3 megrendel\u00e9senk\u00e9nt . Rendel\u00e9si \u00e9rt\u00e9kb\u0151l 250,00 eur\u00f3 Nincsenek sz\u00e1ll\u00edt\u00e1si k\u00f6lts\u00e9gek (brutt\u00f3). Eur\u00f3pai \u00dani\u00f3 A sz\u00e1ll\u00edt\u00e1si k\u00f6lts\u00e9g az Eur\u00f3pai Uni\u00f3ba 21,90 eur\u00f3 rendel\u00e9senk\u00e9nt. Sz\u00e1ll\u00edtm\u00e1nyoz\u00e1s 100 litert\u0151l, nagyobb mennyis\u00e9gek \u00e9s raklapok sz\u00e1ll\u00edt\u00e1sa egyedi k\u00e9r\u00e9sre","og_url":"https:\/\/www.versiegelung24.com\/hu\/tanacsok-a-versiegelung24-termekeivel-kapcsolatban\/szallitas\/","og_site_name":"versiegelung24.com","article_modified_time":"2024-07-09T07:46:25+00:00","og_image":[{"width":1000,"height":1000,"url":"https:\/\/www.versiegelung24.com\/wp-content\/uploads\/2021\/12\/Paket-1.png","type":"image\/png"}],"twitter_card":"summary_large_image","twitter_misc":{"Becs\u00fclt olvas\u00e1si id\u0151":"1 perc"},"schema":{"@context":"https:\/\/schema.org","@graph":[{"@type":"WebPage","@id":"https:\/\/www.versiegelung24.com\/hu\/tanacsok-a-versiegelung24-termekeivel-kapcsolatban\/szallitas\/","url":"https:\/\/www.versiegelung24.com\/hu\/tanacsok-a-versiegelung24-termekeivel-kapcsolatban\/szallitas\/","name":"sz\u00e1ll\u00edt\u00e1s - versiegelung24.com","isPartOf":{"@id":"https:\/\/www.versiegelung24.com\/hu\/#website"},"primaryImageOfPage":{"@id":"https:\/\/www.versiegelung24.com\/hu\/tanacsok-a-versiegelung24-termekeivel-kapcsolatban\/szallitas\/#primaryimage"},"image":{"@id":"https:\/\/www.versiegelung24.com\/hu\/tanacsok-a-versiegelung24-termekeivel-kapcsolatban\/szallitas\/#primaryimage"},"thumbnailUrl":"https:\/\/www.versiegelung24.com\/wp-content\/uploads\/2021\/12\/Paket-1.png","datePublished":"2021-08-03T10:02:57+00:00","dateModified":"2024-07-09T07:46:25+00:00","breadcrumb":{"@id":"https:\/\/www.versiegelung24.com\/hu\/tanacsok-a-versiegelung24-termekeivel-kapcsolatban\/szallitas\/#breadcrumb"},"inLanguage":"hu","potentialAction":[{"@type":"ReadAction","target":["https:\/\/www.versiegelung24.com\/hu\/tanacsok-a-versiegelung24-termekeivel-kapcsolatban\/szallitas\/"]}]},{"@type":"ImageObject","inLanguage":"hu","@id":"https:\/\/www.versiegelung24.com\/hu\/tanacsok-a-versiegelung24-termekeivel-kapcsolatban\/szallitas\/#primaryimage","url":"https:\/\/www.versiegelung24.com\/wp-content\/uploads\/2021\/12\/Paket-1.png","contentUrl":"https:\/\/www.versiegelung24.com\/wp-content\/uploads\/2021\/12\/Paket-1.png","width":1000,"height":1000},{"@type":"BreadcrumbList","@id":"https:\/\/www.versiegelung24.com\/hu\/tanacsok-a-versiegelung24-termekeivel-kapcsolatban\/szallitas\/#breadcrumb","itemListElement":[{"@type":"ListItem","position":1,"name":"Honlap","item":"https:\/\/www.versiegelung24.com\/hu\/elol\/"},{"@type":"ListItem","position":2,"name":"Tan\u00e1csad\u00f3","item":"https:\/\/www.versiegelung24.com\/hu\/ratgeber\/"},{"@type":"ListItem","position":3,"name":"sz\u00e1ll\u00edt\u00e1s"}]},{"@type":"WebSite","@id":"https:\/\/www.versiegelung24.com\/hu\/#website","url":"https:\/\/www.versiegelung24.com\/hu\/","name":"versiegelung24.com","description":"Fl\u00fcssigglas-Versiegelung - Made in Germany","publisher":{"@id":"https:\/\/www.versiegelung24.com\/hu\/#organization"},"potentialAction":[{"@type":"SearchAction","target":{"@type":"EntryPoint","urlTemplate":"https:\/\/www.versiegelung24.com\/hu\/?s={search_term_string}"},"query-input":{"@type":"PropertyValueSpecification","valueRequired":true,"valueName":"search_term_string"}}],"inLanguage":"hu"},{"@type":"Organization","@id":"https:\/\/www.versiegelung24.com\/hu\/#organization","name":"versiegelung24","url":"https:\/\/www.versiegelung24.com\/hu\/","logo":{"@type":"ImageObject","inLanguage":"hu","@id":"https:\/\/www.versiegelung24.com\/hu\/#\/schema\/logo\/image\/","url":"https:\/\/www.versiegelung24.com\/wp-content\/uploads\/2020\/04\/versiegelung24.png","contentUrl":"https:\/\/www.versiegelung24.com\/wp-content\/uploads\/2020\/04\/versiegelung24.png","width":470,"height":102,"caption":"versiegelung24"},"image":{"@id":"https:\/\/www.versiegelung24.com\/hu\/#\/schema\/logo\/image\/"}}]}},"_links":{"self":[{"href":"https:\/\/www.versiegelung24.com\/hu\/wp-json\/wp\/v2\/pages\/25893","targetHints":{"allow":["GET"]}}],"collection":[{"href":"https:\/\/www.versiegelung24.com\/hu\/wp-json\/wp\/v2\/pages"}],"about":[{"href":"https:\/\/www.versiegelung24.com\/hu\/wp-json\/wp\/v2\/types\/page"}],"author":[{"embeddable":true,"href":"https:\/\/www.versiegelung24.com\/hu\/wp-json\/wp\/v2\/users\/932"}],"replies":[{"embeddable":true,"href":"https:\/\/www.versiegelung24.com\/hu\/wp-json\/wp\/v2\/comments?post=25893"}],"version-history":[{"count":19,"href":"https:\/\/www.versiegelung24.com\/hu\/wp-json\/wp\/v2\/pages\/25893\/revisions"}],"predecessor-version":[{"id":167271,"href":"https:\/\/www.versiegelung24.com\/hu\/wp-json\/wp\/v2\/pages\/25893\/revisions\/167271"}],"up":[{"embeddable":true,"href":"https:\/\/www.versiegelung24.com\/hu\/wp-json\/wp\/v2\/pages\/31251"}],"wp:featuredmedia":[{"embeddable":true,"href":"https:\/\/www.versiegelung24.com\/hu\/wp-json\/wp\/v2\/media\/44169"}],"wp:attachment":[{"href":"https:\/\/www.versiegelung24.com\/hu\/wp-json\/wp\/v2\/media?parent=25893"}],"wp:term":[{"taxonomy":"category","embeddable":true,"href":"https:\/\/www.versiegelung24.com\/hu\/wp-json\/wp\/v2\/categories?post=25893"},{"taxonomy":"seiten_kategorie","embeddable":true,"href":"https:\/\/www.versiegelung24.com\/hu\/wp-json\/wp\/v2\/seiten_kategorie?post=25893"}],"curies":[{"name":"wp","href":"https:\/\/api.w.org\/{rel}","templated":true}]}}