{"id":41003,"date":"2021-12-14T14:15:17","date_gmt":"2021-12-14T13:15:17","guid":{"rendered":"https:\/\/www.versiegelung24.com\/tanacsok-a-versiegelung24-termekeivel-kapcsolatban\/tudjak-hogyan\/graffiti-vedelem"},"modified":"2024-09-01T18:17:00","modified_gmt":"2024-09-01T16:17:00","slug":"graffiti-vedelem-folyekony-uveggel","status":"publish","type":"page","link":"https:\/\/www.versiegelung24.com\/hu\/tanacsok-a-versiegelung24-termekeivel-kapcsolatban\/tudjak-hogyan\/graffiti-vedelem-folyekony-uveggel\/","title":{"rendered":"Graffiti elleni v\u00e9delem a homlokzaton"},"content":{"rendered":"\n<h1 class=\"wp-block-heading\" id=\"h-graffiti-schutz-mit-flussigglas\">Graffiti v\u00e9delem foly\u00e9kony \u00fcveggel<\/h1>\n\n<p>Ennek a vide\u00f3nak k\u00fcl\u00f6n\u00f6sen \u00e9rdekesnek kell lennie a v\u00e1rosok \u00e9s az \u00f6nkorm\u00e1nyzatok, vagy a s\u00e9r\u00fclt ingatlantulajdonosok sz\u00e1m\u00e1ra, akiknek m\u00e1r volt tapasztalatuk a graffiti permetez\u0151k \u00e1ltal okozott szennyez\u00e9sr\u0151l. A &#8220;m\u0171v\u00e9szek&#8221; sz\u00ednei kitart\u00f3ak, \u00e9s permetez\u00e9skor \u00e1thatolnak a betonon vagy a k\u0151n. Ennek eredm\u00e9nyek\u00e9nt nagyon k\u00f6lts\u00e9ges \u00e9s id\u0151ig\u00e9nyes dolog a graffiti elt\u00e1vol\u00edt\u00e1sa, amelyet \u00e1ltal\u00e1ban professzion\u00e1lisan kell elv\u00e9gezni.<\/p>\n\n<figure class=\"wp-block-embed aligncenter is-type-video is-provider-youtube wp-block-embed-youtube wp-embed-aspect-16-9 wp-has-aspect-ratio\"><div class=\"wp-block-embed__wrapper\"> \n<div class=\"nv-iframe-embed\"><iframe title=\"Graffiti Protection Pro 626 - How does it work?\" width=\"1200\" height=\"675\" src=\"https:\/\/www.youtube.com\/embed\/dP9jGmUvoek?feature=oembed\" frameborder=\"0\" allow=\"accelerometer; autoplay; clipboard-write; encrypted-media; gyroscope; picture-in-picture\" allowfullscreen><\/iframe><\/div>\n <\/div><\/figure>\n\n<div class=\"wp-block-columns is-layout-flex wp-container-core-columns-is-layout-9d6595d7 wp-block-columns-is-layout-flex\">\n<div class=\"wp-block-column is-layout-flow wp-block-column-is-layout-flow\" style=\"flex-basis:66.66%\">\n<p>A vide\u00f3 k\u00e9t betont\u00e9gla \u00f6sszehasonl\u00edt\u00e1s\u00e1t mutatja be:<\/p>\n\n\n\n<p><a href=\"https:\/\/www.versiegelung24.com\/hu\/graffiti-elleni-vedobevonat-rendkivuel-hatekony-homlokzattoemites.html\">Az egyik k\u0151 teljesen le van z\u00e1rva foly\u00e9kony \u00fcveggel<\/a> , a m\u00e1sik nem. Most, a sz\u00ednpermet ellenp\u00e9ld\u00e1jak\u00e9nt, jel\u00f6l\u0151tollal keresztet festenek a megfelel\u0151 k\u0151re. Itt is azonnal l\u00e1that\u00f3 &#8211; a kezeletlen k\u0151 eset\u00e9ben a fekete sz\u00edn azonnal beh\u00faz\u00f3dik, a kereszt j\u00f3l l\u00e1that\u00f3. A k\u0151 lez\u00e1r\u00e1sakor a sz\u00edn nem tud \u00e1thatolni a <a href=\"https:\/\/www.versiegelung24.com\/hu\/graffiti-elleni-vedobevonat-rendkivuel-hatekony-homlokzattoemites.html\" target=\"_blank\" rel=\"noreferrer noopener\">foly\u00e9kony<\/a> \u00fcvegen, ami azt jelenti, hogy nincs tapad\u00e1s. A kereszt teh\u00e1t csak halv\u00e1nyan l\u00e1that\u00f3, \u00e9s csak v\u00edzzel t\u00e1vol\u00edthat\u00f3 el, maradv\u00e1nyok n\u00e9lk\u00fcl. Hi\u00e1ba pr\u00f3b\u00e1lja ezt megtenni a vide\u00f3ban szerepl\u0151 kezeletlen t\u00e9gl\u00e1val. Sok esetben a tiszt\u00edt\u00e1s puszt\u00e1n v\u00edzzel is elv\u00e9gezhet\u0151, de a hat\u00e9konys\u00e1g a graffiti t\u00edpus\u00e1t\u00f3l f\u00fcgg\u0151en v\u00e1ltozhat.<\/p>\n\n\n\n<p>Foly\u00e9kony \u00fcvegbevonat haszn\u00e1lhat\u00f3 a fel\u00fclet graffitivel szembeni v\u00e9delm\u00e9re.\nMegfelel\u0151 alkalmaz\u00e1s eset\u00e9n \u00e9s kedvez\u0151 k\u00f6r\u00fclm\u00e9nyek k\u00f6z\u00f6tt a v\u00e9d\u0151hat\u00e1s ak\u00e1r 20 \u00e9vig is eltarthat. <\/p>\n\n\n\n<p>N\u00e9zze meg a vide\u00f3t, hogy l\u00e1ssa, milyen egyszer\u0171 a beton t\u00f6m\u00edt\u00e9se: A foly\u00e9kony \u00fcvegbevonat felhord\u00e1sa el\u0151tt a fel\u00fcletet alaposan meg kell tiszt\u00edtani \u00e9s meg kell sz\u00e1r\u00edtani, hogy a t\u00f6m\u00edt\u0151anyag optim\u00e1lisan tapadjon \u00e9s egyenletesen eloszoljon.<\/p>\n<\/div>\n\n\n\n<div class=\"wp-block-column is-layout-flow wp-block-column-is-layout-flow\" style=\"flex-basis:33.33%\"><div class=\"wp-block-image\">\n<figure class=\"alignright size-full is-resized\"><img fetchpriority=\"high\" decoding=\"async\" width=\"1000\" height=\"1000\" src=\"https:\/\/www.versiegelung24.com\/wp-content\/uploads\/2021\/12\/graf-1.jpg\" alt=\"\" class=\"wp-image-40868\" style=\"width:313px;height:313px\" srcset=\"https:\/\/www.versiegelung24.com\/wp-content\/uploads\/2021\/12\/graf-1.jpg 1000w, https:\/\/www.versiegelung24.com\/wp-content\/uploads\/2021\/12\/graf-1-400x400.jpg 400w, https:\/\/www.versiegelung24.com\/wp-content\/uploads\/2021\/12\/graf-1-100x100.jpg 100w, https:\/\/www.versiegelung24.com\/wp-content\/uploads\/2021\/12\/graf-1-600x600.jpg 600w, https:\/\/www.versiegelung24.com\/wp-content\/uploads\/2021\/12\/graf-1-300x300.jpg 300w, https:\/\/www.versiegelung24.com\/wp-content\/uploads\/2021\/12\/graf-1-80x80.jpg 80w, https:\/\/www.versiegelung24.com\/wp-content\/uploads\/2021\/12\/graf-1-768x768.jpg 768w\" sizes=\"(max-width: 1000px) 100vw, 1000px\" \/><\/figure>\n<\/div><\/div>\n<\/div>\n<div class=\"woocommerce columns-4 \"><ul class=\"products columns-4\">\n<li class=\"product type-product post-23945 status-publish first instock product_cat-ko-es-beton-toemites has-post-thumbnail taxable shipping-taxable purchasable product-type-variable has-default-attributes\">\n\t<div class=\"nv-card-content-wrapper\"><a href=\"https:\/\/www.versiegelung24.com\/hu\/graffiti-elleni-vedobevonat-rendkivuel-hatekony-homlokzattoemites.html\" class=\"woocommerce-LoopProduct-link woocommerce-loop-product__link\"><div class=\"sp-product-image \"><div class=\"img-wrap\"><img decoding=\"async\" width=\"400\" height=\"400\" src=\"https:\/\/www.versiegelung24.com\/wp-content\/uploads\/2020\/04\/7626-anti-graffiti-400x400.webp\" class=\"attachment-woocommerce_thumbnail size-woocommerce_thumbnail\" alt=\"Graffitiv\u00e9delmi bevonat - Anti graffiti bevonat\" srcset=\"https:\/\/www.versiegelung24.com\/wp-content\/uploads\/2020\/04\/7626-anti-graffiti-400x400.webp 400w, https:\/\/www.versiegelung24.com\/wp-content\/uploads\/2020\/04\/7626-anti-graffiti-300x300.webp 300w, https:\/\/www.versiegelung24.com\/wp-content\/uploads\/2020\/04\/7626-anti-graffiti-1300x1300.webp 1300w, https:\/\/www.versiegelung24.com\/wp-content\/uploads\/2020\/04\/7626-anti-graffiti-80x80.webp 80w, https:\/\/www.versiegelung24.com\/wp-content\/uploads\/2020\/04\/7626-anti-graffiti-768x768.webp 768w, https:\/\/www.versiegelung24.com\/wp-content\/uploads\/2020\/04\/7626-anti-graffiti-1536x1536.webp 1536w, https:\/\/www.versiegelung24.com\/wp-content\/uploads\/2020\/04\/7626-anti-graffiti-2048x2048.webp 2048w, https:\/\/www.versiegelung24.com\/wp-content\/uploads\/2020\/04\/7626-anti-graffiti-70x70.webp 70w, https:\/\/www.versiegelung24.com\/wp-content\/uploads\/2020\/04\/7626-anti-graffiti-600x600.webp 600w, https:\/\/www.versiegelung24.com\/wp-content\/uploads\/2020\/04\/7626-anti-graffiti-100x100.webp 100w\" sizes=\"(max-width: 400px) 100vw, 400px\" \/><\/div><\/div><h2 class=\"woocommerce-loop-product__title\">Graffitiv\u00e9delmi bevonat &#8211; Anti graffiti bevonat<\/h2>\n\t<span class=\"price\"><span class=\"woocommerce-Price-amount amount\"><bdi>359,00<span class=\"woocommerce-Price-currencySymbol\">&euro;<\/span><\/bdi><\/span><\/span>\n\n\n\t<p class=\"price price-unit smaller wc-gzd-additional-info wc-gzd-additional-info-loop\">(<span class=\"woocommerce-Price-amount amount\">71,80<span class=\"woocommerce-Price-currencySymbol\">&euro;<\/span><\/span> \/ <span class=\"unit\">l<\/span>)<\/p>\n\n<\/a>\t\t<p class=\"artikelnummer wc-gzd-additional-info\">\n\t\t\tCikksz\u00e1m: 9201-7626-5000\t\t<\/p>\n\t\t\n\t<p class=\"wc-gzd-additional-info wc-gzd-additional-info-loop product-units-wrapper product-units\">Tartalom: 5 <span class=\"unit\">l<\/span><\/p>\n\t\t<p class=\"lagerbestand wc-gzd-additional-info\">\n\t\t\t<strong>\n\t\t\t\tK\u00e9szlet\t\t\t\t:\n\t\t\t<\/strong>\n\t\t\tK\u00e9szleten\t\t<\/p>\n\t\t\n\t<p class=\"wc-gzd-additional-info delivery-time-info wc-gzd-additional-info-loop\"><span class=\"delivery-time-inner delivery-time-7-munkanap\">Sz\u00e1ll\u00edt\u00e1si id\u0151:  <span class=\"delivery-time-data\">7 munkanap<\/span><\/span><\/p>\n\n\t<p class=\"wc-gzd-additional-info wc-gzd-additional-info-loop tax-info\">incl. VAT<\/p>\n\n\t<p class=\"wc-gzd-additional-info wc-gzd-additional-info-loop shipping-costs-info\">plusz  <a href=\"https:\/\/www.versiegelung24.com\/hu\/tanacsok-a-versiegelung24-termekeivel-kapcsolatban\/szallitas\/\" target=\"_blank\">Sz\u00e1ll\u00edt\u00e1s<\/a><\/p>\n<a href=\"https:\/\/www.versiegelung24.com\/hu\/graffiti-elleni-vedobevonat-rendkivuel-hatekony-homlokzattoemites.html\" aria-describedby=\"woocommerce_loop_add_to_cart_link_describedby_23945\" data-quantity=\"1\" class=\"button product_type_variable add_to_cart_button\" data-product_id=\"23945\" data-product_sku=\"9201-7626-5000\" aria-label=\"V\u00e1lasszunk &ldquo;Graffitiv\u00e9delmi bevonat - Anti graffiti bevonat&rdquo; lehet\u0151s\u00e9gek k\u00f6z\u00fcl\" rel=\"nofollow\">Opci\u00f3k v\u00e1laszt\u00e1sa<\/a>\t<span id=\"woocommerce_loop_add_to_cart_link_describedby_23945\" class=\"screen-reader-text\">\n\t\tEnnek a term\u00e9knek t\u00f6bb vari\u00e1ci\u00f3ja van. A v\u00e1ltozatok a term\u00e9koldalon v\u00e1laszthat\u00f3k ki\t<\/span>\n<\/div><\/li>\n<\/ul>\n<\/div>\n\n","protected":false},"excerpt":{"rendered":"<p>\u00dczenjen hadat a graffitiknek &#8211; hat\u00e9kony v\u00e9delem a homlokzatnak foly\u00e9kony \u00fcveggel.<\/p>\n","protected":false},"author":932,"featured_media":40881,"parent":34642,"menu_order":0,"comment_status":"closed","ping_status":"closed","template":"","meta":{"_acf_changed":false,"neve_meta_sidebar":"full-width","neve_meta_container":"","neve_meta_enable_content_width":"on","neve_meta_content_width":100,"neve_meta_title_alignment":"","neve_meta_author_avatar":"","neve_post_elements_order":"","neve_meta_disable_header":"","neve_meta_disable_footer":"","neve_meta_disable_title":"","neve_meta_reading_time":"","footnotes":""},"categories":[3567,3500],"seiten_kategorie":[3838],"class_list":["post-41003","page","type-page","status-publish","has-post-thumbnail","hentry","category-haz-es-kert","category-tanacsadas-cikk-magazin"],"acf":[],"yoast_head":"<!-- This site is optimized with the Yoast SEO Premium plugin v22.8 (Yoast SEO v27.5) - https:\/\/yoast.com\/product\/yoast-seo-premium-wordpress\/ -->\n<title>Foly\u00e9kony gals t\u00f6m\u00edt\u0151anyag versiegelung24.com Graffiti elleni v\u00e9delem a homlokzaton -<\/title>\n<meta name=\"description\" content=\"Foly\u00e9kony gals pecs\u00e9tel\u0151 a graffiti ellen. Tudja meg t\u0151l\u00fcnk, hogyan v\u00e9dheti meg holmij\u00e1t.\" \/>\n<meta name=\"robots\" content=\"index, follow, max-snippet:-1, max-image-preview:large, max-video-preview:-1\" \/>\n<link rel=\"canonical\" href=\"https:\/\/www.versiegelung24.com\/hu\/tanacsok-a-versiegelung24-termekeivel-kapcsolatban\/tudjak-hogyan\/graffiti-vedelem-folyekony-uveggel\/\" \/>\n<meta property=\"og:locale\" content=\"hu_HU\" \/>\n<meta property=\"og:type\" content=\"article\" \/>\n<meta property=\"og:title\" content=\"Graffiti elleni v\u00e9delem a homlokzaton\" \/>\n<meta property=\"og:description\" content=\"Foly\u00e9kony gals pecs\u00e9tel\u0151 a graffiti ellen. Tudja meg t\u0151l\u00fcnk, hogyan v\u00e9dheti meg holmij\u00e1t.\" \/>\n<meta property=\"og:url\" content=\"https:\/\/www.versiegelung24.com\/hu\/tanacsok-a-versiegelung24-termekeivel-kapcsolatban\/tudjak-hogyan\/graffiti-vedelem-folyekony-uveggel\/\" \/>\n<meta property=\"og:site_name\" content=\"versiegelung24.com\" \/>\n<meta property=\"article:modified_time\" content=\"2024-09-01T16:17:00+00:00\" \/>\n<meta property=\"og:image\" content=\"https:\/\/www.versiegelung24.com\/wp-content\/uploads\/2021\/12\/graf-1.jpg\" \/>\n\t<meta property=\"og:image:width\" content=\"1000\" \/>\n\t<meta property=\"og:image:height\" content=\"1000\" \/>\n\t<meta property=\"og:image:type\" content=\"image\/jpeg\" \/>\n<meta name=\"twitter:card\" content=\"summary_large_image\" \/>\n<meta name=\"twitter:label1\" content=\"Becs\u00fclt olvas\u00e1si id\u0151\" \/>\n\t<meta name=\"twitter:data1\" content=\"2 perc\" \/>\n<script type=\"application\/ld+json\" class=\"yoast-schema-graph\">{\"@context\":\"https:\\\/\\\/schema.org\",\"@graph\":[{\"@type\":\"WebPage\",\"@id\":\"https:\\\/\\\/www.versiegelung24.com\\\/hu\\\/tanacsok-a-versiegelung24-termekeivel-kapcsolatban\\\/tudjak-hogyan\\\/graffiti-vedelem-folyekony-uveggel\\\/\",\"url\":\"https:\\\/\\\/www.versiegelung24.com\\\/hu\\\/tanacsok-a-versiegelung24-termekeivel-kapcsolatban\\\/tudjak-hogyan\\\/graffiti-vedelem-folyekony-uveggel\\\/\",\"name\":\"Foly\u00e9kony gals t\u00f6m\u00edt\u0151anyag versiegelung24.com Graffiti elleni v\u00e9delem a homlokzaton -\",\"isPartOf\":{\"@id\":\"https:\\\/\\\/www.versiegelung24.com\\\/hu\\\/#website\"},\"primaryImageOfPage\":{\"@id\":\"https:\\\/\\\/www.versiegelung24.com\\\/hu\\\/tanacsok-a-versiegelung24-termekeivel-kapcsolatban\\\/tudjak-hogyan\\\/graffiti-vedelem-folyekony-uveggel\\\/#primaryimage\"},\"image\":{\"@id\":\"https:\\\/\\\/www.versiegelung24.com\\\/hu\\\/tanacsok-a-versiegelung24-termekeivel-kapcsolatban\\\/tudjak-hogyan\\\/graffiti-vedelem-folyekony-uveggel\\\/#primaryimage\"},\"thumbnailUrl\":\"https:\\\/\\\/www.versiegelung24.com\\\/wp-content\\\/uploads\\\/2021\\\/12\\\/graf-1.jpg\",\"datePublished\":\"2021-12-14T13:15:17+00:00\",\"dateModified\":\"2024-09-01T16:17:00+00:00\",\"description\":\"Foly\u00e9kony gals pecs\u00e9tel\u0151 a graffiti ellen. Tudja meg t\u0151l\u00fcnk, hogyan v\u00e9dheti meg holmij\u00e1t.\",\"breadcrumb\":{\"@id\":\"https:\\\/\\\/www.versiegelung24.com\\\/hu\\\/tanacsok-a-versiegelung24-termekeivel-kapcsolatban\\\/tudjak-hogyan\\\/graffiti-vedelem-folyekony-uveggel\\\/#breadcrumb\"},\"inLanguage\":\"hu\",\"potentialAction\":[{\"@type\":\"ReadAction\",\"target\":[\"https:\\\/\\\/www.versiegelung24.com\\\/hu\\\/tanacsok-a-versiegelung24-termekeivel-kapcsolatban\\\/tudjak-hogyan\\\/graffiti-vedelem-folyekony-uveggel\\\/\"]}]},{\"@type\":\"ImageObject\",\"inLanguage\":\"hu\",\"@id\":\"https:\\\/\\\/www.versiegelung24.com\\\/hu\\\/tanacsok-a-versiegelung24-termekeivel-kapcsolatban\\\/tudjak-hogyan\\\/graffiti-vedelem-folyekony-uveggel\\\/#primaryimage\",\"url\":\"https:\\\/\\\/www.versiegelung24.com\\\/wp-content\\\/uploads\\\/2021\\\/12\\\/graf-1.jpg\",\"contentUrl\":\"https:\\\/\\\/www.versiegelung24.com\\\/wp-content\\\/uploads\\\/2021\\\/12\\\/graf-1.jpg\",\"width\":1000,\"height\":1000},{\"@type\":\"BreadcrumbList\",\"@id\":\"https:\\\/\\\/www.versiegelung24.com\\\/hu\\\/tanacsok-a-versiegelung24-termekeivel-kapcsolatban\\\/tudjak-hogyan\\\/graffiti-vedelem-folyekony-uveggel\\\/#breadcrumb\",\"itemListElement\":[{\"@type\":\"ListItem\",\"position\":1,\"name\":\"Honlap\",\"item\":\"https:\\\/\\\/www.versiegelung24.com\\\/hu\\\/elol\\\/\"},{\"@type\":\"ListItem\",\"position\":2,\"name\":\"Tan\u00e1csad\u00f3\",\"item\":\"https:\\\/\\\/www.versiegelung24.com\\\/hu\\\/ratgeber\\\/\"},{\"@type\":\"ListItem\",\"position\":3,\"name\":\"magazin\",\"item\":\"https:\\\/\\\/www.versiegelung24.com\\\/hu\\\/ratgeber\\\/magazin\\\/\"},{\"@type\":\"ListItem\",\"position\":4,\"name\":\"Graffiti elleni v\u00e9delem a homlokzaton\"}]},{\"@type\":\"WebSite\",\"@id\":\"https:\\\/\\\/www.versiegelung24.com\\\/hu\\\/#website\",\"url\":\"https:\\\/\\\/www.versiegelung24.com\\\/hu\\\/\",\"name\":\"versiegelung24.com\",\"description\":\"Fl\u00fcssigglas-Versiegelung - Made in Germany\",\"publisher\":{\"@id\":\"https:\\\/\\\/www.versiegelung24.com\\\/hu\\\/#organization\"},\"potentialAction\":[{\"@type\":\"SearchAction\",\"target\":{\"@type\":\"EntryPoint\",\"urlTemplate\":\"https:\\\/\\\/www.versiegelung24.com\\\/hu\\\/?s={search_term_string}\"},\"query-input\":{\"@type\":\"PropertyValueSpecification\",\"valueRequired\":true,\"valueName\":\"search_term_string\"}}],\"inLanguage\":\"hu\"},{\"@type\":\"Organization\",\"@id\":\"https:\\\/\\\/www.versiegelung24.com\\\/hu\\\/#organization\",\"name\":\"versiegelung24\",\"url\":\"https:\\\/\\\/www.versiegelung24.com\\\/hu\\\/\",\"logo\":{\"@type\":\"ImageObject\",\"inLanguage\":\"hu\",\"@id\":\"https:\\\/\\\/www.versiegelung24.com\\\/hu\\\/#\\\/schema\\\/logo\\\/image\\\/\",\"url\":\"https:\\\/\\\/www.versiegelung24.com\\\/wp-content\\\/uploads\\\/2020\\\/04\\\/versiegelung24.png\",\"contentUrl\":\"https:\\\/\\\/www.versiegelung24.com\\\/wp-content\\\/uploads\\\/2020\\\/04\\\/versiegelung24.png\",\"width\":470,\"height\":102,\"caption\":\"versiegelung24\"},\"image\":{\"@id\":\"https:\\\/\\\/www.versiegelung24.com\\\/hu\\\/#\\\/schema\\\/logo\\\/image\\\/\"}}]}<\/script>\n<!-- \/ Yoast SEO Premium plugin. -->","yoast_head_json":{"title":"Foly\u00e9kony gals t\u00f6m\u00edt\u0151anyag versiegelung24.com Graffiti elleni v\u00e9delem a homlokzaton -","description":"Foly\u00e9kony gals pecs\u00e9tel\u0151 a graffiti ellen. Tudja meg t\u0151l\u00fcnk, hogyan v\u00e9dheti meg holmij\u00e1t.","robots":{"index":"index","follow":"follow","max-snippet":"max-snippet:-1","max-image-preview":"max-image-preview:large","max-video-preview":"max-video-preview:-1"},"canonical":"https:\/\/www.versiegelung24.com\/hu\/tanacsok-a-versiegelung24-termekeivel-kapcsolatban\/tudjak-hogyan\/graffiti-vedelem-folyekony-uveggel\/","og_locale":"hu_HU","og_type":"article","og_title":"Graffiti elleni v\u00e9delem a homlokzaton","og_description":"Foly\u00e9kony gals pecs\u00e9tel\u0151 a graffiti ellen. Tudja meg t\u0151l\u00fcnk, hogyan v\u00e9dheti meg holmij\u00e1t.","og_url":"https:\/\/www.versiegelung24.com\/hu\/tanacsok-a-versiegelung24-termekeivel-kapcsolatban\/tudjak-hogyan\/graffiti-vedelem-folyekony-uveggel\/","og_site_name":"versiegelung24.com","article_modified_time":"2024-09-01T16:17:00+00:00","og_image":[{"width":1000,"height":1000,"url":"https:\/\/www.versiegelung24.com\/wp-content\/uploads\/2021\/12\/graf-1.jpg","type":"image\/jpeg"}],"twitter_card":"summary_large_image","twitter_misc":{"Becs\u00fclt olvas\u00e1si id\u0151":"2 perc"},"schema":{"@context":"https:\/\/schema.org","@graph":[{"@type":"WebPage","@id":"https:\/\/www.versiegelung24.com\/hu\/tanacsok-a-versiegelung24-termekeivel-kapcsolatban\/tudjak-hogyan\/graffiti-vedelem-folyekony-uveggel\/","url":"https:\/\/www.versiegelung24.com\/hu\/tanacsok-a-versiegelung24-termekeivel-kapcsolatban\/tudjak-hogyan\/graffiti-vedelem-folyekony-uveggel\/","name":"Foly\u00e9kony gals t\u00f6m\u00edt\u0151anyag versiegelung24.com Graffiti elleni v\u00e9delem a homlokzaton -","isPartOf":{"@id":"https:\/\/www.versiegelung24.com\/hu\/#website"},"primaryImageOfPage":{"@id":"https:\/\/www.versiegelung24.com\/hu\/tanacsok-a-versiegelung24-termekeivel-kapcsolatban\/tudjak-hogyan\/graffiti-vedelem-folyekony-uveggel\/#primaryimage"},"image":{"@id":"https:\/\/www.versiegelung24.com\/hu\/tanacsok-a-versiegelung24-termekeivel-kapcsolatban\/tudjak-hogyan\/graffiti-vedelem-folyekony-uveggel\/#primaryimage"},"thumbnailUrl":"https:\/\/www.versiegelung24.com\/wp-content\/uploads\/2021\/12\/graf-1.jpg","datePublished":"2021-12-14T13:15:17+00:00","dateModified":"2024-09-01T16:17:00+00:00","description":"Foly\u00e9kony gals pecs\u00e9tel\u0151 a graffiti ellen. Tudja meg t\u0151l\u00fcnk, hogyan v\u00e9dheti meg holmij\u00e1t.","breadcrumb":{"@id":"https:\/\/www.versiegelung24.com\/hu\/tanacsok-a-versiegelung24-termekeivel-kapcsolatban\/tudjak-hogyan\/graffiti-vedelem-folyekony-uveggel\/#breadcrumb"},"inLanguage":"hu","potentialAction":[{"@type":"ReadAction","target":["https:\/\/www.versiegelung24.com\/hu\/tanacsok-a-versiegelung24-termekeivel-kapcsolatban\/tudjak-hogyan\/graffiti-vedelem-folyekony-uveggel\/"]}]},{"@type":"ImageObject","inLanguage":"hu","@id":"https:\/\/www.versiegelung24.com\/hu\/tanacsok-a-versiegelung24-termekeivel-kapcsolatban\/tudjak-hogyan\/graffiti-vedelem-folyekony-uveggel\/#primaryimage","url":"https:\/\/www.versiegelung24.com\/wp-content\/uploads\/2021\/12\/graf-1.jpg","contentUrl":"https:\/\/www.versiegelung24.com\/wp-content\/uploads\/2021\/12\/graf-1.jpg","width":1000,"height":1000},{"@type":"BreadcrumbList","@id":"https:\/\/www.versiegelung24.com\/hu\/tanacsok-a-versiegelung24-termekeivel-kapcsolatban\/tudjak-hogyan\/graffiti-vedelem-folyekony-uveggel\/#breadcrumb","itemListElement":[{"@type":"ListItem","position":1,"name":"Honlap","item":"https:\/\/www.versiegelung24.com\/hu\/elol\/"},{"@type":"ListItem","position":2,"name":"Tan\u00e1csad\u00f3","item":"https:\/\/www.versiegelung24.com\/hu\/ratgeber\/"},{"@type":"ListItem","position":3,"name":"magazin","item":"https:\/\/www.versiegelung24.com\/hu\/ratgeber\/magazin\/"},{"@type":"ListItem","position":4,"name":"Graffiti elleni v\u00e9delem a homlokzaton"}]},{"@type":"WebSite","@id":"https:\/\/www.versiegelung24.com\/hu\/#website","url":"https:\/\/www.versiegelung24.com\/hu\/","name":"versiegelung24.com","description":"Fl\u00fcssigglas-Versiegelung - Made in Germany","publisher":{"@id":"https:\/\/www.versiegelung24.com\/hu\/#organization"},"potentialAction":[{"@type":"SearchAction","target":{"@type":"EntryPoint","urlTemplate":"https:\/\/www.versiegelung24.com\/hu\/?s={search_term_string}"},"query-input":{"@type":"PropertyValueSpecification","valueRequired":true,"valueName":"search_term_string"}}],"inLanguage":"hu"},{"@type":"Organization","@id":"https:\/\/www.versiegelung24.com\/hu\/#organization","name":"versiegelung24","url":"https:\/\/www.versiegelung24.com\/hu\/","logo":{"@type":"ImageObject","inLanguage":"hu","@id":"https:\/\/www.versiegelung24.com\/hu\/#\/schema\/logo\/image\/","url":"https:\/\/www.versiegelung24.com\/wp-content\/uploads\/2020\/04\/versiegelung24.png","contentUrl":"https:\/\/www.versiegelung24.com\/wp-content\/uploads\/2020\/04\/versiegelung24.png","width":470,"height":102,"caption":"versiegelung24"},"image":{"@id":"https:\/\/www.versiegelung24.com\/hu\/#\/schema\/logo\/image\/"}}]}},"_links":{"self":[{"href":"https:\/\/www.versiegelung24.com\/hu\/wp-json\/wp\/v2\/pages\/41003","targetHints":{"allow":["GET"]}}],"collection":[{"href":"https:\/\/www.versiegelung24.com\/hu\/wp-json\/wp\/v2\/pages"}],"about":[{"href":"https:\/\/www.versiegelung24.com\/hu\/wp-json\/wp\/v2\/types\/page"}],"author":[{"embeddable":true,"href":"https:\/\/www.versiegelung24.com\/hu\/wp-json\/wp\/v2\/users\/932"}],"replies":[{"embeddable":true,"href":"https:\/\/www.versiegelung24.com\/hu\/wp-json\/wp\/v2\/comments?post=41003"}],"version-history":[{"count":17,"href":"https:\/\/www.versiegelung24.com\/hu\/wp-json\/wp\/v2\/pages\/41003\/revisions"}],"predecessor-version":[{"id":172656,"href":"https:\/\/www.versiegelung24.com\/hu\/wp-json\/wp\/v2\/pages\/41003\/revisions\/172656"}],"up":[{"embeddable":true,"href":"https:\/\/www.versiegelung24.com\/hu\/wp-json\/wp\/v2\/pages\/34642"}],"wp:featuredmedia":[{"embeddable":true,"href":"https:\/\/www.versiegelung24.com\/hu\/wp-json\/wp\/v2\/media\/40881"}],"wp:attachment":[{"href":"https:\/\/www.versiegelung24.com\/hu\/wp-json\/wp\/v2\/media?parent=41003"}],"wp:term":[{"taxonomy":"category","embeddable":true,"href":"https:\/\/www.versiegelung24.com\/hu\/wp-json\/wp\/v2\/categories?post=41003"},{"taxonomy":"seiten_kategorie","embeddable":true,"href":"https:\/\/www.versiegelung24.com\/hu\/wp-json\/wp\/v2\/seiten_kategorie?post=41003"}],"curies":[{"name":"wp","href":"https:\/\/api.w.org\/{rel}","templated":true}]}}