{"id":41068,"date":"2021-12-14T14:15:38","date_gmt":"2021-12-14T13:15:38","guid":{"rendered":"https:\/\/www.versiegelung24.com\/tanacsok-a-versiegelung24-termekeivel-kapcsolatban\/tudjak-hogyan\/okostelefon"},"modified":"2024-09-01T22:43:01","modified_gmt":"2024-09-01T20:43:01","slug":"folyadek-uveg-tomites-az-okostelefonok","status":"publish","type":"page","link":"https:\/\/www.versiegelung24.com\/hu\/tanacsok-a-versiegelung24-termekeivel-kapcsolatban\/tudjak-hogyan\/folyadek-uveg-tomites-az-okostelefonok\/","title":{"rendered":"Smartphone \u00e9s tablet foly\u00e9kony \u00fcvegt\u00f6m\u00edt\u0151 &#8211; v\u00e9di a kijelz\u0151ket \u00e9s n\u00f6veli a hossz\u00fa \u00e9lettartamot"},"content":{"rendered":"\n<h1 class=\"wp-block-heading\" id=\"h-smartphone-flussigglas-versiegelung\">Okostelefon foly\u00e9kony \u00fcveg t\u00f6m\u00edt\u00e9s<\/h1>\n\n<p>Manaps\u00e1g szinte mindenkinek van okostelefonja. Sajnos ezek a kis csodag\u00e9pek nagyon k\u00e9nyesek. A napi haszn\u00e1lat sor\u00e1n a kop\u00e1s jelei, p\u00e9ld\u00e1ul karcol\u00e1sok vagy ujjlenyomatok jelennek meg, amelyek makacsul maradnak a kijelz\u0151n. A k\u00f6vetkez\u0151 vide\u00f3 ezzel a probl\u00e9m\u00e1val foglalkozik, \u00e9s bemutatja, hogyan akad\u00e1lyozhatja meg ezeket a haszn\u00e1lat jeleit. <\/p>\n\n<figure class=\"wp-block-embed aligncenter is-type-video is-provider-youtube wp-block-embed-youtube wp-embed-aspect-16-9 wp-has-aspect-ratio\"><div class=\"wp-block-embed__wrapper\"> \n<div class=\"nv-iframe-embed\"><iframe title=\"901 LiquiGlas Mobile Phone Coating   Preparation + application process\" width=\"1200\" height=\"675\" src=\"https:\/\/www.youtube.com\/embed\/8JLSZ1KA-yU?feature=oembed\" frameborder=\"0\" allow=\"accelerometer; autoplay; clipboard-write; encrypted-media; gyroscope; picture-in-picture\" allowfullscreen><\/iframe><\/div>\n <\/div><\/figure>\n\n<br\/>\n<br\/>\n\n<div class=\"wp-block-columns is-layout-flex wp-container-core-columns-is-layout-9d6595d7 wp-block-columns-is-layout-flex\">\n<div class=\"wp-block-column is-layout-flow wp-block-column-is-layout-flow\" style=\"flex-basis:33.33%\">\n<h2 class=\"wp-block-heading\" id=\"h-anleitung-smartphone-display-einfach-versiegeln\">Utas\u00edt\u00e1sok &#8211; Egyszer\u0171en z\u00e1rja le az okostelefon kijelz\u0151j\u00e9t<\/h2>\n\n\n\n<ul class=\"wp-block-list\">\n<li>R\u00f6gt\u00f6n a vide\u00f3 elej\u00e9n l\u00e1that\u00f3, hogy praktikus k\u00e9szletbe ker\u00fclt minden, ami a <a href=\"https:\/\/www.versiegelung24.com\/hu\/folyadek-ueveg-mobiltelefon-lezaro-folyadek-kepernyo-vedelem.html\" target=\"_blank\" rel=\"noreferrer noopener\">mobiltelefon<\/a> lez\u00e1r\u00e1s\u00e1hoz kell. Ebbe beletartozik:<\/li>\n\n\n\n<li><strong>Keszty\u0171<\/strong> az ujjlenyomatok elker\u00fcl\u00e9se \u00e9rdek\u00e9ben<\/li>\n\n\n\n<li><strong><a href=\"https:\/\/www.versiegelung24.com\/reinigung\/bioethanol\/\">Etanollal \u00e1titatott<\/a> tiszt\u00edt\u00f3kend\u0151<\/strong><\/li>\n\n\n\n<li><strong>Pol\u00edroz\u00f3 kend\u0151<\/strong><\/li>\n\n\n\n<li>A <strong><a href=\"https:\/\/www.versiegelung24.com\/hu\/mikroszalas-kendo-10x10-cm-professzionalis-folyekony-uvegfelulethez.html\" target=\"_blank\" rel=\"noreferrer noopener\">foly\u00e9kony \u00fcvegsz\u00f6vet<\/a><\/strong> t\u00f6m\u00edt\u00e9shez<\/li>\n<\/ul>\n\n\n\n<p><\/p>\n\n\n\n<p>Haszn\u00e1lat k\u00f6zben az okostelefont csak az a k\u00e9z fogja, amelyen a keszty\u0171 tal\u00e1lhat\u00f3, hogy elker\u00fclje az \u00faj ujjlenyomatokat &#8211; ezek vastagabbak, mint a foly\u00e9kony \u00fcvegbevonat, \u00e9s megakad\u00e1lyozz\u00e1k a megfelel\u0151 lez\u00e1r\u00e1st.<\/p>\n<\/div>\n\n\n\n<div class=\"wp-block-column is-layout-flow wp-block-column-is-layout-flow\" style=\"flex-basis:66.66%\">\n<figure class=\"wp-block-image size-large\"><img fetchpriority=\"high\" decoding=\"async\" width=\"1300\" height=\"867\" src=\"https:\/\/www.versiegelung24.com\/wp-content\/uploads\/2021\/12\/smart_liq-1300x867.jpg\" alt=\"\" class=\"wp-image-40898\" srcset=\"https:\/\/www.versiegelung24.com\/wp-content\/uploads\/2021\/12\/smart_liq-1300x867.jpg 1300w, https:\/\/www.versiegelung24.com\/wp-content\/uploads\/2021\/12\/smart_liq-scaled-600x400.jpg 600w, https:\/\/www.versiegelung24.com\/wp-content\/uploads\/2021\/12\/smart_liq-300x200.jpg 300w, https:\/\/www.versiegelung24.com\/wp-content\/uploads\/2021\/12\/smart_liq-768x512.jpg 768w, https:\/\/www.versiegelung24.com\/wp-content\/uploads\/2021\/12\/smart_liq-1536x1024.jpg 1536w, https:\/\/www.versiegelung24.com\/wp-content\/uploads\/2021\/12\/smart_liq-2048x1366.jpg 2048w, https:\/\/www.versiegelung24.com\/wp-content\/uploads\/2021\/12\/smart_liq-930x620.jpg 930w\" sizes=\"(max-width: 1300px) 100vw, 1300px\" \/><\/figure>\n<\/div>\n<\/div>\n\n<p>Az el\u0151zetes tiszt\u00edt\u00e1s ut\u00e1n a kijelz\u0151t sz\u00e1razra d\u00f6rzs\u00f6lj\u00fck, \u00e9s \u00edgy elt\u00e1vol\u00edtjuk a nyomatok maradv\u00e1nyait \u00e9s a zs\u00edrt. <strong>Itt a mikrosz\u00e1las kend\u0151nek csak az egyik oldal\u00e1t szabad haszn\u00e1lni<\/strong> \u2013 <strong>a m\u00e1sik oldalra k\u00e9s\u0151bb lesz sz\u00fcks\u00e9g<\/strong> a t\u00f6m\u00edt\u0151anyag pol\u00edroz\u00e1s\u00e1hoz. A k\u00f6vetkez\u0151 l\u00e9p\u00e9sben a foly\u00e9kony \u00fcvegbe m\u00e1rtott kend\u0151t kicsomagoljuk, \u00e9s \u2013 az el\u0151tiszt\u00edt\u00e1shoz hasonl\u00f3an \u2013 az eg\u00e9sz okostelefont bed\u00f6rzs\u00f6lj\u00fck vele. K\u00f6r\u00fclbel\u00fcl foly\u00e9kony \u00fcveggel lez\u00e1rhat\u00f3. A mobiltelefonok h\u00e1tlapja ma gyakran \u00fcvegb\u0151l k\u00e9sz\u00fcl.<\/p>\n\n<p>Legal\u00e1bbis ut\u00e1n Az okostelefon fel\u00fclet\u00e9t 30 percig csiszolj\u00e1k &#8211; a t\u00f6m\u00edt\u00e9s megt\u00f6rt\u00e9nt. A vide\u00f3ban l\u00e1thatod azt a tan\u00e1csot, hogy el\u0151ny\u00f6s, ha a foly\u00e9kony \u00fcveget egy \u00e9jszak\u00e1n \u00e1t kem\u00e9nyedni hagyod &#8211; k\u00f6vesd ezt az aj\u00e1nl\u00e1st, mert ut\u00e1na a v\u00e9d\u0151r\u00e9teg jobban ellen\u00e1ll. A v\u00e9delem fenntart\u00e1sa \u00e9rdek\u00e9ben aj\u00e1nlott a t\u00f6m\u00edt\u0151anyagot rendszeres id\u0151k\u00f6z\u00f6nk\u00e9nt \u00fajra felhordani.<\/p>\n\n","protected":false},"excerpt":{"rendered":"<p>Maxim\u00e1lis v\u00e9delem okostelefonja sz\u00e1m\u00e1ra az innovat\u00edv foly\u00e9kony \u00fcveg t\u00f6m\u00edt\u00e9ssel.<\/p>\n","protected":false},"author":932,"featured_media":41494,"parent":34642,"menu_order":0,"comment_status":"closed","ping_status":"closed","template":"","meta":{"_acf_changed":false,"neve_meta_sidebar":"full-width","neve_meta_container":"","neve_meta_enable_content_width":"on","neve_meta_content_width":100,"neve_meta_title_alignment":"","neve_meta_author_avatar":"","neve_post_elements_order":"","neve_meta_disable_header":"","neve_meta_disable_footer":"","neve_meta_disable_title":"","neve_meta_reading_time":"","footnotes":""},"categories":[3585,3500],"seiten_kategorie":[3838],"class_list":["post-41068","page","type-page","status-publish","has-post-thumbnail","hentry","category-eletmod","category-tanacsadas-cikk-magazin"],"acf":[],"yoast_head":"<!-- This site is optimized with the Yoast SEO Premium plugin v22.8 (Yoast SEO v27.5) - https:\/\/yoast.com\/product\/yoast-seo-premium-wordpress\/ -->\n<title>V\u00e9dje okostelefonj\u00e1t \u00e9s tabletj\u00e9t foly\u00e9kony \u00fcvegt\u00f6m\u00edt\u0151vel!<\/title>\n<meta name=\"description\" content=\"V\u00e9dje okostelefonj\u00e1t \u00e9s t\u00e1blag\u00e9p\u00e9t t\u00f6m\u00edt\u0151anyagunkkal! Foly\u00e9kony \u00fcvegt\u00f6m\u00edt\u0151 az okostelefonok kijelz\u0151j\u00e9nek optim\u00e1lis v\u00e9delm\u00e9\u00e9rt!\" \/>\n<meta name=\"robots\" content=\"index, follow, max-snippet:-1, max-image-preview:large, max-video-preview:-1\" \/>\n<link rel=\"canonical\" href=\"https:\/\/www.versiegelung24.com\/hu\/tanacsok-a-versiegelung24-termekeivel-kapcsolatban\/tudjak-hogyan\/folyadek-uveg-tomites-az-okostelefonok\/\" \/>\n<meta property=\"og:locale\" content=\"hu_HU\" \/>\n<meta property=\"og:type\" content=\"article\" \/>\n<meta property=\"og:title\" content=\"Smartphone \u00e9s tablet foly\u00e9kony \u00fcvegt\u00f6m\u00edt\u0151 - v\u00e9di a kijelz\u0151ket \u00e9s n\u00f6veli a hossz\u00fa \u00e9lettartamot\" \/>\n<meta property=\"og:description\" content=\"V\u00e9dje okostelefonj\u00e1t \u00e9s t\u00e1blag\u00e9p\u00e9t t\u00f6m\u00edt\u0151anyagunkkal! Foly\u00e9kony \u00fcvegt\u00f6m\u00edt\u0151 az okostelefonok kijelz\u0151j\u00e9nek optim\u00e1lis v\u00e9delm\u00e9\u00e9rt!\" \/>\n<meta property=\"og:url\" content=\"https:\/\/www.versiegelung24.com\/hu\/tanacsok-a-versiegelung24-termekeivel-kapcsolatban\/tudjak-hogyan\/folyadek-uveg-tomites-az-okostelefonok\/\" \/>\n<meta property=\"og:site_name\" content=\"versiegelung24.com\" \/>\n<meta property=\"article:modified_time\" content=\"2024-09-01T20:43:01+00:00\" \/>\n<meta property=\"og:image\" content=\"https:\/\/www.versiegelung24.com\/wp-content\/uploads\/2021\/12\/smart_liq-1-scaled.jpg\" \/>\n\t<meta property=\"og:image:width\" content=\"2560\" \/>\n\t<meta property=\"og:image:height\" content=\"2560\" \/>\n\t<meta property=\"og:image:type\" content=\"image\/jpeg\" \/>\n<meta name=\"twitter:card\" content=\"summary_large_image\" \/>\n<meta name=\"twitter:label1\" content=\"Becs\u00fclt olvas\u00e1si id\u0151\" \/>\n\t<meta name=\"twitter:data1\" content=\"2 perc\" \/>\n<script type=\"application\/ld+json\" class=\"yoast-schema-graph\">{\"@context\":\"https:\\\/\\\/schema.org\",\"@graph\":[{\"@type\":\"WebPage\",\"@id\":\"https:\\\/\\\/www.versiegelung24.com\\\/hu\\\/tanacsok-a-versiegelung24-termekeivel-kapcsolatban\\\/tudjak-hogyan\\\/folyadek-uveg-tomites-az-okostelefonok\\\/\",\"url\":\"https:\\\/\\\/www.versiegelung24.com\\\/hu\\\/tanacsok-a-versiegelung24-termekeivel-kapcsolatban\\\/tudjak-hogyan\\\/folyadek-uveg-tomites-az-okostelefonok\\\/\",\"name\":\"V\u00e9dje okostelefonj\u00e1t \u00e9s tabletj\u00e9t foly\u00e9kony \u00fcvegt\u00f6m\u00edt\u0151vel!\",\"isPartOf\":{\"@id\":\"https:\\\/\\\/www.versiegelung24.com\\\/hu\\\/#website\"},\"primaryImageOfPage\":{\"@id\":\"https:\\\/\\\/www.versiegelung24.com\\\/hu\\\/tanacsok-a-versiegelung24-termekeivel-kapcsolatban\\\/tudjak-hogyan\\\/folyadek-uveg-tomites-az-okostelefonok\\\/#primaryimage\"},\"image\":{\"@id\":\"https:\\\/\\\/www.versiegelung24.com\\\/hu\\\/tanacsok-a-versiegelung24-termekeivel-kapcsolatban\\\/tudjak-hogyan\\\/folyadek-uveg-tomites-az-okostelefonok\\\/#primaryimage\"},\"thumbnailUrl\":\"https:\\\/\\\/www.versiegelung24.com\\\/wp-content\\\/uploads\\\/2021\\\/12\\\/smart_liq-1-scaled.jpg\",\"datePublished\":\"2021-12-14T13:15:38+00:00\",\"dateModified\":\"2024-09-01T20:43:01+00:00\",\"description\":\"V\u00e9dje okostelefonj\u00e1t \u00e9s t\u00e1blag\u00e9p\u00e9t t\u00f6m\u00edt\u0151anyagunkkal! Foly\u00e9kony \u00fcvegt\u00f6m\u00edt\u0151 az okostelefonok kijelz\u0151j\u00e9nek optim\u00e1lis v\u00e9delm\u00e9\u00e9rt!\",\"breadcrumb\":{\"@id\":\"https:\\\/\\\/www.versiegelung24.com\\\/hu\\\/tanacsok-a-versiegelung24-termekeivel-kapcsolatban\\\/tudjak-hogyan\\\/folyadek-uveg-tomites-az-okostelefonok\\\/#breadcrumb\"},\"inLanguage\":\"hu\",\"potentialAction\":[{\"@type\":\"ReadAction\",\"target\":[\"https:\\\/\\\/www.versiegelung24.com\\\/hu\\\/tanacsok-a-versiegelung24-termekeivel-kapcsolatban\\\/tudjak-hogyan\\\/folyadek-uveg-tomites-az-okostelefonok\\\/\"]}]},{\"@type\":\"ImageObject\",\"inLanguage\":\"hu\",\"@id\":\"https:\\\/\\\/www.versiegelung24.com\\\/hu\\\/tanacsok-a-versiegelung24-termekeivel-kapcsolatban\\\/tudjak-hogyan\\\/folyadek-uveg-tomites-az-okostelefonok\\\/#primaryimage\",\"url\":\"https:\\\/\\\/www.versiegelung24.com\\\/wp-content\\\/uploads\\\/2021\\\/12\\\/smart_liq-1-scaled.jpg\",\"contentUrl\":\"https:\\\/\\\/www.versiegelung24.com\\\/wp-content\\\/uploads\\\/2021\\\/12\\\/smart_liq-1-scaled.jpg\",\"width\":2560,\"height\":2560},{\"@type\":\"BreadcrumbList\",\"@id\":\"https:\\\/\\\/www.versiegelung24.com\\\/hu\\\/tanacsok-a-versiegelung24-termekeivel-kapcsolatban\\\/tudjak-hogyan\\\/folyadek-uveg-tomites-az-okostelefonok\\\/#breadcrumb\",\"itemListElement\":[{\"@type\":\"ListItem\",\"position\":1,\"name\":\"Honlap\",\"item\":\"https:\\\/\\\/www.versiegelung24.com\\\/hu\\\/elol\\\/\"},{\"@type\":\"ListItem\",\"position\":2,\"name\":\"Tan\u00e1csad\u00f3\",\"item\":\"https:\\\/\\\/www.versiegelung24.com\\\/hu\\\/ratgeber\\\/\"},{\"@type\":\"ListItem\",\"position\":3,\"name\":\"magazin\",\"item\":\"https:\\\/\\\/www.versiegelung24.com\\\/hu\\\/ratgeber\\\/magazin\\\/\"},{\"@type\":\"ListItem\",\"position\":4,\"name\":\"Smartphone \u00e9s tablet foly\u00e9kony \u00fcvegt\u00f6m\u00edt\u0151 &#8211; v\u00e9di a kijelz\u0151ket \u00e9s n\u00f6veli a hossz\u00fa \u00e9lettartamot\"}]},{\"@type\":\"WebSite\",\"@id\":\"https:\\\/\\\/www.versiegelung24.com\\\/hu\\\/#website\",\"url\":\"https:\\\/\\\/www.versiegelung24.com\\\/hu\\\/\",\"name\":\"versiegelung24.com\",\"description\":\"Fl\u00fcssigglas-Versiegelung - Made in Germany\",\"publisher\":{\"@id\":\"https:\\\/\\\/www.versiegelung24.com\\\/hu\\\/#organization\"},\"potentialAction\":[{\"@type\":\"SearchAction\",\"target\":{\"@type\":\"EntryPoint\",\"urlTemplate\":\"https:\\\/\\\/www.versiegelung24.com\\\/hu\\\/?s={search_term_string}\"},\"query-input\":{\"@type\":\"PropertyValueSpecification\",\"valueRequired\":true,\"valueName\":\"search_term_string\"}}],\"inLanguage\":\"hu\"},{\"@type\":\"Organization\",\"@id\":\"https:\\\/\\\/www.versiegelung24.com\\\/hu\\\/#organization\",\"name\":\"versiegelung24\",\"url\":\"https:\\\/\\\/www.versiegelung24.com\\\/hu\\\/\",\"logo\":{\"@type\":\"ImageObject\",\"inLanguage\":\"hu\",\"@id\":\"https:\\\/\\\/www.versiegelung24.com\\\/hu\\\/#\\\/schema\\\/logo\\\/image\\\/\",\"url\":\"https:\\\/\\\/www.versiegelung24.com\\\/wp-content\\\/uploads\\\/2020\\\/04\\\/versiegelung24.png\",\"contentUrl\":\"https:\\\/\\\/www.versiegelung24.com\\\/wp-content\\\/uploads\\\/2020\\\/04\\\/versiegelung24.png\",\"width\":470,\"height\":102,\"caption\":\"versiegelung24\"},\"image\":{\"@id\":\"https:\\\/\\\/www.versiegelung24.com\\\/hu\\\/#\\\/schema\\\/logo\\\/image\\\/\"}}]}<\/script>\n<!-- \/ Yoast SEO Premium plugin. -->","yoast_head_json":{"title":"V\u00e9dje okostelefonj\u00e1t \u00e9s tabletj\u00e9t foly\u00e9kony \u00fcvegt\u00f6m\u00edt\u0151vel!","description":"V\u00e9dje okostelefonj\u00e1t \u00e9s t\u00e1blag\u00e9p\u00e9t t\u00f6m\u00edt\u0151anyagunkkal! Foly\u00e9kony \u00fcvegt\u00f6m\u00edt\u0151 az okostelefonok kijelz\u0151j\u00e9nek optim\u00e1lis v\u00e9delm\u00e9\u00e9rt!","robots":{"index":"index","follow":"follow","max-snippet":"max-snippet:-1","max-image-preview":"max-image-preview:large","max-video-preview":"max-video-preview:-1"},"canonical":"https:\/\/www.versiegelung24.com\/hu\/tanacsok-a-versiegelung24-termekeivel-kapcsolatban\/tudjak-hogyan\/folyadek-uveg-tomites-az-okostelefonok\/","og_locale":"hu_HU","og_type":"article","og_title":"Smartphone \u00e9s tablet foly\u00e9kony \u00fcvegt\u00f6m\u00edt\u0151 - v\u00e9di a kijelz\u0151ket \u00e9s n\u00f6veli a hossz\u00fa \u00e9lettartamot","og_description":"V\u00e9dje okostelefonj\u00e1t \u00e9s t\u00e1blag\u00e9p\u00e9t t\u00f6m\u00edt\u0151anyagunkkal! Foly\u00e9kony \u00fcvegt\u00f6m\u00edt\u0151 az okostelefonok kijelz\u0151j\u00e9nek optim\u00e1lis v\u00e9delm\u00e9\u00e9rt!","og_url":"https:\/\/www.versiegelung24.com\/hu\/tanacsok-a-versiegelung24-termekeivel-kapcsolatban\/tudjak-hogyan\/folyadek-uveg-tomites-az-okostelefonok\/","og_site_name":"versiegelung24.com","article_modified_time":"2024-09-01T20:43:01+00:00","og_image":[{"width":2560,"height":2560,"url":"https:\/\/www.versiegelung24.com\/wp-content\/uploads\/2021\/12\/smart_liq-1-scaled.jpg","type":"image\/jpeg"}],"twitter_card":"summary_large_image","twitter_misc":{"Becs\u00fclt olvas\u00e1si id\u0151":"2 perc"},"schema":{"@context":"https:\/\/schema.org","@graph":[{"@type":"WebPage","@id":"https:\/\/www.versiegelung24.com\/hu\/tanacsok-a-versiegelung24-termekeivel-kapcsolatban\/tudjak-hogyan\/folyadek-uveg-tomites-az-okostelefonok\/","url":"https:\/\/www.versiegelung24.com\/hu\/tanacsok-a-versiegelung24-termekeivel-kapcsolatban\/tudjak-hogyan\/folyadek-uveg-tomites-az-okostelefonok\/","name":"V\u00e9dje okostelefonj\u00e1t \u00e9s tabletj\u00e9t foly\u00e9kony \u00fcvegt\u00f6m\u00edt\u0151vel!","isPartOf":{"@id":"https:\/\/www.versiegelung24.com\/hu\/#website"},"primaryImageOfPage":{"@id":"https:\/\/www.versiegelung24.com\/hu\/tanacsok-a-versiegelung24-termekeivel-kapcsolatban\/tudjak-hogyan\/folyadek-uveg-tomites-az-okostelefonok\/#primaryimage"},"image":{"@id":"https:\/\/www.versiegelung24.com\/hu\/tanacsok-a-versiegelung24-termekeivel-kapcsolatban\/tudjak-hogyan\/folyadek-uveg-tomites-az-okostelefonok\/#primaryimage"},"thumbnailUrl":"https:\/\/www.versiegelung24.com\/wp-content\/uploads\/2021\/12\/smart_liq-1-scaled.jpg","datePublished":"2021-12-14T13:15:38+00:00","dateModified":"2024-09-01T20:43:01+00:00","description":"V\u00e9dje okostelefonj\u00e1t \u00e9s t\u00e1blag\u00e9p\u00e9t t\u00f6m\u00edt\u0151anyagunkkal! Foly\u00e9kony \u00fcvegt\u00f6m\u00edt\u0151 az okostelefonok kijelz\u0151j\u00e9nek optim\u00e1lis v\u00e9delm\u00e9\u00e9rt!","breadcrumb":{"@id":"https:\/\/www.versiegelung24.com\/hu\/tanacsok-a-versiegelung24-termekeivel-kapcsolatban\/tudjak-hogyan\/folyadek-uveg-tomites-az-okostelefonok\/#breadcrumb"},"inLanguage":"hu","potentialAction":[{"@type":"ReadAction","target":["https:\/\/www.versiegelung24.com\/hu\/tanacsok-a-versiegelung24-termekeivel-kapcsolatban\/tudjak-hogyan\/folyadek-uveg-tomites-az-okostelefonok\/"]}]},{"@type":"ImageObject","inLanguage":"hu","@id":"https:\/\/www.versiegelung24.com\/hu\/tanacsok-a-versiegelung24-termekeivel-kapcsolatban\/tudjak-hogyan\/folyadek-uveg-tomites-az-okostelefonok\/#primaryimage","url":"https:\/\/www.versiegelung24.com\/wp-content\/uploads\/2021\/12\/smart_liq-1-scaled.jpg","contentUrl":"https:\/\/www.versiegelung24.com\/wp-content\/uploads\/2021\/12\/smart_liq-1-scaled.jpg","width":2560,"height":2560},{"@type":"BreadcrumbList","@id":"https:\/\/www.versiegelung24.com\/hu\/tanacsok-a-versiegelung24-termekeivel-kapcsolatban\/tudjak-hogyan\/folyadek-uveg-tomites-az-okostelefonok\/#breadcrumb","itemListElement":[{"@type":"ListItem","position":1,"name":"Honlap","item":"https:\/\/www.versiegelung24.com\/hu\/elol\/"},{"@type":"ListItem","position":2,"name":"Tan\u00e1csad\u00f3","item":"https:\/\/www.versiegelung24.com\/hu\/ratgeber\/"},{"@type":"ListItem","position":3,"name":"magazin","item":"https:\/\/www.versiegelung24.com\/hu\/ratgeber\/magazin\/"},{"@type":"ListItem","position":4,"name":"Smartphone \u00e9s tablet foly\u00e9kony \u00fcvegt\u00f6m\u00edt\u0151 &#8211; v\u00e9di a kijelz\u0151ket \u00e9s n\u00f6veli a hossz\u00fa \u00e9lettartamot"}]},{"@type":"WebSite","@id":"https:\/\/www.versiegelung24.com\/hu\/#website","url":"https:\/\/www.versiegelung24.com\/hu\/","name":"versiegelung24.com","description":"Fl\u00fcssigglas-Versiegelung - Made in Germany","publisher":{"@id":"https:\/\/www.versiegelung24.com\/hu\/#organization"},"potentialAction":[{"@type":"SearchAction","target":{"@type":"EntryPoint","urlTemplate":"https:\/\/www.versiegelung24.com\/hu\/?s={search_term_string}"},"query-input":{"@type":"PropertyValueSpecification","valueRequired":true,"valueName":"search_term_string"}}],"inLanguage":"hu"},{"@type":"Organization","@id":"https:\/\/www.versiegelung24.com\/hu\/#organization","name":"versiegelung24","url":"https:\/\/www.versiegelung24.com\/hu\/","logo":{"@type":"ImageObject","inLanguage":"hu","@id":"https:\/\/www.versiegelung24.com\/hu\/#\/schema\/logo\/image\/","url":"https:\/\/www.versiegelung24.com\/wp-content\/uploads\/2020\/04\/versiegelung24.png","contentUrl":"https:\/\/www.versiegelung24.com\/wp-content\/uploads\/2020\/04\/versiegelung24.png","width":470,"height":102,"caption":"versiegelung24"},"image":{"@id":"https:\/\/www.versiegelung24.com\/hu\/#\/schema\/logo\/image\/"}}]}},"_links":{"self":[{"href":"https:\/\/www.versiegelung24.com\/hu\/wp-json\/wp\/v2\/pages\/41068","targetHints":{"allow":["GET"]}}],"collection":[{"href":"https:\/\/www.versiegelung24.com\/hu\/wp-json\/wp\/v2\/pages"}],"about":[{"href":"https:\/\/www.versiegelung24.com\/hu\/wp-json\/wp\/v2\/types\/page"}],"author":[{"embeddable":true,"href":"https:\/\/www.versiegelung24.com\/hu\/wp-json\/wp\/v2\/users\/932"}],"replies":[{"embeddable":true,"href":"https:\/\/www.versiegelung24.com\/hu\/wp-json\/wp\/v2\/comments?post=41068"}],"version-history":[{"count":14,"href":"https:\/\/www.versiegelung24.com\/hu\/wp-json\/wp\/v2\/pages\/41068\/revisions"}],"predecessor-version":[{"id":173413,"href":"https:\/\/www.versiegelung24.com\/hu\/wp-json\/wp\/v2\/pages\/41068\/revisions\/173413"}],"up":[{"embeddable":true,"href":"https:\/\/www.versiegelung24.com\/hu\/wp-json\/wp\/v2\/pages\/34642"}],"wp:featuredmedia":[{"embeddable":true,"href":"https:\/\/www.versiegelung24.com\/hu\/wp-json\/wp\/v2\/media\/41494"}],"wp:attachment":[{"href":"https:\/\/www.versiegelung24.com\/hu\/wp-json\/wp\/v2\/media?parent=41068"}],"wp:term":[{"taxonomy":"category","embeddable":true,"href":"https:\/\/www.versiegelung24.com\/hu\/wp-json\/wp\/v2\/categories?post=41068"},{"taxonomy":"seiten_kategorie","embeddable":true,"href":"https:\/\/www.versiegelung24.com\/hu\/wp-json\/wp\/v2\/seiten_kategorie?post=41068"}],"curies":[{"name":"wp","href":"https:\/\/api.w.org\/{rel}","templated":true}]}}