{"id":126071,"date":"2023-09-01T15:04:03","date_gmt":"2023-09-01T13:04:38","guid":{"rendered":"https:\/\/www.versiegelung24.com\/product\/szelvedo-tomitoanyag-406\/"},"modified":"2025-01-05T17:36:16","modified_gmt":"2025-01-05T16:36:16","slug":"szelvedo-tomito-406","status":"publish","type":"product","link":"https:\/\/www.versiegelung24.com\/hu\/szelvedo-tomito-406.html","title":{"rendered":"Sz\u00e9lv\u00e9d\u0151 t\u00f6m\u00edt\u00e9s"},"content":{"rendered":"\n<p><strong>L\u00e9pjen be a vezet\u00e9sbiztons\u00e1g \u00e9s a vezet\u00e9si k\u00e9nyelem \u00faj korszak\u00e1ba a T\u00dcV \u00e1ltal j\u00f3v\u00e1hagyott sz\u00e9lv\u00e9d\u0151t\u00f6m\u00edt\u0151nkkel<\/strong>. Fejlett formul\u00e1nk nemcsak hihetetlen\u00fcl tart\u00f3s, hanem sokoldal\u00faan haszn\u00e1lhat\u00f3 &#8211; a szem\u00e9lyg\u00e9pkocsikt\u00f3l a teheraut\u00f3kon \u00e1t a cs\u00f3nakokig \u00e9s lak\u00f3kocsikig. Tapasztalja meg az ak\u00e1r 20 000 km gondtalan vezet\u00e9s k\u00fcl\u00f6nbs\u00e9g\u00e9t egyetlen alkalmaz\u00e1ssal. Egyszer\u0171en alkalmazza \u00fajra hathavonta, \u00e9s egy eg\u00e9sz \u00e9ven \u00e1t \u00e9lvezheti a fel\u00fclm\u00falhatatlan l\u00e1t\u00e1st.<\/p>\n\n<p>De ez m\u00e9g nem minden. T\u00f6m\u00edt\u0151anyagunk biztos\u00edtja, hogy a v\u00edz 60 km\/h feletti sebess\u00e9gn\u00e9l egyszer\u0171en leperegjen, \u00edgy az ablakt\u00f6rl\u0151k megk\u00edm\u00e9lik a sz\u00e9lv\u00e9d\u0151t, \u00e9s \u00d6n m\u00e9g rossz id\u0151ben is tiszt\u00e1n l\u00e1t. Gyakran vezet \u00e9jszaka? T\u00f6m\u00edt\u0151anyagunk cs\u00f6kkenti a t\u00fckr\u00f6z\u0151d\u00e9st \u00e9s a f\u00e9nytorzul\u00e1st, \u00edgy \u00d6n biztons\u00e1gosan \u00e9s magabiztosan k\u00f6zlekedhet az \u00faton.<\/p>\n\n<h2 class=\"wp-block-heading\" id=\"video\">Vide\u00f3<\/h2>\n\n<figure class=\"wp-block-embed is-type-video is-provider-youtube wp-block-embed-youtube wp-embed-aspect-16-9 wp-has-aspect-ratio\"><div class=\"wp-block-embed__wrapper\">\n<div class=\"nv-iframe-embed\"><iframe title=\"Windschutzscheiben Versiegelung - Versiegelung24.com\" width=\"1200\" height=\"675\" src=\"https:\/\/www.youtube.com\/embed\/5cu8smLIMD0?feature=oembed\" frameborder=\"0\" allow=\"accelerometer; autoplay; clipboard-write; encrypted-media; gyroscope; picture-in-picture; web-share\" allowfullscreen><\/iframe><\/div>\n<\/div><\/figure>\n\n<hr class=\"wp-block-separator has-alpha-channel-opacity\"\/>\n\n<h2 class=\"wp-block-heading\" id=\"properties\">tulajdons\u00e1gait<\/h2>\n\n<p><\/p>\n\n<p>Tartalom: 2 el\u0151tiszt\u00edt\u00f3 kend\u0151, 2 t\u00f6m\u00edt\u0151 kend\u0151 (egyenk\u00e9nt 2 m\u00b2-re), 1 mikrosz\u00e1las kend\u0151, 2 eldobhat\u00f3 keszty\u0171.<\/p>\n\n<ul class=\"wp-block-list\">\n<li>Hossz\u00fa \u00e9lettartam &#8211; ak\u00e1r 20.000 km<\/li>\n\n\n\n<li>Cs\u00f6kkenti a k\u00e1pr\u00e1z\u00e1st \u00e9s a f\u00e9nytorzul\u00e1st \u00e9jszaka<\/li>\n\n\n\n<li>A v\u00edz lepereg (60+ km\/h), azaz tiszta kil\u00e1t\u00e1s ablakt\u00f6rl\u0151 n\u00e9lk\u00fcl is.<\/li>\n\n\n\n<li>V\u00e9di a sz\u00e9lv\u00e9d\u0151t\u00f6rl\u0151ket<\/li>\n\n\n\n<li>Egyszer\u0171 alkalmaz\u00e1s<\/li>\n\n\n\n<li>Er\u0151s tapad\u00e1sg\u00e1tl\u00f3 tulajdons\u00e1gok \u00e9s kevesebb rovartapad\u00e1s<\/li>\n\n\n\n<li>Cs\u00f6kkenti a mikrokarcol\u00e1sokat<\/li>\n\n\n\n<li>K\u00f6nnyebben tiszt\u00edthat\u00f3 ablak \u00e9s k\u00f6nnyebben elt\u00e1vol\u00edthat\u00f3 j\u00e9g<\/li>\n\n\n\n<li>L\u00e1thatatlan v\u00e9d\u0151r\u00e9teg &#8211; 500-szor v\u00e9konyabb, mint egy emberi hajsz\u00e1l<\/li>\n\n\n\n<li>UV-stabil, nagy kop\u00e1s\u00e1ll\u00f3s\u00e1ggal<\/li>\n\n\n\n<li>Ellen\u00e1ll a h\u0151m\u00e9rs\u00e9klet-ingadoz\u00e1soknak<\/li>\n\n\n\n<li>K\u00e9miailag ellen\u00e1ll\u00f3 (ph 2-13)<\/li>\n\n\n\n<li>Mos\u00f3g\u00e9p \u00e9s magasnyom\u00e1s\u00fa tiszt\u00edt\u00f3szer ellen\u00e1ll\u00f3<\/li>\n\n\n\n<li>Szem\u00e9lyg\u00e9pkocsik, furgonok, teheraut\u00f3k, haj\u00f3k \u00e9s lak\u00f3kocsik els\u0151 \u00e9s oldals\u00f3 ablakaihoz.<\/li>\n\n\n\n<li>A sz\u00e9lv\u00e9d\u0151re kenve \u00e9s 6 h\u00f3nap ut\u00e1n megism\u00e9telve = 1 \u00e9vig tart.<\/li>\n\n\n\n<li>T\u00dcV-ellen\u0151rz\u00f6tt<\/li>\n<\/ul>\n","protected":false},"excerpt":{"rendered":"<p>\u2713 Hossz\u00fa \u00e9lettartam &#8211; ak\u00e1r 20.000 km-ig<\/p>\n<p>\u2713 V\u00edzgy\u00f6ngy\u00f6k leperegnek (60+ km\/h), azaz tiszta kil\u00e1t\u00e1s ablakt\u00f6rl\u0151 n\u00e9lk\u00fcl is.<\/p>\n<p>\u2713 Er\u0151s tapad\u00e1sg\u00e1tl\u00f3 tulajdons\u00e1gok \u00e9s kevesebb rovartapad\u00e1s<\/p>\n","protected":false},"featured_media":132064,"template":"","meta":{"_acf_changed":false,"neve_meta_sidebar":"","neve_meta_container":"","neve_meta_enable_content_width":"","neve_meta_content_width":0,"neve_meta_title_alignment":"","neve_meta_author_avatar":"","neve_post_elements_order":"","neve_meta_disable_header":"","neve_meta_disable_footer":"","neve_meta_disable_title":"","neve_meta_reading_time":"","_surfaces":[],"_ver_product_tabs":[],"footnotes":""},"product_brand":[],"product_cat":[2229,2322,2992],"product_tag":[],"class_list":{"0":"post-126071","1":"product","2":"type-product","3":"status-publish","4":"has-post-thumbnail","6":"product_cat-auto-toemitese","7":"product_cat-toemites-ueveghez-es-keramiahoz","8":"product_cat-folyekony-ueveg-toemites","10":"first","11":"instock","12":"taxable","13":"shipping-taxable","14":"purchasable","15":"product-type-simple"},"acf":[],"yoast_head":"<!-- This site is optimized with the Yoast SEO Premium plugin v22.8 (Yoast SEO v27.5) - https:\/\/yoast.com\/product\/yoast-seo-premium-wordpress\/ -->\n<title>Sz\u00e9lv\u00e9d\u0151 t\u00f6m\u00edt\u00e9s - versiegelung24.com<\/title>\n<meta name=\"robots\" content=\"index, follow, max-snippet:-1, max-image-preview:large, max-video-preview:-1\" \/>\n<link rel=\"canonical\" href=\"https:\/\/www.versiegelung24.com\/hu\/szelvedo-tomito-406.html\" \/>\n<meta property=\"og:locale\" content=\"hu_HU\" \/>\n<meta property=\"og:type\" content=\"article\" \/>\n<meta property=\"og:title\" content=\"Sz\u00e9lv\u00e9d\u0151 t\u00f6m\u00edt\u00e9s\" \/>\n<meta property=\"og:description\" content=\"\u2713 Hossz\u00fa \u00e9lettartam - ak\u00e1r 20.000 km-ig \u2713 V\u00edzgy\u00f6ngy\u00f6k leperegnek (60+ km\/h), azaz tiszta kil\u00e1t\u00e1s ablakt\u00f6rl\u0151 n\u00e9lk\u00fcl is. \u2713 Er\u0151s tapad\u00e1sg\u00e1tl\u00f3 tulajdons\u00e1gok \u00e9s kevesebb rovartapad\u00e1s\" \/>\n<meta property=\"og:url\" content=\"https:\/\/www.versiegelung24.com\/hu\/szelvedo-tomito-406.html\" \/>\n<meta property=\"og:site_name\" content=\"versiegelung24.com\" \/>\n<meta property=\"article:modified_time\" content=\"2025-01-05T16:36:16+00:00\" \/>\n<meta property=\"og:image\" content=\"https:\/\/www.versiegelung24.com\/wp-content\/uploads\/2023\/09\/windschutz-1-1.webp\" \/>\n\t<meta property=\"og:image:width\" content=\"2560\" \/>\n\t<meta property=\"og:image:height\" content=\"2560\" \/>\n\t<meta property=\"og:image:type\" content=\"image\/webp\" \/>\n<meta name=\"twitter:card\" content=\"summary_large_image\" \/>\n<meta name=\"twitter:label1\" content=\"\u00c1r\" \/>\n\t<meta name=\"twitter:data1\" content=\"17,99&euro;\" \/>\n\t<meta name=\"twitter:label2\" content=\"El\u00e9rhet\u0151s\u00e9g\" \/>\n\t<meta name=\"twitter:data2\" content=\"K\u00e9szleten\" \/>\n<script type=\"application\/ld+json\" class=\"yoast-schema-graph\">{\"@context\":\"https:\\\/\\\/schema.org\",\"@graph\":[{\"@type\":\"WebPage\",\"@id\":\"https:\\\/\\\/www.versiegelung24.com\\\/hu\\\/szelvedo-tomito-406.html\",\"url\":\"https:\\\/\\\/www.versiegelung24.com\\\/hu\\\/szelvedo-tomito-406.html\",\"name\":\"Sz\u00e9lv\u00e9d\u0151 t\u00f6m\u00edt\u00e9s - versiegelung24.com\",\"isPartOf\":{\"@id\":\"https:\\\/\\\/www.versiegelung24.com\\\/hu\\\/#website\"},\"primaryImageOfPage\":{\"@id\":\"https:\\\/\\\/www.versiegelung24.com\\\/hu\\\/szelvedo-tomito-406.html#primaryimage\"},\"image\":{\"@id\":\"https:\\\/\\\/www.versiegelung24.com\\\/hu\\\/szelvedo-tomito-406.html#primaryimage\"},\"thumbnailUrl\":\"https:\\\/\\\/www.versiegelung24.com\\\/wp-content\\\/uploads\\\/2023\\\/09\\\/windschutz-1-1.webp\",\"datePublished\":\"2023-09-01T13:04:38+00:00\",\"dateModified\":\"2025-01-05T16:36:16+00:00\",\"breadcrumb\":{\"@id\":\"https:\\\/\\\/www.versiegelung24.com\\\/hu\\\/szelvedo-tomito-406.html#breadcrumb\"},\"inLanguage\":\"hu\",\"potentialAction\":[{\"@type\":\"ReadAction\",\"target\":[\"https:\\\/\\\/www.versiegelung24.com\\\/hu\\\/szelvedo-tomito-406.html\"]}]},{\"@type\":\"ImageObject\",\"inLanguage\":\"hu\",\"@id\":\"https:\\\/\\\/www.versiegelung24.com\\\/hu\\\/szelvedo-tomito-406.html#primaryimage\",\"url\":\"https:\\\/\\\/www.versiegelung24.com\\\/wp-content\\\/uploads\\\/2023\\\/09\\\/windschutz-1-1.webp\",\"contentUrl\":\"https:\\\/\\\/www.versiegelung24.com\\\/wp-content\\\/uploads\\\/2023\\\/09\\\/windschutz-1-1.webp\",\"width\":2560,\"height\":2560},{\"@type\":\"BreadcrumbList\",\"@id\":\"https:\\\/\\\/www.versiegelung24.com\\\/hu\\\/szelvedo-tomito-406.html#breadcrumb\",\"itemListElement\":[{\"@type\":\"ListItem\",\"position\":1,\"name\":\"Honlap\",\"item\":\"https:\\\/\\\/www.versiegelung24.com\\\/hu\\\/elol\\\/\"},{\"@type\":\"ListItem\",\"position\":2,\"name\":\"\u00dczlet\",\"item\":\"https:\\\/\\\/www.versiegelung24.com\\\/hu\\\/uzlet\\\/\"},{\"@type\":\"ListItem\",\"position\":3,\"name\":\"Sz\u00e9lv\u00e9d\u0151 t\u00f6m\u00edt\u00e9s\"}]},{\"@type\":\"WebSite\",\"@id\":\"https:\\\/\\\/www.versiegelung24.com\\\/hu\\\/#website\",\"url\":\"https:\\\/\\\/www.versiegelung24.com\\\/hu\\\/\",\"name\":\"versiegelung24.com\",\"description\":\"Fl\u00fcssigglas-Versiegelung - Made in Germany\",\"publisher\":{\"@id\":\"https:\\\/\\\/www.versiegelung24.com\\\/hu\\\/#organization\"},\"potentialAction\":[{\"@type\":\"SearchAction\",\"target\":{\"@type\":\"EntryPoint\",\"urlTemplate\":\"https:\\\/\\\/www.versiegelung24.com\\\/hu\\\/?s={search_term_string}\"},\"query-input\":{\"@type\":\"PropertyValueSpecification\",\"valueRequired\":true,\"valueName\":\"search_term_string\"}}],\"inLanguage\":\"hu\"},{\"@type\":\"Organization\",\"@id\":\"https:\\\/\\\/www.versiegelung24.com\\\/hu\\\/#organization\",\"name\":\"versiegelung24\",\"url\":\"https:\\\/\\\/www.versiegelung24.com\\\/hu\\\/\",\"logo\":{\"@type\":\"ImageObject\",\"inLanguage\":\"hu\",\"@id\":\"https:\\\/\\\/www.versiegelung24.com\\\/hu\\\/#\\\/schema\\\/logo\\\/image\\\/\",\"url\":\"https:\\\/\\\/www.versiegelung24.com\\\/wp-content\\\/uploads\\\/2020\\\/04\\\/versiegelung24.png\",\"contentUrl\":\"https:\\\/\\\/www.versiegelung24.com\\\/wp-content\\\/uploads\\\/2020\\\/04\\\/versiegelung24.png\",\"width\":470,\"height\":102,\"caption\":\"versiegelung24\"},\"image\":{\"@id\":\"https:\\\/\\\/www.versiegelung24.com\\\/hu\\\/#\\\/schema\\\/logo\\\/image\\\/\"}}]}<\/script>\n<meta property=\"product:price:amount\" content=\"17.99\" \/>\n<meta property=\"product:price:currency\" content=\"EUR\" \/>\n<meta property=\"og:availability\" content=\"instock\" \/>\n<meta property=\"product:availability\" content=\"instock\" \/>\n<meta property=\"product:retailer_item_id\" content=\"4040-406\" \/>\n<meta property=\"product:condition\" content=\"new\" \/>\n<!-- \/ Yoast SEO Premium plugin. -->","yoast_head_json":{"title":"Sz\u00e9lv\u00e9d\u0151 t\u00f6m\u00edt\u00e9s - versiegelung24.com","robots":{"index":"index","follow":"follow","max-snippet":"max-snippet:-1","max-image-preview":"max-image-preview:large","max-video-preview":"max-video-preview:-1"},"canonical":"https:\/\/www.versiegelung24.com\/hu\/szelvedo-tomito-406.html","og_locale":"hu_HU","og_type":"article","og_title":"Sz\u00e9lv\u00e9d\u0151 t\u00f6m\u00edt\u00e9s","og_description":"\u2713 Hossz\u00fa \u00e9lettartam - ak\u00e1r 20.000 km-ig \u2713 V\u00edzgy\u00f6ngy\u00f6k leperegnek (60+ km\/h), azaz tiszta kil\u00e1t\u00e1s ablakt\u00f6rl\u0151 n\u00e9lk\u00fcl is. \u2713 Er\u0151s tapad\u00e1sg\u00e1tl\u00f3 tulajdons\u00e1gok \u00e9s kevesebb rovartapad\u00e1s","og_url":"https:\/\/www.versiegelung24.com\/hu\/szelvedo-tomito-406.html","og_site_name":"versiegelung24.com","article_modified_time":"2025-01-05T16:36:16+00:00","og_image":[{"width":2560,"height":2560,"url":"https:\/\/www.versiegelung24.com\/wp-content\/uploads\/2023\/09\/windschutz-1-1.webp","type":"image\/webp"}],"twitter_card":"summary_large_image","twitter_misc":{"\u00c1r":"17,99&euro;","El\u00e9rhet\u0151s\u00e9g":"K\u00e9szleten"},"schema":{"@context":"https:\/\/schema.org","@graph":[{"@type":"WebPage","@id":"https:\/\/www.versiegelung24.com\/hu\/szelvedo-tomito-406.html","url":"https:\/\/www.versiegelung24.com\/hu\/szelvedo-tomito-406.html","name":"Sz\u00e9lv\u00e9d\u0151 t\u00f6m\u00edt\u00e9s - versiegelung24.com","isPartOf":{"@id":"https:\/\/www.versiegelung24.com\/hu\/#website"},"primaryImageOfPage":{"@id":"https:\/\/www.versiegelung24.com\/hu\/szelvedo-tomito-406.html#primaryimage"},"image":{"@id":"https:\/\/www.versiegelung24.com\/hu\/szelvedo-tomito-406.html#primaryimage"},"thumbnailUrl":"https:\/\/www.versiegelung24.com\/wp-content\/uploads\/2023\/09\/windschutz-1-1.webp","datePublished":"2023-09-01T13:04:38+00:00","dateModified":"2025-01-05T16:36:16+00:00","breadcrumb":{"@id":"https:\/\/www.versiegelung24.com\/hu\/szelvedo-tomito-406.html#breadcrumb"},"inLanguage":"hu","potentialAction":[{"@type":"ReadAction","target":["https:\/\/www.versiegelung24.com\/hu\/szelvedo-tomito-406.html"]}]},{"@type":"ImageObject","inLanguage":"hu","@id":"https:\/\/www.versiegelung24.com\/hu\/szelvedo-tomito-406.html#primaryimage","url":"https:\/\/www.versiegelung24.com\/wp-content\/uploads\/2023\/09\/windschutz-1-1.webp","contentUrl":"https:\/\/www.versiegelung24.com\/wp-content\/uploads\/2023\/09\/windschutz-1-1.webp","width":2560,"height":2560},{"@type":"BreadcrumbList","@id":"https:\/\/www.versiegelung24.com\/hu\/szelvedo-tomito-406.html#breadcrumb","itemListElement":[{"@type":"ListItem","position":1,"name":"Honlap","item":"https:\/\/www.versiegelung24.com\/hu\/elol\/"},{"@type":"ListItem","position":2,"name":"\u00dczlet","item":"https:\/\/www.versiegelung24.com\/hu\/uzlet\/"},{"@type":"ListItem","position":3,"name":"Sz\u00e9lv\u00e9d\u0151 t\u00f6m\u00edt\u00e9s"}]},{"@type":"WebSite","@id":"https:\/\/www.versiegelung24.com\/hu\/#website","url":"https:\/\/www.versiegelung24.com\/hu\/","name":"versiegelung24.com","description":"Fl\u00fcssigglas-Versiegelung - Made in Germany","publisher":{"@id":"https:\/\/www.versiegelung24.com\/hu\/#organization"},"potentialAction":[{"@type":"SearchAction","target":{"@type":"EntryPoint","urlTemplate":"https:\/\/www.versiegelung24.com\/hu\/?s={search_term_string}"},"query-input":{"@type":"PropertyValueSpecification","valueRequired":true,"valueName":"search_term_string"}}],"inLanguage":"hu"},{"@type":"Organization","@id":"https:\/\/www.versiegelung24.com\/hu\/#organization","name":"versiegelung24","url":"https:\/\/www.versiegelung24.com\/hu\/","logo":{"@type":"ImageObject","inLanguage":"hu","@id":"https:\/\/www.versiegelung24.com\/hu\/#\/schema\/logo\/image\/","url":"https:\/\/www.versiegelung24.com\/wp-content\/uploads\/2020\/04\/versiegelung24.png","contentUrl":"https:\/\/www.versiegelung24.com\/wp-content\/uploads\/2020\/04\/versiegelung24.png","width":470,"height":102,"caption":"versiegelung24"},"image":{"@id":"https:\/\/www.versiegelung24.com\/hu\/#\/schema\/logo\/image\/"}}]},"product_price_amount":"17.99","product_price_currency":"EUR","og_availability":"instock","product_availability":"instock","product_retailer_item_id":"4040-406","product_condition":"new"},"_links":{"self":[{"href":"https:\/\/www.versiegelung24.com\/hu\/wp-json\/wp\/v2\/product\/126071","targetHints":{"allow":["GET"]}}],"collection":[{"href":"https:\/\/www.versiegelung24.com\/hu\/wp-json\/wp\/v2\/product"}],"about":[{"href":"https:\/\/www.versiegelung24.com\/hu\/wp-json\/wp\/v2\/types\/product"}],"version-history":[{"count":8,"href":"https:\/\/www.versiegelung24.com\/hu\/wp-json\/wp\/v2\/product\/126071\/revisions"}],"predecessor-version":[{"id":178332,"href":"https:\/\/www.versiegelung24.com\/hu\/wp-json\/wp\/v2\/product\/126071\/revisions\/178332"}],"wp:featuredmedia":[{"embeddable":true,"href":"https:\/\/www.versiegelung24.com\/hu\/wp-json\/wp\/v2\/media\/132064"}],"wp:attachment":[{"href":"https:\/\/www.versiegelung24.com\/hu\/wp-json\/wp\/v2\/media?parent=126071"}],"wp:term":[{"taxonomy":"product_brand","embeddable":true,"href":"https:\/\/www.versiegelung24.com\/hu\/wp-json\/wp\/v2\/product_brand?post=126071"},{"taxonomy":"product_cat","embeddable":true,"href":"https:\/\/www.versiegelung24.com\/hu\/wp-json\/wp\/v2\/product_cat?post=126071"},{"taxonomy":"product_tag","embeddable":true,"href":"https:\/\/www.versiegelung24.com\/hu\/wp-json\/wp\/v2\/product_tag?post=126071"}],"curies":[{"name":"wp","href":"https:\/\/api.w.org\/{rel}","templated":true}]}}