{"id":145283,"date":"2024-01-07T15:15:48","date_gmt":"2024-01-13T10:21:44","guid":{"rendered":"https:\/\/www.versiegelung24.com\/product\/v24-szennyezo-radir-100x70x30mm\/"},"modified":"2025-01-05T15:45:50","modified_gmt":"2025-01-05T14:45:50","slug":"v24-schmutzradierer-100x70x30mm","status":"publish","type":"product","link":"https:\/\/www.versiegelung24.com\/hu\/v24-schmutzradierer-100x70x30mm.html","title":{"rendered":"V24 Szennyez\u0151 rad\u00edr 100x70x30mm"},"content":{"rendered":"\n<h1 class=\"wp-block-heading\" id=\"h-v24-schmutzradierer-gegen-hartnackige-flecken-online-kaufen\">V24 foltelt\u00e1vol\u00edt\u00f3 a makacs foltok ellen online v\u00e1s\u00e1rolhat\u00f3 meg<\/h1>\n\n<h2 class=\"wp-block-heading\" id=\"h-muhelos-hartnackige-flecken-beseitigen-mit-dem-versiegelung24-com-schmutzradierer\">A Versiegelung24.com foltelt\u00e1vol\u00edt\u00f3val k\u00f6nnyed\u00e9n elt\u00e1vol\u00edthatja a makacs foltokat.<\/h2>\n\n<p>Csak tiszta fel\u00fcleteket lehet <a href=\"https:\/\/www.versiegelung24.com\/fluessigglas-versiegelung\/\">t\u00f6m\u00edt\u0151anyagainkkal<\/a> lez\u00e1rni, ez\u00e9rt elengedhetetlen a k\u00f6nny\u0171 \u00e9s makacs foltok elt\u00e1vol\u00edt\u00e1sa. A szennyez\u0151d\u00e9selt\u00e1vol\u00edt\u00f3 szivacsunk egy cs\u00facstechnol\u00f3gi\u00e1s melamin szivacs, amely t\u00f6k\u00e9letesen alkalmas a fel\u00fcletek tiszt\u00edt\u00e1s\u00e1ra. K\u00fcl\u00f6n\u00f6sen makacs foltok eset\u00e9n javasoljuk a 100%-ban biol\u00f3giailag leboml\u00f3 szerves tiszt\u00edt\u00f3szer\u00fcnk, a <a href=\"https:\/\/www.versiegelung24.com\/hu\/biosativa-biologiai-elotisztito.html\">BIOSATIVA\u00ae<\/a> tov\u00e1bbi haszn\u00e1lat\u00e1t, de vegyi tiszt\u00edt\u00f3szerekre nincs sz\u00fcks\u00e9g.<\/p>\n\n<div class=\"wp-block-columns is-layout-flex wp-container-core-columns-is-layout-9d6595d7 wp-block-columns-is-layout-flex\">\n<div class=\"wp-block-column is-layout-flow wp-block-column-is-layout-flow\">\n<h2 class=\"wp-block-heading\" id=\"properties\">A term\u00e9k jellemz\u0151i<\/h2>\n\n\n\n<ul class=\"wp-block-list\">\n<li>High-tech melamin szivacs<\/li>\n\n\n\n<li>M\u00e9retek: 100x70x30mm<\/li>\n\n\n\n<li>k\u00e9miai \u00f6sszetev\u0151k n\u00e9lk\u00fcl<\/li>\n\n\n\n<li>nem m\u00e9rgez\u0151<\/li>\n<\/ul>\n\n\n\n<h2 class=\"wp-block-heading\" id=\"application\">Hogyan lehet megb\u00edzhat\u00f3an elt\u00e1vol\u00edtani a szennyez\u0151d\u00e9seket rad\u00edrszivacsunkkal?<\/h2>\n\n\n\n<ol class=\"wp-block-list\">\n<li>Nedves\u00edtse meg \u00e9s nyomja ki a szivacsot.<\/li>\n\n\n\n<li>D\u00f6rzs\u00f6lje \u00e1t a szennyez\u0151d\u00e9st enyhe nyom\u00e1ssal<\/li>\n\n\n\n<li>Ezut\u00e1n \u00f6bl\u00edtse le a szivacsot, \u00e9s haszn\u00e1lja \u00fajra.<\/li>\n<\/ol>\n<\/div>\n\n\n\n<div class=\"wp-block-column is-layout-flow wp-block-column-is-layout-flow\">\n<figure class=\"wp-block-image size-full\"><img fetchpriority=\"high\" decoding=\"async\" width=\"1105\" height=\"1105\" src=\"https:\/\/www.versiegelung24.com\/wp-content\/uploads\/2024\/01\/v24-9020-content-1.webp\" alt=\"\" class=\"wp-image-138069\" srcset=\"https:\/\/www.versiegelung24.com\/wp-content\/uploads\/2024\/01\/v24-9020-content-1.webp 1105w, https:\/\/www.versiegelung24.com\/wp-content\/uploads\/2024\/01\/v24-9020-content-1-300x300.webp 300w, https:\/\/www.versiegelung24.com\/wp-content\/uploads\/2024\/01\/v24-9020-content-1-80x80.webp 80w, https:\/\/www.versiegelung24.com\/wp-content\/uploads\/2024\/01\/v24-9020-content-1-768x768.webp 768w, https:\/\/www.versiegelung24.com\/wp-content\/uploads\/2024\/01\/v24-9020-content-1-70x70.webp 70w, https:\/\/www.versiegelung24.com\/wp-content\/uploads\/2024\/01\/v24-9020-content-1-400x400.webp 400w, https:\/\/www.versiegelung24.com\/wp-content\/uploads\/2024\/01\/v24-9020-content-1-600x600.webp 600w, https:\/\/www.versiegelung24.com\/wp-content\/uploads\/2024\/01\/v24-9020-content-1-100x100.webp 100w\" sizes=\"(max-width: 1105px) 100vw, 1105px\" \/><\/figure>\n<\/div>\n<\/div>\n\n<h2 class=\"wp-block-heading\" id=\"h-vielfaltige-einsatzmoglichkeiten-des-schmutzradierers\"><strong>A rad\u00edr sz\u00e9lesk\u00f6r\u0171 felhaszn\u00e1l\u00e1si lehet\u0151s\u00e9gei<\/strong><\/h2>\n\n<p>A Versiegelung24.com szennyez\u0151d\u00e9selt\u00e1vol\u00edt\u00f3ja igazi mindenes, ha makacs foltok \u00e9s szennyez\u0151d\u00e9sek elt\u00e1vol\u00edt\u00e1s\u00e1r\u00f3l van sz\u00f3. Sz\u00e9lesk\u00f6r\u0171 felhaszn\u00e1l\u00e1si lehet\u0151s\u00e9gei miatt n\u00e9lk\u00fcl\u00f6zhetetlen seg\u00edt\u0151je a h\u00e1ztart\u00e1snak. \u00cdme n\u00e9h\u00e1ny p\u00e9lda arra, hogy mire haszn\u00e1lhatja a rad\u00edrunkat:<\/p>\n\n<ol class=\"wp-block-list\">\n<li><strong>Falfoltok elt\u00e1vol\u00edt\u00e1sa:<\/strong> Ide\u00e1lis a falakon l\u00e9v\u0151 foltok \u00e9s foltok, p\u00e9ld\u00e1ul ujjlenyomatok vagy szennyez\u0151d\u00e9sek elt\u00e1vol\u00edt\u00e1s\u00e1ra.<\/li>\n\n\n\n<li><strong>Konyhai k\u00e9sz\u00fcl\u00e9kek tiszt\u00edt\u00e1sa<\/strong>: Hat\u00e9konyan elt\u00e1vol\u00edtja a zs\u00edrt \u00e9s az \u00e9telmarad\u00e9kokat a konyhai fel\u00fcletekr\u0151l, t\u0171zhelyekr\u0151l \u00e9s s\u00fct\u0151kr\u0151l.<\/li>\n\n\n\n<li><strong>F\u00fcrd\u0151szoba tiszt\u00edt\u00e1sa:<\/strong> Elt\u00e1vol\u00edtja a v\u00edzk\u0151- \u00e9s v\u00edzfoltokat a szerelv\u00e9nyekr\u0151l, csemp\u00e9kr\u0151l \u00e9s zuhanykabinokr\u00f3l.<\/li>\n\n\n\n<li><strong>Cip\u0151tiszt\u00edt\u00f3:<\/strong> Elt\u00e1vol\u00edtja a makacs foltokat \u00e9s kop\u00e1sokat az edz\u0151cip\u0151k\u00f6n \u00e9s m\u00e1s cip\u0151anyagokon.<\/li>\n\n\n\n<li><strong>B\u00fator\u00e1pol\u00e1s:<\/strong> Ide\u00e1lis m\u0171anyag vagy fa b\u00fatorfel\u00fcletek tiszt\u00edt\u00e1s\u00e1ra, elt\u00e1vol\u00edtja az ujjlenyomatokat \u00e9s foltokat.<\/li>\n\n\n\n<li><strong>Foltok a text\u00edli\u00e1kon:<\/strong> Biztons\u00e1gosan elt\u00e1vol\u00edtja a foltokat a kanap\u00e9kr\u00f3l, sz\u00e9kekr\u0151l vagy m\u00e1s sz\u00f6vetfel\u00fcletekr\u0151l.<\/li>\n\n\n\n<li><strong>Aut\u00f3bels\u0151 tiszt\u00edt\u00e1sa:<\/strong> T\u00f6k\u00e9letes az aut\u00f3 m\u0171szerfalainak, ajt\u00f3paneleinek \u00e9s egy\u00e9b m\u0171anyag r\u00e9szeinek tiszt\u00edt\u00e1s\u00e1ra.<\/li>\n\n\n\n<li><strong>Sz\u00e1m\u00edt\u00f3g\u00e9pek \u00e9s elektronika:<\/strong> Biztons\u00e1gos a billenty\u0171zetek \u00e9s m\u00e1s \u00e9rz\u00e9keny elektronikus eszk\u00f6z\u00f6k tiszt\u00edt\u00e1s\u00e1hoz.<\/li>\n\n\n\n<li><strong>J\u00e1t\u00e9ktiszt\u00edt\u00f3:<\/strong> Elt\u00e1vol\u00edtja a szennyez\u0151d\u00e9seket \u00e9s foltokat a m\u0171anyag j\u00e1t\u00e9kokr\u00f3l k\u00e1ros vegyi anyagok n\u00e9lk\u00fcl.<\/li>\n\n\n\n<li><strong>Ajt\u00f3k \u00e9s kilincsek:<\/strong> Hat\u00e9kony az ujjlenyomatok \u00e9s szennyez\u0151d\u00e9sek elt\u00e1vol\u00edt\u00e1s\u00e1ra az ajt\u00f3kilincsekr\u0151l \u00e9s keretekr\u0151l.<\/li>\n<\/ol>\n\n<h2 class=\"wp-block-heading\" id=\"h-was-sie-vor-dem-kauf-des-radierschwamms-beachten-sollten\">Mit kell figyelembe venni a rad\u00edrszivacs megv\u00e1s\u00e1rl\u00e1sa el\u0151tt<\/h2>\n\n<h3 class=\"wp-block-heading\" id=\"h-geeignete-oberflachen-fur-den-wunderschwamm\">Alkalmas fel\u00fcletek a csodaszivacshoz<\/h3>\n\n<p>A csodaszivacs sokoldal\u00fa tiszt\u00edt\u00f3eszk\u00f6z, amely k\u00fcl\u00f6nb\u00f6z\u0151 fel\u00fcleteken haszn\u00e1lhat\u00f3. A csodaszivacs sz\u00e1m\u00e1ra alkalmas fel\u00fcletek k\u00f6z\u00e9 tartozik a <strong>m\u0171anyag, rozsdamentes ac\u00e9l, \u00fcveg, ker\u00e1mia, tap\u00e9ta, csempe \u00e9s m\u00e9g sok m\u00e1s<\/strong>. A szivacs hat\u00e9konyan haszn\u00e1lhat\u00f3 ezeken az anyagokon a szennyez\u0151d\u00e9sek, zs\u00edrok \u00e9s maradv\u00e1nyok elt\u00e1vol\u00edt\u00e1s\u00e1ra. A csodaszivacs olyan \u00e9rz\u00e9keny fel\u00fcletekre is alkalmas, mint a fa, mivel karcmentes, \u00e9s nem hagy cs\u00fanya nyomokat. A fel\u00fcletek k\u00edm\u00e9letes tiszt\u00edt\u00e1s\u00e1ra haszn\u00e1lhat\u00f3 an\u00e9lk\u00fcl, hogy k\u00e1ros\u00edtan\u00e1 azokat.  <\/p>\n\n<p><\/p><h3>Mire kell figyelni<\/h3>A szivacs m\u00e9retre v\u00e1ghat\u00f3 a k\u00fcl\u00f6n\u00f6sen neh\u00e9z ter\u00fcletek el\u00e9r\u00e9s\u00e9hez.  <strong>K\u00fcl\u00f6n\u00f6sen \u00e9rz\u00e9keny<\/strong>, <strong>f\u00e9nyes<\/strong>, <strong>festett<\/strong> \u00e9s <strong>pol\u00edrozott<\/strong> <strong>fel\u00fcletekn\u00e9l<\/strong><strong>\u00f3vatoss\u00e1g aj\u00e1nlott<\/strong>! C\u00e9lszer\u0171 el\u0151zetesen tesztet v\u00e9gezni egy nem felt\u0171n\u0151 ter\u00fcleten, \u00e9s megfigyelni, hogy a term\u00e9k kopik, k\u00fcl\u00f6n\u00f6sen durva fel\u00fcleteken. A felhord\u00e1s ut\u00e1n a fel\u00fcleteket tiszta v\u00edzzel kell megtiszt\u00edtani a marad\u00e9kok elt\u00e1vol\u00edt\u00e1sa \u00e9rdek\u00e9ben.\n","protected":false},"excerpt":{"rendered":"<p class=\"MsoNormal\"><strong>Melamin szivacs a fel\u00fcletek el\u0151tiszt\u00edt\u00e1s\u00e1hoz<\/strong><\/p>\n<p>\u2713 \u00dajrafelhaszn\u00e1lhat\u00f3<\/p>\n<p>\u2713 K\u00f6rnyezetbar\u00e1t<\/p>\n<p>\u2713 Handy<\/p>\n<p>\u2713 Univerz\u00e1lisan alkalmazhat\u00f3<\/p>\n<p>\u2713 100x70x30mm<\/p>\n<p>&nbsp;<\/p>\n","protected":false},"featured_media":138040,"template":"","meta":{"_acf_changed":false,"neve_meta_sidebar":"","neve_meta_container":"","neve_meta_enable_content_width":"","neve_meta_content_width":0,"neve_meta_title_alignment":"","neve_meta_author_avatar":"","neve_post_elements_order":"","neve_meta_disable_header":"","neve_meta_disable_footer":"","neve_meta_disable_title":"","neve_meta_reading_time":"","_surfaces":[],"_ver_product_tabs":[],"footnotes":""},"product_brand":[],"product_cat":[2229,2322,2324,2327,2472,3075],"product_tag":[],"class_list":{"0":"post-145283","1":"product","2":"type-product","3":"status-publish","4":"has-post-thumbnail","6":"product_cat-auto-toemitese","7":"product_cat-toemites-ueveghez-es-keramiahoz","8":"product_cat-fem-es-muanyag-toemites","9":"product_cat-tisztito-szerek","10":"product_cat-univerzalis-toemites","11":"product_cat-felszereles","13":"first","14":"instock","15":"taxable","16":"shipping-taxable","17":"purchasable","18":"product-type-simple"},"acf":[],"yoast_head":"<!-- This site is optimized with the Yoast SEO Premium plugin v22.8 (Yoast SEO v27.5) - https:\/\/yoast.com\/product\/yoast-seo-premium-wordpress\/ -->\n<title>V\u00e1s\u00e1roljon olcs\u00f3n rad\u00edrokat online - Versiegelung24.com<\/title>\n<meta name=\"description\" content=\"V\u00e1s\u00e1rolja meg olcs\u00f3n a Versiegelung24.com online \u00e1ruh\u00e1zban a szennyez\u0151d\u00e9srad\u00edrt, \u00e9s t\u00e1vol\u00edtsa el a makacs szennyez\u0151d\u00e9seket k\u00f6nnyed\u00e9n a k\u00fcl\u00f6nb\u00f6z\u0151 fel\u00fcletekr\u0151l.\" \/>\n<meta name=\"robots\" content=\"index, follow, max-snippet:-1, max-image-preview:large, max-video-preview:-1\" \/>\n<link rel=\"canonical\" href=\"https:\/\/www.versiegelung24.com\/hu\/v24-schmutzradierer-100x70x30mm.html\" \/>\n<meta property=\"og:locale\" content=\"hu_HU\" \/>\n<meta property=\"og:type\" content=\"article\" \/>\n<meta property=\"og:title\" content=\"V24 Szennyez\u0151 rad\u00edr 100x70x30mm\" \/>\n<meta property=\"og:description\" content=\"V\u00e1s\u00e1rolja meg olcs\u00f3n a Versiegelung24.com online \u00e1ruh\u00e1zban a szennyez\u0151d\u00e9srad\u00edrt, \u00e9s t\u00e1vol\u00edtsa el a makacs szennyez\u0151d\u00e9seket k\u00f6nnyed\u00e9n a k\u00fcl\u00f6nb\u00f6z\u0151 fel\u00fcletekr\u0151l.\" \/>\n<meta property=\"og:url\" content=\"https:\/\/www.versiegelung24.com\/hu\/v24-schmutzradierer-100x70x30mm.html\" \/>\n<meta property=\"og:site_name\" content=\"versiegelung24.com\" \/>\n<meta property=\"article:modified_time\" content=\"2025-01-05T14:45:50+00:00\" \/>\n<meta property=\"og:image\" content=\"https:\/\/www.versiegelung24.com\/wp-content\/uploads\/2024\/01\/V24-9020-3.webp\" \/>\n\t<meta property=\"og:image:width\" content=\"600\" \/>\n\t<meta property=\"og:image:height\" content=\"600\" \/>\n\t<meta property=\"og:image:type\" content=\"image\/webp\" \/>\n<meta name=\"twitter:card\" content=\"summary_large_image\" \/>\n<meta name=\"twitter:label1\" content=\"\u00c1r\" \/>\n\t<meta name=\"twitter:data1\" content=\"0,99&euro;\" \/>\n\t<meta name=\"twitter:label2\" content=\"El\u00e9rhet\u0151s\u00e9g\" \/>\n\t<meta name=\"twitter:data2\" content=\"K\u00e9szleten\" \/>\n<script type=\"application\/ld+json\" class=\"yoast-schema-graph\">{\"@context\":\"https:\\\/\\\/schema.org\",\"@graph\":[{\"@type\":\"WebPage\",\"@id\":\"https:\\\/\\\/www.versiegelung24.com\\\/hu\\\/v24-schmutzradierer-100x70x30mm.html\",\"url\":\"https:\\\/\\\/www.versiegelung24.com\\\/hu\\\/v24-schmutzradierer-100x70x30mm.html\",\"name\":\"V\u00e1s\u00e1roljon olcs\u00f3n rad\u00edrokat online - Versiegelung24.com\",\"isPartOf\":{\"@id\":\"https:\\\/\\\/www.versiegelung24.com\\\/hu\\\/#website\"},\"primaryImageOfPage\":{\"@id\":\"https:\\\/\\\/www.versiegelung24.com\\\/hu\\\/v24-schmutzradierer-100x70x30mm.html#primaryimage\"},\"image\":{\"@id\":\"https:\\\/\\\/www.versiegelung24.com\\\/hu\\\/v24-schmutzradierer-100x70x30mm.html#primaryimage\"},\"thumbnailUrl\":\"https:\\\/\\\/www.versiegelung24.com\\\/wp-content\\\/uploads\\\/2024\\\/01\\\/V24-9020-3.webp\",\"datePublished\":\"2024-01-13T10:21:44+00:00\",\"dateModified\":\"2025-01-05T14:45:50+00:00\",\"description\":\"V\u00e1s\u00e1rolja meg olcs\u00f3n a Versiegelung24.com online \u00e1ruh\u00e1zban a szennyez\u0151d\u00e9srad\u00edrt, \u00e9s t\u00e1vol\u00edtsa el a makacs szennyez\u0151d\u00e9seket k\u00f6nnyed\u00e9n a k\u00fcl\u00f6nb\u00f6z\u0151 fel\u00fcletekr\u0151l.\",\"breadcrumb\":{\"@id\":\"https:\\\/\\\/www.versiegelung24.com\\\/hu\\\/v24-schmutzradierer-100x70x30mm.html#breadcrumb\"},\"inLanguage\":\"hu\",\"potentialAction\":[{\"@type\":\"ReadAction\",\"target\":[\"https:\\\/\\\/www.versiegelung24.com\\\/hu\\\/v24-schmutzradierer-100x70x30mm.html\"]}]},{\"@type\":\"ImageObject\",\"inLanguage\":\"hu\",\"@id\":\"https:\\\/\\\/www.versiegelung24.com\\\/hu\\\/v24-schmutzradierer-100x70x30mm.html#primaryimage\",\"url\":\"https:\\\/\\\/www.versiegelung24.com\\\/wp-content\\\/uploads\\\/2024\\\/01\\\/V24-9020-3.webp\",\"contentUrl\":\"https:\\\/\\\/www.versiegelung24.com\\\/wp-content\\\/uploads\\\/2024\\\/01\\\/V24-9020-3.webp\",\"width\":600,\"height\":600},{\"@type\":\"BreadcrumbList\",\"@id\":\"https:\\\/\\\/www.versiegelung24.com\\\/hu\\\/v24-schmutzradierer-100x70x30mm.html#breadcrumb\",\"itemListElement\":[{\"@type\":\"ListItem\",\"position\":1,\"name\":\"Honlap\",\"item\":\"https:\\\/\\\/www.versiegelung24.com\\\/hu\\\/elol\\\/\"},{\"@type\":\"ListItem\",\"position\":2,\"name\":\"\u00dczlet\",\"item\":\"https:\\\/\\\/www.versiegelung24.com\\\/hu\\\/uzlet\\\/\"},{\"@type\":\"ListItem\",\"position\":3,\"name\":\"V24 Szennyez\u0151 rad\u00edr 100x70x30mm\"}]},{\"@type\":\"WebSite\",\"@id\":\"https:\\\/\\\/www.versiegelung24.com\\\/hu\\\/#website\",\"url\":\"https:\\\/\\\/www.versiegelung24.com\\\/hu\\\/\",\"name\":\"versiegelung24.com\",\"description\":\"Fl\u00fcssigglas-Versiegelung - Made in Germany\",\"publisher\":{\"@id\":\"https:\\\/\\\/www.versiegelung24.com\\\/hu\\\/#organization\"},\"potentialAction\":[{\"@type\":\"SearchAction\",\"target\":{\"@type\":\"EntryPoint\",\"urlTemplate\":\"https:\\\/\\\/www.versiegelung24.com\\\/hu\\\/?s={search_term_string}\"},\"query-input\":{\"@type\":\"PropertyValueSpecification\",\"valueRequired\":true,\"valueName\":\"search_term_string\"}}],\"inLanguage\":\"hu\"},{\"@type\":\"Organization\",\"@id\":\"https:\\\/\\\/www.versiegelung24.com\\\/hu\\\/#organization\",\"name\":\"versiegelung24\",\"url\":\"https:\\\/\\\/www.versiegelung24.com\\\/hu\\\/\",\"logo\":{\"@type\":\"ImageObject\",\"inLanguage\":\"hu\",\"@id\":\"https:\\\/\\\/www.versiegelung24.com\\\/hu\\\/#\\\/schema\\\/logo\\\/image\\\/\",\"url\":\"https:\\\/\\\/www.versiegelung24.com\\\/wp-content\\\/uploads\\\/2020\\\/04\\\/versiegelung24.png\",\"contentUrl\":\"https:\\\/\\\/www.versiegelung24.com\\\/wp-content\\\/uploads\\\/2020\\\/04\\\/versiegelung24.png\",\"width\":470,\"height\":102,\"caption\":\"versiegelung24\"},\"image\":{\"@id\":\"https:\\\/\\\/www.versiegelung24.com\\\/hu\\\/#\\\/schema\\\/logo\\\/image\\\/\"}}]}<\/script>\n<meta property=\"product:price:amount\" content=\"0.99\" \/>\n<meta property=\"product:price:currency\" content=\"EUR\" \/>\n<meta property=\"og:availability\" content=\"instock\" \/>\n<meta property=\"product:availability\" content=\"instock\" \/>\n<meta property=\"product:retailer_item_id\" content=\"V24-9020-1\" \/>\n<meta property=\"product:condition\" content=\"new\" \/>\n<!-- \/ Yoast SEO Premium plugin. -->","yoast_head_json":{"title":"V\u00e1s\u00e1roljon olcs\u00f3n rad\u00edrokat online - Versiegelung24.com","description":"V\u00e1s\u00e1rolja meg olcs\u00f3n a Versiegelung24.com online \u00e1ruh\u00e1zban a szennyez\u0151d\u00e9srad\u00edrt, \u00e9s t\u00e1vol\u00edtsa el a makacs szennyez\u0151d\u00e9seket k\u00f6nnyed\u00e9n a k\u00fcl\u00f6nb\u00f6z\u0151 fel\u00fcletekr\u0151l.","robots":{"index":"index","follow":"follow","max-snippet":"max-snippet:-1","max-image-preview":"max-image-preview:large","max-video-preview":"max-video-preview:-1"},"canonical":"https:\/\/www.versiegelung24.com\/hu\/v24-schmutzradierer-100x70x30mm.html","og_locale":"hu_HU","og_type":"article","og_title":"V24 Szennyez\u0151 rad\u00edr 100x70x30mm","og_description":"V\u00e1s\u00e1rolja meg olcs\u00f3n a Versiegelung24.com online \u00e1ruh\u00e1zban a szennyez\u0151d\u00e9srad\u00edrt, \u00e9s t\u00e1vol\u00edtsa el a makacs szennyez\u0151d\u00e9seket k\u00f6nnyed\u00e9n a k\u00fcl\u00f6nb\u00f6z\u0151 fel\u00fcletekr\u0151l.","og_url":"https:\/\/www.versiegelung24.com\/hu\/v24-schmutzradierer-100x70x30mm.html","og_site_name":"versiegelung24.com","article_modified_time":"2025-01-05T14:45:50+00:00","og_image":[{"width":600,"height":600,"url":"https:\/\/www.versiegelung24.com\/wp-content\/uploads\/2024\/01\/V24-9020-3.webp","type":"image\/webp"}],"twitter_card":"summary_large_image","twitter_misc":{"\u00c1r":"0,99&euro;","El\u00e9rhet\u0151s\u00e9g":"K\u00e9szleten"},"schema":{"@context":"https:\/\/schema.org","@graph":[{"@type":"WebPage","@id":"https:\/\/www.versiegelung24.com\/hu\/v24-schmutzradierer-100x70x30mm.html","url":"https:\/\/www.versiegelung24.com\/hu\/v24-schmutzradierer-100x70x30mm.html","name":"V\u00e1s\u00e1roljon olcs\u00f3n rad\u00edrokat online - Versiegelung24.com","isPartOf":{"@id":"https:\/\/www.versiegelung24.com\/hu\/#website"},"primaryImageOfPage":{"@id":"https:\/\/www.versiegelung24.com\/hu\/v24-schmutzradierer-100x70x30mm.html#primaryimage"},"image":{"@id":"https:\/\/www.versiegelung24.com\/hu\/v24-schmutzradierer-100x70x30mm.html#primaryimage"},"thumbnailUrl":"https:\/\/www.versiegelung24.com\/wp-content\/uploads\/2024\/01\/V24-9020-3.webp","datePublished":"2024-01-13T10:21:44+00:00","dateModified":"2025-01-05T14:45:50+00:00","description":"V\u00e1s\u00e1rolja meg olcs\u00f3n a Versiegelung24.com online \u00e1ruh\u00e1zban a szennyez\u0151d\u00e9srad\u00edrt, \u00e9s t\u00e1vol\u00edtsa el a makacs szennyez\u0151d\u00e9seket k\u00f6nnyed\u00e9n a k\u00fcl\u00f6nb\u00f6z\u0151 fel\u00fcletekr\u0151l.","breadcrumb":{"@id":"https:\/\/www.versiegelung24.com\/hu\/v24-schmutzradierer-100x70x30mm.html#breadcrumb"},"inLanguage":"hu","potentialAction":[{"@type":"ReadAction","target":["https:\/\/www.versiegelung24.com\/hu\/v24-schmutzradierer-100x70x30mm.html"]}]},{"@type":"ImageObject","inLanguage":"hu","@id":"https:\/\/www.versiegelung24.com\/hu\/v24-schmutzradierer-100x70x30mm.html#primaryimage","url":"https:\/\/www.versiegelung24.com\/wp-content\/uploads\/2024\/01\/V24-9020-3.webp","contentUrl":"https:\/\/www.versiegelung24.com\/wp-content\/uploads\/2024\/01\/V24-9020-3.webp","width":600,"height":600},{"@type":"BreadcrumbList","@id":"https:\/\/www.versiegelung24.com\/hu\/v24-schmutzradierer-100x70x30mm.html#breadcrumb","itemListElement":[{"@type":"ListItem","position":1,"name":"Honlap","item":"https:\/\/www.versiegelung24.com\/hu\/elol\/"},{"@type":"ListItem","position":2,"name":"\u00dczlet","item":"https:\/\/www.versiegelung24.com\/hu\/uzlet\/"},{"@type":"ListItem","position":3,"name":"V24 Szennyez\u0151 rad\u00edr 100x70x30mm"}]},{"@type":"WebSite","@id":"https:\/\/www.versiegelung24.com\/hu\/#website","url":"https:\/\/www.versiegelung24.com\/hu\/","name":"versiegelung24.com","description":"Fl\u00fcssigglas-Versiegelung - Made in Germany","publisher":{"@id":"https:\/\/www.versiegelung24.com\/hu\/#organization"},"potentialAction":[{"@type":"SearchAction","target":{"@type":"EntryPoint","urlTemplate":"https:\/\/www.versiegelung24.com\/hu\/?s={search_term_string}"},"query-input":{"@type":"PropertyValueSpecification","valueRequired":true,"valueName":"search_term_string"}}],"inLanguage":"hu"},{"@type":"Organization","@id":"https:\/\/www.versiegelung24.com\/hu\/#organization","name":"versiegelung24","url":"https:\/\/www.versiegelung24.com\/hu\/","logo":{"@type":"ImageObject","inLanguage":"hu","@id":"https:\/\/www.versiegelung24.com\/hu\/#\/schema\/logo\/image\/","url":"https:\/\/www.versiegelung24.com\/wp-content\/uploads\/2020\/04\/versiegelung24.png","contentUrl":"https:\/\/www.versiegelung24.com\/wp-content\/uploads\/2020\/04\/versiegelung24.png","width":470,"height":102,"caption":"versiegelung24"},"image":{"@id":"https:\/\/www.versiegelung24.com\/hu\/#\/schema\/logo\/image\/"}}]},"product_price_amount":"0.99","product_price_currency":"EUR","og_availability":"instock","product_availability":"instock","product_retailer_item_id":"V24-9020-1","product_condition":"new"},"_links":{"self":[{"href":"https:\/\/www.versiegelung24.com\/hu\/wp-json\/wp\/v2\/product\/145283","targetHints":{"allow":["GET"]}}],"collection":[{"href":"https:\/\/www.versiegelung24.com\/hu\/wp-json\/wp\/v2\/product"}],"about":[{"href":"https:\/\/www.versiegelung24.com\/hu\/wp-json\/wp\/v2\/types\/product"}],"version-history":[{"count":1,"href":"https:\/\/www.versiegelung24.com\/hu\/wp-json\/wp\/v2\/product\/145283\/revisions"}],"predecessor-version":[{"id":145290,"href":"https:\/\/www.versiegelung24.com\/hu\/wp-json\/wp\/v2\/product\/145283\/revisions\/145290"}],"wp:featuredmedia":[{"embeddable":true,"href":"https:\/\/www.versiegelung24.com\/hu\/wp-json\/wp\/v2\/media\/138040"}],"wp:attachment":[{"href":"https:\/\/www.versiegelung24.com\/hu\/wp-json\/wp\/v2\/media?parent=145283"}],"wp:term":[{"taxonomy":"product_brand","embeddable":true,"href":"https:\/\/www.versiegelung24.com\/hu\/wp-json\/wp\/v2\/product_brand?post=145283"},{"taxonomy":"product_cat","embeddable":true,"href":"https:\/\/www.versiegelung24.com\/hu\/wp-json\/wp\/v2\/product_cat?post=145283"},{"taxonomy":"product_tag","embeddable":true,"href":"https:\/\/www.versiegelung24.com\/hu\/wp-json\/wp\/v2\/product_tag?post=145283"}],"curies":[{"name":"wp","href":"https:\/\/api.w.org\/{rel}","templated":true}]}}