{"id":160929,"date":"2024-05-06T17:28:31","date_gmt":"2024-05-06T15:28:33","guid":{"rendered":"https:\/\/www.versiegelung24.com\/?post_type=product&#038;p=160929"},"modified":"2025-01-13T17:08:33","modified_gmt":"2025-01-13T16:08:33","slug":"arbeitshandschuhe-nylon-schwarz-groesse-9","status":"publish","type":"product","link":"https:\/\/www.versiegelung24.com\/hu\/arbeitshandschuhe-nylon-schwarz-groesse-9.html","title":{"rendered":"Munkakeszty\u0171 nejlon fekete 9-es m\u00e9ret"},"content":{"rendered":"\n<h4 class=\"wp-block-heading\" id=\"h-beschreibung\">A le\u00edr\u00e1s a<\/h4>\n\n<p>Nylon keszty\u0171 univerz\u00e1lis haszn\u00e1latra, k\u00fcl\u00f6nleges cs\u00fasz\u00e1s- \u00e9s kop\u00e1s\u00e1ll\u00f3s\u00e1ggal. A nejlon keszty\u0171 z\u00f6kken\u0151mentesen k\u00f6t\u00f6tt, irrit\u00e1l\u00f3 varratok n\u00e9lk\u00fcl, \u00edgy megakad\u00e1lyozza a b\u0151rirrit\u00e1ci\u00f3t. T\u00f6k\u00e9letes illeszked\u00e9s\u00fcknek k\u00f6sz\u00f6nhet\u0151en k\u00fcl\u00f6n\u00f6sen magas szint\u0171 k\u00e9nyelmet ny\u00fajtanak. A keszty\u0171 moshat\u00f3 \u00e9s \u00fajrafelhaszn\u00e1lhat\u00f3, \u00e9s k\u00fcl\u00f6n\u00f6sen alkalmas pl. az aut\u00f3iparban, a kert\u00e9szetben, a bark\u00e1csol\u00e1sban stb.<\/p>\n\n<hr \/>\n\n<h4 class=\"wp-block-heading\" id=\"properties\">A term\u00e9k jellemz\u0151i<\/h4>\n\n<div class=\"wp-block-columns is-layout-flex wp-container-core-columns-is-layout-9d6595d7 wp-block-columns-is-layout-flex\">\n<div class=\"wp-block-column is-layout-flow wp-block-column-is-layout-flow\">\n<p>\u2713 Els\u0151 oszt\u00e1ly\u00fa, v\u00e9kony poliuret\u00e1n bevonat a teny\u00e9ren \u00e9s az ujjakon<\/p>\n\n\n\n<p>\u2713 Z\u00f6kken\u0151mentesen k\u00f6t\u00f6tt, irrit\u00e1l\u00f3 varratok n\u00e9lk\u00fcl a b\u0151rirrit\u00e1ci\u00f3 megel\u0151z\u00e9se \u00e9rdek\u00e9ben<\/p>\n\n\n\n<p>\u2713 Rendk\u00edv\u00fcl k\u00e9nyelmes a t\u00f6k\u00e9letes illeszked\u00e9snek k\u00f6sz\u00f6nhet\u0151en<\/p>\n\n\n\n<p>\u2713 Az EN 388 szabv\u00e1ny szerint gy\u00e1rtva<\/p>\n\n\n\n<p>\u2713 Ide\u00e1lis szinte minden szerel\u00e9si munk\u00e1hoz a finommechanik\u00e1ban \u00e9s mindenhol, ahol pontoss\u00e1gra van sz\u00fcks\u00e9g.<\/p>\n\n\n\n<p>\u2713 Nincs k\u00e9zf\u00e1rad\u00e1s a keszty\u0171 visel\u00e9se miatt<\/p>\n\n\n\n<p>\u2713 A k\u00e9z h\u00e1ts\u00f3 r\u00e9sze bevonat n\u00e9lk\u00fcli \u00e9s nagyon l\u00e9legz\u0151<\/p>\n\n\n\n<p>\u2713 Moshat\u00f3<\/p>\n\n\n\n<p>\u2713 M\u00e9ret: 9<\/p>\n<\/div>\n<\/div>\n","protected":false},"excerpt":{"rendered":"<div class=\"product_text_extra\">\n<p>\u2713 K\u00fcl\u00f6n\u00f6sen cs\u00fasz\u00e1s- \u00e9s kop\u00e1s\u00e1ll\u00f3<\/p>\n<p>\u2713 A k\u00e9z h\u00e1ts\u00f3 r\u00e9sze bevonat n\u00e9lk\u00fcli \u00e9s nagyon l\u00e9legz\u0151<\/p>\n<p>\u2713 Rendk\u00edv\u00fcl k\u00e9nyelmes a t\u00f6k\u00e9letes illeszked\u00e9snek k\u00f6sz\u00f6nhet\u0151en<\/p>\n<p>\u2713 Moshat\u00f3 \u00e9s \u00fajrafelhaszn\u00e1lhat\u00f3<\/p>\n<p>\u2713 Az EN388 szabv\u00e1ny szerint gy\u00e1rtva<\/p>\n<\/div>\n","protected":false},"featured_media":161005,"template":"","meta":{"_acf_changed":false,"neve_meta_sidebar":"","neve_meta_container":"","neve_meta_enable_content_width":"","neve_meta_content_width":0,"neve_meta_title_alignment":"","neve_meta_author_avatar":"","neve_post_elements_order":"","neve_meta_disable_header":"","neve_meta_disable_footer":"","neve_meta_disable_title":"","neve_meta_reading_time":"","_surfaces":[],"_ver_product_tabs":[],"footnotes":""},"product_brand":[],"product_cat":[3075],"product_tag":[],"class_list":{"0":"post-160929","1":"product","2":"type-product","3":"status-publish","4":"has-post-thumbnail","6":"product_cat-felszereles","8":"first","9":"instock","10":"taxable","11":"shipping-taxable","12":"purchasable","13":"product-type-simple"},"acf":[],"yoast_head":"<!-- This site is optimized with the Yoast SEO Premium plugin v22.8 (Yoast SEO v27.5) - https:\/\/yoast.com\/product\/yoast-seo-premium-wordpress\/ -->\n<title>Munkakeszty\u0171 nejlon fekete 9-es m\u00e9ret - versiegelung24.com<\/title>\n<meta name=\"robots\" content=\"index, follow, max-snippet:-1, max-image-preview:large, max-video-preview:-1\" \/>\n<link rel=\"canonical\" href=\"https:\/\/www.versiegelung24.com\/hu\/arbeitshandschuhe-nylon-schwarz-groesse-9.html\" \/>\n<meta property=\"og:locale\" content=\"hu_HU\" \/>\n<meta property=\"og:type\" content=\"article\" \/>\n<meta property=\"og:title\" content=\"Munkakeszty\u0171 nejlon fekete 9-es m\u00e9ret\" \/>\n<meta property=\"og:description\" content=\"\u2713 K\u00fcl\u00f6n\u00f6sen cs\u00fasz\u00e1s- \u00e9s kop\u00e1s\u00e1ll\u00f3 \u2713 A k\u00e9z h\u00e1ts\u00f3 r\u00e9sze bevonat n\u00e9lk\u00fcli \u00e9s nagyon l\u00e9legz\u0151 \u2713 Rendk\u00edv\u00fcl k\u00e9nyelmes a t\u00f6k\u00e9letes illeszked\u00e9snek k\u00f6sz\u00f6nhet\u0151en \u2713 Moshat\u00f3 \u00e9s \u00fajrafelhaszn\u00e1lhat\u00f3 \u2713 Az EN388 szabv\u00e1ny szerint gy\u00e1rtva\" \/>\n<meta property=\"og:url\" content=\"https:\/\/www.versiegelung24.com\/hu\/arbeitshandschuhe-nylon-schwarz-groesse-9.html\" \/>\n<meta property=\"og:site_name\" content=\"versiegelung24.com\" \/>\n<meta property=\"article:modified_time\" content=\"2025-01-13T16:08:33+00:00\" \/>\n<meta name=\"twitter:card\" content=\"summary_large_image\" \/>\n<meta name=\"twitter:label1\" content=\"\u00c1r\" \/>\n\t<meta name=\"twitter:data1\" content=\"2,49&euro;\" \/>\n\t<meta name=\"twitter:label2\" content=\"El\u00e9rhet\u0151s\u00e9g\" \/>\n\t<meta name=\"twitter:data2\" content=\"K\u00e9szleten\" \/>\n<script type=\"application\/ld+json\" class=\"yoast-schema-graph\">{\"@context\":\"https:\\\/\\\/schema.org\",\"@graph\":[{\"@type\":\"WebPage\",\"@id\":\"https:\\\/\\\/www.versiegelung24.com\\\/hu\\\/arbeitshandschuhe-nylon-schwarz-groesse-9.html\",\"url\":\"https:\\\/\\\/www.versiegelung24.com\\\/hu\\\/arbeitshandschuhe-nylon-schwarz-groesse-9.html\",\"name\":\"Munkakeszty\u0171 nejlon fekete 9-es m\u00e9ret - versiegelung24.com\",\"isPartOf\":{\"@id\":\"https:\\\/\\\/www.versiegelung24.com\\\/hu\\\/#website\"},\"primaryImageOfPage\":{\"@id\":\"https:\\\/\\\/www.versiegelung24.com\\\/hu\\\/arbeitshandschuhe-nylon-schwarz-groesse-9.html#primaryimage\"},\"image\":{\"@id\":\"https:\\\/\\\/www.versiegelung24.com\\\/hu\\\/arbeitshandschuhe-nylon-schwarz-groesse-9.html#primaryimage\"},\"thumbnailUrl\":\"https:\\\/\\\/www.versiegelung24.com\\\/wp-content\\\/uploads\\\/2024\\\/05\\\/nitril-oben.webp\",\"datePublished\":\"2024-05-06T15:28:33+00:00\",\"dateModified\":\"2025-01-13T16:08:33+00:00\",\"breadcrumb\":{\"@id\":\"https:\\\/\\\/www.versiegelung24.com\\\/hu\\\/arbeitshandschuhe-nylon-schwarz-groesse-9.html#breadcrumb\"},\"inLanguage\":\"hu\",\"potentialAction\":[{\"@type\":\"ReadAction\",\"target\":[\"https:\\\/\\\/www.versiegelung24.com\\\/hu\\\/arbeitshandschuhe-nylon-schwarz-groesse-9.html\"]}]},{\"@type\":\"ImageObject\",\"inLanguage\":\"hu\",\"@id\":\"https:\\\/\\\/www.versiegelung24.com\\\/hu\\\/arbeitshandschuhe-nylon-schwarz-groesse-9.html#primaryimage\",\"url\":\"https:\\\/\\\/www.versiegelung24.com\\\/wp-content\\\/uploads\\\/2024\\\/05\\\/nitril-oben.webp\",\"contentUrl\":\"https:\\\/\\\/www.versiegelung24.com\\\/wp-content\\\/uploads\\\/2024\\\/05\\\/nitril-oben.webp\",\"width\":2000,\"height\":2000},{\"@type\":\"BreadcrumbList\",\"@id\":\"https:\\\/\\\/www.versiegelung24.com\\\/hu\\\/arbeitshandschuhe-nylon-schwarz-groesse-9.html#breadcrumb\",\"itemListElement\":[{\"@type\":\"ListItem\",\"position\":1,\"name\":\"Honlap\",\"item\":\"https:\\\/\\\/www.versiegelung24.com\\\/hu\\\/elol\\\/\"},{\"@type\":\"ListItem\",\"position\":2,\"name\":\"\u00dczlet\",\"item\":\"https:\\\/\\\/www.versiegelung24.com\\\/hu\\\/uzlet\\\/\"},{\"@type\":\"ListItem\",\"position\":3,\"name\":\"Munkakeszty\u0171 nejlon fekete 9-es m\u00e9ret\"}]},{\"@type\":\"WebSite\",\"@id\":\"https:\\\/\\\/www.versiegelung24.com\\\/hu\\\/#website\",\"url\":\"https:\\\/\\\/www.versiegelung24.com\\\/hu\\\/\",\"name\":\"versiegelung24.com\",\"description\":\"Fl\u00fcssigglas-Versiegelung - Made in Germany\",\"publisher\":{\"@id\":\"https:\\\/\\\/www.versiegelung24.com\\\/hu\\\/#organization\"},\"potentialAction\":[{\"@type\":\"SearchAction\",\"target\":{\"@type\":\"EntryPoint\",\"urlTemplate\":\"https:\\\/\\\/www.versiegelung24.com\\\/hu\\\/?s={search_term_string}\"},\"query-input\":{\"@type\":\"PropertyValueSpecification\",\"valueRequired\":true,\"valueName\":\"search_term_string\"}}],\"inLanguage\":\"hu\"},{\"@type\":\"Organization\",\"@id\":\"https:\\\/\\\/www.versiegelung24.com\\\/hu\\\/#organization\",\"name\":\"versiegelung24\",\"url\":\"https:\\\/\\\/www.versiegelung24.com\\\/hu\\\/\",\"logo\":{\"@type\":\"ImageObject\",\"inLanguage\":\"hu\",\"@id\":\"https:\\\/\\\/www.versiegelung24.com\\\/hu\\\/#\\\/schema\\\/logo\\\/image\\\/\",\"url\":\"https:\\\/\\\/www.versiegelung24.com\\\/wp-content\\\/uploads\\\/2020\\\/04\\\/versiegelung24.png\",\"contentUrl\":\"https:\\\/\\\/www.versiegelung24.com\\\/wp-content\\\/uploads\\\/2020\\\/04\\\/versiegelung24.png\",\"width\":470,\"height\":102,\"caption\":\"versiegelung24\"},\"image\":{\"@id\":\"https:\\\/\\\/www.versiegelung24.com\\\/hu\\\/#\\\/schema\\\/logo\\\/image\\\/\"}}]}<\/script>\n<meta property=\"product:price:amount\" content=\"2.49\" \/>\n<meta property=\"product:price:currency\" content=\"EUR\" \/>\n<meta property=\"og:availability\" content=\"instock\" \/>\n<meta property=\"product:availability\" content=\"instock\" \/>\n<meta property=\"product:retailer_item_id\" content=\"V24-SB340-9\" \/>\n<meta property=\"product:condition\" content=\"new\" \/>\n<!-- \/ Yoast SEO Premium plugin. -->","yoast_head_json":{"title":"Munkakeszty\u0171 nejlon fekete 9-es m\u00e9ret - versiegelung24.com","robots":{"index":"index","follow":"follow","max-snippet":"max-snippet:-1","max-image-preview":"max-image-preview:large","max-video-preview":"max-video-preview:-1"},"canonical":"https:\/\/www.versiegelung24.com\/hu\/arbeitshandschuhe-nylon-schwarz-groesse-9.html","og_locale":"hu_HU","og_type":"article","og_title":"Munkakeszty\u0171 nejlon fekete 9-es m\u00e9ret","og_description":"\u2713 K\u00fcl\u00f6n\u00f6sen cs\u00fasz\u00e1s- \u00e9s kop\u00e1s\u00e1ll\u00f3 \u2713 A k\u00e9z h\u00e1ts\u00f3 r\u00e9sze bevonat n\u00e9lk\u00fcli \u00e9s nagyon l\u00e9legz\u0151 \u2713 Rendk\u00edv\u00fcl k\u00e9nyelmes a t\u00f6k\u00e9letes illeszked\u00e9snek k\u00f6sz\u00f6nhet\u0151en \u2713 Moshat\u00f3 \u00e9s \u00fajrafelhaszn\u00e1lhat\u00f3 \u2713 Az EN388 szabv\u00e1ny szerint gy\u00e1rtva","og_url":"https:\/\/www.versiegelung24.com\/hu\/arbeitshandschuhe-nylon-schwarz-groesse-9.html","og_site_name":"versiegelung24.com","article_modified_time":"2025-01-13T16:08:33+00:00","twitter_card":"summary_large_image","twitter_misc":{"\u00c1r":"2,49&euro;","El\u00e9rhet\u0151s\u00e9g":"K\u00e9szleten"},"schema":{"@context":"https:\/\/schema.org","@graph":[{"@type":"WebPage","@id":"https:\/\/www.versiegelung24.com\/hu\/arbeitshandschuhe-nylon-schwarz-groesse-9.html","url":"https:\/\/www.versiegelung24.com\/hu\/arbeitshandschuhe-nylon-schwarz-groesse-9.html","name":"Munkakeszty\u0171 nejlon fekete 9-es m\u00e9ret - versiegelung24.com","isPartOf":{"@id":"https:\/\/www.versiegelung24.com\/hu\/#website"},"primaryImageOfPage":{"@id":"https:\/\/www.versiegelung24.com\/hu\/arbeitshandschuhe-nylon-schwarz-groesse-9.html#primaryimage"},"image":{"@id":"https:\/\/www.versiegelung24.com\/hu\/arbeitshandschuhe-nylon-schwarz-groesse-9.html#primaryimage"},"thumbnailUrl":"https:\/\/www.versiegelung24.com\/wp-content\/uploads\/2024\/05\/nitril-oben.webp","datePublished":"2024-05-06T15:28:33+00:00","dateModified":"2025-01-13T16:08:33+00:00","breadcrumb":{"@id":"https:\/\/www.versiegelung24.com\/hu\/arbeitshandschuhe-nylon-schwarz-groesse-9.html#breadcrumb"},"inLanguage":"hu","potentialAction":[{"@type":"ReadAction","target":["https:\/\/www.versiegelung24.com\/hu\/arbeitshandschuhe-nylon-schwarz-groesse-9.html"]}]},{"@type":"ImageObject","inLanguage":"hu","@id":"https:\/\/www.versiegelung24.com\/hu\/arbeitshandschuhe-nylon-schwarz-groesse-9.html#primaryimage","url":"https:\/\/www.versiegelung24.com\/wp-content\/uploads\/2024\/05\/nitril-oben.webp","contentUrl":"https:\/\/www.versiegelung24.com\/wp-content\/uploads\/2024\/05\/nitril-oben.webp","width":2000,"height":2000},{"@type":"BreadcrumbList","@id":"https:\/\/www.versiegelung24.com\/hu\/arbeitshandschuhe-nylon-schwarz-groesse-9.html#breadcrumb","itemListElement":[{"@type":"ListItem","position":1,"name":"Honlap","item":"https:\/\/www.versiegelung24.com\/hu\/elol\/"},{"@type":"ListItem","position":2,"name":"\u00dczlet","item":"https:\/\/www.versiegelung24.com\/hu\/uzlet\/"},{"@type":"ListItem","position":3,"name":"Munkakeszty\u0171 nejlon fekete 9-es m\u00e9ret"}]},{"@type":"WebSite","@id":"https:\/\/www.versiegelung24.com\/hu\/#website","url":"https:\/\/www.versiegelung24.com\/hu\/","name":"versiegelung24.com","description":"Fl\u00fcssigglas-Versiegelung - Made in Germany","publisher":{"@id":"https:\/\/www.versiegelung24.com\/hu\/#organization"},"potentialAction":[{"@type":"SearchAction","target":{"@type":"EntryPoint","urlTemplate":"https:\/\/www.versiegelung24.com\/hu\/?s={search_term_string}"},"query-input":{"@type":"PropertyValueSpecification","valueRequired":true,"valueName":"search_term_string"}}],"inLanguage":"hu"},{"@type":"Organization","@id":"https:\/\/www.versiegelung24.com\/hu\/#organization","name":"versiegelung24","url":"https:\/\/www.versiegelung24.com\/hu\/","logo":{"@type":"ImageObject","inLanguage":"hu","@id":"https:\/\/www.versiegelung24.com\/hu\/#\/schema\/logo\/image\/","url":"https:\/\/www.versiegelung24.com\/wp-content\/uploads\/2020\/04\/versiegelung24.png","contentUrl":"https:\/\/www.versiegelung24.com\/wp-content\/uploads\/2020\/04\/versiegelung24.png","width":470,"height":102,"caption":"versiegelung24"},"image":{"@id":"https:\/\/www.versiegelung24.com\/hu\/#\/schema\/logo\/image\/"}}]},"product_price_amount":"2.49","product_price_currency":"EUR","og_availability":"instock","product_availability":"instock","product_retailer_item_id":"V24-SB340-9","product_condition":"new"},"_links":{"self":[{"href":"https:\/\/www.versiegelung24.com\/hu\/wp-json\/wp\/v2\/product\/160929","targetHints":{"allow":["GET"]}}],"collection":[{"href":"https:\/\/www.versiegelung24.com\/hu\/wp-json\/wp\/v2\/product"}],"about":[{"href":"https:\/\/www.versiegelung24.com\/hu\/wp-json\/wp\/v2\/types\/product"}],"version-history":[{"count":4,"href":"https:\/\/www.versiegelung24.com\/hu\/wp-json\/wp\/v2\/product\/160929\/revisions"}],"predecessor-version":[{"id":180725,"href":"https:\/\/www.versiegelung24.com\/hu\/wp-json\/wp\/v2\/product\/160929\/revisions\/180725"}],"wp:featuredmedia":[{"embeddable":true,"href":"https:\/\/www.versiegelung24.com\/hu\/wp-json\/wp\/v2\/media\/161005"}],"wp:attachment":[{"href":"https:\/\/www.versiegelung24.com\/hu\/wp-json\/wp\/v2\/media?parent=160929"}],"wp:term":[{"taxonomy":"product_brand","embeddable":true,"href":"https:\/\/www.versiegelung24.com\/hu\/wp-json\/wp\/v2\/product_brand?post=160929"},{"taxonomy":"product_cat","embeddable":true,"href":"https:\/\/www.versiegelung24.com\/hu\/wp-json\/wp\/v2\/product_cat?post=160929"},{"taxonomy":"product_tag","embeddable":true,"href":"https:\/\/www.versiegelung24.com\/hu\/wp-json\/wp\/v2\/product_tag?post=160929"}],"curies":[{"name":"wp","href":"https:\/\/api.w.org\/{rel}","templated":true}]}}