{"id":175324,"date":"2024-09-24T07:29:11","date_gmt":"2024-09-24T05:29:11","guid":{"rendered":"https:\/\/www.versiegelung24.com\/product\/graffiti-vedo-bevonat-anti-graffiti-bevonat-7626-minta\/"},"modified":"2025-10-25T21:30:29","modified_gmt":"2025-10-25T19:30:29","slug":"graffiti-vedo-bevonat-anti-graffiti-bevonat-7626-minta","status":"publish","type":"product","link":"https:\/\/www.versiegelung24.com\/hu\/graffiti-vedo-bevonat-anti-graffiti-bevonat-7626-minta.html","title":{"rendered":"Minta: Graffitiv\u00e9d\u0151 bevonat &#8211; Graffiti elleni bevonat &#8211; 7626 &#8211; Minta"},"content":{"rendered":"\n<p><a href=\"https:\/\/www.versiegelung24.com\/hu\/graffiti-elleni-vedobevonat-rendkivuel-hatekony-homlokzattoemites.html\">Itt term\u00e9kinform\u00e1ci\u00f3kat tal\u00e1l<\/a><\/p>\n","protected":false},"excerpt":{"rendered":"<p style=\"box-sizing: border-box; margin: 0px 0px 5px; padding: 0px; color: #000000; font-family: Helvetica, HelveticaNeue, 'Helvetica Neue', Arial, sans-serif;\">\u2713 K\u00f6nnyen haszn\u00e1lhat\u00f3: nincs sz\u00fcks\u00e9g kever\u00e9sre stb<\/p>\n<p style=\"box-sizing: border-box; margin: 0px 0px 5px; padding: 0px; color: #000000; font-family: Helvetica, HelveticaNeue, 'Helvetica Neue', Arial, sans-serif;\">\u2713 Hossz\u00fa t\u00e1v\u00fa v\u00e9delem \u00e9s szat\u00e9n bevonat<\/p>\n<p style=\"box-sizing: border-box; margin: 0px 0px 5px; padding: 0px; color: #000000; font-family: Helvetica, HelveticaNeue, 'Helvetica Neue', Arial, sans-serif;\">\u2713 Teljes fed\u00e9s: nincs \u00e1rny\u00e9kol\u00e1s<\/p>\n<p style=\"box-sizing: border-box; margin: 0px 0px 5px; padding: 0px; color: #000000; font-family: Helvetica, HelveticaNeue, 'Helvetica Neue', Arial, sans-serif;\">\u2713 A fest\u00e9s ut\u00e1n a graffitik v\u00edzzel k\u00f6nnyen elt\u00e1vol\u00edthat\u00f3k<\/p>\n<p style=\"box-sizing: border-box; margin: 0px 0px 5px; padding: 0px; color: #000000; font-family: Helvetica, HelveticaNeue, 'Helvetica Neue', Arial, sans-serif;\">\u2713 \u00c9rint\u00e9ssz\u00e1raz 3-4 \u00f3ra eltelt\u00e9vel<\/p>\n","protected":false},"featured_media":14611,"template":"","meta":{"_acf_changed":false,"neve_meta_sidebar":"","neve_meta_container":"","neve_meta_enable_content_width":"","neve_meta_content_width":0,"neve_meta_title_alignment":"","neve_meta_author_avatar":"","neve_post_elements_order":"","neve_meta_disable_header":"","neve_meta_disable_footer":"","neve_meta_disable_title":"","neve_meta_reading_time":"","_surfaces":[],"_ver_product_tabs":[],"footnotes":""},"product_brand":[],"product_cat":[2653],"product_tag":[],"class_list":{"0":"post-175324","1":"product","2":"type-product","3":"status-publish","4":"has-post-thumbnail","6":"product_cat-sablon","8":"first","9":"instock","10":"sold-individually","11":"taxable","12":"shipping-taxable","13":"purchasable","14":"product-type-simple"},"acf":[],"yoast_head":"<!-- This site is optimized with the Yoast SEO Premium plugin v22.8 (Yoast SEO v27.3) - https:\/\/yoast.com\/product\/yoast-seo-premium-wordpress\/ -->\n<title>Minta: Graffitiv\u00e9d\u0151 bevonat - Graffiti elleni bevonat - 7626 - Minta - versiegelung24.com<\/title>\n<meta name=\"robots\" content=\"index, follow, max-snippet:-1, max-image-preview:large, max-video-preview:-1\" \/>\n<link rel=\"canonical\" href=\"https:\/\/www.versiegelung24.com\/hu\/graffiti-vedo-bevonat-anti-graffiti-bevonat-7626-minta.html\" \/>\n<meta property=\"og:locale\" content=\"hu_HU\" \/>\n<meta property=\"og:type\" content=\"article\" \/>\n<meta property=\"og:title\" content=\"Minta: Graffitiv\u00e9d\u0151 bevonat - Graffiti elleni bevonat - 7626 - Minta\" \/>\n<meta property=\"og:description\" content=\"\u2713 K\u00f6nnyen haszn\u00e1lhat\u00f3: nincs sz\u00fcks\u00e9g kever\u00e9sre stb \u2713 Hossz\u00fa t\u00e1v\u00fa v\u00e9delem \u00e9s szat\u00e9n bevonat \u2713 Teljes fed\u00e9s: nincs \u00e1rny\u00e9kol\u00e1s \u2713 A fest\u00e9s ut\u00e1n a graffitik v\u00edzzel k\u00f6nnyen elt\u00e1vol\u00edthat\u00f3k \u2713 \u00c9rint\u00e9ssz\u00e1raz 3-4 \u00f3ra eltelt\u00e9vel\" \/>\n<meta property=\"og:url\" content=\"https:\/\/www.versiegelung24.com\/hu\/graffiti-vedo-bevonat-anti-graffiti-bevonat-7626-minta.html\" \/>\n<meta property=\"og:site_name\" content=\"versiegelung24.com\" \/>\n<meta property=\"article:modified_time\" content=\"2025-10-25T19:30:29+00:00\" \/>\n<meta property=\"og:image\" content=\"https:\/\/www.versiegelung24.com\/wp-content\/uploads\/2020\/04\/versiegelung-muster.png\" \/>\n\t<meta property=\"og:image:width\" content=\"1000\" \/>\n\t<meta property=\"og:image:height\" content=\"1000\" \/>\n\t<meta property=\"og:image:type\" content=\"image\/png\" \/>\n<meta name=\"twitter:card\" content=\"summary_large_image\" \/>\n<meta name=\"twitter:label1\" content=\"\u00c1r\" \/>\n\t<meta name=\"twitter:data1\" content=\"9,99&euro;\" \/>\n\t<meta name=\"twitter:label2\" content=\"El\u00e9rhet\u0151s\u00e9g\" \/>\n\t<meta name=\"twitter:data2\" content=\"K\u00e9szleten\" \/>\n<script type=\"application\/ld+json\" class=\"yoast-schema-graph\">{\"@context\":\"https:\\\/\\\/schema.org\",\"@graph\":[{\"@type\":\"WebPage\",\"@id\":\"https:\\\/\\\/www.versiegelung24.com\\\/hu\\\/graffiti-vedo-bevonat-anti-graffiti-bevonat-7626-minta.html\",\"url\":\"https:\\\/\\\/www.versiegelung24.com\\\/hu\\\/graffiti-vedo-bevonat-anti-graffiti-bevonat-7626-minta.html\",\"name\":\"Minta: Graffitiv\u00e9d\u0151 bevonat - Graffiti elleni bevonat - 7626 - Minta - versiegelung24.com\",\"isPartOf\":{\"@id\":\"https:\\\/\\\/www.versiegelung24.com\\\/hu\\\/#website\"},\"primaryImageOfPage\":{\"@id\":\"https:\\\/\\\/www.versiegelung24.com\\\/hu\\\/graffiti-vedo-bevonat-anti-graffiti-bevonat-7626-minta.html#primaryimage\"},\"image\":{\"@id\":\"https:\\\/\\\/www.versiegelung24.com\\\/hu\\\/graffiti-vedo-bevonat-anti-graffiti-bevonat-7626-minta.html#primaryimage\"},\"thumbnailUrl\":\"https:\\\/\\\/www.versiegelung24.com\\\/wp-content\\\/uploads\\\/2020\\\/04\\\/versiegelung-muster.png\",\"datePublished\":\"2024-09-24T05:29:11+00:00\",\"dateModified\":\"2025-10-25T19:30:29+00:00\",\"breadcrumb\":{\"@id\":\"https:\\\/\\\/www.versiegelung24.com\\\/hu\\\/graffiti-vedo-bevonat-anti-graffiti-bevonat-7626-minta.html#breadcrumb\"},\"inLanguage\":\"hu\",\"potentialAction\":[{\"@type\":\"ReadAction\",\"target\":[\"https:\\\/\\\/www.versiegelung24.com\\\/hu\\\/graffiti-vedo-bevonat-anti-graffiti-bevonat-7626-minta.html\"]}]},{\"@type\":\"ImageObject\",\"inLanguage\":\"hu\",\"@id\":\"https:\\\/\\\/www.versiegelung24.com\\\/hu\\\/graffiti-vedo-bevonat-anti-graffiti-bevonat-7626-minta.html#primaryimage\",\"url\":\"https:\\\/\\\/www.versiegelung24.com\\\/wp-content\\\/uploads\\\/2020\\\/04\\\/versiegelung-muster.png\",\"contentUrl\":\"https:\\\/\\\/www.versiegelung24.com\\\/wp-content\\\/uploads\\\/2020\\\/04\\\/versiegelung-muster.png\",\"width\":1000,\"height\":1000},{\"@type\":\"BreadcrumbList\",\"@id\":\"https:\\\/\\\/www.versiegelung24.com\\\/hu\\\/graffiti-vedo-bevonat-anti-graffiti-bevonat-7626-minta.html#breadcrumb\",\"itemListElement\":[{\"@type\":\"ListItem\",\"position\":1,\"name\":\"Honlap\",\"item\":\"https:\\\/\\\/www.versiegelung24.com\\\/hu\\\/elol\\\/\"},{\"@type\":\"ListItem\",\"position\":2,\"name\":\"\u00dczlet\",\"item\":\"https:\\\/\\\/www.versiegelung24.com\\\/hu\\\/uzlet\\\/\"},{\"@type\":\"ListItem\",\"position\":3,\"name\":\"Minta: Graffitiv\u00e9d\u0151 bevonat &#8211; Graffiti elleni bevonat &#8211; 7626 &#8211; Minta\"}]},{\"@type\":\"WebSite\",\"@id\":\"https:\\\/\\\/www.versiegelung24.com\\\/hu\\\/#website\",\"url\":\"https:\\\/\\\/www.versiegelung24.com\\\/hu\\\/\",\"name\":\"versiegelung24.com\",\"description\":\"Fl\u00fcssigglas-Versiegelung - Made in Germany\",\"publisher\":{\"@id\":\"https:\\\/\\\/www.versiegelung24.com\\\/hu\\\/#organization\"},\"potentialAction\":[{\"@type\":\"SearchAction\",\"target\":{\"@type\":\"EntryPoint\",\"urlTemplate\":\"https:\\\/\\\/www.versiegelung24.com\\\/hu\\\/?s={search_term_string}\"},\"query-input\":{\"@type\":\"PropertyValueSpecification\",\"valueRequired\":true,\"valueName\":\"search_term_string\"}}],\"inLanguage\":\"hu\"},{\"@type\":\"Organization\",\"@id\":\"https:\\\/\\\/www.versiegelung24.com\\\/hu\\\/#organization\",\"name\":\"versiegelung24\",\"url\":\"https:\\\/\\\/www.versiegelung24.com\\\/hu\\\/\",\"logo\":{\"@type\":\"ImageObject\",\"inLanguage\":\"hu\",\"@id\":\"https:\\\/\\\/www.versiegelung24.com\\\/hu\\\/#\\\/schema\\\/logo\\\/image\\\/\",\"url\":\"https:\\\/\\\/www.versiegelung24.com\\\/wp-content\\\/uploads\\\/2020\\\/04\\\/versiegelung24.png\",\"contentUrl\":\"https:\\\/\\\/www.versiegelung24.com\\\/wp-content\\\/uploads\\\/2020\\\/04\\\/versiegelung24.png\",\"width\":470,\"height\":102,\"caption\":\"versiegelung24\"},\"image\":{\"@id\":\"https:\\\/\\\/www.versiegelung24.com\\\/hu\\\/#\\\/schema\\\/logo\\\/image\\\/\"}}]}<\/script>\n<meta property=\"product:price:amount\" content=\"9.99\" \/>\n<meta property=\"product:price:currency\" content=\"EUR\" \/>\n<meta property=\"og:availability\" content=\"instock\" \/>\n<meta property=\"product:availability\" content=\"instock\" \/>\n<meta property=\"product:retailer_item_id\" content=\"7626-Muster\" \/>\n<meta property=\"product:condition\" content=\"new\" \/>\n<!-- \/ Yoast SEO Premium plugin. -->","yoast_head_json":{"title":"Minta: Graffitiv\u00e9d\u0151 bevonat - Graffiti elleni bevonat - 7626 - Minta - versiegelung24.com","robots":{"index":"index","follow":"follow","max-snippet":"max-snippet:-1","max-image-preview":"max-image-preview:large","max-video-preview":"max-video-preview:-1"},"canonical":"https:\/\/www.versiegelung24.com\/hu\/graffiti-vedo-bevonat-anti-graffiti-bevonat-7626-minta.html","og_locale":"hu_HU","og_type":"article","og_title":"Minta: Graffitiv\u00e9d\u0151 bevonat - Graffiti elleni bevonat - 7626 - Minta","og_description":"\u2713 K\u00f6nnyen haszn\u00e1lhat\u00f3: nincs sz\u00fcks\u00e9g kever\u00e9sre stb \u2713 Hossz\u00fa t\u00e1v\u00fa v\u00e9delem \u00e9s szat\u00e9n bevonat \u2713 Teljes fed\u00e9s: nincs \u00e1rny\u00e9kol\u00e1s \u2713 A fest\u00e9s ut\u00e1n a graffitik v\u00edzzel k\u00f6nnyen elt\u00e1vol\u00edthat\u00f3k \u2713 \u00c9rint\u00e9ssz\u00e1raz 3-4 \u00f3ra eltelt\u00e9vel","og_url":"https:\/\/www.versiegelung24.com\/hu\/graffiti-vedo-bevonat-anti-graffiti-bevonat-7626-minta.html","og_site_name":"versiegelung24.com","article_modified_time":"2025-10-25T19:30:29+00:00","og_image":[{"width":1000,"height":1000,"url":"https:\/\/www.versiegelung24.com\/wp-content\/uploads\/2020\/04\/versiegelung-muster.png","type":"image\/png"}],"twitter_card":"summary_large_image","twitter_misc":{"\u00c1r":"9,99&euro;","El\u00e9rhet\u0151s\u00e9g":"K\u00e9szleten"},"schema":{"@context":"https:\/\/schema.org","@graph":[{"@type":"WebPage","@id":"https:\/\/www.versiegelung24.com\/hu\/graffiti-vedo-bevonat-anti-graffiti-bevonat-7626-minta.html","url":"https:\/\/www.versiegelung24.com\/hu\/graffiti-vedo-bevonat-anti-graffiti-bevonat-7626-minta.html","name":"Minta: Graffitiv\u00e9d\u0151 bevonat - Graffiti elleni bevonat - 7626 - Minta - versiegelung24.com","isPartOf":{"@id":"https:\/\/www.versiegelung24.com\/hu\/#website"},"primaryImageOfPage":{"@id":"https:\/\/www.versiegelung24.com\/hu\/graffiti-vedo-bevonat-anti-graffiti-bevonat-7626-minta.html#primaryimage"},"image":{"@id":"https:\/\/www.versiegelung24.com\/hu\/graffiti-vedo-bevonat-anti-graffiti-bevonat-7626-minta.html#primaryimage"},"thumbnailUrl":"https:\/\/www.versiegelung24.com\/wp-content\/uploads\/2020\/04\/versiegelung-muster.png","datePublished":"2024-09-24T05:29:11+00:00","dateModified":"2025-10-25T19:30:29+00:00","breadcrumb":{"@id":"https:\/\/www.versiegelung24.com\/hu\/graffiti-vedo-bevonat-anti-graffiti-bevonat-7626-minta.html#breadcrumb"},"inLanguage":"hu","potentialAction":[{"@type":"ReadAction","target":["https:\/\/www.versiegelung24.com\/hu\/graffiti-vedo-bevonat-anti-graffiti-bevonat-7626-minta.html"]}]},{"@type":"ImageObject","inLanguage":"hu","@id":"https:\/\/www.versiegelung24.com\/hu\/graffiti-vedo-bevonat-anti-graffiti-bevonat-7626-minta.html#primaryimage","url":"https:\/\/www.versiegelung24.com\/wp-content\/uploads\/2020\/04\/versiegelung-muster.png","contentUrl":"https:\/\/www.versiegelung24.com\/wp-content\/uploads\/2020\/04\/versiegelung-muster.png","width":1000,"height":1000},{"@type":"BreadcrumbList","@id":"https:\/\/www.versiegelung24.com\/hu\/graffiti-vedo-bevonat-anti-graffiti-bevonat-7626-minta.html#breadcrumb","itemListElement":[{"@type":"ListItem","position":1,"name":"Honlap","item":"https:\/\/www.versiegelung24.com\/hu\/elol\/"},{"@type":"ListItem","position":2,"name":"\u00dczlet","item":"https:\/\/www.versiegelung24.com\/hu\/uzlet\/"},{"@type":"ListItem","position":3,"name":"Minta: Graffitiv\u00e9d\u0151 bevonat &#8211; Graffiti elleni bevonat &#8211; 7626 &#8211; Minta"}]},{"@type":"WebSite","@id":"https:\/\/www.versiegelung24.com\/hu\/#website","url":"https:\/\/www.versiegelung24.com\/hu\/","name":"versiegelung24.com","description":"Fl\u00fcssigglas-Versiegelung - Made in Germany","publisher":{"@id":"https:\/\/www.versiegelung24.com\/hu\/#organization"},"potentialAction":[{"@type":"SearchAction","target":{"@type":"EntryPoint","urlTemplate":"https:\/\/www.versiegelung24.com\/hu\/?s={search_term_string}"},"query-input":{"@type":"PropertyValueSpecification","valueRequired":true,"valueName":"search_term_string"}}],"inLanguage":"hu"},{"@type":"Organization","@id":"https:\/\/www.versiegelung24.com\/hu\/#organization","name":"versiegelung24","url":"https:\/\/www.versiegelung24.com\/hu\/","logo":{"@type":"ImageObject","inLanguage":"hu","@id":"https:\/\/www.versiegelung24.com\/hu\/#\/schema\/logo\/image\/","url":"https:\/\/www.versiegelung24.com\/wp-content\/uploads\/2020\/04\/versiegelung24.png","contentUrl":"https:\/\/www.versiegelung24.com\/wp-content\/uploads\/2020\/04\/versiegelung24.png","width":470,"height":102,"caption":"versiegelung24"},"image":{"@id":"https:\/\/www.versiegelung24.com\/hu\/#\/schema\/logo\/image\/"}}]},"product_price_amount":"9.99","product_price_currency":"EUR","og_availability":"instock","product_availability":"instock","product_retailer_item_id":"7626-Muster","product_condition":"new"},"_links":{"self":[{"href":"https:\/\/www.versiegelung24.com\/hu\/wp-json\/wp\/v2\/product\/175324","targetHints":{"allow":["GET"]}}],"collection":[{"href":"https:\/\/www.versiegelung24.com\/hu\/wp-json\/wp\/v2\/product"}],"about":[{"href":"https:\/\/www.versiegelung24.com\/hu\/wp-json\/wp\/v2\/types\/product"}],"version-history":[{"count":1,"href":"https:\/\/www.versiegelung24.com\/hu\/wp-json\/wp\/v2\/product\/175324\/revisions"}],"predecessor-version":[{"id":175326,"href":"https:\/\/www.versiegelung24.com\/hu\/wp-json\/wp\/v2\/product\/175324\/revisions\/175326"}],"wp:featuredmedia":[{"embeddable":true,"href":"https:\/\/www.versiegelung24.com\/hu\/wp-json\/wp\/v2\/media\/14611"}],"wp:attachment":[{"href":"https:\/\/www.versiegelung24.com\/hu\/wp-json\/wp\/v2\/media?parent=175324"}],"wp:term":[{"taxonomy":"product_brand","embeddable":true,"href":"https:\/\/www.versiegelung24.com\/hu\/wp-json\/wp\/v2\/product_brand?post=175324"},{"taxonomy":"product_cat","embeddable":true,"href":"https:\/\/www.versiegelung24.com\/hu\/wp-json\/wp\/v2\/product_cat?post=175324"},{"taxonomy":"product_tag","embeddable":true,"href":"https:\/\/www.versiegelung24.com\/hu\/wp-json\/wp\/v2\/product_tag?post=175324"}],"curies":[{"name":"wp","href":"https:\/\/api.w.org\/{rel}","templated":true}]}}