{"id":181846,"date":"2025-07-31T12:51:03","date_gmt":"2025-07-31T10:51:10","guid":{"rendered":"https:\/\/www.versiegelung24.com\/?post_type=product&#038;p=181846"},"modified":"2025-09-05T13:45:55","modified_gmt":"2025-09-05T11:45:55","slug":"holzimpragnierung-silanbasis","status":"publish","type":"product","link":"https:\/\/www.versiegelung24.com\/hu\/holzimpragnierung-silanbasis.html","title":{"rendered":"Faanyag impregn\u00e1l\u00e1s &#8211; term\u00e9szetes faanyagv\u00e9delem szil\u00e1non alapulva"},"content":{"rendered":"\n<h2 class=\"wp-block-heading\" id=\"h-holzschutz-naturimpragnierung-auf-silanbasis-wasserbasierend\"><strong>Faanyagv\u00e9delem: szil\u00e1nalap\u00fa term\u00e9szetes impregn\u00e1l\u00e1s (v\u00edzb\u00e1zis\u00fa)<\/strong><\/h2>\n\n<p>Kiv\u00e1l\u00f3 min\u0151s\u00e9g N\u00e9metorsz\u00e1gban k\u00e9sz\u00fclt.<\/p>\n\n<hr\/>\n\n<div class=\"wp-block-columns is-layout-flex wp-container-core-columns-is-layout-9d6595d7 wp-block-columns-is-layout-flex\">\n<div class=\"wp-block-column is-layout-flow wp-block-column-is-layout-flow\">\n<p>A fa impregn\u00e1l\u00f3szer\u00fcnk egy haszn\u00e1latra k\u00e9sz, szil\u00e1n alap\u00fa impregn\u00e1l\u00f3 rendszer. Stabiliz\u00e1lja a lignint, \u00e9s \u00edgy jelent\u0151sen megv\u00e9di a f\u00e1t az elsz\u00fcrk\u00fcl\u00e9st\u0151l. Hidrof\u00f3b tulajdons\u00e1gai megakad\u00e1lyozz\u00e1k, hogy a nem k\u00edv\u00e1nt nedvess\u00e9g \u00e9s szennyez\u0151d\u00e9s behatoljon a f\u00e1ba.  <\/p>\n\n\n\n<p><strong>Alkalmas:<\/strong> Faanyag, j\u00e1rd\u00e1k, aut\u00f3be\u00e1ll\u00f3k, ablakp\u00e1rk\u00e1nyok, kerti f\u00e9szerek, kerti b\u00fatorok, \u00e9p\u00edt\u00e9si faanyag, homlokzatok, \u00fcltet\u0151k, teraszok, ker\u00edt\u00e9sek \u00e9s m\u00e9g sok minden m\u00e1s.<\/p>\n<\/div>\n\n\n\n<div class=\"wp-block-column is-layout-flow wp-block-column-is-layout-flow\">\n<figure class=\"wp-block-image size-large\"><img fetchpriority=\"high\" decoding=\"async\" width=\"1300\" height=\"851\" src=\"https:\/\/www.versiegelung24.com\/wp-content\/uploads\/2025\/07\/image-1300x851.png\" alt=\"\" class=\"wp-image-181965\" srcset=\"https:\/\/www.versiegelung24.com\/wp-content\/uploads\/2025\/07\/image-1300x851.png 1300w, https:\/\/www.versiegelung24.com\/wp-content\/uploads\/2025\/07\/image-300x196.png 300w, https:\/\/www.versiegelung24.com\/wp-content\/uploads\/2025\/07\/image-768x503.png 768w, https:\/\/www.versiegelung24.com\/wp-content\/uploads\/2025\/07\/image-1536x1006.png 1536w, https:\/\/www.versiegelung24.com\/wp-content\/uploads\/2025\/07\/image-600x393.png 600w, https:\/\/www.versiegelung24.com\/wp-content\/uploads\/2025\/07\/image.png 1784w\" sizes=\"(max-width: 1300px) 100vw, 1300px\" \/><\/figure>\n<\/div>\n<\/div>\n\n<h4 class=\"wp-block-heading\" id=\"properties\">A term\u00e9k jellemz\u0151i<\/h4>\n\n<div class=\"wp-block-columns is-layout-flex wp-container-core-columns-is-layout-9d6595d7 wp-block-columns-is-layout-flex\">\n<div class=\"wp-block-column is-layout-flow wp-block-column-is-layout-flow\">\n<ul class=\"wp-block-list\">\n<li><strong>Sz\u00edntart\u00f3<\/strong> &#8211; \u00c1tl\u00e1tsz\u00f3 v\u00e9delem a fa sz\u00edn\u00e9nek meg\u0151rz\u00e9se \u00e9rdek\u00e9ben.  <\/li>\n\n\n\n<li><strong>K\u0151olajterm\u00e9kekt\u0151l mentes<\/strong> &#8211; K\u00f6rnyezetbar\u00e1t k\u00e9sz\u00edtm\u00e9ny  <\/li>\n\n\n\n<li><strong>Alapoz\u00f3 \u00e9s v\u00e9d\u0151funkci\u00f3 egy l\u00e9p\u00e9sben<\/strong> &#8211; K\u00f6nny\u0171 felhord\u00e1s  <\/li>\n\n\n\n<li><strong>Nagyon gyors sz\u00e1r\u00edt\u00e1s<\/strong> &#8211; id\u0151takar\u00e9kos feldolgoz\u00e1s  <\/li>\n\n\n\n<li><strong>Tart\u00f3ss\u00e1g<\/strong> &#8211; 2-5 \u00e9v (belt\u00e9ri haszn\u00e1lat eset\u00e9n l\u00e9nyegesen hosszabb)<\/li>\n\n\n\n<li>A <strong>ligninv\u00e9delem<\/strong> jelent\u0151sen, <strong>t\u00f6bb h\u00f3nappal<\/strong> <strong>k\u00e9slelteti<\/strong> az <strong>\u0151sz\u00fcl\u00e9si folyamatot<\/strong>.<\/li>\n<\/ul>\n<\/div>\n\n\n\n<div class=\"wp-block-column is-layout-flow wp-block-column-is-layout-flow\">\n<ul class=\"wp-block-list\">\n<li><strong>PFAS, PFOA \u00e9s PFOS-mentes<\/strong><\/li>\n\n\n\n<li><strong>V\u00e9d a napf\u00e9ny okozta \u0151sz\u00fcl\u00e9s ellen<\/strong> &#8211; UV v\u00e9delem  <\/li>\n\n\n\n<li><strong>V\u00edz- \u00e9s szennyez\u0151d\u00e9stasz\u00edt\u00f3<\/strong> &#8211; hidrof\u00f3b tulajdons\u00e1gok  <\/li>\n\n\n\n<li><strong>Megakad\u00e1lyozza az alg\u00e1k, moh\u00e1k \u00e9s zuzm\u00f3k elszaporod\u00e1s\u00e1t<\/strong> &#8211; Hosszantart\u00f3 v\u00e9delem  <\/li>\n\n\n\n<li><strong>Fogyaszt\u00e1s: 1 liter elegend\u0151 kb. 30-40 m\u00b2 ter\u00fcletre<\/strong> (az aljzatt\u00f3l f\u00fcgg\u0151en).<\/li>\n\n\n\n<li>Az alkalmaz\u00e1s <strong>el\u0151ny\u00f6s a f\u00fcgg\u0151leges<\/strong> fa fel\u00fcletek felett (faker\u00edt\u00e9sek, &#8230; ) \u00e9s alatt a gyep (fa oszlopok).<\/li>\n<\/ul>\n<\/div>\n<\/div>\n\n<p>Sz\u00e1ll\u00edt\u00e1si terjedelem: 1 x literes flakon, 1 x pump\u00e1s sz\u00f3r\u00f3fej<br\/><\/p>\n\n<hr\/>\n\n<h4 class=\"wp-block-heading\" id=\"application\">Alkalmaz\u00e1s<\/h4>\n\n<div class=\"wp-block-columns is-layout-flex wp-container-core-columns-is-layout-9d6595d7 wp-block-columns-is-layout-flex\">\n<div class=\"wp-block-column is-layout-flow wp-block-column-is-layout-flow\">\n<p><strong>El\u0151k\u00e9sz\u00edt\u00e9s:<\/strong><\/p>\n\n\n\n<ul class=\"wp-block-list\">\n<li>Haszn\u00e1lat el\u0151tt 1 percig er\u0151teljesen r\u00e1zza fel.<\/li>\n\n\n\n<li>A kezelend\u0151 fel\u00fcleteknek tiszt\u00e1nak, teljesen sz\u00e1raznak \u00e9s pormentesnek kell lenni\u00fck, \u00e9s nem lehetnek m\u00e1s bevonattal el\u0151kezelve.<\/li>\n\n\n\n<li>A fest\u00e9k, zs\u00edr, olaj vagy szerves szennyez\u0151d\u00e9sek (alga, zuzm\u00f3, moha) \u00e1ltal okozott szennyez\u0151d\u00e9seket el\u0151zetesen el kell t\u00e1vol\u00edtani.<\/li>\n<\/ul>\n\n\n\n<p><strong>Alkalmaz\u00e1s:<\/strong><\/p>\n\n\n\n<ul class=\"wp-block-list\">\n<li><strong>Aj\u00e1nlott m\u00f3dszer:<\/strong> A term\u00e9ket lehet\u0151leg permetez\u0151g\u00e9p\/alacsony nyom\u00e1s\u00fa szivatty\u00fas permetez\u0151g\u00e9p seg\u00edts\u00e9g\u00e9vel kell felsz\u00f3rni.<\/li>\n\n\n\n<li>A fel\u00fclethez m\u00e9rt t\u00e1vols\u00e1got a permetez\u0151g\u00e9p erej\u00e9hez igaz\u00edtsa.<\/li>\n\n\n\n<li>A fel\u00fcletnek egyenletes, nedves-nedves benyom\u00e1st kell keltenie.<\/li>\n\n\n\n<li><strong>Alternat\u00edva:<\/strong> Ecsettel\/hengerez\u00e9ssel t\u00f6rt\u00e9n\u0151 felhord\u00e1s lehets\u00e9ges, de el\u0151zetesen egy kis ter\u00fcleten ki kell pr\u00f3b\u00e1lni. Ker\u00fclje a t\u00f3cs\u00e1k kialakul\u00e1s\u00e1t! <\/li>\n<\/ul>\n\n\n\n<p><strong>Feldolgoz\u00e1s:<\/strong><\/p>\n\n\n\n<ul class=\"wp-block-list\">\n<li>Az optim\u00e1lis fedetts\u00e9g el\u00e9r\u00e9se \u00e9rdek\u00e9ben legal\u00e1bb k\u00e9tszer permetezze be a kezelend\u0151 fel\u00fcletet.<\/li>\n\n\n\n<li>Az aljzat nedvsz\u00edv\u00f3 k\u00e9pess\u00e9g\u00e9t\u0151l \u00e9s a k\u00f6vetelm\u00e9nyekt\u0151l f\u00fcgg\u0151en ez a folyamat megism\u00e9telhet\u0151 az els\u0151 r\u00e9teg sz\u00e1rad\u00e1sa ut\u00e1n.<\/li>\n\n\n\n<li>Ha t\u00fal sok term\u00e9k ker\u00fclt a fel\u00fcletre, nedves ruh\u00e1val elt\u00e1vol\u00edthat\u00f3, am\u00edg m\u00e9g nedves.<\/li>\n\n\n\n<li>A haszn\u00e1lt szersz\u00e1mokat haszn\u00e1lat ut\u00e1n b\u0151 v\u00edzzel kell tiszt\u00edtani.<\/li>\n<\/ul>\n\n\n\n<p><strong>Sz\u00e1rad\u00e1si id\u0151:<\/strong><\/p>\n\n\n\n<ul class=\"wp-block-list\">\n<li>Hagyja a term\u00e9ket legal\u00e1bb 30 percig hatni.<\/li>\n\n\n\n<li>A teljes kikem\u00e9nyed\u00e9si id\u0151 kb. 6-12 \u00f3ra.<\/li>\n\n\n\n<li>Ez id\u0151 alatt a fel\u00fcletnek sz\u00e1raznak kell maradnia, \u00e9s nem szabad stressznek kitenni.<\/li>\n<\/ul>\n\n\n\n<p><strong>Az impregn\u00e1lt fel\u00fclet \u00e1pol\u00e1sa \u00e9s tiszt\u00edt\u00e1sa:<\/strong><\/p>\n\n\n\n<ul class=\"wp-block-list\">\n<li>A fel\u00fcleteket csak v\u00edzzel vagy k\u00f6nny\u0171 szerves tiszt\u00edt\u00f3szerrel tiszt\u00edtsa, pl. a <a href=\"https:\/\/www.versiegelung24.com\/hu\/biosativa-biologiai-elotisztito.html\">BIOSATIVA\u00ae bio tiszt\u00edt\u00f3szer\u00fcnkkel &#8211; 100% term\u00e9szetes &#8211; 100% bio.<\/a> <\/li>\n\n\n\n<li>Agressz\u00edv tiszt\u00edt\u00f3szerek (vegyi tiszt\u00edt\u00f3szerek, s\u00farol\u00f3bet\u00e9tek stb.) nem sz\u00fcks\u00e9gesek, \u00e9s rontan\u00e1k a v\u00e9d\u0151funkci\u00f3t.<\/li>\n\n\n\n<li>A rendszeres k\u00edm\u00e9letes tiszt\u00edt\u00e1s \u00e9s \u00e1pol\u00e1s hosszabb tart\u00f3ss\u00e1got \u00e9s tart\u00f3san sz\u00e9p megjelen\u00e9st eredm\u00e9nyez.<\/li>\n<\/ul>\n\n\n\n<p><strong>T\u00e1rol\u00e1s:<\/strong><\/p>\n\n\n\n<ul class=\"wp-block-list\">\n<li>Sz\u00e1raz \u00e9s fagymentes helyen, 5-25\u00b0C-on t\u00e1rolja.<\/li>\n\n\n\n<li>Megfelel\u0151 t\u00e1rol\u00e1s eset\u00e9n bontatlan eredeti tart\u00e1lyban legal\u00e1bb 24 h\u00f3napig eltarthat\u00f3.<\/li>\n<\/ul>\n<\/div>\n<\/div>\n\n<h2 class=\"wp-block-heading\" id=\"h-galerie\">Gal\u00e9ria<\/h2>\n\n<div class=\"wp-block-getwid-images-slider gallery-wood has-arrows-inside has-dots-inside has-images-center has-fitted-images has-fixed-height\"><div class=\"wp-block-getwid-images-slider__wrapper\" data-effect=\"slide\" data-slides-show=\"1\" data-slides-show-laptop=\"1\" data-slides-show-tablet=\"1\" data-slides-show-mobile=\"1\" data-slides-scroll=\"1\" data-autoplay=\"true\" data-pause-hover=\"true\" data-autoplay-speed=\"3000\" data-infinite=\"true\" data-animation-speed=\"800\" data-center-mode=\"false\" data-variable-width=\"false\" data-arrows=\"inside\" data-dots=\"inside\" data-spacing=\"none\"><div class=\"wp-block-getwid-images-slider__item\" style=\"height:500px\"><figure><img decoding=\"async\" width=\"1634\" height=\"1620\" src=\"https:\/\/www.versiegelung24.com\/wp-content\/uploads\/2025\/07\/Holzimpraegnierung-pfloecke.png\" data-id=\"181994\" data-link=\"https:\/\/www.versiegelung24.com\/holzversiegelung-in-profi-qualitaet-kopie.html\/attachment\/holzimpraegnierung-pfloecke\/\" data-original-link=\"https:\/\/www.versiegelung24.com\/wp-content\/uploads\/2025\/07\/Holzimpraegnierung-pfloecke.png\" class=\"wp-block-getwid-images-slider__image wp-image-181994\" srcset=\"https:\/\/www.versiegelung24.com\/wp-content\/uploads\/2025\/07\/Holzimpraegnierung-pfloecke.png 1634w, https:\/\/www.versiegelung24.com\/wp-content\/uploads\/2025\/07\/Holzimpraegnierung-pfloecke-300x297.png 300w, https:\/\/www.versiegelung24.com\/wp-content\/uploads\/2025\/07\/Holzimpraegnierung-pfloecke-1300x1289.png 1300w, https:\/\/www.versiegelung24.com\/wp-content\/uploads\/2025\/07\/Holzimpraegnierung-pfloecke-80x80.png 80w, https:\/\/www.versiegelung24.com\/wp-content\/uploads\/2025\/07\/Holzimpraegnierung-pfloecke-768x761.png 768w, https:\/\/www.versiegelung24.com\/wp-content\/uploads\/2025\/07\/Holzimpraegnierung-pfloecke-1536x1523.png 1536w, https:\/\/www.versiegelung24.com\/wp-content\/uploads\/2025\/07\/Holzimpraegnierung-pfloecke-70x70.png 70w, https:\/\/www.versiegelung24.com\/wp-content\/uploads\/2025\/07\/Holzimpraegnierung-pfloecke-600x595.png 600w, https:\/\/www.versiegelung24.com\/wp-content\/uploads\/2025\/07\/Holzimpraegnierung-pfloecke-100x100.png 100w\" sizes=\"(max-width: 1634px) 100vw, 1634px\" \/><\/figure><\/div><div class=\"wp-block-getwid-images-slider__item\" style=\"height:500px\"><figure><img decoding=\"async\" width=\"1726\" height=\"1252\" src=\"https:\/\/www.versiegelung24.com\/wp-content\/uploads\/2025\/07\/Holzimpraegnierung-bank.png\" data-id=\"182022\" data-link=\"https:\/\/www.versiegelung24.com\/holzversiegelung-in-profi-qualitaet-kopie.html\/attachment\/holzimpraegnierung-bank\/\" data-original-link=\"https:\/\/www.versiegelung24.com\/wp-content\/uploads\/2025\/07\/Holzimpraegnierung-bank.png\" class=\"wp-block-getwid-images-slider__image wp-image-182022\" srcset=\"https:\/\/www.versiegelung24.com\/wp-content\/uploads\/2025\/07\/Holzimpraegnierung-bank.png 1726w, https:\/\/www.versiegelung24.com\/wp-content\/uploads\/2025\/07\/Holzimpraegnierung-bank-300x218.png 300w, https:\/\/www.versiegelung24.com\/wp-content\/uploads\/2025\/07\/Holzimpraegnierung-bank-1300x943.png 1300w, https:\/\/www.versiegelung24.com\/wp-content\/uploads\/2025\/07\/Holzimpraegnierung-bank-768x557.png 768w, https:\/\/www.versiegelung24.com\/wp-content\/uploads\/2025\/07\/Holzimpraegnierung-bank-1536x1114.png 1536w, https:\/\/www.versiegelung24.com\/wp-content\/uploads\/2025\/07\/Holzimpraegnierung-bank-600x435.png 600w\" sizes=\"(max-width: 1726px) 100vw, 1726px\" \/><\/figure><\/div><div class=\"wp-block-getwid-images-slider__item\" style=\"height:500px\"><figure><img loading=\"lazy\" decoding=\"async\" width=\"1982\" height=\"1274\" src=\"https:\/\/www.versiegelung24.com\/wp-content\/uploads\/2025\/07\/Holzimpraegnierung-eigenschaften.png\" data-id=\"182050\" data-link=\"https:\/\/www.versiegelung24.com\/holzversiegelung-in-profi-qualitaet-kopie.html\/attachment\/holzimpraegnierung-eigenschaften\/\" data-original-link=\"https:\/\/www.versiegelung24.com\/wp-content\/uploads\/2025\/07\/Holzimpraegnierung-eigenschaften.png\" class=\"wp-block-getwid-images-slider__image wp-image-182050\" srcset=\"https:\/\/www.versiegelung24.com\/wp-content\/uploads\/2025\/07\/Holzimpraegnierung-eigenschaften.png 1982w, https:\/\/www.versiegelung24.com\/wp-content\/uploads\/2025\/07\/Holzimpraegnierung-eigenschaften-300x193.png 300w, https:\/\/www.versiegelung24.com\/wp-content\/uploads\/2025\/07\/Holzimpraegnierung-eigenschaften-1300x836.png 1300w, https:\/\/www.versiegelung24.com\/wp-content\/uploads\/2025\/07\/Holzimpraegnierung-eigenschaften-768x494.png 768w, https:\/\/www.versiegelung24.com\/wp-content\/uploads\/2025\/07\/Holzimpraegnierung-eigenschaften-1536x987.png 1536w, https:\/\/www.versiegelung24.com\/wp-content\/uploads\/2025\/07\/Holzimpraegnierung-eigenschaften-600x386.png 600w\" sizes=\"(max-width: 1982px) 100vw, 1982px\" \/><\/figure><\/div><\/div><\/div>\n\n<p><\/p>\n","protected":false},"excerpt":{"rendered":"<p><strong>Nagy hat\u00e9konys\u00e1g\u00fa t\u00f6m\u00edt\u0151anyag bels\u0151 \u00e9s k\u00fcls\u0151 fa fel\u00fcletekhez<\/strong><\/p>\n<p>\u2713 Sz\u00edntart\u00f3 \u00e9s v\u00e9delem az elsz\u00fcrk\u00fcl\u00e9s ellen<\/p>\n<p>\u2713 V\u00edz- \u00e9s szennyez\u0151d\u00e9sleperget\u0151<\/p>\n<p>\u2713 Alapoz\u00e1s \u00e9s v\u00e9delem egy l\u00e9p\u00e9sben<\/p>\n<p>\u2713 PFAS, PFOA \u00e9s PFOS mentes<\/p>\n<p>&nbsp;<\/p>\n","protected":false},"featured_media":183267,"template":"","meta":{"_acf_changed":false,"neve_meta_sidebar":"","neve_meta_container":"","neve_meta_enable_content_width":"","neve_meta_content_width":0,"neve_meta_title_alignment":"","neve_meta_author_avatar":"","neve_post_elements_order":"","neve_meta_disable_header":"","neve_meta_disable_footer":"","neve_meta_disable_title":"","neve_meta_reading_time":"","_surfaces":[],"_ver_product_tabs":null,"footnotes":""},"product_brand":[],"product_cat":[2325],"product_tag":[],"class_list":{"0":"post-181846","1":"product","2":"type-product","3":"status-publish","4":"has-post-thumbnail","6":"product_cat-fa-toemites","7":"pa_gebinde-1000-ml-es-utantoelto-palack","8":"pa_gebinde-20-literes-tartaly","9":"pa_gebinde-10-literes-tartaly","10":"pa_gebinde-akcio-keszlet-100ml-es-ueveggel","11":"pa_gebinde-50-ml-es-palack","12":"pa_gebinde-akcio-keszlet-50ml-es-ueveggel","13":"pa_gebinde-100-ml-es-palack","14":"pa_gebinde-150ml-es-ueveg","15":"pa_gebinde-500-ml-es-ueveg","16":"pa_gebinde-200ml-es-palack","17":"pa_gebinde-1000-ml-es-palack","18":"pa_gebinde-5-literes-tartaly","19":"pa_gebinde-10-ml-es-ueveg","20":"pa_gebinde-5-ml-es-ueveg","21":"pa_gebinde-125-ml-es-pumpas-spray-palack","23":"first","24":"instock","25":"taxable","26":"shipping-taxable","27":"purchasable","28":"product-type-variable","29":"has-default-attributes"},"acf":[],"yoast_head":"<!-- This site is optimized with the Yoast SEO Premium plugin v22.8 (Yoast SEO v27.5) - https:\/\/yoast.com\/product\/yoast-seo-premium-wordpress\/ -->\n<title>Faanyag impregn\u00e1l\u00e1s - term\u00e9szetes faanyagv\u00e9delem szil\u00e1non alapulva - versiegelung24.com<\/title>\n<meta name=\"robots\" content=\"index, follow, max-snippet:-1, max-image-preview:large, max-video-preview:-1\" \/>\n<link rel=\"canonical\" href=\"https:\/\/www.versiegelung24.com\/hu\/holzimpragnierung-silanbasis.html\" \/>\n<meta property=\"og:locale\" content=\"hu_HU\" \/>\n<meta property=\"og:type\" content=\"article\" \/>\n<meta property=\"og:title\" content=\"Faanyag impregn\u00e1l\u00e1s - term\u00e9szetes faanyagv\u00e9delem szil\u00e1non alapulva\" \/>\n<meta property=\"og:description\" content=\"Nagy hat\u00e9konys\u00e1g\u00fa t\u00f6m\u00edt\u0151anyag bels\u0151 \u00e9s k\u00fcls\u0151 fa fel\u00fcletekhez \u2713 Sz\u00edntart\u00f3 \u00e9s v\u00e9delem az elsz\u00fcrk\u00fcl\u00e9s ellen \u2713 V\u00edz- \u00e9s szennyez\u0151d\u00e9sleperget\u0151 \u2713 Alapoz\u00e1s \u00e9s v\u00e9delem egy l\u00e9p\u00e9sben \u2713 PFAS, PFOA \u00e9s PFOS mentes &nbsp;\" \/>\n<meta property=\"og:url\" content=\"https:\/\/www.versiegelung24.com\/hu\/holzimpragnierung-silanbasis.html\" \/>\n<meta property=\"og:site_name\" content=\"versiegelung24.com\" \/>\n<meta property=\"article:modified_time\" content=\"2025-09-05T11:45:55+00:00\" \/>\n<meta property=\"og:image\" content=\"https:\/\/www.versiegelung24.com\/wp-content\/uploads\/2025\/07\/V24-Holzimpraegnierung-4008-693.jpg\" \/>\n\t<meta property=\"og:image:width\" content=\"2560\" \/>\n\t<meta property=\"og:image:height\" content=\"2560\" \/>\n\t<meta property=\"og:image:type\" content=\"image\/jpeg\" \/>\n<meta name=\"twitter:card\" content=\"summary_large_image\" \/>\n<meta name=\"twitter:label1\" content=\"El\u00e9rhet\u0151s\u00e9g\" \/>\n\t<meta name=\"twitter:data1\" content=\"K\u00e9szleten\" \/>\n<script type=\"application\/ld+json\" class=\"yoast-schema-graph\">{\"@context\":\"https:\\\/\\\/schema.org\",\"@graph\":[{\"@type\":\"WebPage\",\"@id\":\"https:\\\/\\\/www.versiegelung24.com\\\/hu\\\/holzimpragnierung-silanbasis.html\",\"url\":\"https:\\\/\\\/www.versiegelung24.com\\\/hu\\\/holzimpragnierung-silanbasis.html\",\"name\":\"Faanyag impregn\u00e1l\u00e1s - term\u00e9szetes faanyagv\u00e9delem szil\u00e1non alapulva - versiegelung24.com\",\"isPartOf\":{\"@id\":\"https:\\\/\\\/www.versiegelung24.com\\\/hu\\\/#website\"},\"primaryImageOfPage\":{\"@id\":\"https:\\\/\\\/www.versiegelung24.com\\\/hu\\\/holzimpragnierung-silanbasis.html#primaryimage\"},\"image\":{\"@id\":\"https:\\\/\\\/www.versiegelung24.com\\\/hu\\\/holzimpragnierung-silanbasis.html#primaryimage\"},\"thumbnailUrl\":\"https:\\\/\\\/www.versiegelung24.com\\\/wp-content\\\/uploads\\\/2025\\\/07\\\/V24-Holzimpraegnierung-4008-693.jpg\",\"datePublished\":\"2025-07-31T10:51:10+00:00\",\"dateModified\":\"2025-09-05T11:45:55+00:00\",\"breadcrumb\":{\"@id\":\"https:\\\/\\\/www.versiegelung24.com\\\/hu\\\/holzimpragnierung-silanbasis.html#breadcrumb\"},\"inLanguage\":\"hu\",\"potentialAction\":[{\"@type\":\"ReadAction\",\"target\":[\"https:\\\/\\\/www.versiegelung24.com\\\/hu\\\/holzimpragnierung-silanbasis.html\"]}]},{\"@type\":\"ImageObject\",\"inLanguage\":\"hu\",\"@id\":\"https:\\\/\\\/www.versiegelung24.com\\\/hu\\\/holzimpragnierung-silanbasis.html#primaryimage\",\"url\":\"https:\\\/\\\/www.versiegelung24.com\\\/wp-content\\\/uploads\\\/2025\\\/07\\\/V24-Holzimpraegnierung-4008-693.jpg\",\"contentUrl\":\"https:\\\/\\\/www.versiegelung24.com\\\/wp-content\\\/uploads\\\/2025\\\/07\\\/V24-Holzimpraegnierung-4008-693.jpg\",\"width\":2560,\"height\":2560},{\"@type\":\"BreadcrumbList\",\"@id\":\"https:\\\/\\\/www.versiegelung24.com\\\/hu\\\/holzimpragnierung-silanbasis.html#breadcrumb\",\"itemListElement\":[{\"@type\":\"ListItem\",\"position\":1,\"name\":\"Honlap\",\"item\":\"https:\\\/\\\/www.versiegelung24.com\\\/hu\\\/elol\\\/\"},{\"@type\":\"ListItem\",\"position\":2,\"name\":\"\u00dczlet\",\"item\":\"https:\\\/\\\/www.versiegelung24.com\\\/hu\\\/uzlet\\\/\"},{\"@type\":\"ListItem\",\"position\":3,\"name\":\"Faanyag impregn\u00e1l\u00e1s &#8211; term\u00e9szetes faanyagv\u00e9delem szil\u00e1non alapulva\"}]},{\"@type\":\"WebSite\",\"@id\":\"https:\\\/\\\/www.versiegelung24.com\\\/hu\\\/#website\",\"url\":\"https:\\\/\\\/www.versiegelung24.com\\\/hu\\\/\",\"name\":\"versiegelung24.com\",\"description\":\"Fl\u00fcssigglas-Versiegelung - Made in Germany\",\"publisher\":{\"@id\":\"https:\\\/\\\/www.versiegelung24.com\\\/hu\\\/#organization\"},\"potentialAction\":[{\"@type\":\"SearchAction\",\"target\":{\"@type\":\"EntryPoint\",\"urlTemplate\":\"https:\\\/\\\/www.versiegelung24.com\\\/hu\\\/?s={search_term_string}\"},\"query-input\":{\"@type\":\"PropertyValueSpecification\",\"valueRequired\":true,\"valueName\":\"search_term_string\"}}],\"inLanguage\":\"hu\"},{\"@type\":\"Organization\",\"@id\":\"https:\\\/\\\/www.versiegelung24.com\\\/hu\\\/#organization\",\"name\":\"versiegelung24\",\"url\":\"https:\\\/\\\/www.versiegelung24.com\\\/hu\\\/\",\"logo\":{\"@type\":\"ImageObject\",\"inLanguage\":\"hu\",\"@id\":\"https:\\\/\\\/www.versiegelung24.com\\\/hu\\\/#\\\/schema\\\/logo\\\/image\\\/\",\"url\":\"https:\\\/\\\/www.versiegelung24.com\\\/wp-content\\\/uploads\\\/2020\\\/04\\\/versiegelung24.png\",\"contentUrl\":\"https:\\\/\\\/www.versiegelung24.com\\\/wp-content\\\/uploads\\\/2020\\\/04\\\/versiegelung24.png\",\"width\":470,\"height\":102,\"caption\":\"versiegelung24\"},\"image\":{\"@id\":\"https:\\\/\\\/www.versiegelung24.com\\\/hu\\\/#\\\/schema\\\/logo\\\/image\\\/\"}}]}<\/script>\n<meta property=\"og:availability\" content=\"instock\" \/>\n<meta property=\"product:availability\" content=\"instock\" \/>\n<meta property=\"product:retailer_item_id\" content=\"4008-693\" \/>\n<meta property=\"product:condition\" content=\"new\" \/>\n<!-- \/ Yoast SEO Premium plugin. -->","yoast_head_json":{"title":"Faanyag impregn\u00e1l\u00e1s - term\u00e9szetes faanyagv\u00e9delem szil\u00e1non alapulva - versiegelung24.com","robots":{"index":"index","follow":"follow","max-snippet":"max-snippet:-1","max-image-preview":"max-image-preview:large","max-video-preview":"max-video-preview:-1"},"canonical":"https:\/\/www.versiegelung24.com\/hu\/holzimpragnierung-silanbasis.html","og_locale":"hu_HU","og_type":"article","og_title":"Faanyag impregn\u00e1l\u00e1s - term\u00e9szetes faanyagv\u00e9delem szil\u00e1non alapulva","og_description":"Nagy hat\u00e9konys\u00e1g\u00fa t\u00f6m\u00edt\u0151anyag bels\u0151 \u00e9s k\u00fcls\u0151 fa fel\u00fcletekhez \u2713 Sz\u00edntart\u00f3 \u00e9s v\u00e9delem az elsz\u00fcrk\u00fcl\u00e9s ellen \u2713 V\u00edz- \u00e9s szennyez\u0151d\u00e9sleperget\u0151 \u2713 Alapoz\u00e1s \u00e9s v\u00e9delem egy l\u00e9p\u00e9sben \u2713 PFAS, PFOA \u00e9s PFOS mentes &nbsp;","og_url":"https:\/\/www.versiegelung24.com\/hu\/holzimpragnierung-silanbasis.html","og_site_name":"versiegelung24.com","article_modified_time":"2025-09-05T11:45:55+00:00","og_image":[{"width":2560,"height":2560,"url":"https:\/\/www.versiegelung24.com\/wp-content\/uploads\/2025\/07\/V24-Holzimpraegnierung-4008-693.jpg","type":"image\/jpeg"}],"twitter_card":"summary_large_image","twitter_misc":{"El\u00e9rhet\u0151s\u00e9g":"K\u00e9szleten"},"schema":{"@context":"https:\/\/schema.org","@graph":[{"@type":"WebPage","@id":"https:\/\/www.versiegelung24.com\/hu\/holzimpragnierung-silanbasis.html","url":"https:\/\/www.versiegelung24.com\/hu\/holzimpragnierung-silanbasis.html","name":"Faanyag impregn\u00e1l\u00e1s - term\u00e9szetes faanyagv\u00e9delem szil\u00e1non alapulva - versiegelung24.com","isPartOf":{"@id":"https:\/\/www.versiegelung24.com\/hu\/#website"},"primaryImageOfPage":{"@id":"https:\/\/www.versiegelung24.com\/hu\/holzimpragnierung-silanbasis.html#primaryimage"},"image":{"@id":"https:\/\/www.versiegelung24.com\/hu\/holzimpragnierung-silanbasis.html#primaryimage"},"thumbnailUrl":"https:\/\/www.versiegelung24.com\/wp-content\/uploads\/2025\/07\/V24-Holzimpraegnierung-4008-693.jpg","datePublished":"2025-07-31T10:51:10+00:00","dateModified":"2025-09-05T11:45:55+00:00","breadcrumb":{"@id":"https:\/\/www.versiegelung24.com\/hu\/holzimpragnierung-silanbasis.html#breadcrumb"},"inLanguage":"hu","potentialAction":[{"@type":"ReadAction","target":["https:\/\/www.versiegelung24.com\/hu\/holzimpragnierung-silanbasis.html"]}]},{"@type":"ImageObject","inLanguage":"hu","@id":"https:\/\/www.versiegelung24.com\/hu\/holzimpragnierung-silanbasis.html#primaryimage","url":"https:\/\/www.versiegelung24.com\/wp-content\/uploads\/2025\/07\/V24-Holzimpraegnierung-4008-693.jpg","contentUrl":"https:\/\/www.versiegelung24.com\/wp-content\/uploads\/2025\/07\/V24-Holzimpraegnierung-4008-693.jpg","width":2560,"height":2560},{"@type":"BreadcrumbList","@id":"https:\/\/www.versiegelung24.com\/hu\/holzimpragnierung-silanbasis.html#breadcrumb","itemListElement":[{"@type":"ListItem","position":1,"name":"Honlap","item":"https:\/\/www.versiegelung24.com\/hu\/elol\/"},{"@type":"ListItem","position":2,"name":"\u00dczlet","item":"https:\/\/www.versiegelung24.com\/hu\/uzlet\/"},{"@type":"ListItem","position":3,"name":"Faanyag impregn\u00e1l\u00e1s &#8211; term\u00e9szetes faanyagv\u00e9delem szil\u00e1non alapulva"}]},{"@type":"WebSite","@id":"https:\/\/www.versiegelung24.com\/hu\/#website","url":"https:\/\/www.versiegelung24.com\/hu\/","name":"versiegelung24.com","description":"Fl\u00fcssigglas-Versiegelung - Made in Germany","publisher":{"@id":"https:\/\/www.versiegelung24.com\/hu\/#organization"},"potentialAction":[{"@type":"SearchAction","target":{"@type":"EntryPoint","urlTemplate":"https:\/\/www.versiegelung24.com\/hu\/?s={search_term_string}"},"query-input":{"@type":"PropertyValueSpecification","valueRequired":true,"valueName":"search_term_string"}}],"inLanguage":"hu"},{"@type":"Organization","@id":"https:\/\/www.versiegelung24.com\/hu\/#organization","name":"versiegelung24","url":"https:\/\/www.versiegelung24.com\/hu\/","logo":{"@type":"ImageObject","inLanguage":"hu","@id":"https:\/\/www.versiegelung24.com\/hu\/#\/schema\/logo\/image\/","url":"https:\/\/www.versiegelung24.com\/wp-content\/uploads\/2020\/04\/versiegelung24.png","contentUrl":"https:\/\/www.versiegelung24.com\/wp-content\/uploads\/2020\/04\/versiegelung24.png","width":470,"height":102,"caption":"versiegelung24"},"image":{"@id":"https:\/\/www.versiegelung24.com\/hu\/#\/schema\/logo\/image\/"}}]},"og_availability":"instock","product_availability":"instock","product_retailer_item_id":"4008-693","product_condition":"new"},"_links":{"self":[{"href":"https:\/\/www.versiegelung24.com\/hu\/wp-json\/wp\/v2\/product\/181846","targetHints":{"allow":["GET"]}}],"collection":[{"href":"https:\/\/www.versiegelung24.com\/hu\/wp-json\/wp\/v2\/product"}],"about":[{"href":"https:\/\/www.versiegelung24.com\/hu\/wp-json\/wp\/v2\/types\/product"}],"version-history":[{"count":4,"href":"https:\/\/www.versiegelung24.com\/hu\/wp-json\/wp\/v2\/product\/181846\/revisions"}],"predecessor-version":[{"id":182848,"href":"https:\/\/www.versiegelung24.com\/hu\/wp-json\/wp\/v2\/product\/181846\/revisions\/182848"}],"wp:featuredmedia":[{"embeddable":true,"href":"https:\/\/www.versiegelung24.com\/hu\/wp-json\/wp\/v2\/media\/183267"}],"wp:attachment":[{"href":"https:\/\/www.versiegelung24.com\/hu\/wp-json\/wp\/v2\/media?parent=181846"}],"wp:term":[{"taxonomy":"product_brand","embeddable":true,"href":"https:\/\/www.versiegelung24.com\/hu\/wp-json\/wp\/v2\/product_brand?post=181846"},{"taxonomy":"product_cat","embeddable":true,"href":"https:\/\/www.versiegelung24.com\/hu\/wp-json\/wp\/v2\/product_cat?post=181846"},{"taxonomy":"product_tag","embeddable":true,"href":"https:\/\/www.versiegelung24.com\/hu\/wp-json\/wp\/v2\/product_tag?post=181846"}],"curies":[{"name":"wp","href":"https:\/\/api.w.org\/{rel}","templated":true}]}}