{"id":23012,"date":"2020-04-04T18:53:16","date_gmt":"2021-08-02T19:11:50","guid":{"rendered":"https:\/\/www.versiegelung24.com\/produkt\/csizma-specialis-fenyezes-es-tomites-professzionalis-minosegben"},"modified":"2025-04-10T10:57:04","modified_gmt":"2025-04-10T08:57:04","slug":"bakancs-specialis-polirozas-es-tomites-professzionalis-minosegben","status":"publish","type":"product","link":"https:\/\/www.versiegelung24.com\/hu\/bakancs-specialis-polirozas-es-toemites-professzionalis-minosegben.html","title":{"rendered":"Haj\u00f3\/jacht\/cs\u00f3nak speci\u00e1lis pol\u00edroz\u00e1sa \u00e9s t\u00f6m\u00edt\u00e9se professzion\u00e1lis min\u0151s\u00e9gben"},"content":{"rendered":"\n<p><strong>Nagyon hat\u00e9kony emulzi\u00f3 a v\u00edzvonal feletti fel\u00fcletek pol\u00edroz\u00e1s\u00e1ra \u00e9s t\u00f6m\u00edt\u00e9s\u00e9re,<\/strong> <strong>l\u00f3tusz effektussal (v\u00edztasz\u00edt\u00f3), eltarthat\u00f3s\u00e1ga ak\u00e1r 3 h\u00f3nap<\/strong><\/p>\n\n<p>Kiv\u00e1l\u00f3 min\u0151s\u00e9g N\u00e9metorsz\u00e1gban k\u00e9sz\u00fclt.<\/p>\n\n<hr \/>\n\n<h4 class=\"wp-block-heading\" id=\"properties\">A term\u00e9k jellemz\u0151i<\/h4>\n\n<div class=\"wp-block-columns is-layout-flex wp-container-core-columns-is-layout-9d6595d7 wp-block-columns-is-layout-flex\">\n<div class=\"wp-block-column is-layout-flow wp-block-column-is-layout-flow\">\n<ul class=\"wp-block-list\"><li>Kiv\u00e1l\u00f3 min\u0151s\u00e9g\u0171 csiszol\u00f3anyag csiszol\u00f3elemek \u00e9s fest\u00e9kr\u00e9tegek n\u00e9lk\u00fcl<\/li><li>Emulzi\u00f3, nagyon k\u00f6nnyen haszn\u00e1lhat\u00f3<\/li><li>Ragyog\u00f3 \u00e9s sz\u00ednfriss\u00edt\u0151 hat\u00e1s<\/li><li>Egy l\u00e9p\u00e9sben tiszt\u00edt, f\u00e9nyez \u00e9s t\u00f6m\u00edt (elt\u00e1vol\u00edtja a k\u00e1tr\u00e1nyt, gyant\u00e1t \u00e9s rovarmaradv\u00e1nyokat)<\/li><li>V\u00edz \u00e9s szennyez\u0151d\u00e9s tasz\u00edt\u00f3 tapad\u00e1smentes bevonat, f\u00e9nyes<\/li><li>Megakad\u00e1lyozza, hogy a k\u00e1tr\u00e1ny \u00e9s rovarmaradv\u00e1nyok a fel\u00fcletre tapadjanak<\/li><li>\u00c1tl\u00e1tsz\u00f3 \/ l\u00e1thatatlan, a fel\u00fclet megjelen\u00e9se v\u00e1ltozatlan marad<\/li><li>Cs\u00f6kkenti a karcol\u00e1sokat<\/li><\/ul>\n<\/div>\n\n\n\n<div class=\"wp-block-column is-layout-flow wp-block-column-is-layout-flow\">\n<ul class=\"wp-block-list\" id=\"block-f9534f4e-e312-4dfa-9828-0a3b34fc908e\"><li>Ellen\u00e1ll a fagynak, a tiszt\u00edt\u00e1snak (bele\u00e9rtve az aut\u00f3mos\u00e1st is), az UV -nek (megakad\u00e1lyozza a fest\u00e9k elhalv\u00e1nyul\u00e1s\u00e1t), a l\u00fagokat \/ l\u00fagokat, a tengervizet, a s\u00f3s leveg\u0151t, a rovarok \u00fcr\u00fcl\u00e9k\u00e9t \u00e9s egy\u00e9b er\u0151s szennyez\u0151d\u00e9seket<\/li><li>Jelent\u0151sen cs\u00f6kkenti a l\u00e9gellen\u00e1ll\u00e1st, \u00e9s \u00edgy nagyobb hat\u00e9konys\u00e1got k\u00edn\u00e1l a haj\u00f3k sz\u00e1m\u00e1ra<\/li><li>&#8220;K\u00f6nnyen tiszt\u00edthat\u00f3&#8221; hat\u00e1s, a bevont fel\u00fcletek hosszabb ideig tiszt\u00e1k maradnak \u00e9s k\u00f6nnyebben tiszt\u00edthat\u00f3k.<\/li><li>Belt\u00e9ri \u00e9s k\u00fclt\u00e9ri haszn\u00e1latra<\/li><\/ul>\n\n\n\n<p><br \/>Sz\u00e1ll\u00edt\u00e1si terjedelem: 1 x literes flakon<br \/><\/p>\n<\/div>\n<\/div>\n\n<hr \/>\n\n<h4 class=\"wp-block-heading\" id=\"application\">Alkalmaz\u00e1s<\/h4>\n\n<div class=\"wp-block-columns is-layout-flex wp-container-core-columns-is-layout-9d6595d7 wp-block-columns-is-layout-flex\">\n<div class=\"wp-block-column is-layout-flow wp-block-column-is-layout-flow\">\n<ul class=\"wp-block-list\"><li>Ide\u00e1lis a v\u00edzvonal felett l\u00e9v\u0151 haj\u00f3k fel\u00fcleteinek kezel\u00e9s\u00e9re (fest\u00e9kek, fest\u00e9kek \/ m\u0171anyagok)<\/li><\/ul>\n\n\n\n<p>A sz\u00fcks\u00e9ges mennyis\u00e9g a bevonand\u00f3 fel\u00fclett\u0151l (kop\u00e1s \u00e9s szennyez\u0151d\u00e9s m\u00e9rt\u00e9ke) \u00e9s a haszn\u00e1lt ruh\u00e1t\u00f3l f\u00fcgg. A sz\u00f3r\u00e1si mennyis\u00e9g kb. 20-40 ml \/ m\u00b2.<\/p>\n<\/div>\n\n\n\n<div class=\"wp-block-column is-layout-flow wp-block-column-is-layout-flow\">\n<p><br \/><br \/>K\u00f6nnyen alkalmazhat\u00f3: 1. T\u00f6r\u00f6lje fel a t\u00f6m\u00edt\u0151anyagot \u00e9s pol\u00edrozza ki 2. Hagyja megszil\u00e1rdulni 12 \u00f3r\u00e1n kereszt\u00fcl &#8211; k\u00e9sz.<\/p>\n\n\n\n<p>Felhaszn\u00e1lhat\u00f3s\u00e1gi id\u0151: Ak\u00e1r 3 h\u00f3nap<\/p>\n<\/div>\n<\/div>\n","protected":false},"excerpt":{"rendered":"<p><strong>Nagyon hat\u00e9kony professzion\u00e1lis t\u00f6m\u00edt\u00e9s a k\u00f6vetkez\u0151kh\u00f6z:<\/strong><\/p>\n<p>\u2713 Cs\u00f3nakok<\/p>\n<p>\u2713 L\u00f3tusz hat\u00e1s\u00fa (v\u00edztasz\u00edt\u00f3)<\/p>\n<p>\u2713 Eltarthat\u00f3s\u00e1gi id\u0151 ak\u00e1r 3 h\u00f3nap<\/p>\n","protected":false},"featured_media":17825,"template":"","meta":{"_acf_changed":false,"neve_meta_sidebar":"","neve_meta_container":"","neve_meta_enable_content_width":"","neve_meta_content_width":0,"neve_meta_title_alignment":"","neve_meta_author_avatar":"","neve_post_elements_order":"","neve_meta_disable_header":"","neve_meta_disable_footer":"","neve_meta_disable_title":"","neve_meta_reading_time":"","_surfaces":[],"_ver_product_tabs":[],"footnotes":""},"product_brand":[],"product_cat":[2229],"product_tag":[],"class_list":{"0":"post-23012","1":"product","2":"type-product","3":"status-publish","4":"has-post-thumbnail","6":"product_cat-auto-toemitese","8":"first","9":"instock","10":"taxable","11":"shipping-taxable","12":"purchasable","13":"product-type-simple"},"acf":[],"yoast_head":"<!-- This site is optimized with the Yoast SEO Premium plugin v22.8 (Yoast SEO v27.5) - https:\/\/yoast.com\/product\/yoast-seo-premium-wordpress\/ -->\n<title>Haj\u00f3\/jacht\/cs\u00f3nak speci\u00e1lis pol\u00edroz\u00e1sa \u00e9s t\u00f6m\u00edt\u00e9se professzion\u00e1lis min\u0151s\u00e9gben - versiegelung24.com<\/title>\n<meta name=\"robots\" content=\"index, follow, max-snippet:-1, max-image-preview:large, max-video-preview:-1\" \/>\n<link rel=\"canonical\" href=\"https:\/\/www.versiegelung24.com\/hu\/bakancs-specialis-polirozas-es-toemites-professzionalis-minosegben.html\" \/>\n<meta property=\"og:locale\" content=\"hu_HU\" \/>\n<meta property=\"og:type\" content=\"article\" \/>\n<meta property=\"og:title\" content=\"Haj\u00f3\/jacht\/cs\u00f3nak speci\u00e1lis pol\u00edroz\u00e1sa \u00e9s t\u00f6m\u00edt\u00e9se professzion\u00e1lis min\u0151s\u00e9gben\" \/>\n<meta property=\"og:description\" content=\"Nagyon hat\u00e9kony professzion\u00e1lis t\u00f6m\u00edt\u00e9s a k\u00f6vetkez\u0151kh\u00f6z: \u2713 Cs\u00f3nakok \u2713 L\u00f3tusz hat\u00e1s\u00fa (v\u00edztasz\u00edt\u00f3) \u2713 Eltarthat\u00f3s\u00e1gi id\u0151 ak\u00e1r 3 h\u00f3nap\" \/>\n<meta property=\"og:url\" content=\"https:\/\/www.versiegelung24.com\/hu\/bakancs-specialis-polirozas-es-toemites-professzionalis-minosegben.html\" \/>\n<meta property=\"og:site_name\" content=\"versiegelung24.com\" \/>\n<meta property=\"article:modified_time\" content=\"2025-04-10T08:57:04+00:00\" \/>\n<meta property=\"og:image\" content=\"https:\/\/www.versiegelung24.com\/wp-content\/uploads\/2020\/06\/produkt-2002-7660-1000-Boot-Spezial-Politur-Versiegelung-scaled.jpg\" \/>\n\t<meta property=\"og:image:width\" content=\"2560\" \/>\n\t<meta property=\"og:image:height\" content=\"2560\" \/>\n\t<meta property=\"og:image:type\" content=\"image\/jpeg\" \/>\n<meta name=\"twitter:card\" content=\"summary_large_image\" \/>\n<meta name=\"twitter:label1\" content=\"\u00c1r\" \/>\n\t<meta name=\"twitter:data1\" content=\"99,00&euro;\" \/>\n\t<meta name=\"twitter:label2\" content=\"El\u00e9rhet\u0151s\u00e9g\" \/>\n\t<meta name=\"twitter:data2\" content=\"K\u00e9szleten\" \/>\n<script type=\"application\/ld+json\" class=\"yoast-schema-graph\">{\"@context\":\"https:\\\/\\\/schema.org\",\"@graph\":[{\"@type\":\"WebPage\",\"@id\":\"https:\\\/\\\/www.versiegelung24.com\\\/hu\\\/bakancs-specialis-polirozas-es-toemites-professzionalis-minosegben.html\",\"url\":\"https:\\\/\\\/www.versiegelung24.com\\\/hu\\\/bakancs-specialis-polirozas-es-toemites-professzionalis-minosegben.html\",\"name\":\"Haj\u00f3\\\/jacht\\\/cs\u00f3nak speci\u00e1lis pol\u00edroz\u00e1sa \u00e9s t\u00f6m\u00edt\u00e9se professzion\u00e1lis min\u0151s\u00e9gben - versiegelung24.com\",\"isPartOf\":{\"@id\":\"https:\\\/\\\/www.versiegelung24.com\\\/hu\\\/#website\"},\"primaryImageOfPage\":{\"@id\":\"https:\\\/\\\/www.versiegelung24.com\\\/hu\\\/bakancs-specialis-polirozas-es-toemites-professzionalis-minosegben.html#primaryimage\"},\"image\":{\"@id\":\"https:\\\/\\\/www.versiegelung24.com\\\/hu\\\/bakancs-specialis-polirozas-es-toemites-professzionalis-minosegben.html#primaryimage\"},\"thumbnailUrl\":\"https:\\\/\\\/www.versiegelung24.com\\\/wp-content\\\/uploads\\\/2020\\\/06\\\/produkt-2002-7660-1000-Boot-Spezial-Politur-Versiegelung-scaled.jpg\",\"datePublished\":\"2021-08-02T19:11:50+00:00\",\"dateModified\":\"2025-04-10T08:57:04+00:00\",\"breadcrumb\":{\"@id\":\"https:\\\/\\\/www.versiegelung24.com\\\/hu\\\/bakancs-specialis-polirozas-es-toemites-professzionalis-minosegben.html#breadcrumb\"},\"inLanguage\":\"hu\",\"potentialAction\":[{\"@type\":\"ReadAction\",\"target\":[\"https:\\\/\\\/www.versiegelung24.com\\\/hu\\\/bakancs-specialis-polirozas-es-toemites-professzionalis-minosegben.html\"]}]},{\"@type\":\"ImageObject\",\"inLanguage\":\"hu\",\"@id\":\"https:\\\/\\\/www.versiegelung24.com\\\/hu\\\/bakancs-specialis-polirozas-es-toemites-professzionalis-minosegben.html#primaryimage\",\"url\":\"https:\\\/\\\/www.versiegelung24.com\\\/wp-content\\\/uploads\\\/2020\\\/06\\\/produkt-2002-7660-1000-Boot-Spezial-Politur-Versiegelung-scaled.jpg\",\"contentUrl\":\"https:\\\/\\\/www.versiegelung24.com\\\/wp-content\\\/uploads\\\/2020\\\/06\\\/produkt-2002-7660-1000-Boot-Spezial-Politur-Versiegelung-scaled.jpg\",\"width\":2560,\"height\":2560},{\"@type\":\"BreadcrumbList\",\"@id\":\"https:\\\/\\\/www.versiegelung24.com\\\/hu\\\/bakancs-specialis-polirozas-es-toemites-professzionalis-minosegben.html#breadcrumb\",\"itemListElement\":[{\"@type\":\"ListItem\",\"position\":1,\"name\":\"Honlap\",\"item\":\"https:\\\/\\\/www.versiegelung24.com\\\/hu\\\/elol\\\/\"},{\"@type\":\"ListItem\",\"position\":2,\"name\":\"\u00dczlet\",\"item\":\"https:\\\/\\\/www.versiegelung24.com\\\/hu\\\/uzlet\\\/\"},{\"@type\":\"ListItem\",\"position\":3,\"name\":\"Haj\u00f3\\\/jacht\\\/cs\u00f3nak speci\u00e1lis pol\u00edroz\u00e1sa \u00e9s t\u00f6m\u00edt\u00e9se professzion\u00e1lis min\u0151s\u00e9gben\"}]},{\"@type\":\"WebSite\",\"@id\":\"https:\\\/\\\/www.versiegelung24.com\\\/hu\\\/#website\",\"url\":\"https:\\\/\\\/www.versiegelung24.com\\\/hu\\\/\",\"name\":\"versiegelung24.com\",\"description\":\"Fl\u00fcssigglas-Versiegelung - Made in Germany\",\"publisher\":{\"@id\":\"https:\\\/\\\/www.versiegelung24.com\\\/hu\\\/#organization\"},\"potentialAction\":[{\"@type\":\"SearchAction\",\"target\":{\"@type\":\"EntryPoint\",\"urlTemplate\":\"https:\\\/\\\/www.versiegelung24.com\\\/hu\\\/?s={search_term_string}\"},\"query-input\":{\"@type\":\"PropertyValueSpecification\",\"valueRequired\":true,\"valueName\":\"search_term_string\"}}],\"inLanguage\":\"hu\"},{\"@type\":\"Organization\",\"@id\":\"https:\\\/\\\/www.versiegelung24.com\\\/hu\\\/#organization\",\"name\":\"versiegelung24\",\"url\":\"https:\\\/\\\/www.versiegelung24.com\\\/hu\\\/\",\"logo\":{\"@type\":\"ImageObject\",\"inLanguage\":\"hu\",\"@id\":\"https:\\\/\\\/www.versiegelung24.com\\\/hu\\\/#\\\/schema\\\/logo\\\/image\\\/\",\"url\":\"https:\\\/\\\/www.versiegelung24.com\\\/wp-content\\\/uploads\\\/2020\\\/04\\\/versiegelung24.png\",\"contentUrl\":\"https:\\\/\\\/www.versiegelung24.com\\\/wp-content\\\/uploads\\\/2020\\\/04\\\/versiegelung24.png\",\"width\":470,\"height\":102,\"caption\":\"versiegelung24\"},\"image\":{\"@id\":\"https:\\\/\\\/www.versiegelung24.com\\\/hu\\\/#\\\/schema\\\/logo\\\/image\\\/\"}}]}<\/script>\n<meta property=\"product:price:amount\" content=\"99.00\" \/>\n<meta property=\"product:price:currency\" content=\"EUR\" \/>\n<meta property=\"og:availability\" content=\"instock\" \/>\n<meta property=\"product:availability\" content=\"instock\" \/>\n<meta property=\"product:retailer_item_id\" content=\"2002-7660-1000\" \/>\n<meta property=\"product:condition\" content=\"new\" \/>\n<!-- \/ Yoast SEO Premium plugin. -->","yoast_head_json":{"title":"Haj\u00f3\/jacht\/cs\u00f3nak speci\u00e1lis pol\u00edroz\u00e1sa \u00e9s t\u00f6m\u00edt\u00e9se professzion\u00e1lis min\u0151s\u00e9gben - versiegelung24.com","robots":{"index":"index","follow":"follow","max-snippet":"max-snippet:-1","max-image-preview":"max-image-preview:large","max-video-preview":"max-video-preview:-1"},"canonical":"https:\/\/www.versiegelung24.com\/hu\/bakancs-specialis-polirozas-es-toemites-professzionalis-minosegben.html","og_locale":"hu_HU","og_type":"article","og_title":"Haj\u00f3\/jacht\/cs\u00f3nak speci\u00e1lis pol\u00edroz\u00e1sa \u00e9s t\u00f6m\u00edt\u00e9se professzion\u00e1lis min\u0151s\u00e9gben","og_description":"Nagyon hat\u00e9kony professzion\u00e1lis t\u00f6m\u00edt\u00e9s a k\u00f6vetkez\u0151kh\u00f6z: \u2713 Cs\u00f3nakok \u2713 L\u00f3tusz hat\u00e1s\u00fa (v\u00edztasz\u00edt\u00f3) \u2713 Eltarthat\u00f3s\u00e1gi id\u0151 ak\u00e1r 3 h\u00f3nap","og_url":"https:\/\/www.versiegelung24.com\/hu\/bakancs-specialis-polirozas-es-toemites-professzionalis-minosegben.html","og_site_name":"versiegelung24.com","article_modified_time":"2025-04-10T08:57:04+00:00","og_image":[{"width":2560,"height":2560,"url":"https:\/\/www.versiegelung24.com\/wp-content\/uploads\/2020\/06\/produkt-2002-7660-1000-Boot-Spezial-Politur-Versiegelung-scaled.jpg","type":"image\/jpeg"}],"twitter_card":"summary_large_image","twitter_misc":{"\u00c1r":"99,00&euro;","El\u00e9rhet\u0151s\u00e9g":"K\u00e9szleten"},"schema":{"@context":"https:\/\/schema.org","@graph":[{"@type":"WebPage","@id":"https:\/\/www.versiegelung24.com\/hu\/bakancs-specialis-polirozas-es-toemites-professzionalis-minosegben.html","url":"https:\/\/www.versiegelung24.com\/hu\/bakancs-specialis-polirozas-es-toemites-professzionalis-minosegben.html","name":"Haj\u00f3\/jacht\/cs\u00f3nak speci\u00e1lis pol\u00edroz\u00e1sa \u00e9s t\u00f6m\u00edt\u00e9se professzion\u00e1lis min\u0151s\u00e9gben - versiegelung24.com","isPartOf":{"@id":"https:\/\/www.versiegelung24.com\/hu\/#website"},"primaryImageOfPage":{"@id":"https:\/\/www.versiegelung24.com\/hu\/bakancs-specialis-polirozas-es-toemites-professzionalis-minosegben.html#primaryimage"},"image":{"@id":"https:\/\/www.versiegelung24.com\/hu\/bakancs-specialis-polirozas-es-toemites-professzionalis-minosegben.html#primaryimage"},"thumbnailUrl":"https:\/\/www.versiegelung24.com\/wp-content\/uploads\/2020\/06\/produkt-2002-7660-1000-Boot-Spezial-Politur-Versiegelung-scaled.jpg","datePublished":"2021-08-02T19:11:50+00:00","dateModified":"2025-04-10T08:57:04+00:00","breadcrumb":{"@id":"https:\/\/www.versiegelung24.com\/hu\/bakancs-specialis-polirozas-es-toemites-professzionalis-minosegben.html#breadcrumb"},"inLanguage":"hu","potentialAction":[{"@type":"ReadAction","target":["https:\/\/www.versiegelung24.com\/hu\/bakancs-specialis-polirozas-es-toemites-professzionalis-minosegben.html"]}]},{"@type":"ImageObject","inLanguage":"hu","@id":"https:\/\/www.versiegelung24.com\/hu\/bakancs-specialis-polirozas-es-toemites-professzionalis-minosegben.html#primaryimage","url":"https:\/\/www.versiegelung24.com\/wp-content\/uploads\/2020\/06\/produkt-2002-7660-1000-Boot-Spezial-Politur-Versiegelung-scaled.jpg","contentUrl":"https:\/\/www.versiegelung24.com\/wp-content\/uploads\/2020\/06\/produkt-2002-7660-1000-Boot-Spezial-Politur-Versiegelung-scaled.jpg","width":2560,"height":2560},{"@type":"BreadcrumbList","@id":"https:\/\/www.versiegelung24.com\/hu\/bakancs-specialis-polirozas-es-toemites-professzionalis-minosegben.html#breadcrumb","itemListElement":[{"@type":"ListItem","position":1,"name":"Honlap","item":"https:\/\/www.versiegelung24.com\/hu\/elol\/"},{"@type":"ListItem","position":2,"name":"\u00dczlet","item":"https:\/\/www.versiegelung24.com\/hu\/uzlet\/"},{"@type":"ListItem","position":3,"name":"Haj\u00f3\/jacht\/cs\u00f3nak speci\u00e1lis pol\u00edroz\u00e1sa \u00e9s t\u00f6m\u00edt\u00e9se professzion\u00e1lis min\u0151s\u00e9gben"}]},{"@type":"WebSite","@id":"https:\/\/www.versiegelung24.com\/hu\/#website","url":"https:\/\/www.versiegelung24.com\/hu\/","name":"versiegelung24.com","description":"Fl\u00fcssigglas-Versiegelung - Made in Germany","publisher":{"@id":"https:\/\/www.versiegelung24.com\/hu\/#organization"},"potentialAction":[{"@type":"SearchAction","target":{"@type":"EntryPoint","urlTemplate":"https:\/\/www.versiegelung24.com\/hu\/?s={search_term_string}"},"query-input":{"@type":"PropertyValueSpecification","valueRequired":true,"valueName":"search_term_string"}}],"inLanguage":"hu"},{"@type":"Organization","@id":"https:\/\/www.versiegelung24.com\/hu\/#organization","name":"versiegelung24","url":"https:\/\/www.versiegelung24.com\/hu\/","logo":{"@type":"ImageObject","inLanguage":"hu","@id":"https:\/\/www.versiegelung24.com\/hu\/#\/schema\/logo\/image\/","url":"https:\/\/www.versiegelung24.com\/wp-content\/uploads\/2020\/04\/versiegelung24.png","contentUrl":"https:\/\/www.versiegelung24.com\/wp-content\/uploads\/2020\/04\/versiegelung24.png","width":470,"height":102,"caption":"versiegelung24"},"image":{"@id":"https:\/\/www.versiegelung24.com\/hu\/#\/schema\/logo\/image\/"}}]},"product_price_amount":"99.00","product_price_currency":"EUR","og_availability":"instock","product_availability":"instock","product_retailer_item_id":"2002-7660-1000","product_condition":"new"},"_links":{"self":[{"href":"https:\/\/www.versiegelung24.com\/hu\/wp-json\/wp\/v2\/product\/23012","targetHints":{"allow":["GET"]}}],"collection":[{"href":"https:\/\/www.versiegelung24.com\/hu\/wp-json\/wp\/v2\/product"}],"about":[{"href":"https:\/\/www.versiegelung24.com\/hu\/wp-json\/wp\/v2\/types\/product"}],"version-history":[{"count":11,"href":"https:\/\/www.versiegelung24.com\/hu\/wp-json\/wp\/v2\/product\/23012\/revisions"}],"predecessor-version":[{"id":181404,"href":"https:\/\/www.versiegelung24.com\/hu\/wp-json\/wp\/v2\/product\/23012\/revisions\/181404"}],"wp:featuredmedia":[{"embeddable":true,"href":"https:\/\/www.versiegelung24.com\/hu\/wp-json\/wp\/v2\/media\/17825"}],"wp:attachment":[{"href":"https:\/\/www.versiegelung24.com\/hu\/wp-json\/wp\/v2\/media?parent=23012"}],"wp:term":[{"taxonomy":"product_brand","embeddable":true,"href":"https:\/\/www.versiegelung24.com\/hu\/wp-json\/wp\/v2\/product_brand?post=23012"},{"taxonomy":"product_cat","embeddable":true,"href":"https:\/\/www.versiegelung24.com\/hu\/wp-json\/wp\/v2\/product_cat?post=23012"},{"taxonomy":"product_tag","embeddable":true,"href":"https:\/\/www.versiegelung24.com\/hu\/wp-json\/wp\/v2\/product_tag?post=23012"}],"curies":[{"name":"wp","href":"https:\/\/api.w.org\/{rel}","templated":true}]}}