{"id":23325,"date":"2020-04-04T18:53:43","date_gmt":"2021-08-02T19:31:33","guid":{"rendered":"https:\/\/www.versiegelung24.com\/produkt\/univerzalis-tomites-695-puha-nedvszivo-feluletekhez-ko-fa-textil"},"modified":"2025-04-12T11:47:52","modified_gmt":"2025-04-12T09:47:52","slug":"univerzalis-tomites-695-puha-nedvszivo-feluletekhez-ko-fa-textil","status":"publish","type":"product","link":"https:\/\/www.versiegelung24.com\/hu\/univerzalis-toemites-695-puha-nedvszivo-felueletekhez-ko-fa-textil.html","title":{"rendered":"Univerz\u00e1lis t\u00f6m\u00edt\u00e9s 695 &#8220;puha&#8221; \/ nedvsz\u00edv\u00f3 fel\u00fcletekhez (k\u0151 +++, fa +++, textil ++)"},"content":{"rendered":"\n<p><strong>Rendk\u00edv\u00fcl hat\u00e9kony professzion\u00e1lis univerz\u00e1lis t\u00f6m\u00edt\u00e9s &#8220;puha&#8221; \/ nedvsz\u00edv\u00f3 fel\u00fcletekhez, mint p\u00e9ld\u00e1ul textil, k\u0151, fa, k\u00f6nnyen tiszt\u00edthat\u00f3 hat\u00e1ssal<\/strong><\/p>\n\n<p>Ide\u00e1lis k\u0151h\u00f6z \u00e9s f\u00e1hoz, text\u00edli\u00e1khoz is alkalmazhat\u00f3<\/p>\n\n<p>Kiv\u00e1l\u00f3 min\u0151s\u00e9g &#8211; N\u00e9metorsz\u00e1gban gy\u00e1rtva<\/p>\n\n<p><strong>V24 univerz\u00e1lis t\u00f6m\u00edt\u00e9s 4007-695<\/strong> vizes impregn\u00e1l\u00e1s nedvsz\u00edv\u00f3 \/ &#8220;puha&#8221; fel\u00fcletekhez, nagyon j\u00f3 hidrof\u00f3b (v\u00edzleperget\u0151) \u00e9s oleof\u00f3b (olaj -tasz\u00edt\u00f3) fel\u00fclettel. A term\u00e9k szinte l\u00e1thatatlan, v\u00e9kony fel\u00fclet\u0171 filmet k\u00e9pez. A v\u00edzleperget\u0151 hat\u00e1s jelent\u0151sen cs\u00f6kkenti a nedvess\u00e9g behatol\u00e1s\u00e1nak sebess\u00e9g\u00e9t a kezelt fel\u00fcleteken \u00e9s az \u00fajra szennyez\u0151d\u00e9st. Az olaj \u00e9s az elsz\u00ednez\u0151d\u0151 anyagok behatol\u00e1sa a fel\u00fcletbe cs\u00f6kken, \u00e9s k\u00f6nnyen elt\u00e1vol\u00edthat\u00f3 \/ tiszt\u00edthat\u00f3.<\/p>\n\n<hr \/>\n\n<h4 class=\"wp-block-heading\" id=\"properties\">A term\u00e9k jellemz\u0151i<\/h4>\n\n<div class=\"wp-block-columns is-layout-flex wp-container-core-columns-is-layout-9d6595d7 wp-block-columns-is-layout-flex\">\n<div class=\"wp-block-column is-layout-flow wp-block-column-is-layout-flow\">\n<p>Megjegyz\u00e9s: Az olcs\u00f3 feh\u00e9r text\u00edli\u00e1k s\u00e1rga \u00e1rnyalat\u00faak lehetnek<\/p>\n\n\n\n<p>A t\u00f6m\u00edtend\u0151 fel\u00fclet nedvsz\u00edv\u00f3 k\u00e9pess\u00e9g\u00e9t\u0151l f\u00fcgg\u0151en 1 liter elegend\u0151 ak\u00e1r 40 m\u00b2 -re.<\/p>\n<\/div>\n\n\n\n<div class=\"wp-block-column is-layout-flow wp-block-column-is-layout-flow\">\n<p><br \/><br \/>S<strong>z\u00e1ll\u00edt\u00e1si terjedelem:<\/strong> 1 x literes flakon 1 x pump\u00e1s sz\u00f3r\u00f3fej<\/p>\n<\/div>\n<\/div>\n\n<hr \/>\n\n<h4 class=\"wp-block-heading\" id=\"h-ratgeber\">Tan\u00e1csad\u00f3<\/h4>\n\n<p>Univerz\u00e1lis t\u00f6m\u00edt\u00e9seink k\u00fcl\u00f6n\u00f6sen alkalmasak a bark\u00e1csol\u00f3 szektor sz\u00e1m\u00e1ra.<\/p>\n\n<p>Egyes\u00edtik a professzion\u00e1lis hat\u00e1sm\u00f3dot a k\u00fcl\u00f6nb\u00f6z\u0151 fel\u00fcleteken \u00e9s a k\u00f6nny\u0171 kezelhet\u0151s\u00e9get az alkalmaz\u00e1s sor\u00e1n. \u00c9s mindezt an\u00e9lk\u00fcl, hogy komolyabb min\u0151s\u00e9gi kompromisszumokat kellene k\u00f6tnie.<\/p>\n\n<p>\u00cdgy egyetlen univerz\u00e1lis t\u00f6m\u00edt\u0151anyaggal t\u00f6bb anyagon is felhordhat\u00f3, \u00e9s j\u00f3 min\u0151s\u00e9g\u0171 hat\u00e1st \u00e9s hossz\u00fa tart\u00f3ss\u00e1got is el\u00e9rni.<\/p>\n\n<p>Azonban olyan kereskedelmi \u00e9s ipari alkalmaz\u00e1sokhoz, ahol egy adott fel\u00fcleten a lehet\u0151 legmagasabb szint\u0171 teljes\u00edtm\u00e9nyt k\u00edv\u00e1nj\u00e1k el\u00e9rni, javasoljuk az adott fel\u00fclethez speci\u00e1lis bevonataink haszn\u00e1lat\u00e1t.<\/p>\n","protected":false},"excerpt":{"rendered":"<p><strong>Nagyon hat\u00e9kony professzion\u00e1lis univerz\u00e1lis t\u00f6m\u00edt\u00e9s nedvsz\u00edv\u00f3 \/ &#8220;puha&#8221; fel\u00fcletekhez:<\/strong><\/p>\n<p>\u2713 Textil<\/p>\n<p>\u2713 K\u0151<\/p>\n<p>\u2713 fa<\/p>\n<p>\u2713 K\u00f6nnyen tiszt\u00edthat\u00f3 hat\u00e1ssal<\/p>\n","protected":false},"featured_media":18320,"template":"","meta":{"_acf_changed":false,"neve_meta_sidebar":"","neve_meta_container":"","neve_meta_enable_content_width":"","neve_meta_content_width":0,"neve_meta_title_alignment":"","neve_meta_author_avatar":"","neve_post_elements_order":"","neve_meta_disable_header":"","neve_meta_disable_footer":"","neve_meta_disable_title":"","neve_meta_reading_time":"","_surfaces":[],"_ver_product_tabs":[],"footnotes":""},"product_brand":[],"product_cat":[2472],"product_tag":[],"class_list":{"0":"post-23325","1":"product","2":"type-product","3":"status-publish","4":"has-post-thumbnail","6":"product_cat-univerzalis-toemites","7":"pa_gebinde-1000-ml-es-palack","8":"pa_gebinde-20-literes-tartaly","10":"first","11":"instock","12":"taxable","13":"shipping-taxable","14":"purchasable","15":"product-type-variable","16":"has-default-attributes"},"acf":[],"yoast_head":"<!-- This site is optimized with the Yoast SEO Premium plugin v22.8 (Yoast SEO v27.5) - https:\/\/yoast.com\/product\/yoast-seo-premium-wordpress\/ -->\n<title>Univerz\u00e1lis t\u00f6m\u00edt\u00e9s 695 &quot;puha&quot; \/ nedvsz\u00edv\u00f3 fel\u00fcletekhez (k\u0151 +++, fa +++, textil ++) - versiegelung24.com<\/title>\n<meta name=\"robots\" content=\"index, follow, max-snippet:-1, max-image-preview:large, max-video-preview:-1\" \/>\n<link rel=\"canonical\" href=\"https:\/\/www.versiegelung24.com\/hu\/univerzalis-toemites-695-puha-nedvszivo-felueletekhez-ko-fa-textil.html\" \/>\n<meta property=\"og:locale\" content=\"hu_HU\" \/>\n<meta property=\"og:type\" content=\"article\" \/>\n<meta property=\"og:title\" content=\"Univerz\u00e1lis t\u00f6m\u00edt\u00e9s 695 &quot;puha&quot; \/ nedvsz\u00edv\u00f3 fel\u00fcletekhez (k\u0151 +++, fa +++, textil ++)\" \/>\n<meta property=\"og:description\" content=\"Nagyon hat\u00e9kony professzion\u00e1lis univerz\u00e1lis t\u00f6m\u00edt\u00e9s nedvsz\u00edv\u00f3 \/ &quot;puha&quot; fel\u00fcletekhez: \u2713 Textil \u2713 K\u0151 \u2713 fa \u2713 K\u00f6nnyen tiszt\u00edthat\u00f3 hat\u00e1ssal\" \/>\n<meta property=\"og:url\" content=\"https:\/\/www.versiegelung24.com\/hu\/univerzalis-toemites-695-puha-nedvszivo-felueletekhez-ko-fa-textil.html\" \/>\n<meta property=\"og:site_name\" content=\"versiegelung24.com\" \/>\n<meta property=\"article:modified_time\" content=\"2025-04-12T09:47:52+00:00\" \/>\n<meta property=\"og:image\" content=\"https:\/\/www.versiegelung24.com\/wp-content\/uploads\/2020\/06\/produkt-4007-695-1000-Universalversiegelung-695-scaled.jpg\" \/>\n\t<meta property=\"og:image:width\" content=\"2560\" \/>\n\t<meta property=\"og:image:height\" content=\"2560\" \/>\n\t<meta property=\"og:image:type\" content=\"image\/jpeg\" \/>\n<meta name=\"twitter:card\" content=\"summary_large_image\" \/>\n<meta name=\"twitter:label1\" content=\"El\u00e9rhet\u0151s\u00e9g\" \/>\n\t<meta name=\"twitter:data1\" content=\"K\u00e9szleten\" \/>\n<script type=\"application\/ld+json\" class=\"yoast-schema-graph\">{\"@context\":\"https:\\\/\\\/schema.org\",\"@graph\":[{\"@type\":\"WebPage\",\"@id\":\"https:\\\/\\\/www.versiegelung24.com\\\/hu\\\/univerzalis-toemites-695-puha-nedvszivo-felueletekhez-ko-fa-textil.html\",\"url\":\"https:\\\/\\\/www.versiegelung24.com\\\/hu\\\/univerzalis-toemites-695-puha-nedvszivo-felueletekhez-ko-fa-textil.html\",\"name\":\"Univerz\u00e1lis t\u00f6m\u00edt\u00e9s 695 \\\"puha\\\" \\\/ nedvsz\u00edv\u00f3 fel\u00fcletekhez (k\u0151 +++, fa +++, textil ++) - versiegelung24.com\",\"isPartOf\":{\"@id\":\"https:\\\/\\\/www.versiegelung24.com\\\/hu\\\/#website\"},\"primaryImageOfPage\":{\"@id\":\"https:\\\/\\\/www.versiegelung24.com\\\/hu\\\/univerzalis-toemites-695-puha-nedvszivo-felueletekhez-ko-fa-textil.html#primaryimage\"},\"image\":{\"@id\":\"https:\\\/\\\/www.versiegelung24.com\\\/hu\\\/univerzalis-toemites-695-puha-nedvszivo-felueletekhez-ko-fa-textil.html#primaryimage\"},\"thumbnailUrl\":\"https:\\\/\\\/www.versiegelung24.com\\\/wp-content\\\/uploads\\\/2020\\\/06\\\/produkt-4007-695-1000-Universalversiegelung-695-scaled.jpg\",\"datePublished\":\"2021-08-02T19:31:33+00:00\",\"dateModified\":\"2025-04-12T09:47:52+00:00\",\"breadcrumb\":{\"@id\":\"https:\\\/\\\/www.versiegelung24.com\\\/hu\\\/univerzalis-toemites-695-puha-nedvszivo-felueletekhez-ko-fa-textil.html#breadcrumb\"},\"inLanguage\":\"hu\",\"potentialAction\":[{\"@type\":\"ReadAction\",\"target\":[\"https:\\\/\\\/www.versiegelung24.com\\\/hu\\\/univerzalis-toemites-695-puha-nedvszivo-felueletekhez-ko-fa-textil.html\"]}]},{\"@type\":\"ImageObject\",\"inLanguage\":\"hu\",\"@id\":\"https:\\\/\\\/www.versiegelung24.com\\\/hu\\\/univerzalis-toemites-695-puha-nedvszivo-felueletekhez-ko-fa-textil.html#primaryimage\",\"url\":\"https:\\\/\\\/www.versiegelung24.com\\\/wp-content\\\/uploads\\\/2020\\\/06\\\/produkt-4007-695-1000-Universalversiegelung-695-scaled.jpg\",\"contentUrl\":\"https:\\\/\\\/www.versiegelung24.com\\\/wp-content\\\/uploads\\\/2020\\\/06\\\/produkt-4007-695-1000-Universalversiegelung-695-scaled.jpg\",\"width\":2560,\"height\":2560},{\"@type\":\"BreadcrumbList\",\"@id\":\"https:\\\/\\\/www.versiegelung24.com\\\/hu\\\/univerzalis-toemites-695-puha-nedvszivo-felueletekhez-ko-fa-textil.html#breadcrumb\",\"itemListElement\":[{\"@type\":\"ListItem\",\"position\":1,\"name\":\"Honlap\",\"item\":\"https:\\\/\\\/www.versiegelung24.com\\\/hu\\\/elol\\\/\"},{\"@type\":\"ListItem\",\"position\":2,\"name\":\"\u00dczlet\",\"item\":\"https:\\\/\\\/www.versiegelung24.com\\\/hu\\\/uzlet\\\/\"},{\"@type\":\"ListItem\",\"position\":3,\"name\":\"Univerz\u00e1lis t\u00f6m\u00edt\u00e9s 695 &#8220;puha&#8221; \\\/ nedvsz\u00edv\u00f3 fel\u00fcletekhez (k\u0151 +++, fa +++, textil ++)\"}]},{\"@type\":\"WebSite\",\"@id\":\"https:\\\/\\\/www.versiegelung24.com\\\/hu\\\/#website\",\"url\":\"https:\\\/\\\/www.versiegelung24.com\\\/hu\\\/\",\"name\":\"versiegelung24.com\",\"description\":\"Fl\u00fcssigglas-Versiegelung - Made in Germany\",\"publisher\":{\"@id\":\"https:\\\/\\\/www.versiegelung24.com\\\/hu\\\/#organization\"},\"potentialAction\":[{\"@type\":\"SearchAction\",\"target\":{\"@type\":\"EntryPoint\",\"urlTemplate\":\"https:\\\/\\\/www.versiegelung24.com\\\/hu\\\/?s={search_term_string}\"},\"query-input\":{\"@type\":\"PropertyValueSpecification\",\"valueRequired\":true,\"valueName\":\"search_term_string\"}}],\"inLanguage\":\"hu\"},{\"@type\":\"Organization\",\"@id\":\"https:\\\/\\\/www.versiegelung24.com\\\/hu\\\/#organization\",\"name\":\"versiegelung24\",\"url\":\"https:\\\/\\\/www.versiegelung24.com\\\/hu\\\/\",\"logo\":{\"@type\":\"ImageObject\",\"inLanguage\":\"hu\",\"@id\":\"https:\\\/\\\/www.versiegelung24.com\\\/hu\\\/#\\\/schema\\\/logo\\\/image\\\/\",\"url\":\"https:\\\/\\\/www.versiegelung24.com\\\/wp-content\\\/uploads\\\/2020\\\/04\\\/versiegelung24.png\",\"contentUrl\":\"https:\\\/\\\/www.versiegelung24.com\\\/wp-content\\\/uploads\\\/2020\\\/04\\\/versiegelung24.png\",\"width\":470,\"height\":102,\"caption\":\"versiegelung24\"},\"image\":{\"@id\":\"https:\\\/\\\/www.versiegelung24.com\\\/hu\\\/#\\\/schema\\\/logo\\\/image\\\/\"}}]}<\/script>\n<meta property=\"og:availability\" content=\"instock\" \/>\n<meta property=\"product:availability\" content=\"instock\" \/>\n<meta property=\"product:retailer_item_id\" content=\"4007-695\" \/>\n<meta property=\"product:condition\" content=\"new\" \/>\n<!-- \/ Yoast SEO Premium plugin. -->","yoast_head_json":{"title":"Univerz\u00e1lis t\u00f6m\u00edt\u00e9s 695 \"puha\" \/ nedvsz\u00edv\u00f3 fel\u00fcletekhez (k\u0151 +++, fa +++, textil ++) - versiegelung24.com","robots":{"index":"index","follow":"follow","max-snippet":"max-snippet:-1","max-image-preview":"max-image-preview:large","max-video-preview":"max-video-preview:-1"},"canonical":"https:\/\/www.versiegelung24.com\/hu\/univerzalis-toemites-695-puha-nedvszivo-felueletekhez-ko-fa-textil.html","og_locale":"hu_HU","og_type":"article","og_title":"Univerz\u00e1lis t\u00f6m\u00edt\u00e9s 695 \"puha\" \/ nedvsz\u00edv\u00f3 fel\u00fcletekhez (k\u0151 +++, fa +++, textil ++)","og_description":"Nagyon hat\u00e9kony professzion\u00e1lis univerz\u00e1lis t\u00f6m\u00edt\u00e9s nedvsz\u00edv\u00f3 \/ \"puha\" fel\u00fcletekhez: \u2713 Textil \u2713 K\u0151 \u2713 fa \u2713 K\u00f6nnyen tiszt\u00edthat\u00f3 hat\u00e1ssal","og_url":"https:\/\/www.versiegelung24.com\/hu\/univerzalis-toemites-695-puha-nedvszivo-felueletekhez-ko-fa-textil.html","og_site_name":"versiegelung24.com","article_modified_time":"2025-04-12T09:47:52+00:00","og_image":[{"width":2560,"height":2560,"url":"https:\/\/www.versiegelung24.com\/wp-content\/uploads\/2020\/06\/produkt-4007-695-1000-Universalversiegelung-695-scaled.jpg","type":"image\/jpeg"}],"twitter_card":"summary_large_image","twitter_misc":{"El\u00e9rhet\u0151s\u00e9g":"K\u00e9szleten"},"schema":{"@context":"https:\/\/schema.org","@graph":[{"@type":"WebPage","@id":"https:\/\/www.versiegelung24.com\/hu\/univerzalis-toemites-695-puha-nedvszivo-felueletekhez-ko-fa-textil.html","url":"https:\/\/www.versiegelung24.com\/hu\/univerzalis-toemites-695-puha-nedvszivo-felueletekhez-ko-fa-textil.html","name":"Univerz\u00e1lis t\u00f6m\u00edt\u00e9s 695 \"puha\" \/ nedvsz\u00edv\u00f3 fel\u00fcletekhez (k\u0151 +++, fa +++, textil ++) - versiegelung24.com","isPartOf":{"@id":"https:\/\/www.versiegelung24.com\/hu\/#website"},"primaryImageOfPage":{"@id":"https:\/\/www.versiegelung24.com\/hu\/univerzalis-toemites-695-puha-nedvszivo-felueletekhez-ko-fa-textil.html#primaryimage"},"image":{"@id":"https:\/\/www.versiegelung24.com\/hu\/univerzalis-toemites-695-puha-nedvszivo-felueletekhez-ko-fa-textil.html#primaryimage"},"thumbnailUrl":"https:\/\/www.versiegelung24.com\/wp-content\/uploads\/2020\/06\/produkt-4007-695-1000-Universalversiegelung-695-scaled.jpg","datePublished":"2021-08-02T19:31:33+00:00","dateModified":"2025-04-12T09:47:52+00:00","breadcrumb":{"@id":"https:\/\/www.versiegelung24.com\/hu\/univerzalis-toemites-695-puha-nedvszivo-felueletekhez-ko-fa-textil.html#breadcrumb"},"inLanguage":"hu","potentialAction":[{"@type":"ReadAction","target":["https:\/\/www.versiegelung24.com\/hu\/univerzalis-toemites-695-puha-nedvszivo-felueletekhez-ko-fa-textil.html"]}]},{"@type":"ImageObject","inLanguage":"hu","@id":"https:\/\/www.versiegelung24.com\/hu\/univerzalis-toemites-695-puha-nedvszivo-felueletekhez-ko-fa-textil.html#primaryimage","url":"https:\/\/www.versiegelung24.com\/wp-content\/uploads\/2020\/06\/produkt-4007-695-1000-Universalversiegelung-695-scaled.jpg","contentUrl":"https:\/\/www.versiegelung24.com\/wp-content\/uploads\/2020\/06\/produkt-4007-695-1000-Universalversiegelung-695-scaled.jpg","width":2560,"height":2560},{"@type":"BreadcrumbList","@id":"https:\/\/www.versiegelung24.com\/hu\/univerzalis-toemites-695-puha-nedvszivo-felueletekhez-ko-fa-textil.html#breadcrumb","itemListElement":[{"@type":"ListItem","position":1,"name":"Honlap","item":"https:\/\/www.versiegelung24.com\/hu\/elol\/"},{"@type":"ListItem","position":2,"name":"\u00dczlet","item":"https:\/\/www.versiegelung24.com\/hu\/uzlet\/"},{"@type":"ListItem","position":3,"name":"Univerz\u00e1lis t\u00f6m\u00edt\u00e9s 695 &#8220;puha&#8221; \/ nedvsz\u00edv\u00f3 fel\u00fcletekhez (k\u0151 +++, fa +++, textil ++)"}]},{"@type":"WebSite","@id":"https:\/\/www.versiegelung24.com\/hu\/#website","url":"https:\/\/www.versiegelung24.com\/hu\/","name":"versiegelung24.com","description":"Fl\u00fcssigglas-Versiegelung - Made in Germany","publisher":{"@id":"https:\/\/www.versiegelung24.com\/hu\/#organization"},"potentialAction":[{"@type":"SearchAction","target":{"@type":"EntryPoint","urlTemplate":"https:\/\/www.versiegelung24.com\/hu\/?s={search_term_string}"},"query-input":{"@type":"PropertyValueSpecification","valueRequired":true,"valueName":"search_term_string"}}],"inLanguage":"hu"},{"@type":"Organization","@id":"https:\/\/www.versiegelung24.com\/hu\/#organization","name":"versiegelung24","url":"https:\/\/www.versiegelung24.com\/hu\/","logo":{"@type":"ImageObject","inLanguage":"hu","@id":"https:\/\/www.versiegelung24.com\/hu\/#\/schema\/logo\/image\/","url":"https:\/\/www.versiegelung24.com\/wp-content\/uploads\/2020\/04\/versiegelung24.png","contentUrl":"https:\/\/www.versiegelung24.com\/wp-content\/uploads\/2020\/04\/versiegelung24.png","width":470,"height":102,"caption":"versiegelung24"},"image":{"@id":"https:\/\/www.versiegelung24.com\/hu\/#\/schema\/logo\/image\/"}}]},"og_availability":"instock","product_availability":"instock","product_retailer_item_id":"4007-695","product_condition":"new"},"_links":{"self":[{"href":"https:\/\/www.versiegelung24.com\/hu\/wp-json\/wp\/v2\/product\/23325","targetHints":{"allow":["GET"]}}],"collection":[{"href":"https:\/\/www.versiegelung24.com\/hu\/wp-json\/wp\/v2\/product"}],"about":[{"href":"https:\/\/www.versiegelung24.com\/hu\/wp-json\/wp\/v2\/types\/product"}],"version-history":[{"count":25,"href":"https:\/\/www.versiegelung24.com\/hu\/wp-json\/wp\/v2\/product\/23325\/revisions"}],"predecessor-version":[{"id":181434,"href":"https:\/\/www.versiegelung24.com\/hu\/wp-json\/wp\/v2\/product\/23325\/revisions\/181434"}],"wp:featuredmedia":[{"embeddable":true,"href":"https:\/\/www.versiegelung24.com\/hu\/wp-json\/wp\/v2\/media\/18320"}],"wp:attachment":[{"href":"https:\/\/www.versiegelung24.com\/hu\/wp-json\/wp\/v2\/media?parent=23325"}],"wp:term":[{"taxonomy":"product_brand","embeddable":true,"href":"https:\/\/www.versiegelung24.com\/hu\/wp-json\/wp\/v2\/product_brand?post=23325"},{"taxonomy":"product_cat","embeddable":true,"href":"https:\/\/www.versiegelung24.com\/hu\/wp-json\/wp\/v2\/product_cat?post=23325"},{"taxonomy":"product_tag","embeddable":true,"href":"https:\/\/www.versiegelung24.com\/hu\/wp-json\/wp\/v2\/product_tag?post=23325"}],"curies":[{"name":"wp","href":"https:\/\/api.w.org\/{rel}","templated":true}]}}