{"id":23441,"date":"2020-04-04T18:53:17","date_gmt":"2021-08-02T19:36:55","guid":{"rendered":"https:\/\/www.versiegelung24.com\/produkt\/5-liter-bacoban-koncentratum-500-liter-hosszu-tavu-feluletfertotleniteshez"},"modified":"2025-01-13T16:36:38","modified_gmt":"2025-01-13T15:36:38","slug":"bacoban-hosszu-tavu-felulet-fertotlenito-5-000ml-viz-alapu-koncentratum","status":"publish","type":"product","link":"https:\/\/www.versiegelung24.com\/hu\/bacoban-hosszu-tavu-feluelet-fertotlenito-5-000ml-viz-alapu-koncentratum.html","title":{"rendered":"5 liter BACOBAN\u00ae koncentr\u00e1tum 500 liter hossz\u00fa t\u00e1v\u00fa fel\u00fcletfert\u0151tlen\u00edt\u00e9shez"},"content":{"rendered":"\n<h2 class=\"wp-block-heading\" id=\"h-5-liter-kanister-bacoban-langzeit-flachendesinfektion-konzentrat\">5 literes BACOBAN\u00ae tart\u00e1ly hossz\u00fa t\u00e1v\u00fa fel\u00fcleti fert\u0151tlen\u00edt\u0151 koncentr\u00e1tum<\/h2>\n\n<p><strong>500 liter fert\u0151tlen\u00edt\u0151szerhez elegend\u0151 (v\u00edzzel 1: 100 ar\u00e1nyban h\u00edg\u00edtva)<\/strong><\/p>\n\n<p><strong>\u00d3vatosan haszn\u00e1ljon fert\u0151tlen\u00edt\u0151szereket. Haszn\u00e1lat el\u0151tt mindig olvassa el a c\u00edmk\u00e9t \u00e9s a term\u00e9kinform\u00e1ci\u00f3kat.<\/strong><\/p>\n\n<hr \/>\n\n<h4 class=\"wp-block-heading\" id=\"properties\">A term\u00e9k jellemz\u0151i<\/h4>\n\n<p><br \/>\u00d6sszet\u00e9tel: <strong> 100 g oldat tartalmaz:<br \/>\u00d6sszetev\u0151k a 648\/2004\/EK rendelet szerint: 15 % \u00e9s t\u00f6bb, de kevesebb, mint 30 % kationos fel\u00fcletakt\u00edv anyag, fert\u0151tlen\u00edt\u0151szerek, illatanyag (linalool, limon\u00e9n, citr\u00e1l, geraniol, citronellol).<\/strong><\/p>\n<div class=\"wp-block-image\">\n<figure class=\"aligncenter size-large is-resized\"><img decoding=\"async\" src=\"https:\/\/www.versiegelung24.com\/wp-content\/uploads\/2022\/01\/desinfektion_tisch-1300x260.jpg\" alt=\"\" class=\"wp-image-59386\" width=\"1500\" srcset=\"https:\/\/www.versiegelung24.com\/wp-content\/uploads\/2022\/01\/desinfektion_tisch-1300x260.jpg 1300w, https:\/\/www.versiegelung24.com\/wp-content\/uploads\/2022\/01\/desinfektion_tisch-300x60.jpg 300w, https:\/\/www.versiegelung24.com\/wp-content\/uploads\/2022\/01\/desinfektion_tisch-768x154.jpg 768w, https:\/\/www.versiegelung24.com\/wp-content\/uploads\/2022\/01\/desinfektion_tisch-600x120.jpg 600w, https:\/\/www.versiegelung24.com\/wp-content\/uploads\/2022\/01\/desinfektion_tisch.jpg 1500w\" sizes=\"(max-width: 1300px) 100vw, 1300px\" \/><\/figure>\n<\/div>\n<hr \/>\n\n<h4 class=\"wp-block-heading\" id=\"application\">Alkalmaz\u00e1s<\/h4>\n\n<p>Ki<strong> Bacoban<\/strong><sup> \u00ae<\/sup><strong> WB<\/strong> K\u00e9sz\u00edtsen haszn\u00e1latra k\u00e9sz oldatot a kever\u00e9si t\u00e1bl\u00e1zat szerint, \u00e9s nedves\u00edtse meg megfelel\u0151en a fel\u00fcleteket. Ne \u00f6bl\u00edtse le vagy d\u00f6rzs\u00f6lje sz\u00e1razra. A frissen elk\u00e9sz\u00edtett munkaoldat \u00e1ll\u00e1si ideje: 8 \u00f3ra<\/p>\n\n<figure class=\"wp-block-table\"><table><tbody><tr><td>Kever\u0151asztal<\/td><\/tr><tr><td>V\u00e9gs\u0151 hanger\u0151<\/td><td>0,5 %<\/td><td>1 %<\/td><td>2 %<\/td><td>3 %<\/td><\/tr><tr><td>1 liter<\/td><td>5 ml<\/td><td>10 ml<\/td><td>20 ml<\/td><td>30 ml<\/td><\/tr><tr><td>2 liter<\/td><td>10 ml<\/td><td>20 ml<\/td><td>40 ml<\/td><td>60 ml<\/td><\/tr><tr><td>4 liter<\/td><td>20 ml<\/td><td>40 ml<\/td><td>80 ml<\/td><td>120 ml<\/td><\/tr><tr><td>8 liter<\/td><td>40 ml<\/td><td>80 ml<\/td><td>160 ml<\/td><td>240 ml<\/td><\/tr><tr><td>10 liter<\/td><td>50 ml<\/td><td>100 ml<\/td><td>200 ml<\/td><td>300 ml<\/td><\/tr><\/tbody><\/table><figcaption>kever\u0151asztal<\/figcaption><\/figure>\n\n<p><br \/>Tart\u00f3s antimikrobi\u00e1lis hat\u00e1s <strong>(remanenciahat\u00e1s<\/strong> ) ak\u00e1r <strong>10 napig<\/strong> (ASTM E 2180 szabv\u00e1ny szerint tesztelve). B\u0151rgy\u00f3gy\u00e1szatilag tesztelve (*az 1%-on): nagyon j\u00f3 b\u0151rkompatibilit\u00e1s.<\/p>\n\n<p><strong>Hat\u00e9konys\u00e1g \u00e9s adagol\u00e1s:<\/strong><\/p>\n\n<div class=\"wp-block-columns is-layout-flex wp-container-core-columns-is-layout-9d6595d7 wp-block-columns-is-layout-flex\">\n<div class=\"wp-block-column is-layout-flow wp-block-column-is-layout-flow\">\n<p><br \/><br \/><br \/><br \/><br \/>Vizsg\u00e1lat a DGHM ir\u00e1nyelvek szerint (magas szerves terhel\u00e9s): 1,5 %, 15 perc; 2,0 %, 5 perc. Vizsg\u00e1lat az EN ir\u00e1nyelvek szerint: DIN EN 1040: 0,25 %, 5 perc. DIN EN 1275: 0,25 %, 5 perc. DIN EN 1276: 0,75 %, 5 perc.\/0,50 %, 15 perc.<\/p>\n<\/div>\n\n\n\n<div class=\"wp-block-column is-layout-flow wp-block-column-is-layout-flow\">\n<p><br \/><br \/>DIN EN 1650: 0,50 %, 5 perc\/0,25 %, 15 perc DIN EN 13697: 0,50 %, 15 perc EN 13727:<br \/><br \/><br \/><br \/>1 %, 5 perc EN 13624: 1 %, 5 perc DIN EN 14561: 3 % 5 perc, 0,5 % 60 perc DIN EN 14562: 0,5 % 60 perc Vizsg\u00e1lat a DVV ir\u00e1nyelvek szerint: *korl\u00e1tozott virucid hat\u00e9konys\u00e1g; 1,0 %; 5 perc (HIV, HBV, HCV, herpesz, influenza, mad\u00e1rinfluenza, BVDV, vaccinia), rotav\u00edrus: 0,1 %, 5 perc, adenov\u00edrus: 2,0 %, 240 perc.<\/p>\n<\/div>\n<\/div>\n\n<p><strong>Tart\u00f3s antimikrobi\u00e1lis hat\u00e1s ak\u00e1r 10 napig<\/strong> (ASTM E 2180 alapj\u00e1n tesztelve)<\/p>\n\n<p><br \/>F<strong>ontos!<\/strong> A<sup>Bacoban\u00aeWB<\/sup>hosszan tart\u00f3 antimikrobi\u00e1lis hat\u00e1sa nem vezethet a sz\u00fcks\u00e9ges fert\u0151tlen\u00edt\u00e9si int\u00e9zked\u00e9sek elmulaszt\u00e1s\u00e1hoz l\u00e1that\u00f3 \u00e9s\/vagy megk\u00e9rd\u0151jelezhet\u0151 szennyez\u0151d\u00e9s eset\u00e9n!<\/p>\n<div class=\"wp-block-image\">\n<figure class=\"aligncenter size-large is-resized\"><img decoding=\"async\" src=\"https:\/\/www.versiegelung24.com\/wp-content\/uploads\/2022\/01\/tuere_viren-1300x260.jpg\" alt=\"\" class=\"wp-image-59414\" width=\"1500\" srcset=\"https:\/\/www.versiegelung24.com\/wp-content\/uploads\/2022\/01\/tuere_viren-1300x260.jpg 1300w, https:\/\/www.versiegelung24.com\/wp-content\/uploads\/2022\/01\/tuere_viren-300x60.jpg 300w, https:\/\/www.versiegelung24.com\/wp-content\/uploads\/2022\/01\/tuere_viren-768x154.jpg 768w, https:\/\/www.versiegelung24.com\/wp-content\/uploads\/2022\/01\/tuere_viren-600x120.jpg 600w, https:\/\/www.versiegelung24.com\/wp-content\/uploads\/2022\/01\/tuere_viren.jpg 1500w\" sizes=\"(max-width: 1300px) 100vw, 1300px\" \/><\/figure>\n<\/div>\n<hr \/>\n\n<h4 class=\"wp-block-heading\" id=\"advisor\">Tan\u00e1csad\u00f3<\/h4>\n\n<p><br \/>B<strong>iztons\u00e1gi inform\u00e1ci\u00f3:<\/strong> A munk\u00e1ltat\u00f3i felel\u0151ss\u00e9gbiztos\u00edt\u00e1si sz\u00f6vets\u00e9g el\u0151\u00edrja, hogy fert\u0151tlen\u00edt\u0151szerek kezel\u00e9s\u00e9n\u00e9l keszty\u0171t kell viselni. Lenyelve \u00e1rtalmas. S\u00falyos b\u0151r\u00e9g\u00e9st \u00e9s szemk\u00e1rosod\u00e1st okoz. Nagyon m\u00e9rgez\u0151 a v\u00edzi szervezetekre. M\u00e9rgez\u0151 a v\u00edzi szervezetekre, hosszan tart\u00f3 hat\u00e1s\u00fa. A term\u00e9k haszn\u00e1lata k\u00f6zben ne egyen, ne igyon \u00e9s ne doh\u00e1nyozzon. LENYEL\u00c9S eset\u00e9n: \u00f6bl\u00edtse ki a sz\u00e1j\u00e1t. NE id\u00e9zzen el\u0151 h\u00e1ny\u00e1st. HA B\u0150Rrel (vagy hajjal) \u00e9rintkezik: Azonnal t\u00e1vol\u00edtsa el a szennyezett ruh\u00e1zatot. \u00d6bl\u00edtse le a b\u0151rt v\u00edzzel\/zuhanyz\u00f3val. HA SZEMBEN: \u00d3vatosan \u00f6bl\u00edtse ki v\u00edzzel n\u00e9h\u00e1ny percig. Ha lehets\u00e9ges, t\u00e1vol\u00edtsa el a megl\u00e9v\u0151 kontaktlencs\u00e9ket. Folytassa az \u00f6bl\u00edt\u00e9st. Azonnal h\u00edvjon m\u00e9rgez\u0151 k\u00f6zpontot vagy orvost. Ha orvosi tan\u00e1csad\u00e1sra van sz\u00fcks\u00e9g, k\u00e9sz\u00edtse el\u0151 a csomagol\u00e1st vagy a c\u00edmk\u00e9t. <br \/>Gyermekek el\u0151l elz\u00e1rva tartand\u00f3. Csak v\u00edzzel \u00e9s a kever\u00e9si t\u00e1bl\u00e1zat szerint haszn\u00e1lhat\u00f3. Ne haszn\u00e1lja m\u00e1s tiszt\u00edt\u00f3- vagy fert\u0151tlen\u00edt\u0151szerekkel egy\u00fctt.<\/p>\n\n<div class=\"wp-block-columns is-layout-flex wp-container-core-columns-is-layout-9d6595d7 wp-block-columns-is-layout-flex\">\n<div class=\"wp-block-column is-layout-flow wp-block-column-is-layout-flow\">\n<p>Minden fel\u00fcleten haszn\u00e1lhat\u00f3. Megk\u00e9rd\u0151jelezhet\u0151en <strong>\u00e9rz\u00e9keny fel\u00fcletek eset\u00e9n javasoljuk az ellen\u00e1ll\u00e1si teszt elv\u00e9gz\u00e9s\u00e9t<\/strong> nem felt\u0171n\u0151 helyen. Csak z\u00e1rt tart\u00e1lyban t\u00e1rolja. T\u00e1rolja h\u0171v\u00f6s \u00e9s sz\u00e1raz helyen.<\/p>\n<\/div>\n\n\n\n<div class=\"wp-block-column is-layout-flow wp-block-column-is-layout-flow\">\n<p><strong>A tart\u00e1ly csak akkor haszn\u00e1lhat\u00f3 \u00fajra, ha teljesen ki\u00fcr\u00fclt.<\/strong> Ne haszn\u00e1lja a lej\u00e1rati id\u0151 ut\u00e1n. A helyi \u00e9s hat\u00f3s\u00e1gi el\u0151\u00edr\u00e1soknak megfelel\u0151en \u00e1rtalmatlan\u00edtsa.<\/p>\n<\/div>\n<\/div>\n\n<p>Biocid Reg. sz.: N-28795 (D). 263\/17\/L (Lu)<\/p>\n\n<p>A kever\u00e9si t\u00e1bl\u00e1zat szerinti felhaszn\u00e1l\u00e1sra <strong>k\u00e9sz<\/strong> oldathoz nincs sz\u00fcks\u00e9g vesz\u00e9lyszimb\u00f3lumra.<\/p>\n","protected":false},"excerpt":{"rendered":"<p><strong>Koncentr\u00e1tum 500 liter v\u00edzb\u00e1zis\u00fa fert\u0151tlen\u00edt\u0151szerhez.<\/strong><\/p>\n","protected":false},"featured_media":15386,"template":"","meta":{"_acf_changed":false,"neve_meta_sidebar":"","neve_meta_container":"","neve_meta_enable_content_width":"","neve_meta_content_width":0,"neve_meta_title_alignment":"","neve_meta_author_avatar":"","neve_post_elements_order":"","neve_meta_disable_header":"","neve_meta_disable_footer":"","neve_meta_disable_title":"","neve_meta_reading_time":"","_surfaces":[],"_ver_product_tabs":[],"footnotes":""},"product_brand":[],"product_cat":[2288,2289,2287],"product_tag":[],"class_list":{"0":"post-23441","1":"product","2":"type-product","3":"status-publish","4":"has-post-thumbnail","6":"product_cat-felueleti-fertotlenitoszerek","7":"product_cat-fertotlenito-koncentratumok","8":"product_cat-fertotlenitoszerek","10":"first","11":"instock","12":"taxable","13":"shipping-taxable","14":"purchasable","15":"product-type-simple"},"acf":[],"yoast_head":"<!-- This site is optimized with the Yoast SEO Premium plugin v22.8 (Yoast SEO v27.5) - https:\/\/yoast.com\/product\/yoast-seo-premium-wordpress\/ -->\n<title>5 liter BACOBAN\u00ae koncentr\u00e1tum 500 liter hossz\u00fa t\u00e1v\u00fa fel\u00fcletfert\u0151tlen\u00edt\u00e9shez - versiegelung24.com<\/title>\n<meta name=\"robots\" content=\"index, follow, max-snippet:-1, max-image-preview:large, max-video-preview:-1\" \/>\n<link rel=\"canonical\" href=\"https:\/\/www.versiegelung24.com\/hu\/bacoban-hosszu-tavu-feluelet-fertotlenito-5-000ml-viz-alapu-koncentratum.html\" \/>\n<meta property=\"og:locale\" content=\"hu_HU\" \/>\n<meta property=\"og:type\" content=\"article\" \/>\n<meta property=\"og:title\" content=\"5 liter BACOBAN\u00ae koncentr\u00e1tum 500 liter hossz\u00fa t\u00e1v\u00fa fel\u00fcletfert\u0151tlen\u00edt\u00e9shez\" \/>\n<meta property=\"og:description\" content=\"Koncentr\u00e1tum 500 liter v\u00edzb\u00e1zis\u00fa fert\u0151tlen\u00edt\u0151szerhez.\" \/>\n<meta property=\"og:url\" content=\"https:\/\/www.versiegelung24.com\/hu\/bacoban-hosszu-tavu-feluelet-fertotlenito-5-000ml-viz-alapu-koncentratum.html\" \/>\n<meta property=\"og:site_name\" content=\"versiegelung24.com\" \/>\n<meta property=\"article:modified_time\" content=\"2025-01-13T15:36:38+00:00\" \/>\n<meta property=\"og:image\" content=\"https:\/\/www.versiegelung24.com\/wp-content\/uploads\/2020\/05\/bacoban-bacwb5-1.png\" \/>\n\t<meta property=\"og:image:width\" content=\"2000\" \/>\n\t<meta property=\"og:image:height\" content=\"2000\" \/>\n\t<meta property=\"og:image:type\" content=\"image\/png\" \/>\n<meta name=\"twitter:card\" content=\"summary_large_image\" \/>\n<meta name=\"twitter:label1\" content=\"\u00c1r\" \/>\n\t<meta name=\"twitter:data1\" content=\"399,00&euro;\" \/>\n\t<meta name=\"twitter:label2\" content=\"El\u00e9rhet\u0151s\u00e9g\" \/>\n\t<meta name=\"twitter:data2\" content=\"K\u00e9szleten\" \/>\n<script type=\"application\/ld+json\" class=\"yoast-schema-graph\">{\"@context\":\"https:\\\/\\\/schema.org\",\"@graph\":[{\"@type\":\"WebPage\",\"@id\":\"https:\\\/\\\/www.versiegelung24.com\\\/hu\\\/bacoban-hosszu-tavu-feluelet-fertotlenito-5-000ml-viz-alapu-koncentratum.html\",\"url\":\"https:\\\/\\\/www.versiegelung24.com\\\/hu\\\/bacoban-hosszu-tavu-feluelet-fertotlenito-5-000ml-viz-alapu-koncentratum.html\",\"name\":\"5 liter BACOBAN\u00ae koncentr\u00e1tum 500 liter hossz\u00fa t\u00e1v\u00fa fel\u00fcletfert\u0151tlen\u00edt\u00e9shez - versiegelung24.com\",\"isPartOf\":{\"@id\":\"https:\\\/\\\/www.versiegelung24.com\\\/hu\\\/#website\"},\"primaryImageOfPage\":{\"@id\":\"https:\\\/\\\/www.versiegelung24.com\\\/hu\\\/bacoban-hosszu-tavu-feluelet-fertotlenito-5-000ml-viz-alapu-koncentratum.html#primaryimage\"},\"image\":{\"@id\":\"https:\\\/\\\/www.versiegelung24.com\\\/hu\\\/bacoban-hosszu-tavu-feluelet-fertotlenito-5-000ml-viz-alapu-koncentratum.html#primaryimage\"},\"thumbnailUrl\":\"https:\\\/\\\/www.versiegelung24.com\\\/wp-content\\\/uploads\\\/2020\\\/05\\\/bacoban-bacwb5-1.png\",\"datePublished\":\"2021-08-02T19:36:55+00:00\",\"dateModified\":\"2025-01-13T15:36:38+00:00\",\"breadcrumb\":{\"@id\":\"https:\\\/\\\/www.versiegelung24.com\\\/hu\\\/bacoban-hosszu-tavu-feluelet-fertotlenito-5-000ml-viz-alapu-koncentratum.html#breadcrumb\"},\"inLanguage\":\"hu\",\"potentialAction\":[{\"@type\":\"ReadAction\",\"target\":[\"https:\\\/\\\/www.versiegelung24.com\\\/hu\\\/bacoban-hosszu-tavu-feluelet-fertotlenito-5-000ml-viz-alapu-koncentratum.html\"]}]},{\"@type\":\"ImageObject\",\"inLanguage\":\"hu\",\"@id\":\"https:\\\/\\\/www.versiegelung24.com\\\/hu\\\/bacoban-hosszu-tavu-feluelet-fertotlenito-5-000ml-viz-alapu-koncentratum.html#primaryimage\",\"url\":\"https:\\\/\\\/www.versiegelung24.com\\\/wp-content\\\/uploads\\\/2020\\\/05\\\/bacoban-bacwb5-1.png\",\"contentUrl\":\"https:\\\/\\\/www.versiegelung24.com\\\/wp-content\\\/uploads\\\/2020\\\/05\\\/bacoban-bacwb5-1.png\",\"width\":2000,\"height\":2000},{\"@type\":\"BreadcrumbList\",\"@id\":\"https:\\\/\\\/www.versiegelung24.com\\\/hu\\\/bacoban-hosszu-tavu-feluelet-fertotlenito-5-000ml-viz-alapu-koncentratum.html#breadcrumb\",\"itemListElement\":[{\"@type\":\"ListItem\",\"position\":1,\"name\":\"Honlap\",\"item\":\"https:\\\/\\\/www.versiegelung24.com\\\/hu\\\/elol\\\/\"},{\"@type\":\"ListItem\",\"position\":2,\"name\":\"\u00dczlet\",\"item\":\"https:\\\/\\\/www.versiegelung24.com\\\/hu\\\/uzlet\\\/\"},{\"@type\":\"ListItem\",\"position\":3,\"name\":\"5 liter BACOBAN\u00ae koncentr\u00e1tum 500 liter hossz\u00fa t\u00e1v\u00fa fel\u00fcletfert\u0151tlen\u00edt\u00e9shez\"}]},{\"@type\":\"WebSite\",\"@id\":\"https:\\\/\\\/www.versiegelung24.com\\\/hu\\\/#website\",\"url\":\"https:\\\/\\\/www.versiegelung24.com\\\/hu\\\/\",\"name\":\"versiegelung24.com\",\"description\":\"Fl\u00fcssigglas-Versiegelung - Made in Germany\",\"publisher\":{\"@id\":\"https:\\\/\\\/www.versiegelung24.com\\\/hu\\\/#organization\"},\"potentialAction\":[{\"@type\":\"SearchAction\",\"target\":{\"@type\":\"EntryPoint\",\"urlTemplate\":\"https:\\\/\\\/www.versiegelung24.com\\\/hu\\\/?s={search_term_string}\"},\"query-input\":{\"@type\":\"PropertyValueSpecification\",\"valueRequired\":true,\"valueName\":\"search_term_string\"}}],\"inLanguage\":\"hu\"},{\"@type\":\"Organization\",\"@id\":\"https:\\\/\\\/www.versiegelung24.com\\\/hu\\\/#organization\",\"name\":\"versiegelung24\",\"url\":\"https:\\\/\\\/www.versiegelung24.com\\\/hu\\\/\",\"logo\":{\"@type\":\"ImageObject\",\"inLanguage\":\"hu\",\"@id\":\"https:\\\/\\\/www.versiegelung24.com\\\/hu\\\/#\\\/schema\\\/logo\\\/image\\\/\",\"url\":\"https:\\\/\\\/www.versiegelung24.com\\\/wp-content\\\/uploads\\\/2020\\\/04\\\/versiegelung24.png\",\"contentUrl\":\"https:\\\/\\\/www.versiegelung24.com\\\/wp-content\\\/uploads\\\/2020\\\/04\\\/versiegelung24.png\",\"width\":470,\"height\":102,\"caption\":\"versiegelung24\"},\"image\":{\"@id\":\"https:\\\/\\\/www.versiegelung24.com\\\/hu\\\/#\\\/schema\\\/logo\\\/image\\\/\"}}]}<\/script>\n<meta property=\"product:price:amount\" content=\"399.00\" \/>\n<meta property=\"product:price:currency\" content=\"EUR\" \/>\n<meta property=\"og:availability\" content=\"instock\" \/>\n<meta property=\"product:availability\" content=\"instock\" \/>\n<meta property=\"product:retailer_item_id\" content=\"BACWB5\" \/>\n<meta property=\"product:condition\" content=\"new\" \/>\n<!-- \/ Yoast SEO Premium plugin. -->","yoast_head_json":{"title":"5 liter BACOBAN\u00ae koncentr\u00e1tum 500 liter hossz\u00fa t\u00e1v\u00fa fel\u00fcletfert\u0151tlen\u00edt\u00e9shez - versiegelung24.com","robots":{"index":"index","follow":"follow","max-snippet":"max-snippet:-1","max-image-preview":"max-image-preview:large","max-video-preview":"max-video-preview:-1"},"canonical":"https:\/\/www.versiegelung24.com\/hu\/bacoban-hosszu-tavu-feluelet-fertotlenito-5-000ml-viz-alapu-koncentratum.html","og_locale":"hu_HU","og_type":"article","og_title":"5 liter BACOBAN\u00ae koncentr\u00e1tum 500 liter hossz\u00fa t\u00e1v\u00fa fel\u00fcletfert\u0151tlen\u00edt\u00e9shez","og_description":"Koncentr\u00e1tum 500 liter v\u00edzb\u00e1zis\u00fa fert\u0151tlen\u00edt\u0151szerhez.","og_url":"https:\/\/www.versiegelung24.com\/hu\/bacoban-hosszu-tavu-feluelet-fertotlenito-5-000ml-viz-alapu-koncentratum.html","og_site_name":"versiegelung24.com","article_modified_time":"2025-01-13T15:36:38+00:00","og_image":[{"width":2000,"height":2000,"url":"https:\/\/www.versiegelung24.com\/wp-content\/uploads\/2020\/05\/bacoban-bacwb5-1.png","type":"image\/png"}],"twitter_card":"summary_large_image","twitter_misc":{"\u00c1r":"399,00&euro;","El\u00e9rhet\u0151s\u00e9g":"K\u00e9szleten"},"schema":{"@context":"https:\/\/schema.org","@graph":[{"@type":"WebPage","@id":"https:\/\/www.versiegelung24.com\/hu\/bacoban-hosszu-tavu-feluelet-fertotlenito-5-000ml-viz-alapu-koncentratum.html","url":"https:\/\/www.versiegelung24.com\/hu\/bacoban-hosszu-tavu-feluelet-fertotlenito-5-000ml-viz-alapu-koncentratum.html","name":"5 liter BACOBAN\u00ae koncentr\u00e1tum 500 liter hossz\u00fa t\u00e1v\u00fa fel\u00fcletfert\u0151tlen\u00edt\u00e9shez - versiegelung24.com","isPartOf":{"@id":"https:\/\/www.versiegelung24.com\/hu\/#website"},"primaryImageOfPage":{"@id":"https:\/\/www.versiegelung24.com\/hu\/bacoban-hosszu-tavu-feluelet-fertotlenito-5-000ml-viz-alapu-koncentratum.html#primaryimage"},"image":{"@id":"https:\/\/www.versiegelung24.com\/hu\/bacoban-hosszu-tavu-feluelet-fertotlenito-5-000ml-viz-alapu-koncentratum.html#primaryimage"},"thumbnailUrl":"https:\/\/www.versiegelung24.com\/wp-content\/uploads\/2020\/05\/bacoban-bacwb5-1.png","datePublished":"2021-08-02T19:36:55+00:00","dateModified":"2025-01-13T15:36:38+00:00","breadcrumb":{"@id":"https:\/\/www.versiegelung24.com\/hu\/bacoban-hosszu-tavu-feluelet-fertotlenito-5-000ml-viz-alapu-koncentratum.html#breadcrumb"},"inLanguage":"hu","potentialAction":[{"@type":"ReadAction","target":["https:\/\/www.versiegelung24.com\/hu\/bacoban-hosszu-tavu-feluelet-fertotlenito-5-000ml-viz-alapu-koncentratum.html"]}]},{"@type":"ImageObject","inLanguage":"hu","@id":"https:\/\/www.versiegelung24.com\/hu\/bacoban-hosszu-tavu-feluelet-fertotlenito-5-000ml-viz-alapu-koncentratum.html#primaryimage","url":"https:\/\/www.versiegelung24.com\/wp-content\/uploads\/2020\/05\/bacoban-bacwb5-1.png","contentUrl":"https:\/\/www.versiegelung24.com\/wp-content\/uploads\/2020\/05\/bacoban-bacwb5-1.png","width":2000,"height":2000},{"@type":"BreadcrumbList","@id":"https:\/\/www.versiegelung24.com\/hu\/bacoban-hosszu-tavu-feluelet-fertotlenito-5-000ml-viz-alapu-koncentratum.html#breadcrumb","itemListElement":[{"@type":"ListItem","position":1,"name":"Honlap","item":"https:\/\/www.versiegelung24.com\/hu\/elol\/"},{"@type":"ListItem","position":2,"name":"\u00dczlet","item":"https:\/\/www.versiegelung24.com\/hu\/uzlet\/"},{"@type":"ListItem","position":3,"name":"5 liter BACOBAN\u00ae koncentr\u00e1tum 500 liter hossz\u00fa t\u00e1v\u00fa fel\u00fcletfert\u0151tlen\u00edt\u00e9shez"}]},{"@type":"WebSite","@id":"https:\/\/www.versiegelung24.com\/hu\/#website","url":"https:\/\/www.versiegelung24.com\/hu\/","name":"versiegelung24.com","description":"Fl\u00fcssigglas-Versiegelung - Made in Germany","publisher":{"@id":"https:\/\/www.versiegelung24.com\/hu\/#organization"},"potentialAction":[{"@type":"SearchAction","target":{"@type":"EntryPoint","urlTemplate":"https:\/\/www.versiegelung24.com\/hu\/?s={search_term_string}"},"query-input":{"@type":"PropertyValueSpecification","valueRequired":true,"valueName":"search_term_string"}}],"inLanguage":"hu"},{"@type":"Organization","@id":"https:\/\/www.versiegelung24.com\/hu\/#organization","name":"versiegelung24","url":"https:\/\/www.versiegelung24.com\/hu\/","logo":{"@type":"ImageObject","inLanguage":"hu","@id":"https:\/\/www.versiegelung24.com\/hu\/#\/schema\/logo\/image\/","url":"https:\/\/www.versiegelung24.com\/wp-content\/uploads\/2020\/04\/versiegelung24.png","contentUrl":"https:\/\/www.versiegelung24.com\/wp-content\/uploads\/2020\/04\/versiegelung24.png","width":470,"height":102,"caption":"versiegelung24"},"image":{"@id":"https:\/\/www.versiegelung24.com\/hu\/#\/schema\/logo\/image\/"}}]},"product_price_amount":"399.00","product_price_currency":"EUR","og_availability":"instock","product_availability":"instock","product_retailer_item_id":"BACWB5","product_condition":"new"},"_links":{"self":[{"href":"https:\/\/www.versiegelung24.com\/hu\/wp-json\/wp\/v2\/product\/23441","targetHints":{"allow":["GET"]}}],"collection":[{"href":"https:\/\/www.versiegelung24.com\/hu\/wp-json\/wp\/v2\/product"}],"about":[{"href":"https:\/\/www.versiegelung24.com\/hu\/wp-json\/wp\/v2\/types\/product"}],"version-history":[{"count":25,"href":"https:\/\/www.versiegelung24.com\/hu\/wp-json\/wp\/v2\/product\/23441\/revisions"}],"predecessor-version":[{"id":180507,"href":"https:\/\/www.versiegelung24.com\/hu\/wp-json\/wp\/v2\/product\/23441\/revisions\/180507"}],"wp:featuredmedia":[{"embeddable":true,"href":"https:\/\/www.versiegelung24.com\/hu\/wp-json\/wp\/v2\/media\/15386"}],"wp:attachment":[{"href":"https:\/\/www.versiegelung24.com\/hu\/wp-json\/wp\/v2\/media?parent=23441"}],"wp:term":[{"taxonomy":"product_brand","embeddable":true,"href":"https:\/\/www.versiegelung24.com\/hu\/wp-json\/wp\/v2\/product_brand?post=23441"},{"taxonomy":"product_cat","embeddable":true,"href":"https:\/\/www.versiegelung24.com\/hu\/wp-json\/wp\/v2\/product_cat?post=23441"},{"taxonomy":"product_tag","embeddable":true,"href":"https:\/\/www.versiegelung24.com\/hu\/wp-json\/wp\/v2\/product_tag?post=23441"}],"curies":[{"name":"wp","href":"https:\/\/api.w.org\/{rel}","templated":true}]}}