{"id":23446,"date":"2020-04-04T18:53:44","date_gmt":"2021-08-02T19:37:10","guid":{"rendered":"https:\/\/www.versiegelung24.com\/produkt\/autofestek-es-kerektarcsa-tomites"},"modified":"2025-01-03T23:49:35","modified_gmt":"2025-01-03T22:49:35","slug":"auto-fenyezes-es-felni-tomites","status":"publish","type":"product","link":"https:\/\/www.versiegelung24.com\/hu\/auto-fenyezes-es-felni-toemites.html","title":{"rendered":"Aut\u00f3 f\u00e9nyez\u00e9s \u00e9s felni t\u00f6m\u00edt\u00e9s"},"content":{"rendered":"\n<p><strong>*** \u00daj term\u00e9kv\u00e1ltozat jav\u00edtott hat\u00e1ssal *** <\/strong><\/p>\n\n<p><strong>Rendk\u00edv\u00fcl hat\u00e9kony professzion\u00e1lis v\u00e9d\u0151t\u00f6m\u00edt\u00e9s aut\u00f3fest\u00e9khez \u00e9s l\u00f3tusz hat\u00e1s\u00fa alum\u00ednium felnikhez (v\u00edzleperget\u0151)<\/strong><\/p>\n\n<p>Cikksz\u00e1m: 2003-7656<\/p>\n\n<p>Kiv\u00e1l\u00f3 min\u0151s\u00e9g N\u00e9metorsz\u00e1gban k\u00e9sz\u00fclt.<\/p>\n\n<p>A m\u0171anyagb\u00f3l, festett fel\u00fcletekb\u0151l, rozsdamentes ac\u00e9lb\u00f3l \u00e9s f\u00e9mb\u0151l k\u00e9sz\u00fclt sima fel\u00fcletek hidrof\u00f3b \u00e9s oleof\u00f3b hat\u00e1s\u00faak, \u00e9s a szennyez\u0151d\u00e9s r\u00e9szecsk\u00e9k, mint a zs\u00edr, olajos anyagok, v\u00edzk\u0151 \u00e9s a k\u00f6rnyezetszennyez\u00e9sb\u0151l sz\u00e1rmaz\u00f3 anyagok kev\u00e9sb\u00e9 tapadnak, vagy k\u00f6nnyen elt\u00e1vol\u00edthat\u00f3k a bevonatr\u00f3l, azaz felhaszn\u00e1l\u00e1s n\u00e9lk\u00fcl. csiszol\u00f3anyagok (&#8220;K\u00f6nnyen tiszt\u00edthat\u00f3&#8221;)<\/p>\n\n<hr\/>\n\n<h4 class=\"wp-block-heading\" id=\"properties\">A term\u00e9k jellemz\u0151i<\/h4>\n\n<div class=\"wp-block-columns is-layout-flex wp-container-core-columns-is-layout-9d6595d7 wp-block-columns-is-layout-flex\">\n<div class=\"wp-block-column is-layout-flow wp-block-column-is-layout-flow\">\n<ul class=\"wp-block-list\">\n<li>Kiemelked\u0151, k\u00f6nnyen tiszt\u00edthat\u00f3 hat\u00e1s a szennyez\u0151d\u00e9sek tapad\u00e1s\u00e1hoz<\/li>\n\n\n\n<li>Vegyszer\u00e1ll\u00f3 aut\u00f3tiszt\u00edt\u00f3szerekkel szemben (pH 12-ig)<\/li>\n\n\n\n<li>Hidrof\u00f3b \u00e9s oleof\u00f3b hat\u00e1s (v\u00edz- \u00e9s olajtasz\u00edt\u00f3)<\/li>\n\n\n\n<li>Nagyon magas kop\u00e1s\u00e1ll\u00f3s\u00e1g a SiO\u00b2 nano technol\u00f3gi\u00e1nak k\u00f6sz\u00f6nhet\u0151en<\/li>\n\n\n\n<li>A mad\u00e1r\u00fcr\u00fcl\u00e9k, rovarok \u00e9s egy\u00e9b szennyez\u0151d\u00e9sek k\u00f6nnyebben elt\u00e1vol\u00edthat\u00f3k<\/li>\n\n\n\n<li>UV-stabil \/ fagy\u00e1ll\u00f3 \/ s\u00f3sv\u00edz\u00e1ll\u00f3 \/ l\u00e1thatatlan (r\u00e9tegvastags\u00e1g: 100-150nm)<\/li>\n\n\n\n<li>K\u00f6lts\u00e9g-, id\u0151- \u00e9s energiamegtakar\u00edt\u00e1s a meghosszabb\u00edtott tiszt\u00edt\u00e1si ciklusoknak k\u00f6sz\u00f6nhet\u0151en<\/li>\n<\/ul>\n<\/div>\n\n\n\n<div class=\"wp-block-column is-layout-flow wp-block-column-is-layout-flow\">\n<ul class=\"wp-block-list\">\n<li>Egyszer\u0171 alkalmaz\u00e1s<\/li>\n\n\n\n<li>L\u00e9g\u00e1tereszt\u0151<\/li>\n\n\n\n<li>Er\u0151s tapad\u00e1smentes tulajdons\u00e1gok<\/li>\n\n\n\n<li>Tart\u00f3ss\u00e1g: ak\u00e1r 1 \u00e9v (haszn\u00e1latt\u00f3l f\u00fcgg\u0151en)<\/li>\n<\/ul>\n\n\n\n<p><br\/><br\/><br\/>Fogyaszt\u00e1s: 1 literrel ak\u00e1r 200 m\u00b2 is lez\u00e1rhat\u00f3 K\u00e9zi: 5-10 ml\/m\u00b2 Ipari: 10-15 ml\/m\u00b2<\/p>\n\n\n\n<p><br\/><br\/>Sz\u00e1ll\u00edt\u00e1si terjedelem: 1 x literes flakon 1 x term\u00e9kle\u00edr\u00e1s<\/p>\n<\/div>\n<\/div>\n\n<hr\/>\n\n<h4 class=\"wp-block-heading\" id=\"application\">Alkalmaz\u00e1s<\/h4>\n\n<div class=\"wp-block-columns is-layout-flex wp-container-core-columns-is-layout-9d6595d7 wp-block-columns-is-layout-flex\">\n<div class=\"wp-block-column is-layout-flow wp-block-column-is-layout-flow\">\n<ul class=\"wp-block-list\">\n<li>aut\u00f3 fest\u00e9k<\/li>\n\n\n\n<li>alum\u00ednium felnik<\/li>\n\n\n\n<li>Festett felnik<\/li>\n\n\n\n<li>Festett m\u0171anyag tartoz\u00e9kok (l\u00f6kh\u00e1r\u00edt\u00f3k, k\u00fcsz\u00f6b\u00f6k, l\u00e9gterel\u0151k)<\/li>\n\n\n\n<li>Sima m\u0171anyag fel\u00fcletek<\/li>\n\n\n\n<li>rozsdamentes ac\u00e9l<\/li>\n\n\n\n<li>plexi\u00fcveg<\/li>\n\n\n\n<li>f\u00e9mes fel\u00fcletek<\/li>\n<\/ul>\n\n\n\n<p>A fogyaszt\u00e1s a fel\u00fclet szerkezet\u00e9t\u0151l f\u00fcgg kb.100-200m\u00b2\/liter.<\/p>\n<\/div>\n\n\n\n<div class=\"wp-block-column is-layout-flow wp-block-column-is-layout-flow\">\n<p>K\u00f6nnyen alkalmazhat\u00f3: <\/p>\n\n\n\n<p><br\/>1.k\u00e9zi: Alkalmaz\u00e1s k\u00f6rk\u00f6r\u00f6s mozdulatokkal, tiszta pap\u00edr-, v\u00e1szon- vagy mikrosz\u00e1las ruh\u00e1val. 2.ipari: Haszn\u00e1lhat\u00f3 pol\u00edroz\u00f3 \u00e9s sz\u00f3r\u00e1sos bevon\u00f3rendszerekben egyar\u00e1nt.<\/p>\n\n\n\n<p>Ez a SiO2 bevonat teljesen t\u00e9rh\u00e1l\u00f3sodik \u00e9s 24 \u00f3ra eltelt\u00e9vel megkem\u00e9nyedik. A k\u00f6nnyen tiszt\u00edthat\u00f3 hat\u00e1s ezt a kem\u00e9nyed\u00e9si f\u00e1zist k\u00f6vet\u0151en tesztelhet\u0151 el\u0151sz\u00f6r.<\/p>\n<\/div>\n<\/div>\n","protected":false},"excerpt":{"rendered":"<p><strong>Rendk\u00edv\u00fcl hat\u00e9kony professzion\u00e1lis v\u00e9d\u0151t\u00f6m\u00edt\u00e9s aut\u00f3fest\u00e9shez \u00e9s alum\u00ednium felnikhez:<\/strong><\/p>\n<p>\u2713 l\u00f3tusz hat\u00e1s\u00fa (v\u00edztasz\u00edt\u00f3)<\/p>\n","protected":false},"featured_media":17863,"template":"","meta":{"_acf_changed":false,"neve_meta_sidebar":"","neve_meta_container":"","neve_meta_enable_content_width":"","neve_meta_content_width":0,"neve_meta_title_alignment":"","neve_meta_author_avatar":"","neve_post_elements_order":"","neve_meta_disable_header":"","neve_meta_disable_footer":"","neve_meta_disable_title":"","neve_meta_reading_time":"","_surfaces":[],"_ver_product_tabs":[],"footnotes":""},"product_brand":[],"product_cat":[2229],"product_tag":[],"class_list":{"0":"post-23446","1":"product","2":"type-product","3":"status-publish","4":"has-post-thumbnail","6":"product_cat-auto-toemitese","8":"first","9":"instock","10":"taxable","11":"shipping-taxable","12":"purchasable","13":"product-type-simple"},"acf":[],"yoast_head":"<!-- This site is optimized with the Yoast SEO Premium plugin v22.8 (Yoast SEO v27.5) - https:\/\/yoast.com\/product\/yoast-seo-premium-wordpress\/ -->\n<title>Aut\u00f3 f\u00e9nyez\u00e9s \u00e9s felni t\u00f6m\u00edt\u00e9s - versiegelung24.com<\/title>\n<meta name=\"robots\" content=\"index, follow, max-snippet:-1, max-image-preview:large, max-video-preview:-1\" \/>\n<link rel=\"canonical\" href=\"https:\/\/www.versiegelung24.com\/hu\/auto-fenyezes-es-felni-toemites.html\" \/>\n<meta property=\"og:locale\" content=\"hu_HU\" \/>\n<meta property=\"og:type\" content=\"article\" \/>\n<meta property=\"og:title\" content=\"Aut\u00f3 f\u00e9nyez\u00e9s \u00e9s felni t\u00f6m\u00edt\u00e9s\" \/>\n<meta property=\"og:description\" content=\"Rendk\u00edv\u00fcl hat\u00e9kony professzion\u00e1lis v\u00e9d\u0151t\u00f6m\u00edt\u00e9s aut\u00f3fest\u00e9shez \u00e9s alum\u00ednium felnikhez: \u2713 l\u00f3tusz hat\u00e1s\u00fa (v\u00edztasz\u00edt\u00f3)\" \/>\n<meta property=\"og:url\" content=\"https:\/\/www.versiegelung24.com\/hu\/auto-fenyezes-es-felni-toemites.html\" \/>\n<meta property=\"og:site_name\" content=\"versiegelung24.com\" \/>\n<meta property=\"article:modified_time\" content=\"2025-01-03T22:49:35+00:00\" \/>\n<meta property=\"og:image\" content=\"https:\/\/www.versiegelung24.com\/wp-content\/uploads\/2020\/06\/produkt-2003-7656-1000-Autolack-Felgenversiegelung-scaled.jpg\" \/>\n\t<meta property=\"og:image:width\" content=\"2560\" \/>\n\t<meta property=\"og:image:height\" content=\"2560\" \/>\n\t<meta property=\"og:image:type\" content=\"image\/jpeg\" \/>\n<meta name=\"twitter:card\" content=\"summary_large_image\" \/>\n<meta name=\"twitter:label1\" content=\"\u00c1r\" \/>\n\t<meta name=\"twitter:data1\" content=\"149,00&euro;\" \/>\n\t<meta name=\"twitter:label2\" content=\"El\u00e9rhet\u0151s\u00e9g\" \/>\n\t<meta name=\"twitter:data2\" content=\"K\u00e9szleten\" \/>\n<script type=\"application\/ld+json\" class=\"yoast-schema-graph\">{\"@context\":\"https:\\\/\\\/schema.org\",\"@graph\":[{\"@type\":\"WebPage\",\"@id\":\"https:\\\/\\\/www.versiegelung24.com\\\/hu\\\/auto-fenyezes-es-felni-toemites.html\",\"url\":\"https:\\\/\\\/www.versiegelung24.com\\\/hu\\\/auto-fenyezes-es-felni-toemites.html\",\"name\":\"Aut\u00f3 f\u00e9nyez\u00e9s \u00e9s felni t\u00f6m\u00edt\u00e9s - versiegelung24.com\",\"isPartOf\":{\"@id\":\"https:\\\/\\\/www.versiegelung24.com\\\/hu\\\/#website\"},\"primaryImageOfPage\":{\"@id\":\"https:\\\/\\\/www.versiegelung24.com\\\/hu\\\/auto-fenyezes-es-felni-toemites.html#primaryimage\"},\"image\":{\"@id\":\"https:\\\/\\\/www.versiegelung24.com\\\/hu\\\/auto-fenyezes-es-felni-toemites.html#primaryimage\"},\"thumbnailUrl\":\"https:\\\/\\\/www.versiegelung24.com\\\/wp-content\\\/uploads\\\/2020\\\/06\\\/produkt-2003-7656-1000-Autolack-Felgenversiegelung-scaled.jpg\",\"datePublished\":\"2021-08-02T19:37:10+00:00\",\"dateModified\":\"2025-01-03T22:49:35+00:00\",\"breadcrumb\":{\"@id\":\"https:\\\/\\\/www.versiegelung24.com\\\/hu\\\/auto-fenyezes-es-felni-toemites.html#breadcrumb\"},\"inLanguage\":\"hu\",\"potentialAction\":[{\"@type\":\"ReadAction\",\"target\":[\"https:\\\/\\\/www.versiegelung24.com\\\/hu\\\/auto-fenyezes-es-felni-toemites.html\"]}]},{\"@type\":\"ImageObject\",\"inLanguage\":\"hu\",\"@id\":\"https:\\\/\\\/www.versiegelung24.com\\\/hu\\\/auto-fenyezes-es-felni-toemites.html#primaryimage\",\"url\":\"https:\\\/\\\/www.versiegelung24.com\\\/wp-content\\\/uploads\\\/2020\\\/06\\\/produkt-2003-7656-1000-Autolack-Felgenversiegelung-scaled.jpg\",\"contentUrl\":\"https:\\\/\\\/www.versiegelung24.com\\\/wp-content\\\/uploads\\\/2020\\\/06\\\/produkt-2003-7656-1000-Autolack-Felgenversiegelung-scaled.jpg\",\"width\":2560,\"height\":2560},{\"@type\":\"BreadcrumbList\",\"@id\":\"https:\\\/\\\/www.versiegelung24.com\\\/hu\\\/auto-fenyezes-es-felni-toemites.html#breadcrumb\",\"itemListElement\":[{\"@type\":\"ListItem\",\"position\":1,\"name\":\"Honlap\",\"item\":\"https:\\\/\\\/www.versiegelung24.com\\\/hu\\\/elol\\\/\"},{\"@type\":\"ListItem\",\"position\":2,\"name\":\"\u00dczlet\",\"item\":\"https:\\\/\\\/www.versiegelung24.com\\\/hu\\\/uzlet\\\/\"},{\"@type\":\"ListItem\",\"position\":3,\"name\":\"Aut\u00f3 f\u00e9nyez\u00e9s \u00e9s felni t\u00f6m\u00edt\u00e9s\"}]},{\"@type\":\"WebSite\",\"@id\":\"https:\\\/\\\/www.versiegelung24.com\\\/hu\\\/#website\",\"url\":\"https:\\\/\\\/www.versiegelung24.com\\\/hu\\\/\",\"name\":\"versiegelung24.com\",\"description\":\"Fl\u00fcssigglas-Versiegelung - Made in Germany\",\"publisher\":{\"@id\":\"https:\\\/\\\/www.versiegelung24.com\\\/hu\\\/#organization\"},\"potentialAction\":[{\"@type\":\"SearchAction\",\"target\":{\"@type\":\"EntryPoint\",\"urlTemplate\":\"https:\\\/\\\/www.versiegelung24.com\\\/hu\\\/?s={search_term_string}\"},\"query-input\":{\"@type\":\"PropertyValueSpecification\",\"valueRequired\":true,\"valueName\":\"search_term_string\"}}],\"inLanguage\":\"hu\"},{\"@type\":\"Organization\",\"@id\":\"https:\\\/\\\/www.versiegelung24.com\\\/hu\\\/#organization\",\"name\":\"versiegelung24\",\"url\":\"https:\\\/\\\/www.versiegelung24.com\\\/hu\\\/\",\"logo\":{\"@type\":\"ImageObject\",\"inLanguage\":\"hu\",\"@id\":\"https:\\\/\\\/www.versiegelung24.com\\\/hu\\\/#\\\/schema\\\/logo\\\/image\\\/\",\"url\":\"https:\\\/\\\/www.versiegelung24.com\\\/wp-content\\\/uploads\\\/2020\\\/04\\\/versiegelung24.png\",\"contentUrl\":\"https:\\\/\\\/www.versiegelung24.com\\\/wp-content\\\/uploads\\\/2020\\\/04\\\/versiegelung24.png\",\"width\":470,\"height\":102,\"caption\":\"versiegelung24\"},\"image\":{\"@id\":\"https:\\\/\\\/www.versiegelung24.com\\\/hu\\\/#\\\/schema\\\/logo\\\/image\\\/\"}}]}<\/script>\n<meta property=\"product:price:amount\" content=\"149.00\" \/>\n<meta property=\"product:price:currency\" content=\"EUR\" \/>\n<meta property=\"og:availability\" content=\"instock\" \/>\n<meta property=\"product:availability\" content=\"instock\" \/>\n<meta property=\"product:retailer_item_id\" content=\"2003-7656-1000\" \/>\n<meta property=\"product:condition\" content=\"new\" \/>\n<!-- \/ Yoast SEO Premium plugin. -->","yoast_head_json":{"title":"Aut\u00f3 f\u00e9nyez\u00e9s \u00e9s felni t\u00f6m\u00edt\u00e9s - versiegelung24.com","robots":{"index":"index","follow":"follow","max-snippet":"max-snippet:-1","max-image-preview":"max-image-preview:large","max-video-preview":"max-video-preview:-1"},"canonical":"https:\/\/www.versiegelung24.com\/hu\/auto-fenyezes-es-felni-toemites.html","og_locale":"hu_HU","og_type":"article","og_title":"Aut\u00f3 f\u00e9nyez\u00e9s \u00e9s felni t\u00f6m\u00edt\u00e9s","og_description":"Rendk\u00edv\u00fcl hat\u00e9kony professzion\u00e1lis v\u00e9d\u0151t\u00f6m\u00edt\u00e9s aut\u00f3fest\u00e9shez \u00e9s alum\u00ednium felnikhez: \u2713 l\u00f3tusz hat\u00e1s\u00fa (v\u00edztasz\u00edt\u00f3)","og_url":"https:\/\/www.versiegelung24.com\/hu\/auto-fenyezes-es-felni-toemites.html","og_site_name":"versiegelung24.com","article_modified_time":"2025-01-03T22:49:35+00:00","og_image":[{"width":2560,"height":2560,"url":"https:\/\/www.versiegelung24.com\/wp-content\/uploads\/2020\/06\/produkt-2003-7656-1000-Autolack-Felgenversiegelung-scaled.jpg","type":"image\/jpeg"}],"twitter_card":"summary_large_image","twitter_misc":{"\u00c1r":"149,00&euro;","El\u00e9rhet\u0151s\u00e9g":"K\u00e9szleten"},"schema":{"@context":"https:\/\/schema.org","@graph":[{"@type":"WebPage","@id":"https:\/\/www.versiegelung24.com\/hu\/auto-fenyezes-es-felni-toemites.html","url":"https:\/\/www.versiegelung24.com\/hu\/auto-fenyezes-es-felni-toemites.html","name":"Aut\u00f3 f\u00e9nyez\u00e9s \u00e9s felni t\u00f6m\u00edt\u00e9s - versiegelung24.com","isPartOf":{"@id":"https:\/\/www.versiegelung24.com\/hu\/#website"},"primaryImageOfPage":{"@id":"https:\/\/www.versiegelung24.com\/hu\/auto-fenyezes-es-felni-toemites.html#primaryimage"},"image":{"@id":"https:\/\/www.versiegelung24.com\/hu\/auto-fenyezes-es-felni-toemites.html#primaryimage"},"thumbnailUrl":"https:\/\/www.versiegelung24.com\/wp-content\/uploads\/2020\/06\/produkt-2003-7656-1000-Autolack-Felgenversiegelung-scaled.jpg","datePublished":"2021-08-02T19:37:10+00:00","dateModified":"2025-01-03T22:49:35+00:00","breadcrumb":{"@id":"https:\/\/www.versiegelung24.com\/hu\/auto-fenyezes-es-felni-toemites.html#breadcrumb"},"inLanguage":"hu","potentialAction":[{"@type":"ReadAction","target":["https:\/\/www.versiegelung24.com\/hu\/auto-fenyezes-es-felni-toemites.html"]}]},{"@type":"ImageObject","inLanguage":"hu","@id":"https:\/\/www.versiegelung24.com\/hu\/auto-fenyezes-es-felni-toemites.html#primaryimage","url":"https:\/\/www.versiegelung24.com\/wp-content\/uploads\/2020\/06\/produkt-2003-7656-1000-Autolack-Felgenversiegelung-scaled.jpg","contentUrl":"https:\/\/www.versiegelung24.com\/wp-content\/uploads\/2020\/06\/produkt-2003-7656-1000-Autolack-Felgenversiegelung-scaled.jpg","width":2560,"height":2560},{"@type":"BreadcrumbList","@id":"https:\/\/www.versiegelung24.com\/hu\/auto-fenyezes-es-felni-toemites.html#breadcrumb","itemListElement":[{"@type":"ListItem","position":1,"name":"Honlap","item":"https:\/\/www.versiegelung24.com\/hu\/elol\/"},{"@type":"ListItem","position":2,"name":"\u00dczlet","item":"https:\/\/www.versiegelung24.com\/hu\/uzlet\/"},{"@type":"ListItem","position":3,"name":"Aut\u00f3 f\u00e9nyez\u00e9s \u00e9s felni t\u00f6m\u00edt\u00e9s"}]},{"@type":"WebSite","@id":"https:\/\/www.versiegelung24.com\/hu\/#website","url":"https:\/\/www.versiegelung24.com\/hu\/","name":"versiegelung24.com","description":"Fl\u00fcssigglas-Versiegelung - Made in Germany","publisher":{"@id":"https:\/\/www.versiegelung24.com\/hu\/#organization"},"potentialAction":[{"@type":"SearchAction","target":{"@type":"EntryPoint","urlTemplate":"https:\/\/www.versiegelung24.com\/hu\/?s={search_term_string}"},"query-input":{"@type":"PropertyValueSpecification","valueRequired":true,"valueName":"search_term_string"}}],"inLanguage":"hu"},{"@type":"Organization","@id":"https:\/\/www.versiegelung24.com\/hu\/#organization","name":"versiegelung24","url":"https:\/\/www.versiegelung24.com\/hu\/","logo":{"@type":"ImageObject","inLanguage":"hu","@id":"https:\/\/www.versiegelung24.com\/hu\/#\/schema\/logo\/image\/","url":"https:\/\/www.versiegelung24.com\/wp-content\/uploads\/2020\/04\/versiegelung24.png","contentUrl":"https:\/\/www.versiegelung24.com\/wp-content\/uploads\/2020\/04\/versiegelung24.png","width":470,"height":102,"caption":"versiegelung24"},"image":{"@id":"https:\/\/www.versiegelung24.com\/hu\/#\/schema\/logo\/image\/"}}]},"product_price_amount":"149.00","product_price_currency":"EUR","og_availability":"instock","product_availability":"instock","product_retailer_item_id":"2003-7656-1000","product_condition":"new"},"_links":{"self":[{"href":"https:\/\/www.versiegelung24.com\/hu\/wp-json\/wp\/v2\/product\/23446","targetHints":{"allow":["GET"]}}],"collection":[{"href":"https:\/\/www.versiegelung24.com\/hu\/wp-json\/wp\/v2\/product"}],"about":[{"href":"https:\/\/www.versiegelung24.com\/hu\/wp-json\/wp\/v2\/types\/product"}],"version-history":[{"count":14,"href":"https:\/\/www.versiegelung24.com\/hu\/wp-json\/wp\/v2\/product\/23446\/revisions"}],"predecessor-version":[{"id":177667,"href":"https:\/\/www.versiegelung24.com\/hu\/wp-json\/wp\/v2\/product\/23446\/revisions\/177667"}],"wp:featuredmedia":[{"embeddable":true,"href":"https:\/\/www.versiegelung24.com\/hu\/wp-json\/wp\/v2\/media\/17863"}],"wp:attachment":[{"href":"https:\/\/www.versiegelung24.com\/hu\/wp-json\/wp\/v2\/media?parent=23446"}],"wp:term":[{"taxonomy":"product_brand","embeddable":true,"href":"https:\/\/www.versiegelung24.com\/hu\/wp-json\/wp\/v2\/product_brand?post=23446"},{"taxonomy":"product_cat","embeddable":true,"href":"https:\/\/www.versiegelung24.com\/hu\/wp-json\/wp\/v2\/product_cat?post=23446"},{"taxonomy":"product_tag","embeddable":true,"href":"https:\/\/www.versiegelung24.com\/hu\/wp-json\/wp\/v2\/product_tag?post=23446"}],"curies":[{"name":"wp","href":"https:\/\/api.w.org\/{rel}","templated":true}]}}