{"id":23553,"date":"2020-04-04T18:53:42","date_gmt":"2020-04-04T16:53:42","guid":{"rendered":"https:\/\/www.versiegelung24.com\/produkt\/premium-tomites-uveghez-es-keramiahoz-rendkivul-tartos"},"modified":"2025-01-03T23:44:39","modified_gmt":"2025-01-03T22:44:39","slug":"premium-tomites-az-uveghez-es-a-keramiahoz-rendkivul-tartos","status":"publish","type":"product","link":"https:\/\/www.versiegelung24.com\/hu\/premium-toemites-az-ueveghez-es-a-keramiahoz-rendkivuel-tartos.html","title":{"rendered":"Pr\u00e9mium t\u00f6m\u00edt\u0151anyag \u00fcveghez \u00e9s ker\u00e1mi\u00e1hoz, rendk\u00edv\u00fcli tart\u00f3ss\u00e1ggal"},"content":{"rendered":"\n<p><strong>Rendk\u00edv\u00fcl hat\u00e9kony \u00fcveg- \u00e9s ker\u00e1mia t\u00f6m\u00edt\u00e9s minden olyan fel\u00fcletre, amelyen a lehet\u0151 leghosszabb tart\u00f3ss\u00e1got k\u00edv\u00e1nja el\u00e9rni, pl. ablakt\u00e1bl\u00e1k, \u00fcveghomlokzatok, bej\u00e1rati ajt\u00f3k (max. 3 \u00e9v) stb., l\u00f3tusz hat\u00e1s\u00fa (v\u00edzleperget\u0151), belt\u00e9ri \u00e9s k\u00edv\u00fcl<\/strong> .<\/p>\n\n<p>Cikksz\u00e1m: 1003-7601 &#8211; Kiv\u00e1l\u00f3 min\u0151s\u00e9g Made in Germany.<\/p>\n\n<div class=\"wp-block-columns is-layout-flex wp-container-core-columns-is-layout-9d6595d7 wp-block-columns-is-layout-flex\">\n<div class=\"wp-block-column is-layout-flow wp-block-column-is-layout-flow\">\n<figure class=\"wp-block-embed is-type-video is-provider-youtube wp-block-embed-youtube wp-embed-aspect-16-9 wp-has-aspect-ratio\"><div class=\"wp-block-embed__wrapper\"> \n<div class=\"nv-iframe-embed\"><iframe title=\"(Nano-)Versiegelungen f\u00fcrs Badezimmer, die wirklich halten! Versiegelung24.com\" width=\"1200\" height=\"675\" src=\"https:\/\/www.youtube.com\/embed\/l6YldCwuye0?feature=oembed\" frameborder=\"0\" allow=\"accelerometer; autoplay; clipboard-write; encrypted-media; gyroscope; picture-in-picture; web-share\" referrerpolicy=\"strict-origin-when-cross-origin\" allowfullscreen><\/iframe><\/div>\n <\/div><\/figure>\n<\/div>\n\n\n\n<div class=\"wp-block-column is-layout-flow wp-block-column-is-layout-flow\">\n<figure class=\"wp-block-embed is-type-video is-provider-youtube wp-block-embed-youtube wp-embed-aspect-16-9 wp-has-aspect-ratio\"><div class=\"wp-block-embed__wrapper\"> \n<div class=\"nv-iframe-embed\"><iframe title=\"Kalk in der Dusche entfernen und mit einer Glasversiegelung vorbeugen!\" width=\"1200\" height=\"675\" src=\"https:\/\/www.youtube.com\/embed\/vnJHIGeb_7I?feature=oembed\" frameborder=\"0\" allow=\"accelerometer; autoplay; clipboard-write; encrypted-media; gyroscope; picture-in-picture; web-share\" referrerpolicy=\"strict-origin-when-cross-origin\" allowfullscreen><\/iframe><\/div>\n <\/div><\/figure>\n<\/div>\n<\/div>\n\n<hr\/>\n\n<h4 class=\"wp-block-heading\" id=\"properties\">A term\u00e9k jellemz\u0151i<\/h4>\n\n<div class=\"wp-block-columns is-layout-flex wp-container-core-columns-is-layout-9d6595d7 wp-block-columns-is-layout-flex\">\n<div class=\"wp-block-column is-layout-flow wp-block-column-is-layout-flow\">\n<ul class=\"wp-block-list\" id=\"block-fbfff1f6-f7fb-4162-9feb-4a71c2f1f5b7\">\n<li>Kiv\u00e1l\u00f3, k\u00f6nnyen tiszt\u00edthat\u00f3 hat\u00e1s a szennyez\u0151d\u00e9sek \u00e9s a v\u00edzk\u0151 ellen.<\/li>\n\n\n\n<li>Nagyon er\u0151s hidrof\u00f3b \u00e9s oleof\u00f3b hat\u00e1s (v\u00edz- \u00e9s olajtasz\u00edt\u00f3 k\u00e9pess\u00e9g).<\/li>\n\n\n\n<li>Nagyon magas kop\u00e1s\u00e1ll\u00f3s\u00e1g a SiO\u00b2 nano technol\u00f3gi\u00e1nak k\u00f6sz\u00f6nhet\u0151en<\/li>\n\n\n\n<li>Vegyszer\u00e1ll\u00f3 a tiszt\u00edt\u00f3szerekkel szemben (12-es pH-\u00e9rt\u00e9kig)<\/li>\n\n\n\n<li>Tart\u00f3ss\u00e1g: 3-5 \u00e9vig (haszn\u00e1latt\u00f3l f\u00fcgg\u0151en)<\/li>\n<\/ul>\n<\/div>\n\n\n\n<div class=\"wp-block-column is-layout-flow wp-block-column-is-layout-flow\">\n<ul class=\"wp-block-list\" id=\"block-da198c4e-3517-4612-b9e4-86eb030d8594\">\n<li>Cs\u00f6kkenti a mikroorganizmusok \u00e9s bakt\u00e9riumok szaporod\u00e1s\u00e1t, \u00e9s ez\u00e1ltal jav\u00edtja a higi\u00e9ni\u00e1t<\/li>\n\n\n\n<li>UV-stabil \/ fagy\u00e1ll\u00f3 \/ s\u00f3sv\u00edz\u00e1ll\u00f3 \/ l\u00e1thatatlan (r\u00e9tegvastags\u00e1g: 100-150nm)<\/li>\n\n\n\n<li>\u00d6ntiszt\u00edt\u00f3 hat\u00e1s f\u00fcgg\u0151leges \u00fcvegfel\u00fcleteken es\u0151ben<\/li>\n\n\n\n<li>K\u00f6lts\u00e9g-, id\u0151- \u00e9s energiamegtakar\u00edt\u00e1s a meghosszabb\u00edtott tiszt\u00edt\u00e1si ciklusoknak k\u00f6sz\u00f6nhet\u0151en<\/li>\n<\/ul>\n\n\n\n<p><br\/><br\/><br\/>Sz\u00e1ll\u00edt\u00e1si terjedelem: 1 x literes flakon 1 x pump\u00e1s sz\u00f3r\u00f3fej 1 x term\u00e9kle\u00edr\u00e1s<\/p>\n<\/div>\n<\/div>\n\n<figure class=\"wp-block-image size-large is-resized\"><img fetchpriority=\"high\" decoding=\"async\" width=\"1300\" height=\"260\" src=\"https:\/\/www.versiegelung24.com\/wp-content\/uploads\/2022\/01\/bad_glas-1300x260.jpg\" alt=\"\" class=\"wp-image-59538\" style=\"width:1500px\" srcset=\"https:\/\/www.versiegelung24.com\/wp-content\/uploads\/2022\/01\/bad_glas-1300x260.jpg 1300w, https:\/\/www.versiegelung24.com\/wp-content\/uploads\/2022\/01\/bad_glas-300x60.jpg 300w, https:\/\/www.versiegelung24.com\/wp-content\/uploads\/2022\/01\/bad_glas-768x154.jpg 768w, https:\/\/www.versiegelung24.com\/wp-content\/uploads\/2022\/01\/bad_glas-600x120.jpg 600w, https:\/\/www.versiegelung24.com\/wp-content\/uploads\/2022\/01\/bad_glas.jpg 1500w\" sizes=\"(max-width: 1300px) 100vw, 1300px\" \/><\/figure>\n\n<h4 class=\"wp-block-heading\" id=\"application\">Alkalmaz\u00e1s<\/h4>\n\n<div class=\"wp-block-columns is-layout-flex wp-container-core-columns-is-layout-9d6595d7 wp-block-columns-is-layout-flex\">\n<div class=\"wp-block-column is-layout-flow wp-block-column-is-layout-flow\">\n<ul class=\"wp-block-list\">\n<li>Ablak\u00fcveg (k\u00edv\u00fcl \u00e9s bel\u00fcl)<\/li>\n\n\n\n<li>\u00dcvegfel\u00fcletek az eg\u00e9szs\u00e9g\u00fcgyi ter\u00fcleten (t\u00fckr\u00f6k, zuhanykabinok)<\/li>\n\n\n\n<li>\u00c9p\u00edt\u00e9si \u00fcveg (t\u00e9likertek, \u00fcvegh\u00e1zak, el\u0151tet\u0151k, fal\u00fcvegek)<\/li>\n<\/ul>\n<\/div>\n\n\n\n<div class=\"wp-block-column is-layout-flow wp-block-column-is-layout-flow\">\n<ul class=\"wp-block-list\">\n<li>\u00dcvegezett padl\u00f3 \u00e9s fal csempe<\/li>\n\n\n\n<li>\u00dcvegezett ker\u00e1mia fel\u00fcletek (WC, mosd\u00f3, mosd\u00f3, k\u00e1d)<\/li>\n<\/ul>\n\n\n\n<p>A fogyaszt\u00e1s a fel\u00fclet szerkezet\u00e9t\u0151l f\u00fcgg kb.100-200m\u00b2\/liter.<\/p>\n<\/div>\n<\/div>\n\n<p><\/p>\n","protected":false},"excerpt":{"rendered":"<p><strong>Pr\u00e9mium \u00fcveg \u00e9s ker\u00e1mia t\u00f6m\u00edt\u00e9s professzion\u00e1lis min\u0151s\u00e9gben:<\/strong><\/p>\n<p>\u2713 extra tart\u00f3ss\u00e1ggal<\/p>\n<p>\u2713N\u00e9metorsz\u00e1gban k\u00e9sz\u00fclt<\/p>\n","protected":false},"featured_media":17750,"template":"","meta":{"_acf_changed":false,"neve_meta_sidebar":"","neve_meta_container":"","neve_meta_enable_content_width":"","neve_meta_content_width":0,"neve_meta_title_alignment":"","neve_meta_author_avatar":"","neve_post_elements_order":"","neve_meta_disable_header":"","neve_meta_disable_footer":"","neve_meta_disable_title":"","neve_meta_reading_time":"","_surfaces":[],"_ver_product_tabs":[],"footnotes":""},"product_brand":[],"product_cat":[2322],"product_tag":[],"class_list":{"0":"post-23553","1":"product","2":"type-product","3":"status-publish","4":"has-post-thumbnail","6":"product_cat-toemites-ueveghez-es-keramiahoz","7":"pa_gebinde-1000-ml-es-palack","8":"pa_gebinde-20-literes-tartaly","10":"first","11":"instock","12":"taxable","13":"shipping-taxable","14":"purchasable","15":"product-type-variable","16":"has-default-attributes"},"acf":[],"yoast_head":"<!-- This site is optimized with the Yoast SEO Premium plugin v22.8 (Yoast SEO v27.5) - https:\/\/yoast.com\/product\/yoast-seo-premium-wordpress\/ -->\n<title>Pr\u00e9mium t\u00f6m\u00edt\u0151anyag \u00fcveghez \u00e9s ker\u00e1mi\u00e1hoz, rendk\u00edv\u00fcli tart\u00f3ss\u00e1ggal - versiegelung24.com<\/title>\n<meta name=\"robots\" content=\"index, follow, max-snippet:-1, max-image-preview:large, max-video-preview:-1\" \/>\n<link rel=\"canonical\" href=\"https:\/\/www.versiegelung24.com\/hu\/premium-toemites-az-ueveghez-es-a-keramiahoz-rendkivuel-tartos.html\" \/>\n<meta property=\"og:locale\" content=\"hu_HU\" \/>\n<meta property=\"og:type\" content=\"article\" \/>\n<meta property=\"og:title\" content=\"Pr\u00e9mium t\u00f6m\u00edt\u0151anyag \u00fcveghez \u00e9s ker\u00e1mi\u00e1hoz, rendk\u00edv\u00fcli tart\u00f3ss\u00e1ggal\" \/>\n<meta property=\"og:description\" content=\"Pr\u00e9mium \u00fcveg \u00e9s ker\u00e1mia t\u00f6m\u00edt\u00e9s professzion\u00e1lis min\u0151s\u00e9gben: \u2713 extra tart\u00f3ss\u00e1ggal \u2713N\u00e9metorsz\u00e1gban k\u00e9sz\u00fclt\" \/>\n<meta property=\"og:url\" content=\"https:\/\/www.versiegelung24.com\/hu\/premium-toemites-az-ueveghez-es-a-keramiahoz-rendkivuel-tartos.html\" \/>\n<meta property=\"og:site_name\" content=\"versiegelung24.com\" \/>\n<meta property=\"article:modified_time\" content=\"2025-01-03T22:44:39+00:00\" \/>\n<meta property=\"og:image\" content=\"https:\/\/www.versiegelung24.com\/wp-content\/uploads\/2020\/06\/produkt-1003-7601-1000-Premium-Versiegelung-Glas-Keramik-scaled.jpg\" \/>\n\t<meta property=\"og:image:width\" content=\"2560\" \/>\n\t<meta property=\"og:image:height\" content=\"2560\" \/>\n\t<meta property=\"og:image:type\" content=\"image\/jpeg\" \/>\n<meta name=\"twitter:card\" content=\"summary_large_image\" \/>\n<meta name=\"twitter:label1\" content=\"El\u00e9rhet\u0151s\u00e9g\" \/>\n\t<meta name=\"twitter:data1\" content=\"K\u00e9szleten\" \/>\n<script type=\"application\/ld+json\" class=\"yoast-schema-graph\">{\"@context\":\"https:\\\/\\\/schema.org\",\"@graph\":[{\"@type\":\"WebPage\",\"@id\":\"https:\\\/\\\/www.versiegelung24.com\\\/hu\\\/premium-toemites-az-ueveghez-es-a-keramiahoz-rendkivuel-tartos.html\",\"url\":\"https:\\\/\\\/www.versiegelung24.com\\\/hu\\\/premium-toemites-az-ueveghez-es-a-keramiahoz-rendkivuel-tartos.html\",\"name\":\"Pr\u00e9mium t\u00f6m\u00edt\u0151anyag \u00fcveghez \u00e9s ker\u00e1mi\u00e1hoz, rendk\u00edv\u00fcli tart\u00f3ss\u00e1ggal - versiegelung24.com\",\"isPartOf\":{\"@id\":\"https:\\\/\\\/www.versiegelung24.com\\\/hu\\\/#website\"},\"primaryImageOfPage\":{\"@id\":\"https:\\\/\\\/www.versiegelung24.com\\\/hu\\\/premium-toemites-az-ueveghez-es-a-keramiahoz-rendkivuel-tartos.html#primaryimage\"},\"image\":{\"@id\":\"https:\\\/\\\/www.versiegelung24.com\\\/hu\\\/premium-toemites-az-ueveghez-es-a-keramiahoz-rendkivuel-tartos.html#primaryimage\"},\"thumbnailUrl\":\"https:\\\/\\\/www.versiegelung24.com\\\/wp-content\\\/uploads\\\/2020\\\/06\\\/produkt-1003-7601-1000-Premium-Versiegelung-Glas-Keramik-scaled.jpg\",\"datePublished\":\"2020-04-04T16:53:42+00:00\",\"dateModified\":\"2025-01-03T22:44:39+00:00\",\"breadcrumb\":{\"@id\":\"https:\\\/\\\/www.versiegelung24.com\\\/hu\\\/premium-toemites-az-ueveghez-es-a-keramiahoz-rendkivuel-tartos.html#breadcrumb\"},\"inLanguage\":\"hu\",\"potentialAction\":[{\"@type\":\"ReadAction\",\"target\":[\"https:\\\/\\\/www.versiegelung24.com\\\/hu\\\/premium-toemites-az-ueveghez-es-a-keramiahoz-rendkivuel-tartos.html\"]}]},{\"@type\":\"ImageObject\",\"inLanguage\":\"hu\",\"@id\":\"https:\\\/\\\/www.versiegelung24.com\\\/hu\\\/premium-toemites-az-ueveghez-es-a-keramiahoz-rendkivuel-tartos.html#primaryimage\",\"url\":\"https:\\\/\\\/www.versiegelung24.com\\\/wp-content\\\/uploads\\\/2020\\\/06\\\/produkt-1003-7601-1000-Premium-Versiegelung-Glas-Keramik-scaled.jpg\",\"contentUrl\":\"https:\\\/\\\/www.versiegelung24.com\\\/wp-content\\\/uploads\\\/2020\\\/06\\\/produkt-1003-7601-1000-Premium-Versiegelung-Glas-Keramik-scaled.jpg\",\"width\":2560,\"height\":2560},{\"@type\":\"BreadcrumbList\",\"@id\":\"https:\\\/\\\/www.versiegelung24.com\\\/hu\\\/premium-toemites-az-ueveghez-es-a-keramiahoz-rendkivuel-tartos.html#breadcrumb\",\"itemListElement\":[{\"@type\":\"ListItem\",\"position\":1,\"name\":\"Honlap\",\"item\":\"https:\\\/\\\/www.versiegelung24.com\\\/hu\\\/elol\\\/\"},{\"@type\":\"ListItem\",\"position\":2,\"name\":\"\u00dczlet\",\"item\":\"https:\\\/\\\/www.versiegelung24.com\\\/hu\\\/uzlet\\\/\"},{\"@type\":\"ListItem\",\"position\":3,\"name\":\"Pr\u00e9mium t\u00f6m\u00edt\u0151anyag \u00fcveghez \u00e9s ker\u00e1mi\u00e1hoz, rendk\u00edv\u00fcli tart\u00f3ss\u00e1ggal\"}]},{\"@type\":\"WebSite\",\"@id\":\"https:\\\/\\\/www.versiegelung24.com\\\/hu\\\/#website\",\"url\":\"https:\\\/\\\/www.versiegelung24.com\\\/hu\\\/\",\"name\":\"versiegelung24.com\",\"description\":\"Fl\u00fcssigglas-Versiegelung - Made in Germany\",\"publisher\":{\"@id\":\"https:\\\/\\\/www.versiegelung24.com\\\/hu\\\/#organization\"},\"potentialAction\":[{\"@type\":\"SearchAction\",\"target\":{\"@type\":\"EntryPoint\",\"urlTemplate\":\"https:\\\/\\\/www.versiegelung24.com\\\/hu\\\/?s={search_term_string}\"},\"query-input\":{\"@type\":\"PropertyValueSpecification\",\"valueRequired\":true,\"valueName\":\"search_term_string\"}}],\"inLanguage\":\"hu\"},{\"@type\":\"Organization\",\"@id\":\"https:\\\/\\\/www.versiegelung24.com\\\/hu\\\/#organization\",\"name\":\"versiegelung24\",\"url\":\"https:\\\/\\\/www.versiegelung24.com\\\/hu\\\/\",\"logo\":{\"@type\":\"ImageObject\",\"inLanguage\":\"hu\",\"@id\":\"https:\\\/\\\/www.versiegelung24.com\\\/hu\\\/#\\\/schema\\\/logo\\\/image\\\/\",\"url\":\"https:\\\/\\\/www.versiegelung24.com\\\/wp-content\\\/uploads\\\/2020\\\/04\\\/versiegelung24.png\",\"contentUrl\":\"https:\\\/\\\/www.versiegelung24.com\\\/wp-content\\\/uploads\\\/2020\\\/04\\\/versiegelung24.png\",\"width\":470,\"height\":102,\"caption\":\"versiegelung24\"},\"image\":{\"@id\":\"https:\\\/\\\/www.versiegelung24.com\\\/hu\\\/#\\\/schema\\\/logo\\\/image\\\/\"}}]}<\/script>\n<meta property=\"og:availability\" content=\"instock\" \/>\n<meta property=\"product:availability\" content=\"instock\" \/>\n<meta property=\"product:retailer_item_id\" content=\"1003-7601\" \/>\n<meta property=\"product:condition\" content=\"new\" \/>\n<!-- \/ Yoast SEO Premium plugin. -->","yoast_head_json":{"title":"Pr\u00e9mium t\u00f6m\u00edt\u0151anyag \u00fcveghez \u00e9s ker\u00e1mi\u00e1hoz, rendk\u00edv\u00fcli tart\u00f3ss\u00e1ggal - versiegelung24.com","robots":{"index":"index","follow":"follow","max-snippet":"max-snippet:-1","max-image-preview":"max-image-preview:large","max-video-preview":"max-video-preview:-1"},"canonical":"https:\/\/www.versiegelung24.com\/hu\/premium-toemites-az-ueveghez-es-a-keramiahoz-rendkivuel-tartos.html","og_locale":"hu_HU","og_type":"article","og_title":"Pr\u00e9mium t\u00f6m\u00edt\u0151anyag \u00fcveghez \u00e9s ker\u00e1mi\u00e1hoz, rendk\u00edv\u00fcli tart\u00f3ss\u00e1ggal","og_description":"Pr\u00e9mium \u00fcveg \u00e9s ker\u00e1mia t\u00f6m\u00edt\u00e9s professzion\u00e1lis min\u0151s\u00e9gben: \u2713 extra tart\u00f3ss\u00e1ggal \u2713N\u00e9metorsz\u00e1gban k\u00e9sz\u00fclt","og_url":"https:\/\/www.versiegelung24.com\/hu\/premium-toemites-az-ueveghez-es-a-keramiahoz-rendkivuel-tartos.html","og_site_name":"versiegelung24.com","article_modified_time":"2025-01-03T22:44:39+00:00","og_image":[{"width":2560,"height":2560,"url":"https:\/\/www.versiegelung24.com\/wp-content\/uploads\/2020\/06\/produkt-1003-7601-1000-Premium-Versiegelung-Glas-Keramik-scaled.jpg","type":"image\/jpeg"}],"twitter_card":"summary_large_image","twitter_misc":{"El\u00e9rhet\u0151s\u00e9g":"K\u00e9szleten"},"schema":{"@context":"https:\/\/schema.org","@graph":[{"@type":"WebPage","@id":"https:\/\/www.versiegelung24.com\/hu\/premium-toemites-az-ueveghez-es-a-keramiahoz-rendkivuel-tartos.html","url":"https:\/\/www.versiegelung24.com\/hu\/premium-toemites-az-ueveghez-es-a-keramiahoz-rendkivuel-tartos.html","name":"Pr\u00e9mium t\u00f6m\u00edt\u0151anyag \u00fcveghez \u00e9s ker\u00e1mi\u00e1hoz, rendk\u00edv\u00fcli tart\u00f3ss\u00e1ggal - versiegelung24.com","isPartOf":{"@id":"https:\/\/www.versiegelung24.com\/hu\/#website"},"primaryImageOfPage":{"@id":"https:\/\/www.versiegelung24.com\/hu\/premium-toemites-az-ueveghez-es-a-keramiahoz-rendkivuel-tartos.html#primaryimage"},"image":{"@id":"https:\/\/www.versiegelung24.com\/hu\/premium-toemites-az-ueveghez-es-a-keramiahoz-rendkivuel-tartos.html#primaryimage"},"thumbnailUrl":"https:\/\/www.versiegelung24.com\/wp-content\/uploads\/2020\/06\/produkt-1003-7601-1000-Premium-Versiegelung-Glas-Keramik-scaled.jpg","datePublished":"2020-04-04T16:53:42+00:00","dateModified":"2025-01-03T22:44:39+00:00","breadcrumb":{"@id":"https:\/\/www.versiegelung24.com\/hu\/premium-toemites-az-ueveghez-es-a-keramiahoz-rendkivuel-tartos.html#breadcrumb"},"inLanguage":"hu","potentialAction":[{"@type":"ReadAction","target":["https:\/\/www.versiegelung24.com\/hu\/premium-toemites-az-ueveghez-es-a-keramiahoz-rendkivuel-tartos.html"]}]},{"@type":"ImageObject","inLanguage":"hu","@id":"https:\/\/www.versiegelung24.com\/hu\/premium-toemites-az-ueveghez-es-a-keramiahoz-rendkivuel-tartos.html#primaryimage","url":"https:\/\/www.versiegelung24.com\/wp-content\/uploads\/2020\/06\/produkt-1003-7601-1000-Premium-Versiegelung-Glas-Keramik-scaled.jpg","contentUrl":"https:\/\/www.versiegelung24.com\/wp-content\/uploads\/2020\/06\/produkt-1003-7601-1000-Premium-Versiegelung-Glas-Keramik-scaled.jpg","width":2560,"height":2560},{"@type":"BreadcrumbList","@id":"https:\/\/www.versiegelung24.com\/hu\/premium-toemites-az-ueveghez-es-a-keramiahoz-rendkivuel-tartos.html#breadcrumb","itemListElement":[{"@type":"ListItem","position":1,"name":"Honlap","item":"https:\/\/www.versiegelung24.com\/hu\/elol\/"},{"@type":"ListItem","position":2,"name":"\u00dczlet","item":"https:\/\/www.versiegelung24.com\/hu\/uzlet\/"},{"@type":"ListItem","position":3,"name":"Pr\u00e9mium t\u00f6m\u00edt\u0151anyag \u00fcveghez \u00e9s ker\u00e1mi\u00e1hoz, rendk\u00edv\u00fcli tart\u00f3ss\u00e1ggal"}]},{"@type":"WebSite","@id":"https:\/\/www.versiegelung24.com\/hu\/#website","url":"https:\/\/www.versiegelung24.com\/hu\/","name":"versiegelung24.com","description":"Fl\u00fcssigglas-Versiegelung - Made in Germany","publisher":{"@id":"https:\/\/www.versiegelung24.com\/hu\/#organization"},"potentialAction":[{"@type":"SearchAction","target":{"@type":"EntryPoint","urlTemplate":"https:\/\/www.versiegelung24.com\/hu\/?s={search_term_string}"},"query-input":{"@type":"PropertyValueSpecification","valueRequired":true,"valueName":"search_term_string"}}],"inLanguage":"hu"},{"@type":"Organization","@id":"https:\/\/www.versiegelung24.com\/hu\/#organization","name":"versiegelung24","url":"https:\/\/www.versiegelung24.com\/hu\/","logo":{"@type":"ImageObject","inLanguage":"hu","@id":"https:\/\/www.versiegelung24.com\/hu\/#\/schema\/logo\/image\/","url":"https:\/\/www.versiegelung24.com\/wp-content\/uploads\/2020\/04\/versiegelung24.png","contentUrl":"https:\/\/www.versiegelung24.com\/wp-content\/uploads\/2020\/04\/versiegelung24.png","width":470,"height":102,"caption":"versiegelung24"},"image":{"@id":"https:\/\/www.versiegelung24.com\/hu\/#\/schema\/logo\/image\/"}}]},"og_availability":"instock","product_availability":"instock","product_retailer_item_id":"1003-7601","product_condition":"new"},"_links":{"self":[{"href":"https:\/\/www.versiegelung24.com\/hu\/wp-json\/wp\/v2\/product\/23553","targetHints":{"allow":["GET"]}}],"collection":[{"href":"https:\/\/www.versiegelung24.com\/hu\/wp-json\/wp\/v2\/product"}],"about":[{"href":"https:\/\/www.versiegelung24.com\/hu\/wp-json\/wp\/v2\/types\/product"}],"version-history":[{"count":30,"href":"https:\/\/www.versiegelung24.com\/hu\/wp-json\/wp\/v2\/product\/23553\/revisions"}],"predecessor-version":[{"id":177607,"href":"https:\/\/www.versiegelung24.com\/hu\/wp-json\/wp\/v2\/product\/23553\/revisions\/177607"}],"wp:featuredmedia":[{"embeddable":true,"href":"https:\/\/www.versiegelung24.com\/hu\/wp-json\/wp\/v2\/media\/17750"}],"wp:attachment":[{"href":"https:\/\/www.versiegelung24.com\/hu\/wp-json\/wp\/v2\/media?parent=23553"}],"wp:term":[{"taxonomy":"product_brand","embeddable":true,"href":"https:\/\/www.versiegelung24.com\/hu\/wp-json\/wp\/v2\/product_brand?post=23553"},{"taxonomy":"product_cat","embeddable":true,"href":"https:\/\/www.versiegelung24.com\/hu\/wp-json\/wp\/v2\/product_cat?post=23553"},{"taxonomy":"product_tag","embeddable":true,"href":"https:\/\/www.versiegelung24.com\/hu\/wp-json\/wp\/v2\/product_tag?post=23553"}],"curies":[{"name":"wp","href":"https:\/\/api.w.org\/{rel}","templated":true}]}}