{"id":23575,"date":"2020-04-04T18:53:44","date_gmt":"2021-08-02T19:45:42","guid":{"rendered":"https:\/\/www.versiegelung24.com\/produkt\/univerzalis-tomites-673-kemeny-nem-nedvszivo-feluletekhez-festek-muanyag-uveg-keramia-fem-rozsdamentes-acel"},"modified":"2025-01-04T00:14:11","modified_gmt":"2025-01-03T23:14:11","slug":"univerzalis-tomito-673-kemeny-nem-nedvszivo-feluletekhez-lakkokhoz-muanyag-uveg-keramia-fem-rozsdamentes-acel","status":"publish","type":"product","link":"https:\/\/www.versiegelung24.com\/hu\/univerzalis-toemito-673-kemeny-nem-nedvszivo-felueletekhez-lakkokhoz-muanyag-ueveg-keramia-fem-rozsdamentes-acel.html","title":{"rendered":"Univerz\u00e1lis t\u00f6m\u00edt\u00e9s 673 &#8220;kem\u00e9ny&#8221; \/ nem nedvsz\u00edv\u00f3 fel\u00fcletekhez (fest\u00e9k \/ m\u0171anyag +++, \u00fcveg \/ ker\u00e1mia ++, f\u00e9m \/ rozsdamentes ac\u00e9l ++)"},"content":{"rendered":"\n<p><strong>Univerz\u00e1lis t\u00f6m\u00edt\u00e9s &#8220;kem\u00e9ny&#8221; \/ nem nedvsz\u00edv\u00f3 fel\u00fcletekhez professzion\u00e1lis min\u0151s\u00e9gben &#8211; N\u00e9metorsz\u00e1gban gy\u00e1rtva<\/strong><\/p>\n\n<p>Ide\u00e1lis m\u0171anyagokhoz \u00e9s festett fel\u00fcletekhez (r\u00e9tegezhet\u0151), \u00fcvegre \/ ker\u00e1mi\u00e1ra is haszn\u00e1lhat\u00f3; F\u00e9m \u00e9s rozsdamentes ac\u00e9l<\/p>\n\n<p>T\u00e9telsz\u00e1m: 4004-673<\/p>\n\n<p>Kiv\u00e1l\u00f3 min\u0151s\u00e9g N\u00e9metorsz\u00e1gban k\u00e9sz\u00fclt<\/p>\n\n<p><strong>V24 univerz\u00e1lis t\u00f6m\u00edt\u00e9s 4004-673<\/strong> egy alkohol alap\u00fa rendszer, amely ideiglenesen k\u00f6nnyen tiszt\u00edthat\u00f3 hat\u00e1st kelt az \u00fcveg- \u00e9s ker\u00e1miafel\u00fcleteken, valamint bizonyos f\u00e9mfel\u00fcleteken (kr\u00f3m, rozsdamentes ac\u00e9l, alum\u00ednium). A led\u00f6rzs\u00f6lt anyag v\u00e9kony r\u00e9teget k\u00e9pez a fel\u00fcleten, ami cs\u00f6kkenti a szennyez\u0151d\u00e9sek \u00e9s idegen anyagok tapad\u00e1s\u00e1t, \u00e9s lehet\u0151v\u00e9 teszi a v\u00edz egyszer\u0171 lecsorog\u00e1s\u00e1t. A bevont fel\u00fcletek k\u00fcl\u00f6n\u00f6sen k\u00f6nnyen tiszt\u00edthat\u00f3k \u00e9s kev\u00e9sb\u00e9 szennyez\u0151dnek.<\/p>\n\n<hr\/>\n\n<h4 class=\"wp-block-heading\" id=\"properties\">A term\u00e9k jellemz\u0151i<\/h4>\n\n<div class=\"wp-block-columns is-layout-flex wp-container-core-columns-is-layout-9d6595d7 wp-block-columns-is-layout-flex\">\n<div class=\"wp-block-column is-layout-flow wp-block-column-is-layout-flow\">\n<figure class=\"wp-block-table is-style-stripes\"><table><tbody><tr><td class=\"has-text-align-center\" data-align=\"center\">K\u00e9mia:<\/td><td class=\"has-text-align-center\" data-align=\"center\">Szervetlen-szerves polimer, halog\u00e9nmentes, fluormentes<\/td><\/tr><tr><td class=\"has-text-align-center\" data-align=\"center\">Le\u00edr\u00e1s:<\/td><td class=\"has-text-align-center\" data-align=\"center\">Univerz\u00e1lis t\u00f6m\u00edt\u0151anyag<\/td><\/tr><tr><td class=\"has-text-align-center\" data-align=\"center\">Megjelen\u00e9s:<\/td><td class=\"has-text-align-center\" data-align=\"center\">Foly\u00e9kony, sz\u00edntelen &#8211; r\u00f3zsasz\u00edn<\/td><\/tr><tr><td class=\"has-text-align-center\" data-align=\"center\">H\u00edg\u00edt\u00e1s: <\/td><td class=\"has-text-align-center\" data-align=\"center\">Felhaszn\u00e1l\u00e1sra k\u00e9sz h\u00edg\u00edtva<\/td><\/tr><tr><td class=\"has-text-align-center\" data-align=\"center\">Koncentr\u00e1ci\u00f3: <\/td><td class=\"has-text-align-center\" data-align=\"center\">0,5-1,5 t\u00f6meg%.<\/td><\/tr><tr><td class=\"has-text-align-center\" data-align=\"center\">Kezel\u00e9se:<\/td><td class=\"has-text-align-center\" data-align=\"center\">A kezel\u00e9ssel \u00e9s biztons\u00e1ggal kapcsolatos fontos tudnival\u00f3k az aktu\u00e1lis biztons\u00e1gi adatlapon tal\u00e1lhat\u00f3k. A feldolgoz\u00e1s sor\u00e1n megfelel\u0151 egy\u00e9ni v\u00e9d\u0151felszerel\u00e9st kell haszn\u00e1lni.<\/td><\/tr><\/tbody><\/table><\/figure>\n<\/div>\n\n\n\n<div class=\"wp-block-column is-layout-flow wp-block-column-is-layout-flow\">\n<p><br\/><br\/>Sz\u00e1ll\u00edt\u00e1si terjedelem: 1 x literes flakon 1 x pump\u00e1s sz\u00f3r\u00f3fej<\/p>\n<\/div>\n<\/div>\n\n<hr\/>\n\n<h4 class=\"wp-block-heading\" id=\"h-ratgeber\">Tan\u00e1csad\u00f3<\/h4>\n\n<p>Univerz\u00e1lis t\u00f6m\u00edt\u00e9seink k\u00fcl\u00f6n\u00f6sen alkalmasak a bark\u00e1csol\u00f3 szektor sz\u00e1m\u00e1ra.<\/p>\n\n<p>Egyes\u00edtik a professzion\u00e1lis hat\u00e1sm\u00f3dot a k\u00fcl\u00f6nb\u00f6z\u0151 fel\u00fcleteken \u00e9s a k\u00f6nny\u0171 kezelhet\u0151s\u00e9get az alkalmaz\u00e1s sor\u00e1n. \u00c9s mindezt an\u00e9lk\u00fcl, hogy komolyabb min\u0151s\u00e9gi kompromisszumokat kellene k\u00f6tnie.<\/p>\n\n<p>\u00cdgy egyetlen univerz\u00e1lis t\u00f6m\u00edt\u0151anyaggal t\u00f6bb anyagon is felhordhat\u00f3, \u00e9s j\u00f3 min\u0151s\u00e9g\u0171 hat\u00e1st \u00e9s hossz\u00fa tart\u00f3ss\u00e1got is el\u00e9rni.<\/p>\n\n<p>Azonban olyan kereskedelmi \u00e9s ipari alkalmaz\u00e1sokhoz, ahol egy adott fel\u00fcleten a lehet\u0151 legmagasabb szint\u0171 teljes\u00edtm\u00e9nyt k\u00edv\u00e1nj\u00e1k el\u00e9rni, javasoljuk az adott fel\u00fclethez speci\u00e1lis bevonataink haszn\u00e1lat\u00e1t.<\/p>\n","protected":false},"excerpt":{"rendered":"<p><strong>Rendk\u00edv\u00fcl hat\u00e9kony professzion\u00e1lis univerz\u00e1lis t\u00f6m\u00edt\u0151anyag &#8220;kem\u00e9ny&#8221;\/nem nedvsz\u00edv\u00f3 fel\u00fcletekhez, mint p\u00e9ld\u00e1ul:<\/strong><\/p>\n<p>\u2713 \u00dcveg<\/p>\n<p>\u2713 Ker\u00e1mia fel\u00fcletek<\/p>\n<p>\u2713 M\u0171anyag fel\u00fcletek<\/p>\n<p>\u2713 F\u00e9m fel\u00fcletek<\/p>\n<p>\u2713 K\u00f6nnyen tiszt\u00edthat\u00f3 hat\u00e1ssal<\/p>\n","protected":false},"featured_media":18219,"template":"","meta":{"_acf_changed":false,"neve_meta_sidebar":"","neve_meta_container":"","neve_meta_enable_content_width":"","neve_meta_content_width":0,"neve_meta_title_alignment":"","neve_meta_author_avatar":"","neve_post_elements_order":"","neve_meta_disable_header":"","neve_meta_disable_footer":"","neve_meta_disable_title":"","neve_meta_reading_time":"","_surfaces":[],"_ver_product_tabs":[],"footnotes":""},"product_brand":[],"product_cat":[2472],"product_tag":[],"class_list":{"0":"post-23575","1":"product","2":"type-product","3":"status-publish","4":"has-post-thumbnail","6":"product_cat-univerzalis-toemites","8":"first","9":"instock","10":"taxable","11":"shipping-taxable","12":"purchasable","13":"product-type-simple"},"acf":[],"yoast_head":"<!-- This site is optimized with the Yoast SEO Premium plugin v22.8 (Yoast SEO v27.5) - https:\/\/yoast.com\/product\/yoast-seo-premium-wordpress\/ -->\n<title>Univerz\u00e1lis t\u00f6m\u00edt\u00e9s 673 &quot;kem\u00e9ny&quot; \/ nem nedvsz\u00edv\u00f3 fel\u00fcletekhez (fest\u00e9k \/ m\u0171anyag +++, \u00fcveg \/ ker\u00e1mia ++, f\u00e9m \/ rozsdamentes ac\u00e9l ++) - versiegelung24.com<\/title>\n<meta name=\"robots\" content=\"index, follow, max-snippet:-1, max-image-preview:large, max-video-preview:-1\" \/>\n<link rel=\"canonical\" href=\"https:\/\/www.versiegelung24.com\/hu\/univerzalis-toemito-673-kemeny-nem-nedvszivo-felueletekhez-lakkokhoz-muanyag-ueveg-keramia-fem-rozsdamentes-acel.html\" \/>\n<meta property=\"og:locale\" content=\"hu_HU\" \/>\n<meta property=\"og:type\" content=\"article\" \/>\n<meta property=\"og:title\" content=\"Univerz\u00e1lis t\u00f6m\u00edt\u00e9s 673 &quot;kem\u00e9ny&quot; \/ nem nedvsz\u00edv\u00f3 fel\u00fcletekhez (fest\u00e9k \/ m\u0171anyag +++, \u00fcveg \/ ker\u00e1mia ++, f\u00e9m \/ rozsdamentes ac\u00e9l ++)\" \/>\n<meta property=\"og:description\" content=\"Rendk\u00edv\u00fcl hat\u00e9kony professzion\u00e1lis univerz\u00e1lis t\u00f6m\u00edt\u0151anyag &quot;kem\u00e9ny&quot;\/nem nedvsz\u00edv\u00f3 fel\u00fcletekhez, mint p\u00e9ld\u00e1ul: \u2713 \u00dcveg \u2713 Ker\u00e1mia fel\u00fcletek \u2713 M\u0171anyag fel\u00fcletek \u2713 F\u00e9m fel\u00fcletek \u2713 K\u00f6nnyen tiszt\u00edthat\u00f3 hat\u00e1ssal\" \/>\n<meta property=\"og:url\" content=\"https:\/\/www.versiegelung24.com\/hu\/univerzalis-toemito-673-kemeny-nem-nedvszivo-felueletekhez-lakkokhoz-muanyag-ueveg-keramia-fem-rozsdamentes-acel.html\" \/>\n<meta property=\"og:site_name\" content=\"versiegelung24.com\" \/>\n<meta property=\"article:modified_time\" content=\"2025-01-03T23:14:11+00:00\" \/>\n<meta property=\"og:image\" content=\"https:\/\/www.versiegelung24.com\/wp-content\/uploads\/2020\/06\/produkt-4004-673-1000-Universalversiegelung-673-scaled.jpg\" \/>\n\t<meta property=\"og:image:width\" content=\"2560\" \/>\n\t<meta property=\"og:image:height\" content=\"2560\" \/>\n\t<meta property=\"og:image:type\" content=\"image\/jpeg\" \/>\n<meta name=\"twitter:card\" content=\"summary_large_image\" \/>\n<meta name=\"twitter:label1\" content=\"\u00c1r\" \/>\n\t<meta name=\"twitter:data1\" content=\"99,00&euro;\" \/>\n\t<meta name=\"twitter:label2\" content=\"El\u00e9rhet\u0151s\u00e9g\" \/>\n\t<meta name=\"twitter:data2\" content=\"K\u00e9szleten\" \/>\n<script type=\"application\/ld+json\" class=\"yoast-schema-graph\">{\"@context\":\"https:\\\/\\\/schema.org\",\"@graph\":[{\"@type\":\"WebPage\",\"@id\":\"https:\\\/\\\/www.versiegelung24.com\\\/hu\\\/univerzalis-toemito-673-kemeny-nem-nedvszivo-felueletekhez-lakkokhoz-muanyag-ueveg-keramia-fem-rozsdamentes-acel.html\",\"url\":\"https:\\\/\\\/www.versiegelung24.com\\\/hu\\\/univerzalis-toemito-673-kemeny-nem-nedvszivo-felueletekhez-lakkokhoz-muanyag-ueveg-keramia-fem-rozsdamentes-acel.html\",\"name\":\"Univerz\u00e1lis t\u00f6m\u00edt\u00e9s 673 \\\"kem\u00e9ny\\\" \\\/ nem nedvsz\u00edv\u00f3 fel\u00fcletekhez (fest\u00e9k \\\/ m\u0171anyag +++, \u00fcveg \\\/ ker\u00e1mia ++, f\u00e9m \\\/ rozsdamentes ac\u00e9l ++) - versiegelung24.com\",\"isPartOf\":{\"@id\":\"https:\\\/\\\/www.versiegelung24.com\\\/hu\\\/#website\"},\"primaryImageOfPage\":{\"@id\":\"https:\\\/\\\/www.versiegelung24.com\\\/hu\\\/univerzalis-toemito-673-kemeny-nem-nedvszivo-felueletekhez-lakkokhoz-muanyag-ueveg-keramia-fem-rozsdamentes-acel.html#primaryimage\"},\"image\":{\"@id\":\"https:\\\/\\\/www.versiegelung24.com\\\/hu\\\/univerzalis-toemito-673-kemeny-nem-nedvszivo-felueletekhez-lakkokhoz-muanyag-ueveg-keramia-fem-rozsdamentes-acel.html#primaryimage\"},\"thumbnailUrl\":\"https:\\\/\\\/www.versiegelung24.com\\\/wp-content\\\/uploads\\\/2020\\\/06\\\/produkt-4004-673-1000-Universalversiegelung-673-scaled.jpg\",\"datePublished\":\"2021-08-02T19:45:42+00:00\",\"dateModified\":\"2025-01-03T23:14:11+00:00\",\"breadcrumb\":{\"@id\":\"https:\\\/\\\/www.versiegelung24.com\\\/hu\\\/univerzalis-toemito-673-kemeny-nem-nedvszivo-felueletekhez-lakkokhoz-muanyag-ueveg-keramia-fem-rozsdamentes-acel.html#breadcrumb\"},\"inLanguage\":\"hu\",\"potentialAction\":[{\"@type\":\"ReadAction\",\"target\":[\"https:\\\/\\\/www.versiegelung24.com\\\/hu\\\/univerzalis-toemito-673-kemeny-nem-nedvszivo-felueletekhez-lakkokhoz-muanyag-ueveg-keramia-fem-rozsdamentes-acel.html\"]}]},{\"@type\":\"ImageObject\",\"inLanguage\":\"hu\",\"@id\":\"https:\\\/\\\/www.versiegelung24.com\\\/hu\\\/univerzalis-toemito-673-kemeny-nem-nedvszivo-felueletekhez-lakkokhoz-muanyag-ueveg-keramia-fem-rozsdamentes-acel.html#primaryimage\",\"url\":\"https:\\\/\\\/www.versiegelung24.com\\\/wp-content\\\/uploads\\\/2020\\\/06\\\/produkt-4004-673-1000-Universalversiegelung-673-scaled.jpg\",\"contentUrl\":\"https:\\\/\\\/www.versiegelung24.com\\\/wp-content\\\/uploads\\\/2020\\\/06\\\/produkt-4004-673-1000-Universalversiegelung-673-scaled.jpg\",\"width\":2560,\"height\":2560},{\"@type\":\"BreadcrumbList\",\"@id\":\"https:\\\/\\\/www.versiegelung24.com\\\/hu\\\/univerzalis-toemito-673-kemeny-nem-nedvszivo-felueletekhez-lakkokhoz-muanyag-ueveg-keramia-fem-rozsdamentes-acel.html#breadcrumb\",\"itemListElement\":[{\"@type\":\"ListItem\",\"position\":1,\"name\":\"Honlap\",\"item\":\"https:\\\/\\\/www.versiegelung24.com\\\/hu\\\/elol\\\/\"},{\"@type\":\"ListItem\",\"position\":2,\"name\":\"\u00dczlet\",\"item\":\"https:\\\/\\\/www.versiegelung24.com\\\/hu\\\/uzlet\\\/\"},{\"@type\":\"ListItem\",\"position\":3,\"name\":\"Univerz\u00e1lis t\u00f6m\u00edt\u00e9s 673 &#8220;kem\u00e9ny&#8221; \\\/ nem nedvsz\u00edv\u00f3 fel\u00fcletekhez (fest\u00e9k \\\/ m\u0171anyag +++, \u00fcveg \\\/ ker\u00e1mia ++, f\u00e9m \\\/ rozsdamentes ac\u00e9l ++)\"}]},{\"@type\":\"WebSite\",\"@id\":\"https:\\\/\\\/www.versiegelung24.com\\\/hu\\\/#website\",\"url\":\"https:\\\/\\\/www.versiegelung24.com\\\/hu\\\/\",\"name\":\"versiegelung24.com\",\"description\":\"Fl\u00fcssigglas-Versiegelung - Made in Germany\",\"publisher\":{\"@id\":\"https:\\\/\\\/www.versiegelung24.com\\\/hu\\\/#organization\"},\"potentialAction\":[{\"@type\":\"SearchAction\",\"target\":{\"@type\":\"EntryPoint\",\"urlTemplate\":\"https:\\\/\\\/www.versiegelung24.com\\\/hu\\\/?s={search_term_string}\"},\"query-input\":{\"@type\":\"PropertyValueSpecification\",\"valueRequired\":true,\"valueName\":\"search_term_string\"}}],\"inLanguage\":\"hu\"},{\"@type\":\"Organization\",\"@id\":\"https:\\\/\\\/www.versiegelung24.com\\\/hu\\\/#organization\",\"name\":\"versiegelung24\",\"url\":\"https:\\\/\\\/www.versiegelung24.com\\\/hu\\\/\",\"logo\":{\"@type\":\"ImageObject\",\"inLanguage\":\"hu\",\"@id\":\"https:\\\/\\\/www.versiegelung24.com\\\/hu\\\/#\\\/schema\\\/logo\\\/image\\\/\",\"url\":\"https:\\\/\\\/www.versiegelung24.com\\\/wp-content\\\/uploads\\\/2020\\\/04\\\/versiegelung24.png\",\"contentUrl\":\"https:\\\/\\\/www.versiegelung24.com\\\/wp-content\\\/uploads\\\/2020\\\/04\\\/versiegelung24.png\",\"width\":470,\"height\":102,\"caption\":\"versiegelung24\"},\"image\":{\"@id\":\"https:\\\/\\\/www.versiegelung24.com\\\/hu\\\/#\\\/schema\\\/logo\\\/image\\\/\"}}]}<\/script>\n<meta property=\"product:price:amount\" content=\"99.00\" \/>\n<meta property=\"product:price:currency\" content=\"EUR\" \/>\n<meta property=\"og:availability\" content=\"instock\" \/>\n<meta property=\"product:availability\" content=\"instock\" \/>\n<meta property=\"product:retailer_item_id\" content=\"4004-673-1000\" \/>\n<meta property=\"product:condition\" content=\"new\" \/>\n<!-- \/ Yoast SEO Premium plugin. -->","yoast_head_json":{"title":"Univerz\u00e1lis t\u00f6m\u00edt\u00e9s 673 \"kem\u00e9ny\" \/ nem nedvsz\u00edv\u00f3 fel\u00fcletekhez (fest\u00e9k \/ m\u0171anyag +++, \u00fcveg \/ ker\u00e1mia ++, f\u00e9m \/ rozsdamentes ac\u00e9l ++) - versiegelung24.com","robots":{"index":"index","follow":"follow","max-snippet":"max-snippet:-1","max-image-preview":"max-image-preview:large","max-video-preview":"max-video-preview:-1"},"canonical":"https:\/\/www.versiegelung24.com\/hu\/univerzalis-toemito-673-kemeny-nem-nedvszivo-felueletekhez-lakkokhoz-muanyag-ueveg-keramia-fem-rozsdamentes-acel.html","og_locale":"hu_HU","og_type":"article","og_title":"Univerz\u00e1lis t\u00f6m\u00edt\u00e9s 673 \"kem\u00e9ny\" \/ nem nedvsz\u00edv\u00f3 fel\u00fcletekhez (fest\u00e9k \/ m\u0171anyag +++, \u00fcveg \/ ker\u00e1mia ++, f\u00e9m \/ rozsdamentes ac\u00e9l ++)","og_description":"Rendk\u00edv\u00fcl hat\u00e9kony professzion\u00e1lis univerz\u00e1lis t\u00f6m\u00edt\u0151anyag \"kem\u00e9ny\"\/nem nedvsz\u00edv\u00f3 fel\u00fcletekhez, mint p\u00e9ld\u00e1ul: \u2713 \u00dcveg \u2713 Ker\u00e1mia fel\u00fcletek \u2713 M\u0171anyag fel\u00fcletek \u2713 F\u00e9m fel\u00fcletek \u2713 K\u00f6nnyen tiszt\u00edthat\u00f3 hat\u00e1ssal","og_url":"https:\/\/www.versiegelung24.com\/hu\/univerzalis-toemito-673-kemeny-nem-nedvszivo-felueletekhez-lakkokhoz-muanyag-ueveg-keramia-fem-rozsdamentes-acel.html","og_site_name":"versiegelung24.com","article_modified_time":"2025-01-03T23:14:11+00:00","og_image":[{"width":2560,"height":2560,"url":"https:\/\/www.versiegelung24.com\/wp-content\/uploads\/2020\/06\/produkt-4004-673-1000-Universalversiegelung-673-scaled.jpg","type":"image\/jpeg"}],"twitter_card":"summary_large_image","twitter_misc":{"\u00c1r":"99,00&euro;","El\u00e9rhet\u0151s\u00e9g":"K\u00e9szleten"},"schema":{"@context":"https:\/\/schema.org","@graph":[{"@type":"WebPage","@id":"https:\/\/www.versiegelung24.com\/hu\/univerzalis-toemito-673-kemeny-nem-nedvszivo-felueletekhez-lakkokhoz-muanyag-ueveg-keramia-fem-rozsdamentes-acel.html","url":"https:\/\/www.versiegelung24.com\/hu\/univerzalis-toemito-673-kemeny-nem-nedvszivo-felueletekhez-lakkokhoz-muanyag-ueveg-keramia-fem-rozsdamentes-acel.html","name":"Univerz\u00e1lis t\u00f6m\u00edt\u00e9s 673 \"kem\u00e9ny\" \/ nem nedvsz\u00edv\u00f3 fel\u00fcletekhez (fest\u00e9k \/ m\u0171anyag +++, \u00fcveg \/ ker\u00e1mia ++, f\u00e9m \/ rozsdamentes ac\u00e9l ++) - versiegelung24.com","isPartOf":{"@id":"https:\/\/www.versiegelung24.com\/hu\/#website"},"primaryImageOfPage":{"@id":"https:\/\/www.versiegelung24.com\/hu\/univerzalis-toemito-673-kemeny-nem-nedvszivo-felueletekhez-lakkokhoz-muanyag-ueveg-keramia-fem-rozsdamentes-acel.html#primaryimage"},"image":{"@id":"https:\/\/www.versiegelung24.com\/hu\/univerzalis-toemito-673-kemeny-nem-nedvszivo-felueletekhez-lakkokhoz-muanyag-ueveg-keramia-fem-rozsdamentes-acel.html#primaryimage"},"thumbnailUrl":"https:\/\/www.versiegelung24.com\/wp-content\/uploads\/2020\/06\/produkt-4004-673-1000-Universalversiegelung-673-scaled.jpg","datePublished":"2021-08-02T19:45:42+00:00","dateModified":"2025-01-03T23:14:11+00:00","breadcrumb":{"@id":"https:\/\/www.versiegelung24.com\/hu\/univerzalis-toemito-673-kemeny-nem-nedvszivo-felueletekhez-lakkokhoz-muanyag-ueveg-keramia-fem-rozsdamentes-acel.html#breadcrumb"},"inLanguage":"hu","potentialAction":[{"@type":"ReadAction","target":["https:\/\/www.versiegelung24.com\/hu\/univerzalis-toemito-673-kemeny-nem-nedvszivo-felueletekhez-lakkokhoz-muanyag-ueveg-keramia-fem-rozsdamentes-acel.html"]}]},{"@type":"ImageObject","inLanguage":"hu","@id":"https:\/\/www.versiegelung24.com\/hu\/univerzalis-toemito-673-kemeny-nem-nedvszivo-felueletekhez-lakkokhoz-muanyag-ueveg-keramia-fem-rozsdamentes-acel.html#primaryimage","url":"https:\/\/www.versiegelung24.com\/wp-content\/uploads\/2020\/06\/produkt-4004-673-1000-Universalversiegelung-673-scaled.jpg","contentUrl":"https:\/\/www.versiegelung24.com\/wp-content\/uploads\/2020\/06\/produkt-4004-673-1000-Universalversiegelung-673-scaled.jpg","width":2560,"height":2560},{"@type":"BreadcrumbList","@id":"https:\/\/www.versiegelung24.com\/hu\/univerzalis-toemito-673-kemeny-nem-nedvszivo-felueletekhez-lakkokhoz-muanyag-ueveg-keramia-fem-rozsdamentes-acel.html#breadcrumb","itemListElement":[{"@type":"ListItem","position":1,"name":"Honlap","item":"https:\/\/www.versiegelung24.com\/hu\/elol\/"},{"@type":"ListItem","position":2,"name":"\u00dczlet","item":"https:\/\/www.versiegelung24.com\/hu\/uzlet\/"},{"@type":"ListItem","position":3,"name":"Univerz\u00e1lis t\u00f6m\u00edt\u00e9s 673 &#8220;kem\u00e9ny&#8221; \/ nem nedvsz\u00edv\u00f3 fel\u00fcletekhez (fest\u00e9k \/ m\u0171anyag +++, \u00fcveg \/ ker\u00e1mia ++, f\u00e9m \/ rozsdamentes ac\u00e9l ++)"}]},{"@type":"WebSite","@id":"https:\/\/www.versiegelung24.com\/hu\/#website","url":"https:\/\/www.versiegelung24.com\/hu\/","name":"versiegelung24.com","description":"Fl\u00fcssigglas-Versiegelung - Made in Germany","publisher":{"@id":"https:\/\/www.versiegelung24.com\/hu\/#organization"},"potentialAction":[{"@type":"SearchAction","target":{"@type":"EntryPoint","urlTemplate":"https:\/\/www.versiegelung24.com\/hu\/?s={search_term_string}"},"query-input":{"@type":"PropertyValueSpecification","valueRequired":true,"valueName":"search_term_string"}}],"inLanguage":"hu"},{"@type":"Organization","@id":"https:\/\/www.versiegelung24.com\/hu\/#organization","name":"versiegelung24","url":"https:\/\/www.versiegelung24.com\/hu\/","logo":{"@type":"ImageObject","inLanguage":"hu","@id":"https:\/\/www.versiegelung24.com\/hu\/#\/schema\/logo\/image\/","url":"https:\/\/www.versiegelung24.com\/wp-content\/uploads\/2020\/04\/versiegelung24.png","contentUrl":"https:\/\/www.versiegelung24.com\/wp-content\/uploads\/2020\/04\/versiegelung24.png","width":470,"height":102,"caption":"versiegelung24"},"image":{"@id":"https:\/\/www.versiegelung24.com\/hu\/#\/schema\/logo\/image\/"}}]},"product_price_amount":"99.00","product_price_currency":"EUR","og_availability":"instock","product_availability":"instock","product_retailer_item_id":"4004-673-1000","product_condition":"new"},"_links":{"self":[{"href":"https:\/\/www.versiegelung24.com\/hu\/wp-json\/wp\/v2\/product\/23575","targetHints":{"allow":["GET"]}}],"collection":[{"href":"https:\/\/www.versiegelung24.com\/hu\/wp-json\/wp\/v2\/product"}],"about":[{"href":"https:\/\/www.versiegelung24.com\/hu\/wp-json\/wp\/v2\/types\/product"}],"version-history":[{"count":17,"href":"https:\/\/www.versiegelung24.com\/hu\/wp-json\/wp\/v2\/product\/23575\/revisions"}],"predecessor-version":[{"id":177913,"href":"https:\/\/www.versiegelung24.com\/hu\/wp-json\/wp\/v2\/product\/23575\/revisions\/177913"}],"wp:featuredmedia":[{"embeddable":true,"href":"https:\/\/www.versiegelung24.com\/hu\/wp-json\/wp\/v2\/media\/18219"}],"wp:attachment":[{"href":"https:\/\/www.versiegelung24.com\/hu\/wp-json\/wp\/v2\/media?parent=23575"}],"wp:term":[{"taxonomy":"product_brand","embeddable":true,"href":"https:\/\/www.versiegelung24.com\/hu\/wp-json\/wp\/v2\/product_brand?post=23575"},{"taxonomy":"product_cat","embeddable":true,"href":"https:\/\/www.versiegelung24.com\/hu\/wp-json\/wp\/v2\/product_cat?post=23575"},{"taxonomy":"product_tag","embeddable":true,"href":"https:\/\/www.versiegelung24.com\/hu\/wp-json\/wp\/v2\/product_tag?post=23575"}],"curies":[{"name":"wp","href":"https:\/\/api.w.org\/{rel}","templated":true}]}}