{"id":23628,"date":"2020-04-04T18:53:41","date_gmt":"2020-04-04T16:53:41","guid":{"rendered":"https:\/\/www.versiegelung24.com\/produkt\/bioetanol-966-professzionalis-elotisztitashoz"},"modified":"2025-01-13T17:00:04","modified_gmt":"2025-01-13T16:00:04","slug":"bioetanol-966-professzionalis-elozetes-tisztitashoz","status":"publish","type":"product","link":"https:\/\/www.versiegelung24.com\/hu\/bioetanol-966-professzionalis-elozetes-tisztitashoz.html","title":{"rendered":"Bioetanol 96,6% professzion\u00e1lis el\u0151tiszt\u00edt\u00e1shoz"},"content":{"rendered":"\n<h4 class=\"wp-block-heading\" id=\"h-beschreibung\">A le\u00edr\u00e1s a<\/h4>\n\n<p>M\u0171szaki min\u0151s\u00e9g\u0171 bioetanol 96,6% nem nedvsz\u00edv\u00f3 fel\u00fcletek alapos el\u0151tiszt\u00edt\u00e1s\u00e1ra \u00e9s zs\u00edrtalan\u00edt\u00e1s\u00e1ra alkalmas. <\/p>\n\n<p>Nagyon j\u00f3l haszn\u00e1lhat\u00f3 biol\u00f3giai, marad\u00e9kmentes <a href=\"https:\/\/www.versiegelung24.com\/hu\/biosativa-biologiai-elotisztito.html\">BIOSATIVA<\/a> \u00ae el\u0151tiszt\u00edt\u00f3nkkal egy\u00fctt pl. \u00fcveg, ker\u00e1mia, festett fel\u00fcletek el\u0151k\u00e9sz\u00edt\u00e9s\u00e9re fel\u00fcleti t\u00f6m\u00edt\u00e9seink felvitel\u00e9re.<\/p>\n\n<hr \/>\n\n<h4 class=\"wp-block-heading\" id=\"properties\">A term\u00e9k jellemz\u0151i<\/h4>\n\n<p>\u2713 100%-ban kukoric\u00e1b\u00f3l \u00e9s cukorr\u00e9p\u00e1b\u00f3l k\u00e9sz\u00fclt bioetanol<\/p>\n\n<p>\u2713 Region\u00e1lis termel\u00e9s Eur\u00f3p\u00e1b\u00f3l sz\u00e1rmaz\u00f3 \u00f6sszetev\u0151kkel<\/p>\n\n<p>\u2713 Magas eur\u00f3pai ir\u00e1nyelvek szerinti gy\u00e1rt\u00e1s<\/p>\n\n<p>\u2713 Biztons\u00e1g \u00e9s min\u0151s\u00e9g magas sz\u00ednvonalon<\/p>\n\n<p>Nagy tisztas\u00e1g\u00fa, 1% MEK, 1% izopropanol \u00e9s Bitrex teljesen denatur\u00e1lt bioetanol 96,6% (etil\u00e9n-alkohol) fenntarthat\u00f3 termel\u00e9sb\u0151l (biomassza).<\/p>\n\n<hr \/>\n\n<h4 class=\"wp-block-heading\" id=\"application\">Alkalmaz\u00e1s<\/h4>\n\n<p>A sima, nem nedvsz\u00edv\u00f3 fel\u00fcletek tiszt\u00edt\u00e1s\u00e1hoz k\u00e9t l\u00e9p\u00e9sben javasoljuk a tiszt\u00edt\u00e1st:<\/p>\n\n<p>1. A fel\u00fclet intenz\u00edv el\u0151tiszt\u00edt\u00e1sa hagyom\u00e1nyos marad\u00e9kmentes tiszt\u00edt\u00f3szerrel vagy <a href=\"https:\/\/www.versiegelung24.com\/hu\/biosativa-biologiai-elotisztito.html\">BIOSATIVA<\/a> <a href=\"https:\/\/www.versiegelung24.com\/biosativa-biologischer-vorreiniger.html\">\u00ae<\/a> biol\u00f3giai tiszt\u00edt\u00f3koncentr\u00e1tumunkkal<\/p>\n\n<p>2. A tiszt\u00edt\u00e1si folyamat befejez\u00e9se ut\u00e1n ism\u00e9t tiszt\u00edtsa meg a fel\u00fcletet 96,6%-os bioetanollal, hogy minden szennyez\u0151d\u00e9s elt\u00e1vol\u00edthat\u00f3 legyen \u00e9s a fel\u00fclet teljesen zs\u00edrmentes legyen. Ism\u00e9telje meg ezt a folyamatot, am\u00edg a mikrosz\u00e1las kend\u0151n m\u00e1r nem marad szennyez\u0151d\u00e9s.<\/p>\n\n<p>A fel\u00fcleten tal\u00e1lhat\u00f3 alkoholmaradv\u00e1nyok r\u00f6vid p\u00e1rolg\u00e1si ideje ut\u00e1n megkezd\u0151dhet nanobevonataink \u00e9s impregn\u00e1l\u00e1saink felhord\u00e1sa.<\/p>\n\n<p><em>Alapvet\u0151en minden fel\u00fclettiszt\u00edt\u00e1sn\u00e1l \u00e9s t\u00f6m\u00edt\u00e9sn\u00e9l mindig egy nem felt\u0171n\u0151 helyen kell egy tesztet v\u00e9gezni annak meg\u00e1llap\u00edt\u00e1s\u00e1ra, hogy a fel\u00fclet kompatibilis-e a haszn\u00e1lt szerekkel.<\/em><\/p>\n\n<hr \/>\n\n<h4 class=\"wp-block-heading\" id=\"advisor\">Tan\u00e1csad\u00f3<\/h4>\n\n<p><strong>Bio-Ethanol 96,6% &#8211; t\u00f6k\u00e9letes asztali kandall\u00f3khoz<\/strong><\/p>\n\n<p>B\u00e1rmennyire is elt\u00e9r\u0151 az \u00edzl\u00e9s\u00fcnk, az etanolos kandall\u00f3k sok h\u00e1ztart\u00e1sban n\u00e9lk\u00fcl\u00f6zhetetlenekk\u00e9 v\u00e1ltak. Az 1 literes palackok t\u00f6k\u00e9letesek alkalmi felhaszn\u00e1l\u00f3knak vagy el\u0151sz\u00f6r haszn\u00e1l\u00f3knak, akik szeretn\u00e9nek megismerkedni etanolos kandall\u00f3jukkal vagy foly\u00e9kony bio-etanol \u00fczemanyagunkkal.<\/p>\n\n<p><strong>Mennyi ideig tart 1 liter bioetanol?<\/strong><\/p>\n\n<p>1 liter 96,6%-os bioetanol \u00e1tlagos \u00e9g\u00e9si ideje 2-3 \u00f3ra. De ezt nem lehet pontosan megmondani, mert az \u00e9g\u00e9si id\u0151 att\u00f3l f\u00fcgg, hogy milyen fel\u00fcleten \u00e9g a folyad\u00e9k. Min\u00e9l nagyobb a ter\u00fclet, ann\u00e1l gyorsabban \u00e9g el a pr\u00e9mium bioetanol.<\/p>\n\n<hr \/>\n\n<h4 class=\"wp-block-heading\" id=\"faq\">GYIK<\/h4>\n\n<div class=\"schema-faq wp-block-yoast-faq-block\"><div class=\"schema-faq-section\" id=\"faq-question-1645793617330\"><strong class=\"schema-faq-question\">A bioetanol enged\u00e9lyezett az orvosi szektorban?<\/strong> <p class=\"schema-faq-answer\">Nem! Ha fel\u00fcletfert\u0151tlen\u00edt\u0151t keres, itt tal\u00e1l tov\u00e1bbi inform\u00e1ci\u00f3t: <a href=\"https:\/\/www.versiegelung24.com\/desinfektionsmittel\/\">A fert\u0151tlen\u00edt\u0151szerek \u00e1ttekint\u00e9se<\/a><\/p> <\/div> <div class=\"schema-faq-section\" id=\"faq-question-1645793819353\"><strong class=\"schema-faq-question\">Mennyire vesz\u00e9lyes a bioetanol?<\/strong> <p class=\"schema-faq-answer\">Az \u00e9g\u00e9s sor\u00e1n v\u00edzg\u0151z (H2O) \u00e9s sz\u00e9n-dioxid (CO2) keletkezik, ak\u00e1rcsak l\u00e9gz\u00e9skor. A 96,6%-os bioetanol szagtalanul \u00e9s marad\u00e9k n\u00e9lk\u00fcl \u00e9g. A kandall\u00f3ban t\u00f6rt\u00e9n\u0151 haszn\u00e1lat sor\u00e1n mindig be kell tartani a pontos vesz\u00e9lyre vonatkoz\u00f3 figyelmeztet\u00e9seket!<br>A 96,6%-os bioetanol nagyon gy\u00fal\u00e9kony. Tiszt\u00edt\u00f3szerk\u00e9nt haszn\u00e1lva k\u00f6nnyen \u00e9ghet\u0151 g\u00e1zok keletkeznek. <br><\/p> <\/div> <div class=\"schema-faq-section\" id=\"faq-question-1645794918526\"><strong class=\"schema-faq-question\">A (tiszt\u00edt\u00f3szerk\u00e9nt haszn\u00e1lt) bioetanol megt\u00e1madhatja a fel\u00fcleteket?<\/strong> <p class=\"schema-faq-answer\">Itt k\u00fcl\u00f6n\u00f6sen a m\u0171anyagok eset\u00e9ben kell \u00fcgyelni. A puha m\u0171anyagok, p\u00e9ld\u00e1ul t\u00f6m\u00edt\u00e9sek \u00e9s t\u00f6ml\u0151k reakci\u00f3ba l\u00e9phetnek a l\u00e1gy\u00edt\u00f3szerekkel, \u00e9s k\u00e1ros\u00edthatj\u00e1k a fel\u00fcleteket vagy anyagokat.<br><br>Alapvet\u0151en a fel\u00fclet tiszt\u00edt\u00e1s\u00e1n\u00e1l el\u0151sz\u00f6r mindig egy nem felt\u0171n\u0151 helyen kell egy pr\u00f3b\u00e1t v\u00e9gezni.<\/p> <\/div> <\/div>\n","protected":false},"excerpt":{"rendered":"<p>\u2713 100%-ban kukoric\u00e1b\u00f3l \u00e9s cukorr\u00e9p\u00e1b\u00f3l k\u00e9sz\u00fclt bioetanol<\/p>\n<p>\u2713 Region\u00e1lis termel\u00e9s Eur\u00f3p\u00e1b\u00f3l sz\u00e1rmaz\u00f3 \u00f6sszetev\u0151kkel<\/p>\n<p>\u2713 Magas eur\u00f3pai ir\u00e1nyelvek szerinti gy\u00e1rt\u00e1s<\/p>\n<p>\u2713 Biztons\u00e1g \u00e9s min\u0151s\u00e9g magas sz\u00ednvonalon<\/p>\n","protected":false},"featured_media":65154,"template":"","meta":{"_acf_changed":false,"neve_meta_sidebar":"","neve_meta_container":"","neve_meta_enable_content_width":"","neve_meta_content_width":0,"neve_meta_title_alignment":"","neve_meta_author_avatar":"","neve_post_elements_order":"","neve_meta_disable_header":"","neve_meta_disable_footer":"","neve_meta_disable_title":"","neve_meta_reading_time":"","_surfaces":[],"_ver_product_tabs":[],"footnotes":""},"product_brand":[],"product_cat":[2613,2229,2322,2324,2327],"product_tag":[],"class_list":{"0":"post-23628","1":"product","2":"type-product","3":"status-publish","4":"has-post-thumbnail","6":"product_cat-bioetanol-hu","7":"product_cat-auto-toemitese","8":"product_cat-toemites-ueveghez-es-keramiahoz","9":"product_cat-fem-es-muanyag-toemites","10":"product_cat-tisztito-szerek","12":"first","13":"instock","14":"taxable","15":"shipping-taxable","16":"purchasable","17":"product-type-simple"},"acf":[],"yoast_head":"<!-- This site is optimized with the Yoast SEO Premium plugin v22.8 (Yoast SEO v27.5) - https:\/\/yoast.com\/product\/yoast-seo-premium-wordpress\/ -->\n<title>Bioetanol 96,6% professzion\u00e1lis el\u0151tiszt\u00edt\u00e1shoz - versiegelung24.com<\/title>\n<meta name=\"robots\" content=\"index, follow, max-snippet:-1, max-image-preview:large, max-video-preview:-1\" \/>\n<link rel=\"canonical\" href=\"https:\/\/www.versiegelung24.com\/hu\/bioetanol-966-professzionalis-elozetes-tisztitashoz.html\" \/>\n<meta property=\"og:locale\" content=\"hu_HU\" \/>\n<meta property=\"og:type\" content=\"article\" \/>\n<meta property=\"og:title\" content=\"Bioetanol 96,6% professzion\u00e1lis el\u0151tiszt\u00edt\u00e1shoz\" \/>\n<meta property=\"og:description\" content=\"\u2713 100%-ban kukoric\u00e1b\u00f3l \u00e9s cukorr\u00e9p\u00e1b\u00f3l k\u00e9sz\u00fclt bioetanol \u2713 Region\u00e1lis termel\u00e9s Eur\u00f3p\u00e1b\u00f3l sz\u00e1rmaz\u00f3 \u00f6sszetev\u0151kkel \u2713 Magas eur\u00f3pai ir\u00e1nyelvek szerinti gy\u00e1rt\u00e1s \u2713 Biztons\u00e1g \u00e9s min\u0151s\u00e9g magas sz\u00ednvonalon\" \/>\n<meta property=\"og:url\" content=\"https:\/\/www.versiegelung24.com\/hu\/bioetanol-966-professzionalis-elozetes-tisztitashoz.html\" \/>\n<meta property=\"og:site_name\" content=\"versiegelung24.com\" \/>\n<meta property=\"article:modified_time\" content=\"2025-01-13T16:00:04+00:00\" \/>\n<meta property=\"og:image\" content=\"https:\/\/www.versiegelung24.com\/wp-content\/uploads\/2020\/04\/produkt_9100-950-1000-bioethanol-flasche.jpeg\" \/>\n\t<meta property=\"og:image:width\" content=\"2560\" \/>\n\t<meta property=\"og:image:height\" content=\"2560\" \/>\n\t<meta property=\"og:image:type\" content=\"image\/jpeg\" \/>\n<meta name=\"twitter:card\" content=\"summary_large_image\" \/>\n<meta name=\"twitter:label1\" content=\"\u00c1r\" \/>\n\t<meta name=\"twitter:data1\" content=\"9,99&euro;\" \/>\n\t<meta name=\"twitter:label2\" content=\"El\u00e9rhet\u0151s\u00e9g\" \/>\n\t<meta name=\"twitter:data2\" content=\"K\u00e9szleten\" \/>\n<script type=\"application\/ld+json\" class=\"yoast-schema-graph\">{\"@context\":\"https:\\\/\\\/schema.org\",\"@graph\":[{\"@type\":[\"WebPage\",\"FAQPage\"],\"@id\":\"https:\\\/\\\/www.versiegelung24.com\\\/hu\\\/bioetanol-966-professzionalis-elozetes-tisztitashoz.html\",\"url\":\"https:\\\/\\\/www.versiegelung24.com\\\/hu\\\/bioetanol-966-professzionalis-elozetes-tisztitashoz.html\",\"name\":\"Bioetanol 96,6% professzion\u00e1lis el\u0151tiszt\u00edt\u00e1shoz - versiegelung24.com\",\"isPartOf\":{\"@id\":\"https:\\\/\\\/www.versiegelung24.com\\\/hu\\\/#website\"},\"primaryImageOfPage\":{\"@id\":\"https:\\\/\\\/www.versiegelung24.com\\\/hu\\\/bioetanol-966-professzionalis-elozetes-tisztitashoz.html#primaryimage\"},\"image\":{\"@id\":\"https:\\\/\\\/www.versiegelung24.com\\\/hu\\\/bioetanol-966-professzionalis-elozetes-tisztitashoz.html#primaryimage\"},\"thumbnailUrl\":\"https:\\\/\\\/www.versiegelung24.com\\\/wp-content\\\/uploads\\\/2020\\\/04\\\/produkt_9100-950-1000-bioethanol-flasche.jpeg\",\"datePublished\":\"2020-04-04T16:53:41+00:00\",\"dateModified\":\"2025-01-13T16:00:04+00:00\",\"breadcrumb\":{\"@id\":\"https:\\\/\\\/www.versiegelung24.com\\\/hu\\\/bioetanol-966-professzionalis-elozetes-tisztitashoz.html#breadcrumb\"},\"mainEntity\":[{\"@id\":\"https:\\\/\\\/www.versiegelung24.com\\\/hu\\\/bioetanol-966-professzionalis-elozetes-tisztitashoz.html#faq-question-1645793617330\"},{\"@id\":\"https:\\\/\\\/www.versiegelung24.com\\\/hu\\\/bioetanol-966-professzionalis-elozetes-tisztitashoz.html#faq-question-1645793819353\"},{\"@id\":\"https:\\\/\\\/www.versiegelung24.com\\\/hu\\\/bioetanol-966-professzionalis-elozetes-tisztitashoz.html#faq-question-1645794918526\"}],\"inLanguage\":\"hu\",\"potentialAction\":[{\"@type\":\"ReadAction\",\"target\":[\"https:\\\/\\\/www.versiegelung24.com\\\/hu\\\/bioetanol-966-professzionalis-elozetes-tisztitashoz.html\"]}]},{\"@type\":\"ImageObject\",\"inLanguage\":\"hu\",\"@id\":\"https:\\\/\\\/www.versiegelung24.com\\\/hu\\\/bioetanol-966-professzionalis-elozetes-tisztitashoz.html#primaryimage\",\"url\":\"https:\\\/\\\/www.versiegelung24.com\\\/wp-content\\\/uploads\\\/2020\\\/04\\\/produkt_9100-950-1000-bioethanol-flasche.jpeg\",\"contentUrl\":\"https:\\\/\\\/www.versiegelung24.com\\\/wp-content\\\/uploads\\\/2020\\\/04\\\/produkt_9100-950-1000-bioethanol-flasche.jpeg\",\"width\":2560,\"height\":2560},{\"@type\":\"BreadcrumbList\",\"@id\":\"https:\\\/\\\/www.versiegelung24.com\\\/hu\\\/bioetanol-966-professzionalis-elozetes-tisztitashoz.html#breadcrumb\",\"itemListElement\":[{\"@type\":\"ListItem\",\"position\":1,\"name\":\"Honlap\",\"item\":\"https:\\\/\\\/www.versiegelung24.com\\\/hu\\\/elol\\\/\"},{\"@type\":\"ListItem\",\"position\":2,\"name\":\"\u00dczlet\",\"item\":\"https:\\\/\\\/www.versiegelung24.com\\\/hu\\\/uzlet\\\/\"},{\"@type\":\"ListItem\",\"position\":3,\"name\":\"Bioetanol 96,6% professzion\u00e1lis el\u0151tiszt\u00edt\u00e1shoz\"}]},{\"@type\":\"WebSite\",\"@id\":\"https:\\\/\\\/www.versiegelung24.com\\\/hu\\\/#website\",\"url\":\"https:\\\/\\\/www.versiegelung24.com\\\/hu\\\/\",\"name\":\"versiegelung24.com\",\"description\":\"Fl\u00fcssigglas-Versiegelung - Made in Germany\",\"publisher\":{\"@id\":\"https:\\\/\\\/www.versiegelung24.com\\\/hu\\\/#organization\"},\"potentialAction\":[{\"@type\":\"SearchAction\",\"target\":{\"@type\":\"EntryPoint\",\"urlTemplate\":\"https:\\\/\\\/www.versiegelung24.com\\\/hu\\\/?s={search_term_string}\"},\"query-input\":{\"@type\":\"PropertyValueSpecification\",\"valueRequired\":true,\"valueName\":\"search_term_string\"}}],\"inLanguage\":\"hu\"},{\"@type\":\"Organization\",\"@id\":\"https:\\\/\\\/www.versiegelung24.com\\\/hu\\\/#organization\",\"name\":\"versiegelung24\",\"url\":\"https:\\\/\\\/www.versiegelung24.com\\\/hu\\\/\",\"logo\":{\"@type\":\"ImageObject\",\"inLanguage\":\"hu\",\"@id\":\"https:\\\/\\\/www.versiegelung24.com\\\/hu\\\/#\\\/schema\\\/logo\\\/image\\\/\",\"url\":\"https:\\\/\\\/www.versiegelung24.com\\\/wp-content\\\/uploads\\\/2020\\\/04\\\/versiegelung24.png\",\"contentUrl\":\"https:\\\/\\\/www.versiegelung24.com\\\/wp-content\\\/uploads\\\/2020\\\/04\\\/versiegelung24.png\",\"width\":470,\"height\":102,\"caption\":\"versiegelung24\"},\"image\":{\"@id\":\"https:\\\/\\\/www.versiegelung24.com\\\/hu\\\/#\\\/schema\\\/logo\\\/image\\\/\"}},{\"@type\":\"Question\",\"@id\":\"https:\\\/\\\/www.versiegelung24.com\\\/hu\\\/bioetanol-966-professzionalis-elozetes-tisztitashoz.html#faq-question-1645793617330\",\"position\":1,\"url\":\"https:\\\/\\\/www.versiegelung24.com\\\/hu\\\/bioetanol-966-professzionalis-elozetes-tisztitashoz.html#faq-question-1645793617330\",\"name\":\"Ist Bioethanol f\u00fcr den medizinischen Bereich zugelassen?\",\"answerCount\":1,\"acceptedAnswer\":{\"@type\":\"Answer\",\"text\":\"Nein! Wenn Sie ein Fl\u00e4chendesinfektionsmittel suchen, finden Sie weitere Informationen hier: <a href=\\\"https:\\\/\\\/www.versiegelung24.com\\\/desinfektionsmittel\\\/\\\">\u00dcbersicht Desinfektionsmittel<\\\/a>\",\"inLanguage\":\"hu\"},\"inLanguage\":\"hu\"},{\"@type\":\"Question\",\"@id\":\"https:\\\/\\\/www.versiegelung24.com\\\/hu\\\/bioetanol-966-professzionalis-elozetes-tisztitashoz.html#faq-question-1645793819353\",\"position\":2,\"url\":\"https:\\\/\\\/www.versiegelung24.com\\\/hu\\\/bioetanol-966-professzionalis-elozetes-tisztitashoz.html#faq-question-1645793819353\",\"name\":\"Wie gef\u00e4hrlich ist Bioethanol?\",\"answerCount\":1,\"acceptedAnswer\":{\"@type\":\"Answer\",\"text\":\"Bei der Verbrennung entstehen genau wie bei unserer Atmung Wasserdampf (H2O) und Kohlendioxid (CO2). Bioethanol 96,6% verbrennt geruchs- und r\u00fcckstandsfrei. Bei Nutzung in Feuerstellen sind stets die genauen Gefahrenhinweise zu beachten!<br \\\/>Bioethanol 96,6% ist leicht entz\u00fcndlich. Bei der Nutzung als Reiniger entstehen leicht brennbare Gase. <br \\\/>\",\"inLanguage\":\"hu\"},\"inLanguage\":\"hu\"},{\"@type\":\"Question\",\"@id\":\"https:\\\/\\\/www.versiegelung24.com\\\/hu\\\/bioetanol-966-professzionalis-elozetes-tisztitashoz.html#faq-question-1645794918526\",\"position\":3,\"url\":\"https:\\\/\\\/www.versiegelung24.com\\\/hu\\\/bioetanol-966-professzionalis-elozetes-tisztitashoz.html#faq-question-1645794918526\",\"name\":\"Kann Bioethanol (als Reiniger eingesetzt) Oberfl\u00e4chen angreifen?\",\"answerCount\":1,\"acceptedAnswer\":{\"@type\":\"Answer\",\"text\":\"Besonders bei Kunststoffen ist hier mit Achtsamkeit vor zu gehen. Weiche Kunststoffe wie z.B. bei Dichtungen und Schl\u00e4uchen kann dieser mit den Weichmachern reagieren und Oberfl\u00e4chen bzw. Materialien sch\u00e4digen.<br \\\/><br \\\/>Grunds\u00e4tzlich sollte bei der Oberfl\u00e4chenreinigung immer erst ein Test an unauff\u00e4lliger Stelle durchgef\u00fchrt werden.\",\"inLanguage\":\"hu\"},\"inLanguage\":\"hu\"}]}<\/script>\n<meta property=\"product:price:amount\" content=\"9.99\" \/>\n<meta property=\"product:price:currency\" content=\"EUR\" \/>\n<meta property=\"og:availability\" content=\"instock\" \/>\n<meta property=\"product:availability\" content=\"instock\" \/>\n<meta property=\"product:retailer_item_id\" content=\"9100-BE96-1\" \/>\n<meta property=\"product:condition\" content=\"new\" \/>\n<!-- \/ Yoast SEO Premium plugin. -->","yoast_head_json":{"title":"Bioetanol 96,6% professzion\u00e1lis el\u0151tiszt\u00edt\u00e1shoz - versiegelung24.com","robots":{"index":"index","follow":"follow","max-snippet":"max-snippet:-1","max-image-preview":"max-image-preview:large","max-video-preview":"max-video-preview:-1"},"canonical":"https:\/\/www.versiegelung24.com\/hu\/bioetanol-966-professzionalis-elozetes-tisztitashoz.html","og_locale":"hu_HU","og_type":"article","og_title":"Bioetanol 96,6% professzion\u00e1lis el\u0151tiszt\u00edt\u00e1shoz","og_description":"\u2713 100%-ban kukoric\u00e1b\u00f3l \u00e9s cukorr\u00e9p\u00e1b\u00f3l k\u00e9sz\u00fclt bioetanol \u2713 Region\u00e1lis termel\u00e9s Eur\u00f3p\u00e1b\u00f3l sz\u00e1rmaz\u00f3 \u00f6sszetev\u0151kkel \u2713 Magas eur\u00f3pai ir\u00e1nyelvek szerinti gy\u00e1rt\u00e1s \u2713 Biztons\u00e1g \u00e9s min\u0151s\u00e9g magas sz\u00ednvonalon","og_url":"https:\/\/www.versiegelung24.com\/hu\/bioetanol-966-professzionalis-elozetes-tisztitashoz.html","og_site_name":"versiegelung24.com","article_modified_time":"2025-01-13T16:00:04+00:00","og_image":[{"width":2560,"height":2560,"url":"https:\/\/www.versiegelung24.com\/wp-content\/uploads\/2020\/04\/produkt_9100-950-1000-bioethanol-flasche.jpeg","type":"image\/jpeg"}],"twitter_card":"summary_large_image","twitter_misc":{"\u00c1r":"9,99&euro;","El\u00e9rhet\u0151s\u00e9g":"K\u00e9szleten"},"schema":{"@context":"https:\/\/schema.org","@graph":[{"@type":["WebPage","FAQPage"],"@id":"https:\/\/www.versiegelung24.com\/hu\/bioetanol-966-professzionalis-elozetes-tisztitashoz.html","url":"https:\/\/www.versiegelung24.com\/hu\/bioetanol-966-professzionalis-elozetes-tisztitashoz.html","name":"Bioetanol 96,6% professzion\u00e1lis el\u0151tiszt\u00edt\u00e1shoz - versiegelung24.com","isPartOf":{"@id":"https:\/\/www.versiegelung24.com\/hu\/#website"},"primaryImageOfPage":{"@id":"https:\/\/www.versiegelung24.com\/hu\/bioetanol-966-professzionalis-elozetes-tisztitashoz.html#primaryimage"},"image":{"@id":"https:\/\/www.versiegelung24.com\/hu\/bioetanol-966-professzionalis-elozetes-tisztitashoz.html#primaryimage"},"thumbnailUrl":"https:\/\/www.versiegelung24.com\/wp-content\/uploads\/2020\/04\/produkt_9100-950-1000-bioethanol-flasche.jpeg","datePublished":"2020-04-04T16:53:41+00:00","dateModified":"2025-01-13T16:00:04+00:00","breadcrumb":{"@id":"https:\/\/www.versiegelung24.com\/hu\/bioetanol-966-professzionalis-elozetes-tisztitashoz.html#breadcrumb"},"mainEntity":[{"@id":"https:\/\/www.versiegelung24.com\/hu\/bioetanol-966-professzionalis-elozetes-tisztitashoz.html#faq-question-1645793617330"},{"@id":"https:\/\/www.versiegelung24.com\/hu\/bioetanol-966-professzionalis-elozetes-tisztitashoz.html#faq-question-1645793819353"},{"@id":"https:\/\/www.versiegelung24.com\/hu\/bioetanol-966-professzionalis-elozetes-tisztitashoz.html#faq-question-1645794918526"}],"inLanguage":"hu","potentialAction":[{"@type":"ReadAction","target":["https:\/\/www.versiegelung24.com\/hu\/bioetanol-966-professzionalis-elozetes-tisztitashoz.html"]}]},{"@type":"ImageObject","inLanguage":"hu","@id":"https:\/\/www.versiegelung24.com\/hu\/bioetanol-966-professzionalis-elozetes-tisztitashoz.html#primaryimage","url":"https:\/\/www.versiegelung24.com\/wp-content\/uploads\/2020\/04\/produkt_9100-950-1000-bioethanol-flasche.jpeg","contentUrl":"https:\/\/www.versiegelung24.com\/wp-content\/uploads\/2020\/04\/produkt_9100-950-1000-bioethanol-flasche.jpeg","width":2560,"height":2560},{"@type":"BreadcrumbList","@id":"https:\/\/www.versiegelung24.com\/hu\/bioetanol-966-professzionalis-elozetes-tisztitashoz.html#breadcrumb","itemListElement":[{"@type":"ListItem","position":1,"name":"Honlap","item":"https:\/\/www.versiegelung24.com\/hu\/elol\/"},{"@type":"ListItem","position":2,"name":"\u00dczlet","item":"https:\/\/www.versiegelung24.com\/hu\/uzlet\/"},{"@type":"ListItem","position":3,"name":"Bioetanol 96,6% professzion\u00e1lis el\u0151tiszt\u00edt\u00e1shoz"}]},{"@type":"WebSite","@id":"https:\/\/www.versiegelung24.com\/hu\/#website","url":"https:\/\/www.versiegelung24.com\/hu\/","name":"versiegelung24.com","description":"Fl\u00fcssigglas-Versiegelung - Made in Germany","publisher":{"@id":"https:\/\/www.versiegelung24.com\/hu\/#organization"},"potentialAction":[{"@type":"SearchAction","target":{"@type":"EntryPoint","urlTemplate":"https:\/\/www.versiegelung24.com\/hu\/?s={search_term_string}"},"query-input":{"@type":"PropertyValueSpecification","valueRequired":true,"valueName":"search_term_string"}}],"inLanguage":"hu"},{"@type":"Organization","@id":"https:\/\/www.versiegelung24.com\/hu\/#organization","name":"versiegelung24","url":"https:\/\/www.versiegelung24.com\/hu\/","logo":{"@type":"ImageObject","inLanguage":"hu","@id":"https:\/\/www.versiegelung24.com\/hu\/#\/schema\/logo\/image\/","url":"https:\/\/www.versiegelung24.com\/wp-content\/uploads\/2020\/04\/versiegelung24.png","contentUrl":"https:\/\/www.versiegelung24.com\/wp-content\/uploads\/2020\/04\/versiegelung24.png","width":470,"height":102,"caption":"versiegelung24"},"image":{"@id":"https:\/\/www.versiegelung24.com\/hu\/#\/schema\/logo\/image\/"}},{"@type":"Question","@id":"https:\/\/www.versiegelung24.com\/hu\/bioetanol-966-professzionalis-elozetes-tisztitashoz.html#faq-question-1645793617330","position":1,"url":"https:\/\/www.versiegelung24.com\/hu\/bioetanol-966-professzionalis-elozetes-tisztitashoz.html#faq-question-1645793617330","name":"Ist Bioethanol f\u00fcr den medizinischen Bereich zugelassen?","answerCount":1,"acceptedAnswer":{"@type":"Answer","text":"Nein! Wenn Sie ein Fl\u00e4chendesinfektionsmittel suchen, finden Sie weitere Informationen hier: <a href=\"https:\/\/www.versiegelung24.com\/desinfektionsmittel\/\">\u00dcbersicht Desinfektionsmittel<\/a>","inLanguage":"hu"},"inLanguage":"hu"},{"@type":"Question","@id":"https:\/\/www.versiegelung24.com\/hu\/bioetanol-966-professzionalis-elozetes-tisztitashoz.html#faq-question-1645793819353","position":2,"url":"https:\/\/www.versiegelung24.com\/hu\/bioetanol-966-professzionalis-elozetes-tisztitashoz.html#faq-question-1645793819353","name":"Wie gef\u00e4hrlich ist Bioethanol?","answerCount":1,"acceptedAnswer":{"@type":"Answer","text":"Bei der Verbrennung entstehen genau wie bei unserer Atmung Wasserdampf (H2O) und Kohlendioxid (CO2). Bioethanol 96,6% verbrennt geruchs- und r\u00fcckstandsfrei. Bei Nutzung in Feuerstellen sind stets die genauen Gefahrenhinweise zu beachten!<br \/>Bioethanol 96,6% ist leicht entz\u00fcndlich. Bei der Nutzung als Reiniger entstehen leicht brennbare Gase. <br \/>","inLanguage":"hu"},"inLanguage":"hu"},{"@type":"Question","@id":"https:\/\/www.versiegelung24.com\/hu\/bioetanol-966-professzionalis-elozetes-tisztitashoz.html#faq-question-1645794918526","position":3,"url":"https:\/\/www.versiegelung24.com\/hu\/bioetanol-966-professzionalis-elozetes-tisztitashoz.html#faq-question-1645794918526","name":"Kann Bioethanol (als Reiniger eingesetzt) Oberfl\u00e4chen angreifen?","answerCount":1,"acceptedAnswer":{"@type":"Answer","text":"Besonders bei Kunststoffen ist hier mit Achtsamkeit vor zu gehen. Weiche Kunststoffe wie z.B. bei Dichtungen und Schl\u00e4uchen kann dieser mit den Weichmachern reagieren und Oberfl\u00e4chen bzw. Materialien sch\u00e4digen.<br \/><br \/>Grunds\u00e4tzlich sollte bei der Oberfl\u00e4chenreinigung immer erst ein Test an unauff\u00e4lliger Stelle durchgef\u00fchrt werden.","inLanguage":"hu"},"inLanguage":"hu"}]},"product_price_amount":"9.99","product_price_currency":"EUR","og_availability":"instock","product_availability":"instock","product_retailer_item_id":"9100-BE96-1","product_condition":"new"},"_links":{"self":[{"href":"https:\/\/www.versiegelung24.com\/hu\/wp-json\/wp\/v2\/product\/23628","targetHints":{"allow":["GET"]}}],"collection":[{"href":"https:\/\/www.versiegelung24.com\/hu\/wp-json\/wp\/v2\/product"}],"about":[{"href":"https:\/\/www.versiegelung24.com\/hu\/wp-json\/wp\/v2\/types\/product"}],"version-history":[{"count":49,"href":"https:\/\/www.versiegelung24.com\/hu\/wp-json\/wp\/v2\/product\/23628\/revisions"}],"predecessor-version":[{"id":180697,"href":"https:\/\/www.versiegelung24.com\/hu\/wp-json\/wp\/v2\/product\/23628\/revisions\/180697"}],"wp:featuredmedia":[{"embeddable":true,"href":"https:\/\/www.versiegelung24.com\/hu\/wp-json\/wp\/v2\/media\/65154"}],"wp:attachment":[{"href":"https:\/\/www.versiegelung24.com\/hu\/wp-json\/wp\/v2\/media?parent=23628"}],"wp:term":[{"taxonomy":"product_brand","embeddable":true,"href":"https:\/\/www.versiegelung24.com\/hu\/wp-json\/wp\/v2\/product_brand?post=23628"},{"taxonomy":"product_cat","embeddable":true,"href":"https:\/\/www.versiegelung24.com\/hu\/wp-json\/wp\/v2\/product_cat?post=23628"},{"taxonomy":"product_tag","embeddable":true,"href":"https:\/\/www.versiegelung24.com\/hu\/wp-json\/wp\/v2\/product_tag?post=23628"}],"curies":[{"name":"wp","href":"https:\/\/api.w.org\/{rel}","templated":true}]}}