{"id":23734,"date":"2020-04-04T18:53:45","date_gmt":"2021-08-02T19:59:06","guid":{"rendered":"https:\/\/www.versiegelung24.com\/produkt\/blu1000-rozsdamentes-acel-tisztitoszer-rozsdamentes-acel-feluletek-professzionalis-tisztitasahoz-es-elokeszitesehez"},"modified":"2025-03-20T10:01:17","modified_gmt":"2025-03-20T09:01:17","slug":"rozsdamentes-acel-tisztito-blu1000-rozsdamentes-acel-feluletek-professzionalis-tisztitasara-es-elokeszitesere","status":"publish","type":"product","link":"https:\/\/www.versiegelung24.com\/hu\/rozsdamentes-acel-tisztito-blu1000-rozsdamentes-acel-felueletek-professzionalis-tisztitasara-es-elokeszitesere.html","title":{"rendered":"BLU1000 rozsdamentes ac\u00e9l tiszt\u00edt\u00f3szer &#8211; rozsdamentes ac\u00e9l fel\u00fcletek professzion\u00e1lis tiszt\u00edt\u00e1s\u00e1hoz \u00e9s el\u0151k\u00e9sz\u00edt\u00e9s\u00e9hez"},"content":{"rendered":"\n<p><strong>Rozsdamentes ac\u00e9l speci\u00e1lis tiszt\u00edt\u00f3szer BLU1000<\/strong><\/p>\n\n<hr \/>\n\n<h4 class=\"wp-block-heading\" id=\"properties\">A term\u00e9k jellemz\u0151i<\/h4>\n\n<p>A term\u00e9k rendk\u00edv\u00fcl akt\u00edv tiszt\u00edt\u00f3- \u00e9s adal\u00e9kanyagokat tartalmaz a legnehezebb szennyez\u0151d\u00e9sek, s\u00e9r\u00fclt, korrod\u00e1lt \u00e9s cs\u00fanya rozsdamentes ac\u00e9l fel\u00fcletek helyre\u00e1ll\u00edt\u00e1s\u00e1hoz. Az eredm\u00e9ny egy j\u00f3 optikai \u00e9s f\u00e9nyes fel\u00fclet.<\/p>\n\n<p><br \/><br \/>Sz\u00e1ll\u00edt\u00e1si terjedelem: 1 x literes flakon 1 x term\u00e9kle\u00edr\u00e1s<\/p>\n\n<hr \/>\n\n<h4 class=\"wp-block-heading\" id=\"application\">Alkalmaz\u00e1s<\/h4>\n\n<p>Bels\u0151 \u00e9s k\u00fcls\u0151 fel\u00fcletek rozsdamentes ac\u00e9lb\u00f3l, bevonatok (f\u00e9m, szerves, szervetlen) az iparban, a k\u00e9zm\u0171vess\u00e9gben, a luxus- \u00e9s \u00e9lelmiszeriparban, a k\u00f6z\u00f6ss\u00e9gi helyis\u00e9gekben (pl. \u00dasz\u00f3medenc\u00e9k, klinik\u00e1k) \u00e9s a h\u00e1ztart\u00e1sban.<\/p>\n\n<p>A BLU1000 rozsdamentes ac\u00e9l speci\u00e1lis tiszt\u00edt\u00f3szert speci\u00e1lis tiszt\u00edt\u00f3szerk\u00e9nt haszn\u00e1lj\u00e1k a tart\u00e1lyok, s\u00f6rf\u0151zdei rendszerek, l\u00e9pcs\u0151k, korl\u00e1tok, korl\u00e1tok, \u00fasz\u00f3medenc\u00e9k, ac\u00e9lhomlokzatok, ac\u00e9lb\u00fatorok \u00e9s m\u00e9g sok m\u00e1s szennyez\u0151d\u00e9s, lerak\u00f3d\u00e1s \u00e9s korr\u00f3zi\u00f3 ellen. haszn\u00e1lt.<\/p>\n\n<p>A BLU1000 speci\u00e1lis tiszt\u00edt\u00f3szer rozsdamentes ac\u00e9lhoz, de m\u00e1s fel\u00fcleteken is haszn\u00e1lhat\u00f3. Itt azonban el\u0151sz\u00f6r is felt\u0171n\u0151 helyen teszteljen.<\/p>\n\n<p><br \/>F<strong>ogyaszt\u00e1s<\/strong>: 0,5-1 kg 10 m\u00b2-re.<\/p>\n\n<p>Minden inform\u00e1ci\u00f3 nem k\u00f6telez\u0151 \u00e9rv\u00e9ny\u0171. <br \/>A term\u00e9k alkalmass\u00e1g\u00e1t haszn\u00e1lat el\u0151tt ellen\u0151rizni kell. A technikai v\u00e1ltoz\u00e1sok f\u00fcggv\u00e9nye.<\/p>\n","protected":false},"excerpt":{"rendered":"<p><strong>A term\u00e9k tartalma:<\/strong><\/p>\n<p>\u2713 Er\u0151sen akt\u00edv tiszt\u00edt\u00f3szerek \u00e9s adal\u00e9kok a leger\u0151sebb szennyez\u0151d\u00e9sek, s\u00e9r\u00fclt, korrod\u00e1lt \u00e9s cs\u00fanya rozsdamentes ac\u00e9l fel\u00fcletek elt\u00e1vol\u00edt\u00e1s\u00e1ra.<\/p>\n<p>\u2713 J\u00f3 optikai \u00e9s magasf\u00e9ny\u0171 fel\u00fclet j\u00f6n l\u00e9tre.<\/p>\n","protected":false},"featured_media":13211,"template":"","meta":{"_acf_changed":false,"neve_meta_sidebar":"","neve_meta_container":"","neve_meta_enable_content_width":"","neve_meta_content_width":0,"neve_meta_title_alignment":"","neve_meta_author_avatar":"","neve_post_elements_order":"","neve_meta_disable_header":"","neve_meta_disable_footer":"","neve_meta_disable_title":"","neve_meta_reading_time":"","_surfaces":[],"_ver_product_tabs":[],"footnotes":""},"product_brand":[],"product_cat":[2324,2327,2678,2229],"product_tag":[],"class_list":{"0":"post-23734","1":"product","2":"type-product","3":"status-publish","4":"has-post-thumbnail","6":"product_cat-fem-es-muanyag-toemites","7":"product_cat-tisztito-szerek","8":"product_cat-rozsdamentes-acel-tisztitoszer","9":"product_cat-auto-toemitese","11":"first","12":"instock","13":"taxable","14":"shipping-taxable","15":"purchasable","16":"product-type-simple"},"acf":[],"yoast_head":"<!-- This site is optimized with the Yoast SEO Premium plugin v22.8 (Yoast SEO v27.5) - https:\/\/yoast.com\/product\/yoast-seo-premium-wordpress\/ -->\n<title>BLU1000 rozsdamentes ac\u00e9l tiszt\u00edt\u00f3szer - rozsdamentes ac\u00e9l fel\u00fcletek professzion\u00e1lis tiszt\u00edt\u00e1s\u00e1hoz \u00e9s el\u0151k\u00e9sz\u00edt\u00e9s\u00e9hez - versiegelung24.com<\/title>\n<meta name=\"robots\" content=\"index, follow, max-snippet:-1, max-image-preview:large, max-video-preview:-1\" \/>\n<link rel=\"canonical\" href=\"https:\/\/www.versiegelung24.com\/hu\/rozsdamentes-acel-tisztito-blu1000-rozsdamentes-acel-felueletek-professzionalis-tisztitasara-es-elokeszitesere.html\" \/>\n<meta property=\"og:locale\" content=\"hu_HU\" \/>\n<meta property=\"og:type\" content=\"article\" \/>\n<meta property=\"og:title\" content=\"BLU1000 rozsdamentes ac\u00e9l tiszt\u00edt\u00f3szer - rozsdamentes ac\u00e9l fel\u00fcletek professzion\u00e1lis tiszt\u00edt\u00e1s\u00e1hoz \u00e9s el\u0151k\u00e9sz\u00edt\u00e9s\u00e9hez\" \/>\n<meta property=\"og:description\" content=\"A term\u00e9k tartalma: \u2713 Er\u0151sen akt\u00edv tiszt\u00edt\u00f3szerek \u00e9s adal\u00e9kok a leger\u0151sebb szennyez\u0151d\u00e9sek, s\u00e9r\u00fclt, korrod\u00e1lt \u00e9s cs\u00fanya rozsdamentes ac\u00e9l fel\u00fcletek elt\u00e1vol\u00edt\u00e1s\u00e1ra. \u2713 J\u00f3 optikai \u00e9s magasf\u00e9ny\u0171 fel\u00fclet j\u00f6n l\u00e9tre.\" \/>\n<meta property=\"og:url\" content=\"https:\/\/www.versiegelung24.com\/hu\/rozsdamentes-acel-tisztito-blu1000-rozsdamentes-acel-felueletek-professzionalis-tisztitasara-es-elokeszitesere.html\" \/>\n<meta property=\"og:site_name\" content=\"versiegelung24.com\" \/>\n<meta property=\"article:modified_time\" content=\"2025-03-20T09:01:17+00:00\" \/>\n<meta property=\"og:image\" content=\"https:\/\/www.versiegelung24.com\/wp-content\/uploads\/2020\/04\/produktfoto_edelstahlreiniger.jpg\" \/>\n\t<meta property=\"og:image:width\" content=\"1000\" \/>\n\t<meta property=\"og:image:height\" content=\"1000\" \/>\n\t<meta property=\"og:image:type\" content=\"image\/jpeg\" \/>\n<meta name=\"twitter:card\" content=\"summary_large_image\" \/>\n<meta name=\"twitter:label1\" content=\"\u00c1r\" \/>\n\t<meta name=\"twitter:data1\" content=\"49,99&euro;\" \/>\n\t<meta name=\"twitter:label2\" content=\"El\u00e9rhet\u0151s\u00e9g\" \/>\n\t<meta name=\"twitter:data2\" content=\"K\u00e9szleten\" \/>\n<script type=\"application\/ld+json\" class=\"yoast-schema-graph\">{\"@context\":\"https:\\\/\\\/schema.org\",\"@graph\":[{\"@type\":\"WebPage\",\"@id\":\"https:\\\/\\\/www.versiegelung24.com\\\/hu\\\/rozsdamentes-acel-tisztito-blu1000-rozsdamentes-acel-felueletek-professzionalis-tisztitasara-es-elokeszitesere.html\",\"url\":\"https:\\\/\\\/www.versiegelung24.com\\\/hu\\\/rozsdamentes-acel-tisztito-blu1000-rozsdamentes-acel-felueletek-professzionalis-tisztitasara-es-elokeszitesere.html\",\"name\":\"BLU1000 rozsdamentes ac\u00e9l tiszt\u00edt\u00f3szer - rozsdamentes ac\u00e9l fel\u00fcletek professzion\u00e1lis tiszt\u00edt\u00e1s\u00e1hoz \u00e9s el\u0151k\u00e9sz\u00edt\u00e9s\u00e9hez - versiegelung24.com\",\"isPartOf\":{\"@id\":\"https:\\\/\\\/www.versiegelung24.com\\\/hu\\\/#website\"},\"primaryImageOfPage\":{\"@id\":\"https:\\\/\\\/www.versiegelung24.com\\\/hu\\\/rozsdamentes-acel-tisztito-blu1000-rozsdamentes-acel-felueletek-professzionalis-tisztitasara-es-elokeszitesere.html#primaryimage\"},\"image\":{\"@id\":\"https:\\\/\\\/www.versiegelung24.com\\\/hu\\\/rozsdamentes-acel-tisztito-blu1000-rozsdamentes-acel-felueletek-professzionalis-tisztitasara-es-elokeszitesere.html#primaryimage\"},\"thumbnailUrl\":\"https:\\\/\\\/www.versiegelung24.com\\\/wp-content\\\/uploads\\\/2020\\\/04\\\/produktfoto_edelstahlreiniger.jpg\",\"datePublished\":\"2021-08-02T19:59:06+00:00\",\"dateModified\":\"2025-03-20T09:01:17+00:00\",\"breadcrumb\":{\"@id\":\"https:\\\/\\\/www.versiegelung24.com\\\/hu\\\/rozsdamentes-acel-tisztito-blu1000-rozsdamentes-acel-felueletek-professzionalis-tisztitasara-es-elokeszitesere.html#breadcrumb\"},\"inLanguage\":\"hu\",\"potentialAction\":[{\"@type\":\"ReadAction\",\"target\":[\"https:\\\/\\\/www.versiegelung24.com\\\/hu\\\/rozsdamentes-acel-tisztito-blu1000-rozsdamentes-acel-felueletek-professzionalis-tisztitasara-es-elokeszitesere.html\"]}]},{\"@type\":\"ImageObject\",\"inLanguage\":\"hu\",\"@id\":\"https:\\\/\\\/www.versiegelung24.com\\\/hu\\\/rozsdamentes-acel-tisztito-blu1000-rozsdamentes-acel-felueletek-professzionalis-tisztitasara-es-elokeszitesere.html#primaryimage\",\"url\":\"https:\\\/\\\/www.versiegelung24.com\\\/wp-content\\\/uploads\\\/2020\\\/04\\\/produktfoto_edelstahlreiniger.jpg\",\"contentUrl\":\"https:\\\/\\\/www.versiegelung24.com\\\/wp-content\\\/uploads\\\/2020\\\/04\\\/produktfoto_edelstahlreiniger.jpg\",\"width\":1000,\"height\":1000},{\"@type\":\"BreadcrumbList\",\"@id\":\"https:\\\/\\\/www.versiegelung24.com\\\/hu\\\/rozsdamentes-acel-tisztito-blu1000-rozsdamentes-acel-felueletek-professzionalis-tisztitasara-es-elokeszitesere.html#breadcrumb\",\"itemListElement\":[{\"@type\":\"ListItem\",\"position\":1,\"name\":\"Honlap\",\"item\":\"https:\\\/\\\/www.versiegelung24.com\\\/hu\\\/elol\\\/\"},{\"@type\":\"ListItem\",\"position\":2,\"name\":\"\u00dczlet\",\"item\":\"https:\\\/\\\/www.versiegelung24.com\\\/hu\\\/uzlet\\\/\"},{\"@type\":\"ListItem\",\"position\":3,\"name\":\"BLU1000 rozsdamentes ac\u00e9l tiszt\u00edt\u00f3szer &#8211; rozsdamentes ac\u00e9l fel\u00fcletek professzion\u00e1lis tiszt\u00edt\u00e1s\u00e1hoz \u00e9s el\u0151k\u00e9sz\u00edt\u00e9s\u00e9hez\"}]},{\"@type\":\"WebSite\",\"@id\":\"https:\\\/\\\/www.versiegelung24.com\\\/hu\\\/#website\",\"url\":\"https:\\\/\\\/www.versiegelung24.com\\\/hu\\\/\",\"name\":\"versiegelung24.com\",\"description\":\"Fl\u00fcssigglas-Versiegelung - Made in Germany\",\"publisher\":{\"@id\":\"https:\\\/\\\/www.versiegelung24.com\\\/hu\\\/#organization\"},\"potentialAction\":[{\"@type\":\"SearchAction\",\"target\":{\"@type\":\"EntryPoint\",\"urlTemplate\":\"https:\\\/\\\/www.versiegelung24.com\\\/hu\\\/?s={search_term_string}\"},\"query-input\":{\"@type\":\"PropertyValueSpecification\",\"valueRequired\":true,\"valueName\":\"search_term_string\"}}],\"inLanguage\":\"hu\"},{\"@type\":\"Organization\",\"@id\":\"https:\\\/\\\/www.versiegelung24.com\\\/hu\\\/#organization\",\"name\":\"versiegelung24\",\"url\":\"https:\\\/\\\/www.versiegelung24.com\\\/hu\\\/\",\"logo\":{\"@type\":\"ImageObject\",\"inLanguage\":\"hu\",\"@id\":\"https:\\\/\\\/www.versiegelung24.com\\\/hu\\\/#\\\/schema\\\/logo\\\/image\\\/\",\"url\":\"https:\\\/\\\/www.versiegelung24.com\\\/wp-content\\\/uploads\\\/2020\\\/04\\\/versiegelung24.png\",\"contentUrl\":\"https:\\\/\\\/www.versiegelung24.com\\\/wp-content\\\/uploads\\\/2020\\\/04\\\/versiegelung24.png\",\"width\":470,\"height\":102,\"caption\":\"versiegelung24\"},\"image\":{\"@id\":\"https:\\\/\\\/www.versiegelung24.com\\\/hu\\\/#\\\/schema\\\/logo\\\/image\\\/\"}}]}<\/script>\n<meta property=\"product:price:amount\" content=\"49.99\" \/>\n<meta property=\"product:price:currency\" content=\"EUR\" \/>\n<meta property=\"og:availability\" content=\"instock\" \/>\n<meta property=\"product:availability\" content=\"instock\" \/>\n<meta property=\"product:retailer_item_id\" content=\"9001-BLU1000\" \/>\n<meta property=\"product:condition\" content=\"new\" \/>\n<!-- \/ Yoast SEO Premium plugin. -->","yoast_head_json":{"title":"BLU1000 rozsdamentes ac\u00e9l tiszt\u00edt\u00f3szer - rozsdamentes ac\u00e9l fel\u00fcletek professzion\u00e1lis tiszt\u00edt\u00e1s\u00e1hoz \u00e9s el\u0151k\u00e9sz\u00edt\u00e9s\u00e9hez - versiegelung24.com","robots":{"index":"index","follow":"follow","max-snippet":"max-snippet:-1","max-image-preview":"max-image-preview:large","max-video-preview":"max-video-preview:-1"},"canonical":"https:\/\/www.versiegelung24.com\/hu\/rozsdamentes-acel-tisztito-blu1000-rozsdamentes-acel-felueletek-professzionalis-tisztitasara-es-elokeszitesere.html","og_locale":"hu_HU","og_type":"article","og_title":"BLU1000 rozsdamentes ac\u00e9l tiszt\u00edt\u00f3szer - rozsdamentes ac\u00e9l fel\u00fcletek professzion\u00e1lis tiszt\u00edt\u00e1s\u00e1hoz \u00e9s el\u0151k\u00e9sz\u00edt\u00e9s\u00e9hez","og_description":"A term\u00e9k tartalma: \u2713 Er\u0151sen akt\u00edv tiszt\u00edt\u00f3szerek \u00e9s adal\u00e9kok a leger\u0151sebb szennyez\u0151d\u00e9sek, s\u00e9r\u00fclt, korrod\u00e1lt \u00e9s cs\u00fanya rozsdamentes ac\u00e9l fel\u00fcletek elt\u00e1vol\u00edt\u00e1s\u00e1ra. \u2713 J\u00f3 optikai \u00e9s magasf\u00e9ny\u0171 fel\u00fclet j\u00f6n l\u00e9tre.","og_url":"https:\/\/www.versiegelung24.com\/hu\/rozsdamentes-acel-tisztito-blu1000-rozsdamentes-acel-felueletek-professzionalis-tisztitasara-es-elokeszitesere.html","og_site_name":"versiegelung24.com","article_modified_time":"2025-03-20T09:01:17+00:00","og_image":[{"width":1000,"height":1000,"url":"https:\/\/www.versiegelung24.com\/wp-content\/uploads\/2020\/04\/produktfoto_edelstahlreiniger.jpg","type":"image\/jpeg"}],"twitter_card":"summary_large_image","twitter_misc":{"\u00c1r":"49,99&euro;","El\u00e9rhet\u0151s\u00e9g":"K\u00e9szleten"},"schema":{"@context":"https:\/\/schema.org","@graph":[{"@type":"WebPage","@id":"https:\/\/www.versiegelung24.com\/hu\/rozsdamentes-acel-tisztito-blu1000-rozsdamentes-acel-felueletek-professzionalis-tisztitasara-es-elokeszitesere.html","url":"https:\/\/www.versiegelung24.com\/hu\/rozsdamentes-acel-tisztito-blu1000-rozsdamentes-acel-felueletek-professzionalis-tisztitasara-es-elokeszitesere.html","name":"BLU1000 rozsdamentes ac\u00e9l tiszt\u00edt\u00f3szer - rozsdamentes ac\u00e9l fel\u00fcletek professzion\u00e1lis tiszt\u00edt\u00e1s\u00e1hoz \u00e9s el\u0151k\u00e9sz\u00edt\u00e9s\u00e9hez - versiegelung24.com","isPartOf":{"@id":"https:\/\/www.versiegelung24.com\/hu\/#website"},"primaryImageOfPage":{"@id":"https:\/\/www.versiegelung24.com\/hu\/rozsdamentes-acel-tisztito-blu1000-rozsdamentes-acel-felueletek-professzionalis-tisztitasara-es-elokeszitesere.html#primaryimage"},"image":{"@id":"https:\/\/www.versiegelung24.com\/hu\/rozsdamentes-acel-tisztito-blu1000-rozsdamentes-acel-felueletek-professzionalis-tisztitasara-es-elokeszitesere.html#primaryimage"},"thumbnailUrl":"https:\/\/www.versiegelung24.com\/wp-content\/uploads\/2020\/04\/produktfoto_edelstahlreiniger.jpg","datePublished":"2021-08-02T19:59:06+00:00","dateModified":"2025-03-20T09:01:17+00:00","breadcrumb":{"@id":"https:\/\/www.versiegelung24.com\/hu\/rozsdamentes-acel-tisztito-blu1000-rozsdamentes-acel-felueletek-professzionalis-tisztitasara-es-elokeszitesere.html#breadcrumb"},"inLanguage":"hu","potentialAction":[{"@type":"ReadAction","target":["https:\/\/www.versiegelung24.com\/hu\/rozsdamentes-acel-tisztito-blu1000-rozsdamentes-acel-felueletek-professzionalis-tisztitasara-es-elokeszitesere.html"]}]},{"@type":"ImageObject","inLanguage":"hu","@id":"https:\/\/www.versiegelung24.com\/hu\/rozsdamentes-acel-tisztito-blu1000-rozsdamentes-acel-felueletek-professzionalis-tisztitasara-es-elokeszitesere.html#primaryimage","url":"https:\/\/www.versiegelung24.com\/wp-content\/uploads\/2020\/04\/produktfoto_edelstahlreiniger.jpg","contentUrl":"https:\/\/www.versiegelung24.com\/wp-content\/uploads\/2020\/04\/produktfoto_edelstahlreiniger.jpg","width":1000,"height":1000},{"@type":"BreadcrumbList","@id":"https:\/\/www.versiegelung24.com\/hu\/rozsdamentes-acel-tisztito-blu1000-rozsdamentes-acel-felueletek-professzionalis-tisztitasara-es-elokeszitesere.html#breadcrumb","itemListElement":[{"@type":"ListItem","position":1,"name":"Honlap","item":"https:\/\/www.versiegelung24.com\/hu\/elol\/"},{"@type":"ListItem","position":2,"name":"\u00dczlet","item":"https:\/\/www.versiegelung24.com\/hu\/uzlet\/"},{"@type":"ListItem","position":3,"name":"BLU1000 rozsdamentes ac\u00e9l tiszt\u00edt\u00f3szer &#8211; rozsdamentes ac\u00e9l fel\u00fcletek professzion\u00e1lis tiszt\u00edt\u00e1s\u00e1hoz \u00e9s el\u0151k\u00e9sz\u00edt\u00e9s\u00e9hez"}]},{"@type":"WebSite","@id":"https:\/\/www.versiegelung24.com\/hu\/#website","url":"https:\/\/www.versiegelung24.com\/hu\/","name":"versiegelung24.com","description":"Fl\u00fcssigglas-Versiegelung - Made in Germany","publisher":{"@id":"https:\/\/www.versiegelung24.com\/hu\/#organization"},"potentialAction":[{"@type":"SearchAction","target":{"@type":"EntryPoint","urlTemplate":"https:\/\/www.versiegelung24.com\/hu\/?s={search_term_string}"},"query-input":{"@type":"PropertyValueSpecification","valueRequired":true,"valueName":"search_term_string"}}],"inLanguage":"hu"},{"@type":"Organization","@id":"https:\/\/www.versiegelung24.com\/hu\/#organization","name":"versiegelung24","url":"https:\/\/www.versiegelung24.com\/hu\/","logo":{"@type":"ImageObject","inLanguage":"hu","@id":"https:\/\/www.versiegelung24.com\/hu\/#\/schema\/logo\/image\/","url":"https:\/\/www.versiegelung24.com\/wp-content\/uploads\/2020\/04\/versiegelung24.png","contentUrl":"https:\/\/www.versiegelung24.com\/wp-content\/uploads\/2020\/04\/versiegelung24.png","width":470,"height":102,"caption":"versiegelung24"},"image":{"@id":"https:\/\/www.versiegelung24.com\/hu\/#\/schema\/logo\/image\/"}}]},"product_price_amount":"49.99","product_price_currency":"EUR","og_availability":"instock","product_availability":"instock","product_retailer_item_id":"9001-BLU1000","product_condition":"new"},"_links":{"self":[{"href":"https:\/\/www.versiegelung24.com\/hu\/wp-json\/wp\/v2\/product\/23734","targetHints":{"allow":["GET"]}}],"collection":[{"href":"https:\/\/www.versiegelung24.com\/hu\/wp-json\/wp\/v2\/product"}],"about":[{"href":"https:\/\/www.versiegelung24.com\/hu\/wp-json\/wp\/v2\/types\/product"}],"version-history":[{"count":14,"href":"https:\/\/www.versiegelung24.com\/hu\/wp-json\/wp\/v2\/product\/23734\/revisions"}],"predecessor-version":[{"id":181069,"href":"https:\/\/www.versiegelung24.com\/hu\/wp-json\/wp\/v2\/product\/23734\/revisions\/181069"}],"wp:featuredmedia":[{"embeddable":true,"href":"https:\/\/www.versiegelung24.com\/hu\/wp-json\/wp\/v2\/media\/13211"}],"wp:attachment":[{"href":"https:\/\/www.versiegelung24.com\/hu\/wp-json\/wp\/v2\/media?parent=23734"}],"wp:term":[{"taxonomy":"product_brand","embeddable":true,"href":"https:\/\/www.versiegelung24.com\/hu\/wp-json\/wp\/v2\/product_brand?post=23734"},{"taxonomy":"product_cat","embeddable":true,"href":"https:\/\/www.versiegelung24.com\/hu\/wp-json\/wp\/v2\/product_cat?post=23734"},{"taxonomy":"product_tag","embeddable":true,"href":"https:\/\/www.versiegelung24.com\/hu\/wp-json\/wp\/v2\/product_tag?post=23734"}],"curies":[{"name":"wp","href":"https:\/\/api.w.org\/{rel}","templated":true}]}}