{"id":23757,"date":"2020-04-04T18:53:46","date_gmt":"2021-08-02T20:04:25","guid":{"rendered":"https:\/\/www.versiegelung24.com\/produkt\/30x30-cm-es-mikroszalas-kendo-elozetes-tisztitashoz-vagy-polirozashoz"},"modified":"2025-07-25T07:44:03","modified_gmt":"2025-07-25T05:44:03","slug":"mikroszalas-kendo-30x30cm-elotisztitashoz-vagy-polirozashoz","status":"publish","type":"product","link":"https:\/\/www.versiegelung24.com\/hu\/30x30-cm-es-mikroszalas-kendo-elozetes-tisztitashoz-vagy-polirozashoz.html","title":{"rendered":"Mikrosz\u00e1las kend\u0151 30x30cm el\u0151tiszt\u00edt\u00e1shoz vagy pol\u00edroz\u00e1shoz"},"content":{"rendered":"\n<p>Mikrosz\u00e1las kend\u0151 az el\u0151tiszt\u00edt\u00e1shoz vagy a v\u00e9gs\u0151 pol\u00edroz\u00e1shoz.<\/p>\n\n<p>Magas nedvsz\u00edv\u00f3 k\u00e9pess\u00e9ge miatt a <a href=\"https:\/\/www.versiegelung24.com\/applikationstuch-20x20cm.html\">mikrosz\u00e1las kend\u0151t is aj\u00e1nljuk foly\u00e9kony \u00fcveg t\u00f6m\u00edt\u0151anyagaink felhord\u00e1s\u00e1hoz<\/a><\/p>\n\n<p>Javasoljuk, hogy a fel\u00fcleti t\u00f6m\u00edt\u0151anyagaink \u00e9s impregn\u00e1l\u00f3ink felvitel\u00e9nek minden egyes l\u00e9p\u00e9s\u00e9hez k\u00fcl\u00f6n mikrosz\u00e1las kend\u0151t haszn\u00e1ljon.<\/p>\n\n<p>Az anyag \u00fajrafelhaszn\u00e1lhat\u00f3, ez\u00e9rt nagyon k\u00f6rnyezetbar\u00e1t. K\u00f6nnyen moshat\u00f3 mos\u00f3g\u00e9pben mos\u00f3szer n\u00e9lk\u00fcl.<\/p>\n\n<hr\/>\n\n<h4 class=\"wp-block-heading\" id=\"properties\">A term\u00e9k jellemz\u0151i<\/h4>\n\n<div class=\"wp-block-columns is-layout-flex wp-container-core-columns-is-layout-9d6595d7 wp-block-columns-is-layout-flex\">\n<div class=\"wp-block-column is-layout-flow wp-block-column-is-layout-flow\">\n<p><br\/><br\/>\u00d6sszet\u00e9tel: 80% poli\u00e9szter, 20% poliamid M\u00e9ret: 30x30cm Sz\u00edn: k\u00e9k vagy feh\u00e9r (k\u00e9rj\u00fck v\u00e1lasszon).<\/p>\n<\/div>\n\n\n\n<div class=\"wp-block-column is-layout-flow wp-block-column-is-layout-flow\">\n<p>Kiv\u00e1l\u00f3 min\u0151s\u00e9g\u0171, 280g\/n\u00e9gyzetm\u00e9ter sz\u00e1raz t\u00f6meg\u0171.<\/p>\n<\/div>\n<\/div>\n\n<hr\/>\n\n<h4 class=\"wp-block-heading\" id=\"application\">Alkalmaz\u00e1s<\/h4>\n\n<p>Univerz\u00e1lisan haszn\u00e1lhat\u00f3 belt\u00e9ren \u00e9s k\u00fclt\u00e9ren egyar\u00e1nt. Ide\u00e1lis m\u00e9ret \u00fcveg, ker\u00e1mia, haj\u00f3k, aut\u00f3k \u00e9s lak\u00f3aut\u00f3k tiszt\u00edt\u00e1s\u00e1hoz.<\/p>\n\n<p>Nem foszl\u00e1smentes, karcmentes \u00e9s gyorsan sz\u00e1rad\u00f3 tiszt\u00edt\u00e1s. A szennyez\u0151d\u00e9sek \u00e9s porszemcs\u00e9k gyakorlatilag marad\u00e9k n\u00e9lk\u00fcl felsz\u00edv\u00f3dnak.<\/p>\n\n<hr\/>\n\n<h4 class=\"wp-block-heading\" id=\"advisor\">Tan\u00e1csad\u00f3<\/h4>\n\n<p><strong>Sok \u00fcgyfel\u00fcnk a feh\u00e9r mikrosz\u00e1las kend\u0151inket r\u00e9szes\u00edti el\u0151nyben<\/strong> &#8211; ha a tiszt\u00edt\u00e1s ut\u00e1n szennyez\u0151d\u00e9s marad a kend\u0151n, a fel\u00fclet m\u00e9g nem lett teljesen \u00e9s optim\u00e1lisan megtiszt\u00edtva. J\u00f3 t\u00f6m\u00edt\u0151 hat\u00e1s csak akkor \u00e9rhet\u0151 el, ha a fel\u00fcleten nincs t\u00f6bb szennyez\u0151d\u00e9s.<\/p>\n","protected":false},"excerpt":{"rendered":"<p><strong>Mikrosz\u00e1las kend\u0151 az el\u0151tiszt\u00edt\u00e1shoz vagy a v\u00e9gs\u0151 pol\u00edroz\u00e1shoz:<\/strong><\/p>\n<p>\u2713 \u00dajrafelhaszn\u00e1lhat\u00f3<\/p>\n<p>\u2713 K\u00f6rnyezetbar\u00e1t<\/p>\n<p>\u2713 Rendk\u00edv\u00fcl nedvsz\u00edv\u00f3<\/p>\n<p>\u2713 Gyorsan sz\u00e1rad\u00f3<\/p>\n<p>\u2713 Sz\u00f6szmentes<\/p>\n<p>\u2713 Karcmentes<\/p>\n<p>\u2713 80% poli\u00e9szter \/ 20% poliamid  <\/p>\n<p>\u2713 Sz\u00e1raz t\u00f6meg 280g\/ m2<\/p>\n","protected":false},"featured_media":16601,"template":"","meta":{"_acf_changed":false,"neve_meta_sidebar":"","neve_meta_container":"","neve_meta_enable_content_width":"","neve_meta_content_width":0,"neve_meta_title_alignment":"","neve_meta_author_avatar":"","neve_post_elements_order":"","neve_meta_disable_header":"","neve_meta_disable_footer":"","neve_meta_disable_title":"","neve_meta_reading_time":"","_surfaces":[],"_ver_product_tabs":[],"footnotes":""},"product_brand":[],"product_cat":[2287,2288,2289,2322,2324,2327,2472,2692,2229,3075],"product_tag":[],"class_list":{"0":"post-23757","1":"product","2":"type-product","3":"status-publish","4":"has-post-thumbnail","6":"product_cat-fertotlenitoszerek","7":"product_cat-felueleti-fertotlenitoszerek","8":"product_cat-fertotlenito-koncentratumok","9":"product_cat-toemites-ueveghez-es-keramiahoz","10":"product_cat-fem-es-muanyag-toemites","11":"product_cat-tisztito-szerek","12":"product_cat-univerzalis-toemites","13":"product_cat-kezfertotlenito","14":"product_cat-auto-toemitese","15":"product_cat-felszereles","16":"pa_farbe-kek","17":"pa_farbe-feher","19":"first","20":"instock","21":"taxable","22":"shipping-taxable","23":"purchasable","24":"product-type-variable","25":"has-default-attributes"},"acf":[],"yoast_head":"<!-- This site is optimized with the Yoast SEO Premium plugin v22.8 (Yoast SEO v27.5) - https:\/\/yoast.com\/product\/yoast-seo-premium-wordpress\/ -->\n<title>Mikrosz\u00e1las kend\u0151 30x30cm el\u0151tiszt\u00edt\u00e1shoz vagy pol\u00edroz\u00e1shoz - versiegelung24.com<\/title>\n<meta name=\"robots\" content=\"index, follow, max-snippet:-1, max-image-preview:large, max-video-preview:-1\" \/>\n<link rel=\"canonical\" href=\"https:\/\/www.versiegelung24.com\/hu\/30x30-cm-es-mikroszalas-kendo-elozetes-tisztitashoz-vagy-polirozashoz.html\" \/>\n<meta property=\"og:locale\" content=\"hu_HU\" \/>\n<meta property=\"og:type\" content=\"article\" \/>\n<meta property=\"og:title\" content=\"Mikrosz\u00e1las kend\u0151 30x30cm el\u0151tiszt\u00edt\u00e1shoz vagy pol\u00edroz\u00e1shoz\" \/>\n<meta property=\"og:description\" content=\"Mikrosz\u00e1las kend\u0151 az el\u0151tiszt\u00edt\u00e1shoz vagy a v\u00e9gs\u0151 pol\u00edroz\u00e1shoz: \u2713 \u00dajrafelhaszn\u00e1lhat\u00f3 \u2713 K\u00f6rnyezetbar\u00e1t \u2713 Rendk\u00edv\u00fcl nedvsz\u00edv\u00f3 \u2713 Gyorsan sz\u00e1rad\u00f3 \u2713 Sz\u00f6szmentes \u2713 Karcmentes \u2713 80% poli\u00e9szter \/ 20% poliamid  \u2713 Sz\u00e1raz t\u00f6meg 280g\/ m2\" \/>\n<meta property=\"og:url\" content=\"https:\/\/www.versiegelung24.com\/hu\/30x30-cm-es-mikroszalas-kendo-elozetes-tisztitashoz-vagy-polirozashoz.html\" \/>\n<meta property=\"og:site_name\" content=\"versiegelung24.com\" \/>\n<meta property=\"article:modified_time\" content=\"2025-07-25T05:44:03+00:00\" \/>\n<meta property=\"og:image\" content=\"https:\/\/www.versiegelung24.com\/wp-content\/uploads\/2020\/06\/mikrofasertuch-weiss_2.png\" \/>\n\t<meta property=\"og:image:width\" content=\"650\" \/>\n\t<meta property=\"og:image:height\" content=\"650\" \/>\n\t<meta property=\"og:image:type\" content=\"image\/png\" \/>\n<meta name=\"twitter:card\" content=\"summary_large_image\" \/>\n<meta name=\"twitter:label1\" content=\"El\u00e9rhet\u0151s\u00e9g\" \/>\n\t<meta name=\"twitter:data1\" content=\"K\u00e9szleten\" \/>\n<script type=\"application\/ld+json\" class=\"yoast-schema-graph\">{\"@context\":\"https:\\\/\\\/schema.org\",\"@graph\":[{\"@type\":\"WebPage\",\"@id\":\"https:\\\/\\\/www.versiegelung24.com\\\/hu\\\/30x30-cm-es-mikroszalas-kendo-elozetes-tisztitashoz-vagy-polirozashoz.html\",\"url\":\"https:\\\/\\\/www.versiegelung24.com\\\/hu\\\/30x30-cm-es-mikroszalas-kendo-elozetes-tisztitashoz-vagy-polirozashoz.html\",\"name\":\"Mikrosz\u00e1las kend\u0151 30x30cm el\u0151tiszt\u00edt\u00e1shoz vagy pol\u00edroz\u00e1shoz - versiegelung24.com\",\"isPartOf\":{\"@id\":\"https:\\\/\\\/www.versiegelung24.com\\\/hu\\\/#website\"},\"primaryImageOfPage\":{\"@id\":\"https:\\\/\\\/www.versiegelung24.com\\\/hu\\\/30x30-cm-es-mikroszalas-kendo-elozetes-tisztitashoz-vagy-polirozashoz.html#primaryimage\"},\"image\":{\"@id\":\"https:\\\/\\\/www.versiegelung24.com\\\/hu\\\/30x30-cm-es-mikroszalas-kendo-elozetes-tisztitashoz-vagy-polirozashoz.html#primaryimage\"},\"thumbnailUrl\":\"https:\\\/\\\/www.versiegelung24.com\\\/wp-content\\\/uploads\\\/2020\\\/06\\\/mikrofasertuch-weiss_2.png\",\"datePublished\":\"2021-08-02T20:04:25+00:00\",\"dateModified\":\"2025-07-25T05:44:03+00:00\",\"breadcrumb\":{\"@id\":\"https:\\\/\\\/www.versiegelung24.com\\\/hu\\\/30x30-cm-es-mikroszalas-kendo-elozetes-tisztitashoz-vagy-polirozashoz.html#breadcrumb\"},\"inLanguage\":\"hu\",\"potentialAction\":[{\"@type\":\"ReadAction\",\"target\":[\"https:\\\/\\\/www.versiegelung24.com\\\/hu\\\/30x30-cm-es-mikroszalas-kendo-elozetes-tisztitashoz-vagy-polirozashoz.html\"]}]},{\"@type\":\"ImageObject\",\"inLanguage\":\"hu\",\"@id\":\"https:\\\/\\\/www.versiegelung24.com\\\/hu\\\/30x30-cm-es-mikroszalas-kendo-elozetes-tisztitashoz-vagy-polirozashoz.html#primaryimage\",\"url\":\"https:\\\/\\\/www.versiegelung24.com\\\/wp-content\\\/uploads\\\/2020\\\/06\\\/mikrofasertuch-weiss_2.png\",\"contentUrl\":\"https:\\\/\\\/www.versiegelung24.com\\\/wp-content\\\/uploads\\\/2020\\\/06\\\/mikrofasertuch-weiss_2.png\",\"width\":650,\"height\":650},{\"@type\":\"BreadcrumbList\",\"@id\":\"https:\\\/\\\/www.versiegelung24.com\\\/hu\\\/30x30-cm-es-mikroszalas-kendo-elozetes-tisztitashoz-vagy-polirozashoz.html#breadcrumb\",\"itemListElement\":[{\"@type\":\"ListItem\",\"position\":1,\"name\":\"Honlap\",\"item\":\"https:\\\/\\\/www.versiegelung24.com\\\/hu\\\/elol\\\/\"},{\"@type\":\"ListItem\",\"position\":2,\"name\":\"\u00dczlet\",\"item\":\"https:\\\/\\\/www.versiegelung24.com\\\/hu\\\/uzlet\\\/\"},{\"@type\":\"ListItem\",\"position\":3,\"name\":\"Mikrosz\u00e1las kend\u0151 30x30cm el\u0151tiszt\u00edt\u00e1shoz vagy pol\u00edroz\u00e1shoz\"}]},{\"@type\":\"WebSite\",\"@id\":\"https:\\\/\\\/www.versiegelung24.com\\\/hu\\\/#website\",\"url\":\"https:\\\/\\\/www.versiegelung24.com\\\/hu\\\/\",\"name\":\"versiegelung24.com\",\"description\":\"Fl\u00fcssigglas-Versiegelung - Made in Germany\",\"publisher\":{\"@id\":\"https:\\\/\\\/www.versiegelung24.com\\\/hu\\\/#organization\"},\"potentialAction\":[{\"@type\":\"SearchAction\",\"target\":{\"@type\":\"EntryPoint\",\"urlTemplate\":\"https:\\\/\\\/www.versiegelung24.com\\\/hu\\\/?s={search_term_string}\"},\"query-input\":{\"@type\":\"PropertyValueSpecification\",\"valueRequired\":true,\"valueName\":\"search_term_string\"}}],\"inLanguage\":\"hu\"},{\"@type\":\"Organization\",\"@id\":\"https:\\\/\\\/www.versiegelung24.com\\\/hu\\\/#organization\",\"name\":\"versiegelung24\",\"url\":\"https:\\\/\\\/www.versiegelung24.com\\\/hu\\\/\",\"logo\":{\"@type\":\"ImageObject\",\"inLanguage\":\"hu\",\"@id\":\"https:\\\/\\\/www.versiegelung24.com\\\/hu\\\/#\\\/schema\\\/logo\\\/image\\\/\",\"url\":\"https:\\\/\\\/www.versiegelung24.com\\\/wp-content\\\/uploads\\\/2020\\\/04\\\/versiegelung24.png\",\"contentUrl\":\"https:\\\/\\\/www.versiegelung24.com\\\/wp-content\\\/uploads\\\/2020\\\/04\\\/versiegelung24.png\",\"width\":470,\"height\":102,\"caption\":\"versiegelung24\"},\"image\":{\"@id\":\"https:\\\/\\\/www.versiegelung24.com\\\/hu\\\/#\\\/schema\\\/logo\\\/image\\\/\"}}]}<\/script>\n<meta property=\"og:availability\" content=\"instock\" \/>\n<meta property=\"product:availability\" content=\"instock\" \/>\n<meta property=\"product:retailer_item_id\" content=\"9002-1\" \/>\n<meta property=\"product:condition\" content=\"new\" \/>\n<!-- \/ Yoast SEO Premium plugin. -->","yoast_head_json":{"title":"Mikrosz\u00e1las kend\u0151 30x30cm el\u0151tiszt\u00edt\u00e1shoz vagy pol\u00edroz\u00e1shoz - versiegelung24.com","robots":{"index":"index","follow":"follow","max-snippet":"max-snippet:-1","max-image-preview":"max-image-preview:large","max-video-preview":"max-video-preview:-1"},"canonical":"https:\/\/www.versiegelung24.com\/hu\/30x30-cm-es-mikroszalas-kendo-elozetes-tisztitashoz-vagy-polirozashoz.html","og_locale":"hu_HU","og_type":"article","og_title":"Mikrosz\u00e1las kend\u0151 30x30cm el\u0151tiszt\u00edt\u00e1shoz vagy pol\u00edroz\u00e1shoz","og_description":"Mikrosz\u00e1las kend\u0151 az el\u0151tiszt\u00edt\u00e1shoz vagy a v\u00e9gs\u0151 pol\u00edroz\u00e1shoz: \u2713 \u00dajrafelhaszn\u00e1lhat\u00f3 \u2713 K\u00f6rnyezetbar\u00e1t \u2713 Rendk\u00edv\u00fcl nedvsz\u00edv\u00f3 \u2713 Gyorsan sz\u00e1rad\u00f3 \u2713 Sz\u00f6szmentes \u2713 Karcmentes \u2713 80% poli\u00e9szter \/ 20% poliamid  \u2713 Sz\u00e1raz t\u00f6meg 280g\/ m2","og_url":"https:\/\/www.versiegelung24.com\/hu\/30x30-cm-es-mikroszalas-kendo-elozetes-tisztitashoz-vagy-polirozashoz.html","og_site_name":"versiegelung24.com","article_modified_time":"2025-07-25T05:44:03+00:00","og_image":[{"width":650,"height":650,"url":"https:\/\/www.versiegelung24.com\/wp-content\/uploads\/2020\/06\/mikrofasertuch-weiss_2.png","type":"image\/png"}],"twitter_card":"summary_large_image","twitter_misc":{"El\u00e9rhet\u0151s\u00e9g":"K\u00e9szleten"},"schema":{"@context":"https:\/\/schema.org","@graph":[{"@type":"WebPage","@id":"https:\/\/www.versiegelung24.com\/hu\/30x30-cm-es-mikroszalas-kendo-elozetes-tisztitashoz-vagy-polirozashoz.html","url":"https:\/\/www.versiegelung24.com\/hu\/30x30-cm-es-mikroszalas-kendo-elozetes-tisztitashoz-vagy-polirozashoz.html","name":"Mikrosz\u00e1las kend\u0151 30x30cm el\u0151tiszt\u00edt\u00e1shoz vagy pol\u00edroz\u00e1shoz - versiegelung24.com","isPartOf":{"@id":"https:\/\/www.versiegelung24.com\/hu\/#website"},"primaryImageOfPage":{"@id":"https:\/\/www.versiegelung24.com\/hu\/30x30-cm-es-mikroszalas-kendo-elozetes-tisztitashoz-vagy-polirozashoz.html#primaryimage"},"image":{"@id":"https:\/\/www.versiegelung24.com\/hu\/30x30-cm-es-mikroszalas-kendo-elozetes-tisztitashoz-vagy-polirozashoz.html#primaryimage"},"thumbnailUrl":"https:\/\/www.versiegelung24.com\/wp-content\/uploads\/2020\/06\/mikrofasertuch-weiss_2.png","datePublished":"2021-08-02T20:04:25+00:00","dateModified":"2025-07-25T05:44:03+00:00","breadcrumb":{"@id":"https:\/\/www.versiegelung24.com\/hu\/30x30-cm-es-mikroszalas-kendo-elozetes-tisztitashoz-vagy-polirozashoz.html#breadcrumb"},"inLanguage":"hu","potentialAction":[{"@type":"ReadAction","target":["https:\/\/www.versiegelung24.com\/hu\/30x30-cm-es-mikroszalas-kendo-elozetes-tisztitashoz-vagy-polirozashoz.html"]}]},{"@type":"ImageObject","inLanguage":"hu","@id":"https:\/\/www.versiegelung24.com\/hu\/30x30-cm-es-mikroszalas-kendo-elozetes-tisztitashoz-vagy-polirozashoz.html#primaryimage","url":"https:\/\/www.versiegelung24.com\/wp-content\/uploads\/2020\/06\/mikrofasertuch-weiss_2.png","contentUrl":"https:\/\/www.versiegelung24.com\/wp-content\/uploads\/2020\/06\/mikrofasertuch-weiss_2.png","width":650,"height":650},{"@type":"BreadcrumbList","@id":"https:\/\/www.versiegelung24.com\/hu\/30x30-cm-es-mikroszalas-kendo-elozetes-tisztitashoz-vagy-polirozashoz.html#breadcrumb","itemListElement":[{"@type":"ListItem","position":1,"name":"Honlap","item":"https:\/\/www.versiegelung24.com\/hu\/elol\/"},{"@type":"ListItem","position":2,"name":"\u00dczlet","item":"https:\/\/www.versiegelung24.com\/hu\/uzlet\/"},{"@type":"ListItem","position":3,"name":"Mikrosz\u00e1las kend\u0151 30x30cm el\u0151tiszt\u00edt\u00e1shoz vagy pol\u00edroz\u00e1shoz"}]},{"@type":"WebSite","@id":"https:\/\/www.versiegelung24.com\/hu\/#website","url":"https:\/\/www.versiegelung24.com\/hu\/","name":"versiegelung24.com","description":"Fl\u00fcssigglas-Versiegelung - Made in Germany","publisher":{"@id":"https:\/\/www.versiegelung24.com\/hu\/#organization"},"potentialAction":[{"@type":"SearchAction","target":{"@type":"EntryPoint","urlTemplate":"https:\/\/www.versiegelung24.com\/hu\/?s={search_term_string}"},"query-input":{"@type":"PropertyValueSpecification","valueRequired":true,"valueName":"search_term_string"}}],"inLanguage":"hu"},{"@type":"Organization","@id":"https:\/\/www.versiegelung24.com\/hu\/#organization","name":"versiegelung24","url":"https:\/\/www.versiegelung24.com\/hu\/","logo":{"@type":"ImageObject","inLanguage":"hu","@id":"https:\/\/www.versiegelung24.com\/hu\/#\/schema\/logo\/image\/","url":"https:\/\/www.versiegelung24.com\/wp-content\/uploads\/2020\/04\/versiegelung24.png","contentUrl":"https:\/\/www.versiegelung24.com\/wp-content\/uploads\/2020\/04\/versiegelung24.png","width":470,"height":102,"caption":"versiegelung24"},"image":{"@id":"https:\/\/www.versiegelung24.com\/hu\/#\/schema\/logo\/image\/"}}]},"og_availability":"instock","product_availability":"instock","product_retailer_item_id":"9002-1","product_condition":"new"},"_links":{"self":[{"href":"https:\/\/www.versiegelung24.com\/hu\/wp-json\/wp\/v2\/product\/23757","targetHints":{"allow":["GET"]}}],"collection":[{"href":"https:\/\/www.versiegelung24.com\/hu\/wp-json\/wp\/v2\/product"}],"about":[{"href":"https:\/\/www.versiegelung24.com\/hu\/wp-json\/wp\/v2\/types\/product"}],"version-history":[{"count":17,"href":"https:\/\/www.versiegelung24.com\/hu\/wp-json\/wp\/v2\/product\/23757\/revisions"}],"predecessor-version":[{"id":177811,"href":"https:\/\/www.versiegelung24.com\/hu\/wp-json\/wp\/v2\/product\/23757\/revisions\/177811"}],"wp:featuredmedia":[{"embeddable":true,"href":"https:\/\/www.versiegelung24.com\/hu\/wp-json\/wp\/v2\/media\/16601"}],"wp:attachment":[{"href":"https:\/\/www.versiegelung24.com\/hu\/wp-json\/wp\/v2\/media?parent=23757"}],"wp:term":[{"taxonomy":"product_brand","embeddable":true,"href":"https:\/\/www.versiegelung24.com\/hu\/wp-json\/wp\/v2\/product_brand?post=23757"},{"taxonomy":"product_cat","embeddable":true,"href":"https:\/\/www.versiegelung24.com\/hu\/wp-json\/wp\/v2\/product_cat?post=23757"},{"taxonomy":"product_tag","embeddable":true,"href":"https:\/\/www.versiegelung24.com\/hu\/wp-json\/wp\/v2\/product_tag?post=23757"}],"curies":[{"name":"wp","href":"https:\/\/api.w.org\/{rel}","templated":true}]}}