{"id":23900,"date":"2020-04-27T22:30:06","date_gmt":"2020-04-27T20:30:06","guid":{"rendered":"https:\/\/www.versiegelung24.com\/produkt\/minta-professzionalis-kotomites-melyseghatassal"},"modified":"2025-01-04T00:07:02","modified_gmt":"2025-01-03T23:07:02","slug":"minta-professzionalis-kotomites-melyseghatassal","status":"publish","type":"product","link":"https:\/\/www.versiegelung24.com\/hu\/minta-professzionalis-kotoemites-melyseghatassal.html","title":{"rendered":"Minta: Professzion\u00e1lis k\u0151t\u00f6m\u00edt\u0151 m\u00e9lys\u00e9ghat\u00e1ssal &#8211; 3000-7620"},"content":{"rendered":"<p>Minta a&nbsp;<a href=\"https:\/\/www.versiegelung24.com\/hu\/kozaro-hosszu-tavu-es-mely-hatasu.html\">k\u0151t\u00f6m\u00edt\u0151 anyagunkb\u00f3l<\/a> pr\u00f3baalkalmaz\u00e1shoz vagy kisebb ter\u00fcletek t\u00f6m\u00edt\u00e9s\u00e9hez.<\/p>\n","protected":false},"excerpt":{"rendered":"<p>  <strong>Minden \u00e1sv\u00e1nyi k\u0151 fel\u00fclethez belt\u00e9ren \u00e9s k\u00fclt\u00e9ren<\/strong><\/p>\n<p>\u2713 V\u00edzleperget\u0151 \u00e9s kop\u00e1s\u00e1ll\u00f3 nanobevonat<\/p>\n<p>\u2713 K\u00f6nnyen tiszt\u00edthat\u00f3 hat\u00e1s: nem tapad le a szennyez\u0151d\u00e9s, k\u00f6nnyen elt\u00e1vol\u00edthat\u00f3<\/p>\n<p>\u2713 Teljesen l\u00e1thatatlan: Nem v\u00e1ltozik a fel\u00fclet megjelen\u00e9se \u00e9s tapint\u00e1sa<\/p>\n<p>\u2713 A fel\u00fclet l\u00e9g\u00e1tereszt\u0151 marad<\/p>\n<p>\u2713 Megakad\u00e1lyozza a moha, zuzm\u00f3, gomb\u00e1k n\u00f6veked\u00e9s\u00e9t \u00e9s a z\u00f6ld n\u00f6veked\u00e9s kialakul\u00e1s\u00e1t<\/p>\n","protected":false},"featured_media":14611,"template":"","meta":{"_acf_changed":false,"neve_meta_sidebar":"","neve_meta_container":"","neve_meta_enable_content_width":"","neve_meta_content_width":0,"neve_meta_title_alignment":"","neve_meta_author_avatar":"","neve_post_elements_order":"","neve_meta_disable_header":"","neve_meta_disable_footer":"","neve_meta_disable_title":"","neve_meta_reading_time":"","_surfaces":[],"_ver_product_tabs":[],"footnotes":""},"product_brand":[],"product_cat":[2653],"product_tag":[],"class_list":{"0":"post-23900","1":"product","2":"type-product","3":"status-publish","4":"has-post-thumbnail","6":"product_cat-sablon","7":"pa_gebinde-50-ml-es-palack","8":"pa_gebinde-100-ml-es-palack","10":"first","11":"instock","12":"sold-individually","13":"taxable","14":"shipping-taxable","15":"purchasable","16":"product-type-simple"},"acf":[],"yoast_head":"<!-- This site is optimized with the Yoast SEO Premium plugin v22.8 (Yoast SEO v27.3) - https:\/\/yoast.com\/product\/yoast-seo-premium-wordpress\/ -->\n<title>Minta: Professzion\u00e1lis k\u0151t\u00f6m\u00edt\u0151 m\u00e9lys\u00e9ghat\u00e1ssal - 3000-7620 - versiegelung24.com<\/title>\n<meta name=\"robots\" content=\"index, follow, max-snippet:-1, max-image-preview:large, max-video-preview:-1\" \/>\n<link rel=\"canonical\" href=\"https:\/\/www.versiegelung24.com\/hu\/minta-professzionalis-kotoemites-melyseghatassal.html\" \/>\n<meta property=\"og:locale\" content=\"hu_HU\" \/>\n<meta property=\"og:type\" content=\"article\" \/>\n<meta property=\"og:title\" content=\"Minta: Professzion\u00e1lis k\u0151t\u00f6m\u00edt\u0151 m\u00e9lys\u00e9ghat\u00e1ssal - 3000-7620\" \/>\n<meta property=\"og:description\" content=\"Minden \u00e1sv\u00e1nyi k\u0151 fel\u00fclethez belt\u00e9ren \u00e9s k\u00fclt\u00e9ren \u2713 V\u00edzleperget\u0151 \u00e9s kop\u00e1s\u00e1ll\u00f3 nanobevonat \u2713 K\u00f6nnyen tiszt\u00edthat\u00f3 hat\u00e1s: nem tapad le a szennyez\u0151d\u00e9s, k\u00f6nnyen elt\u00e1vol\u00edthat\u00f3 \u2713 Teljesen l\u00e1thatatlan: Nem v\u00e1ltozik a fel\u00fclet megjelen\u00e9se \u00e9s tapint\u00e1sa \u2713 A fel\u00fclet l\u00e9g\u00e1tereszt\u0151 marad \u2713 Megakad\u00e1lyozza a moha, zuzm\u00f3, gomb\u00e1k n\u00f6veked\u00e9s\u00e9t \u00e9s a z\u00f6ld n\u00f6veked\u00e9s kialakul\u00e1s\u00e1t\" \/>\n<meta property=\"og:url\" content=\"https:\/\/www.versiegelung24.com\/hu\/minta-professzionalis-kotoemites-melyseghatassal.html\" \/>\n<meta property=\"og:site_name\" content=\"versiegelung24.com\" \/>\n<meta property=\"article:modified_time\" content=\"2025-01-03T23:07:02+00:00\" \/>\n<meta property=\"og:image\" content=\"https:\/\/www.versiegelung24.com\/wp-content\/uploads\/2020\/04\/versiegelung-muster.png\" \/>\n\t<meta property=\"og:image:width\" content=\"1000\" \/>\n\t<meta property=\"og:image:height\" content=\"1000\" \/>\n\t<meta property=\"og:image:type\" content=\"image\/png\" \/>\n<meta name=\"twitter:card\" content=\"summary_large_image\" \/>\n<meta name=\"twitter:label1\" content=\"\u00c1r\" \/>\n\t<meta name=\"twitter:data1\" content=\"14,99&euro;\" \/>\n\t<meta name=\"twitter:label2\" content=\"El\u00e9rhet\u0151s\u00e9g\" \/>\n\t<meta name=\"twitter:data2\" content=\"K\u00e9szleten\" \/>\n<script type=\"application\/ld+json\" class=\"yoast-schema-graph\">{\"@context\":\"https:\\\/\\\/schema.org\",\"@graph\":[{\"@type\":\"WebPage\",\"@id\":\"https:\\\/\\\/www.versiegelung24.com\\\/hu\\\/minta-professzionalis-kotoemites-melyseghatassal.html\",\"url\":\"https:\\\/\\\/www.versiegelung24.com\\\/hu\\\/minta-professzionalis-kotoemites-melyseghatassal.html\",\"name\":\"Minta: Professzion\u00e1lis k\u0151t\u00f6m\u00edt\u0151 m\u00e9lys\u00e9ghat\u00e1ssal - 3000-7620 - versiegelung24.com\",\"isPartOf\":{\"@id\":\"https:\\\/\\\/www.versiegelung24.com\\\/hu\\\/#website\"},\"primaryImageOfPage\":{\"@id\":\"https:\\\/\\\/www.versiegelung24.com\\\/hu\\\/minta-professzionalis-kotoemites-melyseghatassal.html#primaryimage\"},\"image\":{\"@id\":\"https:\\\/\\\/www.versiegelung24.com\\\/hu\\\/minta-professzionalis-kotoemites-melyseghatassal.html#primaryimage\"},\"thumbnailUrl\":\"https:\\\/\\\/www.versiegelung24.com\\\/wp-content\\\/uploads\\\/2020\\\/04\\\/versiegelung-muster.png\",\"datePublished\":\"2020-04-27T20:30:06+00:00\",\"dateModified\":\"2025-01-03T23:07:02+00:00\",\"breadcrumb\":{\"@id\":\"https:\\\/\\\/www.versiegelung24.com\\\/hu\\\/minta-professzionalis-kotoemites-melyseghatassal.html#breadcrumb\"},\"inLanguage\":\"hu\",\"potentialAction\":[{\"@type\":\"ReadAction\",\"target\":[\"https:\\\/\\\/www.versiegelung24.com\\\/hu\\\/minta-professzionalis-kotoemites-melyseghatassal.html\"]}]},{\"@type\":\"ImageObject\",\"inLanguage\":\"hu\",\"@id\":\"https:\\\/\\\/www.versiegelung24.com\\\/hu\\\/minta-professzionalis-kotoemites-melyseghatassal.html#primaryimage\",\"url\":\"https:\\\/\\\/www.versiegelung24.com\\\/wp-content\\\/uploads\\\/2020\\\/04\\\/versiegelung-muster.png\",\"contentUrl\":\"https:\\\/\\\/www.versiegelung24.com\\\/wp-content\\\/uploads\\\/2020\\\/04\\\/versiegelung-muster.png\",\"width\":1000,\"height\":1000},{\"@type\":\"BreadcrumbList\",\"@id\":\"https:\\\/\\\/www.versiegelung24.com\\\/hu\\\/minta-professzionalis-kotoemites-melyseghatassal.html#breadcrumb\",\"itemListElement\":[{\"@type\":\"ListItem\",\"position\":1,\"name\":\"Honlap\",\"item\":\"https:\\\/\\\/www.versiegelung24.com\\\/hu\\\/elol\\\/\"},{\"@type\":\"ListItem\",\"position\":2,\"name\":\"\u00dczlet\",\"item\":\"https:\\\/\\\/www.versiegelung24.com\\\/hu\\\/uzlet\\\/\"},{\"@type\":\"ListItem\",\"position\":3,\"name\":\"Minta: Professzion\u00e1lis k\u0151t\u00f6m\u00edt\u0151 m\u00e9lys\u00e9ghat\u00e1ssal &#8211; 3000-7620\"}]},{\"@type\":\"WebSite\",\"@id\":\"https:\\\/\\\/www.versiegelung24.com\\\/hu\\\/#website\",\"url\":\"https:\\\/\\\/www.versiegelung24.com\\\/hu\\\/\",\"name\":\"versiegelung24.com\",\"description\":\"Fl\u00fcssigglas-Versiegelung - Made in Germany\",\"publisher\":{\"@id\":\"https:\\\/\\\/www.versiegelung24.com\\\/hu\\\/#organization\"},\"potentialAction\":[{\"@type\":\"SearchAction\",\"target\":{\"@type\":\"EntryPoint\",\"urlTemplate\":\"https:\\\/\\\/www.versiegelung24.com\\\/hu\\\/?s={search_term_string}\"},\"query-input\":{\"@type\":\"PropertyValueSpecification\",\"valueRequired\":true,\"valueName\":\"search_term_string\"}}],\"inLanguage\":\"hu\"},{\"@type\":\"Organization\",\"@id\":\"https:\\\/\\\/www.versiegelung24.com\\\/hu\\\/#organization\",\"name\":\"versiegelung24\",\"url\":\"https:\\\/\\\/www.versiegelung24.com\\\/hu\\\/\",\"logo\":{\"@type\":\"ImageObject\",\"inLanguage\":\"hu\",\"@id\":\"https:\\\/\\\/www.versiegelung24.com\\\/hu\\\/#\\\/schema\\\/logo\\\/image\\\/\",\"url\":\"https:\\\/\\\/www.versiegelung24.com\\\/wp-content\\\/uploads\\\/2020\\\/04\\\/versiegelung24.png\",\"contentUrl\":\"https:\\\/\\\/www.versiegelung24.com\\\/wp-content\\\/uploads\\\/2020\\\/04\\\/versiegelung24.png\",\"width\":470,\"height\":102,\"caption\":\"versiegelung24\"},\"image\":{\"@id\":\"https:\\\/\\\/www.versiegelung24.com\\\/hu\\\/#\\\/schema\\\/logo\\\/image\\\/\"}}]}<\/script>\n<meta property=\"product:price:amount\" content=\"14.99\" \/>\n<meta property=\"product:price:currency\" content=\"EUR\" \/>\n<meta property=\"og:availability\" content=\"instock\" \/>\n<meta property=\"product:availability\" content=\"instock\" \/>\n<meta property=\"product:retailer_item_id\" content=\"3000-7620-muster\" \/>\n<meta property=\"product:condition\" content=\"new\" \/>\n<!-- \/ Yoast SEO Premium plugin. -->","yoast_head_json":{"title":"Minta: Professzion\u00e1lis k\u0151t\u00f6m\u00edt\u0151 m\u00e9lys\u00e9ghat\u00e1ssal - 3000-7620 - versiegelung24.com","robots":{"index":"index","follow":"follow","max-snippet":"max-snippet:-1","max-image-preview":"max-image-preview:large","max-video-preview":"max-video-preview:-1"},"canonical":"https:\/\/www.versiegelung24.com\/hu\/minta-professzionalis-kotoemites-melyseghatassal.html","og_locale":"hu_HU","og_type":"article","og_title":"Minta: Professzion\u00e1lis k\u0151t\u00f6m\u00edt\u0151 m\u00e9lys\u00e9ghat\u00e1ssal - 3000-7620","og_description":"Minden \u00e1sv\u00e1nyi k\u0151 fel\u00fclethez belt\u00e9ren \u00e9s k\u00fclt\u00e9ren \u2713 V\u00edzleperget\u0151 \u00e9s kop\u00e1s\u00e1ll\u00f3 nanobevonat \u2713 K\u00f6nnyen tiszt\u00edthat\u00f3 hat\u00e1s: nem tapad le a szennyez\u0151d\u00e9s, k\u00f6nnyen elt\u00e1vol\u00edthat\u00f3 \u2713 Teljesen l\u00e1thatatlan: Nem v\u00e1ltozik a fel\u00fclet megjelen\u00e9se \u00e9s tapint\u00e1sa \u2713 A fel\u00fclet l\u00e9g\u00e1tereszt\u0151 marad \u2713 Megakad\u00e1lyozza a moha, zuzm\u00f3, gomb\u00e1k n\u00f6veked\u00e9s\u00e9t \u00e9s a z\u00f6ld n\u00f6veked\u00e9s kialakul\u00e1s\u00e1t","og_url":"https:\/\/www.versiegelung24.com\/hu\/minta-professzionalis-kotoemites-melyseghatassal.html","og_site_name":"versiegelung24.com","article_modified_time":"2025-01-03T23:07:02+00:00","og_image":[{"width":1000,"height":1000,"url":"https:\/\/www.versiegelung24.com\/wp-content\/uploads\/2020\/04\/versiegelung-muster.png","type":"image\/png"}],"twitter_card":"summary_large_image","twitter_misc":{"\u00c1r":"14,99&euro;","El\u00e9rhet\u0151s\u00e9g":"K\u00e9szleten"},"schema":{"@context":"https:\/\/schema.org","@graph":[{"@type":"WebPage","@id":"https:\/\/www.versiegelung24.com\/hu\/minta-professzionalis-kotoemites-melyseghatassal.html","url":"https:\/\/www.versiegelung24.com\/hu\/minta-professzionalis-kotoemites-melyseghatassal.html","name":"Minta: Professzion\u00e1lis k\u0151t\u00f6m\u00edt\u0151 m\u00e9lys\u00e9ghat\u00e1ssal - 3000-7620 - versiegelung24.com","isPartOf":{"@id":"https:\/\/www.versiegelung24.com\/hu\/#website"},"primaryImageOfPage":{"@id":"https:\/\/www.versiegelung24.com\/hu\/minta-professzionalis-kotoemites-melyseghatassal.html#primaryimage"},"image":{"@id":"https:\/\/www.versiegelung24.com\/hu\/minta-professzionalis-kotoemites-melyseghatassal.html#primaryimage"},"thumbnailUrl":"https:\/\/www.versiegelung24.com\/wp-content\/uploads\/2020\/04\/versiegelung-muster.png","datePublished":"2020-04-27T20:30:06+00:00","dateModified":"2025-01-03T23:07:02+00:00","breadcrumb":{"@id":"https:\/\/www.versiegelung24.com\/hu\/minta-professzionalis-kotoemites-melyseghatassal.html#breadcrumb"},"inLanguage":"hu","potentialAction":[{"@type":"ReadAction","target":["https:\/\/www.versiegelung24.com\/hu\/minta-professzionalis-kotoemites-melyseghatassal.html"]}]},{"@type":"ImageObject","inLanguage":"hu","@id":"https:\/\/www.versiegelung24.com\/hu\/minta-professzionalis-kotoemites-melyseghatassal.html#primaryimage","url":"https:\/\/www.versiegelung24.com\/wp-content\/uploads\/2020\/04\/versiegelung-muster.png","contentUrl":"https:\/\/www.versiegelung24.com\/wp-content\/uploads\/2020\/04\/versiegelung-muster.png","width":1000,"height":1000},{"@type":"BreadcrumbList","@id":"https:\/\/www.versiegelung24.com\/hu\/minta-professzionalis-kotoemites-melyseghatassal.html#breadcrumb","itemListElement":[{"@type":"ListItem","position":1,"name":"Honlap","item":"https:\/\/www.versiegelung24.com\/hu\/elol\/"},{"@type":"ListItem","position":2,"name":"\u00dczlet","item":"https:\/\/www.versiegelung24.com\/hu\/uzlet\/"},{"@type":"ListItem","position":3,"name":"Minta: Professzion\u00e1lis k\u0151t\u00f6m\u00edt\u0151 m\u00e9lys\u00e9ghat\u00e1ssal &#8211; 3000-7620"}]},{"@type":"WebSite","@id":"https:\/\/www.versiegelung24.com\/hu\/#website","url":"https:\/\/www.versiegelung24.com\/hu\/","name":"versiegelung24.com","description":"Fl\u00fcssigglas-Versiegelung - Made in Germany","publisher":{"@id":"https:\/\/www.versiegelung24.com\/hu\/#organization"},"potentialAction":[{"@type":"SearchAction","target":{"@type":"EntryPoint","urlTemplate":"https:\/\/www.versiegelung24.com\/hu\/?s={search_term_string}"},"query-input":{"@type":"PropertyValueSpecification","valueRequired":true,"valueName":"search_term_string"}}],"inLanguage":"hu"},{"@type":"Organization","@id":"https:\/\/www.versiegelung24.com\/hu\/#organization","name":"versiegelung24","url":"https:\/\/www.versiegelung24.com\/hu\/","logo":{"@type":"ImageObject","inLanguage":"hu","@id":"https:\/\/www.versiegelung24.com\/hu\/#\/schema\/logo\/image\/","url":"https:\/\/www.versiegelung24.com\/wp-content\/uploads\/2020\/04\/versiegelung24.png","contentUrl":"https:\/\/www.versiegelung24.com\/wp-content\/uploads\/2020\/04\/versiegelung24.png","width":470,"height":102,"caption":"versiegelung24"},"image":{"@id":"https:\/\/www.versiegelung24.com\/hu\/#\/schema\/logo\/image\/"}}]},"product_price_amount":"14.99","product_price_currency":"EUR","og_availability":"instock","product_availability":"instock","product_retailer_item_id":"3000-7620-muster","product_condition":"new"},"_links":{"self":[{"href":"https:\/\/www.versiegelung24.com\/hu\/wp-json\/wp\/v2\/product\/23900","targetHints":{"allow":["GET"]}}],"collection":[{"href":"https:\/\/www.versiegelung24.com\/hu\/wp-json\/wp\/v2\/product"}],"about":[{"href":"https:\/\/www.versiegelung24.com\/hu\/wp-json\/wp\/v2\/types\/product"}],"version-history":[{"count":2,"href":"https:\/\/www.versiegelung24.com\/hu\/wp-json\/wp\/v2\/product\/23900\/revisions"}],"predecessor-version":[{"id":140589,"href":"https:\/\/www.versiegelung24.com\/hu\/wp-json\/wp\/v2\/product\/23900\/revisions\/140589"}],"wp:featuredmedia":[{"embeddable":true,"href":"https:\/\/www.versiegelung24.com\/hu\/wp-json\/wp\/v2\/media\/14611"}],"wp:attachment":[{"href":"https:\/\/www.versiegelung24.com\/hu\/wp-json\/wp\/v2\/media?parent=23900"}],"wp:term":[{"taxonomy":"product_brand","embeddable":true,"href":"https:\/\/www.versiegelung24.com\/hu\/wp-json\/wp\/v2\/product_brand?post=23900"},{"taxonomy":"product_cat","embeddable":true,"href":"https:\/\/www.versiegelung24.com\/hu\/wp-json\/wp\/v2\/product_cat?post=23900"},{"taxonomy":"product_tag","embeddable":true,"href":"https:\/\/www.versiegelung24.com\/hu\/wp-json\/wp\/v2\/product_tag?post=23900"}],"curies":[{"name":"wp","href":"https:\/\/api.w.org\/{rel}","templated":true}]}}