{"id":24009,"date":"2020-04-04T18:53:45","date_gmt":"2021-08-02T20:18:18","guid":{"rendered":"https:\/\/www.versiegelung24.com\/produkt\/premium-textil-es-papir-tomites-rendkivul-vizlepergeto"},"modified":"2025-01-04T00:12:26","modified_gmt":"2025-01-03T23:12:26","slug":"premium-textil-es-papirzaro-extrem-viztaszito","status":"publish","type":"product","link":"https:\/\/www.versiegelung24.com\/hu\/premium-textil-es-papir-tomites-rendkivul-vizlepergeto.html","title":{"rendered":"Dura Tex &#8211; Pr\u00e9mium textil t\u00f6m\u00edt\u0151anyag extr\u00e9m v\u00edzleperget\u0151 k\u00e9pess\u00e9ggel"},"content":{"rendered":"\n<p><strong>Rendk\u00edv\u00fcl hat\u00e9kony, pr\u00e9mium kateg\u00f3ri\u00e1s textil t\u00f6m\u00edt\u0151anyag extr\u00e9m v\u00edzleperget\u0151 k\u00e9pess\u00e9ggel, belt\u00e9ren \u00e9s k\u00fclt\u00e9ren egyar\u00e1nt haszn\u00e1lhat\u00f3.<\/strong><\/p>\n\n<p>Professzion\u00e1lis min\u0151s\u00e9g &#8211; N\u00e9metorsz\u00e1gban gy\u00e1rtva<\/p>\n\n<p>T\u00e9telsz\u00e1m: 6002-7689<\/p>\n\n<p>A <strong>V24 Dura Tex &#8211; Pr\u00e9mium textilszigetel\u0151<\/strong> szinte minden textilt \u00e9s pap\u00edrt megv\u00e9d a v\u00edzt\u0151l, szennyez\u0151d\u00e9sekt\u0151l \u00e9s foltokt\u00f3l &#8211; \u00e9s maga is l\u00e1thatatlan marad. Nem befoly\u00e1solja megjelen\u00e9s\u00fcket, l\u00e9legz\u0151k\u00e9pess\u00e9g\u00fcket, sz\u00edn\u00fcket vagy tapint\u00e1sukat, \u00e9s k\u00f6nnyen vigy\u00e1znak r\u00e1juk.<\/p>\n\n<p>A bevonat rendk\u00edv\u00fcl v\u00edztasz\u00edt\u00f3 a k\u00fclt\u00e9ri sz\u00f6veteken; \u00edgy tov\u00e1bb maradnak sz\u00e1razon. Az olaj, a k\u00e1v\u00e9 \u00e9s m\u00e1s gyakori foltok a m\u00falt\u00e9, ha a text\u00edli\u00e1kat el\u0151zetesen kezelt\u00e9k.<\/p>\n\n<hr\/>\n\n<h4 class=\"wp-block-heading\" id=\"properties\">A term\u00e9k jellemz\u0151i<\/h4>\n\n<div class=\"wp-block-columns is-layout-flex wp-container-core-columns-is-layout-9d6595d7 wp-block-columns-is-layout-flex\">\n<div class=\"wp-block-column is-layout-flow wp-block-column-is-layout-flow\">\n<ul class=\"wp-block-list\">\n<li>Nagyon er\u0151s hidrof\u00f3b \u00e9s oleof\u00f3b hat\u00e1s (v\u00edz- \u00e9s olajtasz\u00edt\u00f3 k\u00e9pess\u00e9g).<\/li>\n\n\n\n<li>Kop\u00e1s\u00e1ll\u00f3, k\u00f6nnyen tiszt\u00edthat\u00f3 hat\u00e1s: a szil\u00e1rd k\u00e9miai k\u00f6t\u00e9s kiv\u00e1l\u00f3 kop\u00e1s\u00e1ll\u00f3s\u00e1got \u00e9s mos\u00f3g\u00e9p-ellen\u00e1ll\u00e1st tesz lehet\u0151v\u00e9-a bevonat addig tapad a sz\u00e1lhoz, am\u00edg a k\u00fcls\u0151 hat\u00e1sok el nem puszt\u00edtj\u00e1k<\/li>\n\n\n\n<li>A szennyez\u0151d\u00e9seket nedves ruh\u00e1val k\u00f6nnyen elt\u00e1vol\u00edthatja<\/li>\n\n\n\n<li>L\u00e9g\u00e1tereszt\u0151<\/li>\n\n\n\n<li>L\u00e1thatatlan (nem v\u00e1ltozik a megjelen\u00e9s \u00e9s az \u00e9rz\u00e9s)<\/li>\n\n\n\n<li>Er\u0151s tapad\u00e1smentes tulajdons\u00e1gok<\/li>\n\n\n\n<li>V\u00e9delem foltok ellen<\/li>\n<\/ul>\n<\/div>\n\n\n\n<div class=\"wp-block-column is-layout-flow wp-block-column-is-layout-flow\">\n<ul class=\"wp-block-list\">\n<li>N\u00f6veli a kop\u00e1s\u00e1ll\u00f3s\u00e1got<\/li>\n\n\n\n<li>A megjelen\u00e9s nem romlik<\/li>\n\n\n\n<li>SiO\u00b2 nano technol\u00f3gia<\/li>\n\n\n\n<li>A sz\u00e1lak v\u00e9delme a szennyez\u0151d\u00e9sek behatol\u00e1s\u00e1t\u00f3l<\/li>\n\n\n\n<li>Egyszer\u0171 alkalmaz\u00e1s<\/li>\n\n\n\n<li>Hossz\u00fa eltarthat\u00f3s\u00e1g a mechanikai ig\u00e9nybev\u00e9telt\u0151l f\u00fcgg\u0151en<\/li>\n<\/ul>\n\n\n\n<p><br\/><br\/>Sz\u00e1ll\u00edt\u00e1si terjedelem: 1 x literes flakon 1 x term\u00e9kle\u00edr\u00e1s<\/p>\n<\/div>\n<\/div>\n\n<hr\/>\n\n<h4 class=\"wp-block-heading\" id=\"application\">Alkalmaz\u00e1s<\/h4>\n\n<div class=\"wp-block-columns is-layout-flex wp-container-core-columns-is-layout-9d6595d7 wp-block-columns-is-layout-flex\">\n<div class=\"wp-block-column is-layout-flow wp-block-column-is-layout-flow\">\n<ul class=\"wp-block-list\">\n<li>ruh\u00e1zat<\/li>\n\n\n\n<li>K\u00fclt\u00e9ri sz\u00f6vetek<\/li>\n\n\n\n<li>Lak\u00e1stextil (k\u00e1rpit, b\u00fator, sz\u0151nyeg)<\/li>\n\n\n\n<li>Vel\u00far \/ b\u0151r<\/li>\n\n\n\n<li>Pap\u00edr karton<\/li>\n<\/ul>\n\n\n\n<p>A fogyaszt\u00e1s nagyban f\u00fcgg a bevonand\u00f3 anyag szerkezet\u00e9t\u0151l, nedvsz\u00edv\u00f3 k\u00e9pess\u00e9g\u00e9t\u0151l \u00e9s vastags\u00e1g\u00e1t\u00f3l, kb. 10-50 m\u00b2 \/ liter (kb. 10 ml \/ m\u00b2 \/ mm vastags\u00e1gt\u00f3l f\u00fcgg\u0151en, a nedvsz\u00edv\u00f3 k\u00e9pess\u00e9gt\u0151l f\u00fcgg\u0151en).<\/p>\n<\/div>\n\n\n\n<div class=\"wp-block-column is-layout-flow wp-block-column-is-layout-flow\">\n<p>Egyszer\u0171 alkalmaz\u00e1s:<\/p>\n\n\n\n<p>1. K\u00e9zi: alkalmaz\u00e1s a textil nedves\u00edt\u00e9s\u00e9vel (permetez\u00e9s vagy mer\u00edt\u00e9s)<\/p>\n\n\n\n<p>2. Ipari: Alkalmaz\u00e1s kereskedelmi forgalomban kaphat\u00f3 rendszereken<\/p>\n\n\n\n<p><br\/>Ez a SiO2 bevonat 24 \u00f3ra eltelt\u00e9vel teljesen t\u00e9rh\u00e1l\u00f3sodik \u00e9s kikem\u00e9nyedik. A k\u00f6nnyen tiszt\u00edthat\u00f3 hat\u00e1st el\u0151sz\u00f6r ezt a kikem\u00e9nyed\u00e9si f\u00e1zist k\u00f6vet\u0151en lehet tesztelni.<\/p>\n<\/div>\n<\/div>\n","protected":false},"excerpt":{"rendered":"<p>\u2713 L\u00e9legz\u0151<\/p>\n<p>\u2713 V\u00e9delem a foltokt\u00f3l<\/p>\n<p>\u2713 Extr\u00e9m v\u00edztasz\u00edt\u00f3 k\u00e9pess\u00e9ggel<\/p>\n<p>\u2713 K\u00fcls\u0151 \u00e9s bels\u0151 haszn\u00e1latra<\/p>\n","protected":false},"featured_media":125324,"template":"","meta":{"_acf_changed":false,"neve_meta_sidebar":"","neve_meta_container":"","neve_meta_enable_content_width":"","neve_meta_content_width":0,"neve_meta_title_alignment":"","neve_meta_author_avatar":"","neve_post_elements_order":"","neve_meta_disable_header":"","neve_meta_disable_footer":"","neve_meta_disable_title":"","neve_meta_reading_time":"","_surfaces":[],"_ver_product_tabs":[],"footnotes":""},"product_brand":[],"product_cat":[2276],"product_tag":[],"class_list":{"0":"post-24009","1":"product","2":"type-product","3":"status-publish","4":"has-post-thumbnail","6":"product_cat-bor-es-textil-toemites","8":"first","9":"instock","10":"taxable","11":"shipping-taxable","12":"purchasable","13":"product-type-simple"},"acf":[],"yoast_head":"<!-- This site is optimized with the Yoast SEO Premium plugin v22.8 (Yoast SEO v27.4) - https:\/\/yoast.com\/product\/yoast-seo-premium-wordpress\/ -->\n<title>Dura Tex - Pr\u00e9mium textil t\u00f6m\u00edt\u0151anyag extr\u00e9m v\u00edzleperget\u0151 k\u00e9pess\u00e9ggel - versiegelung24.com<\/title>\n<meta name=\"robots\" content=\"index, follow, max-snippet:-1, max-image-preview:large, max-video-preview:-1\" \/>\n<link rel=\"canonical\" href=\"https:\/\/www.versiegelung24.com\/hu\/premium-textil-es-papir-tomites-rendkivul-vizlepergeto.html\" \/>\n<meta property=\"og:locale\" content=\"hu_HU\" \/>\n<meta property=\"og:type\" content=\"article\" \/>\n<meta property=\"og:title\" content=\"Dura Tex - Pr\u00e9mium textil t\u00f6m\u00edt\u0151anyag extr\u00e9m v\u00edzleperget\u0151 k\u00e9pess\u00e9ggel\" \/>\n<meta property=\"og:description\" content=\"\u2713 L\u00e9legz\u0151 \u2713 V\u00e9delem a foltokt\u00f3l \u2713 Extr\u00e9m v\u00edztasz\u00edt\u00f3 k\u00e9pess\u00e9ggel \u2713 K\u00fcls\u0151 \u00e9s bels\u0151 haszn\u00e1latra\" \/>\n<meta property=\"og:url\" content=\"https:\/\/www.versiegelung24.com\/hu\/premium-textil-es-papir-tomites-rendkivul-vizlepergeto.html\" \/>\n<meta property=\"og:site_name\" content=\"versiegelung24.com\" \/>\n<meta property=\"article:modified_time\" content=\"2025-01-03T23:12:26+00:00\" \/>\n<meta property=\"og:image\" content=\"https:\/\/www.versiegelung24.com\/wp-content\/uploads\/2020\/04\/produkt-6002-7689-1000-dura-tex-Premium-Textil-Papierversiegelung-scaled.webp\" \/>\n\t<meta property=\"og:image:width\" content=\"2560\" \/>\n\t<meta property=\"og:image:height\" content=\"2560\" \/>\n\t<meta property=\"og:image:type\" content=\"image\/webp\" \/>\n<meta name=\"twitter:card\" content=\"summary_large_image\" \/>\n<meta name=\"twitter:label1\" content=\"\u00c1r\" \/>\n\t<meta name=\"twitter:data1\" content=\"89,99&euro;\" \/>\n\t<meta name=\"twitter:label2\" content=\"El\u00e9rhet\u0151s\u00e9g\" \/>\n\t<meta name=\"twitter:data2\" content=\"K\u00e9szleten\" \/>\n<script type=\"application\/ld+json\" class=\"yoast-schema-graph\">{\"@context\":\"https:\\\/\\\/schema.org\",\"@graph\":[{\"@type\":\"WebPage\",\"@id\":\"https:\\\/\\\/www.versiegelung24.com\\\/hu\\\/premium-textil-es-papir-tomites-rendkivul-vizlepergeto.html\",\"url\":\"https:\\\/\\\/www.versiegelung24.com\\\/hu\\\/premium-textil-es-papir-tomites-rendkivul-vizlepergeto.html\",\"name\":\"Dura Tex - Pr\u00e9mium textil t\u00f6m\u00edt\u0151anyag extr\u00e9m v\u00edzleperget\u0151 k\u00e9pess\u00e9ggel - versiegelung24.com\",\"isPartOf\":{\"@id\":\"https:\\\/\\\/www.versiegelung24.com\\\/hu\\\/#website\"},\"primaryImageOfPage\":{\"@id\":\"https:\\\/\\\/www.versiegelung24.com\\\/hu\\\/premium-textil-es-papir-tomites-rendkivul-vizlepergeto.html#primaryimage\"},\"image\":{\"@id\":\"https:\\\/\\\/www.versiegelung24.com\\\/hu\\\/premium-textil-es-papir-tomites-rendkivul-vizlepergeto.html#primaryimage\"},\"thumbnailUrl\":\"https:\\\/\\\/www.versiegelung24.com\\\/wp-content\\\/uploads\\\/2020\\\/04\\\/produkt-6002-7689-1000-dura-tex-Premium-Textil-Papierversiegelung-scaled.webp\",\"datePublished\":\"2021-08-02T20:18:18+00:00\",\"dateModified\":\"2025-01-03T23:12:26+00:00\",\"breadcrumb\":{\"@id\":\"https:\\\/\\\/www.versiegelung24.com\\\/hu\\\/premium-textil-es-papir-tomites-rendkivul-vizlepergeto.html#breadcrumb\"},\"inLanguage\":\"hu\",\"potentialAction\":[{\"@type\":\"ReadAction\",\"target\":[\"https:\\\/\\\/www.versiegelung24.com\\\/hu\\\/premium-textil-es-papir-tomites-rendkivul-vizlepergeto.html\"]}]},{\"@type\":\"ImageObject\",\"inLanguage\":\"hu\",\"@id\":\"https:\\\/\\\/www.versiegelung24.com\\\/hu\\\/premium-textil-es-papir-tomites-rendkivul-vizlepergeto.html#primaryimage\",\"url\":\"https:\\\/\\\/www.versiegelung24.com\\\/wp-content\\\/uploads\\\/2020\\\/04\\\/produkt-6002-7689-1000-dura-tex-Premium-Textil-Papierversiegelung-scaled.webp\",\"contentUrl\":\"https:\\\/\\\/www.versiegelung24.com\\\/wp-content\\\/uploads\\\/2020\\\/04\\\/produkt-6002-7689-1000-dura-tex-Premium-Textil-Papierversiegelung-scaled.webp\",\"width\":2560,\"height\":2560},{\"@type\":\"BreadcrumbList\",\"@id\":\"https:\\\/\\\/www.versiegelung24.com\\\/hu\\\/premium-textil-es-papir-tomites-rendkivul-vizlepergeto.html#breadcrumb\",\"itemListElement\":[{\"@type\":\"ListItem\",\"position\":1,\"name\":\"Honlap\",\"item\":\"https:\\\/\\\/www.versiegelung24.com\\\/hu\\\/elol\\\/\"},{\"@type\":\"ListItem\",\"position\":2,\"name\":\"\u00dczlet\",\"item\":\"https:\\\/\\\/www.versiegelung24.com\\\/hu\\\/uzlet\\\/\"},{\"@type\":\"ListItem\",\"position\":3,\"name\":\"Dura Tex &#8211; Pr\u00e9mium textil t\u00f6m\u00edt\u0151anyag extr\u00e9m v\u00edzleperget\u0151 k\u00e9pess\u00e9ggel\"}]},{\"@type\":\"WebSite\",\"@id\":\"https:\\\/\\\/www.versiegelung24.com\\\/hu\\\/#website\",\"url\":\"https:\\\/\\\/www.versiegelung24.com\\\/hu\\\/\",\"name\":\"versiegelung24.com\",\"description\":\"Fl\u00fcssigglas-Versiegelung - Made in Germany\",\"publisher\":{\"@id\":\"https:\\\/\\\/www.versiegelung24.com\\\/hu\\\/#organization\"},\"potentialAction\":[{\"@type\":\"SearchAction\",\"target\":{\"@type\":\"EntryPoint\",\"urlTemplate\":\"https:\\\/\\\/www.versiegelung24.com\\\/hu\\\/?s={search_term_string}\"},\"query-input\":{\"@type\":\"PropertyValueSpecification\",\"valueRequired\":true,\"valueName\":\"search_term_string\"}}],\"inLanguage\":\"hu\"},{\"@type\":\"Organization\",\"@id\":\"https:\\\/\\\/www.versiegelung24.com\\\/hu\\\/#organization\",\"name\":\"versiegelung24\",\"url\":\"https:\\\/\\\/www.versiegelung24.com\\\/hu\\\/\",\"logo\":{\"@type\":\"ImageObject\",\"inLanguage\":\"hu\",\"@id\":\"https:\\\/\\\/www.versiegelung24.com\\\/hu\\\/#\\\/schema\\\/logo\\\/image\\\/\",\"url\":\"https:\\\/\\\/www.versiegelung24.com\\\/wp-content\\\/uploads\\\/2020\\\/04\\\/versiegelung24.png\",\"contentUrl\":\"https:\\\/\\\/www.versiegelung24.com\\\/wp-content\\\/uploads\\\/2020\\\/04\\\/versiegelung24.png\",\"width\":470,\"height\":102,\"caption\":\"versiegelung24\"},\"image\":{\"@id\":\"https:\\\/\\\/www.versiegelung24.com\\\/hu\\\/#\\\/schema\\\/logo\\\/image\\\/\"}}]}<\/script>\n<meta property=\"product:price:amount\" content=\"89.99\" \/>\n<meta property=\"product:price:currency\" content=\"EUR\" \/>\n<meta property=\"og:availability\" content=\"instock\" \/>\n<meta property=\"product:availability\" content=\"instock\" \/>\n<meta property=\"product:retailer_item_id\" content=\"6002-7689-1000\" \/>\n<meta property=\"product:condition\" content=\"new\" \/>\n<!-- \/ Yoast SEO Premium plugin. -->","yoast_head_json":{"title":"Dura Tex - Pr\u00e9mium textil t\u00f6m\u00edt\u0151anyag extr\u00e9m v\u00edzleperget\u0151 k\u00e9pess\u00e9ggel - versiegelung24.com","robots":{"index":"index","follow":"follow","max-snippet":"max-snippet:-1","max-image-preview":"max-image-preview:large","max-video-preview":"max-video-preview:-1"},"canonical":"https:\/\/www.versiegelung24.com\/hu\/premium-textil-es-papir-tomites-rendkivul-vizlepergeto.html","og_locale":"hu_HU","og_type":"article","og_title":"Dura Tex - Pr\u00e9mium textil t\u00f6m\u00edt\u0151anyag extr\u00e9m v\u00edzleperget\u0151 k\u00e9pess\u00e9ggel","og_description":"\u2713 L\u00e9legz\u0151 \u2713 V\u00e9delem a foltokt\u00f3l \u2713 Extr\u00e9m v\u00edztasz\u00edt\u00f3 k\u00e9pess\u00e9ggel \u2713 K\u00fcls\u0151 \u00e9s bels\u0151 haszn\u00e1latra","og_url":"https:\/\/www.versiegelung24.com\/hu\/premium-textil-es-papir-tomites-rendkivul-vizlepergeto.html","og_site_name":"versiegelung24.com","article_modified_time":"2025-01-03T23:12:26+00:00","og_image":[{"width":2560,"height":2560,"url":"https:\/\/www.versiegelung24.com\/wp-content\/uploads\/2020\/04\/produkt-6002-7689-1000-dura-tex-Premium-Textil-Papierversiegelung-scaled.webp","type":"image\/webp"}],"twitter_card":"summary_large_image","twitter_misc":{"\u00c1r":"89,99&euro;","El\u00e9rhet\u0151s\u00e9g":"K\u00e9szleten"},"schema":{"@context":"https:\/\/schema.org","@graph":[{"@type":"WebPage","@id":"https:\/\/www.versiegelung24.com\/hu\/premium-textil-es-papir-tomites-rendkivul-vizlepergeto.html","url":"https:\/\/www.versiegelung24.com\/hu\/premium-textil-es-papir-tomites-rendkivul-vizlepergeto.html","name":"Dura Tex - Pr\u00e9mium textil t\u00f6m\u00edt\u0151anyag extr\u00e9m v\u00edzleperget\u0151 k\u00e9pess\u00e9ggel - versiegelung24.com","isPartOf":{"@id":"https:\/\/www.versiegelung24.com\/hu\/#website"},"primaryImageOfPage":{"@id":"https:\/\/www.versiegelung24.com\/hu\/premium-textil-es-papir-tomites-rendkivul-vizlepergeto.html#primaryimage"},"image":{"@id":"https:\/\/www.versiegelung24.com\/hu\/premium-textil-es-papir-tomites-rendkivul-vizlepergeto.html#primaryimage"},"thumbnailUrl":"https:\/\/www.versiegelung24.com\/wp-content\/uploads\/2020\/04\/produkt-6002-7689-1000-dura-tex-Premium-Textil-Papierversiegelung-scaled.webp","datePublished":"2021-08-02T20:18:18+00:00","dateModified":"2025-01-03T23:12:26+00:00","breadcrumb":{"@id":"https:\/\/www.versiegelung24.com\/hu\/premium-textil-es-papir-tomites-rendkivul-vizlepergeto.html#breadcrumb"},"inLanguage":"hu","potentialAction":[{"@type":"ReadAction","target":["https:\/\/www.versiegelung24.com\/hu\/premium-textil-es-papir-tomites-rendkivul-vizlepergeto.html"]}]},{"@type":"ImageObject","inLanguage":"hu","@id":"https:\/\/www.versiegelung24.com\/hu\/premium-textil-es-papir-tomites-rendkivul-vizlepergeto.html#primaryimage","url":"https:\/\/www.versiegelung24.com\/wp-content\/uploads\/2020\/04\/produkt-6002-7689-1000-dura-tex-Premium-Textil-Papierversiegelung-scaled.webp","contentUrl":"https:\/\/www.versiegelung24.com\/wp-content\/uploads\/2020\/04\/produkt-6002-7689-1000-dura-tex-Premium-Textil-Papierversiegelung-scaled.webp","width":2560,"height":2560},{"@type":"BreadcrumbList","@id":"https:\/\/www.versiegelung24.com\/hu\/premium-textil-es-papir-tomites-rendkivul-vizlepergeto.html#breadcrumb","itemListElement":[{"@type":"ListItem","position":1,"name":"Honlap","item":"https:\/\/www.versiegelung24.com\/hu\/elol\/"},{"@type":"ListItem","position":2,"name":"\u00dczlet","item":"https:\/\/www.versiegelung24.com\/hu\/uzlet\/"},{"@type":"ListItem","position":3,"name":"Dura Tex &#8211; Pr\u00e9mium textil t\u00f6m\u00edt\u0151anyag extr\u00e9m v\u00edzleperget\u0151 k\u00e9pess\u00e9ggel"}]},{"@type":"WebSite","@id":"https:\/\/www.versiegelung24.com\/hu\/#website","url":"https:\/\/www.versiegelung24.com\/hu\/","name":"versiegelung24.com","description":"Fl\u00fcssigglas-Versiegelung - Made in Germany","publisher":{"@id":"https:\/\/www.versiegelung24.com\/hu\/#organization"},"potentialAction":[{"@type":"SearchAction","target":{"@type":"EntryPoint","urlTemplate":"https:\/\/www.versiegelung24.com\/hu\/?s={search_term_string}"},"query-input":{"@type":"PropertyValueSpecification","valueRequired":true,"valueName":"search_term_string"}}],"inLanguage":"hu"},{"@type":"Organization","@id":"https:\/\/www.versiegelung24.com\/hu\/#organization","name":"versiegelung24","url":"https:\/\/www.versiegelung24.com\/hu\/","logo":{"@type":"ImageObject","inLanguage":"hu","@id":"https:\/\/www.versiegelung24.com\/hu\/#\/schema\/logo\/image\/","url":"https:\/\/www.versiegelung24.com\/wp-content\/uploads\/2020\/04\/versiegelung24.png","contentUrl":"https:\/\/www.versiegelung24.com\/wp-content\/uploads\/2020\/04\/versiegelung24.png","width":470,"height":102,"caption":"versiegelung24"},"image":{"@id":"https:\/\/www.versiegelung24.com\/hu\/#\/schema\/logo\/image\/"}}]},"product_price_amount":"89.99","product_price_currency":"EUR","og_availability":"instock","product_availability":"instock","product_retailer_item_id":"6002-7689-1000","product_condition":"new"},"_links":{"self":[{"href":"https:\/\/www.versiegelung24.com\/hu\/wp-json\/wp\/v2\/product\/24009","targetHints":{"allow":["GET"]}}],"collection":[{"href":"https:\/\/www.versiegelung24.com\/hu\/wp-json\/wp\/v2\/product"}],"about":[{"href":"https:\/\/www.versiegelung24.com\/hu\/wp-json\/wp\/v2\/types\/product"}],"version-history":[{"count":13,"href":"https:\/\/www.versiegelung24.com\/hu\/wp-json\/wp\/v2\/product\/24009\/revisions"}],"predecessor-version":[{"id":177879,"href":"https:\/\/www.versiegelung24.com\/hu\/wp-json\/wp\/v2\/product\/24009\/revisions\/177879"}],"wp:featuredmedia":[{"embeddable":true,"href":"https:\/\/www.versiegelung24.com\/hu\/wp-json\/wp\/v2\/media\/125324"}],"wp:attachment":[{"href":"https:\/\/www.versiegelung24.com\/hu\/wp-json\/wp\/v2\/media?parent=24009"}],"wp:term":[{"taxonomy":"product_brand","embeddable":true,"href":"https:\/\/www.versiegelung24.com\/hu\/wp-json\/wp\/v2\/product_brand?post=24009"},{"taxonomy":"product_cat","embeddable":true,"href":"https:\/\/www.versiegelung24.com\/hu\/wp-json\/wp\/v2\/product_cat?post=24009"},{"taxonomy":"product_tag","embeddable":true,"href":"https:\/\/www.versiegelung24.com\/hu\/wp-json\/wp\/v2\/product_tag?post=24009"}],"curies":[{"name":"wp","href":"https:\/\/api.w.org\/{rel}","templated":true}]}}