{"id":24061,"date":"2020-04-29T20:41:14","date_gmt":"2020-04-29T18:41:14","guid":{"rendered":"https:\/\/www.versiegelung24.com\/produkt\/minta-beton-ko-tomites-extrem-viztaszito-tulajdonsagokkal-nem-lelegzo"},"modified":"2025-01-04T00:11:04","modified_gmt":"2025-01-03T23:11:04","slug":"mintabeton-kotomites-extrem-viztaszito-nem-lelegzo","status":"publish","type":"product","link":"https:\/\/www.versiegelung24.com\/hu\/mintabeton-kotoemites-extrem-viztaszito-nem-lelegzo.html","title":{"rendered":"Minta: Pr\u00e9mium beton \u00e9s k\u0151 t\u00f6m\u00edt\u0151anyag sz\u00ednm\u00e9ly\u00edt\u00e9ssel &#8211; nem l\u00e9g\u00e1tereszt\u0151 &#8211; 3008-704"},"content":{"rendered":"<p>100ml minta a&nbsp;<a href=\"https:\/\/www.versiegelung24.com\/hu\/premium-beton-ko-toemito-extrem-vizlepergeto-nem-lelegzo.html\">k\u0151t\u00f6m\u00edt\u0151 anyagunkb\u00f3l, extr\u00e9m v\u00edzleperget\u0151 k\u00e9pess\u00e9ggel<\/a>&nbsp;tesztel\u00e9sre vagy kisebb ter\u00fcletek t\u00f6m\u00edt\u00e9s\u00e9re.<\/p>\n","protected":false},"excerpt":{"rendered":"<p><strong>Rendk\u00edv\u00fcl v\u00edzleperget\u0151 \u00e1tl\u00e1tsz\u00f3 lakk belt\u00e9ri \u00e9s k\u00fclt\u00e9ri haszn\u00e1latra<\/strong>  <\/p>\n<p>\u2713 minden nedvsz\u00edv\u00f3 \u00e1sv\u00e1nyi k\u0151 \u00e9s beton fel\u00fcletre<\/p>\n<p>\u2713 K\u00f6nnyen tiszt\u00edthat\u00f3 hat\u00e1s: a szennyez\u0151d\u00e9s nem tapad, \u00e9s k\u00f6nnyen elt\u00e1vol\u00edthat\u00f3<\/p>\n<p>\u2713 a kezelt fel\u00fcletek nem l\u00e9legeznek<\/p>\n<p>\u2713 Megakad\u00e1lyozza a moha, zuzm\u00f3, gomb\u00e1k \u00e9s m\u00e1s term\u00e9szetes hat\u00e1sok n\u00f6veked\u00e9s\u00e9t<\/p>\n<p>\u2713 Sz\u00ednm\u00e9ly\u00edt\u0151 hat\u00e1s f\u00e9nyes f\u00f3li\u00e1val \/ a fel\u00fclet kiemel\u00e9s\u00e9vel<\/p>\n<p>\u2713 Felhaszn\u00e1lhat\u00f3s\u00e1gi id\u0151: 5 \u00e9v+<\/p>\n","protected":false},"featured_media":14611,"template":"","meta":{"_acf_changed":false,"neve_meta_sidebar":"","neve_meta_container":"","neve_meta_enable_content_width":"","neve_meta_content_width":0,"neve_meta_title_alignment":"","neve_meta_author_avatar":"","neve_post_elements_order":"","neve_meta_disable_header":"","neve_meta_disable_footer":"","neve_meta_disable_title":"","neve_meta_reading_time":"","_surfaces":[],"_ver_product_tabs":[],"footnotes":""},"product_brand":[],"product_cat":[2653],"product_tag":[],"class_list":{"0":"post-24061","1":"product","2":"type-product","3":"status-publish","4":"has-post-thumbnail","6":"product_cat-sablon","7":"pa_gebinde-100-ml-es-palack","9":"first","10":"onbackorder","11":"sold-individually","12":"taxable","13":"shipping-taxable","14":"purchasable","15":"product-type-variable","16":"has-default-attributes"},"acf":[],"yoast_head":"<!-- This site is optimized with the Yoast SEO Premium plugin v22.8 (Yoast SEO v27.3) - https:\/\/yoast.com\/product\/yoast-seo-premium-wordpress\/ -->\n<title>Minta: Pr\u00e9mium beton \u00e9s k\u0151 t\u00f6m\u00edt\u0151anyag sz\u00ednm\u00e9ly\u00edt\u00e9ssel - nem l\u00e9g\u00e1tereszt\u0151 - 3008-704 - versiegelung24.com<\/title>\n<meta name=\"robots\" content=\"index, follow, max-snippet:-1, max-image-preview:large, max-video-preview:-1\" \/>\n<link rel=\"canonical\" href=\"https:\/\/www.versiegelung24.com\/hu\/mintabeton-kotoemites-extrem-viztaszito-nem-lelegzo.html\" \/>\n<meta property=\"og:locale\" content=\"hu_HU\" \/>\n<meta property=\"og:type\" content=\"article\" \/>\n<meta property=\"og:title\" content=\"Minta: Pr\u00e9mium beton \u00e9s k\u0151 t\u00f6m\u00edt\u0151anyag sz\u00ednm\u00e9ly\u00edt\u00e9ssel - nem l\u00e9g\u00e1tereszt\u0151 - 3008-704\" \/>\n<meta property=\"og:description\" content=\"Rendk\u00edv\u00fcl v\u00edzleperget\u0151 \u00e1tl\u00e1tsz\u00f3 lakk belt\u00e9ri \u00e9s k\u00fclt\u00e9ri haszn\u00e1latra  \u2713 minden nedvsz\u00edv\u00f3 \u00e1sv\u00e1nyi k\u0151 \u00e9s beton fel\u00fcletre \u2713 K\u00f6nnyen tiszt\u00edthat\u00f3 hat\u00e1s: a szennyez\u0151d\u00e9s nem tapad, \u00e9s k\u00f6nnyen elt\u00e1vol\u00edthat\u00f3 \u2713 a kezelt fel\u00fcletek nem l\u00e9legeznek \u2713 Megakad\u00e1lyozza a moha, zuzm\u00f3, gomb\u00e1k \u00e9s m\u00e1s term\u00e9szetes hat\u00e1sok n\u00f6veked\u00e9s\u00e9t \u2713 Sz\u00ednm\u00e9ly\u00edt\u0151 hat\u00e1s f\u00e9nyes f\u00f3li\u00e1val \/ a fel\u00fclet kiemel\u00e9s\u00e9vel \u2713 Felhaszn\u00e1lhat\u00f3s\u00e1gi id\u0151: 5 \u00e9v+\" \/>\n<meta property=\"og:url\" content=\"https:\/\/www.versiegelung24.com\/hu\/mintabeton-kotoemites-extrem-viztaszito-nem-lelegzo.html\" \/>\n<meta property=\"og:site_name\" content=\"versiegelung24.com\" \/>\n<meta property=\"article:modified_time\" content=\"2025-01-03T23:11:04+00:00\" \/>\n<meta property=\"og:image\" content=\"https:\/\/www.versiegelung24.com\/wp-content\/uploads\/2020\/04\/versiegelung-muster.png\" \/>\n\t<meta property=\"og:image:width\" content=\"1000\" \/>\n\t<meta property=\"og:image:height\" content=\"1000\" \/>\n\t<meta property=\"og:image:type\" content=\"image\/png\" \/>\n<meta name=\"twitter:card\" content=\"summary_large_image\" \/>\n<meta name=\"twitter:label1\" content=\"El\u00e9rhet\u0151s\u00e9g\" \/>\n\t<meta name=\"twitter:data1\" content=\"Beszerz\u00e9s alatt\" \/>\n<script type=\"application\/ld+json\" class=\"yoast-schema-graph\">{\"@context\":\"https:\\\/\\\/schema.org\",\"@graph\":[{\"@type\":\"WebPage\",\"@id\":\"https:\\\/\\\/www.versiegelung24.com\\\/hu\\\/mintabeton-kotoemites-extrem-viztaszito-nem-lelegzo.html\",\"url\":\"https:\\\/\\\/www.versiegelung24.com\\\/hu\\\/mintabeton-kotoemites-extrem-viztaszito-nem-lelegzo.html\",\"name\":\"Minta: Pr\u00e9mium beton \u00e9s k\u0151 t\u00f6m\u00edt\u0151anyag sz\u00ednm\u00e9ly\u00edt\u00e9ssel - nem l\u00e9g\u00e1tereszt\u0151 - 3008-704 - versiegelung24.com\",\"isPartOf\":{\"@id\":\"https:\\\/\\\/www.versiegelung24.com\\\/hu\\\/#website\"},\"primaryImageOfPage\":{\"@id\":\"https:\\\/\\\/www.versiegelung24.com\\\/hu\\\/mintabeton-kotoemites-extrem-viztaszito-nem-lelegzo.html#primaryimage\"},\"image\":{\"@id\":\"https:\\\/\\\/www.versiegelung24.com\\\/hu\\\/mintabeton-kotoemites-extrem-viztaszito-nem-lelegzo.html#primaryimage\"},\"thumbnailUrl\":\"https:\\\/\\\/www.versiegelung24.com\\\/wp-content\\\/uploads\\\/2020\\\/04\\\/versiegelung-muster.png\",\"datePublished\":\"2020-04-29T18:41:14+00:00\",\"dateModified\":\"2025-01-03T23:11:04+00:00\",\"breadcrumb\":{\"@id\":\"https:\\\/\\\/www.versiegelung24.com\\\/hu\\\/mintabeton-kotoemites-extrem-viztaszito-nem-lelegzo.html#breadcrumb\"},\"inLanguage\":\"hu\",\"potentialAction\":[{\"@type\":\"ReadAction\",\"target\":[\"https:\\\/\\\/www.versiegelung24.com\\\/hu\\\/mintabeton-kotoemites-extrem-viztaszito-nem-lelegzo.html\"]}]},{\"@type\":\"ImageObject\",\"inLanguage\":\"hu\",\"@id\":\"https:\\\/\\\/www.versiegelung24.com\\\/hu\\\/mintabeton-kotoemites-extrem-viztaszito-nem-lelegzo.html#primaryimage\",\"url\":\"https:\\\/\\\/www.versiegelung24.com\\\/wp-content\\\/uploads\\\/2020\\\/04\\\/versiegelung-muster.png\",\"contentUrl\":\"https:\\\/\\\/www.versiegelung24.com\\\/wp-content\\\/uploads\\\/2020\\\/04\\\/versiegelung-muster.png\",\"width\":1000,\"height\":1000},{\"@type\":\"BreadcrumbList\",\"@id\":\"https:\\\/\\\/www.versiegelung24.com\\\/hu\\\/mintabeton-kotoemites-extrem-viztaszito-nem-lelegzo.html#breadcrumb\",\"itemListElement\":[{\"@type\":\"ListItem\",\"position\":1,\"name\":\"Honlap\",\"item\":\"https:\\\/\\\/www.versiegelung24.com\\\/hu\\\/elol\\\/\"},{\"@type\":\"ListItem\",\"position\":2,\"name\":\"\u00dczlet\",\"item\":\"https:\\\/\\\/www.versiegelung24.com\\\/hu\\\/uzlet\\\/\"},{\"@type\":\"ListItem\",\"position\":3,\"name\":\"Minta: Pr\u00e9mium beton \u00e9s k\u0151 t\u00f6m\u00edt\u0151anyag sz\u00ednm\u00e9ly\u00edt\u00e9ssel &#8211; nem l\u00e9g\u00e1tereszt\u0151 &#8211; 3008-704\"}]},{\"@type\":\"WebSite\",\"@id\":\"https:\\\/\\\/www.versiegelung24.com\\\/hu\\\/#website\",\"url\":\"https:\\\/\\\/www.versiegelung24.com\\\/hu\\\/\",\"name\":\"versiegelung24.com\",\"description\":\"Fl\u00fcssigglas-Versiegelung - Made in Germany\",\"publisher\":{\"@id\":\"https:\\\/\\\/www.versiegelung24.com\\\/hu\\\/#organization\"},\"potentialAction\":[{\"@type\":\"SearchAction\",\"target\":{\"@type\":\"EntryPoint\",\"urlTemplate\":\"https:\\\/\\\/www.versiegelung24.com\\\/hu\\\/?s={search_term_string}\"},\"query-input\":{\"@type\":\"PropertyValueSpecification\",\"valueRequired\":true,\"valueName\":\"search_term_string\"}}],\"inLanguage\":\"hu\"},{\"@type\":\"Organization\",\"@id\":\"https:\\\/\\\/www.versiegelung24.com\\\/hu\\\/#organization\",\"name\":\"versiegelung24\",\"url\":\"https:\\\/\\\/www.versiegelung24.com\\\/hu\\\/\",\"logo\":{\"@type\":\"ImageObject\",\"inLanguage\":\"hu\",\"@id\":\"https:\\\/\\\/www.versiegelung24.com\\\/hu\\\/#\\\/schema\\\/logo\\\/image\\\/\",\"url\":\"https:\\\/\\\/www.versiegelung24.com\\\/wp-content\\\/uploads\\\/2020\\\/04\\\/versiegelung24.png\",\"contentUrl\":\"https:\\\/\\\/www.versiegelung24.com\\\/wp-content\\\/uploads\\\/2020\\\/04\\\/versiegelung24.png\",\"width\":470,\"height\":102,\"caption\":\"versiegelung24\"},\"image\":{\"@id\":\"https:\\\/\\\/www.versiegelung24.com\\\/hu\\\/#\\\/schema\\\/logo\\\/image\\\/\"}}]}<\/script>\n<meta property=\"og:availability\" content=\"backorder\" \/>\n<meta property=\"product:availability\" content=\"available for order\" \/>\n<meta property=\"product:retailer_item_id\" content=\"3008-704-muster\" \/>\n<meta property=\"product:condition\" content=\"new\" \/>\n<!-- \/ Yoast SEO Premium plugin. -->","yoast_head_json":{"title":"Minta: Pr\u00e9mium beton \u00e9s k\u0151 t\u00f6m\u00edt\u0151anyag sz\u00ednm\u00e9ly\u00edt\u00e9ssel - nem l\u00e9g\u00e1tereszt\u0151 - 3008-704 - versiegelung24.com","robots":{"index":"index","follow":"follow","max-snippet":"max-snippet:-1","max-image-preview":"max-image-preview:large","max-video-preview":"max-video-preview:-1"},"canonical":"https:\/\/www.versiegelung24.com\/hu\/mintabeton-kotoemites-extrem-viztaszito-nem-lelegzo.html","og_locale":"hu_HU","og_type":"article","og_title":"Minta: Pr\u00e9mium beton \u00e9s k\u0151 t\u00f6m\u00edt\u0151anyag sz\u00ednm\u00e9ly\u00edt\u00e9ssel - nem l\u00e9g\u00e1tereszt\u0151 - 3008-704","og_description":"Rendk\u00edv\u00fcl v\u00edzleperget\u0151 \u00e1tl\u00e1tsz\u00f3 lakk belt\u00e9ri \u00e9s k\u00fclt\u00e9ri haszn\u00e1latra  \u2713 minden nedvsz\u00edv\u00f3 \u00e1sv\u00e1nyi k\u0151 \u00e9s beton fel\u00fcletre \u2713 K\u00f6nnyen tiszt\u00edthat\u00f3 hat\u00e1s: a szennyez\u0151d\u00e9s nem tapad, \u00e9s k\u00f6nnyen elt\u00e1vol\u00edthat\u00f3 \u2713 a kezelt fel\u00fcletek nem l\u00e9legeznek \u2713 Megakad\u00e1lyozza a moha, zuzm\u00f3, gomb\u00e1k \u00e9s m\u00e1s term\u00e9szetes hat\u00e1sok n\u00f6veked\u00e9s\u00e9t \u2713 Sz\u00ednm\u00e9ly\u00edt\u0151 hat\u00e1s f\u00e9nyes f\u00f3li\u00e1val \/ a fel\u00fclet kiemel\u00e9s\u00e9vel \u2713 Felhaszn\u00e1lhat\u00f3s\u00e1gi id\u0151: 5 \u00e9v+","og_url":"https:\/\/www.versiegelung24.com\/hu\/mintabeton-kotoemites-extrem-viztaszito-nem-lelegzo.html","og_site_name":"versiegelung24.com","article_modified_time":"2025-01-03T23:11:04+00:00","og_image":[{"width":1000,"height":1000,"url":"https:\/\/www.versiegelung24.com\/wp-content\/uploads\/2020\/04\/versiegelung-muster.png","type":"image\/png"}],"twitter_card":"summary_large_image","twitter_misc":{"El\u00e9rhet\u0151s\u00e9g":"Beszerz\u00e9s alatt"},"schema":{"@context":"https:\/\/schema.org","@graph":[{"@type":"WebPage","@id":"https:\/\/www.versiegelung24.com\/hu\/mintabeton-kotoemites-extrem-viztaszito-nem-lelegzo.html","url":"https:\/\/www.versiegelung24.com\/hu\/mintabeton-kotoemites-extrem-viztaszito-nem-lelegzo.html","name":"Minta: Pr\u00e9mium beton \u00e9s k\u0151 t\u00f6m\u00edt\u0151anyag sz\u00ednm\u00e9ly\u00edt\u00e9ssel - nem l\u00e9g\u00e1tereszt\u0151 - 3008-704 - versiegelung24.com","isPartOf":{"@id":"https:\/\/www.versiegelung24.com\/hu\/#website"},"primaryImageOfPage":{"@id":"https:\/\/www.versiegelung24.com\/hu\/mintabeton-kotoemites-extrem-viztaszito-nem-lelegzo.html#primaryimage"},"image":{"@id":"https:\/\/www.versiegelung24.com\/hu\/mintabeton-kotoemites-extrem-viztaszito-nem-lelegzo.html#primaryimage"},"thumbnailUrl":"https:\/\/www.versiegelung24.com\/wp-content\/uploads\/2020\/04\/versiegelung-muster.png","datePublished":"2020-04-29T18:41:14+00:00","dateModified":"2025-01-03T23:11:04+00:00","breadcrumb":{"@id":"https:\/\/www.versiegelung24.com\/hu\/mintabeton-kotoemites-extrem-viztaszito-nem-lelegzo.html#breadcrumb"},"inLanguage":"hu","potentialAction":[{"@type":"ReadAction","target":["https:\/\/www.versiegelung24.com\/hu\/mintabeton-kotoemites-extrem-viztaszito-nem-lelegzo.html"]}]},{"@type":"ImageObject","inLanguage":"hu","@id":"https:\/\/www.versiegelung24.com\/hu\/mintabeton-kotoemites-extrem-viztaszito-nem-lelegzo.html#primaryimage","url":"https:\/\/www.versiegelung24.com\/wp-content\/uploads\/2020\/04\/versiegelung-muster.png","contentUrl":"https:\/\/www.versiegelung24.com\/wp-content\/uploads\/2020\/04\/versiegelung-muster.png","width":1000,"height":1000},{"@type":"BreadcrumbList","@id":"https:\/\/www.versiegelung24.com\/hu\/mintabeton-kotoemites-extrem-viztaszito-nem-lelegzo.html#breadcrumb","itemListElement":[{"@type":"ListItem","position":1,"name":"Honlap","item":"https:\/\/www.versiegelung24.com\/hu\/elol\/"},{"@type":"ListItem","position":2,"name":"\u00dczlet","item":"https:\/\/www.versiegelung24.com\/hu\/uzlet\/"},{"@type":"ListItem","position":3,"name":"Minta: Pr\u00e9mium beton \u00e9s k\u0151 t\u00f6m\u00edt\u0151anyag sz\u00ednm\u00e9ly\u00edt\u00e9ssel &#8211; nem l\u00e9g\u00e1tereszt\u0151 &#8211; 3008-704"}]},{"@type":"WebSite","@id":"https:\/\/www.versiegelung24.com\/hu\/#website","url":"https:\/\/www.versiegelung24.com\/hu\/","name":"versiegelung24.com","description":"Fl\u00fcssigglas-Versiegelung - Made in Germany","publisher":{"@id":"https:\/\/www.versiegelung24.com\/hu\/#organization"},"potentialAction":[{"@type":"SearchAction","target":{"@type":"EntryPoint","urlTemplate":"https:\/\/www.versiegelung24.com\/hu\/?s={search_term_string}"},"query-input":{"@type":"PropertyValueSpecification","valueRequired":true,"valueName":"search_term_string"}}],"inLanguage":"hu"},{"@type":"Organization","@id":"https:\/\/www.versiegelung24.com\/hu\/#organization","name":"versiegelung24","url":"https:\/\/www.versiegelung24.com\/hu\/","logo":{"@type":"ImageObject","inLanguage":"hu","@id":"https:\/\/www.versiegelung24.com\/hu\/#\/schema\/logo\/image\/","url":"https:\/\/www.versiegelung24.com\/wp-content\/uploads\/2020\/04\/versiegelung24.png","contentUrl":"https:\/\/www.versiegelung24.com\/wp-content\/uploads\/2020\/04\/versiegelung24.png","width":470,"height":102,"caption":"versiegelung24"},"image":{"@id":"https:\/\/www.versiegelung24.com\/hu\/#\/schema\/logo\/image\/"}}]},"og_availability":"backorder","product_availability":"available for order","product_retailer_item_id":"3008-704-muster","product_condition":"new"},"_links":{"self":[{"href":"https:\/\/www.versiegelung24.com\/hu\/wp-json\/wp\/v2\/product\/24061","targetHints":{"allow":["GET"]}}],"collection":[{"href":"https:\/\/www.versiegelung24.com\/hu\/wp-json\/wp\/v2\/product"}],"about":[{"href":"https:\/\/www.versiegelung24.com\/hu\/wp-json\/wp\/v2\/types\/product"}],"version-history":[{"count":2,"href":"https:\/\/www.versiegelung24.com\/hu\/wp-json\/wp\/v2\/product\/24061\/revisions"}],"predecessor-version":[{"id":140727,"href":"https:\/\/www.versiegelung24.com\/hu\/wp-json\/wp\/v2\/product\/24061\/revisions\/140727"}],"wp:featuredmedia":[{"embeddable":true,"href":"https:\/\/www.versiegelung24.com\/hu\/wp-json\/wp\/v2\/media\/14611"}],"wp:attachment":[{"href":"https:\/\/www.versiegelung24.com\/hu\/wp-json\/wp\/v2\/media?parent=24061"}],"wp:term":[{"taxonomy":"product_brand","embeddable":true,"href":"https:\/\/www.versiegelung24.com\/hu\/wp-json\/wp\/v2\/product_brand?post=24061"},{"taxonomy":"product_cat","embeddable":true,"href":"https:\/\/www.versiegelung24.com\/hu\/wp-json\/wp\/v2\/product_cat?post=24061"},{"taxonomy":"product_tag","embeddable":true,"href":"https:\/\/www.versiegelung24.com\/hu\/wp-json\/wp\/v2\/product_tag?post=24061"}],"curies":[{"name":"wp","href":"https:\/\/api.w.org\/{rel}","templated":true}]}}